{"id":1576,"date":"2025-10-18T16:21:57","date_gmt":"2025-10-18T16:21:57","guid":{"rendered":"https:\/\/panwinjet.com\/?post_type=product&#038;p=1576"},"modified":"2025-10-18T16:21:58","modified_gmt":"2025-10-18T16:21:58","slug":"90kpsi-high-pressure-waterjet-cutting-machine-for-90k-gland-nut-sealing-head-slpro-iii","status":"publish","type":"product","link":"https:\/\/panwinjet.com\/pt\/produto\/90kpsi-high-pressure-waterjet-cutting-machine-for-90k-gland-nut-sealing-head-slpro-iii\/","title":{"rendered":"M\u00e1quina de corte a jato de \u00e1gua de alta press\u00e3o de 90Kpsi para porca de veda\u00e7\u00e3o 90K, cabe\u00e7ote de veda\u00e7\u00e3o, SLPRO III"},"content":{"rendered":"<p><strong><b>Par\u00e2metro (Especifica\u00e7\u00e3o) de <\/b><\/strong><strong><b>M\u00e1quina de corte a jato de \u00e1gua de alta press\u00e3o de 90Kpsi para porca de veda\u00e7\u00e3o 90K, cabe\u00e7ote de veda\u00e7\u00e3o, SLPRO III<\/b><\/strong><\/p>\n<p>Nossa m\u00e1quina de corte a jato de \u00e1gua de alta press\u00e3o Panwin 90Kpsi para porca de veda\u00e7\u00e3o 90K, cabe\u00e7ote de veda\u00e7\u00e3o, SLPRO III \u00e9 compat\u00edvel com o conjunto de cabe\u00e7ote de veda\u00e7\u00e3o, StreamLine Pro III 90K Flat Inlet - KMT No.7219002179.<\/p>\n<p>\u00c9 utilizado principalmente com Parafuso de Reten\u00e7\u00e3o, Retentor da V\u00e1lvula de Entrada, Conjunto de Arruelas, Retentor da V\u00e1lvula de Entrada, Corpo, Cabe\u00e7ote de Veda\u00e7\u00e3o SLPRO 90K, V\u00e1lvula de Sa\u00edda Plana, Cabe\u00e7ote de Veda\u00e7\u00e3o, Guia de Mola, V\u00e1lvula de Sa\u00edda Plana, Cabe\u00e7ote de Veda\u00e7\u00e3o, etc.<\/p>","protected":false},"excerpt":{"rendered":"<p><strong><b>M\u00e1quina de corte a jato de \u00e1gua de alta press\u00e3o de 90Kpsi para porca de veda\u00e7\u00e3o 90K, cabe\u00e7ote de veda\u00e7\u00e3o, SLPRO III<\/b><\/strong><\/p>\n<p><strong><b>Introdu\u00e7\u00e3o de <\/b><\/strong><strong><b>M\u00e1quina de corte a jato de \u00e1gua de alta press\u00e3o de 90Kpsi para porca de veda\u00e7\u00e3o 90K, cabe\u00e7ote de veda\u00e7\u00e3o, SLPRO III<\/b><\/strong><\/p>\n<p><strong><b>Esse \u00a0<\/b><\/strong><strong><b>M\u00e1quina de corte a jato de \u00e1gua de alta press\u00e3o de 90Kpsi para porca de veda\u00e7\u00e3o 90K, cabe\u00e7ote de veda\u00e7\u00e3o, SLPRO III<\/b><\/strong><strong><b>\u00a0\u00c9 utilizado para o KMT StreamLine Pro III, n\u00famero de pe\u00e7a KMT 72180624.<\/b><\/strong><\/p>","protected":false},"featured_media":1579,"template":"","meta":[],"product_brand":[],"product_cat":[22],"product_tag":[35],"class_list":{"0":"post-1576","1":"product","2":"type-product","3":"status-publish","4":"has-post-thumbnail","6":"product_cat-waterjet-cutting-machine-parts","7":"product_tag-waterjet-cutting-machine-parts-90k-kmt","9":"first","10":"instock","11":"shipping-taxable","12":"product-type-simple"},"yoast_head":"<!-- This site is optimized with the Yoast SEO plugin v24.9 - https:\/\/yoast.com\/wordpress\/plugins\/seo\/ -->\n<title>90Kpsi high pressure waterjet cutting machine for 90K GLAND NUT, SEALING HEAD, SLPRO III - Panwin Machinery&amp;Equipment<\/title>\n<meta name=\"robots\" content=\"index, follow, max-snippet:-1, max-image-preview:large, max-video-preview:-1\" \/>\n<link rel=\"canonical\" href=\"https:\/\/panwinjet.com\/pt\/produto\/90kpsi-high-pressure-waterjet-cutting-machine-for-90k-gland-nut-sealing-head-slpro-iii\/\" \/>\n<meta property=\"og:locale\" content=\"pt_PT\" \/>\n<meta property=\"og:type\" content=\"article\" \/>\n<meta property=\"og:title\" content=\"90Kpsi high pressure waterjet cutting machine for 90K GLAND NUT, SEALING HEAD, SLPRO III - Panwin Machinery&amp;Equipment\" \/>\n<meta property=\"og:description\" content=\"90Kpsi high pressure waterjet cutting machine for 90K GLAND NUT, SEALING HEAD, SLPRO III  Introduction of 90Kpsi high pressure waterjet cutting machine for 90K GLAND NUT, SEALING HEAD, SLPRO III  This \u00a090Kpsi high pressure waterjet cutting machine for 90K GLAND NUT, SEALING HEAD, SLPRO III\u00a0is used for KMT StreamLine Pro III,KMT parts No is 72180624.\" \/>\n<meta property=\"og:url\" content=\"https:\/\/panwinjet.com\/pt\/produto\/90kpsi-high-pressure-waterjet-cutting-machine-for-90k-gland-nut-sealing-head-slpro-iii\/\" \/>\n<meta property=\"og:site_name\" content=\"Panwin Machinery&amp;Equipment\" \/>\n<meta property=\"article:modified_time\" content=\"2025-10-18T16:21:58+00:00\" \/>\n<meta property=\"og:image\" content=\"https:\/\/panwinjet.com\/wp-content\/uploads\/2025\/10\/KMT-\u5355\u5411\u9600-4-scaled.jpg\" \/>\n\t<meta property=\"og:image:width\" content=\"1920\" \/>\n\t<meta property=\"og:image:height\" content=\"2560\" \/>\n\t<meta property=\"og:image:type\" content=\"image\/jpeg\" \/>\n<meta name=\"twitter:card\" content=\"summary_large_image\" \/>\n<meta name=\"twitter:label1\" content=\"Tempo estimado de leitura\" \/>\n\t<meta name=\"twitter:data1\" content=\"1 minuto\" \/>\n<script type=\"application\/ld+json\" class=\"yoast-schema-graph\">{\"@context\":\"https:\/\/schema.org\",\"@graph\":[{\"@type\":\"WebPage\",\"@id\":\"https:\/\/panwinjet.com\/product\/90kpsi-high-pressure-waterjet-cutting-machine-for-90k-gland-nut-sealing-head-slpro-iii\/\",\"url\":\"https:\/\/panwinjet.com\/product\/90kpsi-high-pressure-waterjet-cutting-machine-for-90k-gland-nut-sealing-head-slpro-iii\/\",\"name\":\"90Kpsi high pressure waterjet cutting machine for 90K GLAND NUT, SEALING HEAD, SLPRO III - Panwin Machinery&amp;Equipment\",\"isPartOf\":{\"@id\":\"https:\/\/panwinjet.com\/#website\"},\"primaryImageOfPage\":{\"@id\":\"https:\/\/panwinjet.com\/product\/90kpsi-high-pressure-waterjet-cutting-machine-for-90k-gland-nut-sealing-head-slpro-iii\/#primaryimage\"},\"image\":{\"@id\":\"https:\/\/panwinjet.com\/product\/90kpsi-high-pressure-waterjet-cutting-machine-for-90k-gland-nut-sealing-head-slpro-iii\/#primaryimage\"},\"thumbnailUrl\":\"https:\/\/panwinjet.com\/wp-content\/uploads\/2025\/10\/KMT-\u5355\u5411\u9600-4-scaled.jpg\",\"datePublished\":\"2025-10-18T16:21:57+00:00\",\"dateModified\":\"2025-10-18T16:21:58+00:00\",\"breadcrumb\":{\"@id\":\"https:\/\/panwinjet.com\/product\/90kpsi-high-pressure-waterjet-cutting-machine-for-90k-gland-nut-sealing-head-slpro-iii\/#breadcrumb\"},\"inLanguage\":\"pt-PT\",\"potentialAction\":[{\"@type\":\"ReadAction\",\"target\":[\"https:\/\/panwinjet.com\/product\/90kpsi-high-pressure-waterjet-cutting-machine-for-90k-gland-nut-sealing-head-slpro-iii\/\"]}]},{\"@type\":\"ImageObject\",\"inLanguage\":\"pt-PT\",\"@id\":\"https:\/\/panwinjet.com\/product\/90kpsi-high-pressure-waterjet-cutting-machine-for-90k-gland-nut-sealing-head-slpro-iii\/#primaryimage\",\"url\":\"https:\/\/panwinjet.com\/wp-content\/uploads\/2025\/10\/KMT-\u5355\u5411\u9600-4-scaled.jpg\",\"contentUrl\":\"https:\/\/panwinjet.com\/wp-content\/uploads\/2025\/10\/KMT-\u5355\u5411\u9600-4-scaled.jpg\",\"width\":1920,\"height\":2560},{\"@type\":\"BreadcrumbList\",\"@id\":\"https:\/\/panwinjet.com\/product\/90kpsi-high-pressure-waterjet-cutting-machine-for-90k-gland-nut-sealing-head-slpro-iii\/#breadcrumb\",\"itemListElement\":[{\"@type\":\"ListItem\",\"position\":1,\"name\":\"\u9996\u9875\",\"item\":\"https:\/\/panwinjet.com\/\"},{\"@type\":\"ListItem\",\"position\":2,\"name\":\"PRODUCT\",\"item\":\"https:\/\/panwinjet.com\/product\/\"},{\"@type\":\"ListItem\",\"position\":3,\"name\":\"90Kpsi high pressure waterjet cutting machine for 90K GLAND NUT, SEALING HEAD, SLPRO III\"}]},{\"@type\":\"WebSite\",\"@id\":\"https:\/\/panwinjet.com\/#website\",\"url\":\"https:\/\/panwinjet.com\/\",\"name\":\"Panwin Machinery&amp;Equipment\",\"description\":\"Shenzhen Panwin Machinery&amp;Equipment Co.Ltd\",\"potentialAction\":[{\"@type\":\"SearchAction\",\"target\":{\"@type\":\"EntryPoint\",\"urlTemplate\":\"https:\/\/panwinjet.com\/?s={search_term_string}\"},\"query-input\":{\"@type\":\"PropertyValueSpecification\",\"valueRequired\":true,\"valueName\":\"search_term_string\"}}],\"inLanguage\":\"pt-PT\"}]}<\/script>\n<!-- \/ Yoast SEO plugin. -->","yoast_head_json":{"title":"90Kpsi high pressure waterjet cutting machine for 90K GLAND NUT, SEALING HEAD, SLPRO III - Panwin Machinery&amp;Equipment","robots":{"index":"index","follow":"follow","max-snippet":"max-snippet:-1","max-image-preview":"max-image-preview:large","max-video-preview":"max-video-preview:-1"},"canonical":"https:\/\/panwinjet.com\/pt\/produto\/90kpsi-high-pressure-waterjet-cutting-machine-for-90k-gland-nut-sealing-head-slpro-iii\/","og_locale":"pt_PT","og_type":"article","og_title":"90Kpsi high pressure waterjet cutting machine for 90K GLAND NUT, SEALING HEAD, SLPRO III - Panwin Machinery&amp;Equipment","og_description":"90Kpsi high pressure waterjet cutting machine for 90K GLAND NUT, SEALING HEAD, SLPRO III  Introduction of 90Kpsi high pressure waterjet cutting machine for 90K GLAND NUT, SEALING HEAD, SLPRO III  This \u00a090Kpsi high pressure waterjet cutting machine for 90K GLAND NUT, SEALING HEAD, SLPRO III\u00a0is used for KMT StreamLine Pro III,KMT parts No is 72180624.","og_url":"https:\/\/panwinjet.com\/pt\/produto\/90kpsi-high-pressure-waterjet-cutting-machine-for-90k-gland-nut-sealing-head-slpro-iii\/","og_site_name":"Panwin Machinery&amp;Equipment","article_modified_time":"2025-10-18T16:21:58+00:00","og_image":[{"width":1920,"height":2560,"url":"https:\/\/panwinjet.com\/wp-content\/uploads\/2025\/10\/KMT-\u5355\u5411\u9600-4-scaled.jpg","type":"image\/jpeg"}],"twitter_card":"summary_large_image","twitter_misc":{"Tempo estimado de leitura":"1 minuto"},"schema":{"@context":"https:\/\/schema.org","@graph":[{"@type":"WebPage","@id":"https:\/\/panwinjet.com\/product\/90kpsi-high-pressure-waterjet-cutting-machine-for-90k-gland-nut-sealing-head-slpro-iii\/","url":"https:\/\/panwinjet.com\/product\/90kpsi-high-pressure-waterjet-cutting-machine-for-90k-gland-nut-sealing-head-slpro-iii\/","name":"90Kpsi high pressure waterjet cutting machine for 90K GLAND NUT, SEALING HEAD, SLPRO III - Panwin Machinery&amp;Equipment","isPartOf":{"@id":"https:\/\/panwinjet.com\/#website"},"primaryImageOfPage":{"@id":"https:\/\/panwinjet.com\/product\/90kpsi-high-pressure-waterjet-cutting-machine-for-90k-gland-nut-sealing-head-slpro-iii\/#primaryimage"},"image":{"@id":"https:\/\/panwinjet.com\/product\/90kpsi-high-pressure-waterjet-cutting-machine-for-90k-gland-nut-sealing-head-slpro-iii\/#primaryimage"},"thumbnailUrl":"https:\/\/panwinjet.com\/wp-content\/uploads\/2025\/10\/KMT-\u5355\u5411\u9600-4-scaled.jpg","datePublished":"2025-10-18T16:21:57+00:00","dateModified":"2025-10-18T16:21:58+00:00","breadcrumb":{"@id":"https:\/\/panwinjet.com\/product\/90kpsi-high-pressure-waterjet-cutting-machine-for-90k-gland-nut-sealing-head-slpro-iii\/#breadcrumb"},"inLanguage":"pt-PT","potentialAction":[{"@type":"ReadAction","target":["https:\/\/panwinjet.com\/product\/90kpsi-high-pressure-waterjet-cutting-machine-for-90k-gland-nut-sealing-head-slpro-iii\/"]}]},{"@type":"ImageObject","inLanguage":"pt-PT","@id":"https:\/\/panwinjet.com\/product\/90kpsi-high-pressure-waterjet-cutting-machine-for-90k-gland-nut-sealing-head-slpro-iii\/#primaryimage","url":"https:\/\/panwinjet.com\/wp-content\/uploads\/2025\/10\/KMT-\u5355\u5411\u9600-4-scaled.jpg","contentUrl":"https:\/\/panwinjet.com\/wp-content\/uploads\/2025\/10\/KMT-\u5355\u5411\u9600-4-scaled.jpg","width":1920,"height":2560},{"@type":"BreadcrumbList","@id":"https:\/\/panwinjet.com\/product\/90kpsi-high-pressure-waterjet-cutting-machine-for-90k-gland-nut-sealing-head-slpro-iii\/#breadcrumb","itemListElement":[{"@type":"ListItem","position":1,"name":"\u9996\u9875","item":"https:\/\/panwinjet.com\/"},{"@type":"ListItem","position":2,"name":"PRODUCT","item":"https:\/\/panwinjet.com\/product\/"},{"@type":"ListItem","position":3,"name":"90Kpsi high pressure waterjet cutting machine for 90K GLAND NUT, SEALING HEAD, SLPRO III"}]},{"@type":"WebSite","@id":"https:\/\/panwinjet.com\/#website","url":"https:\/\/panwinjet.com\/","name":"Panwin Machinery&amp;Equipment","description":"Shenzhen Panwin Machinery&amp;Equipment Co.Ltd","potentialAction":[{"@type":"SearchAction","target":{"@type":"EntryPoint","urlTemplate":"https:\/\/panwinjet.com\/?s={search_term_string}"},"query-input":{"@type":"PropertyValueSpecification","valueRequired":true,"valueName":"search_term_string"}}],"inLanguage":"pt-PT"}]}},"_links":{"self":[{"href":"https:\/\/panwinjet.com\/pt\/wp-json\/wp\/v2\/product\/1576","targetHints":{"allow":["GET"]}}],"collection":[{"href":"https:\/\/panwinjet.com\/pt\/wp-json\/wp\/v2\/product"}],"about":[{"href":"https:\/\/panwinjet.com\/pt\/wp-json\/wp\/v2\/types\/product"}],"wp:featuredmedia":[{"embeddable":true,"href":"https:\/\/panwinjet.com\/pt\/wp-json\/wp\/v2\/media\/1579"}],"wp:attachment":[{"href":"https:\/\/panwinjet.com\/pt\/wp-json\/wp\/v2\/media?parent=1576"}],"wp:term":[{"taxonomy":"product_brand","embeddable":true,"href":"https:\/\/panwinjet.com\/pt\/wp-json\/wp\/v2\/product_brand?post=1576"},{"taxonomy":"product_cat","embeddable":true,"href":"https:\/\/panwinjet.com\/pt\/wp-json\/wp\/v2\/product_cat?post=1576"},{"taxonomy":"product_tag","embeddable":true,"href":"https:\/\/panwinjet.com\/pt\/wp-json\/wp\/v2\/product_tag?post=1576"}],"curies":[{"name":"wp","href":"https:\/\/api.w.org\/{rel}","templated":true}]}}