{"id":1567,"date":"2025-10-18T16:05:04","date_gmt":"2025-10-18T16:05:04","guid":{"rendered":"https:\/\/panwinjet.com\/?post_type=product&#038;p=1567"},"modified":"2025-10-18T16:13:23","modified_gmt":"2025-10-18T16:13:23","slug":"60k-5-axis-metal-waterjet-cutting-machine-for-flow-hp-prime-direct-drive-pump-assembly","status":"publish","type":"product","link":"https:\/\/panwinjet.com\/pt\/produto\/60k-5-axis-metal-waterjet-cutting-machine-for-flow-hp-prime-direct-drive-pump-assembly\/","title":{"rendered":"M\u00e1quina de corte a jato de \u00e1gua de metal de 5 eixos e 60k para montagem de bomba de acionamento direto Flow HP Prime"},"content":{"rendered":"<p><strong><b>Par\u00e2metro (Especifica\u00e7\u00e3o) de <\/b><\/strong><strong><b>M\u00e1quina de corte a jato de \u00e1gua de metal de 5 eixos e 60k para montagem de bomba de acionamento direto Flow HP Prime<\/b><\/strong><\/p>\n<p>A m\u00e1quina de corte a jato de \u00e1gua para metal de 5 eixos e 60k para a bomba de acionamento direto Flow HP Prime possui uma press\u00e3o m\u00e1xima desenvolvida de 60.000 psi e se conecta \u00e0 nossa v\u00e1lvula de controle, reduzindo os custos de manuten\u00e7\u00e3o e permitindo a varia\u00e7\u00e3o da press\u00e3o de corte.<\/p>\n<p>E os par\u00e2metros da bomba de acionamento direto HP Prime s\u00e3o os seguintes:<\/p>\n<p><img decoding=\"async\" class=\"alignleft size-medium wp-image-1568 lazyload\" data-src=\"https:\/\/panwinjet.com\/wp-content\/uploads\/2025\/10\/Flow-Direct-Drive-Pump-Specification-500x59.png\" alt=\"\" width=\"500\" height=\"59\" data-srcset=\"https:\/\/panwinjet.com\/wp-content\/uploads\/2025\/10\/Flow-Direct-Drive-Pump-Specification-500x59.png 500w, https:\/\/panwinjet.com\/wp-content\/uploads\/2025\/10\/Flow-Direct-Drive-Pump-Specification-300x36.png 300w, https:\/\/panwinjet.com\/wp-content\/uploads\/2025\/10\/Flow-Direct-Drive-Pump-Specification-768x91.png 768w, https:\/\/panwinjet.com\/wp-content\/uploads\/2025\/10\/Flow-Direct-Drive-Pump-Specification-150x18.png 150w, https:\/\/panwinjet.com\/wp-content\/uploads\/2025\/10\/Flow-Direct-Drive-Pump-Specification-480x57.png 480w, https:\/\/panwinjet.com\/wp-content\/uploads\/2025\/10\/Flow-Direct-Drive-Pump-Specification-800x95.png 800w, https:\/\/panwinjet.com\/wp-content\/uploads\/2025\/10\/Flow-Direct-Drive-Pump-Specification.png 1052w\" data-sizes=\"(max-width:767px) 480px, 500px\" src=\"data:image\/svg+xml;base64,PHN2ZyB3aWR0aD0iMSIgaGVpZ2h0PSIxIiB4bWxucz0iaHR0cDovL3d3dy53My5vcmcvMjAwMC9zdmciPjwvc3ZnPg==\" style=\"--smush-placeholder-width: 500px; --smush-placeholder-aspect-ratio: 500\/59;\" \/><\/p>\n<p>&nbsp;<\/p>\n<p>&nbsp;<\/p>\n<p><strong><b>Caracter\u00edsticas e aplica\u00e7\u00f5es de <\/b><\/strong><strong><b>M\u00e1quina de corte a jato de \u00e1gua de metal de 5 eixos e 60k para montagem de bomba de acionamento direto Flow HP Prime<\/b><\/strong><\/p>\n<p>Nossa m\u00e1quina de corte a jato de \u00e1gua de 5 eixos para metal, com capacidade de 60k, para montagem da bomba de acionamento direto Flow HP Prime, possui diversas vantagens:<\/p>\n<p>A: Alta Efici\u00eancia: Desempenho de corte m\u00e1ximo com baixo consumo de energia<\/p>\n<p>B: Funcionamento silencioso, por\u00e9m com alta pot\u00eancia de sa\u00edda.<\/p>\n<p>C: F\u00e1cil manuten\u00e7\u00e3o e assist\u00eancia t\u00e9cnica descomplicada.<\/p>\n<p>D: Controle suave do motor de partida<\/p>\n<p>E: controle de press\u00e3o vari\u00e1vel<\/p>\n<p>Aplica\u00e7\u00e3o: M\u00e1quina de corte a jato de \u00e1gua de 5 eixos e 60k para metal, para montagem de bomba de acionamento direto Flow HP Prime, corte de vidro, pedra, material comp\u00f3sito, espuma met\u00e1lica, etc.<\/p>","protected":false},"excerpt":{"rendered":"<p><strong><b>Introdu\u00e7\u00e3o de <\/b><\/strong><strong><b>M\u00e1quina de corte a jato de \u00e1gua para metal de 5 eixos e 60k para Flow HP Prime com acionamento direto<\/b><\/strong><strong><b>\u00a0completo<\/b><\/strong><strong><b>\u00a0Conjunto da bomba<\/b><\/strong><\/p>\n<p>Esta m\u00e1quina de corte a jato de \u00e1gua para metal de 5 eixos e 60k para bomba Flow HP Prime de acionamento direto completa foi projetada para aumentar os intervalos de manuten\u00e7\u00e3o em compara\u00e7\u00e3o com as concorrentes do setor, minimizar o tempo de inatividade e aumentar a produtividade. Esta m\u00e1quina de corte a jato de \u00e1gua para metal de 5 eixos e 60k para bomba Flow HP Prime de acionamento direto completa \u00e9 uma bomba de grande vantagem, com superestabilidade e alto desempenho.<\/p>","protected":false},"featured_media":1569,"template":"","meta":[],"product_brand":[],"product_cat":[22],"product_tag":[],"class_list":{"0":"post-1567","1":"product","2":"type-product","3":"status-publish","4":"has-post-thumbnail","6":"product_cat-waterjet-cutting-machine-parts","8":"first","9":"instock","10":"shipping-taxable","11":"product-type-simple"},"yoast_head":"<!-- This site is optimized with the Yoast SEO plugin v24.9 - https:\/\/yoast.com\/wordpress\/plugins\/seo\/ -->\n<title>60k 5 Axis metal waterjet cutting machine for Flow HP prime direct drive pump Assembly - Panwin Machinery&amp;Equipment<\/title>\n<meta name=\"robots\" content=\"index, follow, max-snippet:-1, max-image-preview:large, max-video-preview:-1\" \/>\n<link rel=\"canonical\" href=\"https:\/\/panwinjet.com\/pt\/produto\/60k-5-axis-metal-waterjet-cutting-machine-for-flow-hp-prime-direct-drive-pump-assembly\/\" \/>\n<meta property=\"og:locale\" content=\"pt_PT\" \/>\n<meta property=\"og:type\" content=\"article\" \/>\n<meta property=\"og:title\" content=\"60k 5 Axis metal waterjet cutting machine for Flow HP prime direct drive pump Assembly - Panwin Machinery&amp;Equipment\" \/>\n<meta property=\"og:description\" content=\"Introduction of 60k 5 Axis metal waterjet cutting machine for Flow HP prime direct drive\u00a0complete\u00a0pump Assembly  This 60k 5 Axis metal waterjet cutting machine for Flow HP prime direct drive\u00a0complete\u00a0pump Assembly\u00a0is designed to increases the maintenance intervals compared with industry Peer, and minimize the downtime, and increasing productivity, this 60k 5 Axis metal waterjet cutting machine for Flow HP prime direct drive\u00a0complete\u00a0pump is great advantage pump with super stable and high-performance.\" \/>\n<meta property=\"og:url\" content=\"https:\/\/panwinjet.com\/pt\/produto\/60k-5-axis-metal-waterjet-cutting-machine-for-flow-hp-prime-direct-drive-pump-assembly\/\" \/>\n<meta property=\"og:site_name\" content=\"Panwin Machinery&amp;Equipment\" \/>\n<meta property=\"article:modified_time\" content=\"2025-10-18T16:13:23+00:00\" \/>\n<meta property=\"og:image\" content=\"https:\/\/panwinjet.com\/wp-content\/uploads\/2025\/10\/\u4e3b\u56fe-scaled.jpg\" \/>\n\t<meta property=\"og:image:width\" content=\"2560\" \/>\n\t<meta property=\"og:image:height\" content=\"1920\" \/>\n\t<meta property=\"og:image:type\" content=\"image\/jpeg\" \/>\n<meta name=\"twitter:card\" content=\"summary_large_image\" \/>\n<meta name=\"twitter:label1\" content=\"Tempo estimado de leitura\" \/>\n\t<meta name=\"twitter:data1\" content=\"2 minutos\" \/>\n<script type=\"application\/ld+json\" class=\"yoast-schema-graph\">{\"@context\":\"https:\/\/schema.org\",\"@graph\":[{\"@type\":\"WebPage\",\"@id\":\"https:\/\/panwinjet.com\/product\/60k-5-axis-metal-waterjet-cutting-machine-for-flow-hp-prime-direct-drive-pump-assembly\/\",\"url\":\"https:\/\/panwinjet.com\/product\/60k-5-axis-metal-waterjet-cutting-machine-for-flow-hp-prime-direct-drive-pump-assembly\/\",\"name\":\"60k 5 Axis metal waterjet cutting machine for Flow HP prime direct drive pump Assembly - Panwin Machinery&amp;Equipment\",\"isPartOf\":{\"@id\":\"https:\/\/panwinjet.com\/#website\"},\"primaryImageOfPage\":{\"@id\":\"https:\/\/panwinjet.com\/product\/60k-5-axis-metal-waterjet-cutting-machine-for-flow-hp-prime-direct-drive-pump-assembly\/#primaryimage\"},\"image\":{\"@id\":\"https:\/\/panwinjet.com\/product\/60k-5-axis-metal-waterjet-cutting-machine-for-flow-hp-prime-direct-drive-pump-assembly\/#primaryimage\"},\"thumbnailUrl\":\"https:\/\/panwinjet.com\/wp-content\/uploads\/2025\/10\/\u4e3b\u56fe-scaled.jpg\",\"datePublished\":\"2025-10-18T16:05:04+00:00\",\"dateModified\":\"2025-10-18T16:13:23+00:00\",\"breadcrumb\":{\"@id\":\"https:\/\/panwinjet.com\/product\/60k-5-axis-metal-waterjet-cutting-machine-for-flow-hp-prime-direct-drive-pump-assembly\/#breadcrumb\"},\"inLanguage\":\"pt-PT\",\"potentialAction\":[{\"@type\":\"ReadAction\",\"target\":[\"https:\/\/panwinjet.com\/product\/60k-5-axis-metal-waterjet-cutting-machine-for-flow-hp-prime-direct-drive-pump-assembly\/\"]}]},{\"@type\":\"ImageObject\",\"inLanguage\":\"pt-PT\",\"@id\":\"https:\/\/panwinjet.com\/product\/60k-5-axis-metal-waterjet-cutting-machine-for-flow-hp-prime-direct-drive-pump-assembly\/#primaryimage\",\"url\":\"https:\/\/panwinjet.com\/wp-content\/uploads\/2025\/10\/\u4e3b\u56fe-scaled.jpg\",\"contentUrl\":\"https:\/\/panwinjet.com\/wp-content\/uploads\/2025\/10\/\u4e3b\u56fe-scaled.jpg\",\"width\":2560,\"height\":1920},{\"@type\":\"BreadcrumbList\",\"@id\":\"https:\/\/panwinjet.com\/product\/60k-5-axis-metal-waterjet-cutting-machine-for-flow-hp-prime-direct-drive-pump-assembly\/#breadcrumb\",\"itemListElement\":[{\"@type\":\"ListItem\",\"position\":1,\"name\":\"\u9996\u9875\",\"item\":\"https:\/\/panwinjet.com\/\"},{\"@type\":\"ListItem\",\"position\":2,\"name\":\"PRODUCT\",\"item\":\"https:\/\/panwinjet.com\/product\/\"},{\"@type\":\"ListItem\",\"position\":3,\"name\":\"60k 5 Axis metal waterjet cutting machine for Flow HP prime direct drive pump Assembly\"}]},{\"@type\":\"WebSite\",\"@id\":\"https:\/\/panwinjet.com\/#website\",\"url\":\"https:\/\/panwinjet.com\/\",\"name\":\"Panwin Machinery&amp;Equipment\",\"description\":\"Shenzhen Panwin Machinery&amp;Equipment Co.Ltd\",\"potentialAction\":[{\"@type\":\"SearchAction\",\"target\":{\"@type\":\"EntryPoint\",\"urlTemplate\":\"https:\/\/panwinjet.com\/?s={search_term_string}\"},\"query-input\":{\"@type\":\"PropertyValueSpecification\",\"valueRequired\":true,\"valueName\":\"search_term_string\"}}],\"inLanguage\":\"pt-PT\"}]}<\/script>\n<!-- \/ Yoast SEO plugin. -->","yoast_head_json":{"title":"60k 5 Axis metal waterjet cutting machine for Flow HP prime direct drive pump Assembly - Panwin Machinery&amp;Equipment","robots":{"index":"index","follow":"follow","max-snippet":"max-snippet:-1","max-image-preview":"max-image-preview:large","max-video-preview":"max-video-preview:-1"},"canonical":"https:\/\/panwinjet.com\/pt\/produto\/60k-5-axis-metal-waterjet-cutting-machine-for-flow-hp-prime-direct-drive-pump-assembly\/","og_locale":"pt_PT","og_type":"article","og_title":"60k 5 Axis metal waterjet cutting machine for Flow HP prime direct drive pump Assembly - Panwin Machinery&amp;Equipment","og_description":"Introduction of 60k 5 Axis metal waterjet cutting machine for Flow HP prime direct drive\u00a0complete\u00a0pump Assembly  This 60k 5 Axis metal waterjet cutting machine for Flow HP prime direct drive\u00a0complete\u00a0pump Assembly\u00a0is designed to increases the maintenance intervals compared with industry Peer, and minimize the downtime, and increasing productivity, this 60k 5 Axis metal waterjet cutting machine for Flow HP prime direct drive\u00a0complete\u00a0pump is great advantage pump with super stable and high-performance.","og_url":"https:\/\/panwinjet.com\/pt\/produto\/60k-5-axis-metal-waterjet-cutting-machine-for-flow-hp-prime-direct-drive-pump-assembly\/","og_site_name":"Panwin Machinery&amp;Equipment","article_modified_time":"2025-10-18T16:13:23+00:00","og_image":[{"width":2560,"height":1920,"url":"https:\/\/panwinjet.com\/wp-content\/uploads\/2025\/10\/\u4e3b\u56fe-scaled.jpg","type":"image\/jpeg"}],"twitter_card":"summary_large_image","twitter_misc":{"Tempo estimado de leitura":"2 minutos"},"schema":{"@context":"https:\/\/schema.org","@graph":[{"@type":"WebPage","@id":"https:\/\/panwinjet.com\/product\/60k-5-axis-metal-waterjet-cutting-machine-for-flow-hp-prime-direct-drive-pump-assembly\/","url":"https:\/\/panwinjet.com\/product\/60k-5-axis-metal-waterjet-cutting-machine-for-flow-hp-prime-direct-drive-pump-assembly\/","name":"60k 5 Axis metal waterjet cutting machine for Flow HP prime direct drive pump Assembly - Panwin Machinery&amp;Equipment","isPartOf":{"@id":"https:\/\/panwinjet.com\/#website"},"primaryImageOfPage":{"@id":"https:\/\/panwinjet.com\/product\/60k-5-axis-metal-waterjet-cutting-machine-for-flow-hp-prime-direct-drive-pump-assembly\/#primaryimage"},"image":{"@id":"https:\/\/panwinjet.com\/product\/60k-5-axis-metal-waterjet-cutting-machine-for-flow-hp-prime-direct-drive-pump-assembly\/#primaryimage"},"thumbnailUrl":"https:\/\/panwinjet.com\/wp-content\/uploads\/2025\/10\/\u4e3b\u56fe-scaled.jpg","datePublished":"2025-10-18T16:05:04+00:00","dateModified":"2025-10-18T16:13:23+00:00","breadcrumb":{"@id":"https:\/\/panwinjet.com\/product\/60k-5-axis-metal-waterjet-cutting-machine-for-flow-hp-prime-direct-drive-pump-assembly\/#breadcrumb"},"inLanguage":"pt-PT","potentialAction":[{"@type":"ReadAction","target":["https:\/\/panwinjet.com\/product\/60k-5-axis-metal-waterjet-cutting-machine-for-flow-hp-prime-direct-drive-pump-assembly\/"]}]},{"@type":"ImageObject","inLanguage":"pt-PT","@id":"https:\/\/panwinjet.com\/product\/60k-5-axis-metal-waterjet-cutting-machine-for-flow-hp-prime-direct-drive-pump-assembly\/#primaryimage","url":"https:\/\/panwinjet.com\/wp-content\/uploads\/2025\/10\/\u4e3b\u56fe-scaled.jpg","contentUrl":"https:\/\/panwinjet.com\/wp-content\/uploads\/2025\/10\/\u4e3b\u56fe-scaled.jpg","width":2560,"height":1920},{"@type":"BreadcrumbList","@id":"https:\/\/panwinjet.com\/product\/60k-5-axis-metal-waterjet-cutting-machine-for-flow-hp-prime-direct-drive-pump-assembly\/#breadcrumb","itemListElement":[{"@type":"ListItem","position":1,"name":"\u9996\u9875","item":"https:\/\/panwinjet.com\/"},{"@type":"ListItem","position":2,"name":"PRODUCT","item":"https:\/\/panwinjet.com\/product\/"},{"@type":"ListItem","position":3,"name":"60k 5 Axis metal waterjet cutting machine for Flow HP prime direct drive pump Assembly"}]},{"@type":"WebSite","@id":"https:\/\/panwinjet.com\/#website","url":"https:\/\/panwinjet.com\/","name":"Panwin Machinery&amp;Equipment","description":"Shenzhen Panwin Machinery&amp;Equipment Co.Ltd","potentialAction":[{"@type":"SearchAction","target":{"@type":"EntryPoint","urlTemplate":"https:\/\/panwinjet.com\/?s={search_term_string}"},"query-input":{"@type":"PropertyValueSpecification","valueRequired":true,"valueName":"search_term_string"}}],"inLanguage":"pt-PT"}]}},"_links":{"self":[{"href":"https:\/\/panwinjet.com\/pt\/wp-json\/wp\/v2\/product\/1567","targetHints":{"allow":["GET"]}}],"collection":[{"href":"https:\/\/panwinjet.com\/pt\/wp-json\/wp\/v2\/product"}],"about":[{"href":"https:\/\/panwinjet.com\/pt\/wp-json\/wp\/v2\/types\/product"}],"wp:featuredmedia":[{"embeddable":true,"href":"https:\/\/panwinjet.com\/pt\/wp-json\/wp\/v2\/media\/1569"}],"wp:attachment":[{"href":"https:\/\/panwinjet.com\/pt\/wp-json\/wp\/v2\/media?parent=1567"}],"wp:term":[{"taxonomy":"product_brand","embeddable":true,"href":"https:\/\/panwinjet.com\/pt\/wp-json\/wp\/v2\/product_brand?post=1567"},{"taxonomy":"product_cat","embeddable":true,"href":"https:\/\/panwinjet.com\/pt\/wp-json\/wp\/v2\/product_cat?post=1567"},{"taxonomy":"product_tag","embeddable":true,"href":"https:\/\/panwinjet.com\/pt\/wp-json\/wp\/v2\/product_tag?post=1567"}],"curies":[{"name":"wp","href":"https:\/\/api.w.org\/{rel}","templated":true}]}}