{"id":1558,"date":"2025-10-17T14:18:18","date_gmt":"2025-10-17T14:18:18","guid":{"rendered":"https:\/\/panwinjet.com\/?post_type=product&#038;p=1558"},"modified":"2025-10-17T14:18:18","modified_gmt":"2025-10-17T14:18:18","slug":"china-supplier-22k-uhp-hydro-blasting-triple-plunger-water-blaster-bypass-hand-adjustable-valve-cartridge-52255","status":"publish","type":"product","link":"https:\/\/panwinjet.com\/pt\/produto\/china-supplier-22k-uhp-hydro-blasting-triple-plunger-water-blaster-bypass-hand-adjustable-valve-cartridge-52255\/","title":{"rendered":"Cartucho de v\u00e1lvula ajust\u00e1vel manual de bypass para lavadora de alta press\u00e3o UHP 22K com tr\u00eas \u00eambolos - Fornecedor chin\u00eas - 52255"},"content":{"rendered":"<p>3. Caracter\u00edsticas e aplica\u00e7\u00f5es do cartucho de bypass Jetstream Style 22K, pe\u00e7a n\u00ba 52255<\/p>\n<p>Este cartucho Jetstream Style 22K Bypass tem o n\u00famero de pe\u00e7a 52255.<\/p>\n<p>Um componente importante da pistola de seguran\u00e7a Jetstream Durssafety de 15.000 psi \u00e9 seu design inovador, que oferece grandes vantagens em termos de facilidade de manuten\u00e7\u00e3o, simplicidade estrutural e de design, al\u00e9m de versatilidade de convers\u00e3o e multifuncionalidade. Este cartucho de reposi\u00e7\u00e3o, compat\u00edvel com a pe\u00e7a de cartucho n\u00ba 52255, apresenta as seguintes caracter\u00edsticas:<\/p>\n<p>Caracter\u00edsticas:<\/p>\n<p>1: O tratamento super resistente ao desgaste e endurecido torna todo o corpo da v\u00e1lvula de bypass do lavador de alta press\u00e3o UHP n\u00e3o apenas resistente ao desgaste e dur\u00e1vel, mas tamb\u00e9m mant\u00e9m o corpo da v\u00e1lvula limpo e com longa vida \u00fatil.<\/p>\n<p>2: Design de cartucho substitu\u00edvel em campo para manuten\u00e7\u00e3o m\u00ednima.<\/p>\n<p>3: Ajuste manual - sem necessidade de chave inglesa<\/p>\n<p>4: Todos os componentes que suportam press\u00e3o s\u00e3o usinados com precis\u00e3o em a\u00e7o inoxid\u00e1vel.<\/p>\n<p>5: O modelo de montagem no lado da bomba \u00e9 montado diretamente no coletor da extremidade do fluido.<\/p>","protected":false},"excerpt":{"rendered":"<p>1. Apresenta\u00e7\u00e3o do produto: Cartucho de bypass Jetstream Style 22K, pe\u00e7a n\u00ba 52255<\/p>\n<p>Este cartucho de bypass Jetstream 22K, n\u00famero de pe\u00e7a 52255, \u00e9 compat\u00edvel com a pe\u00e7a Jetstream n\u00famero 54592. Sua substitui\u00e7\u00e3o facilita a reconstru\u00e7\u00e3o completa da v\u00e1lvula em poucos minutos.<\/p>\n<div style=\"width: 720px;\" class=\"wp-video\"><video class=\"wp-video-shortcode\" id=\"video-1558-1\" width=\"720\" height=\"1280\" preload=\"metadata\" controls=\"controls\"><source type=\"video\/mp4\" src=\"https:\/\/panwinjet.com\/wp-content\/uploads\/2025\/10\/22K-ByPass-Cartridge-8.mp4?_=1\" \/><a href=\"https:\/\/panwinjet.com\/wp-content\/uploads\/2025\/10\/22K-ByPass-Cartridge-8.mp4\">https:\/\/panwinjet.com\/wp-content\/uploads\/2025\/10\/22K-ByPass-Cartridge-8.mp4<\/a><\/video><\/div>\n<p>2. Par\u00e2metros do produto (especifica\u00e7\u00f5es) do cartucho de bypass Jetstream Style 22K, n\u00famero de pe\u00e7a 52255<\/p>\n<p>Este cartucho de bypass Jetstream Style 22K, pe\u00e7a n\u00ba 52255, \u00e9 fabricado em a\u00e7o inoxid\u00e1vel de alta qualidade. Tanto a v\u00e1lvula quanto a sede s\u00e3o produzidas em a\u00e7o inoxid\u00e1vel endurecido e revestidas para m\u00e1xima resist\u00eancia ao desgaste e vida \u00fatil prolongada.<\/p>","protected":false},"featured_media":1559,"template":"","meta":[],"product_brand":[],"product_cat":[7],"product_tag":[],"class_list":{"0":"post-1558","1":"product","2":"type-product","3":"status-publish","4":"has-post-thumbnail","6":"product_cat-jetstream-pump-fluid-end-compatibe-parts","8":"first","9":"instock","10":"shipping-taxable","11":"product-type-simple"},"yoast_head":"<!-- This site is optimized with the Yoast SEO plugin v24.9 - https:\/\/yoast.com\/wordpress\/plugins\/seo\/ -->\n<title>China Supplier 22K UHP Hydro Blasting Triple Plunger Water Blaster ByPass Hand Adjustable Valve Cartridge-52255 - Panwin Machinery&amp;Equipment<\/title>\n<meta name=\"robots\" content=\"index, follow, max-snippet:-1, max-image-preview:large, max-video-preview:-1\" \/>\n<link rel=\"canonical\" href=\"https:\/\/panwinjet.com\/pt\/produto\/china-supplier-22k-uhp-hydro-blasting-triple-plunger-water-blaster-bypass-hand-adjustable-valve-cartridge-52255\/\" \/>\n<meta property=\"og:locale\" content=\"pt_PT\" \/>\n<meta property=\"og:type\" content=\"article\" \/>\n<meta property=\"og:title\" content=\"China Supplier 22K UHP Hydro Blasting Triple Plunger Water Blaster ByPass Hand Adjustable Valve Cartridge-52255 - Panwin Machinery&amp;Equipment\" \/>\n<meta property=\"og:description\" content=\"1.Product Introduction of Jetstream Style 22K ByPass Cartridge Parts No.52255  This Jetstream 22K ByPass Cartridge Parts No.52255 is Compatible with Jet-streamPart No. 54592 ,it is Easily replaceable valve cartridge enables the user to completely re-build the valve in about just few minutes.    2.Product Parameter (Specification) of Jetstream Style 22K ByPass Cartridge Parts No.52255  This Jetstream Style 22K ByPass Cartridge Parts No.52255 is made of high-quality Stainless Steel,Both the valve and seat are manufactured from hardened stainless steel and coated for maximum wear resistance and service life.\" \/>\n<meta property=\"og:url\" content=\"https:\/\/panwinjet.com\/pt\/produto\/china-supplier-22k-uhp-hydro-blasting-triple-plunger-water-blaster-bypass-hand-adjustable-valve-cartridge-52255\/\" \/>\n<meta property=\"og:site_name\" content=\"Panwin Machinery&amp;Equipment\" \/>\n<meta property=\"og:image\" content=\"https:\/\/panwinjet.com\/wp-content\/uploads\/2025\/10\/22K-ByPass-Cartridge-2-scaled.jpg\" \/>\n\t<meta property=\"og:image:width\" content=\"1152\" \/>\n\t<meta property=\"og:image:height\" content=\"2560\" \/>\n\t<meta property=\"og:image:type\" content=\"image\/jpeg\" \/>\n<meta name=\"twitter:card\" content=\"summary_large_image\" \/>\n<meta name=\"twitter:label1\" content=\"Tempo estimado de leitura\" \/>\n\t<meta name=\"twitter:data1\" content=\"1 minuto\" \/>\n<script type=\"application\/ld+json\" class=\"yoast-schema-graph\">{\"@context\":\"https:\/\/schema.org\",\"@graph\":[{\"@type\":\"WebPage\",\"@id\":\"https:\/\/panwinjet.com\/product\/china-supplier-22k-uhp-hydro-blasting-triple-plunger-water-blaster-bypass-hand-adjustable-valve-cartridge-52255\/\",\"url\":\"https:\/\/panwinjet.com\/product\/china-supplier-22k-uhp-hydro-blasting-triple-plunger-water-blaster-bypass-hand-adjustable-valve-cartridge-52255\/\",\"name\":\"China Supplier 22K UHP Hydro Blasting Triple Plunger Water Blaster ByPass Hand Adjustable Valve Cartridge-52255 - Panwin Machinery&amp;Equipment\",\"isPartOf\":{\"@id\":\"https:\/\/panwinjet.com\/#website\"},\"primaryImageOfPage\":{\"@id\":\"https:\/\/panwinjet.com\/product\/china-supplier-22k-uhp-hydro-blasting-triple-plunger-water-blaster-bypass-hand-adjustable-valve-cartridge-52255\/#primaryimage\"},\"image\":{\"@id\":\"https:\/\/panwinjet.com\/product\/china-supplier-22k-uhp-hydro-blasting-triple-plunger-water-blaster-bypass-hand-adjustable-valve-cartridge-52255\/#primaryimage\"},\"thumbnailUrl\":\"https:\/\/panwinjet.com\/wp-content\/uploads\/2025\/10\/22K-ByPass-Cartridge-2-scaled.jpg\",\"datePublished\":\"2025-10-17T14:18:18+00:00\",\"breadcrumb\":{\"@id\":\"https:\/\/panwinjet.com\/product\/china-supplier-22k-uhp-hydro-blasting-triple-plunger-water-blaster-bypass-hand-adjustable-valve-cartridge-52255\/#breadcrumb\"},\"inLanguage\":\"pt-PT\",\"potentialAction\":[{\"@type\":\"ReadAction\",\"target\":[\"https:\/\/panwinjet.com\/product\/china-supplier-22k-uhp-hydro-blasting-triple-plunger-water-blaster-bypass-hand-adjustable-valve-cartridge-52255\/\"]}]},{\"@type\":\"ImageObject\",\"inLanguage\":\"pt-PT\",\"@id\":\"https:\/\/panwinjet.com\/product\/china-supplier-22k-uhp-hydro-blasting-triple-plunger-water-blaster-bypass-hand-adjustable-valve-cartridge-52255\/#primaryimage\",\"url\":\"https:\/\/panwinjet.com\/wp-content\/uploads\/2025\/10\/22K-ByPass-Cartridge-2-scaled.jpg\",\"contentUrl\":\"https:\/\/panwinjet.com\/wp-content\/uploads\/2025\/10\/22K-ByPass-Cartridge-2-scaled.jpg\",\"width\":1152,\"height\":2560},{\"@type\":\"BreadcrumbList\",\"@id\":\"https:\/\/panwinjet.com\/product\/china-supplier-22k-uhp-hydro-blasting-triple-plunger-water-blaster-bypass-hand-adjustable-valve-cartridge-52255\/#breadcrumb\",\"itemListElement\":[{\"@type\":\"ListItem\",\"position\":1,\"name\":\"\u9996\u9875\",\"item\":\"https:\/\/panwinjet.com\/\"},{\"@type\":\"ListItem\",\"position\":2,\"name\":\"PRODUCT\",\"item\":\"https:\/\/panwinjet.com\/product\/\"},{\"@type\":\"ListItem\",\"position\":3,\"name\":\"China Supplier 22K UHP Hydro Blasting Triple Plunger Water Blaster ByPass Hand Adjustable Valve Cartridge-52255\"}]},{\"@type\":\"WebSite\",\"@id\":\"https:\/\/panwinjet.com\/#website\",\"url\":\"https:\/\/panwinjet.com\/\",\"name\":\"Panwin Machinery&amp;Equipment\",\"description\":\"Shenzhen Panwin Machinery&amp;Equipment Co.Ltd\",\"potentialAction\":[{\"@type\":\"SearchAction\",\"target\":{\"@type\":\"EntryPoint\",\"urlTemplate\":\"https:\/\/panwinjet.com\/?s={search_term_string}\"},\"query-input\":{\"@type\":\"PropertyValueSpecification\",\"valueRequired\":true,\"valueName\":\"search_term_string\"}}],\"inLanguage\":\"pt-PT\"}]}<\/script>\n<!-- \/ Yoast SEO plugin. -->","yoast_head_json":{"title":"China Supplier 22K UHP Hydro Blasting Triple Plunger Water Blaster ByPass Hand Adjustable Valve Cartridge-52255 - Panwin Machinery&amp;Equipment","robots":{"index":"index","follow":"follow","max-snippet":"max-snippet:-1","max-image-preview":"max-image-preview:large","max-video-preview":"max-video-preview:-1"},"canonical":"https:\/\/panwinjet.com\/pt\/produto\/china-supplier-22k-uhp-hydro-blasting-triple-plunger-water-blaster-bypass-hand-adjustable-valve-cartridge-52255\/","og_locale":"pt_PT","og_type":"article","og_title":"China Supplier 22K UHP Hydro Blasting Triple Plunger Water Blaster ByPass Hand Adjustable Valve Cartridge-52255 - Panwin Machinery&amp;Equipment","og_description":"1.Product Introduction of Jetstream Style 22K ByPass Cartridge Parts No.52255  This Jetstream 22K ByPass Cartridge Parts No.52255 is Compatible with Jet-streamPart No. 54592 ,it is Easily replaceable valve cartridge enables the user to completely re-build the valve in about just few minutes.    2.Product Parameter (Specification) of Jetstream Style 22K ByPass Cartridge Parts No.52255  This Jetstream Style 22K ByPass Cartridge Parts No.52255 is made of high-quality Stainless Steel,Both the valve and seat are manufactured from hardened stainless steel and coated for maximum wear resistance and service life.","og_url":"https:\/\/panwinjet.com\/pt\/produto\/china-supplier-22k-uhp-hydro-blasting-triple-plunger-water-blaster-bypass-hand-adjustable-valve-cartridge-52255\/","og_site_name":"Panwin Machinery&amp;Equipment","og_image":[{"width":1152,"height":2560,"url":"https:\/\/panwinjet.com\/wp-content\/uploads\/2025\/10\/22K-ByPass-Cartridge-2-scaled.jpg","type":"image\/jpeg"}],"twitter_card":"summary_large_image","twitter_misc":{"Tempo estimado de leitura":"1 minuto"},"schema":{"@context":"https:\/\/schema.org","@graph":[{"@type":"WebPage","@id":"https:\/\/panwinjet.com\/product\/china-supplier-22k-uhp-hydro-blasting-triple-plunger-water-blaster-bypass-hand-adjustable-valve-cartridge-52255\/","url":"https:\/\/panwinjet.com\/product\/china-supplier-22k-uhp-hydro-blasting-triple-plunger-water-blaster-bypass-hand-adjustable-valve-cartridge-52255\/","name":"China Supplier 22K UHP Hydro Blasting Triple Plunger Water Blaster ByPass Hand Adjustable Valve Cartridge-52255 - Panwin Machinery&amp;Equipment","isPartOf":{"@id":"https:\/\/panwinjet.com\/#website"},"primaryImageOfPage":{"@id":"https:\/\/panwinjet.com\/product\/china-supplier-22k-uhp-hydro-blasting-triple-plunger-water-blaster-bypass-hand-adjustable-valve-cartridge-52255\/#primaryimage"},"image":{"@id":"https:\/\/panwinjet.com\/product\/china-supplier-22k-uhp-hydro-blasting-triple-plunger-water-blaster-bypass-hand-adjustable-valve-cartridge-52255\/#primaryimage"},"thumbnailUrl":"https:\/\/panwinjet.com\/wp-content\/uploads\/2025\/10\/22K-ByPass-Cartridge-2-scaled.jpg","datePublished":"2025-10-17T14:18:18+00:00","breadcrumb":{"@id":"https:\/\/panwinjet.com\/product\/china-supplier-22k-uhp-hydro-blasting-triple-plunger-water-blaster-bypass-hand-adjustable-valve-cartridge-52255\/#breadcrumb"},"inLanguage":"pt-PT","potentialAction":[{"@type":"ReadAction","target":["https:\/\/panwinjet.com\/product\/china-supplier-22k-uhp-hydro-blasting-triple-plunger-water-blaster-bypass-hand-adjustable-valve-cartridge-52255\/"]}]},{"@type":"ImageObject","inLanguage":"pt-PT","@id":"https:\/\/panwinjet.com\/product\/china-supplier-22k-uhp-hydro-blasting-triple-plunger-water-blaster-bypass-hand-adjustable-valve-cartridge-52255\/#primaryimage","url":"https:\/\/panwinjet.com\/wp-content\/uploads\/2025\/10\/22K-ByPass-Cartridge-2-scaled.jpg","contentUrl":"https:\/\/panwinjet.com\/wp-content\/uploads\/2025\/10\/22K-ByPass-Cartridge-2-scaled.jpg","width":1152,"height":2560},{"@type":"BreadcrumbList","@id":"https:\/\/panwinjet.com\/product\/china-supplier-22k-uhp-hydro-blasting-triple-plunger-water-blaster-bypass-hand-adjustable-valve-cartridge-52255\/#breadcrumb","itemListElement":[{"@type":"ListItem","position":1,"name":"\u9996\u9875","item":"https:\/\/panwinjet.com\/"},{"@type":"ListItem","position":2,"name":"PRODUCT","item":"https:\/\/panwinjet.com\/product\/"},{"@type":"ListItem","position":3,"name":"China Supplier 22K UHP Hydro Blasting Triple Plunger Water Blaster ByPass Hand Adjustable Valve Cartridge-52255"}]},{"@type":"WebSite","@id":"https:\/\/panwinjet.com\/#website","url":"https:\/\/panwinjet.com\/","name":"Panwin Machinery&amp;Equipment","description":"Shenzhen Panwin Machinery&amp;Equipment Co.Ltd","potentialAction":[{"@type":"SearchAction","target":{"@type":"EntryPoint","urlTemplate":"https:\/\/panwinjet.com\/?s={search_term_string}"},"query-input":{"@type":"PropertyValueSpecification","valueRequired":true,"valueName":"search_term_string"}}],"inLanguage":"pt-PT"}]}},"_links":{"self":[{"href":"https:\/\/panwinjet.com\/pt\/wp-json\/wp\/v2\/product\/1558","targetHints":{"allow":["GET"]}}],"collection":[{"href":"https:\/\/panwinjet.com\/pt\/wp-json\/wp\/v2\/product"}],"about":[{"href":"https:\/\/panwinjet.com\/pt\/wp-json\/wp\/v2\/types\/product"}],"wp:featuredmedia":[{"embeddable":true,"href":"https:\/\/panwinjet.com\/pt\/wp-json\/wp\/v2\/media\/1559"}],"wp:attachment":[{"href":"https:\/\/panwinjet.com\/pt\/wp-json\/wp\/v2\/media?parent=1558"}],"wp:term":[{"taxonomy":"product_brand","embeddable":true,"href":"https:\/\/panwinjet.com\/pt\/wp-json\/wp\/v2\/product_brand?post=1558"},{"taxonomy":"product_cat","embeddable":true,"href":"https:\/\/panwinjet.com\/pt\/wp-json\/wp\/v2\/product_cat?post=1558"},{"taxonomy":"product_tag","embeddable":true,"href":"https:\/\/panwinjet.com\/pt\/wp-json\/wp\/v2\/product_tag?post=1558"}],"curies":[{"name":"wp","href":"https:\/\/api.w.org\/{rel}","templated":true}]}}