{"id":1439,"date":"2025-10-02T15:02:59","date_gmt":"2025-10-02T15:02:59","guid":{"rendered":"https:\/\/panwinjet.com\/?post_type=product&#038;p=1439"},"modified":"2025-10-02T15:02:59","modified_gmt":"2025-10-02T15:02:59","slug":"15000psi-pressure-water-jet-industry-cleaning-machine-parts-150k-uni-valve-cartridge-discharge-spring8b-js-series-no-25060","status":"publish","type":"product","link":"https:\/\/panwinjet.com\/pt\/produto\/15000psi-pressure-water-jet-industry-cleaning-machine-parts-150k-uni-valve-cartridge-discharge-spring8b-js-series-no-25060\/","title":{"rendered":"Pe\u00e7as para m\u00e1quina de limpeza industrial com jato de \u00e1gua de press\u00e3o de 15000 psi: Mola de descarga do cartucho da v\u00e1lvula unidirecional 150k (8b) - S\u00e9rie JS n\u00ba 25060"},"content":{"rendered":"<p>Caracter\u00edsticas e aplica\u00e7\u00f5es do cartucho de v\u00e1lvula \u00fanica 150k para m\u00e1quinas de limpeza industrial com jato de \u00e1gua de 15000 psi.<br \/>\nEste cartucho de v\u00e1lvula \u00fanica 150k para m\u00e1quina de limpeza industrial com jato de \u00e1gua de 15.000 psi \u00e9 um produto exclusivo e de design primoroso, projetado para excelente desempenho e f\u00e1cil manuten\u00e7\u00e3o. Suas funcionalidades avan\u00e7adas s\u00e3o detalhadas a seguir:<\/p>\n<p>A: V\u00e1lvulas combinadas de suc\u00e7\u00e3o e descarga em uma \u00fanica pe\u00e7a aut\u00f4noma<\/p>\n<p>B: Encaixe deslizante para facilitar a manuten\u00e7\u00e3o.<\/p>\n<p>C: O design em linha minimiza a turbul\u00eancia.<\/p>\n<p>&nbsp;<\/p>\n<p>Aplicativo:<\/p>\n<p>Este cartucho de v\u00e1lvula \u00fanica 150k para m\u00e1quina de limpeza industrial com jato de \u00e1gua de 15.000 psi \u00e9 aplicado na bomba de pist\u00e3o triplex Jetstream e \u00e9 um componente chave com design avan\u00e7ado. A bomba pode ser amplamente utilizada em diversas aplica\u00e7\u00f5es:<\/p>\n<p>Jateamento de \u00e1gua UHP na ind\u00fastria da constru\u00e7\u00e3o civil com hidrojato para ferro.<\/p>\n<p>Ind\u00fastria do a\u00e7o e metal<\/p>\n<p>Jateadora de \u00e1gua de alta press\u00e3o - Mec\u00e2nica e Equipamentos<\/p>\n<p>Cimentos e concreto para engenharia<\/p>\n<p>Limpeza de superf\u00edcies com barracuda de alta press\u00e3o industrial<\/p>\n<p>Equipamentos de limpeza UHP Hydro Jet, barras de pulveriza\u00e7\u00e3o para limpeza industrial, m\u00e1quina de hidrojateamento para a ind\u00fastria de refino de petr\u00f3leo, limpeza de superf\u00edcies com hidrojato, limpeza de tanques e vasos de press\u00e3o, limpeza de trocadores de calor, limpeza de pintura automotiva, limpeza na ind\u00fastria de minera\u00e7\u00e3o, limpeza em sider\u00fargicas, etc. Equipamentos de limpeza de esgoto de alta press\u00e3o para redes de tubula\u00e7\u00e3o de \u00e1gua e esgoto municipais.<\/p>\n<p>&nbsp;<\/p>\n<p>5. Detalhes do produto: Cartucho de v\u00e1lvula \u00fanica 150k para m\u00e1quina de limpeza industrial com jato de \u00e1gua de 15000 psi<br \/>\nEste cartucho de v\u00e1lvula \u00fanica 150k para m\u00e1quina de limpeza industrial com jato de \u00e1gua de 15000 psi possui um design exclusivo, e somente os detalhes revelam suas vantagens. A seguir, apresentamos os detalhes: Modelos de bomba compat\u00edveis:<\/p>\n<p>&nbsp;<\/p>\n<p>&nbsp;<\/p>\n<p>Este cartucho de v\u00e1lvula \u00fanica 150k para m\u00e1quina de limpeza industrial com jato de \u00e1gua de alta press\u00e3o (15000 psi) \u00e9 compat\u00edvel com os seguintes modelos de bomba de ultra press\u00e3o Jetstream.<\/p>\n<p>Bomba de \u00eambolo triplex 3615<\/p>\n<p>bomba de \u00eambolo triplex 4215<\/p>\n<p>Bomba de \u00eambolo triplex 5015<\/p>","protected":false},"excerpt":{"rendered":"<p>1. Introdu\u00e7\u00e3o do produto: Pe\u00e7as para m\u00e1quina de limpeza industrial com jato de \u00e1gua de 15000 psi - Mola de descarga do cartucho da v\u00e1lvula \u00fanica 150k (8b) - S\u00e9rie JS n\u00ba 25060<br \/>\nA v\u00e1lvula unidirecional de 15000 psi para m\u00e1quinas de limpeza industrial com jato de \u00e1gua de alta press\u00e3o (15.000 psi) \u00e9 um componente essencial para o desempenho est\u00e1vel e f\u00e1cil manuten\u00e7\u00e3o das bombas de pist\u00e3o triplex JS. Compat\u00edvel com o modelo JS 52870, esta v\u00e1lvula unidirecional JST de 15.000 psi \u00e9 fabricada em a\u00e7o inoxid\u00e1vel de alta qualidade, com acabamento superior e excelente qualidade, garantindo durabilidade e confiabilidade.<\/p>\n<p>&nbsp;<\/p>","protected":false},"featured_media":1443,"template":"","meta":[],"product_brand":[],"product_cat":[8,7],"product_tag":[],"class_list":{"0":"post-1439","1":"product","2":"type-product","3":"status-publish","4":"has-post-thumbnail","6":"product_cat-giant-tank-cleaningcutting-device","7":"product_cat-jetstream-pump-fluid-end-compatibe-parts","9":"first","10":"instock","11":"shipping-taxable","12":"product-type-simple"},"yoast_head":"<!-- This site is optimized with the Yoast SEO plugin v24.9 - https:\/\/yoast.com\/wordpress\/plugins\/seo\/ -->\n<title>15000psi Pressure Water Jet industry cleaning machine parts 150k Uni-valve Cartridge Discharge spring(8b)-JS Series No.25060 - Panwin Machinery&amp;Equipment<\/title>\n<meta name=\"robots\" content=\"index, follow, max-snippet:-1, max-image-preview:large, max-video-preview:-1\" \/>\n<link rel=\"canonical\" href=\"https:\/\/panwinjet.com\/pt\/produto\/15000psi-pressure-water-jet-industry-cleaning-machine-parts-150k-uni-valve-cartridge-discharge-spring8b-js-series-no-25060\/\" \/>\n<meta property=\"og:locale\" content=\"pt_PT\" \/>\n<meta property=\"og:type\" content=\"article\" \/>\n<meta property=\"og:title\" content=\"15000psi Pressure Water Jet industry cleaning machine parts 150k Uni-valve Cartridge Discharge spring(8b)-JS Series No.25060 - Panwin Machinery&amp;Equipment\" \/>\n<meta property=\"og:description\" content=\"1.Product Introduction of 15000psi Pressure Water Jet industry cleaning machine parts 150k Uni-valve Cartridge Discharge spring(8b)-JS Series No.25060 The 15000psi Pressure Water Jet industry cleaning machine parts 150k Uni-valve Cartridge assembly for use in JS triplex plunger pump Fluid End pumps, it is a key components for stable performance and easy service. It is compatible with JS 52870, This JST 15KPSI Uni-valve Assembly made of High-classed quality stainless steel, superior craftsmanship and excellent quality, and this Uni Valve is durable and reliable.  &nbsp;\" \/>\n<meta property=\"og:url\" content=\"https:\/\/panwinjet.com\/pt\/produto\/15000psi-pressure-water-jet-industry-cleaning-machine-parts-150k-uni-valve-cartridge-discharge-spring8b-js-series-no-25060\/\" \/>\n<meta property=\"og:site_name\" content=\"Panwin Machinery&amp;Equipment\" \/>\n<meta property=\"og:image\" content=\"https:\/\/panwinjet.com\/wp-content\/uploads\/2025\/10\/Discharge-spring8b-9-scaled.jpg\" \/>\n\t<meta property=\"og:image:width\" content=\"2560\" \/>\n\t<meta property=\"og:image:height\" content=\"1920\" \/>\n\t<meta property=\"og:image:type\" content=\"image\/jpeg\" \/>\n<meta name=\"twitter:card\" content=\"summary_large_image\" \/>\n<meta name=\"twitter:label1\" content=\"Tempo estimado de leitura\" \/>\n\t<meta name=\"twitter:data1\" content=\"2 minutos\" \/>\n<script type=\"application\/ld+json\" class=\"yoast-schema-graph\">{\"@context\":\"https:\/\/schema.org\",\"@graph\":[{\"@type\":\"WebPage\",\"@id\":\"https:\/\/panwinjet.com\/product\/15000psi-pressure-water-jet-industry-cleaning-machine-parts-150k-uni-valve-cartridge-discharge-spring8b-js-series-no-25060\/\",\"url\":\"https:\/\/panwinjet.com\/product\/15000psi-pressure-water-jet-industry-cleaning-machine-parts-150k-uni-valve-cartridge-discharge-spring8b-js-series-no-25060\/\",\"name\":\"15000psi Pressure Water Jet industry cleaning machine parts 150k Uni-valve Cartridge Discharge spring(8b)-JS Series No.25060 - Panwin Machinery&amp;Equipment\",\"isPartOf\":{\"@id\":\"https:\/\/panwinjet.com\/#website\"},\"primaryImageOfPage\":{\"@id\":\"https:\/\/panwinjet.com\/product\/15000psi-pressure-water-jet-industry-cleaning-machine-parts-150k-uni-valve-cartridge-discharge-spring8b-js-series-no-25060\/#primaryimage\"},\"image\":{\"@id\":\"https:\/\/panwinjet.com\/product\/15000psi-pressure-water-jet-industry-cleaning-machine-parts-150k-uni-valve-cartridge-discharge-spring8b-js-series-no-25060\/#primaryimage\"},\"thumbnailUrl\":\"https:\/\/panwinjet.com\/wp-content\/uploads\/2025\/10\/Discharge-spring8b-9-scaled.jpg\",\"datePublished\":\"2025-10-02T15:02:59+00:00\",\"breadcrumb\":{\"@id\":\"https:\/\/panwinjet.com\/product\/15000psi-pressure-water-jet-industry-cleaning-machine-parts-150k-uni-valve-cartridge-discharge-spring8b-js-series-no-25060\/#breadcrumb\"},\"inLanguage\":\"pt-PT\",\"potentialAction\":[{\"@type\":\"ReadAction\",\"target\":[\"https:\/\/panwinjet.com\/product\/15000psi-pressure-water-jet-industry-cleaning-machine-parts-150k-uni-valve-cartridge-discharge-spring8b-js-series-no-25060\/\"]}]},{\"@type\":\"ImageObject\",\"inLanguage\":\"pt-PT\",\"@id\":\"https:\/\/panwinjet.com\/product\/15000psi-pressure-water-jet-industry-cleaning-machine-parts-150k-uni-valve-cartridge-discharge-spring8b-js-series-no-25060\/#primaryimage\",\"url\":\"https:\/\/panwinjet.com\/wp-content\/uploads\/2025\/10\/Discharge-spring8b-9-scaled.jpg\",\"contentUrl\":\"https:\/\/panwinjet.com\/wp-content\/uploads\/2025\/10\/Discharge-spring8b-9-scaled.jpg\",\"width\":2560,\"height\":1920},{\"@type\":\"BreadcrumbList\",\"@id\":\"https:\/\/panwinjet.com\/product\/15000psi-pressure-water-jet-industry-cleaning-machine-parts-150k-uni-valve-cartridge-discharge-spring8b-js-series-no-25060\/#breadcrumb\",\"itemListElement\":[{\"@type\":\"ListItem\",\"position\":1,\"name\":\"\u9996\u9875\",\"item\":\"https:\/\/panwinjet.com\/\"},{\"@type\":\"ListItem\",\"position\":2,\"name\":\"PRODUCT\",\"item\":\"https:\/\/panwinjet.com\/product\/\"},{\"@type\":\"ListItem\",\"position\":3,\"name\":\"15000psi Pressure Water Jet industry cleaning machine parts 150k Uni-valve Cartridge Discharge spring(8b)-JS Series No.25060\"}]},{\"@type\":\"WebSite\",\"@id\":\"https:\/\/panwinjet.com\/#website\",\"url\":\"https:\/\/panwinjet.com\/\",\"name\":\"Panwin Machinery&amp;Equipment\",\"description\":\"Shenzhen Panwin Machinery&amp;Equipment Co.Ltd\",\"potentialAction\":[{\"@type\":\"SearchAction\",\"target\":{\"@type\":\"EntryPoint\",\"urlTemplate\":\"https:\/\/panwinjet.com\/?s={search_term_string}\"},\"query-input\":{\"@type\":\"PropertyValueSpecification\",\"valueRequired\":true,\"valueName\":\"search_term_string\"}}],\"inLanguage\":\"pt-PT\"}]}<\/script>\n<!-- \/ Yoast SEO plugin. -->","yoast_head_json":{"title":"15000psi Pressure Water Jet industry cleaning machine parts 150k Uni-valve Cartridge Discharge spring(8b)-JS Series No.25060 - Panwin Machinery&amp;Equipment","robots":{"index":"index","follow":"follow","max-snippet":"max-snippet:-1","max-image-preview":"max-image-preview:large","max-video-preview":"max-video-preview:-1"},"canonical":"https:\/\/panwinjet.com\/pt\/produto\/15000psi-pressure-water-jet-industry-cleaning-machine-parts-150k-uni-valve-cartridge-discharge-spring8b-js-series-no-25060\/","og_locale":"pt_PT","og_type":"article","og_title":"15000psi Pressure Water Jet industry cleaning machine parts 150k Uni-valve Cartridge Discharge spring(8b)-JS Series No.25060 - Panwin Machinery&amp;Equipment","og_description":"1.Product Introduction of 15000psi Pressure Water Jet industry cleaning machine parts 150k Uni-valve Cartridge Discharge spring(8b)-JS Series No.25060 The 15000psi Pressure Water Jet industry cleaning machine parts 150k Uni-valve Cartridge assembly for use in JS triplex plunger pump Fluid End pumps, it is a key components for stable performance and easy service. It is compatible with JS 52870, This JST 15KPSI Uni-valve Assembly made of High-classed quality stainless steel, superior craftsmanship and excellent quality, and this Uni Valve is durable and reliable.  &nbsp;","og_url":"https:\/\/panwinjet.com\/pt\/produto\/15000psi-pressure-water-jet-industry-cleaning-machine-parts-150k-uni-valve-cartridge-discharge-spring8b-js-series-no-25060\/","og_site_name":"Panwin Machinery&amp;Equipment","og_image":[{"width":2560,"height":1920,"url":"https:\/\/panwinjet.com\/wp-content\/uploads\/2025\/10\/Discharge-spring8b-9-scaled.jpg","type":"image\/jpeg"}],"twitter_card":"summary_large_image","twitter_misc":{"Tempo estimado de leitura":"2 minutos"},"schema":{"@context":"https:\/\/schema.org","@graph":[{"@type":"WebPage","@id":"https:\/\/panwinjet.com\/product\/15000psi-pressure-water-jet-industry-cleaning-machine-parts-150k-uni-valve-cartridge-discharge-spring8b-js-series-no-25060\/","url":"https:\/\/panwinjet.com\/product\/15000psi-pressure-water-jet-industry-cleaning-machine-parts-150k-uni-valve-cartridge-discharge-spring8b-js-series-no-25060\/","name":"15000psi Pressure Water Jet industry cleaning machine parts 150k Uni-valve Cartridge Discharge spring(8b)-JS Series No.25060 - Panwin Machinery&amp;Equipment","isPartOf":{"@id":"https:\/\/panwinjet.com\/#website"},"primaryImageOfPage":{"@id":"https:\/\/panwinjet.com\/product\/15000psi-pressure-water-jet-industry-cleaning-machine-parts-150k-uni-valve-cartridge-discharge-spring8b-js-series-no-25060\/#primaryimage"},"image":{"@id":"https:\/\/panwinjet.com\/product\/15000psi-pressure-water-jet-industry-cleaning-machine-parts-150k-uni-valve-cartridge-discharge-spring8b-js-series-no-25060\/#primaryimage"},"thumbnailUrl":"https:\/\/panwinjet.com\/wp-content\/uploads\/2025\/10\/Discharge-spring8b-9-scaled.jpg","datePublished":"2025-10-02T15:02:59+00:00","breadcrumb":{"@id":"https:\/\/panwinjet.com\/product\/15000psi-pressure-water-jet-industry-cleaning-machine-parts-150k-uni-valve-cartridge-discharge-spring8b-js-series-no-25060\/#breadcrumb"},"inLanguage":"pt-PT","potentialAction":[{"@type":"ReadAction","target":["https:\/\/panwinjet.com\/product\/15000psi-pressure-water-jet-industry-cleaning-machine-parts-150k-uni-valve-cartridge-discharge-spring8b-js-series-no-25060\/"]}]},{"@type":"ImageObject","inLanguage":"pt-PT","@id":"https:\/\/panwinjet.com\/product\/15000psi-pressure-water-jet-industry-cleaning-machine-parts-150k-uni-valve-cartridge-discharge-spring8b-js-series-no-25060\/#primaryimage","url":"https:\/\/panwinjet.com\/wp-content\/uploads\/2025\/10\/Discharge-spring8b-9-scaled.jpg","contentUrl":"https:\/\/panwinjet.com\/wp-content\/uploads\/2025\/10\/Discharge-spring8b-9-scaled.jpg","width":2560,"height":1920},{"@type":"BreadcrumbList","@id":"https:\/\/panwinjet.com\/product\/15000psi-pressure-water-jet-industry-cleaning-machine-parts-150k-uni-valve-cartridge-discharge-spring8b-js-series-no-25060\/#breadcrumb","itemListElement":[{"@type":"ListItem","position":1,"name":"\u9996\u9875","item":"https:\/\/panwinjet.com\/"},{"@type":"ListItem","position":2,"name":"PRODUCT","item":"https:\/\/panwinjet.com\/product\/"},{"@type":"ListItem","position":3,"name":"15000psi Pressure Water Jet industry cleaning machine parts 150k Uni-valve Cartridge Discharge spring(8b)-JS Series No.25060"}]},{"@type":"WebSite","@id":"https:\/\/panwinjet.com\/#website","url":"https:\/\/panwinjet.com\/","name":"Panwin Machinery&amp;Equipment","description":"Shenzhen Panwin Machinery&amp;Equipment Co.Ltd","potentialAction":[{"@type":"SearchAction","target":{"@type":"EntryPoint","urlTemplate":"https:\/\/panwinjet.com\/?s={search_term_string}"},"query-input":{"@type":"PropertyValueSpecification","valueRequired":true,"valueName":"search_term_string"}}],"inLanguage":"pt-PT"}]}},"_links":{"self":[{"href":"https:\/\/panwinjet.com\/pt\/wp-json\/wp\/v2\/product\/1439","targetHints":{"allow":["GET"]}}],"collection":[{"href":"https:\/\/panwinjet.com\/pt\/wp-json\/wp\/v2\/product"}],"about":[{"href":"https:\/\/panwinjet.com\/pt\/wp-json\/wp\/v2\/types\/product"}],"wp:featuredmedia":[{"embeddable":true,"href":"https:\/\/panwinjet.com\/pt\/wp-json\/wp\/v2\/media\/1443"}],"wp:attachment":[{"href":"https:\/\/panwinjet.com\/pt\/wp-json\/wp\/v2\/media?parent=1439"}],"wp:term":[{"taxonomy":"product_brand","embeddable":true,"href":"https:\/\/panwinjet.com\/pt\/wp-json\/wp\/v2\/product_brand?post=1439"},{"taxonomy":"product_cat","embeddable":true,"href":"https:\/\/panwinjet.com\/pt\/wp-json\/wp\/v2\/product_cat?post=1439"},{"taxonomy":"product_tag","embeddable":true,"href":"https:\/\/panwinjet.com\/pt\/wp-json\/wp\/v2\/product_tag?post=1439"}],"curies":[{"name":"wp","href":"https:\/\/api.w.org\/{rel}","templated":true}]}}