{"id":1387,"date":"2025-10-01T07:19:01","date_gmt":"2025-10-01T07:19:01","guid":{"rendered":"https:\/\/panwinjet.com\/?post_type=product&#038;p=1387"},"modified":"2025-10-01T07:19:17","modified_gmt":"2025-10-01T07:19:17","slug":"hot-sale-high-quality-hydro-jet-blasting-heat-ex-changers-triplex-plunger-pump-water-jetting-drain-machine-cleaning-banshee-rotary-nozzles-22k-dn18","status":"publish","type":"product","link":"https:\/\/panwinjet.com\/pt\/produto\/hot-sale-high-quality-hydro-jet-blasting-heat-ex-changers-triplex-plunger-pump-water-jetting-drain-machine-cleaning-banshee-rotary-nozzles-22k-dn18\/","title":{"rendered":"Trocadores de calor de hidrojateamento de alta qualidade, bomba de pist\u00e3o triplex, m\u00e1quina de limpeza de drenagem por hidrojateamento, bicos rotativos Banshee 22K DN18."},"content":{"rendered":"<p>Trocadores de calor de hidrojateamento de alta qualidade com bomba de pist\u00e3o triplex.<br \/>\nM\u00e1quina de limpeza de drenagem com jato de \u00e1gua, bicos rotativos Banshee 22K DN18<br \/>\n1. Apresenta\u00e7\u00e3o do produto: Bocal Banshee para limpeza com jato de \u00e1gua de ultra-alta precis\u00e3o em tubula\u00e7\u00f5es de pequeno di\u00e2metro<br \/>\nOs bicos Banshee s\u00e3o amplamente utilizados para limpeza de trocadores de calor, tubula\u00e7\u00f5es de pequeno di\u00e2metro e limpeza de barreiras em tubula\u00e7\u00f5es, entre outras aplica\u00e7\u00f5es. S\u00e3o altamente eficientes e f\u00e1ceis de operar para a limpeza de tubos de pequeno di\u00e2metro. N\u00f3s, da Panwin, fornecemos bicos Banshee em diversos tamanhos.<\/p>\n<p>&nbsp;<\/p>\n<p>2. Par\u00e2metros do produto (especifica\u00e7\u00f5es) de trocadores de calor de alta qualidade para hidrojateamento, bomba de pist\u00e3o triplex, m\u00e1quina de limpeza de drenagem por hidrojateamento, bicos rotativos Banshee 22K DN18<br \/>\nOs jatos de \u00e1gua dos bicos Banshee s\u00e3o especialmente projetados para troca de calor e pequenas dimens\u00f5es.<br \/>\nA barreira para tubula\u00e7\u00f5es e canos possui di\u00e2metro ajust\u00e1vel, com faixa de press\u00e3o de 550 bar a 2800 bar e vaz\u00e3o m\u00e1xima de 190 l\/min. Com diversas conex\u00f5es de entrada, pode ser aplicada a diferentes ferramentas para limpeza de tubula\u00e7\u00f5es em diversas situa\u00e7\u00f5es. Detalhes das especifica\u00e7\u00f5es a seguir:<\/p>\n<div style=\"width: 408px;\" class=\"wp-video\"><video class=\"wp-video-shortcode\" id=\"video-1387-1\" width=\"408\" height=\"960\" preload=\"metadata\" controls=\"controls\"><source type=\"video\/mp4\" src=\"https:\/\/panwinjet.com\/wp-content\/uploads\/2025\/10\/22K-DN18-UHP-Banshee-Nozzle-Testing.mp4?_=1\" \/><a href=\"https:\/\/panwinjet.com\/wp-content\/uploads\/2025\/10\/22K-DN18-UHP-Banshee-Nozzle-Testing.mp4\">https:\/\/panwinjet.com\/wp-content\/uploads\/2025\/10\/22K-DN18-UHP-Banshee-Nozzle-Testing.mp4<\/a><\/video><\/div>\n<p>3. Caracter\u00edsticas e aplica\u00e7\u00f5es do bocal Banshee para limpeza com jato de \u00e1gua de ultra-alta press\u00e3o em tubula\u00e7\u00f5es de pequeno di\u00e2metro.<br \/>\nNosso bocal Banshee para limpeza de tubula\u00e7\u00f5es pequenas com hidrojateamento de 22K-40KPSI \u00e9 ideal para tubos e canos de pequeno di\u00e2metro. Ele oferece a mais alta efici\u00eancia em limpeza de tubula\u00e7\u00f5es devido \u00e0s suas caracter\u00edsticas vantajosas:<br \/>\nVantagens e caracter\u00edsticas:<br \/>\nA: Dispon\u00edvel uma gama completa de press\u00f5es e vaz\u00f5es.<br \/>\nB: A velocidade de rota\u00e7\u00e3o pode atingir at\u00e9 7.000 rpm.<br \/>\nC: F\u00e1cil manuten\u00e7\u00e3o, pode ser reparado no local da obra.<br \/>\nD: Fabricado em a\u00e7o inoxid\u00e1vel de alta qualidade para prolongar a vida \u00fatil.<\/p>\n<p>E: A parte externa do bocal \u00e9 revestida com uma camada de material especial para prolongar sua vida \u00fatil e possui m\u00faltiplos padr\u00f5es porosos para atender a diferentes requisitos operacionais.<\/p>","protected":false},"excerpt":{"rendered":"<p><em><strong>Aplicativo:<\/strong><\/em><br \/>\nJateamento com \u00e1gua UHP na ind\u00fastria da constru\u00e7\u00e3o civil<br \/>\nJateamento a jato de \u00e1gua para a ind\u00fastria de ferro, a\u00e7o e metal<br \/>\nJateadora de \u00e1gua de alta press\u00e3o - Engenharia Mec\u00e2nica e de Aparelhos<br \/>\nInd\u00fastria de cimento e concreto<br \/>\nBarracuda de alta press\u00e3o Limpeza de superf\u00edcie<br \/>\nPe\u00e7as para equipamentos de limpeza UHP Hydro Jet<br \/>\nBarras de pulveriza\u00e7\u00e3o para limpeza industrial<br \/>\nM\u00e1quina de hidrojateamento para a ind\u00fastria de refino de petr\u00f3leo<br \/>\nLimpeza de superf\u00edcies com hidrojato, limpeza de tanques e embarca\u00e7\u00f5es,<br \/>\nLimpeza do trocador de calor,<br \/>\nLimpeza de pintura automotiva, limpeza da ind\u00fastria de minera\u00e7\u00e3o, limpeza de f\u00e1bricas de a\u00e7o, etc.<br \/>\nEquipamento de limpeza de esgoto de alta press\u00e3o para redes de tubula\u00e7\u00e3o municipais de abastecimento de \u00e1gua e esgoto;<\/p>\n<p>&nbsp;<\/p>\n<p>3.4. Detalhes do produto: Bocal Banshee para limpeza com jato de \u00e1gua de ultra-alta precis\u00e3o em tubula\u00e7\u00f5es de pequeno porte<\/p>\n<p>Pe\u00e7as para m\u00e1quina de limpeza por hidrojateamento de 22K-40kpsi, pe\u00e7as para m\u00e1quina de limpeza de tanques com hidrojateamento UHP de 2000 bar, diferentes bicos, modos e tipos de limpeza para diversos objetos e tarefas:<br \/>\nDeclare da seguinte forma:<\/p>\n<p><img decoding=\"async\" class=\"alignleft size-medium wp-image-1393 lazyload\" data-src=\"https:\/\/panwinjet.com\/wp-content\/uploads\/2025\/10\/4-Holes-389x500.png\" alt=\"\" width=\"389\" height=\"500\" data-srcset=\"https:\/\/panwinjet.com\/wp-content\/uploads\/2025\/10\/4-Holes-389x500.png 389w, https:\/\/panwinjet.com\/wp-content\/uploads\/2025\/10\/4-Holes-233x300.png 233w, https:\/\/panwinjet.com\/wp-content\/uploads\/2025\/10\/4-Holes-58x75.png 58w, https:\/\/panwinjet.com\/wp-content\/uploads\/2025\/10\/4-Holes-480x617.png 480w, https:\/\/panwinjet.com\/wp-content\/uploads\/2025\/10\/4-Holes.png 611w\" data-sizes=\"(max-width:767px) 389px, 389px\" src=\"data:image\/svg+xml;base64,PHN2ZyB3aWR0aD0iMSIgaGVpZ2h0PSIxIiB4bWxucz0iaHR0cDovL3d3dy53My5vcmcvMjAwMC9zdmciPjwvc3ZnPg==\" style=\"--smush-placeholder-width: 389px; --smush-placeholder-aspect-ratio: 389\/500;\" \/> <img decoding=\"async\" class=\"alignleft size-medium wp-image-1394 lazyload\" data-src=\"https:\/\/panwinjet.com\/wp-content\/uploads\/2025\/10\/5-Hole-\u526f\u672c-454x500.png\" alt=\"\" width=\"454\" height=\"500\" data-srcset=\"https:\/\/panwinjet.com\/wp-content\/uploads\/2025\/10\/5-Hole-\u526f\u672c-454x500.png 454w, https:\/\/panwinjet.com\/wp-content\/uploads\/2025\/10\/5-Hole-\u526f\u672c-273x300.png 273w, https:\/\/panwinjet.com\/wp-content\/uploads\/2025\/10\/5-Hole-\u526f\u672c-68x75.png 68w, https:\/\/panwinjet.com\/wp-content\/uploads\/2025\/10\/5-Hole-\u526f\u672c-480x528.png 480w, https:\/\/panwinjet.com\/wp-content\/uploads\/2025\/10\/5-Hole-\u526f\u672c.png 704w\" data-sizes=\"(max-width:767px) 454px, 454px\" src=\"data:image\/svg+xml;base64,PHN2ZyB3aWR0aD0iMSIgaGVpZ2h0PSIxIiB4bWxucz0iaHR0cDovL3d3dy53My5vcmcvMjAwMC9zdmciPjwvc3ZnPg==\" style=\"--smush-placeholder-width: 454px; --smush-placeholder-aspect-ratio: 454\/500;\" \/> <img decoding=\"async\" class=\"alignleft size-medium wp-image-1395 lazyload\" data-src=\"https:\/\/panwinjet.com\/wp-content\/uploads\/2025\/10\/7-Holes-\u526f\u672c-500x416.png\" alt=\"\" width=\"500\" height=\"416\" data-srcset=\"https:\/\/panwinjet.com\/wp-content\/uploads\/2025\/10\/7-Holes-\u526f\u672c-500x416.png 500w, https:\/\/panwinjet.com\/wp-content\/uploads\/2025\/10\/7-Holes-\u526f\u672c-300x250.png 300w, https:\/\/panwinjet.com\/wp-content\/uploads\/2025\/10\/7-Holes-\u526f\u672c-768x640.png 768w, https:\/\/panwinjet.com\/wp-content\/uploads\/2025\/10\/7-Holes-\u526f\u672c-90x75.png 90w, https:\/\/panwinjet.com\/wp-content\/uploads\/2025\/10\/7-Holes-\u526f\u672c-480x400.png 480w, https:\/\/panwinjet.com\/wp-content\/uploads\/2025\/10\/7-Holes-\u526f\u672c-800x666.png 800w, https:\/\/panwinjet.com\/wp-content\/uploads\/2025\/10\/7-Holes-\u526f\u672c.png 802w\" data-sizes=\"(max-width:767px) 480px, 500px\" src=\"data:image\/svg+xml;base64,PHN2ZyB3aWR0aD0iMSIgaGVpZ2h0PSIxIiB4bWxucz0iaHR0cDovL3d3dy53My5vcmcvMjAwMC9zdmciPjwvc3ZnPg==\" style=\"--smush-placeholder-width: 500px; --smush-placeholder-aspect-ratio: 500\/416;\" \/><\/p>","protected":false},"featured_media":1390,"template":"","meta":[],"product_brand":[],"product_cat":[9,10],"product_tag":[],"class_list":{"0":"post-1387","1":"product","2":"type-product","3":"status-publish","4":"has-post-thumbnail","6":"product_cat-heat-exchanger-cleaning-device","7":"product_cat-pipeline-tube-uhp-water-blasting-cleaning-device","9":"first","10":"instock","11":"shipping-taxable","12":"product-type-simple"},"yoast_head":"<!-- This site is optimized with the Yoast SEO plugin v24.9 - https:\/\/yoast.com\/wordpress\/plugins\/seo\/ -->\n<title>Hot-Sale High Quality Hydro-jet Blasting heat ex-changers triplex plunger pump Water-Jetting drain machine cleaning Banshee rotary nozzles 22K DN18 - Panwin Machinery&amp;Equipment<\/title>\n<meta name=\"robots\" content=\"index, follow, max-snippet:-1, max-image-preview:large, max-video-preview:-1\" \/>\n<link rel=\"canonical\" href=\"https:\/\/panwinjet.com\/pt\/produto\/hot-sale-high-quality-hydro-jet-blasting-heat-ex-changers-triplex-plunger-pump-water-jetting-drain-machine-cleaning-banshee-rotary-nozzles-22k-dn18\/\" \/>\n<meta property=\"og:locale\" content=\"pt_PT\" \/>\n<meta property=\"og:type\" content=\"article\" \/>\n<meta property=\"og:title\" content=\"Hot-Sale High Quality Hydro-jet Blasting heat ex-changers triplex plunger pump Water-Jetting drain machine cleaning Banshee rotary nozzles 22K DN18 - Panwin Machinery&amp;Equipment\" \/>\n<meta property=\"og:description\" content=\"Application: UHP Water Blasting Construction Industry Hydro Jet blaster Iron, Steel And Metal Industry high pressure waterblaster Mechanical and Apparatus Engineering Cements and Concrete Industry high pressure barracuda Surface cleaning UHP hydro Jet cleaning equipment parts Industrial Cleaning Spray Bars hydro blasting machine for petroleum refining industry Hydro Jet Surface Cleaning,Tank&amp;Vessel Cleaning, Heat Exchange Cleaning, Automotive Painting cleaning Mining industry cleaning Steel manufacture cleaning etc. High pressure sewer cleaning equipment for municipal pipe networks water supply and drainage pipelines;  &nbsp;  3.4.Product Details of Ultra-high small Pipeline hydro Jet blasting cleaning Banshee Nozzle  22K-40kpsi Hydro Jet Blasting Cleaning machine parts 2000bar UHP hydro Jet pipeline Tank cleaning machine parts have different nozzles Cleaning mode and type with various Cleaning object and jobs: State as follows:\" \/>\n<meta property=\"og:url\" content=\"https:\/\/panwinjet.com\/pt\/produto\/hot-sale-high-quality-hydro-jet-blasting-heat-ex-changers-triplex-plunger-pump-water-jetting-drain-machine-cleaning-banshee-rotary-nozzles-22k-dn18\/\" \/>\n<meta property=\"og:site_name\" content=\"Panwin Machinery&amp;Equipment\" \/>\n<meta property=\"article:modified_time\" content=\"2025-10-01T07:19:17+00:00\" \/>\n<meta property=\"og:image\" content=\"https:\/\/panwinjet.com\/wp-content\/uploads\/2025\/10\/22K-Banshee-Nozzles-DN18-4-scaled.jpg\" \/>\n\t<meta property=\"og:image:width\" content=\"2560\" \/>\n\t<meta property=\"og:image:height\" content=\"1152\" \/>\n\t<meta property=\"og:image:type\" content=\"image\/jpeg\" \/>\n<meta name=\"twitter:card\" content=\"summary_large_image\" \/>\n<meta name=\"twitter:label1\" content=\"Tempo estimado de leitura\" \/>\n\t<meta name=\"twitter:data1\" content=\"2 minutos\" \/>\n<script type=\"application\/ld+json\" class=\"yoast-schema-graph\">{\"@context\":\"https:\/\/schema.org\",\"@graph\":[{\"@type\":\"WebPage\",\"@id\":\"https:\/\/panwinjet.com\/product\/hot-sale-high-quality-hydro-jet-blasting-heat-ex-changers-triplex-plunger-pump-water-jetting-drain-machine-cleaning-banshee-rotary-nozzles-22k-dn18\/\",\"url\":\"https:\/\/panwinjet.com\/product\/hot-sale-high-quality-hydro-jet-blasting-heat-ex-changers-triplex-plunger-pump-water-jetting-drain-machine-cleaning-banshee-rotary-nozzles-22k-dn18\/\",\"name\":\"Hot-Sale High Quality Hydro-jet Blasting heat ex-changers triplex plunger pump Water-Jetting drain machine cleaning Banshee rotary nozzles 22K DN18 - Panwin Machinery&amp;Equipment\",\"isPartOf\":{\"@id\":\"https:\/\/panwinjet.com\/#website\"},\"primaryImageOfPage\":{\"@id\":\"https:\/\/panwinjet.com\/product\/hot-sale-high-quality-hydro-jet-blasting-heat-ex-changers-triplex-plunger-pump-water-jetting-drain-machine-cleaning-banshee-rotary-nozzles-22k-dn18\/#primaryimage\"},\"image\":{\"@id\":\"https:\/\/panwinjet.com\/product\/hot-sale-high-quality-hydro-jet-blasting-heat-ex-changers-triplex-plunger-pump-water-jetting-drain-machine-cleaning-banshee-rotary-nozzles-22k-dn18\/#primaryimage\"},\"thumbnailUrl\":\"https:\/\/panwinjet.com\/wp-content\/uploads\/2025\/10\/22K-Banshee-Nozzles-DN18-4-scaled.jpg\",\"datePublished\":\"2025-10-01T07:19:01+00:00\",\"dateModified\":\"2025-10-01T07:19:17+00:00\",\"breadcrumb\":{\"@id\":\"https:\/\/panwinjet.com\/product\/hot-sale-high-quality-hydro-jet-blasting-heat-ex-changers-triplex-plunger-pump-water-jetting-drain-machine-cleaning-banshee-rotary-nozzles-22k-dn18\/#breadcrumb\"},\"inLanguage\":\"pt-PT\",\"potentialAction\":[{\"@type\":\"ReadAction\",\"target\":[\"https:\/\/panwinjet.com\/product\/hot-sale-high-quality-hydro-jet-blasting-heat-ex-changers-triplex-plunger-pump-water-jetting-drain-machine-cleaning-banshee-rotary-nozzles-22k-dn18\/\"]}]},{\"@type\":\"ImageObject\",\"inLanguage\":\"pt-PT\",\"@id\":\"https:\/\/panwinjet.com\/product\/hot-sale-high-quality-hydro-jet-blasting-heat-ex-changers-triplex-plunger-pump-water-jetting-drain-machine-cleaning-banshee-rotary-nozzles-22k-dn18\/#primaryimage\",\"url\":\"https:\/\/panwinjet.com\/wp-content\/uploads\/2025\/10\/22K-Banshee-Nozzles-DN18-4-scaled.jpg\",\"contentUrl\":\"https:\/\/panwinjet.com\/wp-content\/uploads\/2025\/10\/22K-Banshee-Nozzles-DN18-4-scaled.jpg\",\"width\":2560,\"height\":1152},{\"@type\":\"BreadcrumbList\",\"@id\":\"https:\/\/panwinjet.com\/product\/hot-sale-high-quality-hydro-jet-blasting-heat-ex-changers-triplex-plunger-pump-water-jetting-drain-machine-cleaning-banshee-rotary-nozzles-22k-dn18\/#breadcrumb\",\"itemListElement\":[{\"@type\":\"ListItem\",\"position\":1,\"name\":\"\u9996\u9875\",\"item\":\"https:\/\/panwinjet.com\/\"},{\"@type\":\"ListItem\",\"position\":2,\"name\":\"PRODUCT\",\"item\":\"https:\/\/panwinjet.com\/product\/\"},{\"@type\":\"ListItem\",\"position\":3,\"name\":\"Hot-Sale High Quality Hydro-jet Blasting heat ex-changers triplex plunger pump Water-Jetting drain machine cleaning Banshee rotary nozzles 22K DN18\"}]},{\"@type\":\"WebSite\",\"@id\":\"https:\/\/panwinjet.com\/#website\",\"url\":\"https:\/\/panwinjet.com\/\",\"name\":\"Panwin Machinery&amp;Equipment\",\"description\":\"Shenzhen Panwin Machinery&amp;Equipment Co.Ltd\",\"potentialAction\":[{\"@type\":\"SearchAction\",\"target\":{\"@type\":\"EntryPoint\",\"urlTemplate\":\"https:\/\/panwinjet.com\/?s={search_term_string}\"},\"query-input\":{\"@type\":\"PropertyValueSpecification\",\"valueRequired\":true,\"valueName\":\"search_term_string\"}}],\"inLanguage\":\"pt-PT\"}]}<\/script>\n<!-- \/ Yoast SEO plugin. -->","yoast_head_json":{"title":"Hot-Sale High Quality Hydro-jet Blasting heat ex-changers triplex plunger pump Water-Jetting drain machine cleaning Banshee rotary nozzles 22K DN18 - Panwin Machinery&amp;Equipment","robots":{"index":"index","follow":"follow","max-snippet":"max-snippet:-1","max-image-preview":"max-image-preview:large","max-video-preview":"max-video-preview:-1"},"canonical":"https:\/\/panwinjet.com\/pt\/produto\/hot-sale-high-quality-hydro-jet-blasting-heat-ex-changers-triplex-plunger-pump-water-jetting-drain-machine-cleaning-banshee-rotary-nozzles-22k-dn18\/","og_locale":"pt_PT","og_type":"article","og_title":"Hot-Sale High Quality Hydro-jet Blasting heat ex-changers triplex plunger pump Water-Jetting drain machine cleaning Banshee rotary nozzles 22K DN18 - Panwin Machinery&amp;Equipment","og_description":"Application: UHP Water Blasting Construction Industry Hydro Jet blaster Iron, Steel And Metal Industry high pressure waterblaster Mechanical and Apparatus Engineering Cements and Concrete Industry high pressure barracuda Surface cleaning UHP hydro Jet cleaning equipment parts Industrial Cleaning Spray Bars hydro blasting machine for petroleum refining industry Hydro Jet Surface Cleaning,Tank&amp;Vessel Cleaning, Heat Exchange Cleaning, Automotive Painting cleaning Mining industry cleaning Steel manufacture cleaning etc. High pressure sewer cleaning equipment for municipal pipe networks water supply and drainage pipelines;  &nbsp;  3.4.Product Details of Ultra-high small Pipeline hydro Jet blasting cleaning Banshee Nozzle  22K-40kpsi Hydro Jet Blasting Cleaning machine parts 2000bar UHP hydro Jet pipeline Tank cleaning machine parts have different nozzles Cleaning mode and type with various Cleaning object and jobs: State as follows:","og_url":"https:\/\/panwinjet.com\/pt\/produto\/hot-sale-high-quality-hydro-jet-blasting-heat-ex-changers-triplex-plunger-pump-water-jetting-drain-machine-cleaning-banshee-rotary-nozzles-22k-dn18\/","og_site_name":"Panwin Machinery&amp;Equipment","article_modified_time":"2025-10-01T07:19:17+00:00","og_image":[{"width":2560,"height":1152,"url":"https:\/\/panwinjet.com\/wp-content\/uploads\/2025\/10\/22K-Banshee-Nozzles-DN18-4-scaled.jpg","type":"image\/jpeg"}],"twitter_card":"summary_large_image","twitter_misc":{"Tempo estimado de leitura":"2 minutos"},"schema":{"@context":"https:\/\/schema.org","@graph":[{"@type":"WebPage","@id":"https:\/\/panwinjet.com\/product\/hot-sale-high-quality-hydro-jet-blasting-heat-ex-changers-triplex-plunger-pump-water-jetting-drain-machine-cleaning-banshee-rotary-nozzles-22k-dn18\/","url":"https:\/\/panwinjet.com\/product\/hot-sale-high-quality-hydro-jet-blasting-heat-ex-changers-triplex-plunger-pump-water-jetting-drain-machine-cleaning-banshee-rotary-nozzles-22k-dn18\/","name":"Hot-Sale High Quality Hydro-jet Blasting heat ex-changers triplex plunger pump Water-Jetting drain machine cleaning Banshee rotary nozzles 22K DN18 - Panwin Machinery&amp;Equipment","isPartOf":{"@id":"https:\/\/panwinjet.com\/#website"},"primaryImageOfPage":{"@id":"https:\/\/panwinjet.com\/product\/hot-sale-high-quality-hydro-jet-blasting-heat-ex-changers-triplex-plunger-pump-water-jetting-drain-machine-cleaning-banshee-rotary-nozzles-22k-dn18\/#primaryimage"},"image":{"@id":"https:\/\/panwinjet.com\/product\/hot-sale-high-quality-hydro-jet-blasting-heat-ex-changers-triplex-plunger-pump-water-jetting-drain-machine-cleaning-banshee-rotary-nozzles-22k-dn18\/#primaryimage"},"thumbnailUrl":"https:\/\/panwinjet.com\/wp-content\/uploads\/2025\/10\/22K-Banshee-Nozzles-DN18-4-scaled.jpg","datePublished":"2025-10-01T07:19:01+00:00","dateModified":"2025-10-01T07:19:17+00:00","breadcrumb":{"@id":"https:\/\/panwinjet.com\/product\/hot-sale-high-quality-hydro-jet-blasting-heat-ex-changers-triplex-plunger-pump-water-jetting-drain-machine-cleaning-banshee-rotary-nozzles-22k-dn18\/#breadcrumb"},"inLanguage":"pt-PT","potentialAction":[{"@type":"ReadAction","target":["https:\/\/panwinjet.com\/product\/hot-sale-high-quality-hydro-jet-blasting-heat-ex-changers-triplex-plunger-pump-water-jetting-drain-machine-cleaning-banshee-rotary-nozzles-22k-dn18\/"]}]},{"@type":"ImageObject","inLanguage":"pt-PT","@id":"https:\/\/panwinjet.com\/product\/hot-sale-high-quality-hydro-jet-blasting-heat-ex-changers-triplex-plunger-pump-water-jetting-drain-machine-cleaning-banshee-rotary-nozzles-22k-dn18\/#primaryimage","url":"https:\/\/panwinjet.com\/wp-content\/uploads\/2025\/10\/22K-Banshee-Nozzles-DN18-4-scaled.jpg","contentUrl":"https:\/\/panwinjet.com\/wp-content\/uploads\/2025\/10\/22K-Banshee-Nozzles-DN18-4-scaled.jpg","width":2560,"height":1152},{"@type":"BreadcrumbList","@id":"https:\/\/panwinjet.com\/product\/hot-sale-high-quality-hydro-jet-blasting-heat-ex-changers-triplex-plunger-pump-water-jetting-drain-machine-cleaning-banshee-rotary-nozzles-22k-dn18\/#breadcrumb","itemListElement":[{"@type":"ListItem","position":1,"name":"\u9996\u9875","item":"https:\/\/panwinjet.com\/"},{"@type":"ListItem","position":2,"name":"PRODUCT","item":"https:\/\/panwinjet.com\/product\/"},{"@type":"ListItem","position":3,"name":"Hot-Sale High Quality Hydro-jet Blasting heat ex-changers triplex plunger pump Water-Jetting drain machine cleaning Banshee rotary nozzles 22K DN18"}]},{"@type":"WebSite","@id":"https:\/\/panwinjet.com\/#website","url":"https:\/\/panwinjet.com\/","name":"Panwin Machinery&amp;Equipment","description":"Shenzhen Panwin Machinery&amp;Equipment Co.Ltd","potentialAction":[{"@type":"SearchAction","target":{"@type":"EntryPoint","urlTemplate":"https:\/\/panwinjet.com\/?s={search_term_string}"},"query-input":{"@type":"PropertyValueSpecification","valueRequired":true,"valueName":"search_term_string"}}],"inLanguage":"pt-PT"}]}},"_links":{"self":[{"href":"https:\/\/panwinjet.com\/pt\/wp-json\/wp\/v2\/product\/1387","targetHints":{"allow":["GET"]}}],"collection":[{"href":"https:\/\/panwinjet.com\/pt\/wp-json\/wp\/v2\/product"}],"about":[{"href":"https:\/\/panwinjet.com\/pt\/wp-json\/wp\/v2\/types\/product"}],"wp:featuredmedia":[{"embeddable":true,"href":"https:\/\/panwinjet.com\/pt\/wp-json\/wp\/v2\/media\/1390"}],"wp:attachment":[{"href":"https:\/\/panwinjet.com\/pt\/wp-json\/wp\/v2\/media?parent=1387"}],"wp:term":[{"taxonomy":"product_brand","embeddable":true,"href":"https:\/\/panwinjet.com\/pt\/wp-json\/wp\/v2\/product_brand?post=1387"},{"taxonomy":"product_cat","embeddable":true,"href":"https:\/\/panwinjet.com\/pt\/wp-json\/wp\/v2\/product_cat?post=1387"},{"taxonomy":"product_tag","embeddable":true,"href":"https:\/\/panwinjet.com\/pt\/wp-json\/wp\/v2\/product_tag?post=1387"}],"curies":[{"name":"wp","href":"https:\/\/api.w.org\/{rel}","templated":true}]}}