{"id":1378,"date":"2025-10-01T06:32:20","date_gmt":"2025-10-01T06:32:20","guid":{"rendered":"https:\/\/panwinjet.com\/?post_type=product&#038;p=1378"},"modified":"2025-10-01T06:32:20","modified_gmt":"2025-10-01T06:32:20","slug":"uhp-40kpsi-2800bar-waterjet-triplex-plunger-pump-anti-droppingprevented-uhp-hose-connectors-whipcheck","status":"publish","type":"product","link":"https:\/\/panwinjet.com\/pt\/produto\/uhp-40kpsi-2800bar-waterjet-triplex-plunger-pump-anti-droppingprevented-uhp-hose-connectors-whipcheck\/","title":{"rendered":"Bomba de jato de \u00e1gua triplex UHP 40kpsi 2800Bar com conectores de mangueira UHP anti-queda e com sistema Whipcheck."},"content":{"rendered":"<p>Bomba de pist\u00e3o triplex UHP 40kpsi 2800Bar para jato de \u00e1gua com sistema anti-queda e anti-rebote. Conectores de mangueira UHP com sistema anti-queda e anti-rebote. Esta bomba de pist\u00e3o triplex de alta qualidade para limpeza com jato de \u00e1gua de alta press\u00e3o (2800Bar) possui sistema anti-queda e anti-rebote, al\u00e9m de sistema anti-queda e anti-rebote, fabricado em a\u00e7o inoxid\u00e1vel de alt\u00edssima qualidade.<br \/>\nA capa protetora antideslizante para m\u00e1quina de jateamento de \u00e1gua de ultra alta press\u00e3o de 40.000 psi protege a seguran\u00e7a dos operadores de forma muito est\u00e1vel e firme.<\/p>\n<p><img decoding=\"async\" class=\"alignleft size-medium wp-image-1385 lazyload\" data-src=\"https:\/\/panwinjet.com\/wp-content\/uploads\/2025\/10\/\u9632\u62a4\u7ef35-500x375.jpg\" alt=\"\" width=\"500\" height=\"375\" data-srcset=\"https:\/\/panwinjet.com\/wp-content\/uploads\/2025\/10\/\u9632\u62a4\u7ef35-500x375.jpg 500w, https:\/\/panwinjet.com\/wp-content\/uploads\/2025\/10\/\u9632\u62a4\u7ef35-1200x900.jpg 1200w, https:\/\/panwinjet.com\/wp-content\/uploads\/2025\/10\/\u9632\u62a4\u7ef35-300x225.jpg 300w, https:\/\/panwinjet.com\/wp-content\/uploads\/2025\/10\/\u9632\u62a4\u7ef35-768x576.jpg 768w, https:\/\/panwinjet.com\/wp-content\/uploads\/2025\/10\/\u9632\u62a4\u7ef35-1536x1152.jpg 1536w, https:\/\/panwinjet.com\/wp-content\/uploads\/2025\/10\/\u9632\u62a4\u7ef35-100x75.jpg 100w, https:\/\/panwinjet.com\/wp-content\/uploads\/2025\/10\/\u9632\u62a4\u7ef35-480x360.jpg 480w, https:\/\/panwinjet.com\/wp-content\/uploads\/2025\/10\/\u9632\u62a4\u7ef35-800x600.jpg 800w, https:\/\/panwinjet.com\/wp-content\/uploads\/2025\/10\/\u9632\u62a4\u7ef35.jpg 1707w\" data-sizes=\"(max-width:767px) 480px, 500px\" src=\"data:image\/svg+xml;base64,PHN2ZyB3aWR0aD0iMSIgaGVpZ2h0PSIxIiB4bWxucz0iaHR0cDovL3d3dy53My5vcmcvMjAwMC9zdmciPjwvc3ZnPg==\" style=\"--smush-placeholder-width: 500px; --smush-placeholder-aspect-ratio: 500\/375;\" \/><\/p>\n<p>Bomba de pist\u00e3o triplex a jato de \u00e1gua UHP 40kpsi 2800Bar com conectores de mangueira UHP anti-gotejamento e com sistema anti-chicoteamento.<br \/>\nO dispositivo anti-queda para jateamento hidrojateamento UHP geralmente tem 80 cm de comprimento. Este dispositivo preventivo serve para conectar as duas extremidades da mangueira UHP, evitando que a conex\u00e3o se solte e cause cortes e ferimentos ao operador e outros trabalhadores.<\/p>","protected":false},"excerpt":{"rendered":"<p>A capa protetora antiqueda para mangueira de hidrojato de alta press\u00e3o (UHP) de 2800 bar possui um design dur\u00e1vel e est\u00e1vel, protegendo os operadores em caso de al\u00edvio de press\u00e3o e vazamento, e permitindo a tomada de medidas imediatas para garantir a seguran\u00e7a na constru\u00e7\u00e3o.<\/p>\n<p>&nbsp;<\/p>\n<p>Aplicativo:<br \/>\nJateamento com \u00e1gua UHP na ind\u00fastria da constru\u00e7\u00e3o civil<br \/>\nJateamento a jato de \u00e1gua para a ind\u00fastria de ferro, a\u00e7o e metal<br \/>\nJateadora de \u00e1gua de alta press\u00e3o - Engenharia Mec\u00e2nica e de Aparelhos<br \/>\nInd\u00fastria de cimento e concreto<br \/>\nBarracuda de alta press\u00e3o Limpeza de superf\u00edcie<br \/>\nPe\u00e7as para equipamentos de limpeza UHP Hydro Jet<br \/>\nBarras de pulveriza\u00e7\u00e3o para limpeza industrial<br \/>\nM\u00e1quina de hidrojateamento para a ind\u00fastria de refino de petr\u00f3leo<br \/>\nLimpeza de superf\u00edcies com hidrojato, limpeza de tanques e embarca\u00e7\u00f5es,<br \/>\nLimpeza do trocador de calor,<br \/>\nLimpeza de pintura automotiva, limpeza da ind\u00fastria de minera\u00e7\u00e3o, limpeza de f\u00e1bricas de a\u00e7o, etc.<br \/>\nEquipamento de limpeza de esgoto de alta press\u00e3o para redes de tubula\u00e7\u00e3o municipais de abastecimento de \u00e1gua e esgoto;<\/p>","protected":false},"featured_media":1385,"template":"","meta":[],"product_brand":[],"product_cat":[11,5],"product_tag":[],"class_list":{"0":"post-1378","1":"product","2":"type-product","3":"status-publish","4":"has-post-thumbnail","6":"product_cat-ship-cleaning-device","7":"product_cat-uhp-rotating-nozzles","9":"first","10":"instock","11":"shipping-taxable","12":"product-type-simple"},"yoast_head":"<!-- This site is optimized with the Yoast SEO plugin v24.9 - https:\/\/yoast.com\/wordpress\/plugins\/seo\/ -->\n<title>UHP 40kpsi 2800Bar waterjet triplex plunger pump Anti-Dropping&amp;Prevented UHP hose connectors Whipcheck - Panwin Machinery&amp;Equipment<\/title>\n<meta name=\"robots\" content=\"index, follow, max-snippet:-1, max-image-preview:large, max-video-preview:-1\" \/>\n<link rel=\"canonical\" href=\"https:\/\/panwinjet.com\/pt\/produto\/uhp-40kpsi-2800bar-waterjet-triplex-plunger-pump-anti-droppingprevented-uhp-hose-connectors-whipcheck\/\" \/>\n<meta property=\"og:locale\" content=\"pt_PT\" \/>\n<meta property=\"og:type\" content=\"article\" \/>\n<meta property=\"og:title\" content=\"UHP 40kpsi 2800Bar waterjet triplex plunger pump Anti-Dropping&amp;Prevented UHP hose connectors Whipcheck - Panwin Machinery&amp;Equipment\" \/>\n<meta property=\"og:description\" content=\"The UHP pressured big flow hydro-jet 2800Bar Anti-fall Protective Hose Sleeve is durable and stable design features can safely protect the operators in the event of pressure relief and leakage, and take timely measures to protect construction safety.  &nbsp;  Application: UHP Water Blasting Construction Industry Hydro Jet blaster Iron, Steel And Metal Industry high pressure waterblaster Mechanical and Apparatus Engineering Cements and Concrete Industry high pressure barracuda Surface cleaning UHP hydro Jet cleaning equipment parts Industrial Cleaning Spray Bars hydro blasting machine for petroleum refining industry Hydro Jet Surface Cleaning,Tank&amp;Vessel Cleaning, Heat Exchange Cleaning, Automotive Painting cleaning Mining industry cleaning Steel manufacture cleaning etc. High pressure sewer cleaning equipment for municipal pipe networks water supply and drainage pipelines;\" \/>\n<meta property=\"og:url\" content=\"https:\/\/panwinjet.com\/pt\/produto\/uhp-40kpsi-2800bar-waterjet-triplex-plunger-pump-anti-droppingprevented-uhp-hose-connectors-whipcheck\/\" \/>\n<meta property=\"og:site_name\" content=\"Panwin Machinery&amp;Equipment\" \/>\n<meta property=\"og:image\" content=\"https:\/\/panwinjet.com\/wp-content\/uploads\/2025\/10\/\u9632\u62a4\u7ef35.jpg\" \/>\n\t<meta property=\"og:image:width\" content=\"1707\" \/>\n\t<meta property=\"og:image:height\" content=\"1280\" \/>\n\t<meta property=\"og:image:type\" content=\"image\/jpeg\" \/>\n<meta name=\"twitter:card\" content=\"summary_large_image\" \/>\n<meta name=\"twitter:label1\" content=\"Tempo estimado de leitura\" \/>\n\t<meta name=\"twitter:data1\" content=\"1 minuto\" \/>\n<script type=\"application\/ld+json\" class=\"yoast-schema-graph\">{\"@context\":\"https:\/\/schema.org\",\"@graph\":[{\"@type\":\"WebPage\",\"@id\":\"https:\/\/panwinjet.com\/product\/uhp-40kpsi-2800bar-waterjet-triplex-plunger-pump-anti-droppingprevented-uhp-hose-connectors-whipcheck\/\",\"url\":\"https:\/\/panwinjet.com\/product\/uhp-40kpsi-2800bar-waterjet-triplex-plunger-pump-anti-droppingprevented-uhp-hose-connectors-whipcheck\/\",\"name\":\"UHP 40kpsi 2800Bar waterjet triplex plunger pump Anti-Dropping&Prevented UHP hose connectors Whipcheck - Panwin Machinery&amp;Equipment\",\"isPartOf\":{\"@id\":\"https:\/\/panwinjet.com\/#website\"},\"primaryImageOfPage\":{\"@id\":\"https:\/\/panwinjet.com\/product\/uhp-40kpsi-2800bar-waterjet-triplex-plunger-pump-anti-droppingprevented-uhp-hose-connectors-whipcheck\/#primaryimage\"},\"image\":{\"@id\":\"https:\/\/panwinjet.com\/product\/uhp-40kpsi-2800bar-waterjet-triplex-plunger-pump-anti-droppingprevented-uhp-hose-connectors-whipcheck\/#primaryimage\"},\"thumbnailUrl\":\"https:\/\/panwinjet.com\/wp-content\/uploads\/2025\/10\/\u9632\u62a4\u7ef35.jpg\",\"datePublished\":\"2025-10-01T06:32:20+00:00\",\"breadcrumb\":{\"@id\":\"https:\/\/panwinjet.com\/product\/uhp-40kpsi-2800bar-waterjet-triplex-plunger-pump-anti-droppingprevented-uhp-hose-connectors-whipcheck\/#breadcrumb\"},\"inLanguage\":\"pt-PT\",\"potentialAction\":[{\"@type\":\"ReadAction\",\"target\":[\"https:\/\/panwinjet.com\/product\/uhp-40kpsi-2800bar-waterjet-triplex-plunger-pump-anti-droppingprevented-uhp-hose-connectors-whipcheck\/\"]}]},{\"@type\":\"ImageObject\",\"inLanguage\":\"pt-PT\",\"@id\":\"https:\/\/panwinjet.com\/product\/uhp-40kpsi-2800bar-waterjet-triplex-plunger-pump-anti-droppingprevented-uhp-hose-connectors-whipcheck\/#primaryimage\",\"url\":\"https:\/\/panwinjet.com\/wp-content\/uploads\/2025\/10\/\u9632\u62a4\u7ef35.jpg\",\"contentUrl\":\"https:\/\/panwinjet.com\/wp-content\/uploads\/2025\/10\/\u9632\u62a4\u7ef35.jpg\",\"width\":1707,\"height\":1280},{\"@type\":\"BreadcrumbList\",\"@id\":\"https:\/\/panwinjet.com\/product\/uhp-40kpsi-2800bar-waterjet-triplex-plunger-pump-anti-droppingprevented-uhp-hose-connectors-whipcheck\/#breadcrumb\",\"itemListElement\":[{\"@type\":\"ListItem\",\"position\":1,\"name\":\"\u9996\u9875\",\"item\":\"https:\/\/panwinjet.com\/\"},{\"@type\":\"ListItem\",\"position\":2,\"name\":\"PRODUCT\",\"item\":\"https:\/\/panwinjet.com\/product\/\"},{\"@type\":\"ListItem\",\"position\":3,\"name\":\"UHP 40kpsi 2800Bar waterjet triplex plunger pump Anti-Dropping&#038;Prevented UHP hose connectors Whipcheck\"}]},{\"@type\":\"WebSite\",\"@id\":\"https:\/\/panwinjet.com\/#website\",\"url\":\"https:\/\/panwinjet.com\/\",\"name\":\"Panwin Machinery&amp;Equipment\",\"description\":\"Shenzhen Panwin Machinery&amp;Equipment Co.Ltd\",\"potentialAction\":[{\"@type\":\"SearchAction\",\"target\":{\"@type\":\"EntryPoint\",\"urlTemplate\":\"https:\/\/panwinjet.com\/?s={search_term_string}\"},\"query-input\":{\"@type\":\"PropertyValueSpecification\",\"valueRequired\":true,\"valueName\":\"search_term_string\"}}],\"inLanguage\":\"pt-PT\"}]}<\/script>\n<!-- \/ Yoast SEO plugin. -->","yoast_head_json":{"title":"UHP 40kpsi 2800Bar waterjet triplex plunger pump Anti-Dropping&Prevented UHP hose connectors Whipcheck - Panwin Machinery&amp;Equipment","robots":{"index":"index","follow":"follow","max-snippet":"max-snippet:-1","max-image-preview":"max-image-preview:large","max-video-preview":"max-video-preview:-1"},"canonical":"https:\/\/panwinjet.com\/pt\/produto\/uhp-40kpsi-2800bar-waterjet-triplex-plunger-pump-anti-droppingprevented-uhp-hose-connectors-whipcheck\/","og_locale":"pt_PT","og_type":"article","og_title":"UHP 40kpsi 2800Bar waterjet triplex plunger pump Anti-Dropping&Prevented UHP hose connectors Whipcheck - Panwin Machinery&amp;Equipment","og_description":"The UHP pressured big flow hydro-jet 2800Bar Anti-fall Protective Hose Sleeve is durable and stable design features can safely protect the operators in the event of pressure relief and leakage, and take timely measures to protect construction safety.  &nbsp;  Application: UHP Water Blasting Construction Industry Hydro Jet blaster Iron, Steel And Metal Industry high pressure waterblaster Mechanical and Apparatus Engineering Cements and Concrete Industry high pressure barracuda Surface cleaning UHP hydro Jet cleaning equipment parts Industrial Cleaning Spray Bars hydro blasting machine for petroleum refining industry Hydro Jet Surface Cleaning,Tank&amp;Vessel Cleaning, Heat Exchange Cleaning, Automotive Painting cleaning Mining industry cleaning Steel manufacture cleaning etc. High pressure sewer cleaning equipment for municipal pipe networks water supply and drainage pipelines;","og_url":"https:\/\/panwinjet.com\/pt\/produto\/uhp-40kpsi-2800bar-waterjet-triplex-plunger-pump-anti-droppingprevented-uhp-hose-connectors-whipcheck\/","og_site_name":"Panwin Machinery&amp;Equipment","og_image":[{"width":1707,"height":1280,"url":"https:\/\/panwinjet.com\/wp-content\/uploads\/2025\/10\/\u9632\u62a4\u7ef35.jpg","type":"image\/jpeg"}],"twitter_card":"summary_large_image","twitter_misc":{"Tempo estimado de leitura":"1 minuto"},"schema":{"@context":"https:\/\/schema.org","@graph":[{"@type":"WebPage","@id":"https:\/\/panwinjet.com\/product\/uhp-40kpsi-2800bar-waterjet-triplex-plunger-pump-anti-droppingprevented-uhp-hose-connectors-whipcheck\/","url":"https:\/\/panwinjet.com\/product\/uhp-40kpsi-2800bar-waterjet-triplex-plunger-pump-anti-droppingprevented-uhp-hose-connectors-whipcheck\/","name":"UHP 40kpsi 2800Bar waterjet triplex plunger pump Anti-Dropping&Prevented UHP hose connectors Whipcheck - Panwin Machinery&amp;Equipment","isPartOf":{"@id":"https:\/\/panwinjet.com\/#website"},"primaryImageOfPage":{"@id":"https:\/\/panwinjet.com\/product\/uhp-40kpsi-2800bar-waterjet-triplex-plunger-pump-anti-droppingprevented-uhp-hose-connectors-whipcheck\/#primaryimage"},"image":{"@id":"https:\/\/panwinjet.com\/product\/uhp-40kpsi-2800bar-waterjet-triplex-plunger-pump-anti-droppingprevented-uhp-hose-connectors-whipcheck\/#primaryimage"},"thumbnailUrl":"https:\/\/panwinjet.com\/wp-content\/uploads\/2025\/10\/\u9632\u62a4\u7ef35.jpg","datePublished":"2025-10-01T06:32:20+00:00","breadcrumb":{"@id":"https:\/\/panwinjet.com\/product\/uhp-40kpsi-2800bar-waterjet-triplex-plunger-pump-anti-droppingprevented-uhp-hose-connectors-whipcheck\/#breadcrumb"},"inLanguage":"pt-PT","potentialAction":[{"@type":"ReadAction","target":["https:\/\/panwinjet.com\/product\/uhp-40kpsi-2800bar-waterjet-triplex-plunger-pump-anti-droppingprevented-uhp-hose-connectors-whipcheck\/"]}]},{"@type":"ImageObject","inLanguage":"pt-PT","@id":"https:\/\/panwinjet.com\/product\/uhp-40kpsi-2800bar-waterjet-triplex-plunger-pump-anti-droppingprevented-uhp-hose-connectors-whipcheck\/#primaryimage","url":"https:\/\/panwinjet.com\/wp-content\/uploads\/2025\/10\/\u9632\u62a4\u7ef35.jpg","contentUrl":"https:\/\/panwinjet.com\/wp-content\/uploads\/2025\/10\/\u9632\u62a4\u7ef35.jpg","width":1707,"height":1280},{"@type":"BreadcrumbList","@id":"https:\/\/panwinjet.com\/product\/uhp-40kpsi-2800bar-waterjet-triplex-plunger-pump-anti-droppingprevented-uhp-hose-connectors-whipcheck\/#breadcrumb","itemListElement":[{"@type":"ListItem","position":1,"name":"\u9996\u9875","item":"https:\/\/panwinjet.com\/"},{"@type":"ListItem","position":2,"name":"PRODUCT","item":"https:\/\/panwinjet.com\/product\/"},{"@type":"ListItem","position":3,"name":"UHP 40kpsi 2800Bar waterjet triplex plunger pump Anti-Dropping&#038;Prevented UHP hose connectors Whipcheck"}]},{"@type":"WebSite","@id":"https:\/\/panwinjet.com\/#website","url":"https:\/\/panwinjet.com\/","name":"Panwin Machinery&amp;Equipment","description":"Shenzhen Panwin Machinery&amp;Equipment Co.Ltd","potentialAction":[{"@type":"SearchAction","target":{"@type":"EntryPoint","urlTemplate":"https:\/\/panwinjet.com\/?s={search_term_string}"},"query-input":{"@type":"PropertyValueSpecification","valueRequired":true,"valueName":"search_term_string"}}],"inLanguage":"pt-PT"}]}},"_links":{"self":[{"href":"https:\/\/panwinjet.com\/pt\/wp-json\/wp\/v2\/product\/1378","targetHints":{"allow":["GET"]}}],"collection":[{"href":"https:\/\/panwinjet.com\/pt\/wp-json\/wp\/v2\/product"}],"about":[{"href":"https:\/\/panwinjet.com\/pt\/wp-json\/wp\/v2\/types\/product"}],"wp:featuredmedia":[{"embeddable":true,"href":"https:\/\/panwinjet.com\/pt\/wp-json\/wp\/v2\/media\/1385"}],"wp:attachment":[{"href":"https:\/\/panwinjet.com\/pt\/wp-json\/wp\/v2\/media?parent=1378"}],"wp:term":[{"taxonomy":"product_brand","embeddable":true,"href":"https:\/\/panwinjet.com\/pt\/wp-json\/wp\/v2\/product_brand?post=1378"},{"taxonomy":"product_cat","embeddable":true,"href":"https:\/\/panwinjet.com\/pt\/wp-json\/wp\/v2\/product_cat?post=1378"},{"taxonomy":"product_tag","embeddable":true,"href":"https:\/\/panwinjet.com\/pt\/wp-json\/wp\/v2\/product_tag?post=1378"}],"curies":[{"name":"wp","href":"https:\/\/api.w.org\/{rel}","templated":true}]}}