{"id":1333,"date":"2025-09-23T14:48:22","date_gmt":"2025-09-23T14:48:22","guid":{"rendered":"https:\/\/panwinjet.com\/?post_type=product&#038;p=1333"},"modified":"2025-09-23T14:48:22","modified_gmt":"2025-09-23T14:48:22","slug":"uhp-hydro-jet-blasting-hose-protective-sleeve-10-28-grade-l3-0m","status":"publish","type":"product","link":"https:\/\/panwinjet.com\/pt\/produto\/uhp-hydro-jet-blasting-hose-protective-sleeve-10-28-grade-l3-0m\/","title":{"rendered":"Manga protetora para mangueira de jateamento com hidrojato UHP, grau 10\/28, L3.0M"},"content":{"rendered":"<p><strong><b>Introdu\u00e7\u00e3o de <\/b><\/strong><strong><b>Manga protetora para mangueira de jateamento com hidrojato UHP, grau 10\/28, L3.0M<\/b><\/strong><\/p>\n<p>A capa protetora para mangueira de jateamento UHP Hydro Jet, grau 10\/28, s\u00e9ries L3.0M e 1.5M, fixa-se com seguran\u00e7a na conex\u00e3o da mangueira de alta press\u00e3o da pistola, proporcionando ao operador maior prote\u00e7\u00e3o contra vazamentos repentinos. Compat\u00edvel com a maioria dos modelos de pistolas. F\u00e1cil de instalar e dispon\u00edvel em diversos tamanhos e comprimentos.<\/p>\n<p>&nbsp;<\/p>\n<p><img decoding=\"async\" class=\"alignleft size-medium wp-image-1340 lazyload\" data-src=\"https:\/\/panwinjet.com\/wp-content\/uploads\/2025\/09\/Protective-Sleeve-2-500x260.png\" alt=\"\" width=\"500\" height=\"260\" data-srcset=\"https:\/\/panwinjet.com\/wp-content\/uploads\/2025\/09\/Protective-Sleeve-2-500x260.png 500w, https:\/\/panwinjet.com\/wp-content\/uploads\/2025\/09\/Protective-Sleeve-2-300x156.png 300w, https:\/\/panwinjet.com\/wp-content\/uploads\/2025\/09\/Protective-Sleeve-2-768x399.png 768w, https:\/\/panwinjet.com\/wp-content\/uploads\/2025\/09\/Protective-Sleeve-2-144x75.png 144w, https:\/\/panwinjet.com\/wp-content\/uploads\/2025\/09\/Protective-Sleeve-2-480x249.png 480w, https:\/\/panwinjet.com\/wp-content\/uploads\/2025\/09\/Protective-Sleeve-2-800x415.png 800w, https:\/\/panwinjet.com\/wp-content\/uploads\/2025\/09\/Protective-Sleeve-2.png 942w\" data-sizes=\"(max-width:767px) 480px, 500px\" src=\"data:image\/svg+xml;base64,PHN2ZyB3aWR0aD0iMSIgaGVpZ2h0PSIxIiB4bWxucz0iaHR0cDovL3d3dy53My5vcmcvMjAwMC9zdmciPjwvc3ZnPg==\" style=\"--smush-placeholder-width: 500px; --smush-placeholder-aspect-ratio: 500\/260;\" \/><\/p>\n<p><strong><b>\u00a0<\/b><\/strong><\/p>\n<p>&nbsp;<\/p>\n<p><strong><b>Especifica\u00e7\u00f5es do produto: Manga protetora para mangueira de jateamento hidrojato UHP, grau 10\/28, L3.0M<\/b><\/strong><\/p>\n<p>Nossa capa protetora para mangueira de jateamento UHP Hydro Jet \u00e9 feita de materiais de alta performance, com grau de prote\u00e7\u00e3o 10\/28 L3.0M, e se fixa com seguran\u00e7a na conex\u00e3o da mangueira UHP da pistola.<\/p>\n<p><strong><b> <img decoding=\"async\" class=\"alignleft size-full wp-image-1341 lazyload\" data-src=\"https:\/\/panwinjet.com\/wp-content\/uploads\/2025\/09\/Straight-Jet-1.png\" alt=\"\" width=\"454\" height=\"354\" data-srcset=\"https:\/\/panwinjet.com\/wp-content\/uploads\/2025\/09\/Straight-Jet-1.png 454w, https:\/\/panwinjet.com\/wp-content\/uploads\/2025\/09\/Straight-Jet-1-300x234.png 300w, https:\/\/panwinjet.com\/wp-content\/uploads\/2025\/09\/Straight-Jet-1-96x75.png 96w\" data-sizes=\"(max-width:767px) 454px, 454px\" src=\"data:image\/svg+xml;base64,PHN2ZyB3aWR0aD0iMSIgaGVpZ2h0PSIxIiB4bWxucz0iaHR0cDovL3d3dy53My5vcmcvMjAwMC9zdmciPjwvc3ZnPg==\" style=\"--smush-placeholder-width: 454px; --smush-placeholder-aspect-ratio: 454\/354;\" \/><\/b><\/strong><\/p>\n<p><strong><b>Caracter\u00edsticas e aplica\u00e7\u00f5es do produto<\/b><\/strong><strong><b>\u00a0<\/b><\/strong><strong><b>Manga protetora para mangueira de jateamento com hidrojato UHP, grau 10\/28, L3.0M<\/b><\/strong><strong><b>.<\/b><\/strong><\/p>\n<p><strong><b>N\u00f3s <\/b><\/strong><strong><b>Manga protetora para mangueira de jateamento hidrojato UHP<\/b><\/strong><strong><b>\u00a0Fabricado com material de alta performance e alta densidade, suporta jateamento de \u00e1gua com press\u00e3o m\u00e1xima de 300 MPa, e testes comprovam sua efic\u00e1cia na prote\u00e7\u00e3o.<\/b><\/strong><\/p>\n<p><strong><b>Observa\u00e7\u00e3o:<\/b><\/strong><strong><b>Este resultado \u00e9 um resultado de teste sob determinadas condi\u00e7\u00f5es. O resultado \u00e9 baseado em dados t\u00e9cnicos. <\/b><\/strong><strong><b>nossa capa protetora <\/b><\/strong><strong><b>Considera-se confi\u00e1vel e ser\u00e1 revisado com base em mais conhecimento e experi\u00eancia durante o uso espec\u00edfico. <\/b><\/strong><strong><b>Panwin Protective<\/b><\/strong><strong><b>\u00a0N\u00e3o garante resultados e n\u00e3o assume qualquer obriga\u00e7\u00e3o ou responsabilidade relacionada a esta pe\u00e7a de roupa.<\/b><\/strong><\/p>\n<p><strong><b>\u00a0<\/b><\/strong><\/p>\n<p><strong><b>\u00a0<\/b><\/strong><\/p>\n<p>&nbsp;<\/p>\n<p>&nbsp;<\/p>","protected":false},"excerpt":{"rendered":"<p><img decoding=\"async\" class=\"alignleft size-medium wp-image-1342 lazyload\" data-src=\"https:\/\/panwinjet.com\/wp-content\/uploads\/2025\/09\/What-is-Water-Blasting-1-500x281.png\" alt=\"\" width=\"500\" height=\"281\" data-srcset=\"https:\/\/panwinjet.com\/wp-content\/uploads\/2025\/09\/What-is-Water-Blasting-1-500x281.png 500w, https:\/\/panwinjet.com\/wp-content\/uploads\/2025\/09\/What-is-Water-Blasting-1-1200x674.png 1200w, https:\/\/panwinjet.com\/wp-content\/uploads\/2025\/09\/What-is-Water-Blasting-1-300x168.png 300w, https:\/\/panwinjet.com\/wp-content\/uploads\/2025\/09\/What-is-Water-Blasting-1-768x431.png 768w, https:\/\/panwinjet.com\/wp-content\/uploads\/2025\/09\/What-is-Water-Blasting-1-134x75.png 134w, https:\/\/panwinjet.com\/wp-content\/uploads\/2025\/09\/What-is-Water-Blasting-1-480x269.png 480w, https:\/\/panwinjet.com\/wp-content\/uploads\/2025\/09\/What-is-Water-Blasting-1-800x449.png 800w, https:\/\/panwinjet.com\/wp-content\/uploads\/2025\/09\/What-is-Water-Blasting-1.png 1256w\" data-sizes=\"(max-width:767px) 480px, 500px\" src=\"data:image\/svg+xml;base64,PHN2ZyB3aWR0aD0iMSIgaGVpZ2h0PSIxIiB4bWxucz0iaHR0cDovL3d3dy53My5vcmcvMjAwMC9zdmciPjwvc3ZnPg==\" style=\"--smush-placeholder-width: 500px; --smush-placeholder-aspect-ratio: 500\/281;\" \/><\/p>\n<p><strong><b>Aplicativo:<\/b><\/strong><\/p>\n<p>Esta capa protetora para mangueira de limpeza de tanques de \u00f3leo com jato de \u00e1gua UHP, grau 10\/28, L:3M, pode ser usada como prote\u00e7\u00e3o segura para evitar vazamentos.<\/p>\n<p>Diversos processos de limpeza, incluindo limpeza de superf\u00edcies, tubula\u00e7\u00f5es, tanques e vasos de press\u00e3o, etc.<\/p>\n<p>&nbsp;<\/p>\n<p>Apresenta\u00e7\u00e3o do produto: Manga protetora para mangueira de hidrojateamento UHP, grau 10\/28, L3.0M<br \/>\nA capa protetora para mangueira de jateamento UHP Hydro Jet, grau 10\/28, s\u00e9ries L3.0M e 1.5M, fixa-se com seguran\u00e7a na conex\u00e3o da mangueira de alta press\u00e3o da pistola, proporcionando ao operador maior prote\u00e7\u00e3o contra vazamentos repentinos. Compat\u00edvel com a maioria dos modelos de pistolas. F\u00e1cil de instalar e dispon\u00edvel em diversos tamanhos e comprimentos.<\/p>","protected":false},"featured_media":1337,"template":"","meta":[],"product_brand":[],"product_cat":[11],"product_tag":[],"class_list":{"0":"post-1333","1":"product","2":"type-product","3":"status-publish","4":"has-post-thumbnail","6":"product_cat-ship-cleaning-device","8":"first","9":"instock","10":"shipping-taxable","11":"product-type-simple"},"yoast_head":"<!-- This site is optimized with the Yoast SEO plugin v24.9 - https:\/\/yoast.com\/wordpress\/plugins\/seo\/ -->\n<title>UHP Hydro Jet Blasting hose protective Sleeve 10\/28 grade L3.0M - Panwin Machinery&amp;Equipment<\/title>\n<meta name=\"robots\" content=\"index, follow, max-snippet:-1, max-image-preview:large, max-video-preview:-1\" \/>\n<link rel=\"canonical\" href=\"https:\/\/panwinjet.com\/pt\/produto\/uhp-hydro-jet-blasting-hose-protective-sleeve-10-28-grade-l3-0m\/\" \/>\n<meta property=\"og:locale\" content=\"pt_PT\" \/>\n<meta property=\"og:type\" content=\"article\" \/>\n<meta property=\"og:title\" content=\"UHP Hydro Jet Blasting hose protective Sleeve 10\/28 grade L3.0M - Panwin Machinery&amp;Equipment\" \/>\n<meta property=\"og:description\" content=\"Application:  This UHP Water-Jet Blasting Oil Tank Cleaning hose protective Sleeve 10\/28 grade L:3M can be used as the safe protection to avoid the leaking in  many cleaning process surface Cleaning, pipe and tube cleaning tank&amp;Vessel cleaning etc.  &nbsp;  Product Introduction of UHP Hydro Jet Blasting hose protective Sleeve 10\/28 grade L3.0M The UHP Hydro Jet Blasting hose protective Sleeve 10\/28 grade L3.0M &amp;1.5M Series attaches securely at the gun\u2019s high pressure hose connection to provide the operator added protection against sudden hose leaks. Compatible with most style guns. It is Easy to install and Various sizes and lengths.\" \/>\n<meta property=\"og:url\" content=\"https:\/\/panwinjet.com\/pt\/produto\/uhp-hydro-jet-blasting-hose-protective-sleeve-10-28-grade-l3-0m\/\" \/>\n<meta property=\"og:site_name\" content=\"Panwin Machinery&amp;Equipment\" \/>\n<meta property=\"og:image\" content=\"https:\/\/panwinjet.com\/wp-content\/uploads\/2025\/09\/3M-4.jpg\" \/>\n\t<meta property=\"og:image:width\" content=\"1706\" \/>\n\t<meta property=\"og:image:height\" content=\"1279\" \/>\n\t<meta property=\"og:image:type\" content=\"image\/jpeg\" \/>\n<meta name=\"twitter:card\" content=\"summary_large_image\" \/>\n<meta name=\"twitter:label1\" content=\"Tempo estimado de leitura\" \/>\n\t<meta name=\"twitter:data1\" content=\"2 minutos\" \/>\n<script type=\"application\/ld+json\" class=\"yoast-schema-graph\">{\"@context\":\"https:\/\/schema.org\",\"@graph\":[{\"@type\":\"WebPage\",\"@id\":\"https:\/\/panwinjet.com\/product\/uhp-hydro-jet-blasting-hose-protective-sleeve-10-28-grade-l3-0m\/\",\"url\":\"https:\/\/panwinjet.com\/product\/uhp-hydro-jet-blasting-hose-protective-sleeve-10-28-grade-l3-0m\/\",\"name\":\"UHP Hydro Jet Blasting hose protective Sleeve 10\/28 grade L3.0M - Panwin Machinery&amp;Equipment\",\"isPartOf\":{\"@id\":\"https:\/\/panwinjet.com\/#website\"},\"primaryImageOfPage\":{\"@id\":\"https:\/\/panwinjet.com\/product\/uhp-hydro-jet-blasting-hose-protective-sleeve-10-28-grade-l3-0m\/#primaryimage\"},\"image\":{\"@id\":\"https:\/\/panwinjet.com\/product\/uhp-hydro-jet-blasting-hose-protective-sleeve-10-28-grade-l3-0m\/#primaryimage\"},\"thumbnailUrl\":\"https:\/\/panwinjet.com\/wp-content\/uploads\/2025\/09\/3M-4.jpg\",\"datePublished\":\"2025-09-23T14:48:22+00:00\",\"breadcrumb\":{\"@id\":\"https:\/\/panwinjet.com\/product\/uhp-hydro-jet-blasting-hose-protective-sleeve-10-28-grade-l3-0m\/#breadcrumb\"},\"inLanguage\":\"pt-PT\",\"potentialAction\":[{\"@type\":\"ReadAction\",\"target\":[\"https:\/\/panwinjet.com\/product\/uhp-hydro-jet-blasting-hose-protective-sleeve-10-28-grade-l3-0m\/\"]}]},{\"@type\":\"ImageObject\",\"inLanguage\":\"pt-PT\",\"@id\":\"https:\/\/panwinjet.com\/product\/uhp-hydro-jet-blasting-hose-protective-sleeve-10-28-grade-l3-0m\/#primaryimage\",\"url\":\"https:\/\/panwinjet.com\/wp-content\/uploads\/2025\/09\/3M-4.jpg\",\"contentUrl\":\"https:\/\/panwinjet.com\/wp-content\/uploads\/2025\/09\/3M-4.jpg\",\"width\":1706,\"height\":1279},{\"@type\":\"BreadcrumbList\",\"@id\":\"https:\/\/panwinjet.com\/product\/uhp-hydro-jet-blasting-hose-protective-sleeve-10-28-grade-l3-0m\/#breadcrumb\",\"itemListElement\":[{\"@type\":\"ListItem\",\"position\":1,\"name\":\"\u9996\u9875\",\"item\":\"https:\/\/panwinjet.com\/\"},{\"@type\":\"ListItem\",\"position\":2,\"name\":\"PRODUCT\",\"item\":\"https:\/\/panwinjet.com\/product\/\"},{\"@type\":\"ListItem\",\"position\":3,\"name\":\"UHP Hydro Jet Blasting hose protective Sleeve 10\/28 grade L3.0M\"}]},{\"@type\":\"WebSite\",\"@id\":\"https:\/\/panwinjet.com\/#website\",\"url\":\"https:\/\/panwinjet.com\/\",\"name\":\"Panwin Machinery&amp;Equipment\",\"description\":\"Shenzhen Panwin Machinery&amp;Equipment Co.Ltd\",\"potentialAction\":[{\"@type\":\"SearchAction\",\"target\":{\"@type\":\"EntryPoint\",\"urlTemplate\":\"https:\/\/panwinjet.com\/?s={search_term_string}\"},\"query-input\":{\"@type\":\"PropertyValueSpecification\",\"valueRequired\":true,\"valueName\":\"search_term_string\"}}],\"inLanguage\":\"pt-PT\"}]}<\/script>\n<!-- \/ Yoast SEO plugin. -->","yoast_head_json":{"title":"UHP Hydro Jet Blasting hose protective Sleeve 10\/28 grade L3.0M - Panwin Machinery&amp;Equipment","robots":{"index":"index","follow":"follow","max-snippet":"max-snippet:-1","max-image-preview":"max-image-preview:large","max-video-preview":"max-video-preview:-1"},"canonical":"https:\/\/panwinjet.com\/pt\/produto\/uhp-hydro-jet-blasting-hose-protective-sleeve-10-28-grade-l3-0m\/","og_locale":"pt_PT","og_type":"article","og_title":"UHP Hydro Jet Blasting hose protective Sleeve 10\/28 grade L3.0M - Panwin Machinery&amp;Equipment","og_description":"Application:  This UHP Water-Jet Blasting Oil Tank Cleaning hose protective Sleeve 10\/28 grade L:3M can be used as the safe protection to avoid the leaking in  many cleaning process surface Cleaning, pipe and tube cleaning tank&amp;Vessel cleaning etc.  &nbsp;  Product Introduction of UHP Hydro Jet Blasting hose protective Sleeve 10\/28 grade L3.0M The UHP Hydro Jet Blasting hose protective Sleeve 10\/28 grade L3.0M &amp;1.5M Series attaches securely at the gun\u2019s high pressure hose connection to provide the operator added protection against sudden hose leaks. Compatible with most style guns. It is Easy to install and Various sizes and lengths.","og_url":"https:\/\/panwinjet.com\/pt\/produto\/uhp-hydro-jet-blasting-hose-protective-sleeve-10-28-grade-l3-0m\/","og_site_name":"Panwin Machinery&amp;Equipment","og_image":[{"width":1706,"height":1279,"url":"https:\/\/panwinjet.com\/wp-content\/uploads\/2025\/09\/3M-4.jpg","type":"image\/jpeg"}],"twitter_card":"summary_large_image","twitter_misc":{"Tempo estimado de leitura":"2 minutos"},"schema":{"@context":"https:\/\/schema.org","@graph":[{"@type":"WebPage","@id":"https:\/\/panwinjet.com\/product\/uhp-hydro-jet-blasting-hose-protective-sleeve-10-28-grade-l3-0m\/","url":"https:\/\/panwinjet.com\/product\/uhp-hydro-jet-blasting-hose-protective-sleeve-10-28-grade-l3-0m\/","name":"UHP Hydro Jet Blasting hose protective Sleeve 10\/28 grade L3.0M - Panwin Machinery&amp;Equipment","isPartOf":{"@id":"https:\/\/panwinjet.com\/#website"},"primaryImageOfPage":{"@id":"https:\/\/panwinjet.com\/product\/uhp-hydro-jet-blasting-hose-protective-sleeve-10-28-grade-l3-0m\/#primaryimage"},"image":{"@id":"https:\/\/panwinjet.com\/product\/uhp-hydro-jet-blasting-hose-protective-sleeve-10-28-grade-l3-0m\/#primaryimage"},"thumbnailUrl":"https:\/\/panwinjet.com\/wp-content\/uploads\/2025\/09\/3M-4.jpg","datePublished":"2025-09-23T14:48:22+00:00","breadcrumb":{"@id":"https:\/\/panwinjet.com\/product\/uhp-hydro-jet-blasting-hose-protective-sleeve-10-28-grade-l3-0m\/#breadcrumb"},"inLanguage":"pt-PT","potentialAction":[{"@type":"ReadAction","target":["https:\/\/panwinjet.com\/product\/uhp-hydro-jet-blasting-hose-protective-sleeve-10-28-grade-l3-0m\/"]}]},{"@type":"ImageObject","inLanguage":"pt-PT","@id":"https:\/\/panwinjet.com\/product\/uhp-hydro-jet-blasting-hose-protective-sleeve-10-28-grade-l3-0m\/#primaryimage","url":"https:\/\/panwinjet.com\/wp-content\/uploads\/2025\/09\/3M-4.jpg","contentUrl":"https:\/\/panwinjet.com\/wp-content\/uploads\/2025\/09\/3M-4.jpg","width":1706,"height":1279},{"@type":"BreadcrumbList","@id":"https:\/\/panwinjet.com\/product\/uhp-hydro-jet-blasting-hose-protective-sleeve-10-28-grade-l3-0m\/#breadcrumb","itemListElement":[{"@type":"ListItem","position":1,"name":"\u9996\u9875","item":"https:\/\/panwinjet.com\/"},{"@type":"ListItem","position":2,"name":"PRODUCT","item":"https:\/\/panwinjet.com\/product\/"},{"@type":"ListItem","position":3,"name":"UHP Hydro Jet Blasting hose protective Sleeve 10\/28 grade L3.0M"}]},{"@type":"WebSite","@id":"https:\/\/panwinjet.com\/#website","url":"https:\/\/panwinjet.com\/","name":"Panwin Machinery&amp;Equipment","description":"Shenzhen Panwin Machinery&amp;Equipment Co.Ltd","potentialAction":[{"@type":"SearchAction","target":{"@type":"EntryPoint","urlTemplate":"https:\/\/panwinjet.com\/?s={search_term_string}"},"query-input":{"@type":"PropertyValueSpecification","valueRequired":true,"valueName":"search_term_string"}}],"inLanguage":"pt-PT"}]}},"_links":{"self":[{"href":"https:\/\/panwinjet.com\/pt\/wp-json\/wp\/v2\/product\/1333","targetHints":{"allow":["GET"]}}],"collection":[{"href":"https:\/\/panwinjet.com\/pt\/wp-json\/wp\/v2\/product"}],"about":[{"href":"https:\/\/panwinjet.com\/pt\/wp-json\/wp\/v2\/types\/product"}],"wp:featuredmedia":[{"embeddable":true,"href":"https:\/\/panwinjet.com\/pt\/wp-json\/wp\/v2\/media\/1337"}],"wp:attachment":[{"href":"https:\/\/panwinjet.com\/pt\/wp-json\/wp\/v2\/media?parent=1333"}],"wp:term":[{"taxonomy":"product_brand","embeddable":true,"href":"https:\/\/panwinjet.com\/pt\/wp-json\/wp\/v2\/product_brand?post=1333"},{"taxonomy":"product_cat","embeddable":true,"href":"https:\/\/panwinjet.com\/pt\/wp-json\/wp\/v2\/product_cat?post=1333"},{"taxonomy":"product_tag","embeddable":true,"href":"https:\/\/panwinjet.com\/pt\/wp-json\/wp\/v2\/product_tag?post=1333"}],"curies":[{"name":"wp","href":"https:\/\/api.w.org\/{rel}","templated":true}]}}