{"id":1323,"date":"2025-09-23T14:37:49","date_gmt":"2025-09-23T14:37:49","guid":{"rendered":"https:\/\/panwinjet.com\/?post_type=product&#038;p=1323"},"modified":"2025-09-23T14:50:51","modified_gmt":"2025-09-23T14:50:51","slug":"china-supplier-high-quality-3000bar-hydro-jet-blasting-heat-exchangers-cleaning-protective-ppe-clothtrousers-suite","status":"publish","type":"product","link":"https:\/\/panwinjet.com\/pt\/produto\/china-supplier-high-quality-3000bar-hydro-jet-blasting-heat-exchangers-cleaning-protective-ppe-clothtrousers-suite\/","title":{"rendered":"Conjunto de EPI de alta qualidade para limpeza de trocadores de calor por hidrojateamento de 3000 bar, fornecido pela China. Inclui roupas e cal\u00e7as de prote\u00e7\u00e3o."},"content":{"rendered":"<p><strong><b>\u00a0Caracter\u00edsticas e aplica\u00e7\u00f5es de<\/b><\/strong><strong><b>\u00a0<\/b><\/strong><strong><b>Conjunto de roupa e cal\u00e7a de prote\u00e7\u00e3o para limpeza de trocadores de calor por hidrojateamento de alta qualidade (3000 bar) de fornecedor chin\u00eas.<\/b><\/strong><\/p>\n<p><strong><b>A press\u00e3o \u00e9 de 2800 bar. <\/b><\/strong><strong><b>Classifica\u00e7\u00e3o: <\/b><\/strong><strong><b>O traje de prote\u00e7\u00e3o UHP para jateamento de \u00e1gua <\/b><\/strong><strong><b>Pode fornecer tratamento completo, do queixo aos p\u00e9s.<\/b><\/strong><strong><b>\u00a0<\/b><\/strong><strong><b>prote\u00e7\u00e3o contra poss\u00edveis les\u00f5es de <\/b><\/strong><strong><b>jatos acidentais de \u00e1gua de alta press\u00e3o associados a jateamento de \u00e1gua<\/b><\/strong><strong><b>.<\/b><\/strong><\/p>\n<p><strong><b>Personalizado<\/b><\/strong><strong><b>er<\/b><\/strong><strong><b>\u00a0Conjunto de prote\u00e7\u00e3o para limpeza de trocadores de calor por hidrojateamento de alta qualidade (3000 bar) de fornecedor chin\u00eas: roupa e cal\u00e7a de prote\u00e7\u00e3o.<\/b><\/strong><strong><b>\u00a0s\u00e3o <\/b><\/strong><strong><b>Dispon\u00edvel em uma variedade de tamanhos padr\u00e3o e<\/b><\/strong><strong><b>\u00a0<\/b><\/strong><strong><b>Tamanhos personalizados para maior conforto.<\/b><\/strong><strong><b>\u00a0<\/b><\/strong><strong><b>e mobilidade. O conjunto completo \u00e9 composto por uma bra\u00e7adeira.<\/b><\/strong><strong><b>Protetor de pesco\u00e7o UHP, jaqueta, avental, manga, capa para bota<\/b><\/strong><strong><b>\u2013 tamb\u00e9m vendido separadamente.<\/b><\/strong><\/p>\n<p><strong><b>\u00a0<\/b><\/strong><\/p>\n<p><strong><b>N\u00f3s <\/b><\/strong><strong><b>Manga protetora para mangueira de jateamento hidrojato UHP<\/b><\/strong><strong><b>\u00a0Fabricado com material de alta performance e alta densidade, suporta jateamento de \u00e1gua com press\u00e3o m\u00e1xima de 300 MPa, e testes comprovam sua efic\u00e1cia na prote\u00e7\u00e3o.<\/b><\/strong><\/p>\n<p><strong><b>Observa\u00e7\u00e3o:<\/b><\/strong><strong><b>Este resultado \u00e9 um resultado de teste sob determinadas condi\u00e7\u00f5es. O resultado \u00e9 baseado em dados t\u00e9cnicos. <\/b><\/strong><strong><b>nossa capa protetora <\/b><\/strong><strong><b>Considera-se confi\u00e1vel e ser\u00e1 revisado com base em mais conhecimento e experi\u00eancia durante o uso espec\u00edfico. <\/b><\/strong><strong><b>Panwin Protective<\/b><\/strong><strong><b>\u00a0N\u00e3o garante resultados e n\u00e3o assume qualquer obriga\u00e7\u00e3o ou responsabilidade relacionada a esta pe\u00e7a de roupa.<\/b><\/strong><\/p>\n<p><strong><b>\u00a0<\/b><\/strong><\/p>\n<p><strong><b> <img decoding=\"async\" class=\"alignleft size-medium wp-image-1330 lazyload\" data-src=\"https:\/\/panwinjet.com\/wp-content\/uploads\/2025\/09\/Protective-Sleeve-1-500x260.png\" alt=\"\" width=\"500\" height=\"260\" data-srcset=\"https:\/\/panwinjet.com\/wp-content\/uploads\/2025\/09\/Protective-Sleeve-1-500x260.png 500w, https:\/\/panwinjet.com\/wp-content\/uploads\/2025\/09\/Protective-Sleeve-1-300x156.png 300w, https:\/\/panwinjet.com\/wp-content\/uploads\/2025\/09\/Protective-Sleeve-1-768x399.png 768w, https:\/\/panwinjet.com\/wp-content\/uploads\/2025\/09\/Protective-Sleeve-1-144x75.png 144w, https:\/\/panwinjet.com\/wp-content\/uploads\/2025\/09\/Protective-Sleeve-1-480x249.png 480w, https:\/\/panwinjet.com\/wp-content\/uploads\/2025\/09\/Protective-Sleeve-1-800x415.png 800w, https:\/\/panwinjet.com\/wp-content\/uploads\/2025\/09\/Protective-Sleeve-1.png 942w\" data-sizes=\"(max-width:767px) 480px, 500px\" src=\"data:image\/svg+xml;base64,PHN2ZyB3aWR0aD0iMSIgaGVpZ2h0PSIxIiB4bWxucz0iaHR0cDovL3d3dy53My5vcmcvMjAwMC9zdmciPjwvc3ZnPg==\" style=\"--smush-placeholder-width: 500px; --smush-placeholder-aspect-ratio: 500\/260;\" \/><\/b><\/strong><\/p>\n<p>&nbsp;<\/p>\n<p>&nbsp;<\/p>\n<p>&nbsp;<\/p>\n<p>&nbsp;<\/p>\n<p>&nbsp;<\/p>\n<p>&nbsp;<\/p>\n<p>&nbsp;<\/p>\n<p>&nbsp;<\/p>\n<p>Efeito de jato reto de 2500 bar<\/p>\n<p><strong><b>\u00a0<\/b><\/strong><strong><b>Aplicativo:<\/b><\/strong><\/p>\n<p>Jateamento com \u00e1gua UHP na ind\u00fastria da constru\u00e7\u00e3o civil<\/p>\n<p>Jateamento a jato de \u00e1gua para a ind\u00fastria de ferro, a\u00e7o e metal<\/p>\n<p>Jateadora de \u00e1gua de alta press\u00e3o - Engenharia Mec\u00e2nica e de Aparelhos<\/p>\n<p>Ind\u00fastria de cimento e concreto<\/p>\n<p>Barracuda de alta press\u00e3o para limpeza de superf\u00edcies<\/p>\n<p>Pe\u00e7as para equipamentos de limpeza UHP Hydro Jet<\/p>\n<p>Barras de pulveriza\u00e7\u00e3o para limpeza industrial<\/p>\n<p>M\u00e1quina de hidrojateamento para a ind\u00fastria de refino de petr\u00f3leo<\/p>\n<p>Limpeza de superf\u00edcies com hidrojato, limpeza de tanques e embarca\u00e7\u00f5es,<\/p>\n<p>Limpeza do trocador de calor,<\/p>\n<p>Limpeza de pintura automotiva, limpeza da ind\u00fastria de minera\u00e7\u00e3o, limpeza de f\u00e1bricas de a\u00e7o, etc.<\/p>\n<p>Equipamento de limpeza de esgoto de alta press\u00e3o para redes de tubula\u00e7\u00e3o municipais de abastecimento de \u00e1gua e esgoto;<\/p>","protected":false},"excerpt":{"rendered":"<p><strong><b>Introdu\u00e7\u00e3o de <\/b><\/strong><strong><b>Conjunto de roupa e cal\u00e7a de prote\u00e7\u00e3o para limpeza de trocadores de calor por hidrojateamento de alta qualidade (3000 bar) de fornecedor chin\u00eas.<\/b><\/strong><\/p>\n<p><strong><b>Bomba de pist\u00e3o triplex de alta qualidade de 2800 bar para limpeza com jato de \u00e1gua de alta press\u00e3o. <\/b><\/strong><strong><b>Roupas e vestimentas de prote\u00e7\u00e3o para jateamento com \u00e1gua de alta press\u00e3o s\u00e3o <\/b><\/strong><strong><b>recurso<\/b><\/strong><strong><b>d<\/b><\/strong><strong><b>\u00a0<\/b><\/strong><strong><b>alta qualidade<\/b><\/strong><strong><b>\u00a0for\u00e7a e <\/b><\/strong><strong><b>longo <\/b><\/strong><strong><b>durabilidade, <\/b><\/strong><strong><b>Respirabilidade<\/b><\/strong><strong><b>, <\/b><\/strong><strong><b>Alto n\u00edvel de prote\u00e7\u00e3o em termos de <\/b><\/strong><strong><b>resist\u00eancia ao mofo, resist\u00eancia \u00e0 \u00e1gua<\/b><\/strong><strong><b>.<\/b><\/strong><\/p>\n<div style=\"width: 1220px;\" class=\"wp-video\"><video class=\"wp-video-shortcode\" id=\"video-1323-1\" width=\"1220\" height=\"686\" preload=\"metadata\" controls=\"controls\"><source type=\"video\/mp4\" src=\"https:\/\/panwinjet.com\/wp-content\/uploads\/2025\/09\/Cooler-Video.mp4?_=1\" \/><a href=\"https:\/\/panwinjet.com\/wp-content\/uploads\/2025\/09\/Cooler-Video.mp4\">https:\/\/panwinjet.com\/wp-content\/uploads\/2025\/09\/Cooler-Video.mp4<\/a><\/video><\/div>\n<p>&nbsp;<\/p>\n<p><strong><b>\u00a0<\/b><\/strong><\/p>\n<p>&nbsp;<\/p>\n<p><strong><b>\u00a0Especifica\u00e7\u00f5es do conjunto de roupa e cal\u00e7a de prote\u00e7\u00e3o para limpeza de trocadores de calor por hidrojateamento de alta qualidade (3000 bar) de um fornecedor chin\u00eas.<\/b><\/strong><\/p>\n<p>Nosso fornecedor chin\u00eas oferece um conjunto de roupa e cal\u00e7a de prote\u00e7\u00e3o para limpeza de trocadores de calor por hidrojateamento de alta qualidade (3000 bar), de 3000 bar.<\/p>\n<p><strong><b>Os trajes de prote\u00e7\u00e3o para press\u00e3o de 2800 bar s\u00e3o leves e flex\u00edveis, projetados para manter sua resist\u00eancia, estabilidade dimensional e cor em condi\u00e7\u00f5es severas e acidentes, protegendo o operador e salvando vidas.<\/b><\/strong><\/p>\n<p><strong><b>M\u00e1quina de hidrojateamento de alta press\u00e3o UHP de excelente qualidade para limpeza de drenos, com prote\u00e7\u00e3o UHP de 40.000 psi. Dispon\u00edvel em cores protetoras, com cobertura padr\u00e3o e total.<\/b><\/strong><\/p>","protected":false},"featured_media":1331,"template":"","meta":[],"product_brand":[],"product_cat":[11],"product_tag":[],"class_list":{"0":"post-1323","1":"product","2":"type-product","3":"status-publish","4":"has-post-thumbnail","6":"product_cat-ship-cleaning-device","8":"first","9":"instock","10":"shipping-taxable","11":"product-type-simple"},"yoast_head":"<!-- This site is optimized with the Yoast SEO plugin v24.9 - https:\/\/yoast.com\/wordpress\/plugins\/seo\/ -->\n<title>China Supplier High Quality 3000Bar Hydro-jet Blasting heat exchangers cleaning protective PPE Cloth&amp;Trousers suite - Panwin Machinery&amp;Equipment<\/title>\n<meta name=\"robots\" content=\"index, follow, max-snippet:-1, max-image-preview:large, max-video-preview:-1\" \/>\n<link rel=\"canonical\" href=\"https:\/\/panwinjet.com\/pt\/produto\/china-supplier-high-quality-3000bar-hydro-jet-blasting-heat-exchangers-cleaning-protective-ppe-clothtrousers-suite\/\" \/>\n<meta property=\"og:locale\" content=\"pt_PT\" \/>\n<meta property=\"og:type\" content=\"article\" \/>\n<meta property=\"og:title\" content=\"China Supplier High Quality 3000Bar Hydro-jet Blasting heat exchangers cleaning protective PPE Cloth&amp;Trousers suite - Panwin Machinery&amp;Equipment\" \/>\n<meta property=\"og:description\" content=\"Introduction of China Supplier High Quality 3000Bar Hydro-jet Blasting heat exchangers cleaning protective Cloth&amp;Trousers suite  High Quality 2800Bar triplex plunger pump Water Blasting high pressure water jet cleaning Operation Protective Clothing and garment for High Pressure Water Blasting is featured\u00a0high-grade\u00a0strength and long durability, Breath-ability, High level protection in term of mildew resistance, water resistance.    &nbsp;  \u00a0  &nbsp;  \u00a0Parameter (Specification) of China Supplier High Quality 3000Bar Hydro-jet Blasting heat exchangers cleaning protective Cloth&amp;Trousers suite  Our China Supplier High Quality 3000Bar Hydro-jet Blasting heat exchangers cleaning protective Cloth&amp;Trousers suite  The whole 2800Bar Pressure Rate level Suits are lightweight and flexible, and designed to retain their strength, dimensional stability, and color in severe conditions and accidence to protect the operation and save life.  Excellent Quality 40000psi UHP high pressure water blast hydro jet drain machine cleaning protective UHP Protective colors are available in standard coverage and full coverage styles.\" \/>\n<meta property=\"og:url\" content=\"https:\/\/panwinjet.com\/pt\/produto\/china-supplier-high-quality-3000bar-hydro-jet-blasting-heat-exchangers-cleaning-protective-ppe-clothtrousers-suite\/\" \/>\n<meta property=\"og:site_name\" content=\"Panwin Machinery&amp;Equipment\" \/>\n<meta property=\"article:modified_time\" content=\"2025-09-23T14:50:51+00:00\" \/>\n<meta property=\"og:image\" content=\"https:\/\/panwinjet.com\/wp-content\/uploads\/2025\/09\/typc-c-7-1.png\" \/>\n\t<meta property=\"og:image:width\" content=\"264\" \/>\n\t<meta property=\"og:image:height\" content=\"668\" \/>\n\t<meta property=\"og:image:type\" content=\"image\/png\" \/>\n<meta name=\"twitter:card\" content=\"summary_large_image\" \/>\n<meta name=\"twitter:label1\" content=\"Tempo estimado de leitura\" \/>\n\t<meta name=\"twitter:data1\" content=\"2 minutos\" \/>\n<script type=\"application\/ld+json\" class=\"yoast-schema-graph\">{\"@context\":\"https:\/\/schema.org\",\"@graph\":[{\"@type\":\"WebPage\",\"@id\":\"https:\/\/panwinjet.com\/product\/china-supplier-high-quality-3000bar-hydro-jet-blasting-heat-exchangers-cleaning-protective-ppe-clothtrousers-suite\/\",\"url\":\"https:\/\/panwinjet.com\/product\/china-supplier-high-quality-3000bar-hydro-jet-blasting-heat-exchangers-cleaning-protective-ppe-clothtrousers-suite\/\",\"name\":\"China Supplier High Quality 3000Bar Hydro-jet Blasting heat exchangers cleaning protective PPE Cloth&Trousers suite - Panwin Machinery&amp;Equipment\",\"isPartOf\":{\"@id\":\"https:\/\/panwinjet.com\/#website\"},\"primaryImageOfPage\":{\"@id\":\"https:\/\/panwinjet.com\/product\/china-supplier-high-quality-3000bar-hydro-jet-blasting-heat-exchangers-cleaning-protective-ppe-clothtrousers-suite\/#primaryimage\"},\"image\":{\"@id\":\"https:\/\/panwinjet.com\/product\/china-supplier-high-quality-3000bar-hydro-jet-blasting-heat-exchangers-cleaning-protective-ppe-clothtrousers-suite\/#primaryimage\"},\"thumbnailUrl\":\"https:\/\/panwinjet.com\/wp-content\/uploads\/2025\/09\/typc-c-7-1.png\",\"datePublished\":\"2025-09-23T14:37:49+00:00\",\"dateModified\":\"2025-09-23T14:50:51+00:00\",\"breadcrumb\":{\"@id\":\"https:\/\/panwinjet.com\/product\/china-supplier-high-quality-3000bar-hydro-jet-blasting-heat-exchangers-cleaning-protective-ppe-clothtrousers-suite\/#breadcrumb\"},\"inLanguage\":\"pt-PT\",\"potentialAction\":[{\"@type\":\"ReadAction\",\"target\":[\"https:\/\/panwinjet.com\/product\/china-supplier-high-quality-3000bar-hydro-jet-blasting-heat-exchangers-cleaning-protective-ppe-clothtrousers-suite\/\"]}]},{\"@type\":\"ImageObject\",\"inLanguage\":\"pt-PT\",\"@id\":\"https:\/\/panwinjet.com\/product\/china-supplier-high-quality-3000bar-hydro-jet-blasting-heat-exchangers-cleaning-protective-ppe-clothtrousers-suite\/#primaryimage\",\"url\":\"https:\/\/panwinjet.com\/wp-content\/uploads\/2025\/09\/typc-c-7-1.png\",\"contentUrl\":\"https:\/\/panwinjet.com\/wp-content\/uploads\/2025\/09\/typc-c-7-1.png\",\"width\":264,\"height\":668},{\"@type\":\"BreadcrumbList\",\"@id\":\"https:\/\/panwinjet.com\/product\/china-supplier-high-quality-3000bar-hydro-jet-blasting-heat-exchangers-cleaning-protective-ppe-clothtrousers-suite\/#breadcrumb\",\"itemListElement\":[{\"@type\":\"ListItem\",\"position\":1,\"name\":\"\u9996\u9875\",\"item\":\"https:\/\/panwinjet.com\/\"},{\"@type\":\"ListItem\",\"position\":2,\"name\":\"PRODUCT\",\"item\":\"https:\/\/panwinjet.com\/product\/\"},{\"@type\":\"ListItem\",\"position\":3,\"name\":\"China Supplier High Quality 3000Bar Hydro-jet Blasting heat exchangers cleaning protective PPE Cloth&#038;Trousers suite\"}]},{\"@type\":\"WebSite\",\"@id\":\"https:\/\/panwinjet.com\/#website\",\"url\":\"https:\/\/panwinjet.com\/\",\"name\":\"Panwin Machinery&amp;Equipment\",\"description\":\"Shenzhen Panwin Machinery&amp;Equipment Co.Ltd\",\"potentialAction\":[{\"@type\":\"SearchAction\",\"target\":{\"@type\":\"EntryPoint\",\"urlTemplate\":\"https:\/\/panwinjet.com\/?s={search_term_string}\"},\"query-input\":{\"@type\":\"PropertyValueSpecification\",\"valueRequired\":true,\"valueName\":\"search_term_string\"}}],\"inLanguage\":\"pt-PT\"}]}<\/script>\n<!-- \/ Yoast SEO plugin. -->","yoast_head_json":{"title":"China Supplier High Quality 3000Bar Hydro-jet Blasting heat exchangers cleaning protective PPE Cloth&Trousers suite - Panwin Machinery&amp;Equipment","robots":{"index":"index","follow":"follow","max-snippet":"max-snippet:-1","max-image-preview":"max-image-preview:large","max-video-preview":"max-video-preview:-1"},"canonical":"https:\/\/panwinjet.com\/pt\/produto\/china-supplier-high-quality-3000bar-hydro-jet-blasting-heat-exchangers-cleaning-protective-ppe-clothtrousers-suite\/","og_locale":"pt_PT","og_type":"article","og_title":"China Supplier High Quality 3000Bar Hydro-jet Blasting heat exchangers cleaning protective PPE Cloth&Trousers suite - Panwin Machinery&amp;Equipment","og_description":"Introduction of China Supplier High Quality 3000Bar Hydro-jet Blasting heat exchangers cleaning protective Cloth&amp;Trousers suite  High Quality 2800Bar triplex plunger pump Water Blasting high pressure water jet cleaning Operation Protective Clothing and garment for High Pressure Water Blasting is featured\u00a0high-grade\u00a0strength and long durability, Breath-ability, High level protection in term of mildew resistance, water resistance.    &nbsp;  \u00a0  &nbsp;  \u00a0Parameter (Specification) of China Supplier High Quality 3000Bar Hydro-jet Blasting heat exchangers cleaning protective Cloth&amp;Trousers suite  Our China Supplier High Quality 3000Bar Hydro-jet Blasting heat exchangers cleaning protective Cloth&amp;Trousers suite  The whole 2800Bar Pressure Rate level Suits are lightweight and flexible, and designed to retain their strength, dimensional stability, and color in severe conditions and accidence to protect the operation and save life.  Excellent Quality 40000psi UHP high pressure water blast hydro jet drain machine cleaning protective UHP Protective colors are available in standard coverage and full coverage styles.","og_url":"https:\/\/panwinjet.com\/pt\/produto\/china-supplier-high-quality-3000bar-hydro-jet-blasting-heat-exchangers-cleaning-protective-ppe-clothtrousers-suite\/","og_site_name":"Panwin Machinery&amp;Equipment","article_modified_time":"2025-09-23T14:50:51+00:00","og_image":[{"width":264,"height":668,"url":"https:\/\/panwinjet.com\/wp-content\/uploads\/2025\/09\/typc-c-7-1.png","type":"image\/png"}],"twitter_card":"summary_large_image","twitter_misc":{"Tempo estimado de leitura":"2 minutos"},"schema":{"@context":"https:\/\/schema.org","@graph":[{"@type":"WebPage","@id":"https:\/\/panwinjet.com\/product\/china-supplier-high-quality-3000bar-hydro-jet-blasting-heat-exchangers-cleaning-protective-ppe-clothtrousers-suite\/","url":"https:\/\/panwinjet.com\/product\/china-supplier-high-quality-3000bar-hydro-jet-blasting-heat-exchangers-cleaning-protective-ppe-clothtrousers-suite\/","name":"China Supplier High Quality 3000Bar Hydro-jet Blasting heat exchangers cleaning protective PPE Cloth&Trousers suite - Panwin Machinery&amp;Equipment","isPartOf":{"@id":"https:\/\/panwinjet.com\/#website"},"primaryImageOfPage":{"@id":"https:\/\/panwinjet.com\/product\/china-supplier-high-quality-3000bar-hydro-jet-blasting-heat-exchangers-cleaning-protective-ppe-clothtrousers-suite\/#primaryimage"},"image":{"@id":"https:\/\/panwinjet.com\/product\/china-supplier-high-quality-3000bar-hydro-jet-blasting-heat-exchangers-cleaning-protective-ppe-clothtrousers-suite\/#primaryimage"},"thumbnailUrl":"https:\/\/panwinjet.com\/wp-content\/uploads\/2025\/09\/typc-c-7-1.png","datePublished":"2025-09-23T14:37:49+00:00","dateModified":"2025-09-23T14:50:51+00:00","breadcrumb":{"@id":"https:\/\/panwinjet.com\/product\/china-supplier-high-quality-3000bar-hydro-jet-blasting-heat-exchangers-cleaning-protective-ppe-clothtrousers-suite\/#breadcrumb"},"inLanguage":"pt-PT","potentialAction":[{"@type":"ReadAction","target":["https:\/\/panwinjet.com\/product\/china-supplier-high-quality-3000bar-hydro-jet-blasting-heat-exchangers-cleaning-protective-ppe-clothtrousers-suite\/"]}]},{"@type":"ImageObject","inLanguage":"pt-PT","@id":"https:\/\/panwinjet.com\/product\/china-supplier-high-quality-3000bar-hydro-jet-blasting-heat-exchangers-cleaning-protective-ppe-clothtrousers-suite\/#primaryimage","url":"https:\/\/panwinjet.com\/wp-content\/uploads\/2025\/09\/typc-c-7-1.png","contentUrl":"https:\/\/panwinjet.com\/wp-content\/uploads\/2025\/09\/typc-c-7-1.png","width":264,"height":668},{"@type":"BreadcrumbList","@id":"https:\/\/panwinjet.com\/product\/china-supplier-high-quality-3000bar-hydro-jet-blasting-heat-exchangers-cleaning-protective-ppe-clothtrousers-suite\/#breadcrumb","itemListElement":[{"@type":"ListItem","position":1,"name":"\u9996\u9875","item":"https:\/\/panwinjet.com\/"},{"@type":"ListItem","position":2,"name":"PRODUCT","item":"https:\/\/panwinjet.com\/product\/"},{"@type":"ListItem","position":3,"name":"China Supplier High Quality 3000Bar Hydro-jet Blasting heat exchangers cleaning protective PPE Cloth&#038;Trousers suite"}]},{"@type":"WebSite","@id":"https:\/\/panwinjet.com\/#website","url":"https:\/\/panwinjet.com\/","name":"Panwin Machinery&amp;Equipment","description":"Shenzhen Panwin Machinery&amp;Equipment Co.Ltd","potentialAction":[{"@type":"SearchAction","target":{"@type":"EntryPoint","urlTemplate":"https:\/\/panwinjet.com\/?s={search_term_string}"},"query-input":{"@type":"PropertyValueSpecification","valueRequired":true,"valueName":"search_term_string"}}],"inLanguage":"pt-PT"}]}},"_links":{"self":[{"href":"https:\/\/panwinjet.com\/pt\/wp-json\/wp\/v2\/product\/1323","targetHints":{"allow":["GET"]}}],"collection":[{"href":"https:\/\/panwinjet.com\/pt\/wp-json\/wp\/v2\/product"}],"about":[{"href":"https:\/\/panwinjet.com\/pt\/wp-json\/wp\/v2\/types\/product"}],"wp:featuredmedia":[{"embeddable":true,"href":"https:\/\/panwinjet.com\/pt\/wp-json\/wp\/v2\/media\/1331"}],"wp:attachment":[{"href":"https:\/\/panwinjet.com\/pt\/wp-json\/wp\/v2\/media?parent=1323"}],"wp:term":[{"taxonomy":"product_brand","embeddable":true,"href":"https:\/\/panwinjet.com\/pt\/wp-json\/wp\/v2\/product_brand?post=1323"},{"taxonomy":"product_cat","embeddable":true,"href":"https:\/\/panwinjet.com\/pt\/wp-json\/wp\/v2\/product_cat?post=1323"},{"taxonomy":"product_tag","embeddable":true,"href":"https:\/\/panwinjet.com\/pt\/wp-json\/wp\/v2\/product_tag?post=1323"}],"curies":[{"name":"wp","href":"https:\/\/api.w.org\/{rel}","templated":true}]}}