{"id":1301,"date":"2025-09-23T14:20:01","date_gmt":"2025-09-23T14:20:01","guid":{"rendered":"https:\/\/panwinjet.com\/?post_type=product&#038;p=1301"},"modified":"2025-09-23T14:20:01","modified_gmt":"2025-09-23T14:20:01","slug":"high-quality-2800bar-triplex-plunger-pump-water-blasting-high-pressure-water-jet-cleaning-operation-protective-uhp-protective-suite-type-b","status":"publish","type":"product","link":"https:\/\/panwinjet.com\/pt\/produto\/high-quality-2800bar-triplex-plunger-pump-water-blasting-high-pressure-water-jet-cleaning-operation-protective-uhp-protective-suite-type-b\/","title":{"rendered":"Bomba de pist\u00e3o triplex de alta qualidade 2800 Bar para limpeza com jato de \u00e1gua de alta press\u00e3o. Opera\u00e7\u00e3o com prote\u00e7\u00e3o UHP Tipo B."},"content":{"rendered":"<p><strong><b>Caracter\u00edsticas e aplica\u00e7\u00f5es de<\/b><\/strong><strong><b>\u00a0<\/b><\/strong><strong><b>Bomba de pist\u00e3o triplex de alta qualidade 2800 Bar para limpeza com jato de \u00e1gua de alta press\u00e3o. Opera\u00e7\u00e3o protegida com traje de prote\u00e7\u00e3o UHP.<\/b><\/strong><\/p>\n<p><strong><b>A press\u00e3o \u00e9 de 2800 bar. <\/b><\/strong><strong><b>Classifica\u00e7\u00e3o: <\/b><\/strong><strong><b>O traje de prote\u00e7\u00e3o UHP para jateamento de \u00e1gua <\/b><\/strong><strong><b>Pode fornecer tratamento completo, do queixo aos p\u00e9s.<\/b><\/strong><strong><b>\u00a0<\/b><\/strong><strong><b>prote\u00e7\u00e3o contra poss\u00edveis les\u00f5es de <\/b><\/strong><strong><b>jatos acidentais de \u00e1gua de alta press\u00e3o associados a jateamento de \u00e1gua<\/b><\/strong><strong><b>.<\/b><\/strong><\/p>\n<p><strong><b>\u00a0<\/b><\/strong><\/p>\n<p><strong><b>Personalizado<\/b><\/strong><strong><b>er<\/b><\/strong><strong><b>\u00a0Conjunto de prote\u00e7\u00e3o para limpeza de trocadores de calor por hidrojateamento de alta qualidade (3000 bar) de fornecedor chin\u00eas: roupa e cal\u00e7a de prote\u00e7\u00e3o.<\/b><\/strong><strong><b>\u00a0s\u00e3o <\/b><\/strong><strong><b>Dispon\u00edvel em uma variedade de tamanhos padr\u00e3o e<\/b><\/strong><strong><b>\u00a0<\/b><\/strong><strong><b>Tamanhos personalizados para maior conforto.<\/b><\/strong><strong><b>\u00a0<\/b><\/strong><strong><b>e mobilidade. O conjunto completo \u00e9 composto por uma bra\u00e7adeira.<\/b><\/strong><strong><b>Protetor de pesco\u00e7o UHP, jaqueta, avental, manga, capa para bota<\/b><\/strong><strong><b>\u2013 tamb\u00e9m vendido separadamente.<\/b><\/strong><\/p>\n<p><strong><b>\u00a0<\/b><\/strong><\/p>\n<p><strong><b>N\u00f3s <\/b><\/strong><strong><b>Manga protetora para mangueira de jateamento hidrojato UHP<\/b><\/strong><strong><b>\u00a0Fabricado com material de alta performance e alta densidade, suporta jateamento de \u00e1gua com press\u00e3o m\u00e1xima de 300 MPa, e testes comprovam sua efic\u00e1cia na prote\u00e7\u00e3o.<\/b><\/strong><\/p>\n<p><strong><b>Observa\u00e7\u00e3o:<\/b><\/strong><strong><b>Este resultado \u00e9 um resultado de teste sob determinadas condi\u00e7\u00f5es. O resultado \u00e9 baseado em dados t\u00e9cnicos. <\/b><\/strong><strong><b>nossa capa protetora <\/b><\/strong><strong><b>Considera-se confi\u00e1vel e ser\u00e1 revisado com base em mais conhecimento e experi\u00eancia durante o uso espec\u00edfico. <\/b><\/strong><strong><b>Panwin Protective<\/b><\/strong><strong><b>\u00a0N\u00e3o garante resultados e n\u00e3o assume qualquer obriga\u00e7\u00e3o ou responsabilidade relacionada a esta pe\u00e7a de roupa.<\/b><\/strong><\/p>\n<p><strong><b> <img decoding=\"async\" class=\"alignleft size-medium wp-image-1302 lazyload\" data-src=\"https:\/\/panwinjet.com\/wp-content\/uploads\/2025\/09\/Protective-Sleeve-500x260.png\" alt=\"\" width=\"500\" height=\"260\" data-srcset=\"https:\/\/panwinjet.com\/wp-content\/uploads\/2025\/09\/Protective-Sleeve-500x260.png 500w, https:\/\/panwinjet.com\/wp-content\/uploads\/2025\/09\/Protective-Sleeve-300x156.png 300w, https:\/\/panwinjet.com\/wp-content\/uploads\/2025\/09\/Protective-Sleeve-768x399.png 768w, https:\/\/panwinjet.com\/wp-content\/uploads\/2025\/09\/Protective-Sleeve-144x75.png 144w, https:\/\/panwinjet.com\/wp-content\/uploads\/2025\/09\/Protective-Sleeve-480x249.png 480w, https:\/\/panwinjet.com\/wp-content\/uploads\/2025\/09\/Protective-Sleeve-800x415.png 800w, https:\/\/panwinjet.com\/wp-content\/uploads\/2025\/09\/Protective-Sleeve.png 942w\" data-sizes=\"(max-width:767px) 480px, 500px\" src=\"data:image\/svg+xml;base64,PHN2ZyB3aWR0aD0iMSIgaGVpZ2h0PSIxIiB4bWxucz0iaHR0cDovL3d3dy53My5vcmcvMjAwMC9zdmciPjwvc3ZnPg==\" style=\"--smush-placeholder-width: 500px; --smush-placeholder-aspect-ratio: 500\/260;\" \/><\/b><\/strong><\/p>\n<p><strong><b>\u00a0<\/b><\/strong><\/p>\n<p>&nbsp;<\/p>\n<p>&nbsp;<\/p>\n<p>&nbsp;<\/p>\n<p>&nbsp;<\/p>\n<p>&nbsp;<\/p>\n<p>&nbsp;<\/p>\n<p>&nbsp;<\/p>\n<p>Efeito de jato reto de 2500 bar<\/p>\n<p><img decoding=\"async\" class=\"alignleft size-medium wp-image-1311 lazyload\" data-src=\"https:\/\/panwinjet.com\/wp-content\/uploads\/2025\/09\/Straight-Jet.png\" alt=\"\" width=\"454\" height=\"354\" data-srcset=\"https:\/\/panwinjet.com\/wp-content\/uploads\/2025\/09\/Straight-Jet.png 454w, https:\/\/panwinjet.com\/wp-content\/uploads\/2025\/09\/Straight-Jet-300x234.png 300w, https:\/\/panwinjet.com\/wp-content\/uploads\/2025\/09\/Straight-Jet-96x75.png 96w\" data-sizes=\"(max-width:767px) 454px, 454px\" src=\"data:image\/svg+xml;base64,PHN2ZyB3aWR0aD0iMSIgaGVpZ2h0PSIxIiB4bWxucz0iaHR0cDovL3d3dy53My5vcmcvMjAwMC9zdmciPjwvc3ZnPg==\" style=\"--smush-placeholder-width: 454px; --smush-placeholder-aspect-ratio: 454\/354;\" \/><\/p>\n<p>&nbsp;<\/p>\n<p>&nbsp;<\/p>\n<p>&nbsp;<\/p>\n<p>&nbsp;<\/p>\n<p>&nbsp;<\/p>\n<p>&nbsp;<\/p>\n<p>&nbsp;<\/p>\n<p>&nbsp;<\/p>\n<p>&nbsp;<\/p>\n<p>&nbsp;<\/p>\n<p>Efeito de jato reto de 2500 bar<\/p>","protected":false},"excerpt":{"rendered":"<p><strong><b>Introdu\u00e7\u00e3o de <\/b><\/strong><strong><b>Bomba de pist\u00e3o triplex de alta qualidade 2800 Bar para limpeza com jato de \u00e1gua de alta press\u00e3o. Opera\u00e7\u00e3o com prote\u00e7\u00e3o UHP Tipo B.<\/b><\/strong><\/p>\n<p><strong><b> <img decoding=\"async\" class=\"alignleft size-full wp-image-1312 lazyload\" data-src=\"https:\/\/panwinjet.com\/wp-content\/uploads\/2025\/09\/Rotary-Jet-2.png\" alt=\"\" width=\"499\" height=\"349\" data-srcset=\"https:\/\/panwinjet.com\/wp-content\/uploads\/2025\/09\/Rotary-Jet-2.png 499w, https:\/\/panwinjet.com\/wp-content\/uploads\/2025\/09\/Rotary-Jet-2-300x210.png 300w, https:\/\/panwinjet.com\/wp-content\/uploads\/2025\/09\/Rotary-Jet-2-107x75.png 107w, https:\/\/panwinjet.com\/wp-content\/uploads\/2025\/09\/Rotary-Jet-2-480x336.png 480w\" data-sizes=\"(max-width:767px) 480px, 499px\" src=\"data:image\/svg+xml;base64,PHN2ZyB3aWR0aD0iMSIgaGVpZ2h0PSIxIiB4bWxucz0iaHR0cDovL3d3dy53My5vcmcvMjAwMC9zdmciPjwvc3ZnPg==\" style=\"--smush-placeholder-width: 499px; --smush-placeholder-aspect-ratio: 499\/349;\" \/><\/b><\/strong><\/p>\n<p><strong><b>Bomba de pist\u00e3o triplex de alta qualidade de 2800 bar para limpeza com jato de \u00e1gua de alta press\u00e3o. <\/b><\/strong><strong><b>Roupas e vestimentas de prote\u00e7\u00e3o para jateamento com \u00e1gua de alta press\u00e3o s\u00e3o <\/b><\/strong><strong><b>recurso<\/b><\/strong><strong><b>d<\/b><\/strong><strong><b>\u00a0<\/b><\/strong><strong><b>alta qualidade<\/b><\/strong><strong><b>\u00a0for\u00e7a e <\/b><\/strong><strong><b>longo <\/b><\/strong><strong><b>durabilidade, <\/b><\/strong><strong><b>Respirabilidade<\/b><\/strong><strong><b>, <\/b><\/strong><strong><b>Alto n\u00edvel de prote\u00e7\u00e3o em termos de <\/b><\/strong><strong><b>resist\u00eancia ao mofo, resist\u00eancia \u00e0 \u00e1gua<\/b><\/strong><strong><b>.<\/b><\/strong><\/p>","protected":false},"featured_media":1310,"template":"","meta":[],"product_brand":[],"product_cat":[11],"product_tag":[30],"class_list":{"0":"post-1301","1":"product","2":"type-product","3":"status-publish","4":"has-post-thumbnail","6":"product_cat-ship-cleaning-device","7":"product_tag-uhp-waterblasting-ppe","9":"first","10":"instock","11":"shipping-taxable","12":"product-type-simple"},"yoast_head":"<!-- This site is optimized with the Yoast SEO plugin v24.9 - https:\/\/yoast.com\/wordpress\/plugins\/seo\/ -->\n<title>High Quality 2800Bar triplex plunger pump Water Blasting high pressure water jet cleaning Operation protective UHP Protective Suite Type B - Panwin Machinery&amp;Equipment<\/title>\n<meta name=\"robots\" content=\"index, follow, max-snippet:-1, max-image-preview:large, max-video-preview:-1\" \/>\n<link rel=\"canonical\" href=\"https:\/\/panwinjet.com\/pt\/produto\/high-quality-2800bar-triplex-plunger-pump-water-blasting-high-pressure-water-jet-cleaning-operation-protective-uhp-protective-suite-type-b\/\" \/>\n<meta property=\"og:locale\" content=\"pt_PT\" \/>\n<meta property=\"og:type\" content=\"article\" \/>\n<meta property=\"og:title\" content=\"High Quality 2800Bar triplex plunger pump Water Blasting high pressure water jet cleaning Operation protective UHP Protective Suite Type B - Panwin Machinery&amp;Equipment\" \/>\n<meta property=\"og:description\" content=\"Introduction of High Quality 2800Bar triplex plunger pump Water Blasting high pressure water jet cleaning Operation protective UHP Protective Suite Type B     High Quality 2800Bar triplex plunger pump Water Blasting high pressure water jet cleaning Operation Protective Clothing and garment for High Pressure Water Blasting is featured\u00a0high-grade\u00a0strength and long durability, Breath-ability, High level protection in term of mildew resistance, water resistance.\" \/>\n<meta property=\"og:url\" content=\"https:\/\/panwinjet.com\/pt\/produto\/high-quality-2800bar-triplex-plunger-pump-water-blasting-high-pressure-water-jet-cleaning-operation-protective-uhp-protective-suite-type-b\/\" \/>\n<meta property=\"og:site_name\" content=\"Panwin Machinery&amp;Equipment\" \/>\n<meta property=\"og:image\" content=\"https:\/\/panwinjet.com\/wp-content\/uploads\/2025\/09\/type-B-7.png\" \/>\n\t<meta property=\"og:image:width\" content=\"303\" \/>\n\t<meta property=\"og:image:height\" content=\"662\" \/>\n\t<meta property=\"og:image:type\" content=\"image\/png\" \/>\n<meta name=\"twitter:card\" content=\"summary_large_image\" \/>\n<meta name=\"twitter:label1\" content=\"Tempo estimado de leitura\" \/>\n\t<meta name=\"twitter:data1\" content=\"2 minutos\" \/>\n<script type=\"application\/ld+json\" class=\"yoast-schema-graph\">{\"@context\":\"https:\/\/schema.org\",\"@graph\":[{\"@type\":\"WebPage\",\"@id\":\"https:\/\/panwinjet.com\/product\/high-quality-2800bar-triplex-plunger-pump-water-blasting-high-pressure-water-jet-cleaning-operation-protective-uhp-protective-suite-type-b\/\",\"url\":\"https:\/\/panwinjet.com\/product\/high-quality-2800bar-triplex-plunger-pump-water-blasting-high-pressure-water-jet-cleaning-operation-protective-uhp-protective-suite-type-b\/\",\"name\":\"High Quality 2800Bar triplex plunger pump Water Blasting high pressure water jet cleaning Operation protective UHP Protective Suite Type B - Panwin Machinery&amp;Equipment\",\"isPartOf\":{\"@id\":\"https:\/\/panwinjet.com\/#website\"},\"primaryImageOfPage\":{\"@id\":\"https:\/\/panwinjet.com\/product\/high-quality-2800bar-triplex-plunger-pump-water-blasting-high-pressure-water-jet-cleaning-operation-protective-uhp-protective-suite-type-b\/#primaryimage\"},\"image\":{\"@id\":\"https:\/\/panwinjet.com\/product\/high-quality-2800bar-triplex-plunger-pump-water-blasting-high-pressure-water-jet-cleaning-operation-protective-uhp-protective-suite-type-b\/#primaryimage\"},\"thumbnailUrl\":\"https:\/\/panwinjet.com\/wp-content\/uploads\/2025\/09\/type-B-7.png\",\"datePublished\":\"2025-09-23T14:20:01+00:00\",\"breadcrumb\":{\"@id\":\"https:\/\/panwinjet.com\/product\/high-quality-2800bar-triplex-plunger-pump-water-blasting-high-pressure-water-jet-cleaning-operation-protective-uhp-protective-suite-type-b\/#breadcrumb\"},\"inLanguage\":\"pt-PT\",\"potentialAction\":[{\"@type\":\"ReadAction\",\"target\":[\"https:\/\/panwinjet.com\/product\/high-quality-2800bar-triplex-plunger-pump-water-blasting-high-pressure-water-jet-cleaning-operation-protective-uhp-protective-suite-type-b\/\"]}]},{\"@type\":\"ImageObject\",\"inLanguage\":\"pt-PT\",\"@id\":\"https:\/\/panwinjet.com\/product\/high-quality-2800bar-triplex-plunger-pump-water-blasting-high-pressure-water-jet-cleaning-operation-protective-uhp-protective-suite-type-b\/#primaryimage\",\"url\":\"https:\/\/panwinjet.com\/wp-content\/uploads\/2025\/09\/type-B-7.png\",\"contentUrl\":\"https:\/\/panwinjet.com\/wp-content\/uploads\/2025\/09\/type-B-7.png\",\"width\":303,\"height\":662},{\"@type\":\"BreadcrumbList\",\"@id\":\"https:\/\/panwinjet.com\/product\/high-quality-2800bar-triplex-plunger-pump-water-blasting-high-pressure-water-jet-cleaning-operation-protective-uhp-protective-suite-type-b\/#breadcrumb\",\"itemListElement\":[{\"@type\":\"ListItem\",\"position\":1,\"name\":\"\u9996\u9875\",\"item\":\"https:\/\/panwinjet.com\/\"},{\"@type\":\"ListItem\",\"position\":2,\"name\":\"PRODUCT\",\"item\":\"https:\/\/panwinjet.com\/product\/\"},{\"@type\":\"ListItem\",\"position\":3,\"name\":\"High Quality 2800Bar triplex plunger pump Water Blasting high pressure water jet cleaning Operation protective UHP Protective Suite Type B\"}]},{\"@type\":\"WebSite\",\"@id\":\"https:\/\/panwinjet.com\/#website\",\"url\":\"https:\/\/panwinjet.com\/\",\"name\":\"Panwin Machinery&amp;Equipment\",\"description\":\"Shenzhen Panwin Machinery&amp;Equipment Co.Ltd\",\"potentialAction\":[{\"@type\":\"SearchAction\",\"target\":{\"@type\":\"EntryPoint\",\"urlTemplate\":\"https:\/\/panwinjet.com\/?s={search_term_string}\"},\"query-input\":{\"@type\":\"PropertyValueSpecification\",\"valueRequired\":true,\"valueName\":\"search_term_string\"}}],\"inLanguage\":\"pt-PT\"}]}<\/script>\n<!-- \/ Yoast SEO plugin. -->","yoast_head_json":{"title":"High Quality 2800Bar triplex plunger pump Water Blasting high pressure water jet cleaning Operation protective UHP Protective Suite Type B - Panwin Machinery&amp;Equipment","robots":{"index":"index","follow":"follow","max-snippet":"max-snippet:-1","max-image-preview":"max-image-preview:large","max-video-preview":"max-video-preview:-1"},"canonical":"https:\/\/panwinjet.com\/pt\/produto\/high-quality-2800bar-triplex-plunger-pump-water-blasting-high-pressure-water-jet-cleaning-operation-protective-uhp-protective-suite-type-b\/","og_locale":"pt_PT","og_type":"article","og_title":"High Quality 2800Bar triplex plunger pump Water Blasting high pressure water jet cleaning Operation protective UHP Protective Suite Type B - Panwin Machinery&amp;Equipment","og_description":"Introduction of High Quality 2800Bar triplex plunger pump Water Blasting high pressure water jet cleaning Operation protective UHP Protective Suite Type B     High Quality 2800Bar triplex plunger pump Water Blasting high pressure water jet cleaning Operation Protective Clothing and garment for High Pressure Water Blasting is featured\u00a0high-grade\u00a0strength and long durability, Breath-ability, High level protection in term of mildew resistance, water resistance.","og_url":"https:\/\/panwinjet.com\/pt\/produto\/high-quality-2800bar-triplex-plunger-pump-water-blasting-high-pressure-water-jet-cleaning-operation-protective-uhp-protective-suite-type-b\/","og_site_name":"Panwin Machinery&amp;Equipment","og_image":[{"width":303,"height":662,"url":"https:\/\/panwinjet.com\/wp-content\/uploads\/2025\/09\/type-B-7.png","type":"image\/png"}],"twitter_card":"summary_large_image","twitter_misc":{"Tempo estimado de leitura":"2 minutos"},"schema":{"@context":"https:\/\/schema.org","@graph":[{"@type":"WebPage","@id":"https:\/\/panwinjet.com\/product\/high-quality-2800bar-triplex-plunger-pump-water-blasting-high-pressure-water-jet-cleaning-operation-protective-uhp-protective-suite-type-b\/","url":"https:\/\/panwinjet.com\/product\/high-quality-2800bar-triplex-plunger-pump-water-blasting-high-pressure-water-jet-cleaning-operation-protective-uhp-protective-suite-type-b\/","name":"High Quality 2800Bar triplex plunger pump Water Blasting high pressure water jet cleaning Operation protective UHP Protective Suite Type B - Panwin Machinery&amp;Equipment","isPartOf":{"@id":"https:\/\/panwinjet.com\/#website"},"primaryImageOfPage":{"@id":"https:\/\/panwinjet.com\/product\/high-quality-2800bar-triplex-plunger-pump-water-blasting-high-pressure-water-jet-cleaning-operation-protective-uhp-protective-suite-type-b\/#primaryimage"},"image":{"@id":"https:\/\/panwinjet.com\/product\/high-quality-2800bar-triplex-plunger-pump-water-blasting-high-pressure-water-jet-cleaning-operation-protective-uhp-protective-suite-type-b\/#primaryimage"},"thumbnailUrl":"https:\/\/panwinjet.com\/wp-content\/uploads\/2025\/09\/type-B-7.png","datePublished":"2025-09-23T14:20:01+00:00","breadcrumb":{"@id":"https:\/\/panwinjet.com\/product\/high-quality-2800bar-triplex-plunger-pump-water-blasting-high-pressure-water-jet-cleaning-operation-protective-uhp-protective-suite-type-b\/#breadcrumb"},"inLanguage":"pt-PT","potentialAction":[{"@type":"ReadAction","target":["https:\/\/panwinjet.com\/product\/high-quality-2800bar-triplex-plunger-pump-water-blasting-high-pressure-water-jet-cleaning-operation-protective-uhp-protective-suite-type-b\/"]}]},{"@type":"ImageObject","inLanguage":"pt-PT","@id":"https:\/\/panwinjet.com\/product\/high-quality-2800bar-triplex-plunger-pump-water-blasting-high-pressure-water-jet-cleaning-operation-protective-uhp-protective-suite-type-b\/#primaryimage","url":"https:\/\/panwinjet.com\/wp-content\/uploads\/2025\/09\/type-B-7.png","contentUrl":"https:\/\/panwinjet.com\/wp-content\/uploads\/2025\/09\/type-B-7.png","width":303,"height":662},{"@type":"BreadcrumbList","@id":"https:\/\/panwinjet.com\/product\/high-quality-2800bar-triplex-plunger-pump-water-blasting-high-pressure-water-jet-cleaning-operation-protective-uhp-protective-suite-type-b\/#breadcrumb","itemListElement":[{"@type":"ListItem","position":1,"name":"\u9996\u9875","item":"https:\/\/panwinjet.com\/"},{"@type":"ListItem","position":2,"name":"PRODUCT","item":"https:\/\/panwinjet.com\/product\/"},{"@type":"ListItem","position":3,"name":"High Quality 2800Bar triplex plunger pump Water Blasting high pressure water jet cleaning Operation protective UHP Protective Suite Type B"}]},{"@type":"WebSite","@id":"https:\/\/panwinjet.com\/#website","url":"https:\/\/panwinjet.com\/","name":"Panwin Machinery&amp;Equipment","description":"Shenzhen Panwin Machinery&amp;Equipment Co.Ltd","potentialAction":[{"@type":"SearchAction","target":{"@type":"EntryPoint","urlTemplate":"https:\/\/panwinjet.com\/?s={search_term_string}"},"query-input":{"@type":"PropertyValueSpecification","valueRequired":true,"valueName":"search_term_string"}}],"inLanguage":"pt-PT"}]}},"_links":{"self":[{"href":"https:\/\/panwinjet.com\/pt\/wp-json\/wp\/v2\/product\/1301","targetHints":{"allow":["GET"]}}],"collection":[{"href":"https:\/\/panwinjet.com\/pt\/wp-json\/wp\/v2\/product"}],"about":[{"href":"https:\/\/panwinjet.com\/pt\/wp-json\/wp\/v2\/types\/product"}],"wp:featuredmedia":[{"embeddable":true,"href":"https:\/\/panwinjet.com\/pt\/wp-json\/wp\/v2\/media\/1310"}],"wp:attachment":[{"href":"https:\/\/panwinjet.com\/pt\/wp-json\/wp\/v2\/media?parent=1301"}],"wp:term":[{"taxonomy":"product_brand","embeddable":true,"href":"https:\/\/panwinjet.com\/pt\/wp-json\/wp\/v2\/product_brand?post=1301"},{"taxonomy":"product_cat","embeddable":true,"href":"https:\/\/panwinjet.com\/pt\/wp-json\/wp\/v2\/product_cat?post=1301"},{"taxonomy":"product_tag","embeddable":true,"href":"https:\/\/panwinjet.com\/pt\/wp-json\/wp\/v2\/product_tag?post=1301"}],"curies":[{"name":"wp","href":"https:\/\/api.w.org\/{rel}","templated":true}]}}