{"id":1290,"date":"2025-09-22T16:20:57","date_gmt":"2025-09-22T16:20:57","guid":{"rendered":"https:\/\/panwinjet.com\/?post_type=product&#038;p=1290"},"modified":"2025-10-09T04:00:12","modified_gmt":"2025-10-09T04:00:12","slug":"uhp-hydro-jetting-blasting-1500-1800bar-rupture-disc-16mm","status":"publish","type":"product","link":"https:\/\/panwinjet.com\/pt\/produto\/uhp-hydro-jetting-blasting-1500-1800bar-rupture-disc-16mm\/","title":{"rendered":"Jateamento com hidrojato UHP 1500-1800 Bar Disco de ruptura 16mm"},"content":{"rendered":"<p><strong><b>Jateamento com hidrojato UHP 1500-1800 Bar Disco de ruptura 16mm<\/b><\/strong><\/p>\n<p><strong><b>\u00a0<\/b><\/strong><strong><b>Apresenta\u00e7\u00e3o do produto: Disco de ruptura de 16 mm para jateamento hidrojateamento UHP (1500-1800 bar).<\/b><\/strong><\/p>\n<p><strong><b>O <\/b><\/strong><strong><b>Jateamento com hidrojato UHP 1500-1800 Bar Disco de ruptura 16mm<\/b><\/strong>\u00a0Os discos de ruptura s\u00e3o dispositivos de seguran\u00e7a com a fun\u00e7\u00e3o de impedir que varia\u00e7\u00f5es repentinas de press\u00e3o danifiquem uma instala\u00e7\u00e3o industrial. Eles desempenham a mesma fun\u00e7\u00e3o b\u00e1sica que as v\u00e1lvulas de seguran\u00e7a.<\/p>\n<p>Vendemos discos de ruptura de diferentes tamanhos e n\u00edveis de press\u00e3o.<\/p>\n<p><img decoding=\"async\" class=\"alignleft size-medium wp-image-1292 lazyload\" data-src=\"https:\/\/panwinjet.com\/wp-content\/uploads\/2025\/09\/18K-Rupture-Disc-3-500x225.jpg\" alt=\"\" width=\"500\" height=\"225\" data-srcset=\"https:\/\/panwinjet.com\/wp-content\/uploads\/2025\/09\/18K-Rupture-Disc-3-500x225.jpg 500w, https:\/\/panwinjet.com\/wp-content\/uploads\/2025\/09\/18K-Rupture-Disc-3-1200x540.jpg 1200w, https:\/\/panwinjet.com\/wp-content\/uploads\/2025\/09\/18K-Rupture-Disc-3-300x135.jpg 300w, https:\/\/panwinjet.com\/wp-content\/uploads\/2025\/09\/18K-Rupture-Disc-3-768x346.jpg 768w, https:\/\/panwinjet.com\/wp-content\/uploads\/2025\/09\/18K-Rupture-Disc-3-1536x691.jpg 1536w, https:\/\/panwinjet.com\/wp-content\/uploads\/2025\/09\/18K-Rupture-Disc-3-2048x922.jpg 2048w, https:\/\/panwinjet.com\/wp-content\/uploads\/2025\/09\/18K-Rupture-Disc-3-150x68.jpg 150w, https:\/\/panwinjet.com\/wp-content\/uploads\/2025\/09\/18K-Rupture-Disc-3-480x216.jpg 480w, https:\/\/panwinjet.com\/wp-content\/uploads\/2025\/09\/18K-Rupture-Disc-3-800x360.jpg 800w\" data-sizes=\"(max-width:767px) 480px, 500px\" src=\"data:image\/svg+xml;base64,PHN2ZyB3aWR0aD0iMSIgaGVpZ2h0PSIxIiB4bWxucz0iaHR0cDovL3d3dy53My5vcmcvMjAwMC9zdmciPjwvc3ZnPg==\" style=\"--smush-placeholder-width: 500px; --smush-placeholder-aspect-ratio: 500\/225;\" \/> <img decoding=\"async\" class=\"alignleft size-medium wp-image-1297 lazyload\" data-src=\"https:\/\/panwinjet.com\/wp-content\/uploads\/2025\/09\/18K-Rupture-Disc-Pack-500x225.jpg\" alt=\"\" width=\"500\" height=\"225\" data-srcset=\"https:\/\/panwinjet.com\/wp-content\/uploads\/2025\/09\/18K-Rupture-Disc-Pack-500x225.jpg 500w, https:\/\/panwinjet.com\/wp-content\/uploads\/2025\/09\/18K-Rupture-Disc-Pack-1200x540.jpg 1200w, https:\/\/panwinjet.com\/wp-content\/uploads\/2025\/09\/18K-Rupture-Disc-Pack-300x135.jpg 300w, https:\/\/panwinjet.com\/wp-content\/uploads\/2025\/09\/18K-Rupture-Disc-Pack-768x346.jpg 768w, https:\/\/panwinjet.com\/wp-content\/uploads\/2025\/09\/18K-Rupture-Disc-Pack-1536x691.jpg 1536w, https:\/\/panwinjet.com\/wp-content\/uploads\/2025\/09\/18K-Rupture-Disc-Pack-2048x922.jpg 2048w, https:\/\/panwinjet.com\/wp-content\/uploads\/2025\/09\/18K-Rupture-Disc-Pack-150x68.jpg 150w, https:\/\/panwinjet.com\/wp-content\/uploads\/2025\/09\/18K-Rupture-Disc-Pack-480x216.jpg 480w, https:\/\/panwinjet.com\/wp-content\/uploads\/2025\/09\/18K-Rupture-Disc-Pack-800x360.jpg 800w\" data-sizes=\"(max-width:767px) 480px, 500px\" src=\"data:image\/svg+xml;base64,PHN2ZyB3aWR0aD0iMSIgaGVpZ2h0PSIxIiB4bWxucz0iaHR0cDovL3d3dy53My5vcmcvMjAwMC9zdmciPjwvc3ZnPg==\" style=\"--smush-placeholder-width: 500px; --smush-placeholder-aspect-ratio: 500\/225;\" \/><\/p>\n<p><strong><b>\u00a0<\/b><\/strong><strong><b>2. Par\u00e2metros do produto (especifica\u00e7\u00f5es) do disco de ruptura de 16 mm para jateamento hidrojateamento UHP de 1500-1800 bar<\/b><\/strong><\/p>\n<p><strong><b>Hidrojato de alta press\u00e3o com grande vaz\u00e3o de 3000 bar <\/b><\/strong>Os discos de ruptura s\u00e3o dispositivos herm\u00e9ticos projetados para se abrirem por meio de ruptura a um valor de press\u00e3o predeterminado.<\/p>","protected":false},"excerpt":{"rendered":"<p>O disco de ruptura de 16 mm para jateamento hidrojateado UHP de 1500-1800 bar pode ser amplamente utilizado em bombas triplex de 1500 bar, em aplica\u00e7\u00f5es como jateamento com \u00e1gua UHP na ind\u00fastria da constru\u00e7\u00e3o civil.<br \/>\nJateamento a jato de \u00e1gua para a ind\u00fastria de ferro, a\u00e7o e metal<br \/>\nJateadora de \u00e1gua de alta press\u00e3o - Engenharia Mec\u00e2nica e de Aparelhos<br \/>\nInd\u00fastria de cimento e concreto<br \/>\nBarracuda de alta press\u00e3o Limpeza de superf\u00edcie<br \/>\nPe\u00e7as para equipamentos de limpeza UHP Hydro Jet<br \/>\nBarras de pulveriza\u00e7\u00e3o para limpeza industrial<br \/>\nM\u00e1quina de hidrojateamento para a ind\u00fastria de refino de petr\u00f3leo<br \/>\nLimpeza de superf\u00edcies com hidrojato, limpeza de tanques e embarca\u00e7\u00f5es,<br \/>\nLimpeza do trocador de calor,<br \/>\nLimpeza de pintura automotiva, limpeza da ind\u00fastria de minera\u00e7\u00e3o, limpeza de f\u00e1bricas de a\u00e7o, etc.<br \/>\nEquipamento de limpeza de esgoto de alta press\u00e3o para redes de tubula\u00e7\u00e3o municipais de abastecimento de \u00e1gua e esgoto;<\/p>\n<div style=\"width: 960px;\" class=\"wp-video\"><video class=\"wp-video-shortcode\" id=\"video-1290-1\" width=\"960\" height=\"540\" preload=\"metadata\" controls=\"controls\"><source type=\"video\/mp4\" src=\"https:\/\/panwinjet.com\/wp-content\/uploads\/2025\/09\/18K-Rupture-Disc-Demo.mp4?_=1\" \/><a href=\"https:\/\/panwinjet.com\/wp-content\/uploads\/2025\/09\/18K-Rupture-Disc-Demo.mp4\">https:\/\/panwinjet.com\/wp-content\/uploads\/2025\/09\/18K-Rupture-Disc-Demo.mp4<\/a><\/video><\/div>","protected":false},"featured_media":1292,"template":"","meta":[],"product_brand":[],"product_cat":[7],"product_tag":[],"class_list":{"0":"post-1290","1":"product","2":"type-product","3":"status-publish","4":"has-post-thumbnail","6":"product_cat-jetstream-pump-fluid-end-compatibe-parts","8":"first","9":"instock","10":"shipping-taxable","11":"product-type-simple"},"yoast_head":"<!-- This site is optimized with the Yoast SEO plugin v24.9 - https:\/\/yoast.com\/wordpress\/plugins\/seo\/ -->\n<title>UHP Hydro-Jetting Blasting 1500-1800Bar Rupture Disc 16mm - Panwin Machinery&amp;Equipment<\/title>\n<meta name=\"robots\" content=\"index, follow, max-snippet:-1, max-image-preview:large, max-video-preview:-1\" \/>\n<link rel=\"canonical\" href=\"https:\/\/panwinjet.com\/pt\/produto\/uhp-hydro-jetting-blasting-1500-1800bar-rupture-disc-16mm\/\" \/>\n<meta property=\"og:locale\" content=\"pt_PT\" \/>\n<meta property=\"og:type\" content=\"article\" \/>\n<meta property=\"og:title\" content=\"UHP Hydro-Jetting Blasting 1500-1800Bar Rupture Disc 16mm - Panwin Machinery&amp;Equipment\" \/>\n<meta property=\"og:description\" content=\"UHP Hydro-Jetting Blasting 1500-1800Bar Rupture Disc 16mm can be widely used in 1500Bar Triplex plunger Pump,Application such as UHP Water Blasting Construction Industry Hydro Jet blaster Iron, Steel And Metal Industry high pressure waterblaster Mechanical and Apparatus Engineering Cements and Concrete Industry high pressure barracuda Surface cleaning UHP hydro Jet cleaning equipment parts Industrial Cleaning Spray Bars hydro blasting machine for petroleum refining industry Hydro Jet Surface Cleaning,Tank&amp;Vessel Cleaning, Heat Exchange Cleaning, Automotive Painting cleaning Mining industry cleaning Steel manufacture cleaning etc. High pressure sewer cleaning equipment for municipal pipe networks water supply and drainage pipelines;\" \/>\n<meta property=\"og:url\" content=\"https:\/\/panwinjet.com\/pt\/produto\/uhp-hydro-jetting-blasting-1500-1800bar-rupture-disc-16mm\/\" \/>\n<meta property=\"og:site_name\" content=\"Panwin Machinery&amp;Equipment\" \/>\n<meta property=\"article:modified_time\" content=\"2025-10-09T04:00:12+00:00\" \/>\n<meta property=\"og:image\" content=\"https:\/\/panwinjet.com\/wp-content\/uploads\/2025\/09\/18K-Rupture-Disc-3-scaled.jpg\" \/>\n\t<meta property=\"og:image:width\" content=\"2560\" \/>\n\t<meta property=\"og:image:height\" content=\"1152\" \/>\n\t<meta property=\"og:image:type\" content=\"image\/jpeg\" \/>\n<meta name=\"twitter:card\" content=\"summary_large_image\" \/>\n<meta name=\"twitter:label1\" content=\"Tempo estimado de leitura\" \/>\n\t<meta name=\"twitter:data1\" content=\"2 minutos\" \/>\n<script type=\"application\/ld+json\" class=\"yoast-schema-graph\">{\"@context\":\"https:\/\/schema.org\",\"@graph\":[{\"@type\":\"WebPage\",\"@id\":\"https:\/\/panwinjet.com\/product\/uhp-hydro-jetting-blasting-1500-1800bar-rupture-disc-16mm\/\",\"url\":\"https:\/\/panwinjet.com\/product\/uhp-hydro-jetting-blasting-1500-1800bar-rupture-disc-16mm\/\",\"name\":\"UHP Hydro-Jetting Blasting 1500-1800Bar Rupture Disc 16mm - Panwin Machinery&amp;Equipment\",\"isPartOf\":{\"@id\":\"https:\/\/panwinjet.com\/#website\"},\"primaryImageOfPage\":{\"@id\":\"https:\/\/panwinjet.com\/product\/uhp-hydro-jetting-blasting-1500-1800bar-rupture-disc-16mm\/#primaryimage\"},\"image\":{\"@id\":\"https:\/\/panwinjet.com\/product\/uhp-hydro-jetting-blasting-1500-1800bar-rupture-disc-16mm\/#primaryimage\"},\"thumbnailUrl\":\"https:\/\/panwinjet.com\/wp-content\/uploads\/2025\/09\/18K-Rupture-Disc-3-scaled.jpg\",\"datePublished\":\"2025-09-22T16:20:57+00:00\",\"dateModified\":\"2025-10-09T04:00:12+00:00\",\"breadcrumb\":{\"@id\":\"https:\/\/panwinjet.com\/product\/uhp-hydro-jetting-blasting-1500-1800bar-rupture-disc-16mm\/#breadcrumb\"},\"inLanguage\":\"pt-PT\",\"potentialAction\":[{\"@type\":\"ReadAction\",\"target\":[\"https:\/\/panwinjet.com\/product\/uhp-hydro-jetting-blasting-1500-1800bar-rupture-disc-16mm\/\"]}]},{\"@type\":\"ImageObject\",\"inLanguage\":\"pt-PT\",\"@id\":\"https:\/\/panwinjet.com\/product\/uhp-hydro-jetting-blasting-1500-1800bar-rupture-disc-16mm\/#primaryimage\",\"url\":\"https:\/\/panwinjet.com\/wp-content\/uploads\/2025\/09\/18K-Rupture-Disc-3-scaled.jpg\",\"contentUrl\":\"https:\/\/panwinjet.com\/wp-content\/uploads\/2025\/09\/18K-Rupture-Disc-3-scaled.jpg\",\"width\":2560,\"height\":1152},{\"@type\":\"BreadcrumbList\",\"@id\":\"https:\/\/panwinjet.com\/product\/uhp-hydro-jetting-blasting-1500-1800bar-rupture-disc-16mm\/#breadcrumb\",\"itemListElement\":[{\"@type\":\"ListItem\",\"position\":1,\"name\":\"\u9996\u9875\",\"item\":\"https:\/\/panwinjet.com\/\"},{\"@type\":\"ListItem\",\"position\":2,\"name\":\"PRODUCT\",\"item\":\"https:\/\/panwinjet.com\/product\/\"},{\"@type\":\"ListItem\",\"position\":3,\"name\":\"UHP Hydro-Jetting Blasting 1500-1800Bar Rupture Disc 16mm\"}]},{\"@type\":\"WebSite\",\"@id\":\"https:\/\/panwinjet.com\/#website\",\"url\":\"https:\/\/panwinjet.com\/\",\"name\":\"Panwin Machinery&amp;Equipment\",\"description\":\"Shenzhen Panwin Machinery&amp;Equipment Co.Ltd\",\"potentialAction\":[{\"@type\":\"SearchAction\",\"target\":{\"@type\":\"EntryPoint\",\"urlTemplate\":\"https:\/\/panwinjet.com\/?s={search_term_string}\"},\"query-input\":{\"@type\":\"PropertyValueSpecification\",\"valueRequired\":true,\"valueName\":\"search_term_string\"}}],\"inLanguage\":\"pt-PT\"}]}<\/script>\n<!-- \/ Yoast SEO plugin. -->","yoast_head_json":{"title":"UHP Hydro-Jetting Blasting 1500-1800Bar Rupture Disc 16mm - Panwin Machinery&amp;Equipment","robots":{"index":"index","follow":"follow","max-snippet":"max-snippet:-1","max-image-preview":"max-image-preview:large","max-video-preview":"max-video-preview:-1"},"canonical":"https:\/\/panwinjet.com\/pt\/produto\/uhp-hydro-jetting-blasting-1500-1800bar-rupture-disc-16mm\/","og_locale":"pt_PT","og_type":"article","og_title":"UHP Hydro-Jetting Blasting 1500-1800Bar Rupture Disc 16mm - Panwin Machinery&amp;Equipment","og_description":"UHP Hydro-Jetting Blasting 1500-1800Bar Rupture Disc 16mm can be widely used in 1500Bar Triplex plunger Pump,Application such as UHP Water Blasting Construction Industry Hydro Jet blaster Iron, Steel And Metal Industry high pressure waterblaster Mechanical and Apparatus Engineering Cements and Concrete Industry high pressure barracuda Surface cleaning UHP hydro Jet cleaning equipment parts Industrial Cleaning Spray Bars hydro blasting machine for petroleum refining industry Hydro Jet Surface Cleaning,Tank&amp;Vessel Cleaning, Heat Exchange Cleaning, Automotive Painting cleaning Mining industry cleaning Steel manufacture cleaning etc. High pressure sewer cleaning equipment for municipal pipe networks water supply and drainage pipelines;","og_url":"https:\/\/panwinjet.com\/pt\/produto\/uhp-hydro-jetting-blasting-1500-1800bar-rupture-disc-16mm\/","og_site_name":"Panwin Machinery&amp;Equipment","article_modified_time":"2025-10-09T04:00:12+00:00","og_image":[{"width":2560,"height":1152,"url":"https:\/\/panwinjet.com\/wp-content\/uploads\/2025\/09\/18K-Rupture-Disc-3-scaled.jpg","type":"image\/jpeg"}],"twitter_card":"summary_large_image","twitter_misc":{"Tempo estimado de leitura":"2 minutos"},"schema":{"@context":"https:\/\/schema.org","@graph":[{"@type":"WebPage","@id":"https:\/\/panwinjet.com\/product\/uhp-hydro-jetting-blasting-1500-1800bar-rupture-disc-16mm\/","url":"https:\/\/panwinjet.com\/product\/uhp-hydro-jetting-blasting-1500-1800bar-rupture-disc-16mm\/","name":"UHP Hydro-Jetting Blasting 1500-1800Bar Rupture Disc 16mm - Panwin Machinery&amp;Equipment","isPartOf":{"@id":"https:\/\/panwinjet.com\/#website"},"primaryImageOfPage":{"@id":"https:\/\/panwinjet.com\/product\/uhp-hydro-jetting-blasting-1500-1800bar-rupture-disc-16mm\/#primaryimage"},"image":{"@id":"https:\/\/panwinjet.com\/product\/uhp-hydro-jetting-blasting-1500-1800bar-rupture-disc-16mm\/#primaryimage"},"thumbnailUrl":"https:\/\/panwinjet.com\/wp-content\/uploads\/2025\/09\/18K-Rupture-Disc-3-scaled.jpg","datePublished":"2025-09-22T16:20:57+00:00","dateModified":"2025-10-09T04:00:12+00:00","breadcrumb":{"@id":"https:\/\/panwinjet.com\/product\/uhp-hydro-jetting-blasting-1500-1800bar-rupture-disc-16mm\/#breadcrumb"},"inLanguage":"pt-PT","potentialAction":[{"@type":"ReadAction","target":["https:\/\/panwinjet.com\/product\/uhp-hydro-jetting-blasting-1500-1800bar-rupture-disc-16mm\/"]}]},{"@type":"ImageObject","inLanguage":"pt-PT","@id":"https:\/\/panwinjet.com\/product\/uhp-hydro-jetting-blasting-1500-1800bar-rupture-disc-16mm\/#primaryimage","url":"https:\/\/panwinjet.com\/wp-content\/uploads\/2025\/09\/18K-Rupture-Disc-3-scaled.jpg","contentUrl":"https:\/\/panwinjet.com\/wp-content\/uploads\/2025\/09\/18K-Rupture-Disc-3-scaled.jpg","width":2560,"height":1152},{"@type":"BreadcrumbList","@id":"https:\/\/panwinjet.com\/product\/uhp-hydro-jetting-blasting-1500-1800bar-rupture-disc-16mm\/#breadcrumb","itemListElement":[{"@type":"ListItem","position":1,"name":"\u9996\u9875","item":"https:\/\/panwinjet.com\/"},{"@type":"ListItem","position":2,"name":"PRODUCT","item":"https:\/\/panwinjet.com\/product\/"},{"@type":"ListItem","position":3,"name":"UHP Hydro-Jetting Blasting 1500-1800Bar Rupture Disc 16mm"}]},{"@type":"WebSite","@id":"https:\/\/panwinjet.com\/#website","url":"https:\/\/panwinjet.com\/","name":"Panwin Machinery&amp;Equipment","description":"Shenzhen Panwin Machinery&amp;Equipment Co.Ltd","potentialAction":[{"@type":"SearchAction","target":{"@type":"EntryPoint","urlTemplate":"https:\/\/panwinjet.com\/?s={search_term_string}"},"query-input":{"@type":"PropertyValueSpecification","valueRequired":true,"valueName":"search_term_string"}}],"inLanguage":"pt-PT"}]}},"_links":{"self":[{"href":"https:\/\/panwinjet.com\/pt\/wp-json\/wp\/v2\/product\/1290","targetHints":{"allow":["GET"]}}],"collection":[{"href":"https:\/\/panwinjet.com\/pt\/wp-json\/wp\/v2\/product"}],"about":[{"href":"https:\/\/panwinjet.com\/pt\/wp-json\/wp\/v2\/types\/product"}],"wp:featuredmedia":[{"embeddable":true,"href":"https:\/\/panwinjet.com\/pt\/wp-json\/wp\/v2\/media\/1292"}],"wp:attachment":[{"href":"https:\/\/panwinjet.com\/pt\/wp-json\/wp\/v2\/media?parent=1290"}],"wp:term":[{"taxonomy":"product_brand","embeddable":true,"href":"https:\/\/panwinjet.com\/pt\/wp-json\/wp\/v2\/product_brand?post=1290"},{"taxonomy":"product_cat","embeddable":true,"href":"https:\/\/panwinjet.com\/pt\/wp-json\/wp\/v2\/product_cat?post=1290"},{"taxonomy":"product_tag","embeddable":true,"href":"https:\/\/panwinjet.com\/pt\/wp-json\/wp\/v2\/product_tag?post=1290"}],"curies":[{"name":"wp","href":"https:\/\/api.w.org\/{rel}","templated":true}]}}