{"id":1280,"date":"2025-09-22T12:59:02","date_gmt":"2025-09-22T12:59:02","guid":{"rendered":"https:\/\/panwinjet.com\/?post_type=product&#038;p=1280"},"modified":"2025-09-22T12:59:05","modified_gmt":"2025-09-22T12:59:05","slug":"2800bar-40k-uhp-bjv-bjve-adjustable-hydro-jetting-tube-pipe-cleaning-centralizer-straight-pipe","status":"publish","type":"product","link":"https:\/\/panwinjet.com\/pt\/produto\/2800bar-40k-uhp-bjv-bjve-adjustable-hydro-jetting-tube-pipe-cleaning-centralizer-straight-pipe\/","title":{"rendered":"Centralizador de limpeza de tubos de hidrojateamento ajust\u00e1vel BJV\/BJVE 2800Bar 40K UHP para tubos retos"},"content":{"rendered":"<p><strong><b>Introdu\u00e7\u00e3o de <\/b><\/strong><strong><b>2800Bar 40K UHP<\/b><\/strong><strong><b>\u00a0BJV\/BJVE Ajust\u00e1vel<\/b><\/strong><strong><b>\u00a0Limpeza de tubos por hidrojateamento <\/b><\/strong><strong><b>Centralizador<\/b><\/strong><strong><b>&#8211;<\/b><\/strong><strong><b>Tubo reto<\/b><\/strong><strong><b>\u00a0<\/b><\/strong><\/p>\n<p><strong><b>2800Bar 40K UHP<\/b><\/strong><strong><b>\u00a0BJV\/BJVE Ajust\u00e1vel<\/b><\/strong><strong><b>\u00a0Limpeza de tubos por hidrojateamento <\/b><\/strong><strong><b>Centralizador<\/b><\/strong><strong><b>&#8211;<\/b><\/strong><strong><b>Tubo reto<\/b><\/strong><\/p>\n<p><strong><b>2800Bar 40K UHP<\/b><\/strong><strong><b>\u00a0BJV\/BJVE Ajust\u00e1vel<\/b><\/strong><strong><b>\u00a0Limpeza de tubos por hidrojateamento <\/b><\/strong><strong><b>Centralizador<\/b><\/strong>\u00a0Ajuda a proteger a ferramenta de hidrojateamento UHP, BJV BJVE 4&#039;&#039; Badger 6&#039;&#039; Badger etc., \u00e0 medida que ela passa pelo tubo, equilibrando a dist\u00e2ncia do jato para uma limpeza mais consistente e melhorando a efici\u00eancia da limpeza.<\/p>\n<div style=\"width: 720px;\" class=\"wp-video\"><video class=\"wp-video-shortcode\" id=\"video-1280-1\" width=\"720\" height=\"1280\" preload=\"metadata\" controls=\"controls\"><source type=\"video\/mp4\" src=\"https:\/\/panwinjet.com\/wp-content\/uploads\/2025\/09\/Centerizer-Demo-3.mp4?_=1\" \/><a href=\"https:\/\/panwinjet.com\/wp-content\/uploads\/2025\/09\/Centerizer-Demo-3.mp4\">https:\/\/panwinjet.com\/wp-content\/uploads\/2025\/09\/Centerizer-Demo-3.mp4<\/a><\/video><\/div>\n<p>Nos casos em que o di\u00e2metro do tubo for mais de 1,5 vezes o di\u00e2metro das ferramentas de jateamento de \u00e1gua UHP, como a BJV Badger 4&#039;&#039; e a Badger 6&#039;&#039;, ... <strong><b>2800Bar 40K UHP<\/b><\/strong><strong><b>\u00a0BJV\/BJVE Ajust\u00e1vel<\/b><\/strong><strong><b>\u00a0Limpeza de tubos por hidrojateamento <\/b><\/strong><strong><b>Centralizador<\/b><\/strong><strong><b>&#8211;<\/b><\/strong><strong><b>Tubo reto<\/b><\/strong><strong><b>\u00a0<\/b><\/strong>O centralizador \u00e9 um importante dispositivo de seguran\u00e7a, que impede que a ferramenta gire e seja empurrada para tr\u00e1s, para fora do tubo.<\/p>\n<p><img decoding=\"async\" class=\"alignleft size-medium wp-image-1288 lazyload\" data-src=\"https:\/\/panwinjet.com\/wp-content\/uploads\/2025\/09\/Centerizer-Tube-Demo-1-281x500.jpg\" alt=\"\" width=\"281\" height=\"500\" data-srcset=\"https:\/\/panwinjet.com\/wp-content\/uploads\/2025\/09\/Centerizer-Tube-Demo-1-281x500.jpg 281w, https:\/\/panwinjet.com\/wp-content\/uploads\/2025\/09\/Centerizer-Tube-Demo-1-675x1200.jpg 675w, https:\/\/panwinjet.com\/wp-content\/uploads\/2025\/09\/Centerizer-Tube-Demo-1-169x300.jpg 169w, https:\/\/panwinjet.com\/wp-content\/uploads\/2025\/09\/Centerizer-Tube-Demo-1-768x1365.jpg 768w, https:\/\/panwinjet.com\/wp-content\/uploads\/2025\/09\/Centerizer-Tube-Demo-1-864x1536.jpg 864w, https:\/\/panwinjet.com\/wp-content\/uploads\/2025\/09\/Centerizer-Tube-Demo-1-42x75.jpg 42w, https:\/\/panwinjet.com\/wp-content\/uploads\/2025\/09\/Centerizer-Tube-Demo-1-480x853.jpg 480w, https:\/\/panwinjet.com\/wp-content\/uploads\/2025\/09\/Centerizer-Tube-Demo-1-800x1421.jpg 800w, https:\/\/panwinjet.com\/wp-content\/uploads\/2025\/09\/Centerizer-Tube-Demo-1.jpg 1080w\" data-sizes=\"(max-width:767px) 281px, 281px\" src=\"data:image\/svg+xml;base64,PHN2ZyB3aWR0aD0iMSIgaGVpZ2h0PSIxIiB4bWxucz0iaHR0cDovL3d3dy53My5vcmcvMjAwMC9zdmciPjwvc3ZnPg==\" style=\"--smush-placeholder-width: 281px; --smush-placeholder-aspect-ratio: 281\/500;\" \/><\/p>\n<p>&nbsp;<\/p>\n<p><strong><b>Par\u00e2metro (Especifica\u00e7\u00e3o) do Centralizador de Limpeza de Tubos de Hidrojateamento Ajust\u00e1vel BJV\/BJVE 2800Bar 40K UHP - Tubo Reto<\/b><\/strong><\/p>\n<p>O Centralizador de Limpeza de Tubos com Hidrojateamento Ajust\u00e1vel BJV\/BJVE de 2800 Bar e 40K UHP suporta press\u00e3o em tubos retos de at\u00e9 3033 Bar e possui diversas op\u00e7\u00f5es de conex\u00e3o de entrada em ambas as extremidades:<\/p>\n<p>Faixa de press\u00e3o: 10-44k psi \/ 689-3033 bar<\/p>\n<p>Conex\u00e3o de entrada<\/p>\n<p>1\u2033 NPT (P16), 3\/4\u2033 Gland and Collar 3\/4-14 NPSM (MP12), 3\/4\u2033 NPT (P12), 9\/16\u2033 Gland and Collar 1-1\/8-12 (H9), M24 x 1-1\/2\u2033 (M24)<\/p>","protected":false},"excerpt":{"rendered":"<p><strong><b>Caracter\u00edsticas e aplica\u00e7\u00f5es de <\/b><\/strong><strong><b>\u00a0<\/b><\/strong><strong><b>Centralizador de limpeza de tubos de hidrojateamento ajust\u00e1vel BJV\/BJVE 2800Bar 40K UHP para tubos retos<\/b><\/strong><\/p>\n<p>Esse\u00a0<strong><b>\u00a0<\/b><\/strong><strong><b>Centralizador de limpeza de tubos de hidrojateamento ajust\u00e1vel BJV\/BJVE 2800Bar 40K UHP<\/b><\/strong><strong><b>\u00a0\u00e9 para <\/b><\/strong><strong><b>Tubo reto<\/b><\/strong><strong><b>\u00a0Al\u00e9m disso, \u00e9 vers\u00e1til para diferentes di\u00e2metros de tubo e condi\u00e7\u00f5es de trabalho, apresentando versatilidade e alta efici\u00eancia. <\/b><\/strong><\/p>\n<p>Funcionalidades do Centralizador<\/p>\n<ol>\n<li>Diversos estilos e tamanhos para se adequar ao tamanho do tubo de limpeza do objeto e \u00e0s condi\u00e7\u00f5es de trabalho.<\/li>\n<li>Otimize a limpeza por jato de ultra-alta press\u00e3o (UHP) para tubula\u00e7\u00f5es de pequeno a grande porte.<\/li>\n<\/ol>\n<p>&nbsp;<\/p>\n<p><strong><b>Centralizador de limpeza de tubos de hidrojateamento ajust\u00e1vel BJV\/BJVE 2800Bar 40K UHP para tubos retos<\/b><\/strong>\u00a0Pode ser amplamente utilizado em aplica\u00e7\u00f5es como:<\/p>\n<p>Jateamento com \u00e1gua UHP na ind\u00fastria da constru\u00e7\u00e3o civil<\/p>\n<p>Jateamento a jato de \u00e1gua para a ind\u00fastria de ferro, a\u00e7o e metal<\/p>\n<p>Jateadora de \u00e1gua de alta press\u00e3o - Engenharia Mec\u00e2nica e de Aparelhos<\/p>\n<p>Ind\u00fastria de cimento e concreto<\/p>\n<p>Barracuda de alta press\u00e3o para limpeza de superf\u00edcies<\/p>\n<p>Pe\u00e7as para equipamentos de limpeza UHP Hydro Jet<\/p>\n<p>Barras de pulveriza\u00e7\u00e3o para limpeza industrial<\/p>\n<p>M\u00e1quina de hidrojateamento para a ind\u00fastria de refino de petr\u00f3leo<\/p>\n<p>Limpeza de superf\u00edcies com hidrojato, limpeza de tanques e embarca\u00e7\u00f5es,<\/p>\n<p>Limpeza do trocador de calor,<\/p>\n<p>Limpeza de pintura automotiva, limpeza da ind\u00fastria de minera\u00e7\u00e3o, limpeza de f\u00e1bricas de a\u00e7o, etc.<\/p>\n<p>Equipamento de limpeza de esgoto de alta press\u00e3o para redes de tubula\u00e7\u00e3o municipais de abastecimento de \u00e1gua e esgoto;<\/p>","protected":false},"featured_media":1288,"template":"","meta":[],"product_brand":[],"product_cat":[10,11],"product_tag":[29],"class_list":{"0":"post-1280","1":"product","2":"type-product","3":"status-publish","4":"has-post-thumbnail","6":"product_cat-pipeline-tube-uhp-water-blasting-cleaning-device","7":"product_cat-ship-cleaning-device","8":"product_tag-bjv-bjve-adjustable-hydro-jetting","10":"first","11":"instock","12":"shipping-taxable","13":"product-type-simple"},"yoast_head":"<!-- This site is optimized with the Yoast SEO plugin v24.9 - https:\/\/yoast.com\/wordpress\/plugins\/seo\/ -->\n<title>2800Bar 40K UHP BJV\/BJVE Adjustable Hydro-Jetting Tube Pipe Cleaning Centralizer-Straight Pipe - Panwin Machinery&amp;Equipment<\/title>\n<meta name=\"robots\" content=\"index, follow, max-snippet:-1, max-image-preview:large, max-video-preview:-1\" \/>\n<link rel=\"canonical\" href=\"https:\/\/panwinjet.com\/pt\/produto\/2800bar-40k-uhp-bjv-bjve-adjustable-hydro-jetting-tube-pipe-cleaning-centralizer-straight-pipe\/\" \/>\n<meta property=\"og:locale\" content=\"pt_PT\" \/>\n<meta property=\"og:type\" content=\"article\" \/>\n<meta property=\"og:title\" content=\"2800Bar 40K UHP BJV\/BJVE Adjustable Hydro-Jetting Tube Pipe Cleaning Centralizer-Straight Pipe - Panwin Machinery&amp;Equipment\" \/>\n<meta property=\"og:description\" content=\"Feature And Application of \u00a02800Bar 40K UHP BJV\/BJVE Adjustable Hydro-Jetting Tube Pipe Cleaning Centralizer-Straight Pipe  This\u00a0\u00a02800Bar 40K UHP BJV\/BJVE Adjustable Hydro-Jetting Tube Pipe Cleaning Centralizer\u00a0is for Straight Pipe\u00a0and it is versatile for different Tube diameter and working condition, it is features versatility and high-efficiency.   The Centralizer Features   Multiple styles and sizes to suit your tube clean object tube size and working condition.  Optimize UHP Blasting-jet cleaning for small to very large pipes.  &nbsp;  2800Bar 40K UHP BJV\/BJVE Adjustable Hydro-Jetting Tube Pipe Cleaning Centralizer-Straight Pipe\u00a0can be widely used in Application\u00a0such as  UHP Water Blasting Construction Industry  Hydro Jet blaster Iron, Steel And Metal Industry  high pressure waterblaster\u00a0Mechanical\u00a0and Apparatus Engineering  Cements and Concrete Industry  high pressure barracuda\u00a0Surface cleaning  UHP hydro Jet cleaning equipment parts  Industrial Cleaning Spray Bars  hydro blasting machine\u00a0for petroleum refining industry  Hydro Jet Surface Cleaning,Tank&amp;Vessel Cleaning,  Heat Exchange Cleaning,  Automotive Painting cleaning Mining industry cleaning Steel manufacture cleaning etc.  High pressure sewer cleaning equipment\u00a0for municipal pipe networks\u00a0water supply and drainage pipelines;\" \/>\n<meta property=\"og:url\" content=\"https:\/\/panwinjet.com\/pt\/produto\/2800bar-40k-uhp-bjv-bjve-adjustable-hydro-jetting-tube-pipe-cleaning-centralizer-straight-pipe\/\" \/>\n<meta property=\"og:site_name\" content=\"Panwin Machinery&amp;Equipment\" \/>\n<meta property=\"article:modified_time\" content=\"2025-09-22T12:59:05+00:00\" \/>\n<meta property=\"og:image\" content=\"https:\/\/panwinjet.com\/wp-content\/uploads\/2025\/09\/Centerizer-Tube-Demo-1.jpg\" \/>\n\t<meta property=\"og:image:width\" content=\"1080\" \/>\n\t<meta property=\"og:image:height\" content=\"1919\" \/>\n\t<meta property=\"og:image:type\" content=\"image\/jpeg\" \/>\n<meta name=\"twitter:card\" content=\"summary_large_image\" \/>\n<meta name=\"twitter:label1\" content=\"Tempo estimado de leitura\" \/>\n\t<meta name=\"twitter:data1\" content=\"2 minutos\" \/>\n<script type=\"application\/ld+json\" class=\"yoast-schema-graph\">{\"@context\":\"https:\/\/schema.org\",\"@graph\":[{\"@type\":\"WebPage\",\"@id\":\"https:\/\/panwinjet.com\/product\/2800bar-40k-uhp-bjv-bjve-adjustable-hydro-jetting-tube-pipe-cleaning-centralizer-straight-pipe\/\",\"url\":\"https:\/\/panwinjet.com\/product\/2800bar-40k-uhp-bjv-bjve-adjustable-hydro-jetting-tube-pipe-cleaning-centralizer-straight-pipe\/\",\"name\":\"2800Bar 40K UHP BJV\/BJVE Adjustable Hydro-Jetting Tube Pipe Cleaning Centralizer-Straight Pipe - Panwin Machinery&amp;Equipment\",\"isPartOf\":{\"@id\":\"https:\/\/panwinjet.com\/#website\"},\"primaryImageOfPage\":{\"@id\":\"https:\/\/panwinjet.com\/product\/2800bar-40k-uhp-bjv-bjve-adjustable-hydro-jetting-tube-pipe-cleaning-centralizer-straight-pipe\/#primaryimage\"},\"image\":{\"@id\":\"https:\/\/panwinjet.com\/product\/2800bar-40k-uhp-bjv-bjve-adjustable-hydro-jetting-tube-pipe-cleaning-centralizer-straight-pipe\/#primaryimage\"},\"thumbnailUrl\":\"https:\/\/panwinjet.com\/wp-content\/uploads\/2025\/09\/Centerizer-Tube-Demo-1.jpg\",\"datePublished\":\"2025-09-22T12:59:02+00:00\",\"dateModified\":\"2025-09-22T12:59:05+00:00\",\"breadcrumb\":{\"@id\":\"https:\/\/panwinjet.com\/product\/2800bar-40k-uhp-bjv-bjve-adjustable-hydro-jetting-tube-pipe-cleaning-centralizer-straight-pipe\/#breadcrumb\"},\"inLanguage\":\"pt-PT\",\"potentialAction\":[{\"@type\":\"ReadAction\",\"target\":[\"https:\/\/panwinjet.com\/product\/2800bar-40k-uhp-bjv-bjve-adjustable-hydro-jetting-tube-pipe-cleaning-centralizer-straight-pipe\/\"]}]},{\"@type\":\"ImageObject\",\"inLanguage\":\"pt-PT\",\"@id\":\"https:\/\/panwinjet.com\/product\/2800bar-40k-uhp-bjv-bjve-adjustable-hydro-jetting-tube-pipe-cleaning-centralizer-straight-pipe\/#primaryimage\",\"url\":\"https:\/\/panwinjet.com\/wp-content\/uploads\/2025\/09\/Centerizer-Tube-Demo-1.jpg\",\"contentUrl\":\"https:\/\/panwinjet.com\/wp-content\/uploads\/2025\/09\/Centerizer-Tube-Demo-1.jpg\",\"width\":1080,\"height\":1919},{\"@type\":\"BreadcrumbList\",\"@id\":\"https:\/\/panwinjet.com\/product\/2800bar-40k-uhp-bjv-bjve-adjustable-hydro-jetting-tube-pipe-cleaning-centralizer-straight-pipe\/#breadcrumb\",\"itemListElement\":[{\"@type\":\"ListItem\",\"position\":1,\"name\":\"\u9996\u9875\",\"item\":\"https:\/\/panwinjet.com\/\"},{\"@type\":\"ListItem\",\"position\":2,\"name\":\"PRODUCT\",\"item\":\"https:\/\/panwinjet.com\/product\/\"},{\"@type\":\"ListItem\",\"position\":3,\"name\":\"2800Bar 40K UHP BJV\/BJVE Adjustable Hydro-Jetting Tube Pipe Cleaning Centralizer-Straight Pipe\"}]},{\"@type\":\"WebSite\",\"@id\":\"https:\/\/panwinjet.com\/#website\",\"url\":\"https:\/\/panwinjet.com\/\",\"name\":\"Panwin Machinery&amp;Equipment\",\"description\":\"Shenzhen Panwin Machinery&amp;Equipment Co.Ltd\",\"potentialAction\":[{\"@type\":\"SearchAction\",\"target\":{\"@type\":\"EntryPoint\",\"urlTemplate\":\"https:\/\/panwinjet.com\/?s={search_term_string}\"},\"query-input\":{\"@type\":\"PropertyValueSpecification\",\"valueRequired\":true,\"valueName\":\"search_term_string\"}}],\"inLanguage\":\"pt-PT\"}]}<\/script>\n<!-- \/ Yoast SEO plugin. -->","yoast_head_json":{"title":"2800Bar 40K UHP BJV\/BJVE Adjustable Hydro-Jetting Tube Pipe Cleaning Centralizer-Straight Pipe - Panwin Machinery&amp;Equipment","robots":{"index":"index","follow":"follow","max-snippet":"max-snippet:-1","max-image-preview":"max-image-preview:large","max-video-preview":"max-video-preview:-1"},"canonical":"https:\/\/panwinjet.com\/pt\/produto\/2800bar-40k-uhp-bjv-bjve-adjustable-hydro-jetting-tube-pipe-cleaning-centralizer-straight-pipe\/","og_locale":"pt_PT","og_type":"article","og_title":"2800Bar 40K UHP BJV\/BJVE Adjustable Hydro-Jetting Tube Pipe Cleaning Centralizer-Straight Pipe - Panwin Machinery&amp;Equipment","og_description":"Feature And Application of \u00a02800Bar 40K UHP BJV\/BJVE Adjustable Hydro-Jetting Tube Pipe Cleaning Centralizer-Straight Pipe  This\u00a0\u00a02800Bar 40K UHP BJV\/BJVE Adjustable Hydro-Jetting Tube Pipe Cleaning Centralizer\u00a0is for Straight Pipe\u00a0and it is versatile for different Tube diameter and working condition, it is features versatility and high-efficiency.   The Centralizer Features   Multiple styles and sizes to suit your tube clean object tube size and working condition.  Optimize UHP Blasting-jet cleaning for small to very large pipes.  &nbsp;  2800Bar 40K UHP BJV\/BJVE Adjustable Hydro-Jetting Tube Pipe Cleaning Centralizer-Straight Pipe\u00a0can be widely used in Application\u00a0such as  UHP Water Blasting Construction Industry  Hydro Jet blaster Iron, Steel And Metal Industry  high pressure waterblaster\u00a0Mechanical\u00a0and Apparatus Engineering  Cements and Concrete Industry  high pressure barracuda\u00a0Surface cleaning  UHP hydro Jet cleaning equipment parts  Industrial Cleaning Spray Bars  hydro blasting machine\u00a0for petroleum refining industry  Hydro Jet Surface Cleaning,Tank&amp;Vessel Cleaning,  Heat Exchange Cleaning,  Automotive Painting cleaning Mining industry cleaning Steel manufacture cleaning etc.  High pressure sewer cleaning equipment\u00a0for municipal pipe networks\u00a0water supply and drainage pipelines;","og_url":"https:\/\/panwinjet.com\/pt\/produto\/2800bar-40k-uhp-bjv-bjve-adjustable-hydro-jetting-tube-pipe-cleaning-centralizer-straight-pipe\/","og_site_name":"Panwin Machinery&amp;Equipment","article_modified_time":"2025-09-22T12:59:05+00:00","og_image":[{"width":1080,"height":1919,"url":"https:\/\/panwinjet.com\/wp-content\/uploads\/2025\/09\/Centerizer-Tube-Demo-1.jpg","type":"image\/jpeg"}],"twitter_card":"summary_large_image","twitter_misc":{"Tempo estimado de leitura":"2 minutos"},"schema":{"@context":"https:\/\/schema.org","@graph":[{"@type":"WebPage","@id":"https:\/\/panwinjet.com\/product\/2800bar-40k-uhp-bjv-bjve-adjustable-hydro-jetting-tube-pipe-cleaning-centralizer-straight-pipe\/","url":"https:\/\/panwinjet.com\/product\/2800bar-40k-uhp-bjv-bjve-adjustable-hydro-jetting-tube-pipe-cleaning-centralizer-straight-pipe\/","name":"2800Bar 40K UHP BJV\/BJVE Adjustable Hydro-Jetting Tube Pipe Cleaning Centralizer-Straight Pipe - Panwin Machinery&amp;Equipment","isPartOf":{"@id":"https:\/\/panwinjet.com\/#website"},"primaryImageOfPage":{"@id":"https:\/\/panwinjet.com\/product\/2800bar-40k-uhp-bjv-bjve-adjustable-hydro-jetting-tube-pipe-cleaning-centralizer-straight-pipe\/#primaryimage"},"image":{"@id":"https:\/\/panwinjet.com\/product\/2800bar-40k-uhp-bjv-bjve-adjustable-hydro-jetting-tube-pipe-cleaning-centralizer-straight-pipe\/#primaryimage"},"thumbnailUrl":"https:\/\/panwinjet.com\/wp-content\/uploads\/2025\/09\/Centerizer-Tube-Demo-1.jpg","datePublished":"2025-09-22T12:59:02+00:00","dateModified":"2025-09-22T12:59:05+00:00","breadcrumb":{"@id":"https:\/\/panwinjet.com\/product\/2800bar-40k-uhp-bjv-bjve-adjustable-hydro-jetting-tube-pipe-cleaning-centralizer-straight-pipe\/#breadcrumb"},"inLanguage":"pt-PT","potentialAction":[{"@type":"ReadAction","target":["https:\/\/panwinjet.com\/product\/2800bar-40k-uhp-bjv-bjve-adjustable-hydro-jetting-tube-pipe-cleaning-centralizer-straight-pipe\/"]}]},{"@type":"ImageObject","inLanguage":"pt-PT","@id":"https:\/\/panwinjet.com\/product\/2800bar-40k-uhp-bjv-bjve-adjustable-hydro-jetting-tube-pipe-cleaning-centralizer-straight-pipe\/#primaryimage","url":"https:\/\/panwinjet.com\/wp-content\/uploads\/2025\/09\/Centerizer-Tube-Demo-1.jpg","contentUrl":"https:\/\/panwinjet.com\/wp-content\/uploads\/2025\/09\/Centerizer-Tube-Demo-1.jpg","width":1080,"height":1919},{"@type":"BreadcrumbList","@id":"https:\/\/panwinjet.com\/product\/2800bar-40k-uhp-bjv-bjve-adjustable-hydro-jetting-tube-pipe-cleaning-centralizer-straight-pipe\/#breadcrumb","itemListElement":[{"@type":"ListItem","position":1,"name":"\u9996\u9875","item":"https:\/\/panwinjet.com\/"},{"@type":"ListItem","position":2,"name":"PRODUCT","item":"https:\/\/panwinjet.com\/product\/"},{"@type":"ListItem","position":3,"name":"2800Bar 40K UHP BJV\/BJVE Adjustable Hydro-Jetting Tube Pipe Cleaning Centralizer-Straight Pipe"}]},{"@type":"WebSite","@id":"https:\/\/panwinjet.com\/#website","url":"https:\/\/panwinjet.com\/","name":"Panwin Machinery&amp;Equipment","description":"Shenzhen Panwin Machinery&amp;Equipment Co.Ltd","potentialAction":[{"@type":"SearchAction","target":{"@type":"EntryPoint","urlTemplate":"https:\/\/panwinjet.com\/?s={search_term_string}"},"query-input":{"@type":"PropertyValueSpecification","valueRequired":true,"valueName":"search_term_string"}}],"inLanguage":"pt-PT"}]}},"_links":{"self":[{"href":"https:\/\/panwinjet.com\/pt\/wp-json\/wp\/v2\/product\/1280","targetHints":{"allow":["GET"]}}],"collection":[{"href":"https:\/\/panwinjet.com\/pt\/wp-json\/wp\/v2\/product"}],"about":[{"href":"https:\/\/panwinjet.com\/pt\/wp-json\/wp\/v2\/types\/product"}],"wp:featuredmedia":[{"embeddable":true,"href":"https:\/\/panwinjet.com\/pt\/wp-json\/wp\/v2\/media\/1288"}],"wp:attachment":[{"href":"https:\/\/panwinjet.com\/pt\/wp-json\/wp\/v2\/media?parent=1280"}],"wp:term":[{"taxonomy":"product_brand","embeddable":true,"href":"https:\/\/panwinjet.com\/pt\/wp-json\/wp\/v2\/product_brand?post=1280"},{"taxonomy":"product_cat","embeddable":true,"href":"https:\/\/panwinjet.com\/pt\/wp-json\/wp\/v2\/product_cat?post=1280"},{"taxonomy":"product_tag","embeddable":true,"href":"https:\/\/panwinjet.com\/pt\/wp-json\/wp\/v2\/product_tag?post=1280"}],"curies":[{"name":"wp","href":"https:\/\/api.w.org\/{rel}","templated":true}]}}