{"id":1267,"date":"2025-09-22T08:25:55","date_gmt":"2025-09-22T08:25:55","guid":{"rendered":"https:\/\/panwinjet.com\/?post_type=product&#038;p=1267"},"modified":"2025-09-22T08:25:56","modified_gmt":"2025-09-22T08:25:56","slug":"excellent-quality-22kpsi-uhp-pressure-water-jet-cleaning-machine-4-badger-bent-pipe-tube-cleaning-nozzle","status":"publish","type":"product","link":"https:\/\/panwinjet.com\/pt\/produto\/excellent-quality-22kpsi-uhp-pressure-water-jet-cleaning-machine-4-badger-bent-pipe-tube-cleaning-nozzle\/","title":{"rendered":"M\u00e1quina de limpeza com jato de \u00e1gua de alta press\u00e3o (UHP) de 22 kpsi de excelente qualidade, com bico de limpeza para tubos curvados de 4&quot; da Badger."},"content":{"rendered":"<p><b><\/b><strong><b>Especifica\u00e7\u00f5es da m\u00e1quina de limpeza com jato de \u00e1gua de alta press\u00e3o (UHP) de 22 kpsi de excelente qualidade e bocal de limpeza para tubos curvados de 4&quot; da Badger.<\/b><\/strong><\/p>\n<p><strong><b>Este conjunto de bicos de limpeza para tubos com curva de 4 polegadas para m\u00e1quina de hidrojateamento possui press\u00e3o m\u00e1xima de opera\u00e7\u00e3o de 22.000 psi e vaz\u00e3o m\u00e1xima de 40 gpm, oferecendo forte poder de pulveriza\u00e7\u00e3o e alta vaz\u00e3o.<\/b><\/strong><strong><b>&#039;&#039;<\/b><\/strong><strong><b>\u00a0Limpeza de tubula\u00e7\u00e3o torta.<\/b><\/strong><\/p>\n<p>&nbsp;<\/p>\n<p><strong><b>\u00a0<\/b><\/strong><\/p>\n<p><b><\/b><strong><b><img decoding=\"async\" class=\"alignleft size-medium wp-image-1276 lazyload\" data-src=\"https:\/\/panwinjet.com\/wp-content\/uploads\/2025\/09\/4in-Bend-Pipe-Nozzles-500x465.png\" alt=\"\" width=\"500\" height=\"465\" data-srcset=\"https:\/\/panwinjet.com\/wp-content\/uploads\/2025\/09\/4in-Bend-Pipe-Nozzles-500x465.png 500w, https:\/\/panwinjet.com\/wp-content\/uploads\/2025\/09\/4in-Bend-Pipe-Nozzles-300x279.png 300w, https:\/\/panwinjet.com\/wp-content\/uploads\/2025\/09\/4in-Bend-Pipe-Nozzles-81x75.png 81w, https:\/\/panwinjet.com\/wp-content\/uploads\/2025\/09\/4in-Bend-Pipe-Nozzles-480x446.png 480w, https:\/\/panwinjet.com\/wp-content\/uploads\/2025\/09\/4in-Bend-Pipe-Nozzles.png 628w\" data-sizes=\"(max-width:767px) 480px, 500px\" src=\"data:image\/svg+xml;base64,PHN2ZyB3aWR0aD0iMSIgaGVpZ2h0PSIxIiB4bWxucz0iaHR0cDovL3d3dy53My5vcmcvMjAwMC9zdmciPjwvc3ZnPg==\" style=\"--smush-placeholder-width: 500px; --smush-placeholder-aspect-ratio: 500\/465;\" \/><strong><b> Caracter\u00edsticas e aplica\u00e7\u00f5es de<\/b><\/strong><b><\/b><strong><b>M\u00e1quina de limpeza com jato de \u00e1gua de alta press\u00e3o (UHP) de 22 kpsi de excelente qualidade, com bico de limpeza para tubos curvados de 4&quot; da Badger.<\/b><\/strong><\/b><\/strong><\/p>\n<p>N\u00f3s, da Panwin, vendemos bicos de limpeza de tubula\u00e7\u00e3o com curva de 4 polegadas para jateamento de \u00e1gua pressurizada de 20.000 psi de excelente qualidade, que possuem diversas vantagens e caracter\u00edsticas, como as seguintes:<\/p>\n<p>1: Desempenho de limpeza completo.<\/p>\n<p>Este bocal auto-rotativo para limpeza de tubula\u00e7\u00f5es hidr\u00e1ulicas foi projetado para facilitar o acesso e a limpeza de tubos de 6 polegadas com curva de 90\u00b0, e possui jatos frontais, laterais e traseiros que desobstruem bloqueios.<\/p>\n<p>O impulso serve para impulsionar a ferramenta pelo tubo, proporcionando m\u00e1xima pot\u00eancia de limpeza e m\u00ednimo desgaste.<\/p>\n<p>&nbsp;<\/p>\n<p>2: A \u00e1gua proporciona movimento de autorrota\u00e7\u00e3o, sem necessidade de \u00f3leo ou rolamentos de esferas.<\/p>\n<p>A \u00e1gua corrente proporciona o movimento rotacional e cria o rolamento sobre o qual os bicos giram. Sem necessidade de trocar \u00f3leo ou rolamentos de esferas!<\/p>\n<p>3: Inser\u00e7\u00e3o de bicos multiportas para limpeza de 360 graus.<br \/>\nEquipada com duas portas frontais a 10\u00b0 e duas a 45\u00b0, duas portas radiais a 100\u00b0 e duas portas traseiras a 135\u00b0 que aceitam dois tipos de bicos dispon\u00edveis opcionalmente.<\/p>\n<p>4: Controle de velocidade, limpeza potente e m\u00ednimo desgaste.<\/p>\n<p>Ele foi projetado com um sistema de frenagem por correntes parasitas que controla a velocidade de rota\u00e7\u00e3o para obter o m\u00e1ximo poder de limpeza e o m\u00ednimo desgaste.<\/p>\n<p>5: Servi\u00e7o f\u00e1cil.<\/p>\n<p>Esta m\u00e1quina de limpeza com jato de \u00e1gua de 20 kpsi e bocal para limpeza de tubula\u00e7\u00f5es curvas de 4 polegadas pode ser aplicada em diversos processos de limpeza, como limpeza de tanques e vasos, limpeza de tubos e canos, etc., e apresenta vantagens incompar\u00e1veis, principalmente em tubos curvados de 4 polegadas.<\/p>\n<p><b><\/b><strong><b>Detalhes de<\/b><\/strong><b><\/b><strong><b>M\u00e1quina de limpeza com jato de \u00e1gua de alta press\u00e3o (UHP) de 22 kpsi de excelente qualidade, com bico de limpeza para tubos curvados de 4&quot; da Badger.<\/b><\/strong><\/p>\n<p><strong><b>A m\u00e1quina de limpeza com jato de \u00e1gua de alta press\u00e3o (UHP) de 22 kpsi de excelente qualidade inclui um bocal de limpeza para tubos curvados de 4&quot; da Badger, an\u00e9is de reten\u00e7\u00e3o, porcas de entrada, an\u00e9is de desgaste e conjuntos de cabe\u00e7ote, etc., conforme segue.<\/b><\/strong><\/p>\n<p><strong><b> <img decoding=\"async\" class=\"alignleft size-medium wp-image-1277 lazyload\" data-src=\"https:\/\/panwinjet.com\/wp-content\/uploads\/2025\/09\/Struction-500x241.png\" alt=\"\" width=\"500\" height=\"241\" data-srcset=\"https:\/\/panwinjet.com\/wp-content\/uploads\/2025\/09\/Struction-500x241.png 500w, https:\/\/panwinjet.com\/wp-content\/uploads\/2025\/09\/Struction-1200x579.png 1200w, https:\/\/panwinjet.com\/wp-content\/uploads\/2025\/09\/Struction-300x145.png 300w, https:\/\/panwinjet.com\/wp-content\/uploads\/2025\/09\/Struction-768x371.png 768w, https:\/\/panwinjet.com\/wp-content\/uploads\/2025\/09\/Struction-150x72.png 150w, https:\/\/panwinjet.com\/wp-content\/uploads\/2025\/09\/Struction-480x232.png 480w, https:\/\/panwinjet.com\/wp-content\/uploads\/2025\/09\/Struction-800x386.png 800w, https:\/\/panwinjet.com\/wp-content\/uploads\/2025\/09\/Struction.png 1225w\" data-sizes=\"(max-width:767px) 480px, 500px\" src=\"data:image\/svg+xml;base64,PHN2ZyB3aWR0aD0iMSIgaGVpZ2h0PSIxIiB4bWxucz0iaHR0cDovL3d3dy53My5vcmcvMjAwMC9zdmciPjwvc3ZnPg==\" style=\"--smush-placeholder-width: 500px; --smush-placeholder-aspect-ratio: 500\/241;\" \/><\/b><\/strong><\/p>\n<p><strong><b>\u00a0<\/b><\/strong><\/p>\n<p><strong><b>\u00a0<\/b><\/strong><\/p>","protected":false},"excerpt":{"rendered":"<p><b><\/b><strong><b>Apresenta\u00e7\u00e3o da excelente m\u00e1quina de limpeza com jato de \u00e1gua de alta press\u00e3o (UHP) de 22 kpsi e bocal de limpeza para tubos curvados de 4&quot; da Badger.<\/b><\/strong><\/p>\n<p><strong><b>M\u00e1quina de limpeza com jato de \u00e1gua de alta press\u00e3o (UHP) de 22 kpsi de excelente qualidade e bico de limpeza para tubos curvados de 4&quot; da Badger. <\/b><\/strong><strong><b>Para facilitar o acesso e a limpeza, fa\u00e7a uma curva de 90\u00b0 em um tubo de 4 polegadas.<\/b><\/strong><strong><b>Possui jatos frontais, laterais e traseiros que desobstruem bloqueios. \u00c9 uma ferramenta poderosa para limpeza de tubula\u00e7\u00f5es, ideal para tarefas dif\u00edceis em campos petrol\u00edferos, limpeza de tubula\u00e7\u00f5es qu\u00edmicas, etc.<\/b><\/strong><\/p>\n<div style=\"width: 720px;\" class=\"wp-video\"><video class=\"wp-video-shortcode\" id=\"video-1267-1\" width=\"720\" height=\"1270\" preload=\"metadata\" controls=\"controls\"><source type=\"video\/mp4\" src=\"https:\/\/panwinjet.com\/wp-content\/uploads\/2025\/09\/6\u2018-Pipe-Cleaning-Nozzle.mp4?_=1\" \/><a href=\"https:\/\/panwinjet.com\/wp-content\/uploads\/2025\/09\/6&#039;-Pipe-Cleaning-Nozzle.mp4\">https:\/\/panwinjet.com\/wp-content\/uploads\/2025\/09\/6&#039;-Pipe-Cleaning-Nozzle.mp4<\/a><\/video><\/div>","protected":false},"featured_media":1268,"template":"","meta":[],"product_brand":[],"product_cat":[5],"product_tag":[28],"class_list":{"0":"post-1267","1":"product","2":"type-product","3":"status-publish","4":"has-post-thumbnail","6":"product_cat-uhp-rotating-nozzles","7":"product_tag-22k-4-badger-tube-pipe-rotary-nozzles","9":"first","10":"instock","11":"shipping-taxable","12":"product-type-simple"},"yoast_head":"<!-- This site is optimized with the Yoast SEO plugin v24.9 - https:\/\/yoast.com\/wordpress\/plugins\/seo\/ -->\n<title>Excellent Quality 22kpsi UHP Pressure Water Jet cleaning machine 4&quot; Badger Bent Pipe Tube Cleaning Nozzle - Panwin Machinery&amp;Equipment<\/title>\n<meta name=\"robots\" content=\"index, follow, max-snippet:-1, max-image-preview:large, max-video-preview:-1\" \/>\n<link rel=\"canonical\" href=\"https:\/\/panwinjet.com\/pt\/produto\/excellent-quality-22kpsi-uhp-pressure-water-jet-cleaning-machine-4-badger-bent-pipe-tube-cleaning-nozzle\/\" \/>\n<meta property=\"og:locale\" content=\"pt_PT\" \/>\n<meta property=\"og:type\" content=\"article\" \/>\n<meta property=\"og:title\" content=\"Excellent Quality 22kpsi UHP Pressure Water Jet cleaning machine 4&quot; Badger Bent Pipe Tube Cleaning Nozzle - Panwin Machinery&amp;Equipment\" \/>\n<meta property=\"og:description\" content=\"Introduction of Excellent Quality 22kpsi UHP Pressure Water Jet cleaning machine 4&quot; Badger Bent Pipe Tube Cleaning Nozzle  The Excellent Quality 22kpsi UHP Pressure Water Jet cleaning machine 4&quot; Badger Bent Pipe Tube Cleaning Nozzle for easy access and cleaning wash bend 90\u00b04 inch pipe, It has front, side, and rear jets that clear blockages. It is powerful pipe cleaning tool for tough tasks in Oil field, chemical pipe cleaning etc.\" \/>\n<meta property=\"og:url\" content=\"https:\/\/panwinjet.com\/pt\/produto\/excellent-quality-22kpsi-uhp-pressure-water-jet-cleaning-machine-4-badger-bent-pipe-tube-cleaning-nozzle\/\" \/>\n<meta property=\"og:site_name\" content=\"Panwin Machinery&amp;Equipment\" \/>\n<meta property=\"article:modified_time\" content=\"2025-09-22T08:25:56+00:00\" \/>\n<meta property=\"og:image\" content=\"https:\/\/panwinjet.com\/wp-content\/uploads\/2025\/09\/4inch-Badger-Rotary-nozzles.jpg\" \/>\n\t<meta property=\"og:image:width\" content=\"1279\" \/>\n\t<meta property=\"og:image:height\" content=\"1706\" \/>\n\t<meta property=\"og:image:type\" content=\"image\/jpeg\" \/>\n<meta name=\"twitter:card\" content=\"summary_large_image\" \/>\n<meta name=\"twitter:label1\" content=\"Tempo estimado de leitura\" \/>\n\t<meta name=\"twitter:data1\" content=\"3 minutos\" \/>\n<script type=\"application\/ld+json\" class=\"yoast-schema-graph\">{\"@context\":\"https:\/\/schema.org\",\"@graph\":[{\"@type\":\"WebPage\",\"@id\":\"https:\/\/panwinjet.com\/product\/excellent-quality-22kpsi-uhp-pressure-water-jet-cleaning-machine-4-badger-bent-pipe-tube-cleaning-nozzle\/\",\"url\":\"https:\/\/panwinjet.com\/product\/excellent-quality-22kpsi-uhp-pressure-water-jet-cleaning-machine-4-badger-bent-pipe-tube-cleaning-nozzle\/\",\"name\":\"Excellent Quality 22kpsi UHP Pressure Water Jet cleaning machine 4\\\" Badger Bent Pipe Tube Cleaning Nozzle - Panwin Machinery&amp;Equipment\",\"isPartOf\":{\"@id\":\"https:\/\/panwinjet.com\/#website\"},\"primaryImageOfPage\":{\"@id\":\"https:\/\/panwinjet.com\/product\/excellent-quality-22kpsi-uhp-pressure-water-jet-cleaning-machine-4-badger-bent-pipe-tube-cleaning-nozzle\/#primaryimage\"},\"image\":{\"@id\":\"https:\/\/panwinjet.com\/product\/excellent-quality-22kpsi-uhp-pressure-water-jet-cleaning-machine-4-badger-bent-pipe-tube-cleaning-nozzle\/#primaryimage\"},\"thumbnailUrl\":\"https:\/\/panwinjet.com\/wp-content\/uploads\/2025\/09\/4inch-Badger-Rotary-nozzles.jpg\",\"datePublished\":\"2025-09-22T08:25:55+00:00\",\"dateModified\":\"2025-09-22T08:25:56+00:00\",\"breadcrumb\":{\"@id\":\"https:\/\/panwinjet.com\/product\/excellent-quality-22kpsi-uhp-pressure-water-jet-cleaning-machine-4-badger-bent-pipe-tube-cleaning-nozzle\/#breadcrumb\"},\"inLanguage\":\"pt-PT\",\"potentialAction\":[{\"@type\":\"ReadAction\",\"target\":[\"https:\/\/panwinjet.com\/product\/excellent-quality-22kpsi-uhp-pressure-water-jet-cleaning-machine-4-badger-bent-pipe-tube-cleaning-nozzle\/\"]}]},{\"@type\":\"ImageObject\",\"inLanguage\":\"pt-PT\",\"@id\":\"https:\/\/panwinjet.com\/product\/excellent-quality-22kpsi-uhp-pressure-water-jet-cleaning-machine-4-badger-bent-pipe-tube-cleaning-nozzle\/#primaryimage\",\"url\":\"https:\/\/panwinjet.com\/wp-content\/uploads\/2025\/09\/4inch-Badger-Rotary-nozzles.jpg\",\"contentUrl\":\"https:\/\/panwinjet.com\/wp-content\/uploads\/2025\/09\/4inch-Badger-Rotary-nozzles.jpg\",\"width\":1279,\"height\":1706,\"caption\":\"Jetstream Style 4 Badger Rotary Nozzles\"},{\"@type\":\"BreadcrumbList\",\"@id\":\"https:\/\/panwinjet.com\/product\/excellent-quality-22kpsi-uhp-pressure-water-jet-cleaning-machine-4-badger-bent-pipe-tube-cleaning-nozzle\/#breadcrumb\",\"itemListElement\":[{\"@type\":\"ListItem\",\"position\":1,\"name\":\"\u9996\u9875\",\"item\":\"https:\/\/panwinjet.com\/\"},{\"@type\":\"ListItem\",\"position\":2,\"name\":\"PRODUCT\",\"item\":\"https:\/\/panwinjet.com\/product\/\"},{\"@type\":\"ListItem\",\"position\":3,\"name\":\"Excellent Quality 22kpsi UHP Pressure Water Jet cleaning machine 4&#8243; Badger Bent Pipe Tube Cleaning Nozzle\"}]},{\"@type\":\"WebSite\",\"@id\":\"https:\/\/panwinjet.com\/#website\",\"url\":\"https:\/\/panwinjet.com\/\",\"name\":\"Panwin Machinery&amp;Equipment\",\"description\":\"Shenzhen Panwin Machinery&amp;Equipment Co.Ltd\",\"potentialAction\":[{\"@type\":\"SearchAction\",\"target\":{\"@type\":\"EntryPoint\",\"urlTemplate\":\"https:\/\/panwinjet.com\/?s={search_term_string}\"},\"query-input\":{\"@type\":\"PropertyValueSpecification\",\"valueRequired\":true,\"valueName\":\"search_term_string\"}}],\"inLanguage\":\"pt-PT\"}]}<\/script>\n<!-- \/ Yoast SEO plugin. -->","yoast_head_json":{"title":"Excellent Quality 22kpsi UHP Pressure Water Jet cleaning machine 4\" Badger Bent Pipe Tube Cleaning Nozzle - Panwin Machinery&amp;Equipment","robots":{"index":"index","follow":"follow","max-snippet":"max-snippet:-1","max-image-preview":"max-image-preview:large","max-video-preview":"max-video-preview:-1"},"canonical":"https:\/\/panwinjet.com\/pt\/produto\/excellent-quality-22kpsi-uhp-pressure-water-jet-cleaning-machine-4-badger-bent-pipe-tube-cleaning-nozzle\/","og_locale":"pt_PT","og_type":"article","og_title":"Excellent Quality 22kpsi UHP Pressure Water Jet cleaning machine 4\" Badger Bent Pipe Tube Cleaning Nozzle - Panwin Machinery&amp;Equipment","og_description":"Introduction of Excellent Quality 22kpsi UHP Pressure Water Jet cleaning machine 4\" Badger Bent Pipe Tube Cleaning Nozzle  The Excellent Quality 22kpsi UHP Pressure Water Jet cleaning machine 4\" Badger Bent Pipe Tube Cleaning Nozzle for easy access and cleaning wash bend 90\u00b04 inch pipe, It has front, side, and rear jets that clear blockages. It is powerful pipe cleaning tool for tough tasks in Oil field, chemical pipe cleaning etc.","og_url":"https:\/\/panwinjet.com\/pt\/produto\/excellent-quality-22kpsi-uhp-pressure-water-jet-cleaning-machine-4-badger-bent-pipe-tube-cleaning-nozzle\/","og_site_name":"Panwin Machinery&amp;Equipment","article_modified_time":"2025-09-22T08:25:56+00:00","og_image":[{"width":1279,"height":1706,"url":"https:\/\/panwinjet.com\/wp-content\/uploads\/2025\/09\/4inch-Badger-Rotary-nozzles.jpg","type":"image\/jpeg"}],"twitter_card":"summary_large_image","twitter_misc":{"Tempo estimado de leitura":"3 minutos"},"schema":{"@context":"https:\/\/schema.org","@graph":[{"@type":"WebPage","@id":"https:\/\/panwinjet.com\/product\/excellent-quality-22kpsi-uhp-pressure-water-jet-cleaning-machine-4-badger-bent-pipe-tube-cleaning-nozzle\/","url":"https:\/\/panwinjet.com\/product\/excellent-quality-22kpsi-uhp-pressure-water-jet-cleaning-machine-4-badger-bent-pipe-tube-cleaning-nozzle\/","name":"Excellent Quality 22kpsi UHP Pressure Water Jet cleaning machine 4\" Badger Bent Pipe Tube Cleaning Nozzle - Panwin Machinery&amp;Equipment","isPartOf":{"@id":"https:\/\/panwinjet.com\/#website"},"primaryImageOfPage":{"@id":"https:\/\/panwinjet.com\/product\/excellent-quality-22kpsi-uhp-pressure-water-jet-cleaning-machine-4-badger-bent-pipe-tube-cleaning-nozzle\/#primaryimage"},"image":{"@id":"https:\/\/panwinjet.com\/product\/excellent-quality-22kpsi-uhp-pressure-water-jet-cleaning-machine-4-badger-bent-pipe-tube-cleaning-nozzle\/#primaryimage"},"thumbnailUrl":"https:\/\/panwinjet.com\/wp-content\/uploads\/2025\/09\/4inch-Badger-Rotary-nozzles.jpg","datePublished":"2025-09-22T08:25:55+00:00","dateModified":"2025-09-22T08:25:56+00:00","breadcrumb":{"@id":"https:\/\/panwinjet.com\/product\/excellent-quality-22kpsi-uhp-pressure-water-jet-cleaning-machine-4-badger-bent-pipe-tube-cleaning-nozzle\/#breadcrumb"},"inLanguage":"pt-PT","potentialAction":[{"@type":"ReadAction","target":["https:\/\/panwinjet.com\/product\/excellent-quality-22kpsi-uhp-pressure-water-jet-cleaning-machine-4-badger-bent-pipe-tube-cleaning-nozzle\/"]}]},{"@type":"ImageObject","inLanguage":"pt-PT","@id":"https:\/\/panwinjet.com\/product\/excellent-quality-22kpsi-uhp-pressure-water-jet-cleaning-machine-4-badger-bent-pipe-tube-cleaning-nozzle\/#primaryimage","url":"https:\/\/panwinjet.com\/wp-content\/uploads\/2025\/09\/4inch-Badger-Rotary-nozzles.jpg","contentUrl":"https:\/\/panwinjet.com\/wp-content\/uploads\/2025\/09\/4inch-Badger-Rotary-nozzles.jpg","width":1279,"height":1706,"caption":"Jetstream Style 4 Badger Rotary Nozzles"},{"@type":"BreadcrumbList","@id":"https:\/\/panwinjet.com\/product\/excellent-quality-22kpsi-uhp-pressure-water-jet-cleaning-machine-4-badger-bent-pipe-tube-cleaning-nozzle\/#breadcrumb","itemListElement":[{"@type":"ListItem","position":1,"name":"\u9996\u9875","item":"https:\/\/panwinjet.com\/"},{"@type":"ListItem","position":2,"name":"PRODUCT","item":"https:\/\/panwinjet.com\/product\/"},{"@type":"ListItem","position":3,"name":"Excellent Quality 22kpsi UHP Pressure Water Jet cleaning machine 4&#8243; Badger Bent Pipe Tube Cleaning Nozzle"}]},{"@type":"WebSite","@id":"https:\/\/panwinjet.com\/#website","url":"https:\/\/panwinjet.com\/","name":"Panwin Machinery&amp;Equipment","description":"Shenzhen Panwin Machinery&amp;Equipment Co.Ltd","potentialAction":[{"@type":"SearchAction","target":{"@type":"EntryPoint","urlTemplate":"https:\/\/panwinjet.com\/?s={search_term_string}"},"query-input":{"@type":"PropertyValueSpecification","valueRequired":true,"valueName":"search_term_string"}}],"inLanguage":"pt-PT"}]}},"_links":{"self":[{"href":"https:\/\/panwinjet.com\/pt\/wp-json\/wp\/v2\/product\/1267","targetHints":{"allow":["GET"]}}],"collection":[{"href":"https:\/\/panwinjet.com\/pt\/wp-json\/wp\/v2\/product"}],"about":[{"href":"https:\/\/panwinjet.com\/pt\/wp-json\/wp\/v2\/types\/product"}],"wp:featuredmedia":[{"embeddable":true,"href":"https:\/\/panwinjet.com\/pt\/wp-json\/wp\/v2\/media\/1268"}],"wp:attachment":[{"href":"https:\/\/panwinjet.com\/pt\/wp-json\/wp\/v2\/media?parent=1267"}],"wp:term":[{"taxonomy":"product_brand","embeddable":true,"href":"https:\/\/panwinjet.com\/pt\/wp-json\/wp\/v2\/product_brand?post=1267"},{"taxonomy":"product_cat","embeddable":true,"href":"https:\/\/panwinjet.com\/pt\/wp-json\/wp\/v2\/product_cat?post=1267"},{"taxonomy":"product_tag","embeddable":true,"href":"https:\/\/panwinjet.com\/pt\/wp-json\/wp\/v2\/product_tag?post=1267"}],"curies":[{"name":"wp","href":"https:\/\/api.w.org\/{rel}","templated":true}]}}