{"id":1216,"date":"2025-09-21T14:27:23","date_gmt":"2025-09-21T14:27:23","guid":{"rendered":"https:\/\/panwinjet.com\/?post_type=product&#038;p=1216"},"modified":"2025-09-21T14:27:23","modified_gmt":"2025-09-21T14:27:23","slug":"2200bar-pressure-water-jet-blasting-cleaning-machine-parts-for-j-force-tool-nozzles","status":"publish","type":"product","link":"https:\/\/panwinjet.com\/pt\/produto\/2200bar-pressure-water-jet-blasting-cleaning-machine-parts-for-j-force-tool-nozzles\/","title":{"rendered":"Pe\u00e7as para m\u00e1quina de limpeza por jateamento de \u00e1gua com press\u00e3o de 2200 bar, compat\u00edveis com bicos da ferramenta J-Force."},"content":{"rendered":"<p><strong><b>Par\u00e2metro (Especifica\u00e7\u00e3o) de <\/b><\/strong><strong><b>Jateamento com jato de \u00e1gua de 2200 bar de press\u00e3o <\/b><\/strong><strong><b>limpeza<\/b><\/strong><strong><b>\u00a0Pe\u00e7as usinadas para bicos de ferramentas J-Force <\/b><\/strong><\/p>\n<p><strong><b>Esse <\/b><\/strong><strong><b>Jateamento com jato de \u00e1gua de 2200 bar de press\u00e3o <\/b><\/strong><strong><b>aprendizagem c<\/b><\/strong><strong><b>\u00a0Pe\u00e7as usinadas para bicos de ferramentas J-Force <\/b><\/strong><strong><b>\u00e9 <\/b><\/strong><strong><b>Projetado para limpeza completa de tubos de 2 polegadas, com press\u00e3o m\u00e1xima de opera\u00e7\u00e3o de 22.000 psi e 15.000 psi, e vaz\u00e3o m\u00e1xima de 20 gpm.<\/b><\/strong><\/p>\n<p><strong><b>Detalhes a seguir<\/b><\/strong><\/p>\n<p><img decoding=\"async\" class=\"alignleft size-medium wp-image-1224 lazyload\" data-src=\"https:\/\/panwinjet.com\/wp-content\/uploads\/2025\/09\/Specification-500x467.png\" alt=\"\" width=\"500\" height=\"467\" data-srcset=\"https:\/\/panwinjet.com\/wp-content\/uploads\/2025\/09\/Specification-500x467.png 500w, https:\/\/panwinjet.com\/wp-content\/uploads\/2025\/09\/Specification-300x280.png 300w, https:\/\/panwinjet.com\/wp-content\/uploads\/2025\/09\/Specification-80x75.png 80w, https:\/\/panwinjet.com\/wp-content\/uploads\/2025\/09\/Specification-480x448.png 480w, https:\/\/panwinjet.com\/wp-content\/uploads\/2025\/09\/Specification.png 614w\" data-sizes=\"(max-width:767px) 480px, 500px\" src=\"data:image\/svg+xml;base64,PHN2ZyB3aWR0aD0iMSIgaGVpZ2h0PSIxIiB4bWxucz0iaHR0cDovL3d3dy53My5vcmcvMjAwMC9zdmciPjwvc3ZnPg==\" style=\"--smush-placeholder-width: 500px; --smush-placeholder-aspect-ratio: 500\/467;\" \/><\/p>\n<p><strong><b>Caracter\u00edsticas e aplica\u00e7\u00f5es de <\/b><\/strong><strong><b>Jateamento com jato de \u00e1gua de 2200 bar de press\u00e3o <\/b><\/strong><strong><b>limpeza<\/b><\/strong><strong><b>\u00a0Pe\u00e7as usinadas para bicos de ferramentas J-Force <\/b><\/strong><\/p>\n<p><strong><b>Esse <\/b><\/strong><strong><b>Jateamento com jato de \u00e1gua de 2200 bar de press\u00e3o <\/b><\/strong><strong><b>limpeza<\/b><\/strong><strong><b>\u00a0Pe\u00e7as usinadas para bicos de ferramentas J-Force <\/b><\/strong><strong><b>Possui design avan\u00e7ado e desempenho excepcional, com as seguintes caracter\u00edsticas:<\/b><\/strong><\/p>\n<p><strong><b>A:E<\/b><\/strong><strong><b>Equipado com tr\u00eas portas frontais a 15\u00b0\/30\u00b0\/45\u00b0 e duas portas radiais. <\/b><\/strong><\/p>\n<p><strong><b>a 90\u00b0 e duas portas voltadas para tr\u00e1s a 132\u00b0. <\/b><\/strong><\/p>\n<p><strong><b>B: Sete bicos n\u00e3o substitu\u00edveis <\/b><\/strong><strong><b>s\u00e3o instaladas de f\u00e1brica.<\/b><\/strong><\/p>","protected":false},"excerpt":{"rendered":"<p><strong><b>Introdu\u00e7\u00e3o de <\/b><\/strong><strong><b>Jateamento com jato de \u00e1gua de 2200 bar de press\u00e3o <\/b><\/strong><strong><b>aprendizagem c<\/b><\/strong><strong><b>\u00a0Pe\u00e7as usinadas para bicos de ferramentas J-Force <\/b><\/strong><\/p>\n<p><strong><b>Nosso Panwin <\/b><\/strong><strong><b>Jateamento com jato de \u00e1gua de 2200 bar de press\u00e3o <\/b><\/strong><strong><b>aprendizagem c<\/b><\/strong><strong><b>\u00a0Pe\u00e7as usinadas para bicos de ferramentas J-Force <\/b><\/strong>\u00c9 uma ferramenta rotativa autopropulsionada, projetada para navegar e limpar facilmente tubula\u00e7\u00f5es com curvas de 2 polegadas. \u00c9 compat\u00edvel com os bicos Jetstream n\u00ba 65274 e com os bicos da s\u00e9rie Jetstream n\u00ba 65273 e 65275.<\/p>\n<p>A ferramenta possui jatos frontais, laterais e traseiros que desobstruem, limpam e fornecem impulso para impulsion\u00e1-la pelo cano, garantindo m\u00e1xima pot\u00eancia de limpeza e m\u00ednimo desgaste. A \u00e1gua proporciona o movimento rotacional e cria o rolamento sobre o qual os bicos giram. Sem rolamentos de esferas ou \u00f3leos para substituir.<\/p>","protected":false},"featured_media":1217,"template":"","meta":[],"product_brand":[],"product_cat":[5],"product_tag":[21],"class_list":{"0":"post-1216","1":"product","2":"type-product","3":"status-publish","4":"has-post-thumbnail","6":"product_cat-uhp-rotating-nozzles","7":"product_tag-jetstream-no-65274-parts-no-65273-65275","9":"first","10":"instock","11":"shipping-taxable","12":"product-type-simple"},"yoast_head":"<!-- This site is optimized with the Yoast SEO plugin v24.9 - https:\/\/yoast.com\/wordpress\/plugins\/seo\/ -->\n<title>2200Bar Pressure Water Jet blasting cleaning machine parts for J-Force tool nozzles - Panwin Machinery&amp;Equipment<\/title>\n<meta name=\"robots\" content=\"index, follow, max-snippet:-1, max-image-preview:large, max-video-preview:-1\" \/>\n<link rel=\"canonical\" href=\"https:\/\/panwinjet.com\/pt\/produto\/2200bar-pressure-water-jet-blasting-cleaning-machine-parts-for-j-force-tool-nozzles\/\" \/>\n<meta property=\"og:locale\" content=\"pt_PT\" \/>\n<meta property=\"og:type\" content=\"article\" \/>\n<meta property=\"og:title\" content=\"2200Bar Pressure Water Jet blasting cleaning machine parts for J-Force tool nozzles - Panwin Machinery&amp;Equipment\" \/>\n<meta property=\"og:description\" content=\"Introduction of 2200Bar Pressure Water Jet blasting c learning\u00a0machine parts for J-Force tool nozzles   Our Panwin 2200Bar Pressure Water Jet blasting c learning\u00a0machine parts for J-Force tool nozzles is a self-powered rotating tool designed to easily navigate and clean pipes with 2Inch\u00a0bends. It is compatible with Jetstream Parts No.65274, series nozzles Jetstream Parts No.65273,65275.  The tool has front, side, and rear jets that clear blockages, clean, and provide thrust to propel the tool down the pipe for maximum cleaning power and minimum wear. Water provides the rotational motion and creates the bearing on which the nozzles spin.\u00a0No ball bearings or oils to replace.\" \/>\n<meta property=\"og:url\" content=\"https:\/\/panwinjet.com\/pt\/produto\/2200bar-pressure-water-jet-blasting-cleaning-machine-parts-for-j-force-tool-nozzles\/\" \/>\n<meta property=\"og:site_name\" content=\"Panwin Machinery&amp;Equipment\" \/>\n<meta property=\"og:image\" content=\"https:\/\/panwinjet.com\/wp-content\/uploads\/2025\/09\/JS-20K-\u8c6a\u732a\u55b7\u5934-3-scaled.jpg\" \/>\n\t<meta property=\"og:image:width\" content=\"1920\" \/>\n\t<meta property=\"og:image:height\" content=\"2560\" \/>\n\t<meta property=\"og:image:type\" content=\"image\/jpeg\" \/>\n<meta name=\"twitter:card\" content=\"summary_large_image\" \/>\n<meta name=\"twitter:label1\" content=\"Tempo estimado de leitura\" \/>\n\t<meta name=\"twitter:data1\" content=\"1 minuto\" \/>\n<script type=\"application\/ld+json\" class=\"yoast-schema-graph\">{\"@context\":\"https:\/\/schema.org\",\"@graph\":[{\"@type\":\"WebPage\",\"@id\":\"https:\/\/panwinjet.com\/product\/2200bar-pressure-water-jet-blasting-cleaning-machine-parts-for-j-force-tool-nozzles\/\",\"url\":\"https:\/\/panwinjet.com\/product\/2200bar-pressure-water-jet-blasting-cleaning-machine-parts-for-j-force-tool-nozzles\/\",\"name\":\"2200Bar Pressure Water Jet blasting cleaning machine parts for J-Force tool nozzles - Panwin Machinery&amp;Equipment\",\"isPartOf\":{\"@id\":\"https:\/\/panwinjet.com\/#website\"},\"primaryImageOfPage\":{\"@id\":\"https:\/\/panwinjet.com\/product\/2200bar-pressure-water-jet-blasting-cleaning-machine-parts-for-j-force-tool-nozzles\/#primaryimage\"},\"image\":{\"@id\":\"https:\/\/panwinjet.com\/product\/2200bar-pressure-water-jet-blasting-cleaning-machine-parts-for-j-force-tool-nozzles\/#primaryimage\"},\"thumbnailUrl\":\"https:\/\/panwinjet.com\/wp-content\/uploads\/2025\/09\/JS-20K-\u8c6a\u732a\u55b7\u5934-3-scaled.jpg\",\"datePublished\":\"2025-09-21T14:27:23+00:00\",\"breadcrumb\":{\"@id\":\"https:\/\/panwinjet.com\/product\/2200bar-pressure-water-jet-blasting-cleaning-machine-parts-for-j-force-tool-nozzles\/#breadcrumb\"},\"inLanguage\":\"pt-PT\",\"potentialAction\":[{\"@type\":\"ReadAction\",\"target\":[\"https:\/\/panwinjet.com\/product\/2200bar-pressure-water-jet-blasting-cleaning-machine-parts-for-j-force-tool-nozzles\/\"]}]},{\"@type\":\"ImageObject\",\"inLanguage\":\"pt-PT\",\"@id\":\"https:\/\/panwinjet.com\/product\/2200bar-pressure-water-jet-blasting-cleaning-machine-parts-for-j-force-tool-nozzles\/#primaryimage\",\"url\":\"https:\/\/panwinjet.com\/wp-content\/uploads\/2025\/09\/JS-20K-\u8c6a\u732a\u55b7\u5934-3-scaled.jpg\",\"contentUrl\":\"https:\/\/panwinjet.com\/wp-content\/uploads\/2025\/09\/JS-20K-\u8c6a\u732a\u55b7\u5934-3-scaled.jpg\",\"width\":1920,\"height\":2560,\"caption\":\"J-Force 20Kpsi Badger nozzles\"},{\"@type\":\"BreadcrumbList\",\"@id\":\"https:\/\/panwinjet.com\/product\/2200bar-pressure-water-jet-blasting-cleaning-machine-parts-for-j-force-tool-nozzles\/#breadcrumb\",\"itemListElement\":[{\"@type\":\"ListItem\",\"position\":1,\"name\":\"\u9996\u9875\",\"item\":\"https:\/\/panwinjet.com\/\"},{\"@type\":\"ListItem\",\"position\":2,\"name\":\"PRODUCT\",\"item\":\"https:\/\/panwinjet.com\/product\/\"},{\"@type\":\"ListItem\",\"position\":3,\"name\":\"2200Bar Pressure Water Jet blasting cleaning machine parts for J-Force tool nozzles\"}]},{\"@type\":\"WebSite\",\"@id\":\"https:\/\/panwinjet.com\/#website\",\"url\":\"https:\/\/panwinjet.com\/\",\"name\":\"Panwin Machinery&amp;Equipment\",\"description\":\"Shenzhen Panwin Machinery&amp;Equipment Co.Ltd\",\"potentialAction\":[{\"@type\":\"SearchAction\",\"target\":{\"@type\":\"EntryPoint\",\"urlTemplate\":\"https:\/\/panwinjet.com\/?s={search_term_string}\"},\"query-input\":{\"@type\":\"PropertyValueSpecification\",\"valueRequired\":true,\"valueName\":\"search_term_string\"}}],\"inLanguage\":\"pt-PT\"}]}<\/script>\n<!-- \/ Yoast SEO plugin. -->","yoast_head_json":{"title":"2200Bar Pressure Water Jet blasting cleaning machine parts for J-Force tool nozzles - Panwin Machinery&amp;Equipment","robots":{"index":"index","follow":"follow","max-snippet":"max-snippet:-1","max-image-preview":"max-image-preview:large","max-video-preview":"max-video-preview:-1"},"canonical":"https:\/\/panwinjet.com\/pt\/produto\/2200bar-pressure-water-jet-blasting-cleaning-machine-parts-for-j-force-tool-nozzles\/","og_locale":"pt_PT","og_type":"article","og_title":"2200Bar Pressure Water Jet blasting cleaning machine parts for J-Force tool nozzles - Panwin Machinery&amp;Equipment","og_description":"Introduction of 2200Bar Pressure Water Jet blasting c learning\u00a0machine parts for J-Force tool nozzles   Our Panwin 2200Bar Pressure Water Jet blasting c learning\u00a0machine parts for J-Force tool nozzles is a self-powered rotating tool designed to easily navigate and clean pipes with 2Inch\u00a0bends. It is compatible with Jetstream Parts No.65274, series nozzles Jetstream Parts No.65273,65275.  The tool has front, side, and rear jets that clear blockages, clean, and provide thrust to propel the tool down the pipe for maximum cleaning power and minimum wear. Water provides the rotational motion and creates the bearing on which the nozzles spin.\u00a0No ball bearings or oils to replace.","og_url":"https:\/\/panwinjet.com\/pt\/produto\/2200bar-pressure-water-jet-blasting-cleaning-machine-parts-for-j-force-tool-nozzles\/","og_site_name":"Panwin Machinery&amp;Equipment","og_image":[{"width":1920,"height":2560,"url":"https:\/\/panwinjet.com\/wp-content\/uploads\/2025\/09\/JS-20K-\u8c6a\u732a\u55b7\u5934-3-scaled.jpg","type":"image\/jpeg"}],"twitter_card":"summary_large_image","twitter_misc":{"Tempo estimado de leitura":"1 minuto"},"schema":{"@context":"https:\/\/schema.org","@graph":[{"@type":"WebPage","@id":"https:\/\/panwinjet.com\/product\/2200bar-pressure-water-jet-blasting-cleaning-machine-parts-for-j-force-tool-nozzles\/","url":"https:\/\/panwinjet.com\/product\/2200bar-pressure-water-jet-blasting-cleaning-machine-parts-for-j-force-tool-nozzles\/","name":"2200Bar Pressure Water Jet blasting cleaning machine parts for J-Force tool nozzles - Panwin Machinery&amp;Equipment","isPartOf":{"@id":"https:\/\/panwinjet.com\/#website"},"primaryImageOfPage":{"@id":"https:\/\/panwinjet.com\/product\/2200bar-pressure-water-jet-blasting-cleaning-machine-parts-for-j-force-tool-nozzles\/#primaryimage"},"image":{"@id":"https:\/\/panwinjet.com\/product\/2200bar-pressure-water-jet-blasting-cleaning-machine-parts-for-j-force-tool-nozzles\/#primaryimage"},"thumbnailUrl":"https:\/\/panwinjet.com\/wp-content\/uploads\/2025\/09\/JS-20K-\u8c6a\u732a\u55b7\u5934-3-scaled.jpg","datePublished":"2025-09-21T14:27:23+00:00","breadcrumb":{"@id":"https:\/\/panwinjet.com\/product\/2200bar-pressure-water-jet-blasting-cleaning-machine-parts-for-j-force-tool-nozzles\/#breadcrumb"},"inLanguage":"pt-PT","potentialAction":[{"@type":"ReadAction","target":["https:\/\/panwinjet.com\/product\/2200bar-pressure-water-jet-blasting-cleaning-machine-parts-for-j-force-tool-nozzles\/"]}]},{"@type":"ImageObject","inLanguage":"pt-PT","@id":"https:\/\/panwinjet.com\/product\/2200bar-pressure-water-jet-blasting-cleaning-machine-parts-for-j-force-tool-nozzles\/#primaryimage","url":"https:\/\/panwinjet.com\/wp-content\/uploads\/2025\/09\/JS-20K-\u8c6a\u732a\u55b7\u5934-3-scaled.jpg","contentUrl":"https:\/\/panwinjet.com\/wp-content\/uploads\/2025\/09\/JS-20K-\u8c6a\u732a\u55b7\u5934-3-scaled.jpg","width":1920,"height":2560,"caption":"J-Force 20Kpsi Badger nozzles"},{"@type":"BreadcrumbList","@id":"https:\/\/panwinjet.com\/product\/2200bar-pressure-water-jet-blasting-cleaning-machine-parts-for-j-force-tool-nozzles\/#breadcrumb","itemListElement":[{"@type":"ListItem","position":1,"name":"\u9996\u9875","item":"https:\/\/panwinjet.com\/"},{"@type":"ListItem","position":2,"name":"PRODUCT","item":"https:\/\/panwinjet.com\/product\/"},{"@type":"ListItem","position":3,"name":"2200Bar Pressure Water Jet blasting cleaning machine parts for J-Force tool nozzles"}]},{"@type":"WebSite","@id":"https:\/\/panwinjet.com\/#website","url":"https:\/\/panwinjet.com\/","name":"Panwin Machinery&amp;Equipment","description":"Shenzhen Panwin Machinery&amp;Equipment Co.Ltd","potentialAction":[{"@type":"SearchAction","target":{"@type":"EntryPoint","urlTemplate":"https:\/\/panwinjet.com\/?s={search_term_string}"},"query-input":{"@type":"PropertyValueSpecification","valueRequired":true,"valueName":"search_term_string"}}],"inLanguage":"pt-PT"}]}},"_links":{"self":[{"href":"https:\/\/panwinjet.com\/pt\/wp-json\/wp\/v2\/product\/1216","targetHints":{"allow":["GET"]}}],"collection":[{"href":"https:\/\/panwinjet.com\/pt\/wp-json\/wp\/v2\/product"}],"about":[{"href":"https:\/\/panwinjet.com\/pt\/wp-json\/wp\/v2\/types\/product"}],"wp:featuredmedia":[{"embeddable":true,"href":"https:\/\/panwinjet.com\/pt\/wp-json\/wp\/v2\/media\/1217"}],"wp:attachment":[{"href":"https:\/\/panwinjet.com\/pt\/wp-json\/wp\/v2\/media?parent=1216"}],"wp:term":[{"taxonomy":"product_brand","embeddable":true,"href":"https:\/\/panwinjet.com\/pt\/wp-json\/wp\/v2\/product_brand?post=1216"},{"taxonomy":"product_cat","embeddable":true,"href":"https:\/\/panwinjet.com\/pt\/wp-json\/wp\/v2\/product_cat?post=1216"},{"taxonomy":"product_tag","embeddable":true,"href":"https:\/\/panwinjet.com\/pt\/wp-json\/wp\/v2\/product_tag?post=1216"}],"curies":[{"name":"wp","href":"https:\/\/api.w.org\/{rel}","templated":true}]}}