{"id":1188,"date":"2025-09-21T06:56:38","date_gmt":"2025-09-21T06:56:38","guid":{"rendered":"https:\/\/panwinjet.com\/?post_type=product&#038;p=1188"},"modified":"2025-09-21T06:56:39","modified_gmt":"2025-09-21T06:56:39","slug":"20kpsi-hydro-blasting-cleaning-equipment-parts-for-hammelmann-woma-high-pressure-triplex-pump-16mm-pump-guide-ring","status":"publish","type":"product","link":"https:\/\/panwinjet.com\/pt\/produto\/20kpsi-hydro-blasting-cleaning-equipment-parts-for-hammelmann-woma-high-pressure-triplex-pump-16mm-pump-guide-ring\/","title":{"rendered":"Pe\u00e7as para equipamento de limpeza por hidrojateamento de 20 kpsi para bomba triplex de alta press\u00e3o Hammelmann WOMA, anel guia da bomba de 16 mm."},"content":{"rendered":"<p><b><\/b><strong><b>Apresenta\u00e7\u00e3o do produto: Pe\u00e7as para equipamento de limpeza por hidrojateamento de 20 kpsi para bomba triplex de alta press\u00e3o Hammelmann WOMA, anel guia da bomba de 16 mm. <\/b><\/strong><\/p>\n<p>O anel guia de 16 mm para bomba triplex de alta press\u00e3o Hammelmann WOMA, com capacidade de 20 kpsi, foi projetado para uma ampla variedade de tarefas de limpeza de superf\u00edcies e \u00e9 utilizado em bombas de jateamento de \u00e1gua de alta press\u00e3o com pist\u00e3o triplex WOMA.<\/p>\n<p><img decoding=\"async\" class=\"aligncenter size-full wp-image-1196 lazyload\" data-src=\"https:\/\/panwinjet.com\/wp-content\/uploads\/2025\/09\/WOMA-Parts.png\" alt=\"\" width=\"816\" height=\"636\" data-srcset=\"https:\/\/panwinjet.com\/wp-content\/uploads\/2025\/09\/WOMA-Parts.png 816w, https:\/\/panwinjet.com\/wp-content\/uploads\/2025\/09\/WOMA-Parts-500x390.png 500w, https:\/\/panwinjet.com\/wp-content\/uploads\/2025\/09\/WOMA-Parts-300x234.png 300w, https:\/\/panwinjet.com\/wp-content\/uploads\/2025\/09\/WOMA-Parts-768x599.png 768w, https:\/\/panwinjet.com\/wp-content\/uploads\/2025\/09\/WOMA-Parts-96x75.png 96w, https:\/\/panwinjet.com\/wp-content\/uploads\/2025\/09\/WOMA-Parts-480x374.png 480w, https:\/\/panwinjet.com\/wp-content\/uploads\/2025\/09\/WOMA-Parts-800x624.png 800w\" data-sizes=\"(max-width:767px) 480px, (max-width:816px) 100vw, 816px\" src=\"data:image\/svg+xml;base64,PHN2ZyB3aWR0aD0iMSIgaGVpZ2h0PSIxIiB4bWxucz0iaHR0cDovL3d3dy53My5vcmcvMjAwMC9zdmciPjwvc3ZnPg==\" style=\"--smush-placeholder-width: 816px; --smush-placeholder-aspect-ratio: 816\/636;\" \/><\/p>\n<p><strong><b>Par\u00e2metro (Especifica\u00e7\u00e3o) de <\/b><\/strong><strong><b>Pe\u00e7as para equipamento de limpeza por hidrojateamento de 20 kpsi para bomba triplex de alta press\u00e3o Hammelmann WOMA, anel guia da bomba de 16 mm. <\/b><\/strong><\/p>\n<p>Pe\u00e7as para equipamento de limpeza por hidrojateamento Panwin 20kpsi para bomba triplex de alta press\u00e3o Hammelmann WOMA. O anel guia da bomba WOMA de 16 mm \u00e9 feito de a\u00e7o tungst\u00eanio n\u00e3o magn\u00e9tico de alta qualidade, com tratamento t\u00e9rmico superior para excelente acabamento.<\/p>","protected":false},"excerpt":{"rendered":"<p>O anel guia de 16 mm para bomba triplex de alta press\u00e3o Hammelmann WOMA de 20 kpsi \u00e9 compat\u00edvel com os principais componentes de anel guia para bombas de hidrojateamento WOMA. \u00c9 um produto de alta qualidade e efici\u00eancia, com as seguintes caracter\u00edsticas:<\/p>\n<ul>\n<li>A\u00e7o tungst\u00eanio n\u00e3o magn\u00e9tico de alta qualidade<\/li>\n<li>Excelente trabalho artesanal.<\/li>\n<li>Toler\u00e2ncia de veda\u00e7\u00e3o pr\u00f3xima<\/li>\n<li>Superf\u00edcie espelhada perfeita processada por CNC<\/li>\n<\/ul>\n<div style=\"width: 1088px;\" class=\"wp-video\"><video class=\"wp-video-shortcode\" id=\"video-1188-1\" width=\"1088\" height=\"1920\" preload=\"metadata\" controls=\"controls\"><source type=\"video\/mp4\" src=\"https:\/\/panwinjet.com\/wp-content\/uploads\/2025\/09\/WOMA-Guiding-Ring-Demo.mp4?_=1\" \/><a href=\"https:\/\/panwinjet.com\/wp-content\/uploads\/2025\/09\/WOMA-Guiding-Ring-Demo.mp4\">https:\/\/panwinjet.com\/wp-content\/uploads\/2025\/09\/WOMA-Guiding-Ring-Demo.mp4<\/a><\/video><\/div>\n<p>Este anel guia de bomba de 16 mm para equipamento de limpeza por hidrojateamento de 20 kpsi, compat\u00edvel com a bomba triplex de alta press\u00e3o Hammelmann WOMA, \u00e9 aplicado na nova bomba de press\u00e3o WOMA, sendo um componente chave e de design de ponta.<\/p>\n<p>A bomba pode ser amplamente utilizada em aplica\u00e7\u00f5es como:<\/p>\n<p>Jateamento com \u00e1gua UHP na ind\u00fastria da constru\u00e7\u00e3o civil<\/p>\n<p>Jateamento a jato de \u00e1gua para a ind\u00fastria de ferro, a\u00e7o e metal<\/p>\n<p>Jateadora de \u00e1gua de alta press\u00e3o - Engenharia Mec\u00e2nica e de Aparelhos<\/p>\n<p>Ind\u00fastria de cimento e concreto<\/p>\n<p>Barracuda de alta press\u00e3o para limpeza de superf\u00edcies<\/p>\n<p>Pe\u00e7as para equipamentos de limpeza UHP Hydro Jet<\/p>\n<p>Barras de pulveriza\u00e7\u00e3o para limpeza industrial<\/p>\n<p>M\u00e1quina de hidrojateamento para a ind\u00fastria de refino de petr\u00f3leo<\/p>\n<p>Limpeza de superf\u00edcies com hidrojato, limpeza de tanques e embarca\u00e7\u00f5es,<\/p>\n<p>Limpeza do trocador de calor,<\/p>\n<p>Limpeza de pintura automotiva, limpeza da ind\u00fastria de minera\u00e7\u00e3o, limpeza de f\u00e1bricas de a\u00e7o, etc.<\/p>\n<p>Equipamento de limpeza de esgoto de alta press\u00e3o para redes de tubula\u00e7\u00e3o municipais de abastecimento de \u00e1gua e esgoto;<\/p>\n<p>&nbsp;<\/p>\n<p><strong><b>Detalhes de<\/b><\/strong><strong><b>\u00a0<\/b><\/strong><strong><b>Equipamento de limpeza a jato de \u00e1gua de 40 kpsi Hammelmann de alta press\u00e3o WOMA UHP 16 mm 18 mm Anel guia da bomba<\/b><\/strong><\/p>\n<p><strong><b>Pe\u00e7as para equipamento de limpeza por hidrojateamento de 20kpsi para bomba triplex de alta press\u00e3o Hammelmann WOMA. Anel guia da bomba de 16mm. Di\u00e2metro total de 47,95mm. <\/b><\/strong><strong><b>O di\u00e2metro interno do cone \u00e9 de 17,10 mm e 16,05 mm para o \u00eambolo de 16 mm. \u00c9 uma bomba de jateamento de \u00e1gua de ampla gama para aplica\u00e7\u00f5es de limpeza com pistola m\u00faltipla, pistola \u00fanica e em grupo da WOMA.<\/b><\/strong><\/p>","protected":false},"featured_media":1193,"template":"","meta":[],"product_brand":[],"product_cat":[8,6],"product_tag":[],"class_list":{"0":"post-1188","1":"product","2":"type-product","3":"status-publish","4":"has-post-thumbnail","6":"product_cat-giant-tank-cleaningcutting-device","7":"product_cat-uni-valves-for-uhp-pump","9":"first","10":"instock","11":"shipping-taxable","12":"product-type-simple"},"yoast_head":"<!-- This site is optimized with the Yoast SEO plugin v24.9 - https:\/\/yoast.com\/wordpress\/plugins\/seo\/ -->\n<title>20kpsi Hydro Blasting Cleaning equipment parts For hammelmann WOMA high pressure Triplex pump 16mm Pump guide Ring - Panwin Machinery&amp;Equipment<\/title>\n<meta name=\"robots\" content=\"index, follow, max-snippet:-1, max-image-preview:large, max-video-preview:-1\" \/>\n<link rel=\"canonical\" href=\"https:\/\/panwinjet.com\/pt\/produto\/20kpsi-hydro-blasting-cleaning-equipment-parts-for-hammelmann-woma-high-pressure-triplex-pump-16mm-pump-guide-ring\/\" \/>\n<meta property=\"og:locale\" content=\"pt_PT\" \/>\n<meta property=\"og:type\" content=\"article\" \/>\n<meta property=\"og:title\" content=\"20kpsi Hydro Blasting Cleaning equipment parts For hammelmann WOMA high pressure Triplex pump 16mm Pump guide Ring - Panwin Machinery&amp;Equipment\" \/>\n<meta property=\"og:description\" content=\"The\u00a020kpsi Hydro Blasting Cleaning equipment parts For hammelmann WOMA high pressure Triplex pump 16mm \u00a0Pump guide Ring is Compatible for Water Blasting leading WOMA Hydro Jet\u00a0Blasting pump Plunger guide ring components, it is stable-quality and high-efficient and features as follows:   High grade quality Non-magnetic tungsten steel  Excellent craftsmanship  Close Sealing tolerance  Perfect Mirror inside Surface CNC process    This 20kpsi Hydro Blasting Cleaning equipment parts For hammelmann WOMA high pressure Triplex pump 16mm \u00a0Pump guide Ring\u00a0is applied to WOMA new style\u00a0pressure pump, it is the key component and high-edge\u00a0design.  The pump can be widely used in Application\u00a0such as  UHP Water Blasting Construction Industry  Hydro Jet blaster Iron, Steel And Metal Industry  high pressure waterblaster\u00a0Mechanical\u00a0and Apparatus Engineering  Cements and Concrete Industry  high pressure barracuda\u00a0Surface cleaning  UHP hydro Jet cleaning equipment parts  Industrial Cleaning Spray Bars  hydro blasting machine\u00a0for petroleum refining industry  Hydro Jet Surface Cleaning,Tank&amp;Vessel Cleaning,  Heat Exchange Cleaning,  Automotive Painting cleaning Mining industry cleaning Steel manufacture cleaning etc.  High pressure sewer cleaning equipment\u00a0for municipal pipe networks\u00a0water supply and drainage pipelines;  &nbsp;  Details of\u00a040kpsi waterjet cleaning equipment \u00a0hammelmann high pressure WOMA UHP 16mm 18mm Pump guide Ring  The 20kpsi Hydro Blasting Cleaning equipment parts For hammelmann WOMA high pressure Triplex pump 16mm \u00a0Pump guide Ring \u00a0Overall diameter is 47.95mm, and Taper inside Diameter is 17.10mm and 16.05mm for 16mm Plunger. It is wide range of Water Blasting applied pump for WOMA pump Muti-gun, single gun and group cleaning jobs.\" \/>\n<meta property=\"og:url\" content=\"https:\/\/panwinjet.com\/pt\/produto\/20kpsi-hydro-blasting-cleaning-equipment-parts-for-hammelmann-woma-high-pressure-triplex-pump-16mm-pump-guide-ring\/\" \/>\n<meta property=\"og:site_name\" content=\"Panwin Machinery&amp;Equipment\" \/>\n<meta property=\"article:modified_time\" content=\"2025-09-21T06:56:39+00:00\" \/>\n<meta property=\"og:image\" content=\"https:\/\/panwinjet.com\/wp-content\/uploads\/2025\/09\/WOMA-16mm-Pump-guide-Ring-6.jpg\" \/>\n\t<meta property=\"og:image:width\" content=\"1706\" \/>\n\t<meta property=\"og:image:height\" content=\"1279\" \/>\n\t<meta property=\"og:image:type\" content=\"image\/jpeg\" \/>\n<meta name=\"twitter:card\" content=\"summary_large_image\" \/>\n<meta name=\"twitter:label1\" content=\"Tempo estimado de leitura\" \/>\n\t<meta name=\"twitter:data1\" content=\"1 minuto\" \/>\n<script type=\"application\/ld+json\" class=\"yoast-schema-graph\">{\"@context\":\"https:\/\/schema.org\",\"@graph\":[{\"@type\":\"WebPage\",\"@id\":\"https:\/\/panwinjet.com\/product\/20kpsi-hydro-blasting-cleaning-equipment-parts-for-hammelmann-woma-high-pressure-triplex-pump-16mm-pump-guide-ring\/\",\"url\":\"https:\/\/panwinjet.com\/product\/20kpsi-hydro-blasting-cleaning-equipment-parts-for-hammelmann-woma-high-pressure-triplex-pump-16mm-pump-guide-ring\/\",\"name\":\"20kpsi Hydro Blasting Cleaning equipment parts For hammelmann WOMA high pressure Triplex pump 16mm Pump guide Ring - Panwin Machinery&amp;Equipment\",\"isPartOf\":{\"@id\":\"https:\/\/panwinjet.com\/#website\"},\"primaryImageOfPage\":{\"@id\":\"https:\/\/panwinjet.com\/product\/20kpsi-hydro-blasting-cleaning-equipment-parts-for-hammelmann-woma-high-pressure-triplex-pump-16mm-pump-guide-ring\/#primaryimage\"},\"image\":{\"@id\":\"https:\/\/panwinjet.com\/product\/20kpsi-hydro-blasting-cleaning-equipment-parts-for-hammelmann-woma-high-pressure-triplex-pump-16mm-pump-guide-ring\/#primaryimage\"},\"thumbnailUrl\":\"https:\/\/panwinjet.com\/wp-content\/uploads\/2025\/09\/WOMA-16mm-Pump-guide-Ring-6.jpg\",\"datePublished\":\"2025-09-21T06:56:38+00:00\",\"dateModified\":\"2025-09-21T06:56:39+00:00\",\"breadcrumb\":{\"@id\":\"https:\/\/panwinjet.com\/product\/20kpsi-hydro-blasting-cleaning-equipment-parts-for-hammelmann-woma-high-pressure-triplex-pump-16mm-pump-guide-ring\/#breadcrumb\"},\"inLanguage\":\"pt-PT\",\"potentialAction\":[{\"@type\":\"ReadAction\",\"target\":[\"https:\/\/panwinjet.com\/product\/20kpsi-hydro-blasting-cleaning-equipment-parts-for-hammelmann-woma-high-pressure-triplex-pump-16mm-pump-guide-ring\/\"]}]},{\"@type\":\"ImageObject\",\"inLanguage\":\"pt-PT\",\"@id\":\"https:\/\/panwinjet.com\/product\/20kpsi-hydro-blasting-cleaning-equipment-parts-for-hammelmann-woma-high-pressure-triplex-pump-16mm-pump-guide-ring\/#primaryimage\",\"url\":\"https:\/\/panwinjet.com\/wp-content\/uploads\/2025\/09\/WOMA-16mm-Pump-guide-Ring-6.jpg\",\"contentUrl\":\"https:\/\/panwinjet.com\/wp-content\/uploads\/2025\/09\/WOMA-16mm-Pump-guide-Ring-6.jpg\",\"width\":1706,\"height\":1279},{\"@type\":\"BreadcrumbList\",\"@id\":\"https:\/\/panwinjet.com\/product\/20kpsi-hydro-blasting-cleaning-equipment-parts-for-hammelmann-woma-high-pressure-triplex-pump-16mm-pump-guide-ring\/#breadcrumb\",\"itemListElement\":[{\"@type\":\"ListItem\",\"position\":1,\"name\":\"\u9996\u9875\",\"item\":\"https:\/\/panwinjet.com\/\"},{\"@type\":\"ListItem\",\"position\":2,\"name\":\"PRODUCT\",\"item\":\"https:\/\/panwinjet.com\/product\/\"},{\"@type\":\"ListItem\",\"position\":3,\"name\":\"20kpsi Hydro Blasting Cleaning equipment parts For hammelmann WOMA high pressure Triplex pump 16mm Pump guide Ring\"}]},{\"@type\":\"WebSite\",\"@id\":\"https:\/\/panwinjet.com\/#website\",\"url\":\"https:\/\/panwinjet.com\/\",\"name\":\"Panwin Machinery&amp;Equipment\",\"description\":\"Shenzhen Panwin Machinery&amp;Equipment Co.Ltd\",\"potentialAction\":[{\"@type\":\"SearchAction\",\"target\":{\"@type\":\"EntryPoint\",\"urlTemplate\":\"https:\/\/panwinjet.com\/?s={search_term_string}\"},\"query-input\":{\"@type\":\"PropertyValueSpecification\",\"valueRequired\":true,\"valueName\":\"search_term_string\"}}],\"inLanguage\":\"pt-PT\"}]}<\/script>\n<!-- \/ Yoast SEO plugin. -->","yoast_head_json":{"title":"20kpsi Hydro Blasting Cleaning equipment parts For hammelmann WOMA high pressure Triplex pump 16mm Pump guide Ring - Panwin Machinery&amp;Equipment","robots":{"index":"index","follow":"follow","max-snippet":"max-snippet:-1","max-image-preview":"max-image-preview:large","max-video-preview":"max-video-preview:-1"},"canonical":"https:\/\/panwinjet.com\/pt\/produto\/20kpsi-hydro-blasting-cleaning-equipment-parts-for-hammelmann-woma-high-pressure-triplex-pump-16mm-pump-guide-ring\/","og_locale":"pt_PT","og_type":"article","og_title":"20kpsi Hydro Blasting Cleaning equipment parts For hammelmann WOMA high pressure Triplex pump 16mm Pump guide Ring - Panwin Machinery&amp;Equipment","og_description":"The\u00a020kpsi Hydro Blasting Cleaning equipment parts For hammelmann WOMA high pressure Triplex pump 16mm \u00a0Pump guide Ring is Compatible for Water Blasting leading WOMA Hydro Jet\u00a0Blasting pump Plunger guide ring components, it is stable-quality and high-efficient and features as follows:   High grade quality Non-magnetic tungsten steel  Excellent craftsmanship  Close Sealing tolerance  Perfect Mirror inside Surface CNC process    This 20kpsi Hydro Blasting Cleaning equipment parts For hammelmann WOMA high pressure Triplex pump 16mm \u00a0Pump guide Ring\u00a0is applied to WOMA new style\u00a0pressure pump, it is the key component and high-edge\u00a0design.  The pump can be widely used in Application\u00a0such as  UHP Water Blasting Construction Industry  Hydro Jet blaster Iron, Steel And Metal Industry  high pressure waterblaster\u00a0Mechanical\u00a0and Apparatus Engineering  Cements and Concrete Industry  high pressure barracuda\u00a0Surface cleaning  UHP hydro Jet cleaning equipment parts  Industrial Cleaning Spray Bars  hydro blasting machine\u00a0for petroleum refining industry  Hydro Jet Surface Cleaning,Tank&amp;Vessel Cleaning,  Heat Exchange Cleaning,  Automotive Painting cleaning Mining industry cleaning Steel manufacture cleaning etc.  High pressure sewer cleaning equipment\u00a0for municipal pipe networks\u00a0water supply and drainage pipelines;  &nbsp;  Details of\u00a040kpsi waterjet cleaning equipment \u00a0hammelmann high pressure WOMA UHP 16mm 18mm Pump guide Ring  The 20kpsi Hydro Blasting Cleaning equipment parts For hammelmann WOMA high pressure Triplex pump 16mm \u00a0Pump guide Ring \u00a0Overall diameter is 47.95mm, and Taper inside Diameter is 17.10mm and 16.05mm for 16mm Plunger. It is wide range of Water Blasting applied pump for WOMA pump Muti-gun, single gun and group cleaning jobs.","og_url":"https:\/\/panwinjet.com\/pt\/produto\/20kpsi-hydro-blasting-cleaning-equipment-parts-for-hammelmann-woma-high-pressure-triplex-pump-16mm-pump-guide-ring\/","og_site_name":"Panwin Machinery&amp;Equipment","article_modified_time":"2025-09-21T06:56:39+00:00","og_image":[{"width":1706,"height":1279,"url":"https:\/\/panwinjet.com\/wp-content\/uploads\/2025\/09\/WOMA-16mm-Pump-guide-Ring-6.jpg","type":"image\/jpeg"}],"twitter_card":"summary_large_image","twitter_misc":{"Tempo estimado de leitura":"1 minuto"},"schema":{"@context":"https:\/\/schema.org","@graph":[{"@type":"WebPage","@id":"https:\/\/panwinjet.com\/product\/20kpsi-hydro-blasting-cleaning-equipment-parts-for-hammelmann-woma-high-pressure-triplex-pump-16mm-pump-guide-ring\/","url":"https:\/\/panwinjet.com\/product\/20kpsi-hydro-blasting-cleaning-equipment-parts-for-hammelmann-woma-high-pressure-triplex-pump-16mm-pump-guide-ring\/","name":"20kpsi Hydro Blasting Cleaning equipment parts For hammelmann WOMA high pressure Triplex pump 16mm Pump guide Ring - Panwin Machinery&amp;Equipment","isPartOf":{"@id":"https:\/\/panwinjet.com\/#website"},"primaryImageOfPage":{"@id":"https:\/\/panwinjet.com\/product\/20kpsi-hydro-blasting-cleaning-equipment-parts-for-hammelmann-woma-high-pressure-triplex-pump-16mm-pump-guide-ring\/#primaryimage"},"image":{"@id":"https:\/\/panwinjet.com\/product\/20kpsi-hydro-blasting-cleaning-equipment-parts-for-hammelmann-woma-high-pressure-triplex-pump-16mm-pump-guide-ring\/#primaryimage"},"thumbnailUrl":"https:\/\/panwinjet.com\/wp-content\/uploads\/2025\/09\/WOMA-16mm-Pump-guide-Ring-6.jpg","datePublished":"2025-09-21T06:56:38+00:00","dateModified":"2025-09-21T06:56:39+00:00","breadcrumb":{"@id":"https:\/\/panwinjet.com\/product\/20kpsi-hydro-blasting-cleaning-equipment-parts-for-hammelmann-woma-high-pressure-triplex-pump-16mm-pump-guide-ring\/#breadcrumb"},"inLanguage":"pt-PT","potentialAction":[{"@type":"ReadAction","target":["https:\/\/panwinjet.com\/product\/20kpsi-hydro-blasting-cleaning-equipment-parts-for-hammelmann-woma-high-pressure-triplex-pump-16mm-pump-guide-ring\/"]}]},{"@type":"ImageObject","inLanguage":"pt-PT","@id":"https:\/\/panwinjet.com\/product\/20kpsi-hydro-blasting-cleaning-equipment-parts-for-hammelmann-woma-high-pressure-triplex-pump-16mm-pump-guide-ring\/#primaryimage","url":"https:\/\/panwinjet.com\/wp-content\/uploads\/2025\/09\/WOMA-16mm-Pump-guide-Ring-6.jpg","contentUrl":"https:\/\/panwinjet.com\/wp-content\/uploads\/2025\/09\/WOMA-16mm-Pump-guide-Ring-6.jpg","width":1706,"height":1279},{"@type":"BreadcrumbList","@id":"https:\/\/panwinjet.com\/product\/20kpsi-hydro-blasting-cleaning-equipment-parts-for-hammelmann-woma-high-pressure-triplex-pump-16mm-pump-guide-ring\/#breadcrumb","itemListElement":[{"@type":"ListItem","position":1,"name":"\u9996\u9875","item":"https:\/\/panwinjet.com\/"},{"@type":"ListItem","position":2,"name":"PRODUCT","item":"https:\/\/panwinjet.com\/product\/"},{"@type":"ListItem","position":3,"name":"20kpsi Hydro Blasting Cleaning equipment parts For hammelmann WOMA high pressure Triplex pump 16mm Pump guide Ring"}]},{"@type":"WebSite","@id":"https:\/\/panwinjet.com\/#website","url":"https:\/\/panwinjet.com\/","name":"Panwin Machinery&amp;Equipment","description":"Shenzhen Panwin Machinery&amp;Equipment Co.Ltd","potentialAction":[{"@type":"SearchAction","target":{"@type":"EntryPoint","urlTemplate":"https:\/\/panwinjet.com\/?s={search_term_string}"},"query-input":{"@type":"PropertyValueSpecification","valueRequired":true,"valueName":"search_term_string"}}],"inLanguage":"pt-PT"}]}},"_links":{"self":[{"href":"https:\/\/panwinjet.com\/pt\/wp-json\/wp\/v2\/product\/1188","targetHints":{"allow":["GET"]}}],"collection":[{"href":"https:\/\/panwinjet.com\/pt\/wp-json\/wp\/v2\/product"}],"about":[{"href":"https:\/\/panwinjet.com\/pt\/wp-json\/wp\/v2\/types\/product"}],"wp:featuredmedia":[{"embeddable":true,"href":"https:\/\/panwinjet.com\/pt\/wp-json\/wp\/v2\/media\/1193"}],"wp:attachment":[{"href":"https:\/\/panwinjet.com\/pt\/wp-json\/wp\/v2\/media?parent=1188"}],"wp:term":[{"taxonomy":"product_brand","embeddable":true,"href":"https:\/\/panwinjet.com\/pt\/wp-json\/wp\/v2\/product_brand?post=1188"},{"taxonomy":"product_cat","embeddable":true,"href":"https:\/\/panwinjet.com\/pt\/wp-json\/wp\/v2\/product_cat?post=1188"},{"taxonomy":"product_tag","embeddable":true,"href":"https:\/\/panwinjet.com\/pt\/wp-json\/wp\/v2\/product_tag?post=1188"}],"curies":[{"name":"wp","href":"https:\/\/api.w.org\/{rel}","templated":true}]}}