{"id":1165,"date":"2025-09-20T08:52:47","date_gmt":"2025-09-20T08:52:47","guid":{"rendered":"https:\/\/panwinjet.com\/?post_type=product&#038;p=1165"},"modified":"2025-09-20T11:41:29","modified_gmt":"2025-09-20T11:41:29","slug":"pipeline-ultra-high-pressure-water-blasting-cleaning-machine-parts-flow-40k2ol-uni-valve","status":"publish","type":"product","link":"https:\/\/panwinjet.com\/pt\/produto\/pipeline-ultra-high-pressure-water-blasting-cleaning-machine-parts-flow-40k2ol-uni-valve\/","title":{"rendered":"V\u00e1lvula \u00fanica Flow 40K2OL para limpeza de pe\u00e7as de m\u00e1quinas de jateamento de \u00e1gua de ultra-alta press\u00e3o em tubula\u00e7\u00f5es"},"content":{"rendered":"<p><strong><b>Introdu\u00e7\u00e3o de <\/b><\/strong><strong><b>V\u00e1lvula \u00fanica Flow 40K2OL para limpeza de pe\u00e7as de m\u00e1quinas de jateamento de \u00e1gua de ultra-alta press\u00e3o em tubula\u00e7\u00f5es<\/b><\/strong><\/p>\n<p>A v\u00e1lvula \u00fanica FLow 40K2OL, para m\u00e1quinas de limpeza por jateamento de \u00e1gua de ultra-alta press\u00e3o, foi projetada para uma ampla variedade de tarefas de limpeza, como pintura de superf\u00edcies, e \u00e9 utilizada em bombas de jateamento de \u00e1gua de alta press\u00e3o da Flow.<\/p>\n<p><strong><b>\u00a0<\/b><\/strong><b><\/b><strong><b>Par\u00e2metro (Especifica\u00e7\u00e3o) de<\/b><\/strong><b><\/b><strong><b>V\u00e1lvula \u00fanica FLOW 40K2OL para limpeza de pe\u00e7as de m\u00e1quinas de jateamento de \u00e1gua de ultra-alta press\u00e3o em tubula\u00e7\u00f5es<\/b><\/strong><strong><b>\u00a0Cartucho<\/b><\/strong><\/p>\n<p>A v\u00e1lvula FLOW 40K2OL Uni-Valve, utilizada na m\u00e1quina de limpeza por jateamento de \u00e1gua de ultra-alta press\u00e3o para tubula\u00e7\u00f5es, \u00e9 fabricada em a\u00e7o inoxid\u00e1vel de alta qualidade, com tratamento t\u00e9rmico superior para garantir excelente desempenho. Ela proporciona uma poderosa capacidade de limpeza de superf\u00edcies por jateamento e possui tratamento de orif\u00edcios para uma longa vida \u00fatil, al\u00e9m de ser dur\u00e1vel e confi\u00e1vel.<\/p>\n<p><img decoding=\"async\" class=\"aligncenter size-full wp-image-1170 lazyload\" data-src=\"https:\/\/panwinjet.com\/wp-content\/uploads\/2025\/09\/FL-40K-Univalve-\u7ed3\u6784\u56fe.png\" alt=\"\" width=\"809\" height=\"744\" data-srcset=\"https:\/\/panwinjet.com\/wp-content\/uploads\/2025\/09\/FL-40K-Univalve-\u7ed3\u6784\u56fe.png 809w, https:\/\/panwinjet.com\/wp-content\/uploads\/2025\/09\/FL-40K-Univalve-\u7ed3\u6784\u56fe-500x460.png 500w, https:\/\/panwinjet.com\/wp-content\/uploads\/2025\/09\/FL-40K-Univalve-\u7ed3\u6784\u56fe-300x276.png 300w, https:\/\/panwinjet.com\/wp-content\/uploads\/2025\/09\/FL-40K-Univalve-\u7ed3\u6784\u56fe-768x706.png 768w, https:\/\/panwinjet.com\/wp-content\/uploads\/2025\/09\/FL-40K-Univalve-\u7ed3\u6784\u56fe-82x75.png 82w, https:\/\/panwinjet.com\/wp-content\/uploads\/2025\/09\/FL-40K-Univalve-\u7ed3\u6784\u56fe-480x441.png 480w, https:\/\/panwinjet.com\/wp-content\/uploads\/2025\/09\/FL-40K-Univalve-\u7ed3\u6784\u56fe-800x736.png 800w\" data-sizes=\"(max-width:767px) 480px, (max-width:809px) 100vw, 809px\" src=\"data:image\/svg+xml;base64,PHN2ZyB3aWR0aD0iMSIgaGVpZ2h0PSIxIiB4bWxucz0iaHR0cDovL3d3dy53My5vcmcvMjAwMC9zdmciPjwvc3ZnPg==\" style=\"--smush-placeholder-width: 809px; --smush-placeholder-aspect-ratio: 809\/744;\" \/><\/p>","protected":false},"excerpt":{"rendered":"<p><b><\/b><strong><b>\u00a0Caracter\u00edsticas e aplica\u00e7\u00f5es de <\/b><\/strong><strong><b>V\u00e1lvula \u00fanica FL40K2OL para m\u00e1quina de limpeza de tubula\u00e7\u00f5es com jato de \u00e1gua de ultra-alta press\u00e3o<\/b><\/strong><strong><b>conjuntos de cartuchos<\/b><\/strong><\/p>\n<p>Este conjunto de cartucho de v\u00e1lvula \u00fanica FLow 40K2OL para jateamento de \u00e1gua em dutos \u00e9 um componente chave para bombas de pist\u00e3o triplex Flow Advantage. \u00c9 um produto de alta qualidade e efici\u00eancia, com as seguintes caracter\u00edsticas:<\/p>\n<p>A: Material SST de alta qualidade<\/p>\n<p>B: Produ\u00e7\u00e3o com acabamento superior<\/p>\n<p>C: F\u00e1cil instala\u00e7\u00e3o e aplica\u00e7\u00e3o<\/p>\n<p>D: Desempenho est\u00e1vel<\/p>\n<p>&nbsp;<\/p>\n<p><strong><b>Aplicativo:<\/b><\/strong><\/p>\n<p>Este conjunto de cartucho Uni-Valve FL40K2OL para m\u00e1quina de limpeza por jateamento de \u00e1gua de ultra-alta press\u00e3o em tubula\u00e7\u00f5es \u00e9 utilizado em bombas de pist\u00e3o triplex de fluxo, sendo um componente chave com design avan\u00e7ado. A bomba pode ser amplamente utilizada em limpeza de superf\u00edcies, limpeza de tanques e vasos, limpeza de pintura automotiva, limpeza na ind\u00fastria de minera\u00e7\u00e3o, limpeza em sider\u00fargicas, constru\u00e7\u00e3o civil, etc.<\/p>","protected":false},"featured_media":1167,"template":"","meta":[],"product_brand":[],"product_cat":[6],"product_tag":[],"class_list":{"0":"post-1165","1":"product","2":"type-product","3":"status-publish","4":"has-post-thumbnail","6":"product_cat-uni-valves-for-uhp-pump","8":"first","9":"instock","10":"shipping-taxable","11":"product-type-simple"},"yoast_head":"<!-- This site is optimized with the Yoast SEO plugin v24.9 - https:\/\/yoast.com\/wordpress\/plugins\/seo\/ -->\n<title>Pipeline Ultra-high Pressure Water blasting cleaning machine parts Flow 40K2OL Uni-Valve - Panwin Machinery&amp;Equipment<\/title>\n<meta name=\"robots\" content=\"index, follow, max-snippet:-1, max-image-preview:large, max-video-preview:-1\" \/>\n<link rel=\"canonical\" href=\"https:\/\/panwinjet.com\/pt\/produto\/pipeline-ultra-high-pressure-water-blasting-cleaning-machine-parts-flow-40k2ol-uni-valve\/\" \/>\n<meta property=\"og:locale\" content=\"pt_PT\" \/>\n<meta property=\"og:type\" content=\"article\" \/>\n<meta property=\"og:title\" content=\"Pipeline Ultra-high Pressure Water blasting cleaning machine parts Flow 40K2OL Uni-Valve - Panwin Machinery&amp;Equipment\" \/>\n<meta property=\"og:description\" content=\"\u00a0Feature And Application of Pipeline Ultra-high Pressure Water blasting cleaning machine parts FL40K2OL Uni-Valvecartridge assemblies  This Pipeline Water blasting FLow 40K2OL Uni-Valve cartridge assemblies is for Flow advantage triplex plunger pump key components, it is stable-quality and high-efficient and features as follows:  A:High-Classed quality SST material  B:Superior workmanship production  C:Easy installation and Applied  D:Stable performance  &nbsp;  Application:  This Pipeline Ultra-high Pressure Water blasting cleaning machine parts FL40K2OL Uni-Valve\u00a0cartridge assemblies is used in Flow Triplex plunger pump, it is the key components and advanced design.And the pump can be widely used in surface cleaning,Tank&amp;Vessel Cleaning,Automotive Painting cleaning,Mining industry cleaning,Steel manufacture cleaning, Construction industry\u00a0etc.\" \/>\n<meta property=\"og:url\" content=\"https:\/\/panwinjet.com\/pt\/produto\/pipeline-ultra-high-pressure-water-blasting-cleaning-machine-parts-flow-40k2ol-uni-valve\/\" \/>\n<meta property=\"og:site_name\" content=\"Panwin Machinery&amp;Equipment\" \/>\n<meta property=\"article:modified_time\" content=\"2025-09-20T11:41:29+00:00\" \/>\n<meta property=\"og:image\" content=\"https:\/\/panwinjet.com\/wp-content\/uploads\/2025\/09\/FL40-Uni-Valve-3-scaled.jpg\" \/>\n\t<meta property=\"og:image:width\" content=\"1920\" \/>\n\t<meta property=\"og:image:height\" content=\"2560\" \/>\n\t<meta property=\"og:image:type\" content=\"image\/jpeg\" \/>\n<meta name=\"twitter:card\" content=\"summary_large_image\" \/>\n<meta name=\"twitter:label1\" content=\"Tempo estimado de leitura\" \/>\n\t<meta name=\"twitter:data1\" content=\"1 minuto\" \/>\n<script type=\"application\/ld+json\" class=\"yoast-schema-graph\">{\"@context\":\"https:\/\/schema.org\",\"@graph\":[{\"@type\":\"WebPage\",\"@id\":\"https:\/\/panwinjet.com\/product\/pipeline-ultra-high-pressure-water-blasting-cleaning-machine-parts-flow-40k2ol-uni-valve\/\",\"url\":\"https:\/\/panwinjet.com\/product\/pipeline-ultra-high-pressure-water-blasting-cleaning-machine-parts-flow-40k2ol-uni-valve\/\",\"name\":\"Pipeline Ultra-high Pressure Water blasting cleaning machine parts Flow 40K2OL Uni-Valve - Panwin Machinery&amp;Equipment\",\"isPartOf\":{\"@id\":\"https:\/\/panwinjet.com\/#website\"},\"primaryImageOfPage\":{\"@id\":\"https:\/\/panwinjet.com\/product\/pipeline-ultra-high-pressure-water-blasting-cleaning-machine-parts-flow-40k2ol-uni-valve\/#primaryimage\"},\"image\":{\"@id\":\"https:\/\/panwinjet.com\/product\/pipeline-ultra-high-pressure-water-blasting-cleaning-machine-parts-flow-40k2ol-uni-valve\/#primaryimage\"},\"thumbnailUrl\":\"https:\/\/panwinjet.com\/wp-content\/uploads\/2025\/09\/FL40-Uni-Valve-3-scaled.jpg\",\"datePublished\":\"2025-09-20T08:52:47+00:00\",\"dateModified\":\"2025-09-20T11:41:29+00:00\",\"breadcrumb\":{\"@id\":\"https:\/\/panwinjet.com\/product\/pipeline-ultra-high-pressure-water-blasting-cleaning-machine-parts-flow-40k2ol-uni-valve\/#breadcrumb\"},\"inLanguage\":\"pt-PT\",\"potentialAction\":[{\"@type\":\"ReadAction\",\"target\":[\"https:\/\/panwinjet.com\/product\/pipeline-ultra-high-pressure-water-blasting-cleaning-machine-parts-flow-40k2ol-uni-valve\/\"]}]},{\"@type\":\"ImageObject\",\"inLanguage\":\"pt-PT\",\"@id\":\"https:\/\/panwinjet.com\/product\/pipeline-ultra-high-pressure-water-blasting-cleaning-machine-parts-flow-40k2ol-uni-valve\/#primaryimage\",\"url\":\"https:\/\/panwinjet.com\/wp-content\/uploads\/2025\/09\/FL40-Uni-Valve-3-scaled.jpg\",\"contentUrl\":\"https:\/\/panwinjet.com\/wp-content\/uploads\/2025\/09\/FL40-Uni-Valve-3-scaled.jpg\",\"width\":1920,\"height\":2560},{\"@type\":\"BreadcrumbList\",\"@id\":\"https:\/\/panwinjet.com\/product\/pipeline-ultra-high-pressure-water-blasting-cleaning-machine-parts-flow-40k2ol-uni-valve\/#breadcrumb\",\"itemListElement\":[{\"@type\":\"ListItem\",\"position\":1,\"name\":\"\u9996\u9875\",\"item\":\"https:\/\/panwinjet.com\/\"},{\"@type\":\"ListItem\",\"position\":2,\"name\":\"PRODUCT\",\"item\":\"https:\/\/panwinjet.com\/product\/\"},{\"@type\":\"ListItem\",\"position\":3,\"name\":\"Pipeline Ultra-high Pressure Water blasting cleaning machine parts Flow 40K2OL Uni-Valve\"}]},{\"@type\":\"WebSite\",\"@id\":\"https:\/\/panwinjet.com\/#website\",\"url\":\"https:\/\/panwinjet.com\/\",\"name\":\"Panwin Machinery&amp;Equipment\",\"description\":\"Shenzhen Panwin Machinery&amp;Equipment Co.Ltd\",\"potentialAction\":[{\"@type\":\"SearchAction\",\"target\":{\"@type\":\"EntryPoint\",\"urlTemplate\":\"https:\/\/panwinjet.com\/?s={search_term_string}\"},\"query-input\":{\"@type\":\"PropertyValueSpecification\",\"valueRequired\":true,\"valueName\":\"search_term_string\"}}],\"inLanguage\":\"pt-PT\"}]}<\/script>\n<!-- \/ Yoast SEO plugin. -->","yoast_head_json":{"title":"Pipeline Ultra-high Pressure Water blasting cleaning machine parts Flow 40K2OL Uni-Valve - Panwin Machinery&amp;Equipment","robots":{"index":"index","follow":"follow","max-snippet":"max-snippet:-1","max-image-preview":"max-image-preview:large","max-video-preview":"max-video-preview:-1"},"canonical":"https:\/\/panwinjet.com\/pt\/produto\/pipeline-ultra-high-pressure-water-blasting-cleaning-machine-parts-flow-40k2ol-uni-valve\/","og_locale":"pt_PT","og_type":"article","og_title":"Pipeline Ultra-high Pressure Water blasting cleaning machine parts Flow 40K2OL Uni-Valve - Panwin Machinery&amp;Equipment","og_description":"\u00a0Feature And Application of Pipeline Ultra-high Pressure Water blasting cleaning machine parts FL40K2OL Uni-Valvecartridge assemblies  This Pipeline Water blasting FLow 40K2OL Uni-Valve cartridge assemblies is for Flow advantage triplex plunger pump key components, it is stable-quality and high-efficient and features as follows:  A:High-Classed quality SST material  B:Superior workmanship production  C:Easy installation and Applied  D:Stable performance  &nbsp;  Application:  This Pipeline Ultra-high Pressure Water blasting cleaning machine parts FL40K2OL Uni-Valve\u00a0cartridge assemblies is used in Flow Triplex plunger pump, it is the key components and advanced design.And the pump can be widely used in surface cleaning,Tank&amp;Vessel Cleaning,Automotive Painting cleaning,Mining industry cleaning,Steel manufacture cleaning, Construction industry\u00a0etc.","og_url":"https:\/\/panwinjet.com\/pt\/produto\/pipeline-ultra-high-pressure-water-blasting-cleaning-machine-parts-flow-40k2ol-uni-valve\/","og_site_name":"Panwin Machinery&amp;Equipment","article_modified_time":"2025-09-20T11:41:29+00:00","og_image":[{"width":1920,"height":2560,"url":"https:\/\/panwinjet.com\/wp-content\/uploads\/2025\/09\/FL40-Uni-Valve-3-scaled.jpg","type":"image\/jpeg"}],"twitter_card":"summary_large_image","twitter_misc":{"Tempo estimado de leitura":"1 minuto"},"schema":{"@context":"https:\/\/schema.org","@graph":[{"@type":"WebPage","@id":"https:\/\/panwinjet.com\/product\/pipeline-ultra-high-pressure-water-blasting-cleaning-machine-parts-flow-40k2ol-uni-valve\/","url":"https:\/\/panwinjet.com\/product\/pipeline-ultra-high-pressure-water-blasting-cleaning-machine-parts-flow-40k2ol-uni-valve\/","name":"Pipeline Ultra-high Pressure Water blasting cleaning machine parts Flow 40K2OL Uni-Valve - Panwin Machinery&amp;Equipment","isPartOf":{"@id":"https:\/\/panwinjet.com\/#website"},"primaryImageOfPage":{"@id":"https:\/\/panwinjet.com\/product\/pipeline-ultra-high-pressure-water-blasting-cleaning-machine-parts-flow-40k2ol-uni-valve\/#primaryimage"},"image":{"@id":"https:\/\/panwinjet.com\/product\/pipeline-ultra-high-pressure-water-blasting-cleaning-machine-parts-flow-40k2ol-uni-valve\/#primaryimage"},"thumbnailUrl":"https:\/\/panwinjet.com\/wp-content\/uploads\/2025\/09\/FL40-Uni-Valve-3-scaled.jpg","datePublished":"2025-09-20T08:52:47+00:00","dateModified":"2025-09-20T11:41:29+00:00","breadcrumb":{"@id":"https:\/\/panwinjet.com\/product\/pipeline-ultra-high-pressure-water-blasting-cleaning-machine-parts-flow-40k2ol-uni-valve\/#breadcrumb"},"inLanguage":"pt-PT","potentialAction":[{"@type":"ReadAction","target":["https:\/\/panwinjet.com\/product\/pipeline-ultra-high-pressure-water-blasting-cleaning-machine-parts-flow-40k2ol-uni-valve\/"]}]},{"@type":"ImageObject","inLanguage":"pt-PT","@id":"https:\/\/panwinjet.com\/product\/pipeline-ultra-high-pressure-water-blasting-cleaning-machine-parts-flow-40k2ol-uni-valve\/#primaryimage","url":"https:\/\/panwinjet.com\/wp-content\/uploads\/2025\/09\/FL40-Uni-Valve-3-scaled.jpg","contentUrl":"https:\/\/panwinjet.com\/wp-content\/uploads\/2025\/09\/FL40-Uni-Valve-3-scaled.jpg","width":1920,"height":2560},{"@type":"BreadcrumbList","@id":"https:\/\/panwinjet.com\/product\/pipeline-ultra-high-pressure-water-blasting-cleaning-machine-parts-flow-40k2ol-uni-valve\/#breadcrumb","itemListElement":[{"@type":"ListItem","position":1,"name":"\u9996\u9875","item":"https:\/\/panwinjet.com\/"},{"@type":"ListItem","position":2,"name":"PRODUCT","item":"https:\/\/panwinjet.com\/product\/"},{"@type":"ListItem","position":3,"name":"Pipeline Ultra-high Pressure Water blasting cleaning machine parts Flow 40K2OL Uni-Valve"}]},{"@type":"WebSite","@id":"https:\/\/panwinjet.com\/#website","url":"https:\/\/panwinjet.com\/","name":"Panwin Machinery&amp;Equipment","description":"Shenzhen Panwin Machinery&amp;Equipment Co.Ltd","potentialAction":[{"@type":"SearchAction","target":{"@type":"EntryPoint","urlTemplate":"https:\/\/panwinjet.com\/?s={search_term_string}"},"query-input":{"@type":"PropertyValueSpecification","valueRequired":true,"valueName":"search_term_string"}}],"inLanguage":"pt-PT"}]}},"_links":{"self":[{"href":"https:\/\/panwinjet.com\/pt\/wp-json\/wp\/v2\/product\/1165","targetHints":{"allow":["GET"]}}],"collection":[{"href":"https:\/\/panwinjet.com\/pt\/wp-json\/wp\/v2\/product"}],"about":[{"href":"https:\/\/panwinjet.com\/pt\/wp-json\/wp\/v2\/types\/product"}],"wp:featuredmedia":[{"embeddable":true,"href":"https:\/\/panwinjet.com\/pt\/wp-json\/wp\/v2\/media\/1167"}],"wp:attachment":[{"href":"https:\/\/panwinjet.com\/pt\/wp-json\/wp\/v2\/media?parent=1165"}],"wp:term":[{"taxonomy":"product_brand","embeddable":true,"href":"https:\/\/panwinjet.com\/pt\/wp-json\/wp\/v2\/product_brand?post=1165"},{"taxonomy":"product_cat","embeddable":true,"href":"https:\/\/panwinjet.com\/pt\/wp-json\/wp\/v2\/product_cat?post=1165"},{"taxonomy":"product_tag","embeddable":true,"href":"https:\/\/panwinjet.com\/pt\/wp-json\/wp\/v2\/product_tag?post=1165"}],"curies":[{"name":"wp","href":"https:\/\/api.w.org\/{rel}","templated":true}]}}