{"id":1153,"date":"2025-09-20T08:35:17","date_gmt":"2025-09-20T08:35:17","guid":{"rendered":"https:\/\/panwinjet.com\/?post_type=product&#038;p=1153"},"modified":"2025-09-21T13:28:36","modified_gmt":"2025-09-21T13:28:36","slug":"2800bar-water-blasting-heat-exchange-cleaning-machine-parts-for-hammelmann-6803-uni-valve","status":"publish","type":"product","link":"https:\/\/panwinjet.com\/pt\/produto\/2800bar-water-blasting-heat-exchange-cleaning-machine-parts-for-hammelmann-6803-uni-valve\/","title":{"rendered":"M\u00e1quina de limpeza de pe\u00e7as com trocador de calor e jateamento de \u00e1gua a 2800 bar para v\u00e1lvula unidirecional Hammelmann-6803."},"content":{"rendered":"<p><strong><b>Introdu\u00e7\u00e3o de pe\u00e7as para m\u00e1quina de limpeza de trocadores de calor por jateamento de \u00e1gua <\/b><\/strong><strong><b>H<\/b><\/strong><strong><b>ammelman<\/b><\/strong><strong><b>-6803 Uni-Valve<\/b><\/strong><\/p>\n<p>Pe\u00e7as para m\u00e1quina de limpeza com trocador de calor por jateamento de \u00e1gua <strong><b>H<\/b><\/strong><strong><b>ammelman<\/b><\/strong>A v\u00e1lvula Uni-Valve -6803 foi projetada e fabricada para diversos tipos de limpeza de superf\u00edcies, limpeza de tubos, etc., e \u00e9 utilizada em bombas de jateamento de \u00e1gua de alta press\u00e3o da Hammelmann.<\/p>\n<p>Panwin <strong><b>H<\/b><\/strong><strong><b>ammelman<\/b><\/strong>\u00a0Os conjuntos de cartucho Uni-Valve s\u00e3o fabricados em a\u00e7o inoxid\u00e1vel de alta qualidade, com tratamento t\u00e9rmico especial para garantir um acabamento de excel\u00eancia.<\/p>\n<p><strong><b>\u00a0Par\u00e2metro (Especifica\u00e7\u00e3o) de <\/b><\/strong>M\u00e1quina de limpeza por jateamento de \u00e1gua e troca de calor para pe\u00e7as. <strong><b>H<\/b><\/strong><strong><b>ammelman<\/b><\/strong>-6803 Uni-Valve<\/p>\n<p>Pe\u00e7as para m\u00e1quina de limpeza com trocador de calor por jateamento de \u00e1gua <strong><b>H<\/b><\/strong><strong><b>ammelman<\/b><\/strong>O conjunto de cartucho Uni-Valve -6803 \u00e9 usado para <strong><b>H<\/b><\/strong><strong><b>ammelman<\/b><\/strong>\u00a0Esta bomba proporciona uma poderosa capacidade de limpeza de superf\u00edcies por pulveriza\u00e7\u00e3o, e nossa t\u00e9cnica avan\u00e7ada de fabrica\u00e7\u00e3o no tratamento de furos garante uma opera\u00e7\u00e3o de longa dura\u00e7\u00e3o, al\u00e9m de ser dur\u00e1vel e confi\u00e1vel.<\/p>\n<div style=\"width: 720px;\" class=\"wp-video\"><video class=\"wp-video-shortcode\" id=\"video-1153-1\" width=\"720\" height=\"1280\" preload=\"metadata\" controls=\"controls\"><source type=\"video\/mp4\" src=\"https:\/\/panwinjet.com\/wp-content\/uploads\/2025\/09\/HMA.mp4?_=1\" \/><a href=\"https:\/\/panwinjet.com\/wp-content\/uploads\/2025\/09\/HMA.mp4\">https:\/\/panwinjet.com\/wp-content\/uploads\/2025\/09\/HMA.mp4<\/a><\/video><\/div>","protected":false},"excerpt":{"rendered":"<p><b><\/b><strong><b>\u00a0Caracter\u00edsticas e aplica\u00e7\u00f5es da m\u00e1quina de limpeza por troca de calor com jato de \u00e1gua para pe\u00e7as de H<\/b><\/strong><strong><b>ammelmann<\/b><\/strong><strong><b>-6803 Uni-Valve<\/b><\/strong><\/p>\n<p>As pe\u00e7as da m\u00e1quina de limpeza por hidrojateamento com trocador de calor para o cartucho da v\u00e1lvula \u00fanica Hammelmann-6803 s\u00e3o utilizadas na bomba de hidrojateamento Hammelmann, apresentando forte capacidade de pulveriza\u00e7\u00e3o e desempenho de limpeza robusto. Em resumo, seguem abaixo:<\/p>\n<ul>\n<li>a\u00e7o inoxid\u00e1vel de alta resist\u00eancia<\/li>\n<li>Artesanato de qualidade<\/li>\n<li>Fabrica\u00e7\u00e3o precisa<\/li>\n<li>Toler\u00e2ncia de veda\u00e7\u00e3o pr\u00f3xima<\/li>\n<\/ul>\n<p>Aplicativo:<\/p>\n<p>As pe\u00e7as da m\u00e1quina de limpeza por jateamento de \u00e1gua com trocador de calor para o cartucho da v\u00e1lvula unidirecional Hammelmann-6803 s\u00e3o utilizadas na bomba Hammelmann, sendo componentes-chave e de design avan\u00e7ado.<\/p>\n<p>A bomba pode ser amplamente utilizada na limpeza de superf\u00edcies, limpeza de tanques e vasos de press\u00e3o, limpeza de pintura automotiva, limpeza na ind\u00fastria de minera\u00e7\u00e3o, limpeza em sider\u00fargicas, limpeza de superf\u00edcies em estaleiros, etc.<\/p>","protected":false},"featured_media":1155,"template":"","meta":[],"product_brand":[],"product_cat":[6],"product_tag":[],"class_list":{"0":"post-1153","1":"product","2":"type-product","3":"status-publish","4":"has-post-thumbnail","6":"product_cat-uni-valves-for-uhp-pump","8":"first","9":"instock","10":"shipping-taxable","11":"product-type-simple"},"yoast_head":"<!-- This site is optimized with the Yoast SEO plugin v24.9 - https:\/\/yoast.com\/wordpress\/plugins\/seo\/ -->\n<title>2800Bar Water blasting Heat-exchange cleaning machine parts for Hammelmann-6803 Uni-Valve - Panwin Machinery&amp;Equipment<\/title>\n<meta name=\"robots\" content=\"index, follow, max-snippet:-1, max-image-preview:large, max-video-preview:-1\" \/>\n<link rel=\"canonical\" href=\"https:\/\/panwinjet.com\/pt\/produto\/2800bar-water-blasting-heat-exchange-cleaning-machine-parts-for-hammelmann-6803-uni-valve\/\" \/>\n<meta property=\"og:locale\" content=\"pt_PT\" \/>\n<meta property=\"og:type\" content=\"article\" \/>\n<meta property=\"og:title\" content=\"2800Bar Water blasting Heat-exchange cleaning machine parts for Hammelmann-6803 Uni-Valve - Panwin Machinery&amp;Equipment\" \/>\n<meta property=\"og:description\" content=\"\u00a0Feature And Application of Water blasting Heat-exchange cleaning machine parts for Hammelmann-6803 Uni-Valve  The Water blasting Heat-exchange cleaning machine parts for Hammelmann-6803 Uni-Valve cartridge is used for Hammelmann hydro blaster pump, it has strong spraying capability and robust cleaning performance. We summarize as follows:   heavy-duty quality stainless Steel  Quality craftsman ship  Precise manufacture  Close Sealing tolerance  Application:  The Water blasting Heat-exchange cleaning machine parts for Hammelmann-6803 Uni-Valve cartridge is used for Hammelmann pump,it is the key parts and advanced design.  The pump can be widely used in surface cleaning,Tank&amp;Vessel Cleaning,Automotive Painting cleaning,Mining industry cleaning,Steel manufacture cleaning, Shipyard surface cleaning etc.\" \/>\n<meta property=\"og:url\" content=\"https:\/\/panwinjet.com\/pt\/produto\/2800bar-water-blasting-heat-exchange-cleaning-machine-parts-for-hammelmann-6803-uni-valve\/\" \/>\n<meta property=\"og:site_name\" content=\"Panwin Machinery&amp;Equipment\" \/>\n<meta property=\"article:modified_time\" content=\"2025-09-21T13:28:36+00:00\" \/>\n<meta property=\"og:image\" content=\"https:\/\/panwinjet.com\/wp-content\/uploads\/2025\/09\/HMA-6803-Uni-Valve-3.jpg\" \/>\n\t<meta property=\"og:image:width\" content=\"1279\" \/>\n\t<meta property=\"og:image:height\" content=\"1706\" \/>\n\t<meta property=\"og:image:type\" content=\"image\/jpeg\" \/>\n<meta name=\"twitter:card\" content=\"summary_large_image\" \/>\n<meta name=\"twitter:label1\" content=\"Tempo estimado de leitura\" \/>\n\t<meta name=\"twitter:data1\" content=\"1 minuto\" \/>\n<script type=\"application\/ld+json\" class=\"yoast-schema-graph\">{\"@context\":\"https:\/\/schema.org\",\"@graph\":[{\"@type\":\"WebPage\",\"@id\":\"https:\/\/panwinjet.com\/product\/2800bar-water-blasting-heat-exchange-cleaning-machine-parts-for-hammelmann-6803-uni-valve\/\",\"url\":\"https:\/\/panwinjet.com\/product\/2800bar-water-blasting-heat-exchange-cleaning-machine-parts-for-hammelmann-6803-uni-valve\/\",\"name\":\"2800Bar Water blasting Heat-exchange cleaning machine parts for Hammelmann-6803 Uni-Valve - Panwin Machinery&amp;Equipment\",\"isPartOf\":{\"@id\":\"https:\/\/panwinjet.com\/#website\"},\"primaryImageOfPage\":{\"@id\":\"https:\/\/panwinjet.com\/product\/2800bar-water-blasting-heat-exchange-cleaning-machine-parts-for-hammelmann-6803-uni-valve\/#primaryimage\"},\"image\":{\"@id\":\"https:\/\/panwinjet.com\/product\/2800bar-water-blasting-heat-exchange-cleaning-machine-parts-for-hammelmann-6803-uni-valve\/#primaryimage\"},\"thumbnailUrl\":\"https:\/\/panwinjet.com\/wp-content\/uploads\/2025\/09\/HMA-6803-Uni-Valve-3.jpg\",\"datePublished\":\"2025-09-20T08:35:17+00:00\",\"dateModified\":\"2025-09-21T13:28:36+00:00\",\"breadcrumb\":{\"@id\":\"https:\/\/panwinjet.com\/product\/2800bar-water-blasting-heat-exchange-cleaning-machine-parts-for-hammelmann-6803-uni-valve\/#breadcrumb\"},\"inLanguage\":\"pt-PT\",\"potentialAction\":[{\"@type\":\"ReadAction\",\"target\":[\"https:\/\/panwinjet.com\/product\/2800bar-water-blasting-heat-exchange-cleaning-machine-parts-for-hammelmann-6803-uni-valve\/\"]}]},{\"@type\":\"ImageObject\",\"inLanguage\":\"pt-PT\",\"@id\":\"https:\/\/panwinjet.com\/product\/2800bar-water-blasting-heat-exchange-cleaning-machine-parts-for-hammelmann-6803-uni-valve\/#primaryimage\",\"url\":\"https:\/\/panwinjet.com\/wp-content\/uploads\/2025\/09\/HMA-6803-Uni-Valve-3.jpg\",\"contentUrl\":\"https:\/\/panwinjet.com\/wp-content\/uploads\/2025\/09\/HMA-6803-Uni-Valve-3.jpg\",\"width\":1279,\"height\":1706,\"caption\":\"Hammelmann-6803 Uni-Valve\"},{\"@type\":\"BreadcrumbList\",\"@id\":\"https:\/\/panwinjet.com\/product\/2800bar-water-blasting-heat-exchange-cleaning-machine-parts-for-hammelmann-6803-uni-valve\/#breadcrumb\",\"itemListElement\":[{\"@type\":\"ListItem\",\"position\":1,\"name\":\"\u9996\u9875\",\"item\":\"https:\/\/panwinjet.com\/\"},{\"@type\":\"ListItem\",\"position\":2,\"name\":\"PRODUCT\",\"item\":\"https:\/\/panwinjet.com\/product\/\"},{\"@type\":\"ListItem\",\"position\":3,\"name\":\"2800Bar Water blasting Heat-exchange cleaning machine parts for Hammelmann-6803 Uni-Valve\"}]},{\"@type\":\"WebSite\",\"@id\":\"https:\/\/panwinjet.com\/#website\",\"url\":\"https:\/\/panwinjet.com\/\",\"name\":\"Panwin Machinery&amp;Equipment\",\"description\":\"Shenzhen Panwin Machinery&amp;Equipment Co.Ltd\",\"potentialAction\":[{\"@type\":\"SearchAction\",\"target\":{\"@type\":\"EntryPoint\",\"urlTemplate\":\"https:\/\/panwinjet.com\/?s={search_term_string}\"},\"query-input\":{\"@type\":\"PropertyValueSpecification\",\"valueRequired\":true,\"valueName\":\"search_term_string\"}}],\"inLanguage\":\"pt-PT\"}]}<\/script>\n<!-- \/ Yoast SEO plugin. -->","yoast_head_json":{"title":"2800Bar Water blasting Heat-exchange cleaning machine parts for Hammelmann-6803 Uni-Valve - Panwin Machinery&amp;Equipment","robots":{"index":"index","follow":"follow","max-snippet":"max-snippet:-1","max-image-preview":"max-image-preview:large","max-video-preview":"max-video-preview:-1"},"canonical":"https:\/\/panwinjet.com\/pt\/produto\/2800bar-water-blasting-heat-exchange-cleaning-machine-parts-for-hammelmann-6803-uni-valve\/","og_locale":"pt_PT","og_type":"article","og_title":"2800Bar Water blasting Heat-exchange cleaning machine parts for Hammelmann-6803 Uni-Valve - Panwin Machinery&amp;Equipment","og_description":"\u00a0Feature And Application of Water blasting Heat-exchange cleaning machine parts for Hammelmann-6803 Uni-Valve  The Water blasting Heat-exchange cleaning machine parts for Hammelmann-6803 Uni-Valve cartridge is used for Hammelmann hydro blaster pump, it has strong spraying capability and robust cleaning performance. We summarize as follows:   heavy-duty quality stainless Steel  Quality craftsman ship  Precise manufacture  Close Sealing tolerance  Application:  The Water blasting Heat-exchange cleaning machine parts for Hammelmann-6803 Uni-Valve cartridge is used for Hammelmann pump,it is the key parts and advanced design.  The pump can be widely used in surface cleaning,Tank&amp;Vessel Cleaning,Automotive Painting cleaning,Mining industry cleaning,Steel manufacture cleaning, Shipyard surface cleaning etc.","og_url":"https:\/\/panwinjet.com\/pt\/produto\/2800bar-water-blasting-heat-exchange-cleaning-machine-parts-for-hammelmann-6803-uni-valve\/","og_site_name":"Panwin Machinery&amp;Equipment","article_modified_time":"2025-09-21T13:28:36+00:00","og_image":[{"width":1279,"height":1706,"url":"https:\/\/panwinjet.com\/wp-content\/uploads\/2025\/09\/HMA-6803-Uni-Valve-3.jpg","type":"image\/jpeg"}],"twitter_card":"summary_large_image","twitter_misc":{"Tempo estimado de leitura":"1 minuto"},"schema":{"@context":"https:\/\/schema.org","@graph":[{"@type":"WebPage","@id":"https:\/\/panwinjet.com\/product\/2800bar-water-blasting-heat-exchange-cleaning-machine-parts-for-hammelmann-6803-uni-valve\/","url":"https:\/\/panwinjet.com\/product\/2800bar-water-blasting-heat-exchange-cleaning-machine-parts-for-hammelmann-6803-uni-valve\/","name":"2800Bar Water blasting Heat-exchange cleaning machine parts for Hammelmann-6803 Uni-Valve - Panwin Machinery&amp;Equipment","isPartOf":{"@id":"https:\/\/panwinjet.com\/#website"},"primaryImageOfPage":{"@id":"https:\/\/panwinjet.com\/product\/2800bar-water-blasting-heat-exchange-cleaning-machine-parts-for-hammelmann-6803-uni-valve\/#primaryimage"},"image":{"@id":"https:\/\/panwinjet.com\/product\/2800bar-water-blasting-heat-exchange-cleaning-machine-parts-for-hammelmann-6803-uni-valve\/#primaryimage"},"thumbnailUrl":"https:\/\/panwinjet.com\/wp-content\/uploads\/2025\/09\/HMA-6803-Uni-Valve-3.jpg","datePublished":"2025-09-20T08:35:17+00:00","dateModified":"2025-09-21T13:28:36+00:00","breadcrumb":{"@id":"https:\/\/panwinjet.com\/product\/2800bar-water-blasting-heat-exchange-cleaning-machine-parts-for-hammelmann-6803-uni-valve\/#breadcrumb"},"inLanguage":"pt-PT","potentialAction":[{"@type":"ReadAction","target":["https:\/\/panwinjet.com\/product\/2800bar-water-blasting-heat-exchange-cleaning-machine-parts-for-hammelmann-6803-uni-valve\/"]}]},{"@type":"ImageObject","inLanguage":"pt-PT","@id":"https:\/\/panwinjet.com\/product\/2800bar-water-blasting-heat-exchange-cleaning-machine-parts-for-hammelmann-6803-uni-valve\/#primaryimage","url":"https:\/\/panwinjet.com\/wp-content\/uploads\/2025\/09\/HMA-6803-Uni-Valve-3.jpg","contentUrl":"https:\/\/panwinjet.com\/wp-content\/uploads\/2025\/09\/HMA-6803-Uni-Valve-3.jpg","width":1279,"height":1706,"caption":"Hammelmann-6803 Uni-Valve"},{"@type":"BreadcrumbList","@id":"https:\/\/panwinjet.com\/product\/2800bar-water-blasting-heat-exchange-cleaning-machine-parts-for-hammelmann-6803-uni-valve\/#breadcrumb","itemListElement":[{"@type":"ListItem","position":1,"name":"\u9996\u9875","item":"https:\/\/panwinjet.com\/"},{"@type":"ListItem","position":2,"name":"PRODUCT","item":"https:\/\/panwinjet.com\/product\/"},{"@type":"ListItem","position":3,"name":"2800Bar Water blasting Heat-exchange cleaning machine parts for Hammelmann-6803 Uni-Valve"}]},{"@type":"WebSite","@id":"https:\/\/panwinjet.com\/#website","url":"https:\/\/panwinjet.com\/","name":"Panwin Machinery&amp;Equipment","description":"Shenzhen Panwin Machinery&amp;Equipment Co.Ltd","potentialAction":[{"@type":"SearchAction","target":{"@type":"EntryPoint","urlTemplate":"https:\/\/panwinjet.com\/?s={search_term_string}"},"query-input":{"@type":"PropertyValueSpecification","valueRequired":true,"valueName":"search_term_string"}}],"inLanguage":"pt-PT"}]}},"_links":{"self":[{"href":"https:\/\/panwinjet.com\/pt\/wp-json\/wp\/v2\/product\/1153","targetHints":{"allow":["GET"]}}],"collection":[{"href":"https:\/\/panwinjet.com\/pt\/wp-json\/wp\/v2\/product"}],"about":[{"href":"https:\/\/panwinjet.com\/pt\/wp-json\/wp\/v2\/types\/product"}],"wp:featuredmedia":[{"embeddable":true,"href":"https:\/\/panwinjet.com\/pt\/wp-json\/wp\/v2\/media\/1155"}],"wp:attachment":[{"href":"https:\/\/panwinjet.com\/pt\/wp-json\/wp\/v2\/media?parent=1153"}],"wp:term":[{"taxonomy":"product_brand","embeddable":true,"href":"https:\/\/panwinjet.com\/pt\/wp-json\/wp\/v2\/product_brand?post=1153"},{"taxonomy":"product_cat","embeddable":true,"href":"https:\/\/panwinjet.com\/pt\/wp-json\/wp\/v2\/product_cat?post=1153"},{"taxonomy":"product_tag","embeddable":true,"href":"https:\/\/panwinjet.com\/pt\/wp-json\/wp\/v2\/product_tag?post=1153"}],"curies":[{"name":"wp","href":"https:\/\/api.w.org\/{rel}","templated":true}]}}