{"id":1146,"date":"2025-09-20T08:26:52","date_gmt":"2025-09-20T08:26:52","guid":{"rendered":"https:\/\/panwinjet.com\/?post_type=product&#038;p=1146"},"modified":"2025-09-20T08:26:52","modified_gmt":"2025-09-20T08:26:52","slug":"tube-water-hydro-blasting-cleaning-machine-parts-for-woma-uni-valve-98797410","status":"publish","type":"product","link":"https:\/\/panwinjet.com\/pt\/produto\/tube-water-hydro-blasting-cleaning-machine-parts-for-woma-uni-valve-98797410\/","title":{"rendered":"Pe\u00e7as para m\u00e1quina de limpeza por hidrojateamento de tubos para WOMA Uni-Valve 98797410"},"content":{"rendered":"<p><strong><b>Pe\u00e7as para m\u00e1quina de limpeza por hidrojateamento com \u00e1gua tubular para WOMA<\/b><\/strong><strong><b>\u00a0<\/b><\/strong><strong><b>Uni-Valve 98797410<\/b><\/strong><\/p>\n<p><strong><b>1. Introdu\u00e7\u00e3o do produto <\/b><\/strong>Pe\u00e7as para m\u00e1quina de limpeza por hidrojateamento de tubos para WOMA Uni-Valve 98797410<\/p>\n<p>As pe\u00e7as para m\u00e1quina de limpeza por hidrojateamento com \u00e1gua tubular para a v\u00e1lvula WOMA Uni-Valve 98797410 s\u00e3o uma vers\u00e3o aprimorada da Uni-Valve, mais compacta e eficiente, projetada para uma ampla variedade de tarefas de limpeza de superf\u00edcies e compat\u00edvel com as bombas de hidrojateamento de alta press\u00e3o da WOMA.<\/p>\n<p><img decoding=\"async\" class=\"aligncenter size-full wp-image-1149 lazyload\" data-src=\"https:\/\/panwinjet.com\/wp-content\/uploads\/2025\/09\/WOMA-98797410-3-scaled.jpg\" alt=\"\" width=\"1920\" height=\"2560\" data-srcset=\"https:\/\/panwinjet.com\/wp-content\/uploads\/2025\/09\/WOMA-98797410-3-scaled.jpg 1920w, https:\/\/panwinjet.com\/wp-content\/uploads\/2025\/09\/WOMA-98797410-3-375x500.jpg 375w, https:\/\/panwinjet.com\/wp-content\/uploads\/2025\/09\/WOMA-98797410-3-900x1200.jpg 900w, https:\/\/panwinjet.com\/wp-content\/uploads\/2025\/09\/WOMA-98797410-3-225x300.jpg 225w, https:\/\/panwinjet.com\/wp-content\/uploads\/2025\/09\/WOMA-98797410-3-768x1024.jpg 768w, https:\/\/panwinjet.com\/wp-content\/uploads\/2025\/09\/WOMA-98797410-3-1152x1536.jpg 1152w, https:\/\/panwinjet.com\/wp-content\/uploads\/2025\/09\/WOMA-98797410-3-1536x2048.jpg 1536w, https:\/\/panwinjet.com\/wp-content\/uploads\/2025\/09\/WOMA-98797410-3-56x75.jpg 56w, https:\/\/panwinjet.com\/wp-content\/uploads\/2025\/09\/WOMA-98797410-3-480x640.jpg 480w, https:\/\/panwinjet.com\/wp-content\/uploads\/2025\/09\/WOMA-98797410-3-800x1067.jpg 800w\" data-sizes=\"(max-width:767px) 480px, (max-width:1920px) 100vw, 1920px\" src=\"data:image\/svg+xml;base64,PHN2ZyB3aWR0aD0iMSIgaGVpZ2h0PSIxIiB4bWxucz0iaHR0cDovL3d3dy53My5vcmcvMjAwMC9zdmciPjwvc3ZnPg==\" style=\"--smush-placeholder-width: 1920px; --smush-placeholder-aspect-ratio: 1920\/2560;\" \/><\/p>","protected":false},"excerpt":{"rendered":"<p><b><\/b><strong><b>Par\u00e2metro (Especifica\u00e7\u00e3o) de <\/b><\/strong>Pe\u00e7as para m\u00e1quina de limpeza por hidrojateamento de tubos para WOMA Uni-Valve 98797410<\/p>\n<p>As pe\u00e7as da m\u00e1quina de limpeza por hidrojateamento PanwinTube para a v\u00e1lvula WOMA Uni-Valve 98797410 s\u00e3o fabricadas em a\u00e7o inoxid\u00e1vel de alta qualidade, com tratamento t\u00e9rmico avan\u00e7ado para garantir excelente acabamento e desempenho de pulveriza\u00e7\u00e3o.<\/p>\n<p><strong><b>\u00a0Caracter\u00edsticas e aplica\u00e7\u00f5es de <\/b><\/strong>Pe\u00e7as para m\u00e1quina de limpeza por hidrojateamento de tubos para WOMA Uni-Valve 98797410<\/p>\n<p>As pe\u00e7as para m\u00e1quina de limpeza por hidrojateamento com \u00e1gua tubular para WOMA Uni-Valve 98797410 s\u00e3o uma vers\u00e3o aprimorada dos conjuntos de cartucho Uni-Valve, sendo mais compactas e oferecendo maior efici\u00eancia em termos de desempenho de pulveriza\u00e7\u00e3o e durabilidade.<\/p>\n<ul>\n<li>A\u00e7o inoxid\u00e1vel de alta qualidade<\/li>\n<li>Servi\u00e7o simplificado para reduzir o tempo de inatividade.<\/li>\n<li>Toler\u00e2ncias de veda\u00e7\u00e3o rigorosas<\/li>\n<li>T\u00e9cnica Superior<\/li>\n<\/ul>\n<p>&nbsp;<\/p>\n<p>Aplicativo:<\/p>\n<p>Esta pe\u00e7a para m\u00e1quina de limpeza por hidrojateamento com \u00e1gua em tubos, compat\u00edvel com a v\u00e1lvula WOMA Uni-Valve 98797410, \u00e9 aplicada \u00e0 bomba WOMA e constitui um componente chave com design avan\u00e7ado.<\/p>\n<p>A bomba pode ser amplamente utilizada na limpeza de superf\u00edcies, limpeza de tanques e vasos de press\u00e3o, limpeza de pintura automotiva, limpeza na ind\u00fastria de minera\u00e7\u00e3o, limpeza em sider\u00fargicas, ind\u00fastria da constru\u00e7\u00e3o civil, etc.<\/p>","protected":false},"featured_media":1147,"template":"","meta":[],"product_brand":[],"product_cat":[6],"product_tag":[],"class_list":{"0":"post-1146","1":"product","2":"type-product","3":"status-publish","4":"has-post-thumbnail","6":"product_cat-uni-valves-for-uhp-pump","8":"first","9":"instock","10":"shipping-taxable","11":"product-type-simple"},"yoast_head":"<!-- This site is optimized with the Yoast SEO plugin v24.9 - https:\/\/yoast.com\/wordpress\/plugins\/seo\/ -->\n<title>Tube Water Hydro blasting cleaning machine parts for WOMA Uni-Valve 98797410 - Panwin Machinery&amp;Equipment<\/title>\n<meta name=\"robots\" content=\"index, follow, max-snippet:-1, max-image-preview:large, max-video-preview:-1\" \/>\n<link rel=\"canonical\" href=\"https:\/\/panwinjet.com\/pt\/produto\/tube-water-hydro-blasting-cleaning-machine-parts-for-woma-uni-valve-98797410\/\" \/>\n<meta property=\"og:locale\" content=\"pt_PT\" \/>\n<meta property=\"og:type\" content=\"article\" \/>\n<meta property=\"og:title\" content=\"Tube Water Hydro blasting cleaning machine parts for WOMA Uni-Valve 98797410 - Panwin Machinery&amp;Equipment\" \/>\n<meta property=\"og:description\" content=\"Parameter (Specification) of Tube Water Hydro blasting cleaning machine parts for WOMA Uni-Valve 98797410  PanwinTube Water Hydro blasting cleaning machine parts for WOMA Uni-Valve 98797410\u00a0is\u00a0made of High-level quality stainless Steel,advanced\u00a0heat-treatment craftsmanship for high-edge quality\u00a0and excellent spraying performance.  \u00a0Feature And Application of Tube Water Hydro blasting cleaning machine parts for WOMA Uni-Valve 98797410  The Tube Water Hydro blasting cleaning machine parts for WOMA\u00a0Uni-Valve 98797410\u00a0is the improved version of the Uni-Valve cartridge assemblies, it is more compact and higher efficiency in term of the spraying performance and venerability.   High-grade quality stainless Steel  Easy service for shorten the downtime  Tight seal tolerances  Superior Technique  &nbsp;  Application:  This Tube Water Hydro blasting cleaning machine parts for WOMA\u00a0Uni-Valve 98797410\u00a0is applied to WOMA pump, it is the key components and advanced design.  the pump can be widely used in surface cleaning,Tank&amp;Vessel Cleaning,Automotive Painting cleaning,Mining industry cleaning,Steel manufacture cleaning, Construction industry\u00a0etc.\" \/>\n<meta property=\"og:url\" content=\"https:\/\/panwinjet.com\/pt\/produto\/tube-water-hydro-blasting-cleaning-machine-parts-for-woma-uni-valve-98797410\/\" \/>\n<meta property=\"og:site_name\" content=\"Panwin Machinery&amp;Equipment\" \/>\n<meta property=\"og:image\" content=\"https:\/\/panwinjet.com\/wp-content\/uploads\/2025\/09\/WOMA-98797410-1-scaled.jpg\" \/>\n\t<meta property=\"og:image:width\" content=\"1920\" \/>\n\t<meta property=\"og:image:height\" content=\"2560\" \/>\n\t<meta property=\"og:image:type\" content=\"image\/jpeg\" \/>\n<meta name=\"twitter:card\" content=\"summary_large_image\" \/>\n<meta name=\"twitter:label1\" content=\"Tempo estimado de leitura\" \/>\n\t<meta name=\"twitter:data1\" content=\"1 minuto\" \/>\n<script type=\"application\/ld+json\" class=\"yoast-schema-graph\">{\"@context\":\"https:\/\/schema.org\",\"@graph\":[{\"@type\":\"WebPage\",\"@id\":\"https:\/\/panwinjet.com\/product\/tube-water-hydro-blasting-cleaning-machine-parts-for-woma-uni-valve-98797410\/\",\"url\":\"https:\/\/panwinjet.com\/product\/tube-water-hydro-blasting-cleaning-machine-parts-for-woma-uni-valve-98797410\/\",\"name\":\"Tube Water Hydro blasting cleaning machine parts for WOMA Uni-Valve 98797410 - Panwin Machinery&amp;Equipment\",\"isPartOf\":{\"@id\":\"https:\/\/panwinjet.com\/#website\"},\"primaryImageOfPage\":{\"@id\":\"https:\/\/panwinjet.com\/product\/tube-water-hydro-blasting-cleaning-machine-parts-for-woma-uni-valve-98797410\/#primaryimage\"},\"image\":{\"@id\":\"https:\/\/panwinjet.com\/product\/tube-water-hydro-blasting-cleaning-machine-parts-for-woma-uni-valve-98797410\/#primaryimage\"},\"thumbnailUrl\":\"https:\/\/panwinjet.com\/wp-content\/uploads\/2025\/09\/WOMA-98797410-1-scaled.jpg\",\"datePublished\":\"2025-09-20T08:26:52+00:00\",\"breadcrumb\":{\"@id\":\"https:\/\/panwinjet.com\/product\/tube-water-hydro-blasting-cleaning-machine-parts-for-woma-uni-valve-98797410\/#breadcrumb\"},\"inLanguage\":\"pt-PT\",\"potentialAction\":[{\"@type\":\"ReadAction\",\"target\":[\"https:\/\/panwinjet.com\/product\/tube-water-hydro-blasting-cleaning-machine-parts-for-woma-uni-valve-98797410\/\"]}]},{\"@type\":\"ImageObject\",\"inLanguage\":\"pt-PT\",\"@id\":\"https:\/\/panwinjet.com\/product\/tube-water-hydro-blasting-cleaning-machine-parts-for-woma-uni-valve-98797410\/#primaryimage\",\"url\":\"https:\/\/panwinjet.com\/wp-content\/uploads\/2025\/09\/WOMA-98797410-1-scaled.jpg\",\"contentUrl\":\"https:\/\/panwinjet.com\/wp-content\/uploads\/2025\/09\/WOMA-98797410-1-scaled.jpg\",\"width\":1920,\"height\":2560,\"caption\":\"WOMA Uni-Valve 98797410\"},{\"@type\":\"BreadcrumbList\",\"@id\":\"https:\/\/panwinjet.com\/product\/tube-water-hydro-blasting-cleaning-machine-parts-for-woma-uni-valve-98797410\/#breadcrumb\",\"itemListElement\":[{\"@type\":\"ListItem\",\"position\":1,\"name\":\"\u9996\u9875\",\"item\":\"https:\/\/panwinjet.com\/\"},{\"@type\":\"ListItem\",\"position\":2,\"name\":\"PRODUCT\",\"item\":\"https:\/\/panwinjet.com\/product\/\"},{\"@type\":\"ListItem\",\"position\":3,\"name\":\"Tube Water Hydro blasting cleaning machine parts for WOMA Uni-Valve 98797410\"}]},{\"@type\":\"WebSite\",\"@id\":\"https:\/\/panwinjet.com\/#website\",\"url\":\"https:\/\/panwinjet.com\/\",\"name\":\"Panwin Machinery&amp;Equipment\",\"description\":\"Shenzhen Panwin Machinery&amp;Equipment Co.Ltd\",\"potentialAction\":[{\"@type\":\"SearchAction\",\"target\":{\"@type\":\"EntryPoint\",\"urlTemplate\":\"https:\/\/panwinjet.com\/?s={search_term_string}\"},\"query-input\":{\"@type\":\"PropertyValueSpecification\",\"valueRequired\":true,\"valueName\":\"search_term_string\"}}],\"inLanguage\":\"pt-PT\"}]}<\/script>\n<!-- \/ Yoast SEO plugin. -->","yoast_head_json":{"title":"Tube Water Hydro blasting cleaning machine parts for WOMA Uni-Valve 98797410 - Panwin Machinery&amp;Equipment","robots":{"index":"index","follow":"follow","max-snippet":"max-snippet:-1","max-image-preview":"max-image-preview:large","max-video-preview":"max-video-preview:-1"},"canonical":"https:\/\/panwinjet.com\/pt\/produto\/tube-water-hydro-blasting-cleaning-machine-parts-for-woma-uni-valve-98797410\/","og_locale":"pt_PT","og_type":"article","og_title":"Tube Water Hydro blasting cleaning machine parts for WOMA Uni-Valve 98797410 - Panwin Machinery&amp;Equipment","og_description":"Parameter (Specification) of Tube Water Hydro blasting cleaning machine parts for WOMA Uni-Valve 98797410  PanwinTube Water Hydro blasting cleaning machine parts for WOMA Uni-Valve 98797410\u00a0is\u00a0made of High-level quality stainless Steel,advanced\u00a0heat-treatment craftsmanship for high-edge quality\u00a0and excellent spraying performance.  \u00a0Feature And Application of Tube Water Hydro blasting cleaning machine parts for WOMA Uni-Valve 98797410  The Tube Water Hydro blasting cleaning machine parts for WOMA\u00a0Uni-Valve 98797410\u00a0is the improved version of the Uni-Valve cartridge assemblies, it is more compact and higher efficiency in term of the spraying performance and venerability.   High-grade quality stainless Steel  Easy service for shorten the downtime  Tight seal tolerances  Superior Technique  &nbsp;  Application:  This Tube Water Hydro blasting cleaning machine parts for WOMA\u00a0Uni-Valve 98797410\u00a0is applied to WOMA pump, it is the key components and advanced design.  the pump can be widely used in surface cleaning,Tank&amp;Vessel Cleaning,Automotive Painting cleaning,Mining industry cleaning,Steel manufacture cleaning, Construction industry\u00a0etc.","og_url":"https:\/\/panwinjet.com\/pt\/produto\/tube-water-hydro-blasting-cleaning-machine-parts-for-woma-uni-valve-98797410\/","og_site_name":"Panwin Machinery&amp;Equipment","og_image":[{"width":1920,"height":2560,"url":"https:\/\/panwinjet.com\/wp-content\/uploads\/2025\/09\/WOMA-98797410-1-scaled.jpg","type":"image\/jpeg"}],"twitter_card":"summary_large_image","twitter_misc":{"Tempo estimado de leitura":"1 minuto"},"schema":{"@context":"https:\/\/schema.org","@graph":[{"@type":"WebPage","@id":"https:\/\/panwinjet.com\/product\/tube-water-hydro-blasting-cleaning-machine-parts-for-woma-uni-valve-98797410\/","url":"https:\/\/panwinjet.com\/product\/tube-water-hydro-blasting-cleaning-machine-parts-for-woma-uni-valve-98797410\/","name":"Tube Water Hydro blasting cleaning machine parts for WOMA Uni-Valve 98797410 - Panwin Machinery&amp;Equipment","isPartOf":{"@id":"https:\/\/panwinjet.com\/#website"},"primaryImageOfPage":{"@id":"https:\/\/panwinjet.com\/product\/tube-water-hydro-blasting-cleaning-machine-parts-for-woma-uni-valve-98797410\/#primaryimage"},"image":{"@id":"https:\/\/panwinjet.com\/product\/tube-water-hydro-blasting-cleaning-machine-parts-for-woma-uni-valve-98797410\/#primaryimage"},"thumbnailUrl":"https:\/\/panwinjet.com\/wp-content\/uploads\/2025\/09\/WOMA-98797410-1-scaled.jpg","datePublished":"2025-09-20T08:26:52+00:00","breadcrumb":{"@id":"https:\/\/panwinjet.com\/product\/tube-water-hydro-blasting-cleaning-machine-parts-for-woma-uni-valve-98797410\/#breadcrumb"},"inLanguage":"pt-PT","potentialAction":[{"@type":"ReadAction","target":["https:\/\/panwinjet.com\/product\/tube-water-hydro-blasting-cleaning-machine-parts-for-woma-uni-valve-98797410\/"]}]},{"@type":"ImageObject","inLanguage":"pt-PT","@id":"https:\/\/panwinjet.com\/product\/tube-water-hydro-blasting-cleaning-machine-parts-for-woma-uni-valve-98797410\/#primaryimage","url":"https:\/\/panwinjet.com\/wp-content\/uploads\/2025\/09\/WOMA-98797410-1-scaled.jpg","contentUrl":"https:\/\/panwinjet.com\/wp-content\/uploads\/2025\/09\/WOMA-98797410-1-scaled.jpg","width":1920,"height":2560,"caption":"WOMA Uni-Valve 98797410"},{"@type":"BreadcrumbList","@id":"https:\/\/panwinjet.com\/product\/tube-water-hydro-blasting-cleaning-machine-parts-for-woma-uni-valve-98797410\/#breadcrumb","itemListElement":[{"@type":"ListItem","position":1,"name":"\u9996\u9875","item":"https:\/\/panwinjet.com\/"},{"@type":"ListItem","position":2,"name":"PRODUCT","item":"https:\/\/panwinjet.com\/product\/"},{"@type":"ListItem","position":3,"name":"Tube Water Hydro blasting cleaning machine parts for WOMA Uni-Valve 98797410"}]},{"@type":"WebSite","@id":"https:\/\/panwinjet.com\/#website","url":"https:\/\/panwinjet.com\/","name":"Panwin Machinery&amp;Equipment","description":"Shenzhen Panwin Machinery&amp;Equipment Co.Ltd","potentialAction":[{"@type":"SearchAction","target":{"@type":"EntryPoint","urlTemplate":"https:\/\/panwinjet.com\/?s={search_term_string}"},"query-input":{"@type":"PropertyValueSpecification","valueRequired":true,"valueName":"search_term_string"}}],"inLanguage":"pt-PT"}]}},"_links":{"self":[{"href":"https:\/\/panwinjet.com\/pt\/wp-json\/wp\/v2\/product\/1146","targetHints":{"allow":["GET"]}}],"collection":[{"href":"https:\/\/panwinjet.com\/pt\/wp-json\/wp\/v2\/product"}],"about":[{"href":"https:\/\/panwinjet.com\/pt\/wp-json\/wp\/v2\/types\/product"}],"wp:featuredmedia":[{"embeddable":true,"href":"https:\/\/panwinjet.com\/pt\/wp-json\/wp\/v2\/media\/1147"}],"wp:attachment":[{"href":"https:\/\/panwinjet.com\/pt\/wp-json\/wp\/v2\/media?parent=1146"}],"wp:term":[{"taxonomy":"product_brand","embeddable":true,"href":"https:\/\/panwinjet.com\/pt\/wp-json\/wp\/v2\/product_brand?post=1146"},{"taxonomy":"product_cat","embeddable":true,"href":"https:\/\/panwinjet.com\/pt\/wp-json\/wp\/v2\/product_cat?post=1146"},{"taxonomy":"product_tag","embeddable":true,"href":"https:\/\/panwinjet.com\/pt\/wp-json\/wp\/v2\/product_tag?post=1146"}],"curies":[{"name":"wp","href":"https:\/\/api.w.org\/{rel}","templated":true}]}}