{"id":1129,"date":"2025-09-20T08:07:27","date_gmt":"2025-09-20T08:07:27","guid":{"rendered":"https:\/\/panwinjet.com\/?post_type=product&#038;p=1129"},"modified":"2025-09-20T08:07:27","modified_gmt":"2025-09-20T08:07:27","slug":"pipeline-hydro-jet-blasting-cleaning-machine-parts-for-woma-uni-valve-new-model","status":"publish","type":"product","link":"https:\/\/panwinjet.com\/pt\/produto\/pipeline-hydro-jet-blasting-cleaning-machine-parts-for-woma-uni-valve-new-model\/","title":{"rendered":"Pe\u00e7as para m\u00e1quina de limpeza por hidrojateamento de dutos para WOMA Uni-Valve Novo Modelo"},"content":{"rendered":"<p><strong><b>Pe\u00e7as para m\u00e1quina de limpeza por hidrojateamento de dutos para WOMA Uni-Valve Novo Modelo<\/b><\/strong><\/p>\n<p><strong><b>Introdu\u00e7\u00e3o de pe\u00e7as para m\u00e1quina de limpeza por hidrojateamento de dutos para v\u00e1lvula \u00fanica WOMA<\/b><\/strong><strong><b>\u00a0Conjuntos de cartuchos<\/b><\/strong><strong><b>\u00a0Novo modelo<\/b><\/strong><\/p>\n<p>As pe\u00e7as da m\u00e1quina de limpeza por hidrojateamento para o novo modelo da v\u00e1lvula WOMA Uni-Valve foram fabricadas para uma ampla variedade de tarefas de limpeza de superf\u00edcies e s\u00e3o utilizadas em bombas de hidrojateamento de alta press\u00e3o da WOMA.<\/p>","protected":false},"excerpt":{"rendered":"<p><strong><b>Par\u00e2metro (Especifica\u00e7\u00e3o) de <\/b><\/strong><strong><b>Pe\u00e7as para m\u00e1quina de limpeza por hidrojateamento de dutos para WOMA Uni-Valve Novo Modelo<\/b><\/strong><\/p>\n<p>Os conjuntos de cartuchos Panwin Uni-Valve para WOMA s\u00e3o fabricados em a\u00e7o inoxid\u00e1vel de alta qualidade, com tratamento t\u00e9rmico superior para garantir excelente desempenho.<\/p>\n<p><strong><b>Caracter\u00edsticas e aplica\u00e7\u00f5es de <\/b><\/strong><strong><b>Pe\u00e7as para m\u00e1quina de limpeza por hidrojateamento de dutos para WOMA Uni-Valve Novo Modelo<\/b><\/strong><\/p>\n<p>As pe\u00e7as para a m\u00e1quina de limpeza por hidrojateamento de dutos WOMA Uni-Valve New Model s\u00e3o componentes-chave da bomba de hidrojateamento WOMA, apresentando qualidade est\u00e1vel e alta efici\u00eancia, com as seguintes caracter\u00edsticas:<\/p>\n<ul>\n<li>A\u00e7o inoxid\u00e1vel de qualidade diferenciada<\/li>\n<li>Excelente trabalho artesanal.<\/li>\n<li>Toler\u00e2ncia de veda\u00e7\u00e3o pr\u00f3xima<\/li>\n<\/ul>\n<p><strong><b>Aplicativo:<\/b><\/strong><\/p>\n<p>Este conjunto de pe\u00e7as para m\u00e1quina de limpeza por hidrojateamento de dutos, compat\u00edvel com o novo modelo da v\u00e1lvula WOMA Uni-Valve, \u00e9 aplicado \u00e0 nova bomba de press\u00e3o da WOMA, sendo um componente chave e de design de ponta.<\/p>\n<p>A bomba pode ser amplamente utilizada na limpeza de superf\u00edcies, limpeza de tanques e vasos de press\u00e3o, limpeza de pintura automotiva, limpeza na ind\u00fastria de minera\u00e7\u00e3o, limpeza em sider\u00fargicas, ind\u00fastria da constru\u00e7\u00e3o civil, etc.<\/p>","protected":false},"featured_media":1131,"template":"","meta":[],"product_brand":[],"product_cat":[6],"product_tag":[18],"class_list":{"0":"post-1129","1":"product","2":"type-product","3":"status-publish","4":"has-post-thumbnail","6":"product_cat-uni-valves-for-uhp-pump","7":"product_tag-woma-uni-valve-uhp-hydrojet","9":"first","10":"instock","11":"shipping-taxable","12":"product-type-simple"},"yoast_head":"<!-- This site is optimized with the Yoast SEO plugin v24.9 - https:\/\/yoast.com\/wordpress\/plugins\/seo\/ -->\n<title>Pipeline hydro Jet blasting cleaning machine parts for WOMA Uni-Valve New Model - Panwin Machinery&amp;Equipment<\/title>\n<meta name=\"robots\" content=\"index, follow, max-snippet:-1, max-image-preview:large, max-video-preview:-1\" \/>\n<link rel=\"canonical\" href=\"https:\/\/panwinjet.com\/pt\/produto\/pipeline-hydro-jet-blasting-cleaning-machine-parts-for-woma-uni-valve-new-model\/\" \/>\n<meta property=\"og:locale\" content=\"pt_PT\" \/>\n<meta property=\"og:type\" content=\"article\" \/>\n<meta property=\"og:title\" content=\"Pipeline hydro Jet blasting cleaning machine parts for WOMA Uni-Valve New Model - Panwin Machinery&amp;Equipment\" \/>\n<meta property=\"og:description\" content=\"Parameter (Specification) of Pipeline hydro Jet blasting cleaning machine parts for WOMA Uni-Valve New Model  Panwin\u00a0Uni-Valve\u00a0cartridge Assemblies for WOMA\u00a0is\u00a0made of High-classed\u00a0quality SST, superior\u00a0heat treatment craftsmanship for excellent quality.  Feature And Application of Pipeline hydro Jet blasting cleaning machine parts for WOMA Uni-Valve New Model  The Pipeline hydro Jet blasting cleaning machine parts for WOMA Uni-Valve New Model\u00a0is for WOMA Water Blasting pump key components, it is stable-quality and high-efficient and features as follows:   Distinctivequality stainless steel  Excellent craftsmanship  Close Sealing tolerance  Application:  This Pipeline hydro Jet blasting cleaning machine parts for WOMA Uni-Valve New Model\u00a0is applied to WOMA new style\u00a0pressure pump, it is the key componets and high-edge\u00a0design.  The pump can be widely used in surface cleaning,Tank&amp;Vessel Cleaning,Automotive Painting cleaning,Mining industry cleaning,Steel manufacture cleaning, Construction industry\u00a0etc.\" \/>\n<meta property=\"og:url\" content=\"https:\/\/panwinjet.com\/pt\/produto\/pipeline-hydro-jet-blasting-cleaning-machine-parts-for-woma-uni-valve-new-model\/\" \/>\n<meta property=\"og:site_name\" content=\"Panwin Machinery&amp;Equipment\" \/>\n<meta property=\"og:image\" content=\"https:\/\/panwinjet.com\/wp-content\/uploads\/2025\/09\/WOMA-2.png\" \/>\n\t<meta property=\"og:image:width\" content=\"571\" \/>\n\t<meta property=\"og:image:height\" content=\"469\" \/>\n\t<meta property=\"og:image:type\" content=\"image\/png\" \/>\n<meta name=\"twitter:card\" content=\"summary_large_image\" \/>\n<meta name=\"twitter:label1\" content=\"Tempo estimado de leitura\" \/>\n\t<meta name=\"twitter:data1\" content=\"1 minuto\" \/>\n<script type=\"application\/ld+json\" class=\"yoast-schema-graph\">{\"@context\":\"https:\/\/schema.org\",\"@graph\":[{\"@type\":\"WebPage\",\"@id\":\"https:\/\/panwinjet.com\/product\/pipeline-hydro-jet-blasting-cleaning-machine-parts-for-woma-uni-valve-new-model\/\",\"url\":\"https:\/\/panwinjet.com\/product\/pipeline-hydro-jet-blasting-cleaning-machine-parts-for-woma-uni-valve-new-model\/\",\"name\":\"Pipeline hydro Jet blasting cleaning machine parts for WOMA Uni-Valve New Model - Panwin Machinery&amp;Equipment\",\"isPartOf\":{\"@id\":\"https:\/\/panwinjet.com\/#website\"},\"primaryImageOfPage\":{\"@id\":\"https:\/\/panwinjet.com\/product\/pipeline-hydro-jet-blasting-cleaning-machine-parts-for-woma-uni-valve-new-model\/#primaryimage\"},\"image\":{\"@id\":\"https:\/\/panwinjet.com\/product\/pipeline-hydro-jet-blasting-cleaning-machine-parts-for-woma-uni-valve-new-model\/#primaryimage\"},\"thumbnailUrl\":\"https:\/\/panwinjet.com\/wp-content\/uploads\/2025\/09\/WOMA-2.png\",\"datePublished\":\"2025-09-20T08:07:27+00:00\",\"breadcrumb\":{\"@id\":\"https:\/\/panwinjet.com\/product\/pipeline-hydro-jet-blasting-cleaning-machine-parts-for-woma-uni-valve-new-model\/#breadcrumb\"},\"inLanguage\":\"pt-PT\",\"potentialAction\":[{\"@type\":\"ReadAction\",\"target\":[\"https:\/\/panwinjet.com\/product\/pipeline-hydro-jet-blasting-cleaning-machine-parts-for-woma-uni-valve-new-model\/\"]}]},{\"@type\":\"ImageObject\",\"inLanguage\":\"pt-PT\",\"@id\":\"https:\/\/panwinjet.com\/product\/pipeline-hydro-jet-blasting-cleaning-machine-parts-for-woma-uni-valve-new-model\/#primaryimage\",\"url\":\"https:\/\/panwinjet.com\/wp-content\/uploads\/2025\/09\/WOMA-2.png\",\"contentUrl\":\"https:\/\/panwinjet.com\/wp-content\/uploads\/2025\/09\/WOMA-2.png\",\"width\":571,\"height\":469},{\"@type\":\"BreadcrumbList\",\"@id\":\"https:\/\/panwinjet.com\/product\/pipeline-hydro-jet-blasting-cleaning-machine-parts-for-woma-uni-valve-new-model\/#breadcrumb\",\"itemListElement\":[{\"@type\":\"ListItem\",\"position\":1,\"name\":\"\u9996\u9875\",\"item\":\"https:\/\/panwinjet.com\/\"},{\"@type\":\"ListItem\",\"position\":2,\"name\":\"PRODUCT\",\"item\":\"https:\/\/panwinjet.com\/product\/\"},{\"@type\":\"ListItem\",\"position\":3,\"name\":\"Pipeline hydro Jet blasting cleaning machine parts for WOMA Uni-Valve New Model\"}]},{\"@type\":\"WebSite\",\"@id\":\"https:\/\/panwinjet.com\/#website\",\"url\":\"https:\/\/panwinjet.com\/\",\"name\":\"Panwin Machinery&amp;Equipment\",\"description\":\"Shenzhen Panwin Machinery&amp;Equipment Co.Ltd\",\"potentialAction\":[{\"@type\":\"SearchAction\",\"target\":{\"@type\":\"EntryPoint\",\"urlTemplate\":\"https:\/\/panwinjet.com\/?s={search_term_string}\"},\"query-input\":{\"@type\":\"PropertyValueSpecification\",\"valueRequired\":true,\"valueName\":\"search_term_string\"}}],\"inLanguage\":\"pt-PT\"}]}<\/script>\n<!-- \/ Yoast SEO plugin. -->","yoast_head_json":{"title":"Pipeline hydro Jet blasting cleaning machine parts for WOMA Uni-Valve New Model - Panwin Machinery&amp;Equipment","robots":{"index":"index","follow":"follow","max-snippet":"max-snippet:-1","max-image-preview":"max-image-preview:large","max-video-preview":"max-video-preview:-1"},"canonical":"https:\/\/panwinjet.com\/pt\/produto\/pipeline-hydro-jet-blasting-cleaning-machine-parts-for-woma-uni-valve-new-model\/","og_locale":"pt_PT","og_type":"article","og_title":"Pipeline hydro Jet blasting cleaning machine parts for WOMA Uni-Valve New Model - Panwin Machinery&amp;Equipment","og_description":"Parameter (Specification) of Pipeline hydro Jet blasting cleaning machine parts for WOMA Uni-Valve New Model  Panwin\u00a0Uni-Valve\u00a0cartridge Assemblies for WOMA\u00a0is\u00a0made of High-classed\u00a0quality SST, superior\u00a0heat treatment craftsmanship for excellent quality.  Feature And Application of Pipeline hydro Jet blasting cleaning machine parts for WOMA Uni-Valve New Model  The Pipeline hydro Jet blasting cleaning machine parts for WOMA Uni-Valve New Model\u00a0is for WOMA Water Blasting pump key components, it is stable-quality and high-efficient and features as follows:   Distinctivequality stainless steel  Excellent craftsmanship  Close Sealing tolerance  Application:  This Pipeline hydro Jet blasting cleaning machine parts for WOMA Uni-Valve New Model\u00a0is applied to WOMA new style\u00a0pressure pump, it is the key componets and high-edge\u00a0design.  The pump can be widely used in surface cleaning,Tank&amp;Vessel Cleaning,Automotive Painting cleaning,Mining industry cleaning,Steel manufacture cleaning, Construction industry\u00a0etc.","og_url":"https:\/\/panwinjet.com\/pt\/produto\/pipeline-hydro-jet-blasting-cleaning-machine-parts-for-woma-uni-valve-new-model\/","og_site_name":"Panwin Machinery&amp;Equipment","og_image":[{"width":571,"height":469,"url":"https:\/\/panwinjet.com\/wp-content\/uploads\/2025\/09\/WOMA-2.png","type":"image\/png"}],"twitter_card":"summary_large_image","twitter_misc":{"Tempo estimado de leitura":"1 minuto"},"schema":{"@context":"https:\/\/schema.org","@graph":[{"@type":"WebPage","@id":"https:\/\/panwinjet.com\/product\/pipeline-hydro-jet-blasting-cleaning-machine-parts-for-woma-uni-valve-new-model\/","url":"https:\/\/panwinjet.com\/product\/pipeline-hydro-jet-blasting-cleaning-machine-parts-for-woma-uni-valve-new-model\/","name":"Pipeline hydro Jet blasting cleaning machine parts for WOMA Uni-Valve New Model - Panwin Machinery&amp;Equipment","isPartOf":{"@id":"https:\/\/panwinjet.com\/#website"},"primaryImageOfPage":{"@id":"https:\/\/panwinjet.com\/product\/pipeline-hydro-jet-blasting-cleaning-machine-parts-for-woma-uni-valve-new-model\/#primaryimage"},"image":{"@id":"https:\/\/panwinjet.com\/product\/pipeline-hydro-jet-blasting-cleaning-machine-parts-for-woma-uni-valve-new-model\/#primaryimage"},"thumbnailUrl":"https:\/\/panwinjet.com\/wp-content\/uploads\/2025\/09\/WOMA-2.png","datePublished":"2025-09-20T08:07:27+00:00","breadcrumb":{"@id":"https:\/\/panwinjet.com\/product\/pipeline-hydro-jet-blasting-cleaning-machine-parts-for-woma-uni-valve-new-model\/#breadcrumb"},"inLanguage":"pt-PT","potentialAction":[{"@type":"ReadAction","target":["https:\/\/panwinjet.com\/product\/pipeline-hydro-jet-blasting-cleaning-machine-parts-for-woma-uni-valve-new-model\/"]}]},{"@type":"ImageObject","inLanguage":"pt-PT","@id":"https:\/\/panwinjet.com\/product\/pipeline-hydro-jet-blasting-cleaning-machine-parts-for-woma-uni-valve-new-model\/#primaryimage","url":"https:\/\/panwinjet.com\/wp-content\/uploads\/2025\/09\/WOMA-2.png","contentUrl":"https:\/\/panwinjet.com\/wp-content\/uploads\/2025\/09\/WOMA-2.png","width":571,"height":469},{"@type":"BreadcrumbList","@id":"https:\/\/panwinjet.com\/product\/pipeline-hydro-jet-blasting-cleaning-machine-parts-for-woma-uni-valve-new-model\/#breadcrumb","itemListElement":[{"@type":"ListItem","position":1,"name":"\u9996\u9875","item":"https:\/\/panwinjet.com\/"},{"@type":"ListItem","position":2,"name":"PRODUCT","item":"https:\/\/panwinjet.com\/product\/"},{"@type":"ListItem","position":3,"name":"Pipeline hydro Jet blasting cleaning machine parts for WOMA Uni-Valve New Model"}]},{"@type":"WebSite","@id":"https:\/\/panwinjet.com\/#website","url":"https:\/\/panwinjet.com\/","name":"Panwin Machinery&amp;Equipment","description":"Shenzhen Panwin Machinery&amp;Equipment Co.Ltd","potentialAction":[{"@type":"SearchAction","target":{"@type":"EntryPoint","urlTemplate":"https:\/\/panwinjet.com\/?s={search_term_string}"},"query-input":{"@type":"PropertyValueSpecification","valueRequired":true,"valueName":"search_term_string"}}],"inLanguage":"pt-PT"}]}},"_links":{"self":[{"href":"https:\/\/panwinjet.com\/pt\/wp-json\/wp\/v2\/product\/1129","targetHints":{"allow":["GET"]}}],"collection":[{"href":"https:\/\/panwinjet.com\/pt\/wp-json\/wp\/v2\/product"}],"about":[{"href":"https:\/\/panwinjet.com\/pt\/wp-json\/wp\/v2\/types\/product"}],"wp:featuredmedia":[{"embeddable":true,"href":"https:\/\/panwinjet.com\/pt\/wp-json\/wp\/v2\/media\/1131"}],"wp:attachment":[{"href":"https:\/\/panwinjet.com\/pt\/wp-json\/wp\/v2\/media?parent=1129"}],"wp:term":[{"taxonomy":"product_brand","embeddable":true,"href":"https:\/\/panwinjet.com\/pt\/wp-json\/wp\/v2\/product_brand?post=1129"},{"taxonomy":"product_cat","embeddable":true,"href":"https:\/\/panwinjet.com\/pt\/wp-json\/wp\/v2\/product_cat?post=1129"},{"taxonomy":"product_tag","embeddable":true,"href":"https:\/\/panwinjet.com\/pt\/wp-json\/wp\/v2\/product_tag?post=1129"}],"curies":[{"name":"wp","href":"https:\/\/api.w.org\/{rel}","templated":true}]}}