{"id":1118,"date":"2025-09-20T07:48:52","date_gmt":"2025-09-20T07:48:52","guid":{"rendered":"https:\/\/panwinjet.com\/?post_type=product&#038;p=1118"},"modified":"2025-09-21T13:34:49","modified_gmt":"2025-09-21T13:34:49","slug":"16000psi-pressure-water-blasting-cleaning-machine-parts-tongjie1600kgs-uni-valve","status":"publish","type":"product","link":"https:\/\/panwinjet.com\/pt\/produto\/16000psi-pressure-water-blasting-cleaning-machine-parts-tongjie1600kgs-uni-valve\/","title":{"rendered":"M\u00e1quina de limpeza por jateamento de \u00e1gua pressurizada de 16000 psi, pe\u00e7as Tongjie 1600 kg Uni-Valve"},"content":{"rendered":"<p><strong><b>\u00a0Introdu\u00e7\u00e3o de <\/b><\/strong><strong><b>1<\/b><\/strong><strong><b>6<\/b><\/strong><strong><b>M\u00e1quina de limpeza por jateamento de \u00e1gua pressurizada de 000 psi para pe\u00e7as Tongjie 1600 kg Uni-Valve<\/b><\/strong><\/p>\n<p>Este conjunto de v\u00e1lvula \u00fanica TJ1600Kgs para m\u00e1quina de limpeza por jateamento de \u00e1gua com press\u00e3o de 16000 psi \u00e9 fabricado para uso nas bombas de \u00e1gua de alta press\u00e3o TJ, l\u00edderes e renomadas na China. Para n\u00edveis de press\u00e3o de 16000 psi, esta bomba \u00e9 bem aceita pelos usu\u00e1rios e pelo mercado, e este conjunto de v\u00e1lvula \u00fanica \u00e9 um componente funcionalmente importante para a limpeza por jateamento de \u00e1gua.<\/p>\n<p>&nbsp;<\/p>","protected":false},"excerpt":{"rendered":"<p><strong><b>Par\u00e2metro (Especifica\u00e7\u00e3o) de <\/b><\/strong><strong><b>M\u00e1quina de limpeza por jateamento de \u00e1gua pressurizada de 15000 psi para pe\u00e7as TJ1600Kgs Uni-Valve<\/b><\/strong><\/p>\n<p>Vendemos pe\u00e7as para m\u00e1quina de limpeza por jateamento de \u00e1gua de 16.000 psi. O conjunto de v\u00e1lvulas unidirecional TJ1600KGS \u00e9 fabricado em a\u00e7o inoxid\u00e1vel de alta resist\u00eancia, com acabamento impec\u00e1vel e excelente qualidade. Dur\u00e1vel e confi\u00e1vel, o conjunto de v\u00e1lvulas unidirecional TJ1600KGS para jateamento de \u00e1gua de 16.000 psi \u00e9 essencial.<\/p>\n<p><strong><b>Caracter\u00edsticas e aplica\u00e7\u00f5es de <\/b><\/strong><strong><b>1<\/b><\/strong><strong><b>6<\/b><\/strong><strong><b>M\u00e1quina de limpeza por jateamento de \u00e1gua pressurizada de 000 psi para pe\u00e7as TJ1600Kgs Uni-Valve<\/b><\/strong><\/p>\n<p><strong><b>N\u00f3s vendemos para voc\u00ea o <\/b><\/strong><strong><b>1<\/b><\/strong><strong><b>6<\/b><\/strong><strong><b>M\u00e1quina de limpeza por jateamento de \u00e1gua pressurizada de 000 psi para pe\u00e7as TJ1600Kgs Uni-Valve<\/b><\/strong><strong><b>\u00a0\u00c9 uma bomba de design avan\u00e7ado e esta de 16kpsi <\/b><\/strong><strong><b>Jateamento de \u00e1gua TJ1600Kgs Uni-Valve<\/b><\/strong><strong><b>\u00a0Suas caracter\u00edsticas incluem facilidade de manuten\u00e7\u00e3o, economia de tempo e alto desempenho devido ao seu bom design, que geralmente mencionamos a seguir:<\/b><\/strong><\/p>\n<ul>\n<li>A\u00e7o inoxid\u00e1vel de alta qualidade<\/li>\n<li>T\u00e9cnica Superior<\/li>\n<li>Toler\u00e2ncia de veda\u00e7\u00e3o compacta<\/li>\n<\/ul>","protected":false},"featured_media":1122,"template":"","meta":[],"product_brand":[],"product_cat":[6],"product_tag":[],"class_list":{"0":"post-1118","1":"product","2":"type-product","3":"status-publish","4":"has-post-thumbnail","6":"product_cat-uni-valves-for-uhp-pump","8":"first","9":"instock","10":"shipping-taxable","11":"product-type-simple"},"yoast_head":"<!-- This site is optimized with the Yoast SEO plugin v24.9 - https:\/\/yoast.com\/wordpress\/plugins\/seo\/ -->\n<title>16000psi Pressure Water blasting cleaning machine parts Tongjie1600Kgs Uni-Valve - Panwin Machinery&amp;Equipment<\/title>\n<meta name=\"robots\" content=\"index, follow, max-snippet:-1, max-image-preview:large, max-video-preview:-1\" \/>\n<link rel=\"canonical\" href=\"https:\/\/panwinjet.com\/pt\/produto\/16000psi-pressure-water-blasting-cleaning-machine-parts-tongjie1600kgs-uni-valve\/\" \/>\n<meta property=\"og:locale\" content=\"pt_PT\" \/>\n<meta property=\"og:type\" content=\"article\" \/>\n<meta property=\"og:title\" content=\"16000psi Pressure Water blasting cleaning machine parts Tongjie1600Kgs Uni-Valve - Panwin Machinery&amp;Equipment\" \/>\n<meta property=\"og:description\" content=\"Parameter (Specification) of 15000psi Pressure Water blasting cleaning machine parts TJ1600Kgs Uni-Valve  We sell you 16000psi Pressure Water blasting cleaning machine parts TJ1600Kgs Uni-Valve\u00a0assemblies is made of heavy-duty\u00a0quality stainless steel, senior\u00a0craftsmanship and excellent quality, and 16kpsi Water Blasting TJ1600KGS\u00a0Uni Valve Assemblies is durable and reliable.  Feature And Application of 16000psi Pressure Water blasting cleaning machine parts TJ1600Kgs Uni-Valve  We sell you the 16000psi Pressure Water blasting cleaning machine parts TJ1600Kgs Uni-Valve\u00a0is advanced design pump and this 16kpsi Water blasting TJ1600Kgs Uni-Valve\u00a0is features easy-service, time-saving and high-efficiency performance due to good design, in generally we mentioned as follow:   High-level quality stainless Steel  Superior Technique  Compact Sealing tolerance\" \/>\n<meta property=\"og:url\" content=\"https:\/\/panwinjet.com\/pt\/produto\/16000psi-pressure-water-blasting-cleaning-machine-parts-tongjie1600kgs-uni-valve\/\" \/>\n<meta property=\"og:site_name\" content=\"Panwin Machinery&amp;Equipment\" \/>\n<meta property=\"article:modified_time\" content=\"2025-09-21T13:34:49+00:00\" \/>\n<meta property=\"og:image\" content=\"https:\/\/panwinjet.com\/wp-content\/uploads\/2025\/09\/TJ-Pump-3-2.png\" \/>\n\t<meta property=\"og:image:width\" content=\"1055\" \/>\n\t<meta property=\"og:image:height\" content=\"905\" \/>\n\t<meta property=\"og:image:type\" content=\"image\/png\" \/>\n<meta name=\"twitter:card\" content=\"summary_large_image\" \/>\n<meta name=\"twitter:label1\" content=\"Tempo estimado de leitura\" \/>\n\t<meta name=\"twitter:data1\" content=\"1 minuto\" \/>\n<script type=\"application\/ld+json\" class=\"yoast-schema-graph\">{\"@context\":\"https:\/\/schema.org\",\"@graph\":[{\"@type\":\"WebPage\",\"@id\":\"https:\/\/panwinjet.com\/product\/16000psi-pressure-water-blasting-cleaning-machine-parts-tongjie1600kgs-uni-valve\/\",\"url\":\"https:\/\/panwinjet.com\/product\/16000psi-pressure-water-blasting-cleaning-machine-parts-tongjie1600kgs-uni-valve\/\",\"name\":\"16000psi Pressure Water blasting cleaning machine parts Tongjie1600Kgs Uni-Valve - Panwin Machinery&amp;Equipment\",\"isPartOf\":{\"@id\":\"https:\/\/panwinjet.com\/#website\"},\"primaryImageOfPage\":{\"@id\":\"https:\/\/panwinjet.com\/product\/16000psi-pressure-water-blasting-cleaning-machine-parts-tongjie1600kgs-uni-valve\/#primaryimage\"},\"image\":{\"@id\":\"https:\/\/panwinjet.com\/product\/16000psi-pressure-water-blasting-cleaning-machine-parts-tongjie1600kgs-uni-valve\/#primaryimage\"},\"thumbnailUrl\":\"https:\/\/panwinjet.com\/wp-content\/uploads\/2025\/09\/TJ-Pump-3-2.png\",\"datePublished\":\"2025-09-20T07:48:52+00:00\",\"dateModified\":\"2025-09-21T13:34:49+00:00\",\"breadcrumb\":{\"@id\":\"https:\/\/panwinjet.com\/product\/16000psi-pressure-water-blasting-cleaning-machine-parts-tongjie1600kgs-uni-valve\/#breadcrumb\"},\"inLanguage\":\"pt-PT\",\"potentialAction\":[{\"@type\":\"ReadAction\",\"target\":[\"https:\/\/panwinjet.com\/product\/16000psi-pressure-water-blasting-cleaning-machine-parts-tongjie1600kgs-uni-valve\/\"]}]},{\"@type\":\"ImageObject\",\"inLanguage\":\"pt-PT\",\"@id\":\"https:\/\/panwinjet.com\/product\/16000psi-pressure-water-blasting-cleaning-machine-parts-tongjie1600kgs-uni-valve\/#primaryimage\",\"url\":\"https:\/\/panwinjet.com\/wp-content\/uploads\/2025\/09\/TJ-Pump-3-2.png\",\"contentUrl\":\"https:\/\/panwinjet.com\/wp-content\/uploads\/2025\/09\/TJ-Pump-3-2.png\",\"width\":1055,\"height\":905},{\"@type\":\"BreadcrumbList\",\"@id\":\"https:\/\/panwinjet.com\/product\/16000psi-pressure-water-blasting-cleaning-machine-parts-tongjie1600kgs-uni-valve\/#breadcrumb\",\"itemListElement\":[{\"@type\":\"ListItem\",\"position\":1,\"name\":\"\u9996\u9875\",\"item\":\"https:\/\/panwinjet.com\/\"},{\"@type\":\"ListItem\",\"position\":2,\"name\":\"PRODUCT\",\"item\":\"https:\/\/panwinjet.com\/product\/\"},{\"@type\":\"ListItem\",\"position\":3,\"name\":\"16000psi Pressure Water blasting cleaning machine parts Tongjie1600Kgs Uni-Valve\"}]},{\"@type\":\"WebSite\",\"@id\":\"https:\/\/panwinjet.com\/#website\",\"url\":\"https:\/\/panwinjet.com\/\",\"name\":\"Panwin Machinery&amp;Equipment\",\"description\":\"Shenzhen Panwin Machinery&amp;Equipment Co.Ltd\",\"potentialAction\":[{\"@type\":\"SearchAction\",\"target\":{\"@type\":\"EntryPoint\",\"urlTemplate\":\"https:\/\/panwinjet.com\/?s={search_term_string}\"},\"query-input\":{\"@type\":\"PropertyValueSpecification\",\"valueRequired\":true,\"valueName\":\"search_term_string\"}}],\"inLanguage\":\"pt-PT\"}]}<\/script>\n<!-- \/ Yoast SEO plugin. -->","yoast_head_json":{"title":"16000psi Pressure Water blasting cleaning machine parts Tongjie1600Kgs Uni-Valve - Panwin Machinery&amp;Equipment","robots":{"index":"index","follow":"follow","max-snippet":"max-snippet:-1","max-image-preview":"max-image-preview:large","max-video-preview":"max-video-preview:-1"},"canonical":"https:\/\/panwinjet.com\/pt\/produto\/16000psi-pressure-water-blasting-cleaning-machine-parts-tongjie1600kgs-uni-valve\/","og_locale":"pt_PT","og_type":"article","og_title":"16000psi Pressure Water blasting cleaning machine parts Tongjie1600Kgs Uni-Valve - Panwin Machinery&amp;Equipment","og_description":"Parameter (Specification) of 15000psi Pressure Water blasting cleaning machine parts TJ1600Kgs Uni-Valve  We sell you 16000psi Pressure Water blasting cleaning machine parts TJ1600Kgs Uni-Valve\u00a0assemblies is made of heavy-duty\u00a0quality stainless steel, senior\u00a0craftsmanship and excellent quality, and 16kpsi Water Blasting TJ1600KGS\u00a0Uni Valve Assemblies is durable and reliable.  Feature And Application of 16000psi Pressure Water blasting cleaning machine parts TJ1600Kgs Uni-Valve  We sell you the 16000psi Pressure Water blasting cleaning machine parts TJ1600Kgs Uni-Valve\u00a0is advanced design pump and this 16kpsi Water blasting TJ1600Kgs Uni-Valve\u00a0is features easy-service, time-saving and high-efficiency performance due to good design, in generally we mentioned as follow:   High-level quality stainless Steel  Superior Technique  Compact Sealing tolerance","og_url":"https:\/\/panwinjet.com\/pt\/produto\/16000psi-pressure-water-blasting-cleaning-machine-parts-tongjie1600kgs-uni-valve\/","og_site_name":"Panwin Machinery&amp;Equipment","article_modified_time":"2025-09-21T13:34:49+00:00","og_image":[{"width":1055,"height":905,"url":"https:\/\/panwinjet.com\/wp-content\/uploads\/2025\/09\/TJ-Pump-3-2.png","type":"image\/png"}],"twitter_card":"summary_large_image","twitter_misc":{"Tempo estimado de leitura":"1 minuto"},"schema":{"@context":"https:\/\/schema.org","@graph":[{"@type":"WebPage","@id":"https:\/\/panwinjet.com\/product\/16000psi-pressure-water-blasting-cleaning-machine-parts-tongjie1600kgs-uni-valve\/","url":"https:\/\/panwinjet.com\/product\/16000psi-pressure-water-blasting-cleaning-machine-parts-tongjie1600kgs-uni-valve\/","name":"16000psi Pressure Water blasting cleaning machine parts Tongjie1600Kgs Uni-Valve - Panwin Machinery&amp;Equipment","isPartOf":{"@id":"https:\/\/panwinjet.com\/#website"},"primaryImageOfPage":{"@id":"https:\/\/panwinjet.com\/product\/16000psi-pressure-water-blasting-cleaning-machine-parts-tongjie1600kgs-uni-valve\/#primaryimage"},"image":{"@id":"https:\/\/panwinjet.com\/product\/16000psi-pressure-water-blasting-cleaning-machine-parts-tongjie1600kgs-uni-valve\/#primaryimage"},"thumbnailUrl":"https:\/\/panwinjet.com\/wp-content\/uploads\/2025\/09\/TJ-Pump-3-2.png","datePublished":"2025-09-20T07:48:52+00:00","dateModified":"2025-09-21T13:34:49+00:00","breadcrumb":{"@id":"https:\/\/panwinjet.com\/product\/16000psi-pressure-water-blasting-cleaning-machine-parts-tongjie1600kgs-uni-valve\/#breadcrumb"},"inLanguage":"pt-PT","potentialAction":[{"@type":"ReadAction","target":["https:\/\/panwinjet.com\/product\/16000psi-pressure-water-blasting-cleaning-machine-parts-tongjie1600kgs-uni-valve\/"]}]},{"@type":"ImageObject","inLanguage":"pt-PT","@id":"https:\/\/panwinjet.com\/product\/16000psi-pressure-water-blasting-cleaning-machine-parts-tongjie1600kgs-uni-valve\/#primaryimage","url":"https:\/\/panwinjet.com\/wp-content\/uploads\/2025\/09\/TJ-Pump-3-2.png","contentUrl":"https:\/\/panwinjet.com\/wp-content\/uploads\/2025\/09\/TJ-Pump-3-2.png","width":1055,"height":905},{"@type":"BreadcrumbList","@id":"https:\/\/panwinjet.com\/product\/16000psi-pressure-water-blasting-cleaning-machine-parts-tongjie1600kgs-uni-valve\/#breadcrumb","itemListElement":[{"@type":"ListItem","position":1,"name":"\u9996\u9875","item":"https:\/\/panwinjet.com\/"},{"@type":"ListItem","position":2,"name":"PRODUCT","item":"https:\/\/panwinjet.com\/product\/"},{"@type":"ListItem","position":3,"name":"16000psi Pressure Water blasting cleaning machine parts Tongjie1600Kgs Uni-Valve"}]},{"@type":"WebSite","@id":"https:\/\/panwinjet.com\/#website","url":"https:\/\/panwinjet.com\/","name":"Panwin Machinery&amp;Equipment","description":"Shenzhen Panwin Machinery&amp;Equipment Co.Ltd","potentialAction":[{"@type":"SearchAction","target":{"@type":"EntryPoint","urlTemplate":"https:\/\/panwinjet.com\/?s={search_term_string}"},"query-input":{"@type":"PropertyValueSpecification","valueRequired":true,"valueName":"search_term_string"}}],"inLanguage":"pt-PT"}]}},"_links":{"self":[{"href":"https:\/\/panwinjet.com\/pt\/wp-json\/wp\/v2\/product\/1118","targetHints":{"allow":["GET"]}}],"collection":[{"href":"https:\/\/panwinjet.com\/pt\/wp-json\/wp\/v2\/product"}],"about":[{"href":"https:\/\/panwinjet.com\/pt\/wp-json\/wp\/v2\/types\/product"}],"wp:featuredmedia":[{"embeddable":true,"href":"https:\/\/panwinjet.com\/pt\/wp-json\/wp\/v2\/media\/1122"}],"wp:attachment":[{"href":"https:\/\/panwinjet.com\/pt\/wp-json\/wp\/v2\/media?parent=1118"}],"wp:term":[{"taxonomy":"product_brand","embeddable":true,"href":"https:\/\/panwinjet.com\/pt\/wp-json\/wp\/v2\/product_brand?post=1118"},{"taxonomy":"product_cat","embeddable":true,"href":"https:\/\/panwinjet.com\/pt\/wp-json\/wp\/v2\/product_cat?post=1118"},{"taxonomy":"product_tag","embeddable":true,"href":"https:\/\/panwinjet.com\/pt\/wp-json\/wp\/v2\/product_tag?post=1118"}],"curies":[{"name":"wp","href":"https:\/\/api.w.org\/{rel}","templated":true}]}}