{"id":1109,"date":"2025-09-20T07:38:55","date_gmt":"2025-09-20T07:38:55","guid":{"rendered":"https:\/\/panwinjet.com\/?post_type=product&#038;p=1109"},"modified":"2025-09-20T07:38:56","modified_gmt":"2025-09-20T07:38:56","slug":"hydro-water-blasting-industry-cleaning-machine-parts-tongjie-40k2800-kgs-uni-valve-assemblies","status":"publish","type":"product","link":"https:\/\/panwinjet.com\/pt\/produto\/hydro-water-blasting-industry-cleaning-machine-parts-tongjie-40k2800-kgs-uni-valve-assemblies\/","title":{"rendered":"Conjuntos de v\u00e1lvulas \u00fanicas Tongjie 40K2800 Kgs para limpeza industrial com jato de \u00e1gua de alta press\u00e3o."},"content":{"rendered":"<p>Conjuntos de v\u00e1lvulas \u00fanicas Tongjie 40K2800Kgs para limpeza industrial com hidrojateamento<\/p>\n<p><strong><b>\u00a0Introdu\u00e7\u00e3o de <\/b><\/strong>Conjuntos de v\u00e1lvulas unidirecional TJ 40K2800Kgs para m\u00e1quinas de limpeza industrial com hidrojateamento<\/p>\n<p>Vendemos para voc\u00ea pe\u00e7as de alta qualidade para m\u00e1quinas de limpeza industrial por hidrojateamento, como o conjunto de v\u00e1lvulas unidirecional TJ 40K2800Kgs. Esta v\u00e1lvula unidirecional TJ 40K2800Kgs \u00e9 fabricada pela TJ, uma das principais fabricantes de bombas da China, reconhecida por sua tecnologia de ponta. Com press\u00e3o de 40 kpsi, esta bomba atende plenamente \u00e0 maioria das aplica\u00e7\u00f5es de limpeza por hidrojateamento, como limpeza de superf\u00edcies e tubula\u00e7\u00f5es.<\/p>","protected":false},"excerpt":{"rendered":"<p>Este conjunto de v\u00e1lvulas unidirecional Panwin Hydro para m\u00e1quina de limpeza industrial por jateamento de \u00e1gua TJ 40K2800Kgs \u00e9 fabricado em a\u00e7o inoxid\u00e1vel de alta qualidade, com acabamento superior e excelente qualidade, sendo dur\u00e1vel e confi\u00e1vel.<\/p>\n<p><img decoding=\"async\" class=\"aligncenter size-full wp-image-1116 lazyload\" data-src=\"https:\/\/panwinjet.com\/wp-content\/uploads\/2025\/09\/TJ-Pump-3.png\" alt=\"\" width=\"1055\" height=\"905\" data-srcset=\"https:\/\/panwinjet.com\/wp-content\/uploads\/2025\/09\/TJ-Pump-3.png 1055w, https:\/\/panwinjet.com\/wp-content\/uploads\/2025\/09\/TJ-Pump-3-500x429.png 500w, https:\/\/panwinjet.com\/wp-content\/uploads\/2025\/09\/TJ-Pump-3-300x257.png 300w, https:\/\/panwinjet.com\/wp-content\/uploads\/2025\/09\/TJ-Pump-3-768x659.png 768w, https:\/\/panwinjet.com\/wp-content\/uploads\/2025\/09\/TJ-Pump-3-87x75.png 87w, https:\/\/panwinjet.com\/wp-content\/uploads\/2025\/09\/TJ-Pump-3-480x412.png 480w, https:\/\/panwinjet.com\/wp-content\/uploads\/2025\/09\/TJ-Pump-3-800x686.png 800w\" data-sizes=\"(max-width:767px) 480px, (max-width:1055px) 100vw, 1055px\" src=\"data:image\/svg+xml;base64,PHN2ZyB3aWR0aD0iMSIgaGVpZ2h0PSIxIiB4bWxucz0iaHR0cDovL3d3dy53My5vcmcvMjAwMC9zdmciPjwvc3ZnPg==\" style=\"--smush-placeholder-width: 1055px; --smush-placeholder-aspect-ratio: 1055\/905;\" \/><\/p>\n<p><strong><b>\u00a0Caracter\u00edsticas e aplica\u00e7\u00f5es de <\/b><\/strong>Conjuntos de v\u00e1lvulas unidirecional para limpeza industrial com hidrojateamento TJ 40K2800Kgs<\/p>\n<p>Este conjunto de v\u00e1lvulas unidirecional TJ 40K2800Kgs para m\u00e1quinas de limpeza industrial com hidrojateamento \u00e9 totalmente compat\u00edvel com a bomba TJ de 40kpsi, l\u00edder e renomada na China. Possui caracter\u00edsticas vantajosas em termos de veda\u00e7\u00e3o e destaca-se por tr\u00eas pontos principais:<\/p>\n<ul>\n<li>A\u00e7o inoxid\u00e1vel de alta qualidade<\/li>\n<li>Excelente trabalho artesanal.<\/li>\n<li>Toler\u00e2ncias de veda\u00e7\u00e3o rigorosas<\/li>\n<\/ul>","protected":false},"featured_media":1115,"template":"","meta":[],"product_brand":[],"product_cat":[6],"product_tag":[],"class_list":{"0":"post-1109","1":"product","2":"type-product","3":"status-publish","4":"has-post-thumbnail","6":"product_cat-uni-valves-for-uhp-pump","8":"first","9":"instock","10":"shipping-taxable","11":"product-type-simple"},"yoast_head":"<!-- This site is optimized with the Yoast SEO plugin v24.9 - https:\/\/yoast.com\/wordpress\/plugins\/seo\/ -->\n<title>Hydro water blasting Industry cleaning machine parts Tongjie 40K2800 Kgs Uni-Valve Assemblies - Panwin Machinery&amp;Equipment<\/title>\n<meta name=\"robots\" content=\"index, follow, max-snippet:-1, max-image-preview:large, max-video-preview:-1\" \/>\n<link rel=\"canonical\" href=\"https:\/\/panwinjet.com\/pt\/produto\/hydro-water-blasting-industry-cleaning-machine-parts-tongjie-40k2800-kgs-uni-valve-assemblies\/\" \/>\n<meta property=\"og:locale\" content=\"pt_PT\" \/>\n<meta property=\"og:type\" content=\"article\" \/>\n<meta property=\"og:title\" content=\"Hydro water blasting Industry cleaning machine parts Tongjie 40K2800 Kgs Uni-Valve Assemblies - Panwin Machinery&amp;Equipment\" \/>\n<meta property=\"og:description\" content=\"This Panwin Hydro water blasting Industry cleaning machine parts TJ 40K2800Kgs Uni-Valve assemblies is made of High-classed quality stainless steel, superior craftsmanship and excellent quality, and this Uni Valve is durable and reliable.    \u00a0Feature And Application of Hydro water blasting Industry cleaning machine parts TJ 40K2800Kgs Uni-ValveAssemblies  This Hydro\u00a0water blasting Industry cleaning machine parts TJ 40K2800Kgs Uni-Valve\u00a0Assemblies is totally compatible with the China leading and famous pump TJ for 40kpsi Pump, it has advantage features in sealing manufactures, and we features 3 major points:   High-grade quality stainless Steel  Excellent craftsmanship  Tight seal tolerances\" \/>\n<meta property=\"og:url\" content=\"https:\/\/panwinjet.com\/pt\/produto\/hydro-water-blasting-industry-cleaning-machine-parts-tongjie-40k2800-kgs-uni-valve-assemblies\/\" \/>\n<meta property=\"og:site_name\" content=\"Panwin Machinery&amp;Equipment\" \/>\n<meta property=\"article:modified_time\" content=\"2025-09-20T07:38:56+00:00\" \/>\n<meta property=\"og:image\" content=\"https:\/\/panwinjet.com\/wp-content\/uploads\/2025\/09\/TJ-40K-Uni-Valve-6-scaled.jpg\" \/>\n\t<meta property=\"og:image:width\" content=\"1920\" \/>\n\t<meta property=\"og:image:height\" content=\"2560\" \/>\n\t<meta property=\"og:image:type\" content=\"image\/jpeg\" \/>\n<meta name=\"twitter:card\" content=\"summary_large_image\" \/>\n<meta name=\"twitter:label1\" content=\"Tempo estimado de leitura\" \/>\n\t<meta name=\"twitter:data1\" content=\"1 minuto\" \/>\n<script type=\"application\/ld+json\" class=\"yoast-schema-graph\">{\"@context\":\"https:\/\/schema.org\",\"@graph\":[{\"@type\":\"WebPage\",\"@id\":\"https:\/\/panwinjet.com\/product\/hydro-water-blasting-industry-cleaning-machine-parts-tongjie-40k2800-kgs-uni-valve-assemblies\/\",\"url\":\"https:\/\/panwinjet.com\/product\/hydro-water-blasting-industry-cleaning-machine-parts-tongjie-40k2800-kgs-uni-valve-assemblies\/\",\"name\":\"Hydro water blasting Industry cleaning machine parts Tongjie 40K2800 Kgs Uni-Valve Assemblies - Panwin Machinery&amp;Equipment\",\"isPartOf\":{\"@id\":\"https:\/\/panwinjet.com\/#website\"},\"primaryImageOfPage\":{\"@id\":\"https:\/\/panwinjet.com\/product\/hydro-water-blasting-industry-cleaning-machine-parts-tongjie-40k2800-kgs-uni-valve-assemblies\/#primaryimage\"},\"image\":{\"@id\":\"https:\/\/panwinjet.com\/product\/hydro-water-blasting-industry-cleaning-machine-parts-tongjie-40k2800-kgs-uni-valve-assemblies\/#primaryimage\"},\"thumbnailUrl\":\"https:\/\/panwinjet.com\/wp-content\/uploads\/2025\/09\/TJ-40K-Uni-Valve-6-scaled.jpg\",\"datePublished\":\"2025-09-20T07:38:55+00:00\",\"dateModified\":\"2025-09-20T07:38:56+00:00\",\"breadcrumb\":{\"@id\":\"https:\/\/panwinjet.com\/product\/hydro-water-blasting-industry-cleaning-machine-parts-tongjie-40k2800-kgs-uni-valve-assemblies\/#breadcrumb\"},\"inLanguage\":\"pt-PT\",\"potentialAction\":[{\"@type\":\"ReadAction\",\"target\":[\"https:\/\/panwinjet.com\/product\/hydro-water-blasting-industry-cleaning-machine-parts-tongjie-40k2800-kgs-uni-valve-assemblies\/\"]}]},{\"@type\":\"ImageObject\",\"inLanguage\":\"pt-PT\",\"@id\":\"https:\/\/panwinjet.com\/product\/hydro-water-blasting-industry-cleaning-machine-parts-tongjie-40k2800-kgs-uni-valve-assemblies\/#primaryimage\",\"url\":\"https:\/\/panwinjet.com\/wp-content\/uploads\/2025\/09\/TJ-40K-Uni-Valve-6-scaled.jpg\",\"contentUrl\":\"https:\/\/panwinjet.com\/wp-content\/uploads\/2025\/09\/TJ-40K-Uni-Valve-6-scaled.jpg\",\"width\":1920,\"height\":2560},{\"@type\":\"BreadcrumbList\",\"@id\":\"https:\/\/panwinjet.com\/product\/hydro-water-blasting-industry-cleaning-machine-parts-tongjie-40k2800-kgs-uni-valve-assemblies\/#breadcrumb\",\"itemListElement\":[{\"@type\":\"ListItem\",\"position\":1,\"name\":\"\u9996\u9875\",\"item\":\"https:\/\/panwinjet.com\/\"},{\"@type\":\"ListItem\",\"position\":2,\"name\":\"PRODUCT\",\"item\":\"https:\/\/panwinjet.com\/product\/\"},{\"@type\":\"ListItem\",\"position\":3,\"name\":\"Hydro water blasting Industry cleaning machine parts Tongjie 40K2800 Kgs Uni-Valve Assemblies\"}]},{\"@type\":\"WebSite\",\"@id\":\"https:\/\/panwinjet.com\/#website\",\"url\":\"https:\/\/panwinjet.com\/\",\"name\":\"Panwin Machinery&amp;Equipment\",\"description\":\"Shenzhen Panwin Machinery&amp;Equipment Co.Ltd\",\"potentialAction\":[{\"@type\":\"SearchAction\",\"target\":{\"@type\":\"EntryPoint\",\"urlTemplate\":\"https:\/\/panwinjet.com\/?s={search_term_string}\"},\"query-input\":{\"@type\":\"PropertyValueSpecification\",\"valueRequired\":true,\"valueName\":\"search_term_string\"}}],\"inLanguage\":\"pt-PT\"}]}<\/script>\n<!-- \/ Yoast SEO plugin. -->","yoast_head_json":{"title":"Hydro water blasting Industry cleaning machine parts Tongjie 40K2800 Kgs Uni-Valve Assemblies - Panwin Machinery&amp;Equipment","robots":{"index":"index","follow":"follow","max-snippet":"max-snippet:-1","max-image-preview":"max-image-preview:large","max-video-preview":"max-video-preview:-1"},"canonical":"https:\/\/panwinjet.com\/pt\/produto\/hydro-water-blasting-industry-cleaning-machine-parts-tongjie-40k2800-kgs-uni-valve-assemblies\/","og_locale":"pt_PT","og_type":"article","og_title":"Hydro water blasting Industry cleaning machine parts Tongjie 40K2800 Kgs Uni-Valve Assemblies - Panwin Machinery&amp;Equipment","og_description":"This Panwin Hydro water blasting Industry cleaning machine parts TJ 40K2800Kgs Uni-Valve assemblies is made of High-classed quality stainless steel, superior craftsmanship and excellent quality, and this Uni Valve is durable and reliable.    \u00a0Feature And Application of Hydro water blasting Industry cleaning machine parts TJ 40K2800Kgs Uni-ValveAssemblies  This Hydro\u00a0water blasting Industry cleaning machine parts TJ 40K2800Kgs Uni-Valve\u00a0Assemblies is totally compatible with the China leading and famous pump TJ for 40kpsi Pump, it has advantage features in sealing manufactures, and we features 3 major points:   High-grade quality stainless Steel  Excellent craftsmanship  Tight seal tolerances","og_url":"https:\/\/panwinjet.com\/pt\/produto\/hydro-water-blasting-industry-cleaning-machine-parts-tongjie-40k2800-kgs-uni-valve-assemblies\/","og_site_name":"Panwin Machinery&amp;Equipment","article_modified_time":"2025-09-20T07:38:56+00:00","og_image":[{"width":1920,"height":2560,"url":"https:\/\/panwinjet.com\/wp-content\/uploads\/2025\/09\/TJ-40K-Uni-Valve-6-scaled.jpg","type":"image\/jpeg"}],"twitter_card":"summary_large_image","twitter_misc":{"Tempo estimado de leitura":"1 minuto"},"schema":{"@context":"https:\/\/schema.org","@graph":[{"@type":"WebPage","@id":"https:\/\/panwinjet.com\/product\/hydro-water-blasting-industry-cleaning-machine-parts-tongjie-40k2800-kgs-uni-valve-assemblies\/","url":"https:\/\/panwinjet.com\/product\/hydro-water-blasting-industry-cleaning-machine-parts-tongjie-40k2800-kgs-uni-valve-assemblies\/","name":"Hydro water blasting Industry cleaning machine parts Tongjie 40K2800 Kgs Uni-Valve Assemblies - Panwin Machinery&amp;Equipment","isPartOf":{"@id":"https:\/\/panwinjet.com\/#website"},"primaryImageOfPage":{"@id":"https:\/\/panwinjet.com\/product\/hydro-water-blasting-industry-cleaning-machine-parts-tongjie-40k2800-kgs-uni-valve-assemblies\/#primaryimage"},"image":{"@id":"https:\/\/panwinjet.com\/product\/hydro-water-blasting-industry-cleaning-machine-parts-tongjie-40k2800-kgs-uni-valve-assemblies\/#primaryimage"},"thumbnailUrl":"https:\/\/panwinjet.com\/wp-content\/uploads\/2025\/09\/TJ-40K-Uni-Valve-6-scaled.jpg","datePublished":"2025-09-20T07:38:55+00:00","dateModified":"2025-09-20T07:38:56+00:00","breadcrumb":{"@id":"https:\/\/panwinjet.com\/product\/hydro-water-blasting-industry-cleaning-machine-parts-tongjie-40k2800-kgs-uni-valve-assemblies\/#breadcrumb"},"inLanguage":"pt-PT","potentialAction":[{"@type":"ReadAction","target":["https:\/\/panwinjet.com\/product\/hydro-water-blasting-industry-cleaning-machine-parts-tongjie-40k2800-kgs-uni-valve-assemblies\/"]}]},{"@type":"ImageObject","inLanguage":"pt-PT","@id":"https:\/\/panwinjet.com\/product\/hydro-water-blasting-industry-cleaning-machine-parts-tongjie-40k2800-kgs-uni-valve-assemblies\/#primaryimage","url":"https:\/\/panwinjet.com\/wp-content\/uploads\/2025\/09\/TJ-40K-Uni-Valve-6-scaled.jpg","contentUrl":"https:\/\/panwinjet.com\/wp-content\/uploads\/2025\/09\/TJ-40K-Uni-Valve-6-scaled.jpg","width":1920,"height":2560},{"@type":"BreadcrumbList","@id":"https:\/\/panwinjet.com\/product\/hydro-water-blasting-industry-cleaning-machine-parts-tongjie-40k2800-kgs-uni-valve-assemblies\/#breadcrumb","itemListElement":[{"@type":"ListItem","position":1,"name":"\u9996\u9875","item":"https:\/\/panwinjet.com\/"},{"@type":"ListItem","position":2,"name":"PRODUCT","item":"https:\/\/panwinjet.com\/product\/"},{"@type":"ListItem","position":3,"name":"Hydro water blasting Industry cleaning machine parts Tongjie 40K2800 Kgs Uni-Valve Assemblies"}]},{"@type":"WebSite","@id":"https:\/\/panwinjet.com\/#website","url":"https:\/\/panwinjet.com\/","name":"Panwin Machinery&amp;Equipment","description":"Shenzhen Panwin Machinery&amp;Equipment Co.Ltd","potentialAction":[{"@type":"SearchAction","target":{"@type":"EntryPoint","urlTemplate":"https:\/\/panwinjet.com\/?s={search_term_string}"},"query-input":{"@type":"PropertyValueSpecification","valueRequired":true,"valueName":"search_term_string"}}],"inLanguage":"pt-PT"}]}},"_links":{"self":[{"href":"https:\/\/panwinjet.com\/pt\/wp-json\/wp\/v2\/product\/1109","targetHints":{"allow":["GET"]}}],"collection":[{"href":"https:\/\/panwinjet.com\/pt\/wp-json\/wp\/v2\/product"}],"about":[{"href":"https:\/\/panwinjet.com\/pt\/wp-json\/wp\/v2\/types\/product"}],"wp:featuredmedia":[{"embeddable":true,"href":"https:\/\/panwinjet.com\/pt\/wp-json\/wp\/v2\/media\/1115"}],"wp:attachment":[{"href":"https:\/\/panwinjet.com\/pt\/wp-json\/wp\/v2\/media?parent=1109"}],"wp:term":[{"taxonomy":"product_brand","embeddable":true,"href":"https:\/\/panwinjet.com\/pt\/wp-json\/wp\/v2\/product_brand?post=1109"},{"taxonomy":"product_cat","embeddable":true,"href":"https:\/\/panwinjet.com\/pt\/wp-json\/wp\/v2\/product_cat?post=1109"},{"taxonomy":"product_tag","embeddable":true,"href":"https:\/\/panwinjet.com\/pt\/wp-json\/wp\/v2\/product_tag?post=1109"}],"curies":[{"name":"wp","href":"https:\/\/api.w.org\/{rel}","templated":true}]}}