{"id":1087,"date":"2025-09-20T07:03:29","date_gmt":"2025-09-20T07:03:29","guid":{"rendered":"https:\/\/panwinjet.com\/?post_type=product&#038;p=1087"},"modified":"2025-09-20T07:03:29","modified_gmt":"2025-09-20T07:03:29","slug":"22kpis-1500bar-barracuda-rotary-nozzles-2-insert-nozzles","status":"publish","type":"product","link":"https:\/\/panwinjet.com\/pt\/produto\/22kpis-1500bar-barracuda-rotary-nozzles-2-insert-nozzles\/","title":{"rendered":"Bicos rotativos Barracuda 22Kpis 1500Bar com 2 bicos de inser\u00e7\u00e3o"},"content":{"rendered":"<p><b><\/b><strong><b>Introdu\u00e7\u00e3o de <\/b><\/strong><strong><b>Bicos rotativos Barracuda 22K 1500Bar com 2 insertos<\/b><\/strong><\/p>\n<p>Este bico rotativo Barracuda 22K 1500Bar com 2 bicos de inser\u00e7\u00e3o \u00e9 o mais avan\u00e7ado do mercado para pulveriza\u00e7\u00e3o rotativa com controle de velocidade, aprimorado com o sistema de pulveriza\u00e7\u00e3o estilo BC. \u00c9 um equipamento de alto desempenho, vers\u00e1til e de f\u00e1cil manuten\u00e7\u00e3o, excelente para pulveriza\u00e7\u00e3o em diversas condi\u00e7\u00f5es e opera\u00e7\u00f5es.<\/p>\n<p><b><\/b><strong><b>\u00a0Par\u00e2metro (Especifica\u00e7\u00e3o) de <\/b><\/strong><strong><b>Bicos rotativos Barracuda 22K 1500Bar com 2 insertos<\/b><\/strong><\/p>\n<p>O<strong><b>Bicos rotativos Barracuda 22K 1500Bar com 2 insertos<\/b><\/strong><\/p>\n<div style=\"width: 1220px;\" class=\"wp-video\"><video class=\"wp-video-shortcode\" id=\"video-1087-1\" width=\"1220\" height=\"536\" preload=\"metadata\" controls=\"controls\"><source type=\"video\/mp4\" src=\"https:\/\/panwinjet.com\/wp-content\/uploads\/2025\/09\/1500Bar-UHP-barracuda-Self-Rotary-Nozzles-Demon.mp4?_=1\" \/><a href=\"https:\/\/panwinjet.com\/wp-content\/uploads\/2025\/09\/1500Bar-UHP-barracuda-Self-Rotary-Nozzles-Demon.mp4\">https:\/\/panwinjet.com\/wp-content\/uploads\/2025\/09\/1500Bar-UHP-barracuda-Self-Rotary-Nozzles-Demon.mp4<\/a><\/video><\/div>\n<p><b><\/b>\u00c9 muito leve, com apenas cerca de 1,45 kg, e a press\u00e3o aplicada varia de 0 a 22 kpsi, o que equivale a 1500 bar. \u00c9 uma ferramenta afiada para qualquer superf\u00edcie irregular e condi\u00e7\u00e3o de trabalho dif\u00edcil.<\/p>","protected":false},"excerpt":{"rendered":"<p><b><\/b><strong><b>Caracter\u00edsticas e aplica\u00e7\u00f5es de <\/b><\/strong><strong><b>Bicos rotativos Barracuda 22K 1500Bar com 2 insertos<\/b><\/strong><\/p>\n<p>Este bico de jateamento de alta press\u00e3o com cabe\u00e7a auto-rotativa oferece grande versatilidade para controle de velocidade e \u00e9 adapt\u00e1vel a uma ampla faixa de press\u00e3o.<\/p>\n<p>E apresentado da seguinte forma:<\/p>\n<p>1: N\u00e3o \u00e9 necess\u00e1rio ar comprimido para fazer o motor rotativo funcionar.<\/p>\n<p>2: Press\u00e3o e velocidade control\u00e1veis para tarefas vers\u00e1teis<\/p>\n<p>3: F\u00e1cil manuten\u00e7\u00e3o e substitui\u00e7\u00e3o r\u00e1pida.<\/p>\n<p>4: Leve e de alta efici\u00eancia<\/p>\n<p>5. A estrutura compacta e simples torna este produto ideal. <strong><b>Bicos rotativos Barracuda 22K 1500Bar com 2 insertos<\/b><\/strong><strong><b>De f\u00e1cil manuten\u00e7\u00e3o, \u00e9 a primeira escolha para a limpeza de estaleiros em tarefas urgentes e que economizam tempo.<\/b><\/strong><\/p>\n<p><strong><b>Como voc\u00ea pode ver no desenho detalhado.<\/b><\/strong><\/p>\n<p><strong><b> <img decoding=\"async\" class=\"aligncenter size-full wp-image-1093 lazyload\" data-src=\"https:\/\/panwinjet.com\/wp-content\/uploads\/2025\/09\/\u68ad\u9c7c\u55b7\u5934\u7206\u70b8\u56fe-1.jpg\" alt=\"\" width=\"1000\" height=\"700\" data-srcset=\"https:\/\/panwinjet.com\/wp-content\/uploads\/2025\/09\/\u68ad\u9c7c\u55b7\u5934\u7206\u70b8\u56fe-1.jpg 1000w, https:\/\/panwinjet.com\/wp-content\/uploads\/2025\/09\/\u68ad\u9c7c\u55b7\u5934\u7206\u70b8\u56fe-1-500x350.jpg 500w, https:\/\/panwinjet.com\/wp-content\/uploads\/2025\/09\/\u68ad\u9c7c\u55b7\u5934\u7206\u70b8\u56fe-1-300x210.jpg 300w, https:\/\/panwinjet.com\/wp-content\/uploads\/2025\/09\/\u68ad\u9c7c\u55b7\u5934\u7206\u70b8\u56fe-1-768x538.jpg 768w, https:\/\/panwinjet.com\/wp-content\/uploads\/2025\/09\/\u68ad\u9c7c\u55b7\u5934\u7206\u70b8\u56fe-1-107x75.jpg 107w, https:\/\/panwinjet.com\/wp-content\/uploads\/2025\/09\/\u68ad\u9c7c\u55b7\u5934\u7206\u70b8\u56fe-1-480x336.jpg 480w, https:\/\/panwinjet.com\/wp-content\/uploads\/2025\/09\/\u68ad\u9c7c\u55b7\u5934\u7206\u70b8\u56fe-1-800x560.jpg 800w\" data-sizes=\"(max-width:767px) 480px, (max-width:1000px) 100vw, 1000px\" src=\"data:image\/svg+xml;base64,PHN2ZyB3aWR0aD0iMSIgaGVpZ2h0PSIxIiB4bWxucz0iaHR0cDovL3d3dy53My5vcmcvMjAwMC9zdmciPjwvc3ZnPg==\" style=\"--smush-placeholder-width: 1000px; --smush-placeholder-aspect-ratio: 1000\/700;\" \/><br \/>\n<\/b><\/strong><\/p>\n<p>&nbsp;<\/p>\n<p>&nbsp;<\/p>\n<p>&nbsp;<\/p>\n<p>&nbsp;<\/p>\n<p><strong><b>Aplicativo:<\/b><\/strong><\/p>\n<p>N\u00f3s, da Panwin, fornecemos a voc\u00ea o <strong><b>Bicos rotativos Barracuda 22K 1500Bar com 2 insertos<\/b><\/strong><strong><b>\u00a0<\/b><\/strong>Com pre\u00e7o razo\u00e1vel, e pode ser aplicado em <strong><b>Aplicativo:<\/b><\/strong><\/p>\n<p>Pe\u00e7as para equipamentos de limpeza com bomba de pist\u00e3o triplex UHP 3000Bar, Rob\u00f4 para prepara\u00e7\u00e3o de superf\u00edcie em estaleiros para barra de pulveriza\u00e7\u00e3o Hammelmann<\/p>\n<p>Jateamento a jato de \u00e1gua para a ind\u00fastria de ferro, a\u00e7o e metal<\/p>\n<p>Jateadora de \u00e1gua de alta press\u00e3o - Engenharia Mec\u00e2nica e de Aparelhos<\/p>\n<p>Ind\u00fastria de cimento e concreto<\/p>\n<p>Barracuda de alta press\u00e3o para limpeza de superf\u00edcies<\/p>\n<p>Pe\u00e7as para equipamentos de limpeza UHP Hydro Jet<\/p>\n<p>Barras de pulveriza\u00e7\u00e3o para limpeza industrial<\/p>","protected":false},"featured_media":1091,"template":"","meta":[],"product_brand":[],"product_cat":[5],"product_tag":[17],"class_list":{"0":"post-1087","1":"product","2":"type-product","3":"status-publish","4":"has-post-thumbnail","6":"product_cat-uhp-rotating-nozzles","7":"product_tag-1500bar-ship-surface-cleaining-tool","9":"first","10":"instock","11":"shipping-taxable","12":"product-type-simple"},"yoast_head":"<!-- This site is optimized with the Yoast SEO plugin v24.9 - https:\/\/yoast.com\/wordpress\/plugins\/seo\/ -->\n<title>22Kpis 1500Bar Barracuda Rotary Nozzles 2 Insert Nozzles - Panwin Machinery&amp;Equipment<\/title>\n<meta name=\"robots\" content=\"index, follow, max-snippet:-1, max-image-preview:large, max-video-preview:-1\" \/>\n<link rel=\"canonical\" href=\"https:\/\/panwinjet.com\/pt\/produto\/22kpis-1500bar-barracuda-rotary-nozzles-2-insert-nozzles\/\" \/>\n<meta property=\"og:locale\" content=\"pt_PT\" \/>\n<meta property=\"og:type\" content=\"article\" \/>\n<meta property=\"og:title\" content=\"22Kpis 1500Bar Barracuda Rotary Nozzles 2 Insert Nozzles - Panwin Machinery&amp;Equipment\" \/>\n<meta property=\"og:description\" content=\"Feature And Application of 22K 1500Bar Barracuda Rotary Nozzles 2 Insert Nozzles  This High Pressure Hydro Jet Blasting Self-Rotary Head Nozzles featured \u00a0high-versatility for controllable speed, and it is adaptable for wide range pressure.  And featured as follows:  1:No Compressed air need to make the rotary  2:Controllable pressure&amp;speed for versatile task  3:Easy for service and quick replacement  4:Light weight and high-efficiency  5.Compact and simple Structure make this 22K 1500Bar Barracuda Rotary Nozzles 2 Insert Nozzleseasy to service, it is the first choice for the Shipyard Cleaning for the urgent and time-saving Task.  As you can see the breakdown drawing.      &nbsp;  &nbsp;  &nbsp;  &nbsp;  Application:  We Panwin supply you the 22K 1500Bar Barracuda Rotary Nozzles 2 Insert Nozzles\u00a0with reasonable price, and it can be applied in Application:  UHP 3000Bar UHP triplex plunger pump cleaning equipment parts Shipyard Surface preparation Robot for \u00a0Hammelmann Spraying Bar  Hydro Jet blaster Iron, Steel And Metal Industry  high pressure waterblaster\u00a0Mechanical\u00a0and Apparatus Engineering  Cements and Concrete Industry  high pressure barracuda\u00a0Surface cleaning  UHP hydro Jet cleaning equipment parts  Industrial Cleaning Spray Bars\" \/>\n<meta property=\"og:url\" content=\"https:\/\/panwinjet.com\/pt\/produto\/22kpis-1500bar-barracuda-rotary-nozzles-2-insert-nozzles\/\" \/>\n<meta property=\"og:site_name\" content=\"Panwin Machinery&amp;Equipment\" \/>\n<meta property=\"og:image\" content=\"https:\/\/panwinjet.com\/wp-content\/uploads\/2025\/09\/Air-Gun.jpg\" \/>\n\t<meta property=\"og:image:width\" content=\"1280\" \/>\n\t<meta property=\"og:image:height\" content=\"1706\" \/>\n\t<meta property=\"og:image:type\" content=\"image\/jpeg\" \/>\n<meta name=\"twitter:card\" content=\"summary_large_image\" \/>\n<meta name=\"twitter:label1\" content=\"Tempo estimado de leitura\" \/>\n\t<meta name=\"twitter:data1\" content=\"1 minuto\" \/>\n<script type=\"application\/ld+json\" class=\"yoast-schema-graph\">{\"@context\":\"https:\/\/schema.org\",\"@graph\":[{\"@type\":\"WebPage\",\"@id\":\"https:\/\/panwinjet.com\/product\/22kpis-1500bar-barracuda-rotary-nozzles-2-insert-nozzles\/\",\"url\":\"https:\/\/panwinjet.com\/product\/22kpis-1500bar-barracuda-rotary-nozzles-2-insert-nozzles\/\",\"name\":\"22Kpis 1500Bar Barracuda Rotary Nozzles 2 Insert Nozzles - Panwin Machinery&amp;Equipment\",\"isPartOf\":{\"@id\":\"https:\/\/panwinjet.com\/#website\"},\"primaryImageOfPage\":{\"@id\":\"https:\/\/panwinjet.com\/product\/22kpis-1500bar-barracuda-rotary-nozzles-2-insert-nozzles\/#primaryimage\"},\"image\":{\"@id\":\"https:\/\/panwinjet.com\/product\/22kpis-1500bar-barracuda-rotary-nozzles-2-insert-nozzles\/#primaryimage\"},\"thumbnailUrl\":\"https:\/\/panwinjet.com\/wp-content\/uploads\/2025\/09\/Air-Gun.jpg\",\"datePublished\":\"2025-09-20T07:03:29+00:00\",\"breadcrumb\":{\"@id\":\"https:\/\/panwinjet.com\/product\/22kpis-1500bar-barracuda-rotary-nozzles-2-insert-nozzles\/#breadcrumb\"},\"inLanguage\":\"pt-PT\",\"potentialAction\":[{\"@type\":\"ReadAction\",\"target\":[\"https:\/\/panwinjet.com\/product\/22kpis-1500bar-barracuda-rotary-nozzles-2-insert-nozzles\/\"]}]},{\"@type\":\"ImageObject\",\"inLanguage\":\"pt-PT\",\"@id\":\"https:\/\/panwinjet.com\/product\/22kpis-1500bar-barracuda-rotary-nozzles-2-insert-nozzles\/#primaryimage\",\"url\":\"https:\/\/panwinjet.com\/wp-content\/uploads\/2025\/09\/Air-Gun.jpg\",\"contentUrl\":\"https:\/\/panwinjet.com\/wp-content\/uploads\/2025\/09\/Air-Gun.jpg\",\"width\":1280,\"height\":1706},{\"@type\":\"BreadcrumbList\",\"@id\":\"https:\/\/panwinjet.com\/product\/22kpis-1500bar-barracuda-rotary-nozzles-2-insert-nozzles\/#breadcrumb\",\"itemListElement\":[{\"@type\":\"ListItem\",\"position\":1,\"name\":\"\u9996\u9875\",\"item\":\"https:\/\/panwinjet.com\/\"},{\"@type\":\"ListItem\",\"position\":2,\"name\":\"PRODUCT\",\"item\":\"https:\/\/panwinjet.com\/product\/\"},{\"@type\":\"ListItem\",\"position\":3,\"name\":\"22Kpis 1500Bar Barracuda Rotary Nozzles 2 Insert Nozzles\"}]},{\"@type\":\"WebSite\",\"@id\":\"https:\/\/panwinjet.com\/#website\",\"url\":\"https:\/\/panwinjet.com\/\",\"name\":\"Panwin Machinery&amp;Equipment\",\"description\":\"Shenzhen Panwin Machinery&amp;Equipment Co.Ltd\",\"potentialAction\":[{\"@type\":\"SearchAction\",\"target\":{\"@type\":\"EntryPoint\",\"urlTemplate\":\"https:\/\/panwinjet.com\/?s={search_term_string}\"},\"query-input\":{\"@type\":\"PropertyValueSpecification\",\"valueRequired\":true,\"valueName\":\"search_term_string\"}}],\"inLanguage\":\"pt-PT\"}]}<\/script>\n<!-- \/ Yoast SEO plugin. -->","yoast_head_json":{"title":"22Kpis 1500Bar Barracuda Rotary Nozzles 2 Insert Nozzles - Panwin Machinery&amp;Equipment","robots":{"index":"index","follow":"follow","max-snippet":"max-snippet:-1","max-image-preview":"max-image-preview:large","max-video-preview":"max-video-preview:-1"},"canonical":"https:\/\/panwinjet.com\/pt\/produto\/22kpis-1500bar-barracuda-rotary-nozzles-2-insert-nozzles\/","og_locale":"pt_PT","og_type":"article","og_title":"22Kpis 1500Bar Barracuda Rotary Nozzles 2 Insert Nozzles - Panwin Machinery&amp;Equipment","og_description":"Feature And Application of 22K 1500Bar Barracuda Rotary Nozzles 2 Insert Nozzles  This High Pressure Hydro Jet Blasting Self-Rotary Head Nozzles featured \u00a0high-versatility for controllable speed, and it is adaptable for wide range pressure.  And featured as follows:  1:No Compressed air need to make the rotary  2:Controllable pressure&amp;speed for versatile task  3:Easy for service and quick replacement  4:Light weight and high-efficiency  5.Compact and simple Structure make this 22K 1500Bar Barracuda Rotary Nozzles 2 Insert Nozzleseasy to service, it is the first choice for the Shipyard Cleaning for the urgent and time-saving Task.  As you can see the breakdown drawing.      &nbsp;  &nbsp;  &nbsp;  &nbsp;  Application:  We Panwin supply you the 22K 1500Bar Barracuda Rotary Nozzles 2 Insert Nozzles\u00a0with reasonable price, and it can be applied in Application:  UHP 3000Bar UHP triplex plunger pump cleaning equipment parts Shipyard Surface preparation Robot for \u00a0Hammelmann Spraying Bar  Hydro Jet blaster Iron, Steel And Metal Industry  high pressure waterblaster\u00a0Mechanical\u00a0and Apparatus Engineering  Cements and Concrete Industry  high pressure barracuda\u00a0Surface cleaning  UHP hydro Jet cleaning equipment parts  Industrial Cleaning Spray Bars","og_url":"https:\/\/panwinjet.com\/pt\/produto\/22kpis-1500bar-barracuda-rotary-nozzles-2-insert-nozzles\/","og_site_name":"Panwin Machinery&amp;Equipment","og_image":[{"width":1280,"height":1706,"url":"https:\/\/panwinjet.com\/wp-content\/uploads\/2025\/09\/Air-Gun.jpg","type":"image\/jpeg"}],"twitter_card":"summary_large_image","twitter_misc":{"Tempo estimado de leitura":"1 minuto"},"schema":{"@context":"https:\/\/schema.org","@graph":[{"@type":"WebPage","@id":"https:\/\/panwinjet.com\/product\/22kpis-1500bar-barracuda-rotary-nozzles-2-insert-nozzles\/","url":"https:\/\/panwinjet.com\/product\/22kpis-1500bar-barracuda-rotary-nozzles-2-insert-nozzles\/","name":"22Kpis 1500Bar Barracuda Rotary Nozzles 2 Insert Nozzles - Panwin Machinery&amp;Equipment","isPartOf":{"@id":"https:\/\/panwinjet.com\/#website"},"primaryImageOfPage":{"@id":"https:\/\/panwinjet.com\/product\/22kpis-1500bar-barracuda-rotary-nozzles-2-insert-nozzles\/#primaryimage"},"image":{"@id":"https:\/\/panwinjet.com\/product\/22kpis-1500bar-barracuda-rotary-nozzles-2-insert-nozzles\/#primaryimage"},"thumbnailUrl":"https:\/\/panwinjet.com\/wp-content\/uploads\/2025\/09\/Air-Gun.jpg","datePublished":"2025-09-20T07:03:29+00:00","breadcrumb":{"@id":"https:\/\/panwinjet.com\/product\/22kpis-1500bar-barracuda-rotary-nozzles-2-insert-nozzles\/#breadcrumb"},"inLanguage":"pt-PT","potentialAction":[{"@type":"ReadAction","target":["https:\/\/panwinjet.com\/product\/22kpis-1500bar-barracuda-rotary-nozzles-2-insert-nozzles\/"]}]},{"@type":"ImageObject","inLanguage":"pt-PT","@id":"https:\/\/panwinjet.com\/product\/22kpis-1500bar-barracuda-rotary-nozzles-2-insert-nozzles\/#primaryimage","url":"https:\/\/panwinjet.com\/wp-content\/uploads\/2025\/09\/Air-Gun.jpg","contentUrl":"https:\/\/panwinjet.com\/wp-content\/uploads\/2025\/09\/Air-Gun.jpg","width":1280,"height":1706},{"@type":"BreadcrumbList","@id":"https:\/\/panwinjet.com\/product\/22kpis-1500bar-barracuda-rotary-nozzles-2-insert-nozzles\/#breadcrumb","itemListElement":[{"@type":"ListItem","position":1,"name":"\u9996\u9875","item":"https:\/\/panwinjet.com\/"},{"@type":"ListItem","position":2,"name":"PRODUCT","item":"https:\/\/panwinjet.com\/product\/"},{"@type":"ListItem","position":3,"name":"22Kpis 1500Bar Barracuda Rotary Nozzles 2 Insert Nozzles"}]},{"@type":"WebSite","@id":"https:\/\/panwinjet.com\/#website","url":"https:\/\/panwinjet.com\/","name":"Panwin Machinery&amp;Equipment","description":"Shenzhen Panwin Machinery&amp;Equipment Co.Ltd","potentialAction":[{"@type":"SearchAction","target":{"@type":"EntryPoint","urlTemplate":"https:\/\/panwinjet.com\/?s={search_term_string}"},"query-input":{"@type":"PropertyValueSpecification","valueRequired":true,"valueName":"search_term_string"}}],"inLanguage":"pt-PT"}]}},"_links":{"self":[{"href":"https:\/\/panwinjet.com\/pt\/wp-json\/wp\/v2\/product\/1087","targetHints":{"allow":["GET"]}}],"collection":[{"href":"https:\/\/panwinjet.com\/pt\/wp-json\/wp\/v2\/product"}],"about":[{"href":"https:\/\/panwinjet.com\/pt\/wp-json\/wp\/v2\/types\/product"}],"wp:featuredmedia":[{"embeddable":true,"href":"https:\/\/panwinjet.com\/pt\/wp-json\/wp\/v2\/media\/1091"}],"wp:attachment":[{"href":"https:\/\/panwinjet.com\/pt\/wp-json\/wp\/v2\/media?parent=1087"}],"wp:term":[{"taxonomy":"product_brand","embeddable":true,"href":"https:\/\/panwinjet.com\/pt\/wp-json\/wp\/v2\/product_brand?post=1087"},{"taxonomy":"product_cat","embeddable":true,"href":"https:\/\/panwinjet.com\/pt\/wp-json\/wp\/v2\/product_cat?post=1087"},{"taxonomy":"product_tag","embeddable":true,"href":"https:\/\/panwinjet.com\/pt\/wp-json\/wp\/v2\/product_tag?post=1087"}],"curies":[{"name":"wp","href":"https:\/\/api.w.org\/{rel}","templated":true}]}}