{"id":1067,"date":"2025-09-20T03:22:38","date_gmt":"2025-09-20T03:22:38","guid":{"rendered":"https:\/\/panwinjet.com\/?post_type=product&#038;p=1067"},"modified":"2025-09-20T03:22:38","modified_gmt":"2025-09-20T03:22:38","slug":"3000bar-uhp-triplex-plunger-pump-cleaning-equipment-parts-shipyard-surface-preparaption-rotor-robot-for-hammelmann-spraying-bar","status":"publish","type":"product","link":"https:\/\/panwinjet.com\/pt\/produto\/3000bar-uhp-triplex-plunger-pump-cleaning-equipment-parts-shipyard-surface-preparaption-rotor-robot-for-hammelmann-spraying-bar\/","title":{"rendered":"Bomba de pist\u00e3o triplex UHP de 3000 bar, pe\u00e7as para equipamentos de limpeza, rob\u00f4 rotor para prepara\u00e7\u00e3o de superf\u00edcie em estaleiros para barra de pulveriza\u00e7\u00e3o Hammelmann."},"content":{"rendered":"<p><strong><b>Introdu\u00e7\u00e3o de <\/b><\/strong><strong><b>Pe\u00e7as para equipamentos de limpeza de bomba de pist\u00e3o triplex UHP de 3000 bar; Rob\u00f4 de prepara\u00e7\u00e3o de superf\u00edcie para barra de pulveriza\u00e7\u00e3o Hammelmann em estaleiros.<\/b><\/strong><\/p>\n<p><b style=\"font-weight: bold;\">A bomba de pist\u00e3o triplex UHP de 3000 bar para equipamentos de limpeza, juntamente com o rob\u00f4 de prepara\u00e7\u00e3o de superf\u00edcie para estaleiros com barra de pulveriza\u00e7\u00e3o Hammelmann, \u00e9 ideal para a limpeza de superf\u00edcies de cascos de navios. A barra de pulveriza\u00e7\u00e3o Hammelmann \u00e9 totalmente substitu\u00edvel, e para os modelos Spider-Jetting, oferecemos conjuntos completos para garantir a melhor dist\u00e2ncia de alcance e alta efici\u00eancia de limpeza.<\/b><\/p>\n<p>&nbsp;<\/p>\n<p>&nbsp;<\/p>\n<p><strong><b>Aplicativo:<\/b><\/strong><\/p>\n<p>Pe\u00e7as para equipamentos de limpeza com bomba de pist\u00e3o triplex UHP 3000Bar, Rob\u00f4 para prepara\u00e7\u00e3o de superf\u00edcie em estaleiros para barra de pulveriza\u00e7\u00e3o Hammelmann<\/p>\n<p>Jateamento a jato de \u00e1gua para a ind\u00fastria de ferro, a\u00e7o e metal<\/p>\n<p>Jateadora de \u00e1gua de alta press\u00e3o - Engenharia Mec\u00e2nica e de Aparelhos<\/p>\n<p>Ind\u00fastria de cimento e concreto<\/p>\n<p>Barracuda de alta press\u00e3o para limpeza de superf\u00edcies<\/p>\n<p>Pe\u00e7as para equipamentos de limpeza UHP Hydro Jet<\/p>\n<p>Barras de pulveriza\u00e7\u00e3o para limpeza industrial<\/p>\n<p>M\u00e1quina de hidrojateamento para a ind\u00fastria de refino de petr\u00f3leo<\/p>\n<p>Limpeza de superf\u00edcies com hidrojato, limpeza de tanques e embarca\u00e7\u00f5es,<\/p>\n<p>Limpeza do trocador de calor,<\/p>\n<p>Limpeza de pintura automotiva, limpeza da ind\u00fastria de minera\u00e7\u00e3o, limpeza de f\u00e1bricas de a\u00e7o, etc.<\/p>\n<p>Equipamento de limpeza de esgoto de alta press\u00e3o para redes de tubula\u00e7\u00e3o municipais de abastecimento de \u00e1gua e esgoto;<\/p>","protected":false},"excerpt":{"rendered":"<p><strong><b>Especifica\u00e7\u00f5es do produto: Pe\u00e7as para equipamento de limpeza de bomba de pist\u00e3o triplex UHP de 3000 bar; Rob\u00f4 para prepara\u00e7\u00e3o de superf\u00edcie em estaleiro para barra de pulveriza\u00e7\u00e3o Hammelmann.<\/b><\/strong><\/p>\n<p><strong><b>Este equipamento de limpeza com bomba de pist\u00e3o triplex UHP de 3000 bar, para pe\u00e7as de estaleiro, \u00e9 ideal para o rob\u00f4 de prepara\u00e7\u00e3o de superf\u00edcies para barra de pulveriza\u00e7\u00e3o Hammelmann. As pe\u00e7as ficam localizadas atr\u00e1s da ferramenta de \u00e1gua e est\u00e3o sempre em uma superf\u00edcie rec\u00e9m-preparada \u2013 condi\u00e7\u00f5es perfeitas para uma boa ader\u00eancia, mesmo em superf\u00edcies escorregadias. O direcionamento preciso da ferramenta de \u00e1gua e a distribui\u00e7\u00e3o ideal de energia garantem uma cobertura de \u00e1rea enorme.<\/b><\/strong><\/p>\n<p><strong><b>E o par\u00e2metro de detalhes \u00e9 o seguinte:<\/b><\/strong><\/p>\n<div style=\"width: 736px;\" class=\"wp-video\"><video class=\"wp-video-shortcode\" id=\"video-1067-1\" width=\"736\" height=\"1280\" preload=\"metadata\" controls=\"controls\"><source type=\"video\/mp4\" src=\"https:\/\/panwinjet.com\/wp-content\/uploads\/2025\/09\/For-Hammelmann-Rotojet-Aquablast-Spray-Bar.mp4?_=1\" \/><a href=\"https:\/\/panwinjet.com\/wp-content\/uploads\/2025\/09\/For-Hammelmann-Rotojet-Aquablast-Spray-Bar.mp4\">https:\/\/panwinjet.com\/wp-content\/uploads\/2025\/09\/For-Hammelmann-Rotojet-Aquablast-Spray-Bar.mp4<\/a><\/video><\/div>","protected":false},"featured_media":-1,"template":"","meta":[],"product_brand":[],"product_cat":[11],"product_tag":[],"class_list":{"0":"post-1067","1":"product","2":"type-product","3":"status-publish","4":"has-post-thumbnail","6":"product_cat-ship-cleaning-device","8":"first","9":"instock","10":"shipping-taxable","11":"product-type-simple"},"yoast_head":"<!-- This site is optimized with the Yoast SEO plugin v24.9 - https:\/\/yoast.com\/wordpress\/plugins\/seo\/ -->\n<title>3000Bar UHP triplex plunger pump cleaning equipment parts Shipyard Surface preparaption Rotor Robot for Hammelmann Spraying Bar - Panwin Machinery&amp;Equipment<\/title>\n<meta name=\"robots\" content=\"index, follow, max-snippet:-1, max-image-preview:large, max-video-preview:-1\" \/>\n<link rel=\"canonical\" href=\"https:\/\/panwinjet.com\/pt\/produto\/3000bar-uhp-triplex-plunger-pump-cleaning-equipment-parts-shipyard-surface-preparaption-rotor-robot-for-hammelmann-spraying-bar\/\" \/>\n<meta property=\"og:locale\" content=\"pt_PT\" \/>\n<meta property=\"og:type\" content=\"article\" \/>\n<meta property=\"og:title\" content=\"3000Bar UHP triplex plunger pump cleaning equipment parts Shipyard Surface preparaption Rotor Robot for Hammelmann Spraying Bar - Panwin Machinery&amp;Equipment\" \/>\n<meta property=\"og:description\" content=\"Product Parameter (Specification) of 3000Bar UHP triplex plunger pump cleaning equipment parts Shipyard Surface preparaption Robot for \u00a0Hammelmann Spraying Bar  This 3000Bar UHP triplex plunger pump cleaning equipment parts Shipyard Surface preparaption Robot for \u00a0Hammelmann Spraying Bar is are located behind the water tool and are always on a freshly prepared surface - perfect conditions for a good grip, even on slippery surfaces. The precise guidance of the water tool and ideal energy distribution ensure enormous area coverage  And the details parameter as follows:\" \/>\n<meta property=\"og:url\" content=\"https:\/\/panwinjet.com\/pt\/produto\/3000bar-uhp-triplex-plunger-pump-cleaning-equipment-parts-shipyard-surface-preparaption-rotor-robot-for-hammelmann-spraying-bar\/\" \/>\n<meta property=\"og:site_name\" content=\"Panwin Machinery&amp;Equipment\" \/>\n<meta name=\"twitter:card\" content=\"summary_large_image\" \/>\n<meta name=\"twitter:label1\" content=\"Tempo estimado de leitura\" \/>\n\t<meta name=\"twitter:data1\" content=\"1 minuto\" \/>\n<script type=\"application\/ld+json\" class=\"yoast-schema-graph\">{\"@context\":\"https:\/\/schema.org\",\"@graph\":[{\"@type\":\"WebPage\",\"@id\":\"https:\/\/panwinjet.com\/product\/3000bar-uhp-triplex-plunger-pump-cleaning-equipment-parts-shipyard-surface-preparaption-rotor-robot-for-hammelmann-spraying-bar\/\",\"url\":\"https:\/\/panwinjet.com\/product\/3000bar-uhp-triplex-plunger-pump-cleaning-equipment-parts-shipyard-surface-preparaption-rotor-robot-for-hammelmann-spraying-bar\/\",\"name\":\"3000Bar UHP triplex plunger pump cleaning equipment parts Shipyard Surface preparaption Rotor Robot for Hammelmann Spraying Bar - Panwin Machinery&amp;Equipment\",\"isPartOf\":{\"@id\":\"https:\/\/panwinjet.com\/#website\"},\"datePublished\":\"2025-09-20T03:22:38+00:00\",\"breadcrumb\":{\"@id\":\"https:\/\/panwinjet.com\/product\/3000bar-uhp-triplex-plunger-pump-cleaning-equipment-parts-shipyard-surface-preparaption-rotor-robot-for-hammelmann-spraying-bar\/#breadcrumb\"},\"inLanguage\":\"pt-PT\",\"potentialAction\":[{\"@type\":\"ReadAction\",\"target\":[\"https:\/\/panwinjet.com\/product\/3000bar-uhp-triplex-plunger-pump-cleaning-equipment-parts-shipyard-surface-preparaption-rotor-robot-for-hammelmann-spraying-bar\/\"]}]},{\"@type\":\"BreadcrumbList\",\"@id\":\"https:\/\/panwinjet.com\/product\/3000bar-uhp-triplex-plunger-pump-cleaning-equipment-parts-shipyard-surface-preparaption-rotor-robot-for-hammelmann-spraying-bar\/#breadcrumb\",\"itemListElement\":[{\"@type\":\"ListItem\",\"position\":1,\"name\":\"\u9996\u9875\",\"item\":\"https:\/\/panwinjet.com\/\"},{\"@type\":\"ListItem\",\"position\":2,\"name\":\"PRODUCT\",\"item\":\"https:\/\/panwinjet.com\/product\/\"},{\"@type\":\"ListItem\",\"position\":3,\"name\":\"3000Bar UHP triplex plunger pump cleaning equipment parts Shipyard Surface preparaption Rotor Robot for Hammelmann Spraying Bar\"}]},{\"@type\":\"WebSite\",\"@id\":\"https:\/\/panwinjet.com\/#website\",\"url\":\"https:\/\/panwinjet.com\/\",\"name\":\"Panwin Machinery&amp;Equipment\",\"description\":\"Shenzhen Panwin Machinery&amp;Equipment Co.Ltd\",\"potentialAction\":[{\"@type\":\"SearchAction\",\"target\":{\"@type\":\"EntryPoint\",\"urlTemplate\":\"https:\/\/panwinjet.com\/?s={search_term_string}\"},\"query-input\":{\"@type\":\"PropertyValueSpecification\",\"valueRequired\":true,\"valueName\":\"search_term_string\"}}],\"inLanguage\":\"pt-PT\"}]}<\/script>\n<!-- \/ Yoast SEO plugin. -->","yoast_head_json":{"title":"3000Bar UHP triplex plunger pump cleaning equipment parts Shipyard Surface preparaption Rotor Robot for Hammelmann Spraying Bar - Panwin Machinery&amp;Equipment","robots":{"index":"index","follow":"follow","max-snippet":"max-snippet:-1","max-image-preview":"max-image-preview:large","max-video-preview":"max-video-preview:-1"},"canonical":"https:\/\/panwinjet.com\/pt\/produto\/3000bar-uhp-triplex-plunger-pump-cleaning-equipment-parts-shipyard-surface-preparaption-rotor-robot-for-hammelmann-spraying-bar\/","og_locale":"pt_PT","og_type":"article","og_title":"3000Bar UHP triplex plunger pump cleaning equipment parts Shipyard Surface preparaption Rotor Robot for Hammelmann Spraying Bar - Panwin Machinery&amp;Equipment","og_description":"Product Parameter (Specification) of 3000Bar UHP triplex plunger pump cleaning equipment parts Shipyard Surface preparaption Robot for \u00a0Hammelmann Spraying Bar  This 3000Bar UHP triplex plunger pump cleaning equipment parts Shipyard Surface preparaption Robot for \u00a0Hammelmann Spraying Bar is are located behind the water tool and are always on a freshly prepared surface - perfect conditions for a good grip, even on slippery surfaces. The precise guidance of the water tool and ideal energy distribution ensure enormous area coverage  And the details parameter as follows:","og_url":"https:\/\/panwinjet.com\/pt\/produto\/3000bar-uhp-triplex-plunger-pump-cleaning-equipment-parts-shipyard-surface-preparaption-rotor-robot-for-hammelmann-spraying-bar\/","og_site_name":"Panwin Machinery&amp;Equipment","twitter_card":"summary_large_image","twitter_misc":{"Tempo estimado de leitura":"1 minuto"},"schema":{"@context":"https:\/\/schema.org","@graph":[{"@type":"WebPage","@id":"https:\/\/panwinjet.com\/product\/3000bar-uhp-triplex-plunger-pump-cleaning-equipment-parts-shipyard-surface-preparaption-rotor-robot-for-hammelmann-spraying-bar\/","url":"https:\/\/panwinjet.com\/product\/3000bar-uhp-triplex-plunger-pump-cleaning-equipment-parts-shipyard-surface-preparaption-rotor-robot-for-hammelmann-spraying-bar\/","name":"3000Bar UHP triplex plunger pump cleaning equipment parts Shipyard Surface preparaption Rotor Robot for Hammelmann Spraying Bar - Panwin Machinery&amp;Equipment","isPartOf":{"@id":"https:\/\/panwinjet.com\/#website"},"datePublished":"2025-09-20T03:22:38+00:00","breadcrumb":{"@id":"https:\/\/panwinjet.com\/product\/3000bar-uhp-triplex-plunger-pump-cleaning-equipment-parts-shipyard-surface-preparaption-rotor-robot-for-hammelmann-spraying-bar\/#breadcrumb"},"inLanguage":"pt-PT","potentialAction":[{"@type":"ReadAction","target":["https:\/\/panwinjet.com\/product\/3000bar-uhp-triplex-plunger-pump-cleaning-equipment-parts-shipyard-surface-preparaption-rotor-robot-for-hammelmann-spraying-bar\/"]}]},{"@type":"BreadcrumbList","@id":"https:\/\/panwinjet.com\/product\/3000bar-uhp-triplex-plunger-pump-cleaning-equipment-parts-shipyard-surface-preparaption-rotor-robot-for-hammelmann-spraying-bar\/#breadcrumb","itemListElement":[{"@type":"ListItem","position":1,"name":"\u9996\u9875","item":"https:\/\/panwinjet.com\/"},{"@type":"ListItem","position":2,"name":"PRODUCT","item":"https:\/\/panwinjet.com\/product\/"},{"@type":"ListItem","position":3,"name":"3000Bar UHP triplex plunger pump cleaning equipment parts Shipyard Surface preparaption Rotor Robot for Hammelmann Spraying Bar"}]},{"@type":"WebSite","@id":"https:\/\/panwinjet.com\/#website","url":"https:\/\/panwinjet.com\/","name":"Panwin Machinery&amp;Equipment","description":"Shenzhen Panwin Machinery&amp;Equipment Co.Ltd","potentialAction":[{"@type":"SearchAction","target":{"@type":"EntryPoint","urlTemplate":"https:\/\/panwinjet.com\/?s={search_term_string}"},"query-input":{"@type":"PropertyValueSpecification","valueRequired":true,"valueName":"search_term_string"}}],"inLanguage":"pt-PT"}]}},"_links":{"self":[{"href":"https:\/\/panwinjet.com\/pt\/wp-json\/wp\/v2\/product\/1067","targetHints":{"allow":["GET"]}}],"collection":[{"href":"https:\/\/panwinjet.com\/pt\/wp-json\/wp\/v2\/product"}],"about":[{"href":"https:\/\/panwinjet.com\/pt\/wp-json\/wp\/v2\/types\/product"}],"wp:featuredmedia":[{"embeddable":true,"href":"https:\/\/panwinjet.com\/pt\/wp-json\/"}],"wp:attachment":[{"href":"https:\/\/panwinjet.com\/pt\/wp-json\/wp\/v2\/media?parent=1067"}],"wp:term":[{"taxonomy":"product_brand","embeddable":true,"href":"https:\/\/panwinjet.com\/pt\/wp-json\/wp\/v2\/product_brand?post=1067"},{"taxonomy":"product_cat","embeddable":true,"href":"https:\/\/panwinjet.com\/pt\/wp-json\/wp\/v2\/product_cat?post=1067"},{"taxonomy":"product_tag","embeddable":true,"href":"https:\/\/panwinjet.com\/pt\/wp-json\/wp\/v2\/product_tag?post=1067"}],"curies":[{"name":"wp","href":"https:\/\/api.w.org\/{rel}","templated":true}]}}