{"id":1042,"date":"2025-09-20T02:52:12","date_gmt":"2025-09-20T02:52:12","guid":{"rendered":"https:\/\/panwinjet.com\/?post_type=product&#038;p=1042"},"modified":"2025-09-20T02:52:12","modified_gmt":"2025-09-20T02:52:12","slug":"40000psi-pressure-rated-direct-drive-hydro-jet-blasting-machine-parts-for-uraca-high-pressure-cylinder","status":"publish","type":"product","link":"https:\/\/panwinjet.com\/pt\/produto\/40000psi-pressure-rated-direct-drive-hydro-jet-blasting-machine-parts-for-uraca-high-pressure-cylinder\/","title":{"rendered":"Pe\u00e7as para m\u00e1quina de jateamento hidrojato de acionamento direto com press\u00e3o nominal de 40.000 psi para cilindro de alta press\u00e3o URACA."},"content":{"rendered":"<p><strong><b>Pe\u00e7as para m\u00e1quina de jateamento hidrojato de acionamento direto com press\u00e3o nominal de 40.000 psi para cilindro de alta press\u00e3o URACA.<\/b><\/strong><\/p>\n<p><strong><b>Apresenta\u00e7\u00e3o das pe\u00e7as da m\u00e1quina de jateamento hidrojato de acionamento direto com press\u00e3o nominal de 40.000 psi para cilindro de alta press\u00e3o URACA.<\/b><\/strong><\/p>\n<p><strong><b>Esse <\/b><\/strong><strong><b>Pe\u00e7as para m\u00e1quina de jateamento hidrojato de acionamento direto com press\u00e3o nominal de 40.000 psi para cilindro de alta press\u00e3o URACA.<\/b><\/strong><strong><b>\u00a0\u00c9 compat\u00edvel com os modelos URACA KD725 e KD719, com press\u00e3o de opera\u00e7\u00e3o nominal de at\u00e9 2800 bar e pot\u00eancia nominal de at\u00e9 270 kW.<\/b><\/strong><\/p>\n<p>&nbsp;<\/p>\n<p><b><\/b><strong><b>Especifica\u00e7\u00f5es de pe\u00e7as para m\u00e1quina de jateamento hidrojato de acionamento direto com press\u00e3o nominal de 40.000 psi para cilindro de alta press\u00e3o URACA.<\/b><\/strong><\/p>\n<p><strong><b>O <\/b><\/strong><strong><b>Pe\u00e7as para m\u00e1quina de jateamento hidrojato de acionamento direto com press\u00e3o nominal de 40.000 psi para cilindro de alta press\u00e3o URACA.<\/b><\/strong><strong><b>\u00a0\u00c9 compat\u00edvel com diversos modelos como KD725, KD719, press\u00e3o de opera\u00e7\u00e3o nominal de 2800 Bar e vaz\u00e3o de 13 a 2080 LPM.<\/b><\/strong><\/p>","protected":false},"excerpt":{"rendered":"<p><strong><b>Caracter\u00edsticas e aplica\u00e7\u00f5es das pe\u00e7as da m\u00e1quina de jateamento hidrojato de acionamento direto com press\u00e3o nominal de 40.000 psi para cilindro de alta press\u00e3o URACA.<\/b><\/strong><\/p>\n<p><strong><b>O <\/b><\/strong><strong><b>Pe\u00e7as para m\u00e1quina de jateamento hidrojato de acionamento direto com press\u00e3o nominal de 40.000 psi para cilindro de alta press\u00e3o URACA.<\/b><\/strong><strong><b>\u00a0Fabricado em a\u00e7o inoxid\u00e1vel de alta qualidade, \u00e9 compat\u00edvel e substitui a pe\u00e7a original URACA. Suas caracter\u00edsticas incluem:<\/b><\/strong><\/p>\n<p><strong><b>A: Processo de superf\u00edcie interna espelhada<\/b><\/strong><\/p>\n<p><strong><b>B<\/b><\/strong><strong><b>Fabricado em a\u00e7o inoxid\u00e1vel de grau aeroespacial.<\/b><\/strong><\/p>\n<p><strong><b>C<\/b><\/strong><strong><b>Alta precis\u00e3o. Processo de acabamento superior.<\/b><\/strong><\/p>\n<p><strong><b> <img decoding=\"async\" class=\"aligncenter size-full wp-image-1045 lazyload\" data-src=\"https:\/\/panwinjet.com\/wp-content\/uploads\/2025\/09\/40000psi-Pressure-rated-direct-drive-Hydro-Jet-Blasting-machine-parts-for-URACA-High-pressure-Cylinder-6-scaled.jpg\" alt=\"\" width=\"1920\" height=\"2560\" data-srcset=\"https:\/\/panwinjet.com\/wp-content\/uploads\/2025\/09\/40000psi-Pressure-rated-direct-drive-Hydro-Jet-Blasting-machine-parts-for-URACA-High-pressure-Cylinder-6-scaled.jpg 1920w, https:\/\/panwinjet.com\/wp-content\/uploads\/2025\/09\/40000psi-Pressure-rated-direct-drive-Hydro-Jet-Blasting-machine-parts-for-URACA-High-pressure-Cylinder-6-375x500.jpg 375w, https:\/\/panwinjet.com\/wp-content\/uploads\/2025\/09\/40000psi-Pressure-rated-direct-drive-Hydro-Jet-Blasting-machine-parts-for-URACA-High-pressure-Cylinder-6-900x1200.jpg 900w, https:\/\/panwinjet.com\/wp-content\/uploads\/2025\/09\/40000psi-Pressure-rated-direct-drive-Hydro-Jet-Blasting-machine-parts-for-URACA-High-pressure-Cylinder-6-225x300.jpg 225w, https:\/\/panwinjet.com\/wp-content\/uploads\/2025\/09\/40000psi-Pressure-rated-direct-drive-Hydro-Jet-Blasting-machine-parts-for-URACA-High-pressure-Cylinder-6-768x1024.jpg 768w, https:\/\/panwinjet.com\/wp-content\/uploads\/2025\/09\/40000psi-Pressure-rated-direct-drive-Hydro-Jet-Blasting-machine-parts-for-URACA-High-pressure-Cylinder-6-1152x1536.jpg 1152w, https:\/\/panwinjet.com\/wp-content\/uploads\/2025\/09\/40000psi-Pressure-rated-direct-drive-Hydro-Jet-Blasting-machine-parts-for-URACA-High-pressure-Cylinder-6-1536x2048.jpg 1536w, https:\/\/panwinjet.com\/wp-content\/uploads\/2025\/09\/40000psi-Pressure-rated-direct-drive-Hydro-Jet-Blasting-machine-parts-for-URACA-High-pressure-Cylinder-6-56x75.jpg 56w, https:\/\/panwinjet.com\/wp-content\/uploads\/2025\/09\/40000psi-Pressure-rated-direct-drive-Hydro-Jet-Blasting-machine-parts-for-URACA-High-pressure-Cylinder-6-480x640.jpg 480w, https:\/\/panwinjet.com\/wp-content\/uploads\/2025\/09\/40000psi-Pressure-rated-direct-drive-Hydro-Jet-Blasting-machine-parts-for-URACA-High-pressure-Cylinder-6-800x1067.jpg 800w\" data-sizes=\"(max-width:767px) 480px, (max-width:1920px) 100vw, 1920px\" src=\"data:image\/svg+xml;base64,PHN2ZyB3aWR0aD0iMSIgaGVpZ2h0PSIxIiB4bWxucz0iaHR0cDovL3d3dy53My5vcmcvMjAwMC9zdmciPjwvc3ZnPg==\" style=\"--smush-placeholder-width: 1920px; --smush-placeholder-aspect-ratio: 1920\/2560;\" \/><\/b><\/strong><\/p>\n<p><strong><b>Aplicativo:<\/b><\/strong><\/p>\n<p><strong><b>N\u00f3s, da Panwin, fornecemos a voc\u00ea o <\/b><\/strong><strong><b>Pe\u00e7as para m\u00e1quina de jateamento hidrojato de acionamento direto com press\u00e3o nominal de 40.000 psi para cilindro de alta press\u00e3o URACA.<\/b><\/strong><strong><b>\u00a0Com pre\u00e7o acess\u00edvel, pode ser aplicado na limpeza de superf\u00edcies.<\/b><\/strong><strong><b>Limpeza de tanques e vasos de press\u00e3o, limpeza de pintura automotiva, limpeza da ind\u00fastria de minera\u00e7\u00e3o, limpeza de sider\u00fargicas. <\/b><\/strong><strong><b>Ind\u00fastria da constru\u00e7\u00e3o<\/b><\/strong><strong><b>\u00a0etc.<\/b><\/strong><\/p>","protected":false},"featured_media":1045,"template":"","meta":[],"product_brand":[],"product_cat":[6],"product_tag":[],"class_list":{"0":"post-1042","1":"product","2":"type-product","3":"status-publish","4":"has-post-thumbnail","6":"product_cat-uni-valves-for-uhp-pump","8":"first","9":"instock","10":"shipping-taxable","11":"product-type-simple"},"yoast_head":"<!-- This site is optimized with the Yoast SEO plugin v24.9 - https:\/\/yoast.com\/wordpress\/plugins\/seo\/ -->\n<title>40000psi Pressure rated direct drive Hydro-Jet Blasting machine parts for URACA High pressure Cylinder - Panwin Machinery&amp;Equipment<\/title>\n<meta name=\"robots\" content=\"index, follow, max-snippet:-1, max-image-preview:large, max-video-preview:-1\" \/>\n<link rel=\"canonical\" href=\"https:\/\/panwinjet.com\/pt\/produto\/40000psi-pressure-rated-direct-drive-hydro-jet-blasting-machine-parts-for-uraca-high-pressure-cylinder\/\" \/>\n<meta property=\"og:locale\" content=\"pt_PT\" \/>\n<meta property=\"og:type\" content=\"article\" \/>\n<meta property=\"og:title\" content=\"40000psi Pressure rated direct drive Hydro-Jet Blasting machine parts for URACA High pressure Cylinder - Panwin Machinery&amp;Equipment\" \/>\n<meta property=\"og:description\" content=\"Feature And Application of 40000psi Pressure rated direct drive Hydro-Jet Blasting machine parts for URACA High pressure Cylinder  The 40000psi Pressure rated direct drive Hydro-Jet Blasting machine parts for URACA High pressure Cylinder\u00a0is made of the high-grade stainless Steel with high quality, it is compatible and replaceable with the URACA original. It is featured:  A:Mirror Inside surface process  B:Aerospace-grade stainless steel to made of  C:High Precision Born better finish process.     Application:  We Panwin supply you the 40000psi Pressure rated direct drive Hydro-Jet Blasting machine parts for URACA High pressure Cylinder\u00a0with reasonable price,it can be applied in surface cleaning,Tank&amp;Vessel Cleaning,Automotive Painting cleaning,Mining industry cleaning,Steel manufacture cleaning, Construction industry\u00a0etc.\" \/>\n<meta property=\"og:url\" content=\"https:\/\/panwinjet.com\/pt\/produto\/40000psi-pressure-rated-direct-drive-hydro-jet-blasting-machine-parts-for-uraca-high-pressure-cylinder\/\" \/>\n<meta property=\"og:site_name\" content=\"Panwin Machinery&amp;Equipment\" \/>\n<meta property=\"og:image\" content=\"https:\/\/panwinjet.com\/wp-content\/uploads\/2025\/09\/40000psi-Pressure-rated-direct-drive-Hydro-Jet-Blasting-machine-parts-for-URACA-High-pressure-Cylinder-6-scaled.jpg\" \/>\n\t<meta property=\"og:image:width\" content=\"1920\" \/>\n\t<meta property=\"og:image:height\" content=\"2560\" \/>\n\t<meta property=\"og:image:type\" content=\"image\/jpeg\" \/>\n<meta name=\"twitter:card\" content=\"summary_large_image\" \/>\n<meta name=\"twitter:label1\" content=\"Tempo estimado de leitura\" \/>\n\t<meta name=\"twitter:data1\" content=\"1 minuto\" \/>\n<script type=\"application\/ld+json\" class=\"yoast-schema-graph\">{\"@context\":\"https:\/\/schema.org\",\"@graph\":[{\"@type\":\"WebPage\",\"@id\":\"https:\/\/panwinjet.com\/product\/40000psi-pressure-rated-direct-drive-hydro-jet-blasting-machine-parts-for-uraca-high-pressure-cylinder\/\",\"url\":\"https:\/\/panwinjet.com\/product\/40000psi-pressure-rated-direct-drive-hydro-jet-blasting-machine-parts-for-uraca-high-pressure-cylinder\/\",\"name\":\"40000psi Pressure rated direct drive Hydro-Jet Blasting machine parts for URACA High pressure Cylinder - Panwin Machinery&amp;Equipment\",\"isPartOf\":{\"@id\":\"https:\/\/panwinjet.com\/#website\"},\"primaryImageOfPage\":{\"@id\":\"https:\/\/panwinjet.com\/product\/40000psi-pressure-rated-direct-drive-hydro-jet-blasting-machine-parts-for-uraca-high-pressure-cylinder\/#primaryimage\"},\"image\":{\"@id\":\"https:\/\/panwinjet.com\/product\/40000psi-pressure-rated-direct-drive-hydro-jet-blasting-machine-parts-for-uraca-high-pressure-cylinder\/#primaryimage\"},\"thumbnailUrl\":\"https:\/\/panwinjet.com\/wp-content\/uploads\/2025\/09\/40000psi-Pressure-rated-direct-drive-Hydro-Jet-Blasting-machine-parts-for-URACA-High-pressure-Cylinder-6-scaled.jpg\",\"datePublished\":\"2025-09-20T02:52:12+00:00\",\"breadcrumb\":{\"@id\":\"https:\/\/panwinjet.com\/product\/40000psi-pressure-rated-direct-drive-hydro-jet-blasting-machine-parts-for-uraca-high-pressure-cylinder\/#breadcrumb\"},\"inLanguage\":\"pt-PT\",\"potentialAction\":[{\"@type\":\"ReadAction\",\"target\":[\"https:\/\/panwinjet.com\/product\/40000psi-pressure-rated-direct-drive-hydro-jet-blasting-machine-parts-for-uraca-high-pressure-cylinder\/\"]}]},{\"@type\":\"ImageObject\",\"inLanguage\":\"pt-PT\",\"@id\":\"https:\/\/panwinjet.com\/product\/40000psi-pressure-rated-direct-drive-hydro-jet-blasting-machine-parts-for-uraca-high-pressure-cylinder\/#primaryimage\",\"url\":\"https:\/\/panwinjet.com\/wp-content\/uploads\/2025\/09\/40000psi-Pressure-rated-direct-drive-Hydro-Jet-Blasting-machine-parts-for-URACA-High-pressure-Cylinder-6-scaled.jpg\",\"contentUrl\":\"https:\/\/panwinjet.com\/wp-content\/uploads\/2025\/09\/40000psi-Pressure-rated-direct-drive-Hydro-Jet-Blasting-machine-parts-for-URACA-High-pressure-Cylinder-6-scaled.jpg\",\"width\":1920,\"height\":2560},{\"@type\":\"BreadcrumbList\",\"@id\":\"https:\/\/panwinjet.com\/product\/40000psi-pressure-rated-direct-drive-hydro-jet-blasting-machine-parts-for-uraca-high-pressure-cylinder\/#breadcrumb\",\"itemListElement\":[{\"@type\":\"ListItem\",\"position\":1,\"name\":\"\u9996\u9875\",\"item\":\"https:\/\/panwinjet.com\/\"},{\"@type\":\"ListItem\",\"position\":2,\"name\":\"PRODUCT\",\"item\":\"https:\/\/panwinjet.com\/product\/\"},{\"@type\":\"ListItem\",\"position\":3,\"name\":\"40000psi Pressure rated direct drive Hydro-Jet Blasting machine parts for URACA High pressure Cylinder\"}]},{\"@type\":\"WebSite\",\"@id\":\"https:\/\/panwinjet.com\/#website\",\"url\":\"https:\/\/panwinjet.com\/\",\"name\":\"Panwin Machinery&amp;Equipment\",\"description\":\"Shenzhen Panwin Machinery&amp;Equipment Co.Ltd\",\"potentialAction\":[{\"@type\":\"SearchAction\",\"target\":{\"@type\":\"EntryPoint\",\"urlTemplate\":\"https:\/\/panwinjet.com\/?s={search_term_string}\"},\"query-input\":{\"@type\":\"PropertyValueSpecification\",\"valueRequired\":true,\"valueName\":\"search_term_string\"}}],\"inLanguage\":\"pt-PT\"}]}<\/script>\n<!-- \/ Yoast SEO plugin. -->","yoast_head_json":{"title":"40000psi Pressure rated direct drive Hydro-Jet Blasting machine parts for URACA High pressure Cylinder - Panwin Machinery&amp;Equipment","robots":{"index":"index","follow":"follow","max-snippet":"max-snippet:-1","max-image-preview":"max-image-preview:large","max-video-preview":"max-video-preview:-1"},"canonical":"https:\/\/panwinjet.com\/pt\/produto\/40000psi-pressure-rated-direct-drive-hydro-jet-blasting-machine-parts-for-uraca-high-pressure-cylinder\/","og_locale":"pt_PT","og_type":"article","og_title":"40000psi Pressure rated direct drive Hydro-Jet Blasting machine parts for URACA High pressure Cylinder - Panwin Machinery&amp;Equipment","og_description":"Feature And Application of 40000psi Pressure rated direct drive Hydro-Jet Blasting machine parts for URACA High pressure Cylinder  The 40000psi Pressure rated direct drive Hydro-Jet Blasting machine parts for URACA High pressure Cylinder\u00a0is made of the high-grade stainless Steel with high quality, it is compatible and replaceable with the URACA original. It is featured:  A:Mirror Inside surface process  B:Aerospace-grade stainless steel to made of  C:High Precision Born better finish process.     Application:  We Panwin supply you the 40000psi Pressure rated direct drive Hydro-Jet Blasting machine parts for URACA High pressure Cylinder\u00a0with reasonable price,it can be applied in surface cleaning,Tank&amp;Vessel Cleaning,Automotive Painting cleaning,Mining industry cleaning,Steel manufacture cleaning, Construction industry\u00a0etc.","og_url":"https:\/\/panwinjet.com\/pt\/produto\/40000psi-pressure-rated-direct-drive-hydro-jet-blasting-machine-parts-for-uraca-high-pressure-cylinder\/","og_site_name":"Panwin Machinery&amp;Equipment","og_image":[{"width":1920,"height":2560,"url":"https:\/\/panwinjet.com\/wp-content\/uploads\/2025\/09\/40000psi-Pressure-rated-direct-drive-Hydro-Jet-Blasting-machine-parts-for-URACA-High-pressure-Cylinder-6-scaled.jpg","type":"image\/jpeg"}],"twitter_card":"summary_large_image","twitter_misc":{"Tempo estimado de leitura":"1 minuto"},"schema":{"@context":"https:\/\/schema.org","@graph":[{"@type":"WebPage","@id":"https:\/\/panwinjet.com\/product\/40000psi-pressure-rated-direct-drive-hydro-jet-blasting-machine-parts-for-uraca-high-pressure-cylinder\/","url":"https:\/\/panwinjet.com\/product\/40000psi-pressure-rated-direct-drive-hydro-jet-blasting-machine-parts-for-uraca-high-pressure-cylinder\/","name":"40000psi Pressure rated direct drive Hydro-Jet Blasting machine parts for URACA High pressure Cylinder - Panwin Machinery&amp;Equipment","isPartOf":{"@id":"https:\/\/panwinjet.com\/#website"},"primaryImageOfPage":{"@id":"https:\/\/panwinjet.com\/product\/40000psi-pressure-rated-direct-drive-hydro-jet-blasting-machine-parts-for-uraca-high-pressure-cylinder\/#primaryimage"},"image":{"@id":"https:\/\/panwinjet.com\/product\/40000psi-pressure-rated-direct-drive-hydro-jet-blasting-machine-parts-for-uraca-high-pressure-cylinder\/#primaryimage"},"thumbnailUrl":"https:\/\/panwinjet.com\/wp-content\/uploads\/2025\/09\/40000psi-Pressure-rated-direct-drive-Hydro-Jet-Blasting-machine-parts-for-URACA-High-pressure-Cylinder-6-scaled.jpg","datePublished":"2025-09-20T02:52:12+00:00","breadcrumb":{"@id":"https:\/\/panwinjet.com\/product\/40000psi-pressure-rated-direct-drive-hydro-jet-blasting-machine-parts-for-uraca-high-pressure-cylinder\/#breadcrumb"},"inLanguage":"pt-PT","potentialAction":[{"@type":"ReadAction","target":["https:\/\/panwinjet.com\/product\/40000psi-pressure-rated-direct-drive-hydro-jet-blasting-machine-parts-for-uraca-high-pressure-cylinder\/"]}]},{"@type":"ImageObject","inLanguage":"pt-PT","@id":"https:\/\/panwinjet.com\/product\/40000psi-pressure-rated-direct-drive-hydro-jet-blasting-machine-parts-for-uraca-high-pressure-cylinder\/#primaryimage","url":"https:\/\/panwinjet.com\/wp-content\/uploads\/2025\/09\/40000psi-Pressure-rated-direct-drive-Hydro-Jet-Blasting-machine-parts-for-URACA-High-pressure-Cylinder-6-scaled.jpg","contentUrl":"https:\/\/panwinjet.com\/wp-content\/uploads\/2025\/09\/40000psi-Pressure-rated-direct-drive-Hydro-Jet-Blasting-machine-parts-for-URACA-High-pressure-Cylinder-6-scaled.jpg","width":1920,"height":2560},{"@type":"BreadcrumbList","@id":"https:\/\/panwinjet.com\/product\/40000psi-pressure-rated-direct-drive-hydro-jet-blasting-machine-parts-for-uraca-high-pressure-cylinder\/#breadcrumb","itemListElement":[{"@type":"ListItem","position":1,"name":"\u9996\u9875","item":"https:\/\/panwinjet.com\/"},{"@type":"ListItem","position":2,"name":"PRODUCT","item":"https:\/\/panwinjet.com\/product\/"},{"@type":"ListItem","position":3,"name":"40000psi Pressure rated direct drive Hydro-Jet Blasting machine parts for URACA High pressure Cylinder"}]},{"@type":"WebSite","@id":"https:\/\/panwinjet.com\/#website","url":"https:\/\/panwinjet.com\/","name":"Panwin Machinery&amp;Equipment","description":"Shenzhen Panwin Machinery&amp;Equipment Co.Ltd","potentialAction":[{"@type":"SearchAction","target":{"@type":"EntryPoint","urlTemplate":"https:\/\/panwinjet.com\/?s={search_term_string}"},"query-input":{"@type":"PropertyValueSpecification","valueRequired":true,"valueName":"search_term_string"}}],"inLanguage":"pt-PT"}]}},"_links":{"self":[{"href":"https:\/\/panwinjet.com\/pt\/wp-json\/wp\/v2\/product\/1042","targetHints":{"allow":["GET"]}}],"collection":[{"href":"https:\/\/panwinjet.com\/pt\/wp-json\/wp\/v2\/product"}],"about":[{"href":"https:\/\/panwinjet.com\/pt\/wp-json\/wp\/v2\/types\/product"}],"wp:featuredmedia":[{"embeddable":true,"href":"https:\/\/panwinjet.com\/pt\/wp-json\/wp\/v2\/media\/1045"}],"wp:attachment":[{"href":"https:\/\/panwinjet.com\/pt\/wp-json\/wp\/v2\/media?parent=1042"}],"wp:term":[{"taxonomy":"product_brand","embeddable":true,"href":"https:\/\/panwinjet.com\/pt\/wp-json\/wp\/v2\/product_brand?post=1042"},{"taxonomy":"product_cat","embeddable":true,"href":"https:\/\/panwinjet.com\/pt\/wp-json\/wp\/v2\/product_cat?post=1042"},{"taxonomy":"product_tag","embeddable":true,"href":"https:\/\/panwinjet.com\/pt\/wp-json\/wp\/v2\/product_tag?post=1042"}],"curies":[{"name":"wp","href":"https:\/\/api.w.org\/{rel}","templated":true}]}}