{"id":1035,"date":"2025-09-20T01:28:52","date_gmt":"2025-09-20T01:28:52","guid":{"rendered":"https:\/\/panwinjet.com\/?post_type=product&#038;p=1035"},"modified":"2025-09-20T01:28:52","modified_gmt":"2025-09-20T01:28:52","slug":"46kpsi-ultra-high-pressure-water-jet-blasting-machine-parts-for-46kpsi-hammelmann-cylinder-assembly","status":"publish","type":"product","link":"https:\/\/panwinjet.com\/pt\/produto\/46kpsi-ultra-high-pressure-water-jet-blasting-machine-parts-for-46kpsi-hammelmann-cylinder-assembly\/","title":{"rendered":"Pe\u00e7as para m\u00e1quina de jateamento com jato de \u00e1gua de ultra-alta press\u00e3o de 46 kpsi para montagem de cilindro Hammelmann de 46 kpsi"},"content":{"rendered":"<p><strong><b>1. Introdu\u00e7\u00e3o do produto: Pe\u00e7as para m\u00e1quina de jateamento com jato de \u00e1gua de ultra-alta press\u00e3o de 46Kpsi <\/b><\/strong><strong><b>H<\/b><\/strong><strong><b>ammelmann <\/b><\/strong><strong><b>\u00a0Cilindro <\/b><\/strong><strong><b>Conjunto<\/b><\/strong><\/p>\n<p>Este cilindro de alta press\u00e3o \u00e9 um componente essencial da bomba HMA australiana, com press\u00e3o nominal de 46.000 PSI. \u00c9 compat\u00edvel e substitu\u00edvel por outros modelos. <strong><b>H<\/b><\/strong><strong><b>ammelmann <\/b><\/strong>\u00a0Bomba com press\u00e3o nominal de 46000 psi.<\/p>\n<p><img decoding=\"async\" class=\"aligncenter size-full wp-image-1036 lazyload\" data-src=\"https:\/\/panwinjet.com\/wp-content\/uploads\/2025\/09\/46Kpsi-Ultra-high-pressure-Water-Jet-blasting-machine-parts-for-46kpsi-HMA-Cylinder-Assembly-2-scaled.jpg\" alt=\"\" width=\"1920\" height=\"2560\" data-srcset=\"https:\/\/panwinjet.com\/wp-content\/uploads\/2025\/09\/46Kpsi-Ultra-high-pressure-Water-Jet-blasting-machine-parts-for-46kpsi-HMA-Cylinder-Assembly-2-scaled.jpg 1920w, https:\/\/panwinjet.com\/wp-content\/uploads\/2025\/09\/46Kpsi-Ultra-high-pressure-Water-Jet-blasting-machine-parts-for-46kpsi-HMA-Cylinder-Assembly-2-375x500.jpg 375w, https:\/\/panwinjet.com\/wp-content\/uploads\/2025\/09\/46Kpsi-Ultra-high-pressure-Water-Jet-blasting-machine-parts-for-46kpsi-HMA-Cylinder-Assembly-2-900x1200.jpg 900w, https:\/\/panwinjet.com\/wp-content\/uploads\/2025\/09\/46Kpsi-Ultra-high-pressure-Water-Jet-blasting-machine-parts-for-46kpsi-HMA-Cylinder-Assembly-2-225x300.jpg 225w, https:\/\/panwinjet.com\/wp-content\/uploads\/2025\/09\/46Kpsi-Ultra-high-pressure-Water-Jet-blasting-machine-parts-for-46kpsi-HMA-Cylinder-Assembly-2-768x1024.jpg 768w, https:\/\/panwinjet.com\/wp-content\/uploads\/2025\/09\/46Kpsi-Ultra-high-pressure-Water-Jet-blasting-machine-parts-for-46kpsi-HMA-Cylinder-Assembly-2-1152x1536.jpg 1152w, https:\/\/panwinjet.com\/wp-content\/uploads\/2025\/09\/46Kpsi-Ultra-high-pressure-Water-Jet-blasting-machine-parts-for-46kpsi-HMA-Cylinder-Assembly-2-1536x2048.jpg 1536w, https:\/\/panwinjet.com\/wp-content\/uploads\/2025\/09\/46Kpsi-Ultra-high-pressure-Water-Jet-blasting-machine-parts-for-46kpsi-HMA-Cylinder-Assembly-2-56x75.jpg 56w, https:\/\/panwinjet.com\/wp-content\/uploads\/2025\/09\/46Kpsi-Ultra-high-pressure-Water-Jet-blasting-machine-parts-for-46kpsi-HMA-Cylinder-Assembly-2-480x640.jpg 480w, https:\/\/panwinjet.com\/wp-content\/uploads\/2025\/09\/46Kpsi-Ultra-high-pressure-Water-Jet-blasting-machine-parts-for-46kpsi-HMA-Cylinder-Assembly-2-800x1067.jpg 800w\" data-sizes=\"(max-width:767px) 480px, (max-width:1920px) 100vw, 1920px\" src=\"data:image\/svg+xml;base64,PHN2ZyB3aWR0aD0iMSIgaGVpZ2h0PSIxIiB4bWxucz0iaHR0cDovL3d3dy53My5vcmcvMjAwMC9zdmciPjwvc3ZnPg==\" style=\"--smush-placeholder-width: 1920px; --smush-placeholder-aspect-ratio: 1920\/2560;\" \/><\/p>\n<p><b><\/b><strong><b>Par\u00e2metros (Especifica\u00e7\u00f5es) de pe\u00e7as para m\u00e1quina de jateamento com jato de \u00e1gua de ultra-alta press\u00e3o de 46Kpsi para cilindro Hammelmann de 46kpsi <\/b><\/strong><strong><b>Conjunto<\/b><\/strong><\/p>\n<p><strong><b>Esse <\/b><\/strong><strong><b>Pe\u00e7as para m\u00e1quina de jateamento com jato de \u00e1gua de ultra-alta press\u00e3o de 46Kpsi para cilindro Hammelmann de 46kpsi <\/b><\/strong><strong><b>Conjunto<\/b><\/strong><strong><b>A bomba de press\u00e3o Hammelmann de 46 kpsi \u00e9 amplamente utilizada em aplica\u00e7\u00f5es de limpeza por jateamento de \u00e1gua.<\/b><\/strong><\/p>","protected":false},"excerpt":{"rendered":"<p><strong><b>3. Caracter\u00edsticas e aplica\u00e7\u00f5es do produto: pe\u00e7as para m\u00e1quina de jateamento com jato de \u00e1gua de ultra-alta press\u00e3o de 46 kpsi para cilindro Hammelmann de 46 kpsi <\/b><\/strong><strong><b>Conjunto<\/b><\/strong><\/p>\n<p>Este conjunto de pe\u00e7as para m\u00e1quina de jateamento a jato de \u00e1gua de ultra-alta press\u00e3o de 46Kpsi, para cilindro Hammelmann de 46kpsi, \u00e9 composto por pe\u00e7as de alta qualidade para hidrojateamento, fabricadas em a\u00e7o inoxid\u00e1vel de grau aeroespacial, apresentando desempenho dur\u00e1vel e est\u00e1vel.<\/p>\n<p><strong><b>A: Processo de superf\u00edcie interna espelhada<\/b><\/strong><\/p>\n<p><strong><b>B<\/b><\/strong><strong><b>Fabricado em a\u00e7o inoxid\u00e1vel de grau aeroespacial.<\/b><\/strong><\/p>\n<p><strong><b>C<\/b><\/strong><strong><b>Alta precis\u00e3o. Processo de acabamento superior.<\/b><\/strong><\/p>\n<p><strong><b>Aplicativo:<\/b><\/strong><\/p>\n<p>A m\u00e1quina de jateamento com jato de \u00e1gua de ultra-alta press\u00e3o de 46 kpsi, com conjunto de cilindro Hammelmann de 46 kpsi, \u00e9 aplicada em diversas tarefas de limpeza, especialmente em limpeza de conex\u00f5es multiponto. \u00c9 utilizada principalmente para limpeza de superf\u00edcies, limpeza de tanques e vasos de press\u00e3o, limpeza de pintura automotiva, limpeza na ind\u00fastria de minera\u00e7\u00e3o, limpeza em sider\u00fargicas, constru\u00e7\u00e3o civil, etc.<\/p>","protected":false},"featured_media":1039,"template":"","meta":[],"product_brand":[],"product_cat":[6],"product_tag":[],"class_list":{"0":"post-1035","1":"product","2":"type-product","3":"status-publish","4":"has-post-thumbnail","6":"product_cat-uni-valves-for-uhp-pump","8":"first","9":"instock","10":"shipping-taxable","11":"product-type-simple"},"yoast_head":"<!-- This site is optimized with the Yoast SEO plugin v24.9 - https:\/\/yoast.com\/wordpress\/plugins\/seo\/ -->\n<title>46Kpsi Ultra-high pressure Water Jet blasting machine parts for 46kpsi Hammelmann Cylinder Assembly - Panwin Machinery&amp;Equipment<\/title>\n<meta name=\"robots\" content=\"index, follow, max-snippet:-1, max-image-preview:large, max-video-preview:-1\" \/>\n<link rel=\"canonical\" href=\"https:\/\/panwinjet.com\/pt\/produto\/46kpsi-ultra-high-pressure-water-jet-blasting-machine-parts-for-46kpsi-hammelmann-cylinder-assembly\/\" \/>\n<meta property=\"og:locale\" content=\"pt_PT\" \/>\n<meta property=\"og:type\" content=\"article\" \/>\n<meta property=\"og:title\" content=\"46Kpsi Ultra-high pressure Water Jet blasting machine parts for 46kpsi Hammelmann Cylinder Assembly - Panwin Machinery&amp;Equipment\" \/>\n<meta property=\"og:description\" content=\"3.Product Feature And Application of 46Kpsi Ultra-high pressure Water Jet blasting machine parts for 46kpsi Hammelmann Cylinder Assembly  This 46Kpsi Ultra-high pressure Water Jet blasting machine parts for 46kpsi Hammelmann Cylinder Assembly is of high quality hydro jet parts, it is made of the aerospace grade high-class stainless Steel, it is featured durable and stable performance.  A:Mirror Inside surface process  B:Aerospace-grade stainless steel to made of  C:High Precision Born better finish process  Application:  The 46Kpsi Ultra-high pressure Water Jet blasting machine parts for 46kpsi Hammelmann Cylinder Assembly is applied to the various cleaning task, special for muti-port connection cleaning job. Mainly surface cleaning,Tank&amp;Vessel Cleaning,Automotive Painting cleaning,Mining industry cleaning,Steel manufacture cleaning, Construction industry etc.\" \/>\n<meta property=\"og:url\" content=\"https:\/\/panwinjet.com\/pt\/produto\/46kpsi-ultra-high-pressure-water-jet-blasting-machine-parts-for-46kpsi-hammelmann-cylinder-assembly\/\" \/>\n<meta property=\"og:site_name\" content=\"Panwin Machinery&amp;Equipment\" \/>\n<meta property=\"og:image\" content=\"https:\/\/panwinjet.com\/wp-content\/uploads\/2025\/09\/46Kpsi-Ultra-high-pressure-Water-Jet-blasting-machine-parts-for-46kpsi-HMA-Cylinder-Assembly-5-scaled.jpg\" \/>\n\t<meta property=\"og:image:width\" content=\"1920\" \/>\n\t<meta property=\"og:image:height\" content=\"2560\" \/>\n\t<meta property=\"og:image:type\" content=\"image\/jpeg\" \/>\n<meta name=\"twitter:card\" content=\"summary_large_image\" \/>\n<meta name=\"twitter:label1\" content=\"Tempo estimado de leitura\" \/>\n\t<meta name=\"twitter:data1\" content=\"1 minuto\" \/>\n<script type=\"application\/ld+json\" class=\"yoast-schema-graph\">{\"@context\":\"https:\/\/schema.org\",\"@graph\":[{\"@type\":\"WebPage\",\"@id\":\"https:\/\/panwinjet.com\/product\/46kpsi-ultra-high-pressure-water-jet-blasting-machine-parts-for-46kpsi-hammelmann-cylinder-assembly\/\",\"url\":\"https:\/\/panwinjet.com\/product\/46kpsi-ultra-high-pressure-water-jet-blasting-machine-parts-for-46kpsi-hammelmann-cylinder-assembly\/\",\"name\":\"46Kpsi Ultra-high pressure Water Jet blasting machine parts for 46kpsi Hammelmann Cylinder Assembly - Panwin Machinery&amp;Equipment\",\"isPartOf\":{\"@id\":\"https:\/\/panwinjet.com\/#website\"},\"primaryImageOfPage\":{\"@id\":\"https:\/\/panwinjet.com\/product\/46kpsi-ultra-high-pressure-water-jet-blasting-machine-parts-for-46kpsi-hammelmann-cylinder-assembly\/#primaryimage\"},\"image\":{\"@id\":\"https:\/\/panwinjet.com\/product\/46kpsi-ultra-high-pressure-water-jet-blasting-machine-parts-for-46kpsi-hammelmann-cylinder-assembly\/#primaryimage\"},\"thumbnailUrl\":\"https:\/\/panwinjet.com\/wp-content\/uploads\/2025\/09\/46Kpsi-Ultra-high-pressure-Water-Jet-blasting-machine-parts-for-46kpsi-HMA-Cylinder-Assembly-5-scaled.jpg\",\"datePublished\":\"2025-09-20T01:28:52+00:00\",\"breadcrumb\":{\"@id\":\"https:\/\/panwinjet.com\/product\/46kpsi-ultra-high-pressure-water-jet-blasting-machine-parts-for-46kpsi-hammelmann-cylinder-assembly\/#breadcrumb\"},\"inLanguage\":\"pt-PT\",\"potentialAction\":[{\"@type\":\"ReadAction\",\"target\":[\"https:\/\/panwinjet.com\/product\/46kpsi-ultra-high-pressure-water-jet-blasting-machine-parts-for-46kpsi-hammelmann-cylinder-assembly\/\"]}]},{\"@type\":\"ImageObject\",\"inLanguage\":\"pt-PT\",\"@id\":\"https:\/\/panwinjet.com\/product\/46kpsi-ultra-high-pressure-water-jet-blasting-machine-parts-for-46kpsi-hammelmann-cylinder-assembly\/#primaryimage\",\"url\":\"https:\/\/panwinjet.com\/wp-content\/uploads\/2025\/09\/46Kpsi-Ultra-high-pressure-Water-Jet-blasting-machine-parts-for-46kpsi-HMA-Cylinder-Assembly-5-scaled.jpg\",\"contentUrl\":\"https:\/\/panwinjet.com\/wp-content\/uploads\/2025\/09\/46Kpsi-Ultra-high-pressure-Water-Jet-blasting-machine-parts-for-46kpsi-HMA-Cylinder-Assembly-5-scaled.jpg\",\"width\":1920,\"height\":2560},{\"@type\":\"BreadcrumbList\",\"@id\":\"https:\/\/panwinjet.com\/product\/46kpsi-ultra-high-pressure-water-jet-blasting-machine-parts-for-46kpsi-hammelmann-cylinder-assembly\/#breadcrumb\",\"itemListElement\":[{\"@type\":\"ListItem\",\"position\":1,\"name\":\"\u9996\u9875\",\"item\":\"https:\/\/panwinjet.com\/\"},{\"@type\":\"ListItem\",\"position\":2,\"name\":\"PRODUCT\",\"item\":\"https:\/\/panwinjet.com\/product\/\"},{\"@type\":\"ListItem\",\"position\":3,\"name\":\"46Kpsi Ultra-high pressure Water Jet blasting machine parts for 46kpsi Hammelmann Cylinder Assembly\"}]},{\"@type\":\"WebSite\",\"@id\":\"https:\/\/panwinjet.com\/#website\",\"url\":\"https:\/\/panwinjet.com\/\",\"name\":\"Panwin Machinery&amp;Equipment\",\"description\":\"Shenzhen Panwin Machinery&amp;Equipment Co.Ltd\",\"potentialAction\":[{\"@type\":\"SearchAction\",\"target\":{\"@type\":\"EntryPoint\",\"urlTemplate\":\"https:\/\/panwinjet.com\/?s={search_term_string}\"},\"query-input\":{\"@type\":\"PropertyValueSpecification\",\"valueRequired\":true,\"valueName\":\"search_term_string\"}}],\"inLanguage\":\"pt-PT\"}]}<\/script>\n<!-- \/ Yoast SEO plugin. -->","yoast_head_json":{"title":"46Kpsi Ultra-high pressure Water Jet blasting machine parts for 46kpsi Hammelmann Cylinder Assembly - Panwin Machinery&amp;Equipment","robots":{"index":"index","follow":"follow","max-snippet":"max-snippet:-1","max-image-preview":"max-image-preview:large","max-video-preview":"max-video-preview:-1"},"canonical":"https:\/\/panwinjet.com\/pt\/produto\/46kpsi-ultra-high-pressure-water-jet-blasting-machine-parts-for-46kpsi-hammelmann-cylinder-assembly\/","og_locale":"pt_PT","og_type":"article","og_title":"46Kpsi Ultra-high pressure Water Jet blasting machine parts for 46kpsi Hammelmann Cylinder Assembly - Panwin Machinery&amp;Equipment","og_description":"3.Product Feature And Application of 46Kpsi Ultra-high pressure Water Jet blasting machine parts for 46kpsi Hammelmann Cylinder Assembly  This 46Kpsi Ultra-high pressure Water Jet blasting machine parts for 46kpsi Hammelmann Cylinder Assembly is of high quality hydro jet parts, it is made of the aerospace grade high-class stainless Steel, it is featured durable and stable performance.  A:Mirror Inside surface process  B:Aerospace-grade stainless steel to made of  C:High Precision Born better finish process  Application:  The 46Kpsi Ultra-high pressure Water Jet blasting machine parts for 46kpsi Hammelmann Cylinder Assembly is applied to the various cleaning task, special for muti-port connection cleaning job. Mainly surface cleaning,Tank&amp;Vessel Cleaning,Automotive Painting cleaning,Mining industry cleaning,Steel manufacture cleaning, Construction industry etc.","og_url":"https:\/\/panwinjet.com\/pt\/produto\/46kpsi-ultra-high-pressure-water-jet-blasting-machine-parts-for-46kpsi-hammelmann-cylinder-assembly\/","og_site_name":"Panwin Machinery&amp;Equipment","og_image":[{"width":1920,"height":2560,"url":"https:\/\/panwinjet.com\/wp-content\/uploads\/2025\/09\/46Kpsi-Ultra-high-pressure-Water-Jet-blasting-machine-parts-for-46kpsi-HMA-Cylinder-Assembly-5-scaled.jpg","type":"image\/jpeg"}],"twitter_card":"summary_large_image","twitter_misc":{"Tempo estimado de leitura":"1 minuto"},"schema":{"@context":"https:\/\/schema.org","@graph":[{"@type":"WebPage","@id":"https:\/\/panwinjet.com\/product\/46kpsi-ultra-high-pressure-water-jet-blasting-machine-parts-for-46kpsi-hammelmann-cylinder-assembly\/","url":"https:\/\/panwinjet.com\/product\/46kpsi-ultra-high-pressure-water-jet-blasting-machine-parts-for-46kpsi-hammelmann-cylinder-assembly\/","name":"46Kpsi Ultra-high pressure Water Jet blasting machine parts for 46kpsi Hammelmann Cylinder Assembly - Panwin Machinery&amp;Equipment","isPartOf":{"@id":"https:\/\/panwinjet.com\/#website"},"primaryImageOfPage":{"@id":"https:\/\/panwinjet.com\/product\/46kpsi-ultra-high-pressure-water-jet-blasting-machine-parts-for-46kpsi-hammelmann-cylinder-assembly\/#primaryimage"},"image":{"@id":"https:\/\/panwinjet.com\/product\/46kpsi-ultra-high-pressure-water-jet-blasting-machine-parts-for-46kpsi-hammelmann-cylinder-assembly\/#primaryimage"},"thumbnailUrl":"https:\/\/panwinjet.com\/wp-content\/uploads\/2025\/09\/46Kpsi-Ultra-high-pressure-Water-Jet-blasting-machine-parts-for-46kpsi-HMA-Cylinder-Assembly-5-scaled.jpg","datePublished":"2025-09-20T01:28:52+00:00","breadcrumb":{"@id":"https:\/\/panwinjet.com\/product\/46kpsi-ultra-high-pressure-water-jet-blasting-machine-parts-for-46kpsi-hammelmann-cylinder-assembly\/#breadcrumb"},"inLanguage":"pt-PT","potentialAction":[{"@type":"ReadAction","target":["https:\/\/panwinjet.com\/product\/46kpsi-ultra-high-pressure-water-jet-blasting-machine-parts-for-46kpsi-hammelmann-cylinder-assembly\/"]}]},{"@type":"ImageObject","inLanguage":"pt-PT","@id":"https:\/\/panwinjet.com\/product\/46kpsi-ultra-high-pressure-water-jet-blasting-machine-parts-for-46kpsi-hammelmann-cylinder-assembly\/#primaryimage","url":"https:\/\/panwinjet.com\/wp-content\/uploads\/2025\/09\/46Kpsi-Ultra-high-pressure-Water-Jet-blasting-machine-parts-for-46kpsi-HMA-Cylinder-Assembly-5-scaled.jpg","contentUrl":"https:\/\/panwinjet.com\/wp-content\/uploads\/2025\/09\/46Kpsi-Ultra-high-pressure-Water-Jet-blasting-machine-parts-for-46kpsi-HMA-Cylinder-Assembly-5-scaled.jpg","width":1920,"height":2560},{"@type":"BreadcrumbList","@id":"https:\/\/panwinjet.com\/product\/46kpsi-ultra-high-pressure-water-jet-blasting-machine-parts-for-46kpsi-hammelmann-cylinder-assembly\/#breadcrumb","itemListElement":[{"@type":"ListItem","position":1,"name":"\u9996\u9875","item":"https:\/\/panwinjet.com\/"},{"@type":"ListItem","position":2,"name":"PRODUCT","item":"https:\/\/panwinjet.com\/product\/"},{"@type":"ListItem","position":3,"name":"46Kpsi Ultra-high pressure Water Jet blasting machine parts for 46kpsi Hammelmann Cylinder Assembly"}]},{"@type":"WebSite","@id":"https:\/\/panwinjet.com\/#website","url":"https:\/\/panwinjet.com\/","name":"Panwin Machinery&amp;Equipment","description":"Shenzhen Panwin Machinery&amp;Equipment Co.Ltd","potentialAction":[{"@type":"SearchAction","target":{"@type":"EntryPoint","urlTemplate":"https:\/\/panwinjet.com\/?s={search_term_string}"},"query-input":{"@type":"PropertyValueSpecification","valueRequired":true,"valueName":"search_term_string"}}],"inLanguage":"pt-PT"}]}},"_links":{"self":[{"href":"https:\/\/panwinjet.com\/pt\/wp-json\/wp\/v2\/product\/1035","targetHints":{"allow":["GET"]}}],"collection":[{"href":"https:\/\/panwinjet.com\/pt\/wp-json\/wp\/v2\/product"}],"about":[{"href":"https:\/\/panwinjet.com\/pt\/wp-json\/wp\/v2\/types\/product"}],"wp:featuredmedia":[{"embeddable":true,"href":"https:\/\/panwinjet.com\/pt\/wp-json\/wp\/v2\/media\/1039"}],"wp:attachment":[{"href":"https:\/\/panwinjet.com\/pt\/wp-json\/wp\/v2\/media?parent=1035"}],"wp:term":[{"taxonomy":"product_brand","embeddable":true,"href":"https:\/\/panwinjet.com\/pt\/wp-json\/wp\/v2\/product_brand?post=1035"},{"taxonomy":"product_cat","embeddable":true,"href":"https:\/\/panwinjet.com\/pt\/wp-json\/wp\/v2\/product_cat?post=1035"},{"taxonomy":"product_tag","embeddable":true,"href":"https:\/\/panwinjet.com\/pt\/wp-json\/wp\/v2\/product_tag?post=1035"}],"curies":[{"name":"wp","href":"https:\/\/api.w.org\/{rel}","templated":true}]}}