{"id":1019,"date":"2025-09-20T01:13:34","date_gmt":"2025-09-20T01:13:34","guid":{"rendered":"https:\/\/panwinjet.com\/?post_type=product&#038;p=1019"},"modified":"2025-09-20T01:13:34","modified_gmt":"2025-09-20T01:13:34","slug":"2800bar-high-pressure-waterjet-surface-preparation-blasting-cleaning-machine-component-for-bc-40k-valve-assembly","status":"publish","type":"product","link":"https:\/\/panwinjet.com\/pt\/produto\/2800bar-high-pressure-waterjet-surface-preparation-blasting-cleaning-machine-component-for-bc-40k-valve-assembly\/","title":{"rendered":"M\u00e1quina de jateamento e limpeza para prepara\u00e7\u00e3o de superf\u00edcie com jato de \u00e1gua de alta press\u00e3o (2800 bar) para montagem da v\u00e1lvula BC-40K."},"content":{"rendered":"<p><strong><b>1. Apresenta\u00e7\u00e3o do produto: Componente da m\u00e1quina de jateamento e limpeza para prepara\u00e7\u00e3o de superf\u00edcie com jato de \u00e1gua de alta press\u00e3o de 2800 bar para a v\u00e1lvula BC-40K <\/b><\/strong><\/p>\n<p><strong><b>Esse <\/b><\/strong><strong><b>M\u00e1quina de jateamento e limpeza de prepara\u00e7\u00e3o de superf\u00edcie com jato de \u00e1gua de alta press\u00e3o de 2800 bar para componentes da v\u00e1lvula BC-40K.<\/b><\/strong><strong><b>\u00a0\u00c9 compat\u00edvel com o conjunto de v\u00e1lvulas BC coreano, cujo n\u00famero de pe\u00e7a \u00e9 800424.<\/b><\/strong><\/p>","protected":false},"excerpt":{"rendered":"<p><strong><b>Par\u00e2metro (Especifica\u00e7\u00e3o) de <\/b><\/strong>M\u00e1quina de jateamento e limpeza de prepara\u00e7\u00e3o de superf\u00edcie com jato de \u00e1gua de alta press\u00e3o de 2800 bar para componentes da v\u00e1lvula BC-40K.<\/p>\n<p><img decoding=\"async\" class=\"aligncenter size-full wp-image-1024 lazyload\" data-src=\"https:\/\/panwinjet.com\/wp-content\/uploads\/2025\/09\/IMG_20231201_101653-scaled.jpg\" alt=\"\" width=\"2560\" height=\"1920\" data-srcset=\"https:\/\/panwinjet.com\/wp-content\/uploads\/2025\/09\/IMG_20231201_101653-scaled.jpg 2560w, https:\/\/panwinjet.com\/wp-content\/uploads\/2025\/09\/IMG_20231201_101653-500x375.jpg 500w, https:\/\/panwinjet.com\/wp-content\/uploads\/2025\/09\/IMG_20231201_101653-1200x900.jpg 1200w, https:\/\/panwinjet.com\/wp-content\/uploads\/2025\/09\/IMG_20231201_101653-300x225.jpg 300w, https:\/\/panwinjet.com\/wp-content\/uploads\/2025\/09\/IMG_20231201_101653-768x576.jpg 768w, https:\/\/panwinjet.com\/wp-content\/uploads\/2025\/09\/IMG_20231201_101653-1536x1152.jpg 1536w, https:\/\/panwinjet.com\/wp-content\/uploads\/2025\/09\/IMG_20231201_101653-2048x1536.jpg 2048w, https:\/\/panwinjet.com\/wp-content\/uploads\/2025\/09\/IMG_20231201_101653-100x75.jpg 100w, https:\/\/panwinjet.com\/wp-content\/uploads\/2025\/09\/IMG_20231201_101653-480x360.jpg 480w, https:\/\/panwinjet.com\/wp-content\/uploads\/2025\/09\/IMG_20231201_101653-800x600.jpg 800w\" data-sizes=\"(max-width:767px) 480px, (max-width:2560px) 100vw, 2560px\" src=\"data:image\/svg+xml;base64,PHN2ZyB3aWR0aD0iMSIgaGVpZ2h0PSIxIiB4bWxucz0iaHR0cDovL3d3dy53My5vcmcvMjAwMC9zdmciPjwvc3ZnPg==\" style=\"--smush-placeholder-width: 2560px; --smush-placeholder-aspect-ratio: 2560\/1920;\" \/><\/p>\n<p>O componente da m\u00e1quina de jateamento e limpeza de prepara\u00e7\u00e3o de superf\u00edcie com jato de \u00e1gua de alta press\u00e3o de 2800 bar para o conjunto da v\u00e1lvula BC-40K tem uma press\u00e3o nominal de 40000 psi (2800 bar) e um design avan\u00e7ado para um desempenho de pulveriza\u00e7\u00e3o est\u00e1vel e longa durabilidade.<\/p>\n<p><strong><b>Caracter\u00edsticas e aplica\u00e7\u00f5es da m\u00e1quina de jateamento e limpeza para prepara\u00e7\u00e3o de superf\u00edcie com jato de \u00e1gua de alta press\u00e3o de 2800 bar para a v\u00e1lvula BC-40K. <\/b><\/strong><strong><b>Conjunto<\/b><\/strong><\/p>\n<p>O componente da m\u00e1quina de jateamento e limpeza para prepara\u00e7\u00e3o de superf\u00edcie com jato de \u00e1gua de alta press\u00e3o de 2800 bar para o conjunto da v\u00e1lvula BC-40K apresenta alta efici\u00eancia e desempenho est\u00e1vel, sendo fabricado em a\u00e7o inoxid\u00e1vel de alta qualidade, com padr\u00e3o aeroespacial, e suas seguintes caracter\u00edsticas:<\/p>\n<p>A: Fabricado em a\u00e7o inoxid\u00e1vel de grau aeroespacial<\/p>\n<p>B: Alta precis\u00e3o e melhor processo de acabamento.<\/p>\n<p>C:Processo de espelhamento de rosto<\/p>\n<p><strong><b>Aplicativo:<\/b><\/strong><\/p>\n<p>N\u00f3s, da Panwin, fornecemos o componente da m\u00e1quina de jateamento e prepara\u00e7\u00e3o de superf\u00edcie com jato de \u00e1gua de alta press\u00e3o de 2800 bar para o conjunto da v\u00e1lvula BC-40K a um pre\u00e7o razo\u00e1vel. Este equipamento pode ser amplamente utilizado em limpeza de superf\u00edcies, limpeza de tanques e vasos de press\u00e3o, limpeza de pintura automotiva, limpeza na ind\u00fastria de minera\u00e7\u00e3o, limpeza na fabrica\u00e7\u00e3o de a\u00e7o, ind\u00fastria da constru\u00e7\u00e3o civil, etc.<\/p>","protected":false},"featured_media":-1,"template":"","meta":[],"product_brand":[],"product_cat":[6],"product_tag":[],"class_list":{"0":"post-1019","1":"product","2":"type-product","3":"status-publish","4":"has-post-thumbnail","6":"product_cat-uni-valves-for-uhp-pump","8":"first","9":"instock","10":"shipping-taxable","11":"product-type-simple"},"yoast_head":"<!-- This site is optimized with the Yoast SEO plugin v24.9 - https:\/\/yoast.com\/wordpress\/plugins\/seo\/ -->\n<title>2800Bar high pressure waterjet Surface preparation blasting cleaning machine component for BC-40K Valve assembly - Panwin Machinery&amp;Equipment<\/title>\n<meta name=\"robots\" content=\"index, follow, max-snippet:-1, max-image-preview:large, max-video-preview:-1\" \/>\n<link rel=\"canonical\" href=\"https:\/\/panwinjet.com\/pt\/produto\/2800bar-high-pressure-waterjet-surface-preparation-blasting-cleaning-machine-component-for-bc-40k-valve-assembly\/\" \/>\n<meta property=\"og:locale\" content=\"pt_PT\" \/>\n<meta property=\"og:type\" content=\"article\" \/>\n<meta property=\"og:title\" content=\"2800Bar high pressure waterjet Surface preparation blasting cleaning machine component for BC-40K Valve assembly - Panwin Machinery&amp;Equipment\" \/>\n<meta property=\"og:description\" content=\"Parameter (Specification) of 2800Bar high pressure waterjet Surface preparation blasting cleaning machine component for BC-40K Valve    The 2800Bar high pressure waterjet Surface preparation blasting cleaning machine component for BC-40K Valve assembly is 40000psi(2800Bar) pressure rated,and it is advanced design for the stable spraying performance and long-durability.  Feature And Application of 2800Bar high pressure waterjet Surface preparation blasting cleaning machine component for BC-40K Valve Assembly  The 2800Bar high pressure waterjet Surface preparation blasting cleaning machine component for BC-40K Valve Assembly featured high efficiency and stable performance, and it is made of high class aerospace grade stainless steel, featured as follows:  A:Aerospace-grade stainless steel to made of  B:High Precision and better finish process.  C:Mirror face process  Application:  We Panwin supply you the 2800Bar high pressure waterjet Surface preparation blasting cleaning machine component for BC-40K Valve Assembly with reasonable price, and it can be widely used in surface cleaning,Tank&amp;Vessel Cleaning,Automotive Painting cleaning,Mining industry cleaning,Steel manufacture cleaning, Construction industry\u00a0etc.\" \/>\n<meta property=\"og:url\" content=\"https:\/\/panwinjet.com\/pt\/produto\/2800bar-high-pressure-waterjet-surface-preparation-blasting-cleaning-machine-component-for-bc-40k-valve-assembly\/\" \/>\n<meta property=\"og:site_name\" content=\"Panwin Machinery&amp;Equipment\" \/>\n<meta name=\"twitter:card\" content=\"summary_large_image\" \/>\n<meta name=\"twitter:label1\" content=\"Tempo estimado de leitura\" \/>\n\t<meta name=\"twitter:data1\" content=\"1 minuto\" \/>\n<script type=\"application\/ld+json\" class=\"yoast-schema-graph\">{\"@context\":\"https:\/\/schema.org\",\"@graph\":[{\"@type\":\"WebPage\",\"@id\":\"https:\/\/panwinjet.com\/product\/2800bar-high-pressure-waterjet-surface-preparation-blasting-cleaning-machine-component-for-bc-40k-valve-assembly\/\",\"url\":\"https:\/\/panwinjet.com\/product\/2800bar-high-pressure-waterjet-surface-preparation-blasting-cleaning-machine-component-for-bc-40k-valve-assembly\/\",\"name\":\"2800Bar high pressure waterjet Surface preparation blasting cleaning machine component for BC-40K Valve assembly - Panwin Machinery&amp;Equipment\",\"isPartOf\":{\"@id\":\"https:\/\/panwinjet.com\/#website\"},\"datePublished\":\"2025-09-20T01:13:34+00:00\",\"breadcrumb\":{\"@id\":\"https:\/\/panwinjet.com\/product\/2800bar-high-pressure-waterjet-surface-preparation-blasting-cleaning-machine-component-for-bc-40k-valve-assembly\/#breadcrumb\"},\"inLanguage\":\"pt-PT\",\"potentialAction\":[{\"@type\":\"ReadAction\",\"target\":[\"https:\/\/panwinjet.com\/product\/2800bar-high-pressure-waterjet-surface-preparation-blasting-cleaning-machine-component-for-bc-40k-valve-assembly\/\"]}]},{\"@type\":\"BreadcrumbList\",\"@id\":\"https:\/\/panwinjet.com\/product\/2800bar-high-pressure-waterjet-surface-preparation-blasting-cleaning-machine-component-for-bc-40k-valve-assembly\/#breadcrumb\",\"itemListElement\":[{\"@type\":\"ListItem\",\"position\":1,\"name\":\"\u9996\u9875\",\"item\":\"https:\/\/panwinjet.com\/\"},{\"@type\":\"ListItem\",\"position\":2,\"name\":\"PRODUCT\",\"item\":\"https:\/\/panwinjet.com\/product\/\"},{\"@type\":\"ListItem\",\"position\":3,\"name\":\"2800Bar high pressure waterjet Surface preparation blasting cleaning machine component for BC-40K Valve assembly\"}]},{\"@type\":\"WebSite\",\"@id\":\"https:\/\/panwinjet.com\/#website\",\"url\":\"https:\/\/panwinjet.com\/\",\"name\":\"Panwin Machinery&amp;Equipment\",\"description\":\"Shenzhen Panwin Machinery&amp;Equipment Co.Ltd\",\"potentialAction\":[{\"@type\":\"SearchAction\",\"target\":{\"@type\":\"EntryPoint\",\"urlTemplate\":\"https:\/\/panwinjet.com\/?s={search_term_string}\"},\"query-input\":{\"@type\":\"PropertyValueSpecification\",\"valueRequired\":true,\"valueName\":\"search_term_string\"}}],\"inLanguage\":\"pt-PT\"}]}<\/script>\n<!-- \/ Yoast SEO plugin. -->","yoast_head_json":{"title":"2800Bar high pressure waterjet Surface preparation blasting cleaning machine component for BC-40K Valve assembly - Panwin Machinery&amp;Equipment","robots":{"index":"index","follow":"follow","max-snippet":"max-snippet:-1","max-image-preview":"max-image-preview:large","max-video-preview":"max-video-preview:-1"},"canonical":"https:\/\/panwinjet.com\/pt\/produto\/2800bar-high-pressure-waterjet-surface-preparation-blasting-cleaning-machine-component-for-bc-40k-valve-assembly\/","og_locale":"pt_PT","og_type":"article","og_title":"2800Bar high pressure waterjet Surface preparation blasting cleaning machine component for BC-40K Valve assembly - Panwin Machinery&amp;Equipment","og_description":"Parameter (Specification) of 2800Bar high pressure waterjet Surface preparation blasting cleaning machine component for BC-40K Valve    The 2800Bar high pressure waterjet Surface preparation blasting cleaning machine component for BC-40K Valve assembly is 40000psi(2800Bar) pressure rated,and it is advanced design for the stable spraying performance and long-durability.  Feature And Application of 2800Bar high pressure waterjet Surface preparation blasting cleaning machine component for BC-40K Valve Assembly  The 2800Bar high pressure waterjet Surface preparation blasting cleaning machine component for BC-40K Valve Assembly featured high efficiency and stable performance, and it is made of high class aerospace grade stainless steel, featured as follows:  A:Aerospace-grade stainless steel to made of  B:High Precision and better finish process.  C:Mirror face process  Application:  We Panwin supply you the 2800Bar high pressure waterjet Surface preparation blasting cleaning machine component for BC-40K Valve Assembly with reasonable price, and it can be widely used in surface cleaning,Tank&amp;Vessel Cleaning,Automotive Painting cleaning,Mining industry cleaning,Steel manufacture cleaning, Construction industry\u00a0etc.","og_url":"https:\/\/panwinjet.com\/pt\/produto\/2800bar-high-pressure-waterjet-surface-preparation-blasting-cleaning-machine-component-for-bc-40k-valve-assembly\/","og_site_name":"Panwin Machinery&amp;Equipment","twitter_card":"summary_large_image","twitter_misc":{"Tempo estimado de leitura":"1 minuto"},"schema":{"@context":"https:\/\/schema.org","@graph":[{"@type":"WebPage","@id":"https:\/\/panwinjet.com\/product\/2800bar-high-pressure-waterjet-surface-preparation-blasting-cleaning-machine-component-for-bc-40k-valve-assembly\/","url":"https:\/\/panwinjet.com\/product\/2800bar-high-pressure-waterjet-surface-preparation-blasting-cleaning-machine-component-for-bc-40k-valve-assembly\/","name":"2800Bar high pressure waterjet Surface preparation blasting cleaning machine component for BC-40K Valve assembly - Panwin Machinery&amp;Equipment","isPartOf":{"@id":"https:\/\/panwinjet.com\/#website"},"datePublished":"2025-09-20T01:13:34+00:00","breadcrumb":{"@id":"https:\/\/panwinjet.com\/product\/2800bar-high-pressure-waterjet-surface-preparation-blasting-cleaning-machine-component-for-bc-40k-valve-assembly\/#breadcrumb"},"inLanguage":"pt-PT","potentialAction":[{"@type":"ReadAction","target":["https:\/\/panwinjet.com\/product\/2800bar-high-pressure-waterjet-surface-preparation-blasting-cleaning-machine-component-for-bc-40k-valve-assembly\/"]}]},{"@type":"BreadcrumbList","@id":"https:\/\/panwinjet.com\/product\/2800bar-high-pressure-waterjet-surface-preparation-blasting-cleaning-machine-component-for-bc-40k-valve-assembly\/#breadcrumb","itemListElement":[{"@type":"ListItem","position":1,"name":"\u9996\u9875","item":"https:\/\/panwinjet.com\/"},{"@type":"ListItem","position":2,"name":"PRODUCT","item":"https:\/\/panwinjet.com\/product\/"},{"@type":"ListItem","position":3,"name":"2800Bar high pressure waterjet Surface preparation blasting cleaning machine component for BC-40K Valve assembly"}]},{"@type":"WebSite","@id":"https:\/\/panwinjet.com\/#website","url":"https:\/\/panwinjet.com\/","name":"Panwin Machinery&amp;Equipment","description":"Shenzhen Panwin Machinery&amp;Equipment Co.Ltd","potentialAction":[{"@type":"SearchAction","target":{"@type":"EntryPoint","urlTemplate":"https:\/\/panwinjet.com\/?s={search_term_string}"},"query-input":{"@type":"PropertyValueSpecification","valueRequired":true,"valueName":"search_term_string"}}],"inLanguage":"pt-PT"}]}},"_links":{"self":[{"href":"https:\/\/panwinjet.com\/pt\/wp-json\/wp\/v2\/product\/1019","targetHints":{"allow":["GET"]}}],"collection":[{"href":"https:\/\/panwinjet.com\/pt\/wp-json\/wp\/v2\/product"}],"about":[{"href":"https:\/\/panwinjet.com\/pt\/wp-json\/wp\/v2\/types\/product"}],"wp:featuredmedia":[{"embeddable":true,"href":"https:\/\/panwinjet.com\/pt\/wp-json\/"}],"wp:attachment":[{"href":"https:\/\/panwinjet.com\/pt\/wp-json\/wp\/v2\/media?parent=1019"}],"wp:term":[{"taxonomy":"product_brand","embeddable":true,"href":"https:\/\/panwinjet.com\/pt\/wp-json\/wp\/v2\/product_brand?post=1019"},{"taxonomy":"product_cat","embeddable":true,"href":"https:\/\/panwinjet.com\/pt\/wp-json\/wp\/v2\/product_cat?post=1019"},{"taxonomy":"product_tag","embeddable":true,"href":"https:\/\/panwinjet.com\/pt\/wp-json\/wp\/v2\/product_tag?post=1019"}],"curies":[{"name":"wp","href":"https:\/\/api.w.org\/{rel}","templated":true}]}}