{"id":1007,"date":"2025-09-20T01:03:03","date_gmt":"2025-09-20T01:03:03","guid":{"rendered":"https:\/\/panwinjet.com\/?post_type=product&#038;p=1007"},"modified":"2025-09-21T13:31:09","modified_gmt":"2025-09-21T13:31:09","slug":"20kpsi-high-pressure-water-jet-blasting-machine-component-for-jetstream-20k-6-plunger","status":"publish","type":"product","link":"https:\/\/panwinjet.com\/pt\/produto\/20kpsi-high-pressure-water-jet-blasting-machine-component-for-jetstream-20k-6-plunger\/","title":{"rendered":"Componente para m\u00e1quina de jateamento com jato de \u00e1gua de alta press\u00e3o de 20Kpsi para \u00eambolo Jetstream 20k 6#"},"content":{"rendered":"<p><strong><b>Componente para m\u00e1quina de jateamento com jato de \u00e1gua de alta press\u00e3o de 20Kpsi para \u00eambolo Jetstream 20k 6#<\/b><\/strong><\/p>\n<p><strong><b>\u00a0<\/b><\/strong><strong><b>\u00a0Introdu\u00e7\u00e3o de <\/b><\/strong><strong><b>Componente para m\u00e1quina de jateamento com jato de \u00e1gua de alta press\u00e3o de 20Kpsi para \u00eambolo Jetstream 20k 6#<\/b><\/strong><\/p>\n<p><strong><b>Esse <\/b><\/strong><strong><b>Componente para m\u00e1quina de jateamento com jato de \u00e1gua de alta press\u00e3o de 20Kpsi para \u00eambolo Jetstream 20k 6#<\/b><\/strong><strong><b>\u00a0\u00c9 um modelo com classifica\u00e7\u00e3o de press\u00e3o de 20 kpsi e \u00e9 compat\u00edvel com o Jetstream NO.51849.<\/b><\/strong><\/p>\n<p><strong><b> <img decoding=\"async\" class=\"aligncenter size-full wp-image-1012 lazyload\" data-src=\"https:\/\/panwinjet.com\/wp-content\/uploads\/2025\/09\/20Kpsi-high-pressure-Water-jet-blasting-machine-component-for-Jetstream-20k-6-plunger-9-scaled.jpg\" alt=\"\" width=\"1920\" height=\"2560\" data-srcset=\"https:\/\/panwinjet.com\/wp-content\/uploads\/2025\/09\/20Kpsi-high-pressure-Water-jet-blasting-machine-component-for-Jetstream-20k-6-plunger-9-scaled.jpg 1920w, https:\/\/panwinjet.com\/wp-content\/uploads\/2025\/09\/20Kpsi-high-pressure-Water-jet-blasting-machine-component-for-Jetstream-20k-6-plunger-9-375x500.jpg 375w, https:\/\/panwinjet.com\/wp-content\/uploads\/2025\/09\/20Kpsi-high-pressure-Water-jet-blasting-machine-component-for-Jetstream-20k-6-plunger-9-900x1200.jpg 900w, https:\/\/panwinjet.com\/wp-content\/uploads\/2025\/09\/20Kpsi-high-pressure-Water-jet-blasting-machine-component-for-Jetstream-20k-6-plunger-9-225x300.jpg 225w, https:\/\/panwinjet.com\/wp-content\/uploads\/2025\/09\/20Kpsi-high-pressure-Water-jet-blasting-machine-component-for-Jetstream-20k-6-plunger-9-768x1024.jpg 768w, https:\/\/panwinjet.com\/wp-content\/uploads\/2025\/09\/20Kpsi-high-pressure-Water-jet-blasting-machine-component-for-Jetstream-20k-6-plunger-9-1152x1536.jpg 1152w, https:\/\/panwinjet.com\/wp-content\/uploads\/2025\/09\/20Kpsi-high-pressure-Water-jet-blasting-machine-component-for-Jetstream-20k-6-plunger-9-1536x2048.jpg 1536w, https:\/\/panwinjet.com\/wp-content\/uploads\/2025\/09\/20Kpsi-high-pressure-Water-jet-blasting-machine-component-for-Jetstream-20k-6-plunger-9-56x75.jpg 56w, https:\/\/panwinjet.com\/wp-content\/uploads\/2025\/09\/20Kpsi-high-pressure-Water-jet-blasting-machine-component-for-Jetstream-20k-6-plunger-9-480x640.jpg 480w, https:\/\/panwinjet.com\/wp-content\/uploads\/2025\/09\/20Kpsi-high-pressure-Water-jet-blasting-machine-component-for-Jetstream-20k-6-plunger-9-800x1067.jpg 800w\" data-sizes=\"(max-width:767px) 480px, (max-width:1920px) 100vw, 1920px\" src=\"data:image\/svg+xml;base64,PHN2ZyB3aWR0aD0iMSIgaGVpZ2h0PSIxIiB4bWxucz0iaHR0cDovL3d3dy53My5vcmcvMjAwMC9zdmciPjwvc3ZnPg==\" style=\"--smush-placeholder-width: 1920px; --smush-placeholder-aspect-ratio: 1920\/2560;\" \/><\/b><\/strong><\/p>\n<p><strong><b>Par\u00e2metro (Especifica\u00e7\u00e3o) de <\/b><\/strong><strong><b>Componente para m\u00e1quina de jateamento com jato de \u00e1gua de alta press\u00e3o de 20Kpsi para \u00eambolo Jetstream 20k 6#<\/b><\/strong><\/p>\n<p>O <strong><b>Componente para m\u00e1quina de jateamento com jato de \u00e1gua de alta press\u00e3o de 20Kpsi para \u00eambolo Jetstream 20k 6#<\/b><\/strong><strong><b>\u00a0\u00c9 fabricado em a\u00e7o inoxid\u00e1vel de alta qualidade e n\u00edvel aeroespacial, com um processo de revestimento preciso e rigoroso. Possui excelente qualidade e \u00e9 compat\u00edvel com os modelos de extremidade fluida de 20Kpsi, modelo 3020.<\/b><\/strong><\/p>","protected":false},"excerpt":{"rendered":"<p><strong><b>Caracter\u00edsticas e aplica\u00e7\u00f5es de <\/b><\/strong><strong><b>Componente para m\u00e1quina de jateamento com jato de \u00e1gua de alta press\u00e3o de 20Kpsi para \u00eambolo Jetstream 20k 6#<\/b><\/strong><\/p>\n<p>O componente da m\u00e1quina de jateamento com jato de \u00e1gua de alta press\u00e3o de 20Kpsi para o \u00eambolo Jetstream 20k 6# \u00e9 feito de material de excelente qualidade e dur\u00e1vel.<\/p>\n<p>Apresenta-se da seguinte forma:<\/p>\n<p>A: Material de alta qualidade, n\u00edvel aeroespacial, para fabrica\u00e7\u00e3o de<\/p>\n<p>B: Processo de fabrica\u00e7\u00e3o por retifica\u00e7\u00e3o de precis\u00e3o<\/p>\n<p>C: M\u00e9todo de fabrica\u00e7\u00e3o de revestimento antifric\u00e7\u00e3o.<\/p>\n<p><strong>Aplicativo:<\/strong><\/p>\n<p>Esta m\u00e1quina de limpeza por jateamento de alta press\u00e3o de 20Kpsi para tubos de trocadores de calor, com \u00eambolo Jetstream 11#, \u00e9 um componente chave da bomba Jetstream e pode ser usada na limpeza geral de superf\u00edcies, limpeza de tubula\u00e7\u00f5es, limpeza de trocadores de calor, pintura com jato de \u00e1gua e remo\u00e7\u00e3o de ferrugem, etc.<\/p>","protected":false},"featured_media":1011,"template":"","meta":[],"product_brand":[],"product_cat":[7],"product_tag":[],"class_list":{"0":"post-1007","1":"product","2":"type-product","3":"status-publish","4":"has-post-thumbnail","6":"product_cat-jetstream-pump-fluid-end-compatibe-parts","8":"first","9":"instock","10":"shipping-taxable","11":"product-type-simple"},"yoast_head":"<!-- This site is optimized with the Yoast SEO plugin v24.9 - https:\/\/yoast.com\/wordpress\/plugins\/seo\/ -->\n<title>20Kpsi high pressure Water jet blasting machine component for Jetstream 20k 6# plunger - Panwin Machinery&amp;Equipment<\/title>\n<meta name=\"robots\" content=\"index, follow, max-snippet:-1, max-image-preview:large, max-video-preview:-1\" \/>\n<link rel=\"canonical\" href=\"https:\/\/panwinjet.com\/pt\/produto\/20kpsi-high-pressure-water-jet-blasting-machine-component-for-jetstream-20k-6-plunger\/\" \/>\n<meta property=\"og:locale\" content=\"pt_PT\" \/>\n<meta property=\"og:type\" content=\"article\" \/>\n<meta property=\"og:title\" content=\"20Kpsi high pressure Water jet blasting machine component for Jetstream 20k 6# plunger - Panwin Machinery&amp;Equipment\" \/>\n<meta property=\"og:description\" content=\"Feature And Application of 20Kpsi high pressure Water jet blasting machine component for Jetstream 20k 6# plunger  The 20Kpsi high pressure Water jet blasting machine component for Jetstream 20k 6# plunger\u00a0is excellent quality material, it is durable.  It is featured as follows:  A: High grade aerospace level material to made of  B:Precise grinding manufacture process  C:Anti-friction coating manufacture method.  Application:  This 20Kpsi high pressure Hydro Jet heat-exchanger tubing blasting cleaning machine parts for Jetstream 11# Plunger\u00a0is key component of the Jetstream Pump,it\u00a0can be used in the general surface cleaning, pipeline tubing cleaning, the heat-exchange cleaning, Hydro Painting &amp;Rust cleaning etc.\" \/>\n<meta property=\"og:url\" content=\"https:\/\/panwinjet.com\/pt\/produto\/20kpsi-high-pressure-water-jet-blasting-machine-component-for-jetstream-20k-6-plunger\/\" \/>\n<meta property=\"og:site_name\" content=\"Panwin Machinery&amp;Equipment\" \/>\n<meta property=\"article:modified_time\" content=\"2025-09-21T13:31:09+00:00\" \/>\n<meta property=\"og:image\" content=\"https:\/\/panwinjet.com\/wp-content\/uploads\/2025\/09\/20Kpsi-high-pressure-Water-jet-blasting-machine-component-for-Jetstream-20k-6-plunger-8-scaled.jpg\" \/>\n\t<meta property=\"og:image:width\" content=\"1920\" \/>\n\t<meta property=\"og:image:height\" content=\"2560\" \/>\n\t<meta property=\"og:image:type\" content=\"image\/jpeg\" \/>\n<meta name=\"twitter:card\" content=\"summary_large_image\" \/>\n<meta name=\"twitter:label1\" content=\"Tempo estimado de leitura\" \/>\n\t<meta name=\"twitter:data1\" content=\"1 minuto\" \/>\n<script type=\"application\/ld+json\" class=\"yoast-schema-graph\">{\"@context\":\"https:\/\/schema.org\",\"@graph\":[{\"@type\":\"WebPage\",\"@id\":\"https:\/\/panwinjet.com\/product\/20kpsi-high-pressure-water-jet-blasting-machine-component-for-jetstream-20k-6-plunger\/\",\"url\":\"https:\/\/panwinjet.com\/product\/20kpsi-high-pressure-water-jet-blasting-machine-component-for-jetstream-20k-6-plunger\/\",\"name\":\"20Kpsi high pressure Water jet blasting machine component for Jetstream 20k 6# plunger - Panwin Machinery&amp;Equipment\",\"isPartOf\":{\"@id\":\"https:\/\/panwinjet.com\/#website\"},\"primaryImageOfPage\":{\"@id\":\"https:\/\/panwinjet.com\/product\/20kpsi-high-pressure-water-jet-blasting-machine-component-for-jetstream-20k-6-plunger\/#primaryimage\"},\"image\":{\"@id\":\"https:\/\/panwinjet.com\/product\/20kpsi-high-pressure-water-jet-blasting-machine-component-for-jetstream-20k-6-plunger\/#primaryimage\"},\"thumbnailUrl\":\"https:\/\/panwinjet.com\/wp-content\/uploads\/2025\/09\/20Kpsi-high-pressure-Water-jet-blasting-machine-component-for-Jetstream-20k-6-plunger-8-scaled.jpg\",\"datePublished\":\"2025-09-20T01:03:03+00:00\",\"dateModified\":\"2025-09-21T13:31:09+00:00\",\"breadcrumb\":{\"@id\":\"https:\/\/panwinjet.com\/product\/20kpsi-high-pressure-water-jet-blasting-machine-component-for-jetstream-20k-6-plunger\/#breadcrumb\"},\"inLanguage\":\"pt-PT\",\"potentialAction\":[{\"@type\":\"ReadAction\",\"target\":[\"https:\/\/panwinjet.com\/product\/20kpsi-high-pressure-water-jet-blasting-machine-component-for-jetstream-20k-6-plunger\/\"]}]},{\"@type\":\"ImageObject\",\"inLanguage\":\"pt-PT\",\"@id\":\"https:\/\/panwinjet.com\/product\/20kpsi-high-pressure-water-jet-blasting-machine-component-for-jetstream-20k-6-plunger\/#primaryimage\",\"url\":\"https:\/\/panwinjet.com\/wp-content\/uploads\/2025\/09\/20Kpsi-high-pressure-Water-jet-blasting-machine-component-for-Jetstream-20k-6-plunger-8-scaled.jpg\",\"contentUrl\":\"https:\/\/panwinjet.com\/wp-content\/uploads\/2025\/09\/20Kpsi-high-pressure-Water-jet-blasting-machine-component-for-Jetstream-20k-6-plunger-8-scaled.jpg\",\"width\":1920,\"height\":2560},{\"@type\":\"BreadcrumbList\",\"@id\":\"https:\/\/panwinjet.com\/product\/20kpsi-high-pressure-water-jet-blasting-machine-component-for-jetstream-20k-6-plunger\/#breadcrumb\",\"itemListElement\":[{\"@type\":\"ListItem\",\"position\":1,\"name\":\"\u9996\u9875\",\"item\":\"https:\/\/panwinjet.com\/\"},{\"@type\":\"ListItem\",\"position\":2,\"name\":\"PRODUCT\",\"item\":\"https:\/\/panwinjet.com\/product\/\"},{\"@type\":\"ListItem\",\"position\":3,\"name\":\"20Kpsi high pressure Water jet blasting machine component for Jetstream 20k 6# plunger\"}]},{\"@type\":\"WebSite\",\"@id\":\"https:\/\/panwinjet.com\/#website\",\"url\":\"https:\/\/panwinjet.com\/\",\"name\":\"Panwin Machinery&amp;Equipment\",\"description\":\"Shenzhen Panwin Machinery&amp;Equipment Co.Ltd\",\"potentialAction\":[{\"@type\":\"SearchAction\",\"target\":{\"@type\":\"EntryPoint\",\"urlTemplate\":\"https:\/\/panwinjet.com\/?s={search_term_string}\"},\"query-input\":{\"@type\":\"PropertyValueSpecification\",\"valueRequired\":true,\"valueName\":\"search_term_string\"}}],\"inLanguage\":\"pt-PT\"}]}<\/script>\n<!-- \/ Yoast SEO plugin. -->","yoast_head_json":{"title":"20Kpsi high pressure Water jet blasting machine component for Jetstream 20k 6# plunger - Panwin Machinery&amp;Equipment","robots":{"index":"index","follow":"follow","max-snippet":"max-snippet:-1","max-image-preview":"max-image-preview:large","max-video-preview":"max-video-preview:-1"},"canonical":"https:\/\/panwinjet.com\/pt\/produto\/20kpsi-high-pressure-water-jet-blasting-machine-component-for-jetstream-20k-6-plunger\/","og_locale":"pt_PT","og_type":"article","og_title":"20Kpsi high pressure Water jet blasting machine component for Jetstream 20k 6# plunger - Panwin Machinery&amp;Equipment","og_description":"Feature And Application of 20Kpsi high pressure Water jet blasting machine component for Jetstream 20k 6# plunger  The 20Kpsi high pressure Water jet blasting machine component for Jetstream 20k 6# plunger\u00a0is excellent quality material, it is durable.  It is featured as follows:  A: High grade aerospace level material to made of  B:Precise grinding manufacture process  C:Anti-friction coating manufacture method.  Application:  This 20Kpsi high pressure Hydro Jet heat-exchanger tubing blasting cleaning machine parts for Jetstream 11# Plunger\u00a0is key component of the Jetstream Pump,it\u00a0can be used in the general surface cleaning, pipeline tubing cleaning, the heat-exchange cleaning, Hydro Painting &amp;Rust cleaning etc.","og_url":"https:\/\/panwinjet.com\/pt\/produto\/20kpsi-high-pressure-water-jet-blasting-machine-component-for-jetstream-20k-6-plunger\/","og_site_name":"Panwin Machinery&amp;Equipment","article_modified_time":"2025-09-21T13:31:09+00:00","og_image":[{"width":1920,"height":2560,"url":"https:\/\/panwinjet.com\/wp-content\/uploads\/2025\/09\/20Kpsi-high-pressure-Water-jet-blasting-machine-component-for-Jetstream-20k-6-plunger-8-scaled.jpg","type":"image\/jpeg"}],"twitter_card":"summary_large_image","twitter_misc":{"Tempo estimado de leitura":"1 minuto"},"schema":{"@context":"https:\/\/schema.org","@graph":[{"@type":"WebPage","@id":"https:\/\/panwinjet.com\/product\/20kpsi-high-pressure-water-jet-blasting-machine-component-for-jetstream-20k-6-plunger\/","url":"https:\/\/panwinjet.com\/product\/20kpsi-high-pressure-water-jet-blasting-machine-component-for-jetstream-20k-6-plunger\/","name":"20Kpsi high pressure Water jet blasting machine component for Jetstream 20k 6# plunger - Panwin Machinery&amp;Equipment","isPartOf":{"@id":"https:\/\/panwinjet.com\/#website"},"primaryImageOfPage":{"@id":"https:\/\/panwinjet.com\/product\/20kpsi-high-pressure-water-jet-blasting-machine-component-for-jetstream-20k-6-plunger\/#primaryimage"},"image":{"@id":"https:\/\/panwinjet.com\/product\/20kpsi-high-pressure-water-jet-blasting-machine-component-for-jetstream-20k-6-plunger\/#primaryimage"},"thumbnailUrl":"https:\/\/panwinjet.com\/wp-content\/uploads\/2025\/09\/20Kpsi-high-pressure-Water-jet-blasting-machine-component-for-Jetstream-20k-6-plunger-8-scaled.jpg","datePublished":"2025-09-20T01:03:03+00:00","dateModified":"2025-09-21T13:31:09+00:00","breadcrumb":{"@id":"https:\/\/panwinjet.com\/product\/20kpsi-high-pressure-water-jet-blasting-machine-component-for-jetstream-20k-6-plunger\/#breadcrumb"},"inLanguage":"pt-PT","potentialAction":[{"@type":"ReadAction","target":["https:\/\/panwinjet.com\/product\/20kpsi-high-pressure-water-jet-blasting-machine-component-for-jetstream-20k-6-plunger\/"]}]},{"@type":"ImageObject","inLanguage":"pt-PT","@id":"https:\/\/panwinjet.com\/product\/20kpsi-high-pressure-water-jet-blasting-machine-component-for-jetstream-20k-6-plunger\/#primaryimage","url":"https:\/\/panwinjet.com\/wp-content\/uploads\/2025\/09\/20Kpsi-high-pressure-Water-jet-blasting-machine-component-for-Jetstream-20k-6-plunger-8-scaled.jpg","contentUrl":"https:\/\/panwinjet.com\/wp-content\/uploads\/2025\/09\/20Kpsi-high-pressure-Water-jet-blasting-machine-component-for-Jetstream-20k-6-plunger-8-scaled.jpg","width":1920,"height":2560},{"@type":"BreadcrumbList","@id":"https:\/\/panwinjet.com\/product\/20kpsi-high-pressure-water-jet-blasting-machine-component-for-jetstream-20k-6-plunger\/#breadcrumb","itemListElement":[{"@type":"ListItem","position":1,"name":"\u9996\u9875","item":"https:\/\/panwinjet.com\/"},{"@type":"ListItem","position":2,"name":"PRODUCT","item":"https:\/\/panwinjet.com\/product\/"},{"@type":"ListItem","position":3,"name":"20Kpsi high pressure Water jet blasting machine component for Jetstream 20k 6# plunger"}]},{"@type":"WebSite","@id":"https:\/\/panwinjet.com\/#website","url":"https:\/\/panwinjet.com\/","name":"Panwin Machinery&amp;Equipment","description":"Shenzhen Panwin Machinery&amp;Equipment Co.Ltd","potentialAction":[{"@type":"SearchAction","target":{"@type":"EntryPoint","urlTemplate":"https:\/\/panwinjet.com\/?s={search_term_string}"},"query-input":{"@type":"PropertyValueSpecification","valueRequired":true,"valueName":"search_term_string"}}],"inLanguage":"pt-PT"}]}},"_links":{"self":[{"href":"https:\/\/panwinjet.com\/pt\/wp-json\/wp\/v2\/product\/1007","targetHints":{"allow":["GET"]}}],"collection":[{"href":"https:\/\/panwinjet.com\/pt\/wp-json\/wp\/v2\/product"}],"about":[{"href":"https:\/\/panwinjet.com\/pt\/wp-json\/wp\/v2\/types\/product"}],"wp:featuredmedia":[{"embeddable":true,"href":"https:\/\/panwinjet.com\/pt\/wp-json\/wp\/v2\/media\/1011"}],"wp:attachment":[{"href":"https:\/\/panwinjet.com\/pt\/wp-json\/wp\/v2\/media?parent=1007"}],"wp:term":[{"taxonomy":"product_brand","embeddable":true,"href":"https:\/\/panwinjet.com\/pt\/wp-json\/wp\/v2\/product_brand?post=1007"},{"taxonomy":"product_cat","embeddable":true,"href":"https:\/\/panwinjet.com\/pt\/wp-json\/wp\/v2\/product_cat?post=1007"},{"taxonomy":"product_tag","embeddable":true,"href":"https:\/\/panwinjet.com\/pt\/wp-json\/wp\/v2\/product_tag?post=1007"}],"curies":[{"name":"wp","href":"https:\/\/api.w.org\/{rel}","templated":true}]}}