{"id":994,"date":"2025-09-20T00:51:17","date_gmt":"2025-09-20T00:51:17","guid":{"rendered":"https:\/\/panwinjet.com\/?post_type=product&#038;p=994"},"modified":"2025-09-20T00:51:18","modified_gmt":"2025-09-20T00:51:18","slug":"44kpsi-3000bar-high-pressure-hydro-jet-blasting-self-rotary-head-nozzles-bc-h9-c","status":"publish","type":"product","link":"https:\/\/panwinjet.com\/fr\/produit\/44kpsi-3000bar-high-pressure-hydro-jet-blasting-self-rotary-head-nozzles-bc-h9-c\/","title":{"rendered":"Buses \u00e0 t\u00eate auto-rotative pour le sablage haute pression \u00e0 jet d&#039;eau BC-H9-C (44\u00a0000\u00a0psi\/3\u00a0000\u00a0bar)"},"content":{"rendered":"<p><strong><b>\u00a0Introduction de <\/b><\/strong><strong><b>Nettoyage haute pression par jet d&#039;eau auto-rotatif 44 kpsi\/3000 bar<\/b><\/strong><strong><b>y<\/b><\/strong><strong><b>\u00a0Buses de t\u00eate BC-H9-C<\/b><\/strong><\/p>\n<p>Cette buse de sablage haute pression 44 kpsi\/3000 bar \u00e0 t\u00eate auto-rotative est un syst\u00e8me de projection rotatif \u00e0 vitesse contr\u00f4l\u00e9e de pointe, compatible avec la r\u00e9f\u00e9rence BC-H9-C. Performante, polyvalente et facile d&#039;entretien, elle est id\u00e9ale pour la projection dans de nombreuses conditions de travail et d&#039;utilisation.<\/p>\n<p><strong><b>\u00a0Param\u00e8tre (sp\u00e9cification) de <\/b><\/strong><strong><b>Nettoyage haute pression par jet d&#039;eau auto-rotatif 44 kpsi\/3000 bar<\/b><\/strong><strong><b>y<\/b><\/strong><strong><b>\u00a0Buses de t\u00eate BC-H9-C<\/b><\/strong><\/p>\n<p>Les buses \u00e0 t\u00eate auto-rotative pour le sablage haute pression par jet d&#039;eau de 44 kpsi\/3000 bars sont tr\u00e8s l\u00e9g\u00e8res (environ 1,45 kg seulement) et leur pression varie de 20 \u00e0 44 kpsi, soit de 1400 \u00e0 3000 bars. Elles constituent l&#039;outil id\u00e9al pour les surfaces irr\u00e9guli\u00e8res et les conditions de travail difficiles.<\/p>\n<p>D\u00e9tails ci-dessous\u00a0:<img decoding=\"async\" class=\"aligncenter size-full wp-image-1000 lazyload\" data-src=\"https:\/\/panwinjet.com\/wp-content\/uploads\/2025\/09\/\u68ad\u9c7c\u55b7\u5934StoneAge-2.png\" alt=\"\" width=\"559\" height=\"466\" data-srcset=\"https:\/\/panwinjet.com\/wp-content\/uploads\/2025\/09\/\u68ad\u9c7c\u55b7\u5934StoneAge-2.png 559w, https:\/\/panwinjet.com\/wp-content\/uploads\/2025\/09\/\u68ad\u9c7c\u55b7\u5934StoneAge-2-500x417.png 500w, https:\/\/panwinjet.com\/wp-content\/uploads\/2025\/09\/\u68ad\u9c7c\u55b7\u5934StoneAge-2-300x250.png 300w, https:\/\/panwinjet.com\/wp-content\/uploads\/2025\/09\/\u68ad\u9c7c\u55b7\u5934StoneAge-2-90x75.png 90w, https:\/\/panwinjet.com\/wp-content\/uploads\/2025\/09\/\u68ad\u9c7c\u55b7\u5934StoneAge-2-480x400.png 480w\" data-sizes=\"(max-width:767px) 480px, 559px\" src=\"data:image\/svg+xml;base64,PHN2ZyB3aWR0aD0iMSIgaGVpZ2h0PSIxIiB4bWxucz0iaHR0cDovL3d3dy53My5vcmcvMjAwMC9zdmciPjwvc3ZnPg==\" style=\"--smush-placeholder-width: 559px; --smush-placeholder-aspect-ratio: 559\/466;\" \/><\/p>","protected":false},"excerpt":{"rendered":"<p><strong><b>Caract\u00e9ristiques et applications de <\/b><\/strong><strong><b>Nettoyage haute pression par jet d&#039;eau auto-rotatif 44 kpsi\/3000 bar<\/b><\/strong><strong><b>y<\/b><\/strong><strong><b>\u00a0Buses de t\u00eate BC-H9-C<\/b><\/strong><\/p>\n<p>Ces buses \u00e0 t\u00eate auto-rotative pour le sablage hydrodynamique haute pression offrent une grande polyvalence pour une vitesse contr\u00f4lable et sont adaptables \u00e0 une large gamme de pressions.<\/p>\n<p>Et pr\u00e9sent\u00e9s comme suit\u00a0:<\/p>\n<p>1 : Aucun air comprim\u00e9 n&#039;est n\u00e9cessaire pour faire tourner le m\u00e9canisme.<\/p>\n<p>2 : Pression et vitesse contr\u00f4lables pour des t\u00e2ches polyvalentes<\/p>\n<p>3 : Entretien facile et remplacement rapide<\/p>\n<p>4 : L\u00e9ger et tr\u00e8s efficace<\/p>\n<p><strong><b>Application:<\/b><\/strong><\/p>\n<p>Nous, Panwin, vous proposons les buses \u00e0 t\u00eate auto-rotative de sablage haute pression 44 kpsi\/3000 Bar BC-H9-C \u00e0 un prix raisonnable, et elles peuvent \u00eatre utilis\u00e9es pour le nettoyage de surfaces, le nettoyage de r\u00e9servoirs et de cuves, le nettoyage de peinture automobile, le nettoyage dans l&#039;industrie mini\u00e8re, le nettoyage dans la fabrication de l&#039;acier, l&#039;industrie de la construction, etc.<\/p>","protected":false},"featured_media":998,"template":"","meta":[],"product_brand":[],"product_cat":[5],"product_tag":[],"class_list":{"0":"post-994","1":"product","2":"type-product","3":"status-publish","4":"has-post-thumbnail","6":"product_cat-uhp-rotating-nozzles","8":"first","9":"instock","10":"shipping-taxable","11":"product-type-simple"},"yoast_head":"<!-- This site is optimized with the Yoast SEO plugin v24.9 - https:\/\/yoast.com\/wordpress\/plugins\/seo\/ -->\n<title>44kpsi\/3000Bar High Pressure Hydro Jet Blasting Self-Rotary Head Nozzles BC-H9-C - Panwin Machinery&amp;Equipment<\/title>\n<meta name=\"robots\" content=\"index, follow, max-snippet:-1, max-image-preview:large, max-video-preview:-1\" \/>\n<link rel=\"canonical\" href=\"https:\/\/panwinjet.com\/fr\/produit\/44kpsi-3000bar-high-pressure-hydro-jet-blasting-self-rotary-head-nozzles-bc-h9-c\/\" \/>\n<meta property=\"og:locale\" content=\"fr_FR\" \/>\n<meta property=\"og:type\" content=\"article\" \/>\n<meta property=\"og:title\" content=\"44kpsi\/3000Bar High Pressure Hydro Jet Blasting Self-Rotary Head Nozzles BC-H9-C - Panwin Machinery&amp;Equipment\" \/>\n<meta property=\"og:description\" content=\"Feature And Application of 44kpsi\/3000Bar High Pressure Hydro Jet Blasting Self-Rotary\u00a0Head Nozzles BC-H9-C  This High Pressure Hydro Jet Blasting Self-Rotary Head Nozzles featured \u00a0high-versatility for controllable speed, and it is adaptable for wide range pressure.  And featured as follows:  1:No Compressed air need to make the rotary  2:Controllable pressure&amp;speed for versatile task  3:Easy for service and quick replacement  4:Light weight and high-efficiency  Application:  We Panwin supply you the 44kpsi\/3000Bar High Pressure Hydro Jet Blasting Self-Rotary\u00a0Head Nozzles BC-H9-C\u00a0with reasonable price, and it can be applied in surface cleaning,Tank&amp;Vessel Cleaning,Automotive Painting cleaning,Mining industry cleaning,Steel manufacture cleaning, Construction industry\u00a0etc.\" \/>\n<meta property=\"og:url\" content=\"https:\/\/panwinjet.com\/fr\/produit\/44kpsi-3000bar-high-pressure-hydro-jet-blasting-self-rotary-head-nozzles-bc-h9-c\/\" \/>\n<meta property=\"og:site_name\" content=\"Panwin Machinery&amp;Equipment\" \/>\n<meta property=\"article:modified_time\" content=\"2025-09-20T00:51:18+00:00\" \/>\n<meta property=\"og:image\" content=\"https:\/\/panwinjet.com\/wp-content\/uploads\/2025\/09\/Stoneage-\u55b7\u5934-13-scaled.jpg\" \/>\n\t<meta property=\"og:image:width\" content=\"1920\" \/>\n\t<meta property=\"og:image:height\" content=\"2560\" \/>\n\t<meta property=\"og:image:type\" content=\"image\/jpeg\" \/>\n<meta name=\"twitter:card\" content=\"summary_large_image\" \/>\n<meta name=\"twitter:label1\" content=\"Dur\u00e9e de lecture estim\u00e9e\" \/>\n\t<meta name=\"twitter:data1\" content=\"1 minute\" \/>\n<script type=\"application\/ld+json\" class=\"yoast-schema-graph\">{\"@context\":\"https:\/\/schema.org\",\"@graph\":[{\"@type\":\"WebPage\",\"@id\":\"https:\/\/panwinjet.com\/product\/44kpsi-3000bar-high-pressure-hydro-jet-blasting-self-rotary-head-nozzles-bc-h9-c\/\",\"url\":\"https:\/\/panwinjet.com\/product\/44kpsi-3000bar-high-pressure-hydro-jet-blasting-self-rotary-head-nozzles-bc-h9-c\/\",\"name\":\"44kpsi\/3000Bar High Pressure Hydro Jet Blasting Self-Rotary Head Nozzles BC-H9-C - Panwin Machinery&amp;Equipment\",\"isPartOf\":{\"@id\":\"https:\/\/panwinjet.com\/#website\"},\"primaryImageOfPage\":{\"@id\":\"https:\/\/panwinjet.com\/product\/44kpsi-3000bar-high-pressure-hydro-jet-blasting-self-rotary-head-nozzles-bc-h9-c\/#primaryimage\"},\"image\":{\"@id\":\"https:\/\/panwinjet.com\/product\/44kpsi-3000bar-high-pressure-hydro-jet-blasting-self-rotary-head-nozzles-bc-h9-c\/#primaryimage\"},\"thumbnailUrl\":\"https:\/\/panwinjet.com\/wp-content\/uploads\/2025\/09\/Stoneage-\u55b7\u5934-13-scaled.jpg\",\"datePublished\":\"2025-09-20T00:51:17+00:00\",\"dateModified\":\"2025-09-20T00:51:18+00:00\",\"breadcrumb\":{\"@id\":\"https:\/\/panwinjet.com\/product\/44kpsi-3000bar-high-pressure-hydro-jet-blasting-self-rotary-head-nozzles-bc-h9-c\/#breadcrumb\"},\"inLanguage\":\"fr-FR\",\"potentialAction\":[{\"@type\":\"ReadAction\",\"target\":[\"https:\/\/panwinjet.com\/product\/44kpsi-3000bar-high-pressure-hydro-jet-blasting-self-rotary-head-nozzles-bc-h9-c\/\"]}]},{\"@type\":\"ImageObject\",\"inLanguage\":\"fr-FR\",\"@id\":\"https:\/\/panwinjet.com\/product\/44kpsi-3000bar-high-pressure-hydro-jet-blasting-self-rotary-head-nozzles-bc-h9-c\/#primaryimage\",\"url\":\"https:\/\/panwinjet.com\/wp-content\/uploads\/2025\/09\/Stoneage-\u55b7\u5934-13-scaled.jpg\",\"contentUrl\":\"https:\/\/panwinjet.com\/wp-content\/uploads\/2025\/09\/Stoneage-\u55b7\u5934-13-scaled.jpg\",\"width\":1920,\"height\":2560},{\"@type\":\"BreadcrumbList\",\"@id\":\"https:\/\/panwinjet.com\/product\/44kpsi-3000bar-high-pressure-hydro-jet-blasting-self-rotary-head-nozzles-bc-h9-c\/#breadcrumb\",\"itemListElement\":[{\"@type\":\"ListItem\",\"position\":1,\"name\":\"\u9996\u9875\",\"item\":\"https:\/\/panwinjet.com\/\"},{\"@type\":\"ListItem\",\"position\":2,\"name\":\"PRODUCT\",\"item\":\"https:\/\/panwinjet.com\/product\/\"},{\"@type\":\"ListItem\",\"position\":3,\"name\":\"44kpsi\/3000Bar High Pressure Hydro Jet Blasting Self-Rotary Head Nozzles BC-H9-C\"}]},{\"@type\":\"WebSite\",\"@id\":\"https:\/\/panwinjet.com\/#website\",\"url\":\"https:\/\/panwinjet.com\/\",\"name\":\"Panwin Machinery&amp;Equipment\",\"description\":\"Shenzhen Panwin Machinery&amp;Equipment Co.Ltd\",\"potentialAction\":[{\"@type\":\"SearchAction\",\"target\":{\"@type\":\"EntryPoint\",\"urlTemplate\":\"https:\/\/panwinjet.com\/?s={search_term_string}\"},\"query-input\":{\"@type\":\"PropertyValueSpecification\",\"valueRequired\":true,\"valueName\":\"search_term_string\"}}],\"inLanguage\":\"fr-FR\"}]}<\/script>\n<!-- \/ Yoast SEO plugin. -->","yoast_head_json":{"title":"44kpsi\/3000Bar High Pressure Hydro Jet Blasting Self-Rotary Head Nozzles BC-H9-C - Panwin Machinery&amp;Equipment","robots":{"index":"index","follow":"follow","max-snippet":"max-snippet:-1","max-image-preview":"max-image-preview:large","max-video-preview":"max-video-preview:-1"},"canonical":"https:\/\/panwinjet.com\/fr\/produit\/44kpsi-3000bar-high-pressure-hydro-jet-blasting-self-rotary-head-nozzles-bc-h9-c\/","og_locale":"fr_FR","og_type":"article","og_title":"44kpsi\/3000Bar High Pressure Hydro Jet Blasting Self-Rotary Head Nozzles BC-H9-C - Panwin Machinery&amp;Equipment","og_description":"Feature And Application of 44kpsi\/3000Bar High Pressure Hydro Jet Blasting Self-Rotary\u00a0Head Nozzles BC-H9-C  This High Pressure Hydro Jet Blasting Self-Rotary Head Nozzles featured \u00a0high-versatility for controllable speed, and it is adaptable for wide range pressure.  And featured as follows:  1:No Compressed air need to make the rotary  2:Controllable pressure&amp;speed for versatile task  3:Easy for service and quick replacement  4:Light weight and high-efficiency  Application:  We Panwin supply you the 44kpsi\/3000Bar High Pressure Hydro Jet Blasting Self-Rotary\u00a0Head Nozzles BC-H9-C\u00a0with reasonable price, and it can be applied in surface cleaning,Tank&amp;Vessel Cleaning,Automotive Painting cleaning,Mining industry cleaning,Steel manufacture cleaning, Construction industry\u00a0etc.","og_url":"https:\/\/panwinjet.com\/fr\/produit\/44kpsi-3000bar-high-pressure-hydro-jet-blasting-self-rotary-head-nozzles-bc-h9-c\/","og_site_name":"Panwin Machinery&amp;Equipment","article_modified_time":"2025-09-20T00:51:18+00:00","og_image":[{"width":1920,"height":2560,"url":"https:\/\/panwinjet.com\/wp-content\/uploads\/2025\/09\/Stoneage-\u55b7\u5934-13-scaled.jpg","type":"image\/jpeg"}],"twitter_card":"summary_large_image","twitter_misc":{"Dur\u00e9e de lecture estim\u00e9e":"1 minute"},"schema":{"@context":"https:\/\/schema.org","@graph":[{"@type":"WebPage","@id":"https:\/\/panwinjet.com\/product\/44kpsi-3000bar-high-pressure-hydro-jet-blasting-self-rotary-head-nozzles-bc-h9-c\/","url":"https:\/\/panwinjet.com\/product\/44kpsi-3000bar-high-pressure-hydro-jet-blasting-self-rotary-head-nozzles-bc-h9-c\/","name":"44kpsi\/3000Bar High Pressure Hydro Jet Blasting Self-Rotary Head Nozzles BC-H9-C - Panwin Machinery&amp;Equipment","isPartOf":{"@id":"https:\/\/panwinjet.com\/#website"},"primaryImageOfPage":{"@id":"https:\/\/panwinjet.com\/product\/44kpsi-3000bar-high-pressure-hydro-jet-blasting-self-rotary-head-nozzles-bc-h9-c\/#primaryimage"},"image":{"@id":"https:\/\/panwinjet.com\/product\/44kpsi-3000bar-high-pressure-hydro-jet-blasting-self-rotary-head-nozzles-bc-h9-c\/#primaryimage"},"thumbnailUrl":"https:\/\/panwinjet.com\/wp-content\/uploads\/2025\/09\/Stoneage-\u55b7\u5934-13-scaled.jpg","datePublished":"2025-09-20T00:51:17+00:00","dateModified":"2025-09-20T00:51:18+00:00","breadcrumb":{"@id":"https:\/\/panwinjet.com\/product\/44kpsi-3000bar-high-pressure-hydro-jet-blasting-self-rotary-head-nozzles-bc-h9-c\/#breadcrumb"},"inLanguage":"fr-FR","potentialAction":[{"@type":"ReadAction","target":["https:\/\/panwinjet.com\/product\/44kpsi-3000bar-high-pressure-hydro-jet-blasting-self-rotary-head-nozzles-bc-h9-c\/"]}]},{"@type":"ImageObject","inLanguage":"fr-FR","@id":"https:\/\/panwinjet.com\/product\/44kpsi-3000bar-high-pressure-hydro-jet-blasting-self-rotary-head-nozzles-bc-h9-c\/#primaryimage","url":"https:\/\/panwinjet.com\/wp-content\/uploads\/2025\/09\/Stoneage-\u55b7\u5934-13-scaled.jpg","contentUrl":"https:\/\/panwinjet.com\/wp-content\/uploads\/2025\/09\/Stoneage-\u55b7\u5934-13-scaled.jpg","width":1920,"height":2560},{"@type":"BreadcrumbList","@id":"https:\/\/panwinjet.com\/product\/44kpsi-3000bar-high-pressure-hydro-jet-blasting-self-rotary-head-nozzles-bc-h9-c\/#breadcrumb","itemListElement":[{"@type":"ListItem","position":1,"name":"\u9996\u9875","item":"https:\/\/panwinjet.com\/"},{"@type":"ListItem","position":2,"name":"PRODUCT","item":"https:\/\/panwinjet.com\/product\/"},{"@type":"ListItem","position":3,"name":"44kpsi\/3000Bar High Pressure Hydro Jet Blasting Self-Rotary Head Nozzles BC-H9-C"}]},{"@type":"WebSite","@id":"https:\/\/panwinjet.com\/#website","url":"https:\/\/panwinjet.com\/","name":"Panwin Machinery&amp;Equipment","description":"Shenzhen Panwin Machinery&amp;Equipment Co.Ltd","potentialAction":[{"@type":"SearchAction","target":{"@type":"EntryPoint","urlTemplate":"https:\/\/panwinjet.com\/?s={search_term_string}"},"query-input":{"@type":"PropertyValueSpecification","valueRequired":true,"valueName":"search_term_string"}}],"inLanguage":"fr-FR"}]}},"_links":{"self":[{"href":"https:\/\/panwinjet.com\/fr\/wp-json\/wp\/v2\/product\/994","targetHints":{"allow":["GET"]}}],"collection":[{"href":"https:\/\/panwinjet.com\/fr\/wp-json\/wp\/v2\/product"}],"about":[{"href":"https:\/\/panwinjet.com\/fr\/wp-json\/wp\/v2\/types\/product"}],"wp:featuredmedia":[{"embeddable":true,"href":"https:\/\/panwinjet.com\/fr\/wp-json\/wp\/v2\/media\/998"}],"wp:attachment":[{"href":"https:\/\/panwinjet.com\/fr\/wp-json\/wp\/v2\/media?parent=994"}],"wp:term":[{"taxonomy":"product_brand","embeddable":true,"href":"https:\/\/panwinjet.com\/fr\/wp-json\/wp\/v2\/product_brand?post=994"},{"taxonomy":"product_cat","embeddable":true,"href":"https:\/\/panwinjet.com\/fr\/wp-json\/wp\/v2\/product_cat?post=994"},{"taxonomy":"product_tag","embeddable":true,"href":"https:\/\/panwinjet.com\/fr\/wp-json\/wp\/v2\/product_tag?post=994"}],"curies":[{"name":"wp","href":"https:\/\/api.w.org\/{rel}","templated":true}]}}