{"id":982,"date":"2025-09-20T00:39:02","date_gmt":"2025-09-20T00:39:02","guid":{"rendered":"https:\/\/panwinjet.com\/?post_type=product&#038;p=982"},"modified":"2025-09-20T00:39:02","modified_gmt":"2025-09-20T00:39:02","slug":"20000psi-pressure-water-jet-surface-cleaning-machine-components-4220-stuffing-box-sleeve-seal","status":"publish","type":"product","link":"https:\/\/panwinjet.com\/fr\/produit\/20000psi-pressure-water-jet-surface-cleaning-machine-components-4220-stuffing-box-sleeve-seal\/","title":{"rendered":"Composants d&#039;une machine de nettoyage de surface par jet d&#039;eau haute pression de 20\u00a0000\u00a0psi\u00a0: joint \u00e0 manchon de presse-\u00e9toupe 4220"},"content":{"rendered":"<p><strong><b>Composants d&#039;une machine de nettoyage de surface par jet d&#039;eau haute pression de 20\u00a0000\u00a0psi\u00a0: joint \u00e0 manchon de presse-\u00e9toupe 4220<\/b><\/strong><\/p>\n<p><strong><b>\u00a0Introduction de <\/b><\/strong><strong><b>Composants d&#039;une machine de nettoyage de surface par jet d&#039;eau haute pression de 20\u00a0000\u00a0psi\u00a0: joint \u00e0 manchon de presse-\u00e9toupe 4220<\/b><\/strong><\/p>\n<p><strong><b>Nous vous fournissons le <\/b><\/strong><strong><b>Composants d&#039;une machine de nettoyage de surface par jet d&#039;eau haute pression de 20\u00a0000\u00a0psi\u00a0: joint \u00e0 manchon de presse-\u00e9toupe 4220<\/b><\/strong><strong><b>Ce kit comprend le joint et le manchon pour une pression nominale de 20\u00a0000\u00a0psi (4220). Il est compatible avec les presse-\u00e9toupes mod\u00e8les #8, #9, #10 et #11, et cette s\u00e9rie est compatible avec les r\u00e9f\u00e9rences JS 51857, 51826, 52509 et 55877.<\/b><\/strong><\/p>","protected":false},"excerpt":{"rendered":"<p><strong><b>2. Param\u00e8tres du produit (sp\u00e9cifications) <\/b><\/strong><strong><b>Composants d&#039;une machine de nettoyage de surface par jet d&#039;eau haute pression de 20\u00a0000\u00a0psi\u00a0: joint \u00e0 manchon de presse-\u00e9toupe 4220<\/b><\/strong><\/p>\n<p>Le joint d&#039;\u00e9tanch\u00e9it\u00e9 \u00e0 manchon de presse-\u00e9toupe 4220, composant de la machine de nettoyage de surfaces par jet d&#039;eau haute pression 20\u00a0000\u00a0psi, est destin\u00e9 \u00e0 la pompe JS 4220 (pression nominale\u00a0: 20\u00a0000\u00a0psi). Il est compatible avec quatre mod\u00e8les\u00a0: #8, #9, #10 et #11. Fabriqu\u00e9 avec des mat\u00e9riaux de haute qualit\u00e9, il garantit une \u00e9tanch\u00e9it\u00e9 parfaite, une course stable et un excellent r\u00e9sultat de sablage. Il est compatible avec les r\u00e9f\u00e9rences JS 51857, 51826, 52509 et 55877.<\/p>\n<p>&nbsp;<\/p>\n<p>&nbsp;<\/p>\n<p>&nbsp;<\/p>\n<p>&nbsp;<\/p>\n<p>&nbsp;<\/p>\n<p><strong><b>\u00a0Caract\u00e9ristiques et applications de <\/b><\/strong><strong><b>Composants d&#039;une machine de nettoyage de surface par jet d&#039;eau haute pression de 20\u00a0000\u00a0psi\u00a0: joint \u00e0 manchon de presse-\u00e9toupe 4220<\/b><\/strong><\/p>\n<p>Ce joint d&#039;\u00e9tanch\u00e9it\u00e9 \u00e0 manchon de presse-\u00e9toupe 4220, composant de la machine de nettoyage de surfaces par jet d&#039;eau haute pression 20\u00a0000\u00a0psi, est destin\u00e9 \u00e0 la pompe JS de 20\u00a0000\u00a0psi. Le joint est fabriqu\u00e9 en mat\u00e9riau haute densit\u00e9 et le manchon en acier inoxydable de haute qualit\u00e9. Il est compatible avec les mod\u00e8les #8, #9, #10 et #11, ainsi qu&#039;avec les r\u00e9f\u00e9rences JS 51857, 51826, 52509 et 55877.<img decoding=\"async\" class=\"aligncenter size-full wp-image-986 lazyload\" data-src=\"https:\/\/panwinjet.com\/wp-content\/uploads\/2025\/09\/4220-Seal-Box.png\" alt=\"\" width=\"390\" height=\"142\" data-srcset=\"https:\/\/panwinjet.com\/wp-content\/uploads\/2025\/09\/4220-Seal-Box.png 390w, https:\/\/panwinjet.com\/wp-content\/uploads\/2025\/09\/4220-Seal-Box-300x109.png 300w, https:\/\/panwinjet.com\/wp-content\/uploads\/2025\/09\/4220-Seal-Box-150x55.png 150w\" data-sizes=\"(max-width:767px) 390px, 390px\" src=\"data:image\/svg+xml;base64,PHN2ZyB3aWR0aD0iMSIgaGVpZ2h0PSIxIiB4bWxucz0iaHR0cDovL3d3dy53My5vcmcvMjAwMC9zdmciPjwvc3ZnPg==\" style=\"--smush-placeholder-width: 390px; --smush-placeholder-aspect-ratio: 390\/142;\" \/><\/p>\n<p>La JS 4220 est une pompe \u00e0 jet d&#039;eau \u00e0 piston triplex d&#039;une puissance d&#039;entr\u00e9e de 190 \u00e0 325 chevaux (142 \u00e0 252 kW), elle offre une simplicit\u00e9, une facilit\u00e9 d&#039;entretien et une polyvalence in\u00e9gal\u00e9es gr\u00e2ce \u00e0 sa conception \u00e0 extr\u00e9mit\u00e9 fluide. Avec un d\u00e9bit maximal de 96 l\/min \u00e0 une pression nominale de 20 kpsi, cette pompe \u00e0 pression de 20 kpsi est la pompe la plus puissante \u00e0 ce niveau de pression.<\/p>\n<p>L&#039;avantage principal est mentionn\u00e9 ci-dessous\u00a0:<\/p>\n<p>La caract\u00e9ristique avantageuse\u00a0:<\/p>\n<p>Entretien facile : remplacement pratique de la cartouche 20k par valve \u00e0 extraction rapide<\/p>\n<p>Conception simplifi\u00e9e\u00a0: moins de pi\u00e8ces que les autres extr\u00e9mit\u00e9s de fluide 20k.<\/p>\n<p>Pistons et bagues de piston en carbure monobloc<\/p>\n<p><strong><b>Application:<\/b><\/strong><\/p>\n<p>Les composants de la machine de nettoyage de surface au jet d&#039;eau sous pression de 20 000 psi, la s\u00e9rie de joints \u00e0 manchon de presse-\u00e9toupe 4220, sont des pi\u00e8ces de la pompe \u00e0 piston triplex 4220. Cette pompe puissante peut \u00eatre largement utilis\u00e9e dans le nettoyage de surfaces, le nettoyage de tubes de canalisation, le nettoyage d&#039;\u00e9changeurs de chaleur, la peinture hydrodynamique et le nettoyage de la rouille, etc.<\/p>","protected":false},"featured_media":983,"template":"","meta":[],"product_brand":[],"product_cat":[7],"product_tag":[],"class_list":{"0":"post-982","1":"product","2":"type-product","3":"status-publish","4":"has-post-thumbnail","6":"product_cat-jetstream-pump-fluid-end-compatibe-parts","8":"first","9":"instock","10":"shipping-taxable","11":"product-type-simple"},"yoast_head":"<!-- This site is optimized with the Yoast SEO plugin v24.9 - https:\/\/yoast.com\/wordpress\/plugins\/seo\/ -->\n<title>20000psi Pressure Water Jet Surface cleaning machine components 4220 Stuffing Box Sleeve Seal - Panwin Machinery&amp;Equipment<\/title>\n<meta name=\"robots\" content=\"index, follow, max-snippet:-1, max-image-preview:large, max-video-preview:-1\" \/>\n<link rel=\"canonical\" href=\"https:\/\/panwinjet.com\/fr\/produit\/20000psi-pressure-water-jet-surface-cleaning-machine-components-4220-stuffing-box-sleeve-seal\/\" \/>\n<meta property=\"og:locale\" content=\"fr_FR\" \/>\n<meta property=\"og:type\" content=\"article\" \/>\n<meta property=\"og:title\" content=\"20000psi Pressure Water Jet Surface cleaning machine components 4220 Stuffing Box Sleeve Seal - Panwin Machinery&amp;Equipment\" \/>\n<meta property=\"og:description\" content=\"2.Product Parameter (Specification) of 20000psi Pressure Water Jet Surface cleaning machine components 4220 Stuffing Box Sleeve Seal  The 20000psi Pressure Water Jet Surface cleaning machine components 4220 Stuffing Box Sleeve Seal\u00a0are for the JS\u00a04220 20Kpsi pressure rated pump, it fits for 4 Type models, #8,#9,#10, #11, they are made high-quality sealing, it can keep tight sealing while stroke stable and perform good blasting effect. It is compatible with the JS\u00a051857,51826,52509,55877.  &nbsp;  &nbsp;  &nbsp;  &nbsp;  &nbsp;  \u00a0Feature And Application of 20000psi Pressure Water Jet Surface cleaning machine components 4220 Stuffing Box Sleeve Seal  This 20000psi Pressure Water Jet Surface cleaning machine components 4220 Stuffing Box Sleeve Seal\u00a0are applied to the JS\u00a020kpsi pressure rated pump, the sealing are made of high-density material and the sleeve made of high-quality stainless steel. it fits for 4 Type models, #8,#9,#10, #11, and they are\u00a0compatible with the JS\u00a051857,51826,52509,55877.  JS\u00a04220 is triplex plunger design Water blast pump power with input 190 to 325 Horsepower (142 to 252 kW), it is the unparalleled simplicity, serviceability and versatility of fluid end design pump, with Max Flow rate 96lpm at 20kpsi pressure rated, this 20kpsi pressure rate pump is most powerful pump at 20kpsi pressure level.  The advantage feature as mentioned following:  The advantage characteristic:  Easy service: convenient pop-out valve 20k cartridge change  simplicity design: Fewer parts than other 20k Fluid Ends.  Solid carbide plungers and plunger bushings  Application:  The 20000psi Pressure Water Jet Surface cleaning machine components 4220 Stuffing Box Sleeve Seal\u00a0series are\u00a0the parts of 4220 triplex plunger pump, this powerful pump can be used vastly in surface\u00a0cleaning,pipeline\u00a0tubing cleaning, the heat-exchange cleaning,\u00a0Hydro\u00a0Painting &amp;Rust cleaning etc.\" \/>\n<meta property=\"og:url\" content=\"https:\/\/panwinjet.com\/fr\/produit\/20000psi-pressure-water-jet-surface-cleaning-machine-components-4220-stuffing-box-sleeve-seal\/\" \/>\n<meta property=\"og:site_name\" content=\"Panwin Machinery&amp;Equipment\" \/>\n<meta property=\"og:image\" content=\"https:\/\/panwinjet.com\/wp-content\/uploads\/2025\/09\/4220-Stuffing-Box-Sleeve-Sealing-5-scaled.jpg\" \/>\n\t<meta property=\"og:image:width\" content=\"1920\" \/>\n\t<meta property=\"og:image:height\" content=\"2560\" \/>\n\t<meta property=\"og:image:type\" content=\"image\/jpeg\" \/>\n<meta name=\"twitter:card\" content=\"summary_large_image\" \/>\n<meta name=\"twitter:label1\" content=\"Dur\u00e9e de lecture estim\u00e9e\" \/>\n\t<meta name=\"twitter:data1\" content=\"1 minute\" \/>\n<script type=\"application\/ld+json\" class=\"yoast-schema-graph\">{\"@context\":\"https:\/\/schema.org\",\"@graph\":[{\"@type\":\"WebPage\",\"@id\":\"https:\/\/panwinjet.com\/product\/20000psi-pressure-water-jet-surface-cleaning-machine-components-4220-stuffing-box-sleeve-seal\/\",\"url\":\"https:\/\/panwinjet.com\/product\/20000psi-pressure-water-jet-surface-cleaning-machine-components-4220-stuffing-box-sleeve-seal\/\",\"name\":\"20000psi Pressure Water Jet Surface cleaning machine components 4220 Stuffing Box Sleeve Seal - Panwin Machinery&amp;Equipment\",\"isPartOf\":{\"@id\":\"https:\/\/panwinjet.com\/#website\"},\"primaryImageOfPage\":{\"@id\":\"https:\/\/panwinjet.com\/product\/20000psi-pressure-water-jet-surface-cleaning-machine-components-4220-stuffing-box-sleeve-seal\/#primaryimage\"},\"image\":{\"@id\":\"https:\/\/panwinjet.com\/product\/20000psi-pressure-water-jet-surface-cleaning-machine-components-4220-stuffing-box-sleeve-seal\/#primaryimage\"},\"thumbnailUrl\":\"https:\/\/panwinjet.com\/wp-content\/uploads\/2025\/09\/4220-Stuffing-Box-Sleeve-Sealing-5-scaled.jpg\",\"datePublished\":\"2025-09-20T00:39:02+00:00\",\"breadcrumb\":{\"@id\":\"https:\/\/panwinjet.com\/product\/20000psi-pressure-water-jet-surface-cleaning-machine-components-4220-stuffing-box-sleeve-seal\/#breadcrumb\"},\"inLanguage\":\"fr-FR\",\"potentialAction\":[{\"@type\":\"ReadAction\",\"target\":[\"https:\/\/panwinjet.com\/product\/20000psi-pressure-water-jet-surface-cleaning-machine-components-4220-stuffing-box-sleeve-seal\/\"]}]},{\"@type\":\"ImageObject\",\"inLanguage\":\"fr-FR\",\"@id\":\"https:\/\/panwinjet.com\/product\/20000psi-pressure-water-jet-surface-cleaning-machine-components-4220-stuffing-box-sleeve-seal\/#primaryimage\",\"url\":\"https:\/\/panwinjet.com\/wp-content\/uploads\/2025\/09\/4220-Stuffing-Box-Sleeve-Sealing-5-scaled.jpg\",\"contentUrl\":\"https:\/\/panwinjet.com\/wp-content\/uploads\/2025\/09\/4220-Stuffing-Box-Sleeve-Sealing-5-scaled.jpg\",\"width\":1920,\"height\":2560,\"caption\":\"Jetstream51857 51826,52509-55877\"},{\"@type\":\"BreadcrumbList\",\"@id\":\"https:\/\/panwinjet.com\/product\/20000psi-pressure-water-jet-surface-cleaning-machine-components-4220-stuffing-box-sleeve-seal\/#breadcrumb\",\"itemListElement\":[{\"@type\":\"ListItem\",\"position\":1,\"name\":\"\u9996\u9875\",\"item\":\"https:\/\/panwinjet.com\/\"},{\"@type\":\"ListItem\",\"position\":2,\"name\":\"PRODUCT\",\"item\":\"https:\/\/panwinjet.com\/product\/\"},{\"@type\":\"ListItem\",\"position\":3,\"name\":\"20000psi Pressure Water Jet Surface cleaning machine components 4220 Stuffing Box Sleeve Seal\"}]},{\"@type\":\"WebSite\",\"@id\":\"https:\/\/panwinjet.com\/#website\",\"url\":\"https:\/\/panwinjet.com\/\",\"name\":\"Panwin Machinery&amp;Equipment\",\"description\":\"Shenzhen Panwin Machinery&amp;Equipment Co.Ltd\",\"potentialAction\":[{\"@type\":\"SearchAction\",\"target\":{\"@type\":\"EntryPoint\",\"urlTemplate\":\"https:\/\/panwinjet.com\/?s={search_term_string}\"},\"query-input\":{\"@type\":\"PropertyValueSpecification\",\"valueRequired\":true,\"valueName\":\"search_term_string\"}}],\"inLanguage\":\"fr-FR\"}]}<\/script>\n<!-- \/ Yoast SEO plugin. -->","yoast_head_json":{"title":"20000psi Pressure Water Jet Surface cleaning machine components 4220 Stuffing Box Sleeve Seal - Panwin Machinery&amp;Equipment","robots":{"index":"index","follow":"follow","max-snippet":"max-snippet:-1","max-image-preview":"max-image-preview:large","max-video-preview":"max-video-preview:-1"},"canonical":"https:\/\/panwinjet.com\/fr\/produit\/20000psi-pressure-water-jet-surface-cleaning-machine-components-4220-stuffing-box-sleeve-seal\/","og_locale":"fr_FR","og_type":"article","og_title":"20000psi Pressure Water Jet Surface cleaning machine components 4220 Stuffing Box Sleeve Seal - Panwin Machinery&amp;Equipment","og_description":"2.Product Parameter (Specification) of 20000psi Pressure Water Jet Surface cleaning machine components 4220 Stuffing Box Sleeve Seal  The 20000psi Pressure Water Jet Surface cleaning machine components 4220 Stuffing Box Sleeve Seal\u00a0are for the JS\u00a04220 20Kpsi pressure rated pump, it fits for 4 Type models, #8,#9,#10, #11, they are made high-quality sealing, it can keep tight sealing while stroke stable and perform good blasting effect. It is compatible with the JS\u00a051857,51826,52509,55877.  &nbsp;  &nbsp;  &nbsp;  &nbsp;  &nbsp;  \u00a0Feature And Application of 20000psi Pressure Water Jet Surface cleaning machine components 4220 Stuffing Box Sleeve Seal  This 20000psi Pressure Water Jet Surface cleaning machine components 4220 Stuffing Box Sleeve Seal\u00a0are applied to the JS\u00a020kpsi pressure rated pump, the sealing are made of high-density material and the sleeve made of high-quality stainless steel. it fits for 4 Type models, #8,#9,#10, #11, and they are\u00a0compatible with the JS\u00a051857,51826,52509,55877.  JS\u00a04220 is triplex plunger design Water blast pump power with input 190 to 325 Horsepower (142 to 252 kW), it is the unparalleled simplicity, serviceability and versatility of fluid end design pump, with Max Flow rate 96lpm at 20kpsi pressure rated, this 20kpsi pressure rate pump is most powerful pump at 20kpsi pressure level.  The advantage feature as mentioned following:  The advantage characteristic:  Easy service: convenient pop-out valve 20k cartridge change  simplicity design: Fewer parts than other 20k Fluid Ends.  Solid carbide plungers and plunger bushings  Application:  The 20000psi Pressure Water Jet Surface cleaning machine components 4220 Stuffing Box Sleeve Seal\u00a0series are\u00a0the parts of 4220 triplex plunger pump, this powerful pump can be used vastly in surface\u00a0cleaning,pipeline\u00a0tubing cleaning, the heat-exchange cleaning,\u00a0Hydro\u00a0Painting &amp;Rust cleaning etc.","og_url":"https:\/\/panwinjet.com\/fr\/produit\/20000psi-pressure-water-jet-surface-cleaning-machine-components-4220-stuffing-box-sleeve-seal\/","og_site_name":"Panwin Machinery&amp;Equipment","og_image":[{"width":1920,"height":2560,"url":"https:\/\/panwinjet.com\/wp-content\/uploads\/2025\/09\/4220-Stuffing-Box-Sleeve-Sealing-5-scaled.jpg","type":"image\/jpeg"}],"twitter_card":"summary_large_image","twitter_misc":{"Dur\u00e9e de lecture estim\u00e9e":"1 minute"},"schema":{"@context":"https:\/\/schema.org","@graph":[{"@type":"WebPage","@id":"https:\/\/panwinjet.com\/product\/20000psi-pressure-water-jet-surface-cleaning-machine-components-4220-stuffing-box-sleeve-seal\/","url":"https:\/\/panwinjet.com\/product\/20000psi-pressure-water-jet-surface-cleaning-machine-components-4220-stuffing-box-sleeve-seal\/","name":"20000psi Pressure Water Jet Surface cleaning machine components 4220 Stuffing Box Sleeve Seal - Panwin Machinery&amp;Equipment","isPartOf":{"@id":"https:\/\/panwinjet.com\/#website"},"primaryImageOfPage":{"@id":"https:\/\/panwinjet.com\/product\/20000psi-pressure-water-jet-surface-cleaning-machine-components-4220-stuffing-box-sleeve-seal\/#primaryimage"},"image":{"@id":"https:\/\/panwinjet.com\/product\/20000psi-pressure-water-jet-surface-cleaning-machine-components-4220-stuffing-box-sleeve-seal\/#primaryimage"},"thumbnailUrl":"https:\/\/panwinjet.com\/wp-content\/uploads\/2025\/09\/4220-Stuffing-Box-Sleeve-Sealing-5-scaled.jpg","datePublished":"2025-09-20T00:39:02+00:00","breadcrumb":{"@id":"https:\/\/panwinjet.com\/product\/20000psi-pressure-water-jet-surface-cleaning-machine-components-4220-stuffing-box-sleeve-seal\/#breadcrumb"},"inLanguage":"fr-FR","potentialAction":[{"@type":"ReadAction","target":["https:\/\/panwinjet.com\/product\/20000psi-pressure-water-jet-surface-cleaning-machine-components-4220-stuffing-box-sleeve-seal\/"]}]},{"@type":"ImageObject","inLanguage":"fr-FR","@id":"https:\/\/panwinjet.com\/product\/20000psi-pressure-water-jet-surface-cleaning-machine-components-4220-stuffing-box-sleeve-seal\/#primaryimage","url":"https:\/\/panwinjet.com\/wp-content\/uploads\/2025\/09\/4220-Stuffing-Box-Sleeve-Sealing-5-scaled.jpg","contentUrl":"https:\/\/panwinjet.com\/wp-content\/uploads\/2025\/09\/4220-Stuffing-Box-Sleeve-Sealing-5-scaled.jpg","width":1920,"height":2560,"caption":"Jetstream51857 51826,52509-55877"},{"@type":"BreadcrumbList","@id":"https:\/\/panwinjet.com\/product\/20000psi-pressure-water-jet-surface-cleaning-machine-components-4220-stuffing-box-sleeve-seal\/#breadcrumb","itemListElement":[{"@type":"ListItem","position":1,"name":"\u9996\u9875","item":"https:\/\/panwinjet.com\/"},{"@type":"ListItem","position":2,"name":"PRODUCT","item":"https:\/\/panwinjet.com\/product\/"},{"@type":"ListItem","position":3,"name":"20000psi Pressure Water Jet Surface cleaning machine components 4220 Stuffing Box Sleeve Seal"}]},{"@type":"WebSite","@id":"https:\/\/panwinjet.com\/#website","url":"https:\/\/panwinjet.com\/","name":"Panwin Machinery&amp;Equipment","description":"Shenzhen Panwin Machinery&amp;Equipment Co.Ltd","potentialAction":[{"@type":"SearchAction","target":{"@type":"EntryPoint","urlTemplate":"https:\/\/panwinjet.com\/?s={search_term_string}"},"query-input":{"@type":"PropertyValueSpecification","valueRequired":true,"valueName":"search_term_string"}}],"inLanguage":"fr-FR"}]}},"_links":{"self":[{"href":"https:\/\/panwinjet.com\/fr\/wp-json\/wp\/v2\/product\/982","targetHints":{"allow":["GET"]}}],"collection":[{"href":"https:\/\/panwinjet.com\/fr\/wp-json\/wp\/v2\/product"}],"about":[{"href":"https:\/\/panwinjet.com\/fr\/wp-json\/wp\/v2\/types\/product"}],"wp:featuredmedia":[{"embeddable":true,"href":"https:\/\/panwinjet.com\/fr\/wp-json\/wp\/v2\/media\/983"}],"wp:attachment":[{"href":"https:\/\/panwinjet.com\/fr\/wp-json\/wp\/v2\/media?parent=982"}],"wp:term":[{"taxonomy":"product_brand","embeddable":true,"href":"https:\/\/panwinjet.com\/fr\/wp-json\/wp\/v2\/product_brand?post=982"},{"taxonomy":"product_cat","embeddable":true,"href":"https:\/\/panwinjet.com\/fr\/wp-json\/wp\/v2\/product_cat?post=982"},{"taxonomy":"product_tag","embeddable":true,"href":"https:\/\/panwinjet.com\/fr\/wp-json\/wp\/v2\/product_tag?post=982"}],"curies":[{"name":"wp","href":"https:\/\/api.w.org\/{rel}","templated":true}]}}