{"id":977,"date":"2025-09-20T00:33:31","date_gmt":"2025-09-20T00:33:31","guid":{"rendered":"https:\/\/panwinjet.com\/?post_type=product&#038;p=977"},"modified":"2025-09-20T00:33:31","modified_gmt":"2025-09-20T00:33:31","slug":"20kpsi-pressure-water-jet-vessel-cleaning-machine-parts-4220-gland-nut","status":"publish","type":"product","link":"https:\/\/panwinjet.com\/fr\/produit\/20kpsi-pressure-water-jet-vessel-cleaning-machine-parts-4220-gland-nut\/","title":{"rendered":"Pi\u00e8ces d\u00e9tach\u00e9es pour machine de nettoyage de cuves par jet d&#039;eau haute pression 20 kpsi\u00a0: \u00e9crou presse-\u00e9toupe 4220"},"content":{"rendered":"<p><strong><b>Jet d&#039;eau \u00e0 pression de 20 kpsi <\/b><\/strong><strong><b>Navire<\/b><\/strong><strong><b>\u00a0Pi\u00e8ces de machine de nettoyage 4220 \u00c9crou de presse-\u00e9toupe<\/b><\/strong><\/p>\n<p><strong><b>Introduction<\/b><\/strong><strong><b>\u00a0<\/b><\/strong><strong><b>de <\/b><\/strong><strong><b>Jet d&#039;eau \u00e0 pression de 20 kpsi <\/b><\/strong><strong><b>Navire<\/b><\/strong><strong><b>\u00a0Pi\u00e8ces de machine de nettoyage 4220 \u00c9crou de presse-\u00e9toupe<\/b><\/strong><\/p>\n<p>C&#039;est <strong><b>Jet d&#039;eau \u00e0 pression de 20 kpsi <\/b><\/strong><strong><b>Navire<\/b><\/strong><strong><b>\u00a0Pi\u00e8ces de machine de nettoyage 4220 \u00c9crou de presse-\u00e9toupe<\/b><\/strong><\/p>\n<p>Utilis\u00e9e dans la pompe \u00e0 eau \u00e0 jet Jetstream de 20 kpsi de pression, avec une puissance d&#039;entr\u00e9e de 190 \u00e0 325 chevaux (142 \u00e0 252 kW), elle offre une simplicit\u00e9, une facilit\u00e9 d&#039;entretien et une polyvalence in\u00e9gal\u00e9es gr\u00e2ce \u00e0 sa conception \u00e0 extr\u00e9mit\u00e9 fluide. Avec un d\u00e9bit maximal de 96 l\/min \u00e0 une pression nominale de 20 kpsi, cette pompe de 20 kpsi est la pompe la plus puissante \u00e0 ce niveau de pression.<\/p>\n<p>Et ce presse-\u00e9toupe est compatible avec les mod\u00e8les Jetstream #8, #9, #10, #11, respectivement compatibles avec les mod\u00e8les Jetstream 51832, Jetstream 51829, Jetstream 52501, Jetstream 54828.<\/p>","protected":false},"excerpt":{"rendered":"<p><strong><b><img decoding=\"async\" class=\"aligncenter size-full wp-image-954 lazyload\" data-src=\"https:\/\/panwinjet.com\/wp-content\/uploads\/2025\/09\/4220-Manifold-Breakdown.png\" alt=\"\" width=\"936\" height=\"698\" data-srcset=\"https:\/\/panwinjet.com\/wp-content\/uploads\/2025\/09\/4220-Manifold-Breakdown.png 936w, https:\/\/panwinjet.com\/wp-content\/uploads\/2025\/09\/4220-Manifold-Breakdown-500x373.png 500w, https:\/\/panwinjet.com\/wp-content\/uploads\/2025\/09\/4220-Manifold-Breakdown-300x224.png 300w, https:\/\/panwinjet.com\/wp-content\/uploads\/2025\/09\/4220-Manifold-Breakdown-768x573.png 768w, https:\/\/panwinjet.com\/wp-content\/uploads\/2025\/09\/4220-Manifold-Breakdown-101x75.png 101w, https:\/\/panwinjet.com\/wp-content\/uploads\/2025\/09\/4220-Manifold-Breakdown-480x358.png 480w, https:\/\/panwinjet.com\/wp-content\/uploads\/2025\/09\/4220-Manifold-Breakdown-800x597.png 800w\" data-sizes=\"(max-width:767px) 480px, (max-width:936px) 100vw, 936px\" src=\"data:image\/svg+xml;base64,PHN2ZyB3aWR0aD0iMSIgaGVpZ2h0PSIxIiB4bWxucz0iaHR0cDovL3d3dy53My5vcmcvMjAwMC9zdmciPjwvc3ZnPg==\" style=\"--smush-placeholder-width: 936px; --smush-placeholder-aspect-ratio: 936\/698;\" \/>Caract\u00e9ristiques et applications du produit <\/b><\/strong><strong><b>Jet d&#039;eau \u00e0 pression de 20 kpsi <\/b><\/strong><strong><b>Navire<\/b><\/strong><strong><b>\u00a0Pi\u00e8ces de machine de nettoyage 4220 \u00c9crou de presse-\u00e9toupe<\/b><\/strong><\/p>\n<p>Cette pi\u00e8ce d\u00e9tach\u00e9e pour machine de nettoyage de cuves au jet d&#039;eau sous pression de 20 kpsi, l&#039;\u00e9crou presse-\u00e9toupe 4220, est fabriqu\u00e9e avec pr\u00e9cision \u00e0 partir d&#039;acier inoxydable de haute qualit\u00e9 et offre des performances \u00e9lev\u00e9es en termes de durabilit\u00e9 et de stabilit\u00e9. Ses caract\u00e9ristiques sont mentionn\u00e9es ci-dessous\u00a0:<\/p>\n<p>Les avantages Caract\u00e9ristiques :<\/p>\n<p>Performances sup\u00e9rieures<\/p>\n<p>Grande durabilit\u00e9 et long\u00e9vit\u00e9<\/p>\n<p>Plus grande flexibilit\u00e9<\/p>\n<p>Et ce presse-\u00e9toupe est compatible avec les mod\u00e8les Jetstream #8, #9, #10, #11, respectivement compatibles avec les mod\u00e8les Jetstream 51832, Jetstream 51829, Jetstream 52501, Jetstream 54828.<\/p>\n<p>Application:<\/p>\n<p>Cette pi\u00e8ce d\u00e9tach\u00e9e, le raccord presse-\u00e9toupe 4220, pour machine de nettoyage de cuves au jet d&#039;eau sous pression de 20 kpsi, fait partie de la pompe Jetstream 20 kpsi. Il s&#039;agit d&#039;une pompe puissante adapt\u00e9e aux applications de nettoyage hydrodynamique \u00e0 grande \u00e9chelle.<\/p>\n<p>Cette pompe puissante peut \u00eatre utilis\u00e9e pour le nettoyage de surfaces, le nettoyage de tubes de canalisations, le nettoyage d&#039;\u00e9changeurs de chaleur, le nettoyage hydrographique et antirouille, le nettoyage de l&#039;acier au jet d&#039;eau, etc.<\/p>","protected":false},"featured_media":980,"template":"","meta":[],"product_brand":[],"product_cat":[7],"product_tag":[],"class_list":{"0":"post-977","1":"product","2":"type-product","3":"status-publish","4":"has-post-thumbnail","6":"product_cat-jetstream-pump-fluid-end-compatibe-parts","8":"first","9":"instock","10":"shipping-taxable","11":"product-type-simple"},"yoast_head":"<!-- This site is optimized with the Yoast SEO plugin v24.9 - https:\/\/yoast.com\/wordpress\/plugins\/seo\/ -->\n<title>20kpsi Pressure Water Jet Vessel cleaning machine parts 4220 Gland Nut - Panwin Machinery&amp;Equipment<\/title>\n<meta name=\"robots\" content=\"index, follow, max-snippet:-1, max-image-preview:large, max-video-preview:-1\" \/>\n<link rel=\"canonical\" href=\"https:\/\/panwinjet.com\/fr\/produit\/20kpsi-pressure-water-jet-vessel-cleaning-machine-parts-4220-gland-nut\/\" \/>\n<meta property=\"og:locale\" content=\"fr_FR\" \/>\n<meta property=\"og:type\" content=\"article\" \/>\n<meta property=\"og:title\" content=\"20kpsi Pressure Water Jet Vessel cleaning machine parts 4220 Gland Nut - Panwin Machinery&amp;Equipment\" \/>\n<meta property=\"og:description\" content=\"Product Feature And Application of 20kpsi Pressure Water Jet Vessel\u00a0cleaning machine parts 4220 Gland Nut  This 20kpsi Pressure Water Jet Vessel\u00a0cleaning machine parts 4220 Gland Nut\u00a0is manufactured of precision machined from high quality stainless steel, and it is high-performance in durability and stability, the features as mentioned below:  The advantage Features:  Superior performance  Long durability and longevity  Greater Flexibility  And this Gland nut is compatible with Jetstream #8,#9,#10,#11 Models, respectively they are compatible with Jetstream 51832,Jetstream 51829,Jetstream 52501,Jetstream 54828.  Application:  This 20kpsi Pressure Water Jet Vessel\u00a0cleaning machine parts 4220 Gland Nut\u00a0is parts of the Jetstream 20kpsi pump. It is powerful pump for the huge area of application of hydro blasting purpose.  this powerful pump can be used in surface cleaning,pipeline\u00a0tube cleaning, the heat-exchange cleaning,\u00a0Hydro\u00a0Painting &amp;Rust cleaning, steel water jet cleaning etc.\" \/>\n<meta property=\"og:url\" content=\"https:\/\/panwinjet.com\/fr\/produit\/20kpsi-pressure-water-jet-vessel-cleaning-machine-parts-4220-gland-nut\/\" \/>\n<meta property=\"og:site_name\" content=\"Panwin Machinery&amp;Equipment\" \/>\n<meta property=\"og:image\" content=\"https:\/\/panwinjet.com\/wp-content\/uploads\/2025\/09\/IMG_20230424_160356-scaled.jpg\" \/>\n\t<meta property=\"og:image:width\" content=\"1920\" \/>\n\t<meta property=\"og:image:height\" content=\"2560\" \/>\n\t<meta property=\"og:image:type\" content=\"image\/jpeg\" \/>\n<meta name=\"twitter:card\" content=\"summary_large_image\" \/>\n<meta name=\"twitter:label1\" content=\"Dur\u00e9e de lecture estim\u00e9e\" \/>\n\t<meta name=\"twitter:data1\" content=\"1 minute\" \/>\n<script type=\"application\/ld+json\" class=\"yoast-schema-graph\">{\"@context\":\"https:\/\/schema.org\",\"@graph\":[{\"@type\":\"WebPage\",\"@id\":\"https:\/\/panwinjet.com\/product\/20kpsi-pressure-water-jet-vessel-cleaning-machine-parts-4220-gland-nut\/\",\"url\":\"https:\/\/panwinjet.com\/product\/20kpsi-pressure-water-jet-vessel-cleaning-machine-parts-4220-gland-nut\/\",\"name\":\"20kpsi Pressure Water Jet Vessel cleaning machine parts 4220 Gland Nut - Panwin Machinery&amp;Equipment\",\"isPartOf\":{\"@id\":\"https:\/\/panwinjet.com\/#website\"},\"primaryImageOfPage\":{\"@id\":\"https:\/\/panwinjet.com\/product\/20kpsi-pressure-water-jet-vessel-cleaning-machine-parts-4220-gland-nut\/#primaryimage\"},\"image\":{\"@id\":\"https:\/\/panwinjet.com\/product\/20kpsi-pressure-water-jet-vessel-cleaning-machine-parts-4220-gland-nut\/#primaryimage\"},\"thumbnailUrl\":\"https:\/\/panwinjet.com\/wp-content\/uploads\/2025\/09\/IMG_20230424_160356-scaled.jpg\",\"datePublished\":\"2025-09-20T00:33:31+00:00\",\"breadcrumb\":{\"@id\":\"https:\/\/panwinjet.com\/product\/20kpsi-pressure-water-jet-vessel-cleaning-machine-parts-4220-gland-nut\/#breadcrumb\"},\"inLanguage\":\"fr-FR\",\"potentialAction\":[{\"@type\":\"ReadAction\",\"target\":[\"https:\/\/panwinjet.com\/product\/20kpsi-pressure-water-jet-vessel-cleaning-machine-parts-4220-gland-nut\/\"]}]},{\"@type\":\"ImageObject\",\"inLanguage\":\"fr-FR\",\"@id\":\"https:\/\/panwinjet.com\/product\/20kpsi-pressure-water-jet-vessel-cleaning-machine-parts-4220-gland-nut\/#primaryimage\",\"url\":\"https:\/\/panwinjet.com\/wp-content\/uploads\/2025\/09\/IMG_20230424_160356-scaled.jpg\",\"contentUrl\":\"https:\/\/panwinjet.com\/wp-content\/uploads\/2025\/09\/IMG_20230424_160356-scaled.jpg\",\"width\":1920,\"height\":2560},{\"@type\":\"BreadcrumbList\",\"@id\":\"https:\/\/panwinjet.com\/product\/20kpsi-pressure-water-jet-vessel-cleaning-machine-parts-4220-gland-nut\/#breadcrumb\",\"itemListElement\":[{\"@type\":\"ListItem\",\"position\":1,\"name\":\"\u9996\u9875\",\"item\":\"https:\/\/panwinjet.com\/\"},{\"@type\":\"ListItem\",\"position\":2,\"name\":\"PRODUCT\",\"item\":\"https:\/\/panwinjet.com\/product\/\"},{\"@type\":\"ListItem\",\"position\":3,\"name\":\"20kpsi Pressure Water Jet Vessel cleaning machine parts 4220 Gland Nut\"}]},{\"@type\":\"WebSite\",\"@id\":\"https:\/\/panwinjet.com\/#website\",\"url\":\"https:\/\/panwinjet.com\/\",\"name\":\"Panwin Machinery&amp;Equipment\",\"description\":\"Shenzhen Panwin Machinery&amp;Equipment Co.Ltd\",\"potentialAction\":[{\"@type\":\"SearchAction\",\"target\":{\"@type\":\"EntryPoint\",\"urlTemplate\":\"https:\/\/panwinjet.com\/?s={search_term_string}\"},\"query-input\":{\"@type\":\"PropertyValueSpecification\",\"valueRequired\":true,\"valueName\":\"search_term_string\"}}],\"inLanguage\":\"fr-FR\"}]}<\/script>\n<!-- \/ Yoast SEO plugin. -->","yoast_head_json":{"title":"20kpsi Pressure Water Jet Vessel cleaning machine parts 4220 Gland Nut - Panwin Machinery&amp;Equipment","robots":{"index":"index","follow":"follow","max-snippet":"max-snippet:-1","max-image-preview":"max-image-preview:large","max-video-preview":"max-video-preview:-1"},"canonical":"https:\/\/panwinjet.com\/fr\/produit\/20kpsi-pressure-water-jet-vessel-cleaning-machine-parts-4220-gland-nut\/","og_locale":"fr_FR","og_type":"article","og_title":"20kpsi Pressure Water Jet Vessel cleaning machine parts 4220 Gland Nut - Panwin Machinery&amp;Equipment","og_description":"Product Feature And Application of 20kpsi Pressure Water Jet Vessel\u00a0cleaning machine parts 4220 Gland Nut  This 20kpsi Pressure Water Jet Vessel\u00a0cleaning machine parts 4220 Gland Nut\u00a0is manufactured of precision machined from high quality stainless steel, and it is high-performance in durability and stability, the features as mentioned below:  The advantage Features:  Superior performance  Long durability and longevity  Greater Flexibility  And this Gland nut is compatible with Jetstream #8,#9,#10,#11 Models, respectively they are compatible with Jetstream 51832,Jetstream 51829,Jetstream 52501,Jetstream 54828.  Application:  This 20kpsi Pressure Water Jet Vessel\u00a0cleaning machine parts 4220 Gland Nut\u00a0is parts of the Jetstream 20kpsi pump. It is powerful pump for the huge area of application of hydro blasting purpose.  this powerful pump can be used in surface cleaning,pipeline\u00a0tube cleaning, the heat-exchange cleaning,\u00a0Hydro\u00a0Painting &amp;Rust cleaning, steel water jet cleaning etc.","og_url":"https:\/\/panwinjet.com\/fr\/produit\/20kpsi-pressure-water-jet-vessel-cleaning-machine-parts-4220-gland-nut\/","og_site_name":"Panwin Machinery&amp;Equipment","og_image":[{"width":1920,"height":2560,"url":"https:\/\/panwinjet.com\/wp-content\/uploads\/2025\/09\/IMG_20230424_160356-scaled.jpg","type":"image\/jpeg"}],"twitter_card":"summary_large_image","twitter_misc":{"Dur\u00e9e de lecture estim\u00e9e":"1 minute"},"schema":{"@context":"https:\/\/schema.org","@graph":[{"@type":"WebPage","@id":"https:\/\/panwinjet.com\/product\/20kpsi-pressure-water-jet-vessel-cleaning-machine-parts-4220-gland-nut\/","url":"https:\/\/panwinjet.com\/product\/20kpsi-pressure-water-jet-vessel-cleaning-machine-parts-4220-gland-nut\/","name":"20kpsi Pressure Water Jet Vessel cleaning machine parts 4220 Gland Nut - Panwin Machinery&amp;Equipment","isPartOf":{"@id":"https:\/\/panwinjet.com\/#website"},"primaryImageOfPage":{"@id":"https:\/\/panwinjet.com\/product\/20kpsi-pressure-water-jet-vessel-cleaning-machine-parts-4220-gland-nut\/#primaryimage"},"image":{"@id":"https:\/\/panwinjet.com\/product\/20kpsi-pressure-water-jet-vessel-cleaning-machine-parts-4220-gland-nut\/#primaryimage"},"thumbnailUrl":"https:\/\/panwinjet.com\/wp-content\/uploads\/2025\/09\/IMG_20230424_160356-scaled.jpg","datePublished":"2025-09-20T00:33:31+00:00","breadcrumb":{"@id":"https:\/\/panwinjet.com\/product\/20kpsi-pressure-water-jet-vessel-cleaning-machine-parts-4220-gland-nut\/#breadcrumb"},"inLanguage":"fr-FR","potentialAction":[{"@type":"ReadAction","target":["https:\/\/panwinjet.com\/product\/20kpsi-pressure-water-jet-vessel-cleaning-machine-parts-4220-gland-nut\/"]}]},{"@type":"ImageObject","inLanguage":"fr-FR","@id":"https:\/\/panwinjet.com\/product\/20kpsi-pressure-water-jet-vessel-cleaning-machine-parts-4220-gland-nut\/#primaryimage","url":"https:\/\/panwinjet.com\/wp-content\/uploads\/2025\/09\/IMG_20230424_160356-scaled.jpg","contentUrl":"https:\/\/panwinjet.com\/wp-content\/uploads\/2025\/09\/IMG_20230424_160356-scaled.jpg","width":1920,"height":2560},{"@type":"BreadcrumbList","@id":"https:\/\/panwinjet.com\/product\/20kpsi-pressure-water-jet-vessel-cleaning-machine-parts-4220-gland-nut\/#breadcrumb","itemListElement":[{"@type":"ListItem","position":1,"name":"\u9996\u9875","item":"https:\/\/panwinjet.com\/"},{"@type":"ListItem","position":2,"name":"PRODUCT","item":"https:\/\/panwinjet.com\/product\/"},{"@type":"ListItem","position":3,"name":"20kpsi Pressure Water Jet Vessel cleaning machine parts 4220 Gland Nut"}]},{"@type":"WebSite","@id":"https:\/\/panwinjet.com\/#website","url":"https:\/\/panwinjet.com\/","name":"Panwin Machinery&amp;Equipment","description":"Shenzhen Panwin Machinery&amp;Equipment Co.Ltd","potentialAction":[{"@type":"SearchAction","target":{"@type":"EntryPoint","urlTemplate":"https:\/\/panwinjet.com\/?s={search_term_string}"},"query-input":{"@type":"PropertyValueSpecification","valueRequired":true,"valueName":"search_term_string"}}],"inLanguage":"fr-FR"}]}},"_links":{"self":[{"href":"https:\/\/panwinjet.com\/fr\/wp-json\/wp\/v2\/product\/977","targetHints":{"allow":["GET"]}}],"collection":[{"href":"https:\/\/panwinjet.com\/fr\/wp-json\/wp\/v2\/product"}],"about":[{"href":"https:\/\/panwinjet.com\/fr\/wp-json\/wp\/v2\/types\/product"}],"wp:featuredmedia":[{"embeddable":true,"href":"https:\/\/panwinjet.com\/fr\/wp-json\/wp\/v2\/media\/980"}],"wp:attachment":[{"href":"https:\/\/panwinjet.com\/fr\/wp-json\/wp\/v2\/media?parent=977"}],"wp:term":[{"taxonomy":"product_brand","embeddable":true,"href":"https:\/\/panwinjet.com\/fr\/wp-json\/wp\/v2\/product_brand?post=977"},{"taxonomy":"product_cat","embeddable":true,"href":"https:\/\/panwinjet.com\/fr\/wp-json\/wp\/v2\/product_cat?post=977"},{"taxonomy":"product_tag","embeddable":true,"href":"https:\/\/panwinjet.com\/fr\/wp-json\/wp\/v2\/product_tag?post=977"}],"curies":[{"name":"wp","href":"https:\/\/api.w.org\/{rel}","templated":true}]}}