{"id":961,"date":"2025-09-20T00:22:07","date_gmt":"2025-09-20T00:22:07","guid":{"rendered":"https:\/\/panwinjet.com\/?post_type=product&#038;p=961"},"modified":"2025-09-20T00:22:07","modified_gmt":"2025-09-20T00:22:07","slug":"15000psi-pressure-water-jet-industry-cleaning-machine-parts-150k-uni-valve","status":"publish","type":"product","link":"https:\/\/panwinjet.com\/fr\/produit\/15000psi-pressure-water-jet-industry-cleaning-machine-parts-150k-uni-valve\/","title":{"rendered":"Pi\u00e8ces de machines de nettoyage industriel au jet d&#039;eau sous pression de 15\u00a0000\u00a0psi, vanne unitaire 150k"},"content":{"rendered":"<p><strong><b><img decoding=\"async\" class=\"aligncenter size-full wp-image-966 lazyload\" data-src=\"https:\/\/panwinjet.com\/wp-content\/uploads\/2025\/09\/15K-Uni-Valve-Cartridge-\u7ed3\u6784\u56fe-JS52870.png\" alt=\"\" width=\"929\" height=\"655\" data-srcset=\"https:\/\/panwinjet.com\/wp-content\/uploads\/2025\/09\/15K-Uni-Valve-Cartridge-\u7ed3\u6784\u56fe-JS52870.png 929w, https:\/\/panwinjet.com\/wp-content\/uploads\/2025\/09\/15K-Uni-Valve-Cartridge-\u7ed3\u6784\u56fe-JS52870-500x353.png 500w, https:\/\/panwinjet.com\/wp-content\/uploads\/2025\/09\/15K-Uni-Valve-Cartridge-\u7ed3\u6784\u56fe-JS52870-300x212.png 300w, https:\/\/panwinjet.com\/wp-content\/uploads\/2025\/09\/15K-Uni-Valve-Cartridge-\u7ed3\u6784\u56fe-JS52870-768x541.png 768w, https:\/\/panwinjet.com\/wp-content\/uploads\/2025\/09\/15K-Uni-Valve-Cartridge-\u7ed3\u6784\u56fe-JS52870-106x75.png 106w, https:\/\/panwinjet.com\/wp-content\/uploads\/2025\/09\/15K-Uni-Valve-Cartridge-\u7ed3\u6784\u56fe-JS52870-480x338.png 480w, https:\/\/panwinjet.com\/wp-content\/uploads\/2025\/09\/15K-Uni-Valve-Cartridge-\u7ed3\u6784\u56fe-JS52870-800x564.png 800w\" data-sizes=\"(max-width:767px) 480px, (max-width:929px) 100vw, 929px\" src=\"data:image\/svg+xml;base64,PHN2ZyB3aWR0aD0iMSIgaGVpZ2h0PSIxIiB4bWxucz0iaHR0cDovL3d3dy53My5vcmcvMjAwMC9zdmciPjwvc3ZnPg==\" style=\"--smush-placeholder-width: 929px; --smush-placeholder-aspect-ratio: 929\/655;\" \/>Pr\u00e9sentation du produit <\/b><\/strong><strong><b>Pi\u00e8ces de machines de nettoyage industriel au jet d&#039;eau sous pression de 15\u00a0000\u00a0psi, vanne unitaire 150k<\/b><\/strong><strong><b>\u00a0Cartouche<\/b><\/strong><\/p>\n<p>La cartouche \u00e0 vanne unique 150k, pi\u00e8ce d\u00e9tach\u00e9e pour machine de nettoyage industriel au jet d&#039;eau sous pression de 15\u00a0000\u00a0psi, est un composant essentiel pour une performance stable et une maintenance ais\u00e9e. Elle est compatible avec la r\u00e9f\u00e9rence JS 52870.<\/p>\n<p>L&#039;ensemble de vanne unipolaire Panwin JST 15KPSI est fabriqu\u00e9 en acier inoxydable de haute qualit\u00e9, b\u00e9n\u00e9ficie d&#039;une fabrication sup\u00e9rieure et d&#039;une excellente qualit\u00e9 ; cette vanne unipolaire est durable et fiable.<\/p>","protected":false},"excerpt":{"rendered":"<p><strong><b><img decoding=\"async\" class=\"aligncenter size-full wp-image-968 lazyload\" data-src=\"https:\/\/panwinjet.com\/wp-content\/uploads\/2025\/09\/15k-Uni-Valve.png\" alt=\"\" width=\"729\" height=\"410\" data-srcset=\"https:\/\/panwinjet.com\/wp-content\/uploads\/2025\/09\/15k-Uni-Valve.png 729w, https:\/\/panwinjet.com\/wp-content\/uploads\/2025\/09\/15k-Uni-Valve-500x281.png 500w, https:\/\/panwinjet.com\/wp-content\/uploads\/2025\/09\/15k-Uni-Valve-300x169.png 300w, https:\/\/panwinjet.com\/wp-content\/uploads\/2025\/09\/15k-Uni-Valve-133x75.png 133w, https:\/\/panwinjet.com\/wp-content\/uploads\/2025\/09\/15k-Uni-Valve-480x270.png 480w\" data-sizes=\"(max-width:767px) 480px, 729px\" src=\"data:image\/svg+xml;base64,PHN2ZyB3aWR0aD0iMSIgaGVpZ2h0PSIxIiB4bWxucz0iaHR0cDovL3d3dy53My5vcmcvMjAwMC9zdmciPjwvc3ZnPg==\" style=\"--smush-placeholder-width: 729px; --smush-placeholder-aspect-ratio: 729\/410;\" \/>Param\u00e8tre (sp\u00e9cification) du produit <\/b><\/strong><strong><b>Pi\u00e8ces de machines de nettoyage industriel au jet d&#039;eau sous pression de 15\u00a0000\u00a0psi, vanne unitaire 150k<\/b><\/strong><strong><b>\u00a0Cartouche<\/b><\/strong><\/p>\n<p>Les pi\u00e8ces de la machine de nettoyage industriel au jet d&#039;eau sous pression Panwin 15000psi, notamment l&#039;ensemble de cartouche Uni-valve 150k, sont fabriqu\u00e9es en acier inoxydable de haute qualit\u00e9, b\u00e9n\u00e9ficient d&#039;une fabrication sup\u00e9rieure et d&#039;une excellente qualit\u00e9, ce qui rend cette vanne Uni durable et fiable.<\/p>\n<p>A: Acier inoxydable de qualit\u00e9 sup\u00e9rieure<\/p>\n<p>B : Artisan de grande classe<\/p>\n<p>C : Tol\u00e9rance d&#039;\u00e9tanch\u00e9it\u00e9 compacte<\/p>\n<p>&nbsp;<\/p>\n<p><strong><b>3. Caract\u00e9ristiques et applications du produit <\/b><\/strong><strong><b>Pi\u00e8ces de machines de nettoyage industriel au jet d&#039;eau sous pression de 15\u00a0000\u00a0psi, vanne unitaire 150k<\/b><\/strong><strong><b>\u00a0Cartouche <\/b><\/strong><\/p>\n<p>Cette cartouche \u00e0 vanne unique 150k, utilis\u00e9e dans les machines de nettoyage industriel au jet d&#039;eau sous pression de 15\u00a0000\u00a0psi, pr\u00e9sente une conception unique et exceptionnelle pour des performances optimales et une maintenance ais\u00e9e. Ses fonctionnalit\u00e9s avanc\u00e9es sont d\u00e9taill\u00e9es ci-dessous\u00a0:<\/p>\n<p>A : Vannes d&#039;aspiration et de refoulement combin\u00e9es dans une seule partie autonome<\/p>\n<p>B : Ajustement facile pour un entretien ais\u00e9<\/p>\n<p>C : La conception en ligne minimise les turbulences<\/p>\n<p><strong><b>Application:<\/b><\/strong><\/p>\n<p>Cette cartouche \u00e0 vanne unique 150k, utilis\u00e9e dans les machines de nettoyage industriel au jet d&#039;eau sous pression de 15\u00a0000\u00a0psi, est destin\u00e9e \u00e0 la pompe JS Fluid End\u00a0; il s&#039;agit d&#039;un composant cl\u00e9 de conception avanc\u00e9e.<\/p>\n<p>La pompe peut \u00eatre largement utilis\u00e9e pour le nettoyage de surfaces, le nettoyage de r\u00e9servoirs et de cuves, le nettoyage de la peinture automobile, le nettoyage dans l&#039;industrie mini\u00e8re, le nettoyage dans la sid\u00e9rurgie, le secteur de la construction, etc.<\/p>","protected":false},"featured_media":963,"template":"","meta":[],"product_brand":[],"product_cat":[7],"product_tag":[],"class_list":{"0":"post-961","1":"product","2":"type-product","3":"status-publish","4":"has-post-thumbnail","6":"product_cat-jetstream-pump-fluid-end-compatibe-parts","8":"first","9":"instock","10":"shipping-taxable","11":"product-type-simple"},"yoast_head":"<!-- This site is optimized with the Yoast SEO plugin v24.9 - https:\/\/yoast.com\/wordpress\/plugins\/seo\/ -->\n<title>15000psi Pressure Water Jet industry cleaning machine parts 150k Uni-valve - Panwin Machinery&amp;Equipment<\/title>\n<meta name=\"robots\" content=\"index, follow, max-snippet:-1, max-image-preview:large, max-video-preview:-1\" \/>\n<link rel=\"canonical\" href=\"https:\/\/panwinjet.com\/fr\/produit\/15000psi-pressure-water-jet-industry-cleaning-machine-parts-150k-uni-valve\/\" \/>\n<meta property=\"og:locale\" content=\"fr_FR\" \/>\n<meta property=\"og:type\" content=\"article\" \/>\n<meta property=\"og:title\" content=\"15000psi Pressure Water Jet industry cleaning machine parts 150k Uni-valve - Panwin Machinery&amp;Equipment\" \/>\n<meta property=\"og:description\" content=\"Product Parameter (Specification) of 15000psi Pressure Water Jet industry cleaning machine parts 150k Uni-valve\u00a0Cartridge  Panwin 15000psi Pressure Water Jet industry cleaning machine parts 150k Uni-valve\u00a0Cartridge\u00a0Assembly\u00a0is made of High-classed\u00a0quality stainless steel, superior\u00a0craftsmanship and excellent quality, and this Uni Valve is durable and\u00a0reliable.  A:Premium quality stainless steel  B: High-class craftsman  C:Compact Sealing tolerance  &nbsp;  3.Product Feature And Application of 15000psi Pressure Water Jet industry cleaning machine parts 150k Uni-valve\u00a0Cartridge   This 15000psi Pressure Water Jet industry cleaning machine parts 150k Uni-valve\u00a0Cartridge is unique and masterpiece design for excellent performance and easy-service, it is functionally advanced in details as follows:  A:\u00a0Combined suction and discharge\u00a0valves in one self-contained part  B: Slip fit for easy maintenance  C:In-line design minimizes turbulence  Application:  This 15000psi Pressure Water Jet industry cleaning machine parts 150k Uni-valve\u00a0Cartridge\u00a0is applied to JS Fluid End pump, it is the key components and advanced design.  the pump can be widely used in surface cleaning,Tank&amp;Vessel Cleaning,Automotive Painting cleaning,Mining industry cleaning,Steel manufacture cleaning, Construction industry\u00a0et\" \/>\n<meta property=\"og:url\" content=\"https:\/\/panwinjet.com\/fr\/produit\/15000psi-pressure-water-jet-industry-cleaning-machine-parts-150k-uni-valve\/\" \/>\n<meta property=\"og:site_name\" content=\"Panwin Machinery&amp;Equipment\" \/>\n<meta property=\"og:image\" content=\"https:\/\/panwinjet.com\/wp-content\/uploads\/2025\/09\/15K-Uni-Valve-52870-5-scaled.jpg\" \/>\n\t<meta property=\"og:image:width\" content=\"1920\" \/>\n\t<meta property=\"og:image:height\" content=\"2560\" \/>\n\t<meta property=\"og:image:type\" content=\"image\/jpeg\" \/>\n<meta name=\"twitter:card\" content=\"summary_large_image\" \/>\n<meta name=\"twitter:label1\" content=\"Dur\u00e9e de lecture estim\u00e9e\" \/>\n\t<meta name=\"twitter:data1\" content=\"1 minute\" \/>\n<script type=\"application\/ld+json\" class=\"yoast-schema-graph\">{\"@context\":\"https:\/\/schema.org\",\"@graph\":[{\"@type\":\"WebPage\",\"@id\":\"https:\/\/panwinjet.com\/product\/15000psi-pressure-water-jet-industry-cleaning-machine-parts-150k-uni-valve\/\",\"url\":\"https:\/\/panwinjet.com\/product\/15000psi-pressure-water-jet-industry-cleaning-machine-parts-150k-uni-valve\/\",\"name\":\"15000psi Pressure Water Jet industry cleaning machine parts 150k Uni-valve - Panwin Machinery&amp;Equipment\",\"isPartOf\":{\"@id\":\"https:\/\/panwinjet.com\/#website\"},\"primaryImageOfPage\":{\"@id\":\"https:\/\/panwinjet.com\/product\/15000psi-pressure-water-jet-industry-cleaning-machine-parts-150k-uni-valve\/#primaryimage\"},\"image\":{\"@id\":\"https:\/\/panwinjet.com\/product\/15000psi-pressure-water-jet-industry-cleaning-machine-parts-150k-uni-valve\/#primaryimage\"},\"thumbnailUrl\":\"https:\/\/panwinjet.com\/wp-content\/uploads\/2025\/09\/15K-Uni-Valve-52870-5-scaled.jpg\",\"datePublished\":\"2025-09-20T00:22:07+00:00\",\"breadcrumb\":{\"@id\":\"https:\/\/panwinjet.com\/product\/15000psi-pressure-water-jet-industry-cleaning-machine-parts-150k-uni-valve\/#breadcrumb\"},\"inLanguage\":\"fr-FR\",\"potentialAction\":[{\"@type\":\"ReadAction\",\"target\":[\"https:\/\/panwinjet.com\/product\/15000psi-pressure-water-jet-industry-cleaning-machine-parts-150k-uni-valve\/\"]}]},{\"@type\":\"ImageObject\",\"inLanguage\":\"fr-FR\",\"@id\":\"https:\/\/panwinjet.com\/product\/15000psi-pressure-water-jet-industry-cleaning-machine-parts-150k-uni-valve\/#primaryimage\",\"url\":\"https:\/\/panwinjet.com\/wp-content\/uploads\/2025\/09\/15K-Uni-Valve-52870-5-scaled.jpg\",\"contentUrl\":\"https:\/\/panwinjet.com\/wp-content\/uploads\/2025\/09\/15K-Uni-Valve-52870-5-scaled.jpg\",\"width\":1920,\"height\":2560,\"caption\":\"compatible Jetstream 52870\"},{\"@type\":\"BreadcrumbList\",\"@id\":\"https:\/\/panwinjet.com\/product\/15000psi-pressure-water-jet-industry-cleaning-machine-parts-150k-uni-valve\/#breadcrumb\",\"itemListElement\":[{\"@type\":\"ListItem\",\"position\":1,\"name\":\"\u9996\u9875\",\"item\":\"https:\/\/panwinjet.com\/\"},{\"@type\":\"ListItem\",\"position\":2,\"name\":\"PRODUCT\",\"item\":\"https:\/\/panwinjet.com\/product\/\"},{\"@type\":\"ListItem\",\"position\":3,\"name\":\"15000psi Pressure Water Jet industry cleaning machine parts 150k Uni-valve\"}]},{\"@type\":\"WebSite\",\"@id\":\"https:\/\/panwinjet.com\/#website\",\"url\":\"https:\/\/panwinjet.com\/\",\"name\":\"Panwin Machinery&amp;Equipment\",\"description\":\"Shenzhen Panwin Machinery&amp;Equipment Co.Ltd\",\"potentialAction\":[{\"@type\":\"SearchAction\",\"target\":{\"@type\":\"EntryPoint\",\"urlTemplate\":\"https:\/\/panwinjet.com\/?s={search_term_string}\"},\"query-input\":{\"@type\":\"PropertyValueSpecification\",\"valueRequired\":true,\"valueName\":\"search_term_string\"}}],\"inLanguage\":\"fr-FR\"}]}<\/script>\n<!-- \/ Yoast SEO plugin. -->","yoast_head_json":{"title":"15000psi Pressure Water Jet industry cleaning machine parts 150k Uni-valve - Panwin Machinery&amp;Equipment","robots":{"index":"index","follow":"follow","max-snippet":"max-snippet:-1","max-image-preview":"max-image-preview:large","max-video-preview":"max-video-preview:-1"},"canonical":"https:\/\/panwinjet.com\/fr\/produit\/15000psi-pressure-water-jet-industry-cleaning-machine-parts-150k-uni-valve\/","og_locale":"fr_FR","og_type":"article","og_title":"15000psi Pressure Water Jet industry cleaning machine parts 150k Uni-valve - Panwin Machinery&amp;Equipment","og_description":"Product Parameter (Specification) of 15000psi Pressure Water Jet industry cleaning machine parts 150k Uni-valve\u00a0Cartridge  Panwin 15000psi Pressure Water Jet industry cleaning machine parts 150k Uni-valve\u00a0Cartridge\u00a0Assembly\u00a0is made of High-classed\u00a0quality stainless steel, superior\u00a0craftsmanship and excellent quality, and this Uni Valve is durable and\u00a0reliable.  A:Premium quality stainless steel  B: High-class craftsman  C:Compact Sealing tolerance  &nbsp;  3.Product Feature And Application of 15000psi Pressure Water Jet industry cleaning machine parts 150k Uni-valve\u00a0Cartridge   This 15000psi Pressure Water Jet industry cleaning machine parts 150k Uni-valve\u00a0Cartridge is unique and masterpiece design for excellent performance and easy-service, it is functionally advanced in details as follows:  A:\u00a0Combined suction and discharge\u00a0valves in one self-contained part  B: Slip fit for easy maintenance  C:In-line design minimizes turbulence  Application:  This 15000psi Pressure Water Jet industry cleaning machine parts 150k Uni-valve\u00a0Cartridge\u00a0is applied to JS Fluid End pump, it is the key components and advanced design.  the pump can be widely used in surface cleaning,Tank&amp;Vessel Cleaning,Automotive Painting cleaning,Mining industry cleaning,Steel manufacture cleaning, Construction industry\u00a0et","og_url":"https:\/\/panwinjet.com\/fr\/produit\/15000psi-pressure-water-jet-industry-cleaning-machine-parts-150k-uni-valve\/","og_site_name":"Panwin Machinery&amp;Equipment","og_image":[{"width":1920,"height":2560,"url":"https:\/\/panwinjet.com\/wp-content\/uploads\/2025\/09\/15K-Uni-Valve-52870-5-scaled.jpg","type":"image\/jpeg"}],"twitter_card":"summary_large_image","twitter_misc":{"Dur\u00e9e de lecture estim\u00e9e":"1 minute"},"schema":{"@context":"https:\/\/schema.org","@graph":[{"@type":"WebPage","@id":"https:\/\/panwinjet.com\/product\/15000psi-pressure-water-jet-industry-cleaning-machine-parts-150k-uni-valve\/","url":"https:\/\/panwinjet.com\/product\/15000psi-pressure-water-jet-industry-cleaning-machine-parts-150k-uni-valve\/","name":"15000psi Pressure Water Jet industry cleaning machine parts 150k Uni-valve - Panwin Machinery&amp;Equipment","isPartOf":{"@id":"https:\/\/panwinjet.com\/#website"},"primaryImageOfPage":{"@id":"https:\/\/panwinjet.com\/product\/15000psi-pressure-water-jet-industry-cleaning-machine-parts-150k-uni-valve\/#primaryimage"},"image":{"@id":"https:\/\/panwinjet.com\/product\/15000psi-pressure-water-jet-industry-cleaning-machine-parts-150k-uni-valve\/#primaryimage"},"thumbnailUrl":"https:\/\/panwinjet.com\/wp-content\/uploads\/2025\/09\/15K-Uni-Valve-52870-5-scaled.jpg","datePublished":"2025-09-20T00:22:07+00:00","breadcrumb":{"@id":"https:\/\/panwinjet.com\/product\/15000psi-pressure-water-jet-industry-cleaning-machine-parts-150k-uni-valve\/#breadcrumb"},"inLanguage":"fr-FR","potentialAction":[{"@type":"ReadAction","target":["https:\/\/panwinjet.com\/product\/15000psi-pressure-water-jet-industry-cleaning-machine-parts-150k-uni-valve\/"]}]},{"@type":"ImageObject","inLanguage":"fr-FR","@id":"https:\/\/panwinjet.com\/product\/15000psi-pressure-water-jet-industry-cleaning-machine-parts-150k-uni-valve\/#primaryimage","url":"https:\/\/panwinjet.com\/wp-content\/uploads\/2025\/09\/15K-Uni-Valve-52870-5-scaled.jpg","contentUrl":"https:\/\/panwinjet.com\/wp-content\/uploads\/2025\/09\/15K-Uni-Valve-52870-5-scaled.jpg","width":1920,"height":2560,"caption":"compatible Jetstream 52870"},{"@type":"BreadcrumbList","@id":"https:\/\/panwinjet.com\/product\/15000psi-pressure-water-jet-industry-cleaning-machine-parts-150k-uni-valve\/#breadcrumb","itemListElement":[{"@type":"ListItem","position":1,"name":"\u9996\u9875","item":"https:\/\/panwinjet.com\/"},{"@type":"ListItem","position":2,"name":"PRODUCT","item":"https:\/\/panwinjet.com\/product\/"},{"@type":"ListItem","position":3,"name":"15000psi Pressure Water Jet industry cleaning machine parts 150k Uni-valve"}]},{"@type":"WebSite","@id":"https:\/\/panwinjet.com\/#website","url":"https:\/\/panwinjet.com\/","name":"Panwin Machinery&amp;Equipment","description":"Shenzhen Panwin Machinery&amp;Equipment Co.Ltd","potentialAction":[{"@type":"SearchAction","target":{"@type":"EntryPoint","urlTemplate":"https:\/\/panwinjet.com\/?s={search_term_string}"},"query-input":{"@type":"PropertyValueSpecification","valueRequired":true,"valueName":"search_term_string"}}],"inLanguage":"fr-FR"}]}},"_links":{"self":[{"href":"https:\/\/panwinjet.com\/fr\/wp-json\/wp\/v2\/product\/961","targetHints":{"allow":["GET"]}}],"collection":[{"href":"https:\/\/panwinjet.com\/fr\/wp-json\/wp\/v2\/product"}],"about":[{"href":"https:\/\/panwinjet.com\/fr\/wp-json\/wp\/v2\/types\/product"}],"wp:featuredmedia":[{"embeddable":true,"href":"https:\/\/panwinjet.com\/fr\/wp-json\/wp\/v2\/media\/963"}],"wp:attachment":[{"href":"https:\/\/panwinjet.com\/fr\/wp-json\/wp\/v2\/media?parent=961"}],"wp:term":[{"taxonomy":"product_brand","embeddable":true,"href":"https:\/\/panwinjet.com\/fr\/wp-json\/wp\/v2\/product_brand?post=961"},{"taxonomy":"product_cat","embeddable":true,"href":"https:\/\/panwinjet.com\/fr\/wp-json\/wp\/v2\/product_cat?post=961"},{"taxonomy":"product_tag","embeddable":true,"href":"https:\/\/panwinjet.com\/fr\/wp-json\/wp\/v2\/product_tag?post=961"}],"curies":[{"name":"wp","href":"https:\/\/api.w.org\/{rel}","templated":true}]}}