{"id":955,"date":"2025-09-20T00:16:14","date_gmt":"2025-09-20T00:16:14","guid":{"rendered":"https:\/\/panwinjet.com\/?post_type=product&#038;p=955"},"modified":"2025-09-20T00:16:14","modified_gmt":"2025-09-20T00:16:14","slug":"pipeline-ultra-high-pressure-water-jet-cleaning-machine-parts-4220-stuffing-box","status":"publish","type":"product","link":"https:\/\/panwinjet.com\/fr\/produit\/pipeline-ultra-high-pressure-water-jet-cleaning-machine-parts-4220-stuffing-box\/","title":{"rendered":"Pi\u00e8ces d\u00e9tach\u00e9es pour machine de nettoyage de canalisations au jet d&#039;eau ultra-haute pression\u00a0: bo\u00eete \u00e0 presse-\u00e9toupe 4220"},"content":{"rendered":"<p><strong><b>Introduction de <\/b><\/strong><strong><b>Pi\u00e8ces d\u00e9tach\u00e9es pour machine de nettoyage de canalisations au jet d&#039;eau ultra-haute pression\u00a0: bo\u00eete \u00e0 presse-\u00e9toupe 4220<\/b><\/strong><\/p>\n<p>Cette bo\u00eete \u00e0 garniture 4220, pi\u00e8ce de la machine de nettoyage de pipelines au jet d&#039;eau ultra-haute pression, est un \u00e9l\u00e9ment cl\u00e9 de la pompe Jetstream 4020 d&#039;une pression nominale de 20 kpsi.<\/p>\n<p>La JST 4220 est une pompe \u00e0 jet d&#039;eau \u00e0 piston triplex d&#039;une puissance d&#039;entr\u00e9e de 190 \u00e0 325 chevaux (142 \u00e0 252 kW), elle offre une simplicit\u00e9, une facilit\u00e9 d&#039;entretien et une polyvalence in\u00e9gal\u00e9es gr\u00e2ce \u00e0 sa conception \u00e0 extr\u00e9mit\u00e9 fluide. Avec un d\u00e9bit maximal de 96 l\/min \u00e0 une pression nominale de 20 kpsi, cette pompe \u00e0 pression de 20 kpsi est la pompe la plus puissante \u00e0 ce niveau de pression.<\/p>\n<p>Cette bo\u00eete \u00e0 presse-\u00e9toupe 4220 convient \u00e0 la bo\u00eete \u00e0 presse-\u00e9toupe #8#9 compatible avec Jetstream 50306, \u00e0 la bo\u00eete \u00e0 presse-\u00e9toupe #10#11 compatible avec Jetstream 52502.<\/p>","protected":false},"excerpt":{"rendered":"<p><strong><b>Param\u00e8tre (sp\u00e9cification) du produit <\/b><\/strong><strong><b>Pi\u00e8ces d\u00e9tach\u00e9es pour machine de nettoyage de canalisations au jet d&#039;eau ultra-haute pression\u00a0: bo\u00eete \u00e0 presse-\u00e9toupe 4220<\/b><\/strong><\/p>\n<p>Cette bo\u00eete \u00e0 garniture 4220, pi\u00e8ce d\u00e9tach\u00e9e pour machine de nettoyage de canalisations au jet d&#039;eau ultra-haute pression, est fabriqu\u00e9e en acier inoxydable haute densit\u00e9. Elle b\u00e9n\u00e9ficie d&#039;une garantie d&#039;un an, gage de sa haute qualit\u00e9. Cette bo\u00eete \u00e0 garniture 4220 est compatible avec les mod\u00e8les #8 et #9 (Jetstream 50306) et #10 et #11 (Jetstream 52502).<\/p>\n<p>&nbsp;<\/p>\n<p><strong><b><img decoding=\"async\" class=\"aligncenter size-full wp-image-954 lazyload\" data-src=\"https:\/\/panwinjet.com\/wp-content\/uploads\/2025\/09\/4220-Manifold-Breakdown.png\" alt=\"\" width=\"936\" height=\"698\" data-srcset=\"https:\/\/panwinjet.com\/wp-content\/uploads\/2025\/09\/4220-Manifold-Breakdown.png 936w, https:\/\/panwinjet.com\/wp-content\/uploads\/2025\/09\/4220-Manifold-Breakdown-500x373.png 500w, https:\/\/panwinjet.com\/wp-content\/uploads\/2025\/09\/4220-Manifold-Breakdown-300x224.png 300w, https:\/\/panwinjet.com\/wp-content\/uploads\/2025\/09\/4220-Manifold-Breakdown-768x573.png 768w, https:\/\/panwinjet.com\/wp-content\/uploads\/2025\/09\/4220-Manifold-Breakdown-101x75.png 101w, https:\/\/panwinjet.com\/wp-content\/uploads\/2025\/09\/4220-Manifold-Breakdown-480x358.png 480w, https:\/\/panwinjet.com\/wp-content\/uploads\/2025\/09\/4220-Manifold-Breakdown-800x597.png 800w\" data-sizes=\"(max-width:767px) 480px, (max-width:936px) 100vw, 936px\" src=\"data:image\/svg+xml;base64,PHN2ZyB3aWR0aD0iMSIgaGVpZ2h0PSIxIiB4bWxucz0iaHR0cDovL3d3dy53My5vcmcvMjAwMC9zdmciPjwvc3ZnPg==\" style=\"--smush-placeholder-width: 936px; --smush-placeholder-aspect-ratio: 936\/698;\" \/>\u00a0Caract\u00e9ristiques et applications de <\/b><\/strong><strong><b>Pi\u00e8ces d\u00e9tach\u00e9es pour machine de nettoyage de canalisations au jet d&#039;eau ultra-haute pression\u00a0: bo\u00eete \u00e0 presse-\u00e9toupe 4220<\/b><\/strong><\/p>\n<p>Pour cette machine de nettoyage de canalisations par jet d&#039;eau ultra-haute pression, la bo\u00eete \u00e0 garniture 4220 est une pi\u00e8ce essentielle pour la pompe Jetstream 4220 d&#039;une pression nominale de 20\u00a0000\u00a0psi. Cette pompe est \u00e0 la pointe de la technologie gr\u00e2ce \u00e0 sa conception unique, sa simplicit\u00e9 d&#039;entretien et sa polyvalence. Cette bo\u00eete \u00e0 garniture 4220 est compatible avec les bo\u00eetes \u00e0 garniture #8\/#9 (avec la Jetstream 50306) et #10\/#11 (avec la Jetstream 52502).<\/p>\n<p>Les avantages :<\/p>\n<p>Service facile : remplacement de l&#039;emballage en quelques minutes<\/p>\n<p>Conception simple : la cartouche Uni Valve comprend en un seul bloc la soupape d&#039;aspiration et de refoulement, le si\u00e8ge, etc.<\/p>\n<p>Polyvalence de conversion : Connexion polyvalente avec d&#039;autres pi\u00e8ces pour un gain de temps.<\/p>\n<p>&nbsp;<\/p>\n<p><strong><b>Application:<\/b><\/strong><\/p>\n<p>La bo\u00eete \u00e0 garniture 4220 de la machine de nettoyage au jet d&#039;eau ultra-haute pression pour pipelines est une pi\u00e8ce de la pompe \u00e0 piston triplex 4220. Cette pompe puissante peut \u00eatre largement utilis\u00e9e dans les travaux de nettoyage par hydro-d\u00e9capage tels que le nettoyage de surface, le nettoyage de tubes de pipeline, le nettoyage d&#039;\u00e9changeurs de chaleur, la peinture hydrodynamique et le nettoyage de la rouille, etc.<\/p>","protected":false},"featured_media":957,"template":"","meta":[],"product_brand":[],"product_cat":[7],"product_tag":[],"class_list":{"0":"post-955","1":"product","2":"type-product","3":"status-publish","4":"has-post-thumbnail","6":"product_cat-jetstream-pump-fluid-end-compatibe-parts","8":"first","9":"instock","10":"shipping-taxable","11":"product-type-simple"},"yoast_head":"<!-- This site is optimized with the Yoast SEO plugin v24.9 - https:\/\/yoast.com\/wordpress\/plugins\/seo\/ -->\n<title>Pipeline Ultra-high Pressure Water Jet cleaning machine parts 4220 Stuffing Box - Panwin Machinery&amp;Equipment<\/title>\n<meta name=\"robots\" content=\"index, follow, max-snippet:-1, max-image-preview:large, max-video-preview:-1\" \/>\n<link rel=\"canonical\" href=\"https:\/\/panwinjet.com\/fr\/produit\/pipeline-ultra-high-pressure-water-jet-cleaning-machine-parts-4220-stuffing-box\/\" \/>\n<meta property=\"og:locale\" content=\"fr_FR\" \/>\n<meta property=\"og:type\" content=\"article\" \/>\n<meta property=\"og:title\" content=\"Pipeline Ultra-high Pressure Water Jet cleaning machine parts 4220 Stuffing Box - Panwin Machinery&amp;Equipment\" \/>\n<meta property=\"og:description\" content=\"Product Parameter (Specification) of Pipeline Ultra-high Pressure Water Jet cleaning machine parts 4220 Stuffing Box  This Pipeline Ultra-high Pressure Water Jet cleaning machine parts 4220 Stuffing Box\u00a0is made of\u00a0high-density Stainless Steel. This parts we have One-year warranty, ensure the high-quality to our customers\u00a0and This 4220 Stuffing Box is fit for #8#9 stuffing box compatible with Jetstream 50306, #10#11 stuffing box compatible with Jetstream 52502.  &nbsp;  \u00a0Feature And Application of Pipeline Ultra-high Pressure Water Jet cleaning machine parts 4220 Stuffing Box  For this Pipeline Ultra-high Pressure Water Jet cleaning machine parts 4220 Stuffing Box\u00a0it is important\u00a0Parts\u00a0for the Jetstream 4220 20Kpsi pressure rated\u00a0pump. This pump is most advanced\u00a0in term of the unparalleled simplicity, serviceability and versatility of fluid end design pump.This 4220 Stuffing Box is fit for #8#9 stuffing box compatible with Jetstream 50306, #10#11 stuffing box compatible with Jetstream 52502.  The advantage features:  Easy service: Few minute packing replace  simplicity design: Uni Valve cartridge include suction&amp;Discharge Valve,seat etc in ones.  Versatility in conversion: Versatile connection with other parts for time-saving.  &nbsp;  Application:  The Pipeline Ultra-high Pressure Water Jet cleaning machine parts 4220 Stuffing Box\u00a0is the parts of 4220 triplex plunger pump, this powerful pump can be used\u00a0widely in hydro Blasting cleaning jobs such as\u00a0surface cleaning, pipeline tubing cleaning, the heat-exchange cleaning,\u00a0Hydro\u00a0Painting &amp;Rust cleaning etc.\" \/>\n<meta property=\"og:url\" content=\"https:\/\/panwinjet.com\/fr\/produit\/pipeline-ultra-high-pressure-water-jet-cleaning-machine-parts-4220-stuffing-box\/\" \/>\n<meta property=\"og:site_name\" content=\"Panwin Machinery&amp;Equipment\" \/>\n<meta property=\"og:image\" content=\"https:\/\/panwinjet.com\/wp-content\/uploads\/2025\/09\/4220-Stuffing-Box-\u539f\u59cb\u56fe\u7247-2-scaled.jpg\" \/>\n\t<meta property=\"og:image:width\" content=\"2560\" \/>\n\t<meta property=\"og:image:height\" content=\"1920\" \/>\n\t<meta property=\"og:image:type\" content=\"image\/jpeg\" \/>\n<meta name=\"twitter:card\" content=\"summary_large_image\" \/>\n<meta name=\"twitter:label1\" content=\"Dur\u00e9e de lecture estim\u00e9e\" \/>\n\t<meta name=\"twitter:data1\" content=\"1 minute\" \/>\n<script type=\"application\/ld+json\" class=\"yoast-schema-graph\">{\"@context\":\"https:\/\/schema.org\",\"@graph\":[{\"@type\":\"WebPage\",\"@id\":\"https:\/\/panwinjet.com\/product\/pipeline-ultra-high-pressure-water-jet-cleaning-machine-parts-4220-stuffing-box\/\",\"url\":\"https:\/\/panwinjet.com\/product\/pipeline-ultra-high-pressure-water-jet-cleaning-machine-parts-4220-stuffing-box\/\",\"name\":\"Pipeline Ultra-high Pressure Water Jet cleaning machine parts 4220 Stuffing Box - Panwin Machinery&amp;Equipment\",\"isPartOf\":{\"@id\":\"https:\/\/panwinjet.com\/#website\"},\"primaryImageOfPage\":{\"@id\":\"https:\/\/panwinjet.com\/product\/pipeline-ultra-high-pressure-water-jet-cleaning-machine-parts-4220-stuffing-box\/#primaryimage\"},\"image\":{\"@id\":\"https:\/\/panwinjet.com\/product\/pipeline-ultra-high-pressure-water-jet-cleaning-machine-parts-4220-stuffing-box\/#primaryimage\"},\"thumbnailUrl\":\"https:\/\/panwinjet.com\/wp-content\/uploads\/2025\/09\/4220-Stuffing-Box-\u539f\u59cb\u56fe\u7247-2-scaled.jpg\",\"datePublished\":\"2025-09-20T00:16:14+00:00\",\"breadcrumb\":{\"@id\":\"https:\/\/panwinjet.com\/product\/pipeline-ultra-high-pressure-water-jet-cleaning-machine-parts-4220-stuffing-box\/#breadcrumb\"},\"inLanguage\":\"fr-FR\",\"potentialAction\":[{\"@type\":\"ReadAction\",\"target\":[\"https:\/\/panwinjet.com\/product\/pipeline-ultra-high-pressure-water-jet-cleaning-machine-parts-4220-stuffing-box\/\"]}]},{\"@type\":\"ImageObject\",\"inLanguage\":\"fr-FR\",\"@id\":\"https:\/\/panwinjet.com\/product\/pipeline-ultra-high-pressure-water-jet-cleaning-machine-parts-4220-stuffing-box\/#primaryimage\",\"url\":\"https:\/\/panwinjet.com\/wp-content\/uploads\/2025\/09\/4220-Stuffing-Box-\u539f\u59cb\u56fe\u7247-2-scaled.jpg\",\"contentUrl\":\"https:\/\/panwinjet.com\/wp-content\/uploads\/2025\/09\/4220-Stuffing-Box-\u539f\u59cb\u56fe\u7247-2-scaled.jpg\",\"width\":2560,\"height\":1920},{\"@type\":\"BreadcrumbList\",\"@id\":\"https:\/\/panwinjet.com\/product\/pipeline-ultra-high-pressure-water-jet-cleaning-machine-parts-4220-stuffing-box\/#breadcrumb\",\"itemListElement\":[{\"@type\":\"ListItem\",\"position\":1,\"name\":\"\u9996\u9875\",\"item\":\"https:\/\/panwinjet.com\/\"},{\"@type\":\"ListItem\",\"position\":2,\"name\":\"PRODUCT\",\"item\":\"https:\/\/panwinjet.com\/product\/\"},{\"@type\":\"ListItem\",\"position\":3,\"name\":\"Pipeline Ultra-high Pressure Water Jet cleaning machine parts 4220 Stuffing Box\"}]},{\"@type\":\"WebSite\",\"@id\":\"https:\/\/panwinjet.com\/#website\",\"url\":\"https:\/\/panwinjet.com\/\",\"name\":\"Panwin Machinery&amp;Equipment\",\"description\":\"Shenzhen Panwin Machinery&amp;Equipment Co.Ltd\",\"potentialAction\":[{\"@type\":\"SearchAction\",\"target\":{\"@type\":\"EntryPoint\",\"urlTemplate\":\"https:\/\/panwinjet.com\/?s={search_term_string}\"},\"query-input\":{\"@type\":\"PropertyValueSpecification\",\"valueRequired\":true,\"valueName\":\"search_term_string\"}}],\"inLanguage\":\"fr-FR\"}]}<\/script>\n<!-- \/ Yoast SEO plugin. -->","yoast_head_json":{"title":"Pipeline Ultra-high Pressure Water Jet cleaning machine parts 4220 Stuffing Box - Panwin Machinery&amp;Equipment","robots":{"index":"index","follow":"follow","max-snippet":"max-snippet:-1","max-image-preview":"max-image-preview:large","max-video-preview":"max-video-preview:-1"},"canonical":"https:\/\/panwinjet.com\/fr\/produit\/pipeline-ultra-high-pressure-water-jet-cleaning-machine-parts-4220-stuffing-box\/","og_locale":"fr_FR","og_type":"article","og_title":"Pipeline Ultra-high Pressure Water Jet cleaning machine parts 4220 Stuffing Box - Panwin Machinery&amp;Equipment","og_description":"Product Parameter (Specification) of Pipeline Ultra-high Pressure Water Jet cleaning machine parts 4220 Stuffing Box  This Pipeline Ultra-high Pressure Water Jet cleaning machine parts 4220 Stuffing Box\u00a0is made of\u00a0high-density Stainless Steel. This parts we have One-year warranty, ensure the high-quality to our customers\u00a0and This 4220 Stuffing Box is fit for #8#9 stuffing box compatible with Jetstream 50306, #10#11 stuffing box compatible with Jetstream 52502.  &nbsp;  \u00a0Feature And Application of Pipeline Ultra-high Pressure Water Jet cleaning machine parts 4220 Stuffing Box  For this Pipeline Ultra-high Pressure Water Jet cleaning machine parts 4220 Stuffing Box\u00a0it is important\u00a0Parts\u00a0for the Jetstream 4220 20Kpsi pressure rated\u00a0pump. This pump is most advanced\u00a0in term of the unparalleled simplicity, serviceability and versatility of fluid end design pump.This 4220 Stuffing Box is fit for #8#9 stuffing box compatible with Jetstream 50306, #10#11 stuffing box compatible with Jetstream 52502.  The advantage features:  Easy service: Few minute packing replace  simplicity design: Uni Valve cartridge include suction&amp;Discharge Valve,seat etc in ones.  Versatility in conversion: Versatile connection with other parts for time-saving.  &nbsp;  Application:  The Pipeline Ultra-high Pressure Water Jet cleaning machine parts 4220 Stuffing Box\u00a0is the parts of 4220 triplex plunger pump, this powerful pump can be used\u00a0widely in hydro Blasting cleaning jobs such as\u00a0surface cleaning, pipeline tubing cleaning, the heat-exchange cleaning,\u00a0Hydro\u00a0Painting &amp;Rust cleaning etc.","og_url":"https:\/\/panwinjet.com\/fr\/produit\/pipeline-ultra-high-pressure-water-jet-cleaning-machine-parts-4220-stuffing-box\/","og_site_name":"Panwin Machinery&amp;Equipment","og_image":[{"width":2560,"height":1920,"url":"https:\/\/panwinjet.com\/wp-content\/uploads\/2025\/09\/4220-Stuffing-Box-\u539f\u59cb\u56fe\u7247-2-scaled.jpg","type":"image\/jpeg"}],"twitter_card":"summary_large_image","twitter_misc":{"Dur\u00e9e de lecture estim\u00e9e":"1 minute"},"schema":{"@context":"https:\/\/schema.org","@graph":[{"@type":"WebPage","@id":"https:\/\/panwinjet.com\/product\/pipeline-ultra-high-pressure-water-jet-cleaning-machine-parts-4220-stuffing-box\/","url":"https:\/\/panwinjet.com\/product\/pipeline-ultra-high-pressure-water-jet-cleaning-machine-parts-4220-stuffing-box\/","name":"Pipeline Ultra-high Pressure Water Jet cleaning machine parts 4220 Stuffing Box - Panwin Machinery&amp;Equipment","isPartOf":{"@id":"https:\/\/panwinjet.com\/#website"},"primaryImageOfPage":{"@id":"https:\/\/panwinjet.com\/product\/pipeline-ultra-high-pressure-water-jet-cleaning-machine-parts-4220-stuffing-box\/#primaryimage"},"image":{"@id":"https:\/\/panwinjet.com\/product\/pipeline-ultra-high-pressure-water-jet-cleaning-machine-parts-4220-stuffing-box\/#primaryimage"},"thumbnailUrl":"https:\/\/panwinjet.com\/wp-content\/uploads\/2025\/09\/4220-Stuffing-Box-\u539f\u59cb\u56fe\u7247-2-scaled.jpg","datePublished":"2025-09-20T00:16:14+00:00","breadcrumb":{"@id":"https:\/\/panwinjet.com\/product\/pipeline-ultra-high-pressure-water-jet-cleaning-machine-parts-4220-stuffing-box\/#breadcrumb"},"inLanguage":"fr-FR","potentialAction":[{"@type":"ReadAction","target":["https:\/\/panwinjet.com\/product\/pipeline-ultra-high-pressure-water-jet-cleaning-machine-parts-4220-stuffing-box\/"]}]},{"@type":"ImageObject","inLanguage":"fr-FR","@id":"https:\/\/panwinjet.com\/product\/pipeline-ultra-high-pressure-water-jet-cleaning-machine-parts-4220-stuffing-box\/#primaryimage","url":"https:\/\/panwinjet.com\/wp-content\/uploads\/2025\/09\/4220-Stuffing-Box-\u539f\u59cb\u56fe\u7247-2-scaled.jpg","contentUrl":"https:\/\/panwinjet.com\/wp-content\/uploads\/2025\/09\/4220-Stuffing-Box-\u539f\u59cb\u56fe\u7247-2-scaled.jpg","width":2560,"height":1920},{"@type":"BreadcrumbList","@id":"https:\/\/panwinjet.com\/product\/pipeline-ultra-high-pressure-water-jet-cleaning-machine-parts-4220-stuffing-box\/#breadcrumb","itemListElement":[{"@type":"ListItem","position":1,"name":"\u9996\u9875","item":"https:\/\/panwinjet.com\/"},{"@type":"ListItem","position":2,"name":"PRODUCT","item":"https:\/\/panwinjet.com\/product\/"},{"@type":"ListItem","position":3,"name":"Pipeline Ultra-high Pressure Water Jet cleaning machine parts 4220 Stuffing Box"}]},{"@type":"WebSite","@id":"https:\/\/panwinjet.com\/#website","url":"https:\/\/panwinjet.com\/","name":"Panwin Machinery&amp;Equipment","description":"Shenzhen Panwin Machinery&amp;Equipment Co.Ltd","potentialAction":[{"@type":"SearchAction","target":{"@type":"EntryPoint","urlTemplate":"https:\/\/panwinjet.com\/?s={search_term_string}"},"query-input":{"@type":"PropertyValueSpecification","valueRequired":true,"valueName":"search_term_string"}}],"inLanguage":"fr-FR"}]}},"_links":{"self":[{"href":"https:\/\/panwinjet.com\/fr\/wp-json\/wp\/v2\/product\/955","targetHints":{"allow":["GET"]}}],"collection":[{"href":"https:\/\/panwinjet.com\/fr\/wp-json\/wp\/v2\/product"}],"about":[{"href":"https:\/\/panwinjet.com\/fr\/wp-json\/wp\/v2\/types\/product"}],"wp:featuredmedia":[{"embeddable":true,"href":"https:\/\/panwinjet.com\/fr\/wp-json\/wp\/v2\/media\/957"}],"wp:attachment":[{"href":"https:\/\/panwinjet.com\/fr\/wp-json\/wp\/v2\/media?parent=955"}],"wp:term":[{"taxonomy":"product_brand","embeddable":true,"href":"https:\/\/panwinjet.com\/fr\/wp-json\/wp\/v2\/product_brand?post=955"},{"taxonomy":"product_cat","embeddable":true,"href":"https:\/\/panwinjet.com\/fr\/wp-json\/wp\/v2\/product_cat?post=955"},{"taxonomy":"product_tag","embeddable":true,"href":"https:\/\/panwinjet.com\/fr\/wp-json\/wp\/v2\/product_tag?post=955"}],"curies":[{"name":"wp","href":"https:\/\/api.w.org\/{rel}","templated":true}]}}