{"id":946,"date":"2025-09-20T00:10:12","date_gmt":"2025-09-20T00:10:12","guid":{"rendered":"https:\/\/panwinjet.com\/?post_type=product&#038;p=946"},"modified":"2025-09-20T00:10:12","modified_gmt":"2025-09-20T00:10:12","slug":"20000psi-hydro-jet-surface-cleaning-machine-parts-4220-manifold","status":"publish","type":"product","link":"https:\/\/panwinjet.com\/fr\/produit\/20000psi-hydro-jet-surface-cleaning-machine-parts-4220-manifold\/","title":{"rendered":"Pi\u00e8ces d\u00e9tach\u00e9es pour machine de nettoyage de surface par jet d&#039;eau hydrostatique de 20\u00a0000\u00a0psi\u00a0: collecteur 4220"},"content":{"rendered":"<p><strong><b>Pr\u00e9sentation du produit <\/b><\/strong><strong><b>Pi\u00e8ces d\u00e9tach\u00e9es pour machine de nettoyage de surface par jet d&#039;eau hydrostatique de 20\u00a0000\u00a0psi\u00a0: collecteur 4220<\/b><\/strong><\/p>\n<p>Le collecteur 4220, composant essentiel de la pompe \u00e0 jet d&#039;eau Jetstream de 20\u00a0000\u00a0psi (pression nominale), est une pi\u00e8ce importante de la machine de nettoyage de surfaces Hydro Jet. Cette pompe, aliment\u00e9e par une puissance de 190 \u00e0 325\u00a0ch (142 \u00e0 252\u00a0kW), se distingue par sa robustesse, sa polyvalence pour diverses t\u00e2ches de nettoyage et sa fiabilit\u00e9. Elle est compatible avec le mod\u00e8le Jetstream 51818.<\/p>\n<p><strong><b>\u00a0<\/b><\/strong><\/p>\n<p><strong><b>Param\u00e8tre (sp\u00e9cification) du produit <\/b><\/strong><strong><b>Pi\u00e8ces d\u00e9tach\u00e9es pour machine de nettoyage de surface par jet d&#039;eau hydrostatique de 20\u00a0000\u00a0psi\u00a0: collecteur 4220<\/b><\/strong><\/p>\n<p>Le collecteur 4220, composant essentiel de la pompe \u00e0 pression de 20 psi, est une pi\u00e8ce ma\u00eetresse de la machine de nettoyage de surface Hydro Jet de 20\u00a0000 psi. Cette pompe de pointe, d&#039;une pression nominale de 20\u00a0000 psi, offre des performances in\u00e9gal\u00e9es \u00e0 cette pression. Elle est compatible avec le Jetstream 51818.<\/p>","protected":false},"excerpt":{"rendered":"<p><strong><b>3. Caract\u00e9ristiques et applications du produit <\/b><\/strong><strong><b>Pi\u00e8ces d\u00e9tach\u00e9es pour machine de nettoyage de surface par jet d&#039;eau hydrostatique de 20\u00a0000\u00a0psi\u00a0: collecteur 4220<\/b><\/strong><\/p>\n<p>Le collecteur 4220 de la machine de nettoyage de surface Hydro Jet de 20\u00a0000\u00a0psi est fabriqu\u00e9 \u00e0 partir de mat\u00e9riaux robustes et int\u00e8gre un amortisseur de pulsations ainsi qu&#039;une conception pivotante facilitant l&#039;entretien. Il pr\u00e9sente \u00e9galement les caract\u00e9ristiques avanc\u00e9es mentionn\u00e9es.<\/p>\n<p>Les avantages de Manifold\u00a0:<\/p>\n<p>A: Amortisseur de pulsations int\u00e9gr\u00e9 au collecteur<\/p>\n<p>B : Le collecteur est usin\u00e9 avec pr\u00e9cision \u00e0 partir d&#039;acier inoxydable de haute qualit\u00e9.<\/p>\n<p>C : Collecteur rabattable pour faciliter le raccordement aux pi\u00e8ces<img decoding=\"async\" class=\"aligncenter size-full wp-image-954 lazyload\" data-src=\"https:\/\/panwinjet.com\/wp-content\/uploads\/2025\/09\/4220-Manifold-Breakdown.png\" alt=\"\" width=\"936\" height=\"698\" data-srcset=\"https:\/\/panwinjet.com\/wp-content\/uploads\/2025\/09\/4220-Manifold-Breakdown.png 936w, https:\/\/panwinjet.com\/wp-content\/uploads\/2025\/09\/4220-Manifold-Breakdown-500x373.png 500w, https:\/\/panwinjet.com\/wp-content\/uploads\/2025\/09\/4220-Manifold-Breakdown-300x224.png 300w, https:\/\/panwinjet.com\/wp-content\/uploads\/2025\/09\/4220-Manifold-Breakdown-768x573.png 768w, https:\/\/panwinjet.com\/wp-content\/uploads\/2025\/09\/4220-Manifold-Breakdown-101x75.png 101w, https:\/\/panwinjet.com\/wp-content\/uploads\/2025\/09\/4220-Manifold-Breakdown-480x358.png 480w, https:\/\/panwinjet.com\/wp-content\/uploads\/2025\/09\/4220-Manifold-Breakdown-800x597.png 800w\" data-sizes=\"(max-width:767px) 480px, (max-width:936px) 100vw, 936px\" src=\"data:image\/svg+xml;base64,PHN2ZyB3aWR0aD0iMSIgaGVpZ2h0PSIxIiB4bWxucz0iaHR0cDovL3d3dy53My5vcmcvMjAwMC9zdmciPjwvc3ZnPg==\" style=\"--smush-placeholder-width: 936px; --smush-placeholder-aspect-ratio: 936\/698;\" \/><\/p>\n<p><strong><b>Application:<\/b><\/strong><\/p>\n<p>Pi\u00e8ces d\u00e9tach\u00e9es pour \u00e9quipement de nettoyage de pompe \u00e0 piston triplex UHP 3000 bar, robot de pr\u00e9paration de surface pour barre de pulv\u00e9risation Hammelmann, destin\u00e9 aux chantiers navals.<\/p>\n<p>Industrie du fer, de l&#039;acier et des m\u00e9taux : sablage hydrodynamique<\/p>\n<p>Ing\u00e9nierie m\u00e9canique et des appareils pour nettoyeurs haute pression<\/p>\n<p>Industrie du ciment et du b\u00e9ton<\/p>\n<p>Nettoyage de surface haute pression Barracuda<\/p>\n<p>pi\u00e8ces d&#039;\u00e9quipement de nettoyage \u00e0 jet d&#039;eau ultra-haute pression<\/p>\n<p>Barres de pulv\u00e9risation pour le nettoyage industriel<\/p>\n<p>Machine de nettoyage \u00e0 haute pression pour l&#039;industrie du raffinage du p\u00e9trole<\/p>\n<p>Nettoyage de surfaces par hydrojet, nettoyage de r\u00e9servoirs et de cuves,<\/p>\n<p>Nettoyage de l&#039;\u00e9changeur de chaleur,<\/p>\n<p>Nettoyage de v\u00e9hicules (peinture), nettoyage pour l&#039;industrie mini\u00e8re, nettoyage pour la fabrication d&#039;acier, etc.<\/p>\n<p>\u00c9quipement de nettoyage des \u00e9gouts \u00e0 haute pression pour les r\u00e9seaux de canalisations municipales d&#039;adduction d&#039;eau et de drainage\u00a0;<\/p>\n<p>&nbsp;<\/p>\n<p><strong><b>\u00a0<\/b><\/strong><\/p>\n<p><strong><b>D\u00e9tails du produit<\/b><\/strong><strong><b>\u00a0<\/b><\/strong><strong><b>Pi\u00e8ces d\u00e9tach\u00e9es pour machine de nettoyage de surface par jet d&#039;eau hydrostatique de 20\u00a0000\u00a0psi\u00a0: collecteur 4220<\/b><\/strong><\/p>\n<p>Cette machine de nettoyage de surface Hydro Jet de 20 000 psi, dont le collecteur 4220 est dot\u00e9 d&#039;une fonction d&#039;amortisseur de pulsations int\u00e9gr\u00e9e, est fabriqu\u00e9e en acier inoxydable de haute qualit\u00e9.<\/p>\n<p>Nous allions d\u00e9monter les pi\u00e8ces de la pompe pour en examiner la conception avanc\u00e9e.<\/p>","protected":false},"featured_media":947,"template":"","meta":[],"product_brand":[],"product_cat":[7],"product_tag":[],"class_list":{"0":"post-946","1":"product","2":"type-product","3":"status-publish","4":"has-post-thumbnail","6":"product_cat-jetstream-pump-fluid-end-compatibe-parts","8":"first","9":"instock","10":"shipping-taxable","11":"product-type-simple"},"yoast_head":"<!-- This site is optimized with the Yoast SEO plugin v24.9 - https:\/\/yoast.com\/wordpress\/plugins\/seo\/ -->\n<title>20000psi Hydro Jet Surface cleaning machine parts 4220 Manifold - Panwin Machinery&amp;Equipment<\/title>\n<meta name=\"robots\" content=\"index, follow, max-snippet:-1, max-image-preview:large, max-video-preview:-1\" \/>\n<link rel=\"canonical\" href=\"https:\/\/panwinjet.com\/fr\/produit\/20000psi-hydro-jet-surface-cleaning-machine-parts-4220-manifold\/\" \/>\n<meta property=\"og:locale\" content=\"fr_FR\" \/>\n<meta property=\"og:type\" content=\"article\" \/>\n<meta property=\"og:title\" content=\"20000psi Hydro Jet Surface cleaning machine parts 4220 Manifold - Panwin Machinery&amp;Equipment\" \/>\n<meta property=\"og:description\" content=\"3.Product Feature And Application of 20000psi Hydro Jet Surface cleaning machine parts 4220 Manifold  The 20000psi Hydro Jet Surface cleaning machine parts 4220 Manifold\u00a0is made from the heavy-duty, and it is built-in Pulsation dampener and Swing-down design for easy service. In Generally the advanced features mentioned.  The Manifold advantage features:  A:Pulsation dampener built in to manifold  B:The manifold precision machined from high-grade SST  C:Swing-down manifold for easy connect to parts  Application:  UHP 3000Bar UHP triplex plunger pump cleaning equipment parts Shipyard Surface preparation Robot for \u00a0Hammelmann Spraying Bar  Hydro Jet blaster Iron, Steel And Metal Industry  high pressure waterblaster\u00a0Mechanical\u00a0and Apparatus Engineering  Cements and Concrete Industry  high pressure barracuda\u00a0Surface cleaning  UHP hydro Jet cleaning equipment parts  Industrial Cleaning Spray Bars  hydro blasting machine\u00a0for petroleum refining industry  Hydro Jet Surface Cleaning,Tank&amp;Vessel Cleaning,  Heat Exchange Cleaning,  Automotive Painting cleaning Mining industry cleaning Steel manufacture cleaning etc.  High pressure sewer cleaning equipment\u00a0for municipal pipe networks\u00a0water supply and drainage pipelines;  &nbsp;  \u00a0  Product Details of\u00a020000psi Hydro Jet Surface cleaning machine parts 4220 Manifold  This 20000psi Hydro Jet Surface cleaning machine parts 4220 Manifold\u00a0have the Pulsation dampener built-in function and is made of the high-grade SST.  We would break down the pump parts to see it advanced design.\" \/>\n<meta property=\"og:url\" content=\"https:\/\/panwinjet.com\/fr\/produit\/20000psi-hydro-jet-surface-cleaning-machine-parts-4220-manifold\/\" \/>\n<meta property=\"og:site_name\" content=\"Panwin Machinery&amp;Equipment\" \/>\n<meta property=\"og:image\" content=\"https:\/\/panwinjet.com\/wp-content\/uploads\/2025\/09\/4220-Manifold-\u539f\u59cb\u56fe\u7247-1-scaled.jpg\" \/>\n\t<meta property=\"og:image:width\" content=\"2560\" \/>\n\t<meta property=\"og:image:height\" content=\"1920\" \/>\n\t<meta property=\"og:image:type\" content=\"image\/jpeg\" \/>\n<meta name=\"twitter:card\" content=\"summary_large_image\" \/>\n<meta name=\"twitter:label1\" content=\"Dur\u00e9e de lecture estim\u00e9e\" \/>\n\t<meta name=\"twitter:data1\" content=\"1 minute\" \/>\n<script type=\"application\/ld+json\" class=\"yoast-schema-graph\">{\"@context\":\"https:\/\/schema.org\",\"@graph\":[{\"@type\":\"WebPage\",\"@id\":\"https:\/\/panwinjet.com\/product\/20000psi-hydro-jet-surface-cleaning-machine-parts-4220-manifold\/\",\"url\":\"https:\/\/panwinjet.com\/product\/20000psi-hydro-jet-surface-cleaning-machine-parts-4220-manifold\/\",\"name\":\"20000psi Hydro Jet Surface cleaning machine parts 4220 Manifold - Panwin Machinery&amp;Equipment\",\"isPartOf\":{\"@id\":\"https:\/\/panwinjet.com\/#website\"},\"primaryImageOfPage\":{\"@id\":\"https:\/\/panwinjet.com\/product\/20000psi-hydro-jet-surface-cleaning-machine-parts-4220-manifold\/#primaryimage\"},\"image\":{\"@id\":\"https:\/\/panwinjet.com\/product\/20000psi-hydro-jet-surface-cleaning-machine-parts-4220-manifold\/#primaryimage\"},\"thumbnailUrl\":\"https:\/\/panwinjet.com\/wp-content\/uploads\/2025\/09\/4220-Manifold-\u539f\u59cb\u56fe\u7247-1-scaled.jpg\",\"datePublished\":\"2025-09-20T00:10:12+00:00\",\"breadcrumb\":{\"@id\":\"https:\/\/panwinjet.com\/product\/20000psi-hydro-jet-surface-cleaning-machine-parts-4220-manifold\/#breadcrumb\"},\"inLanguage\":\"fr-FR\",\"potentialAction\":[{\"@type\":\"ReadAction\",\"target\":[\"https:\/\/panwinjet.com\/product\/20000psi-hydro-jet-surface-cleaning-machine-parts-4220-manifold\/\"]}]},{\"@type\":\"ImageObject\",\"inLanguage\":\"fr-FR\",\"@id\":\"https:\/\/panwinjet.com\/product\/20000psi-hydro-jet-surface-cleaning-machine-parts-4220-manifold\/#primaryimage\",\"url\":\"https:\/\/panwinjet.com\/wp-content\/uploads\/2025\/09\/4220-Manifold-\u539f\u59cb\u56fe\u7247-1-scaled.jpg\",\"contentUrl\":\"https:\/\/panwinjet.com\/wp-content\/uploads\/2025\/09\/4220-Manifold-\u539f\u59cb\u56fe\u7247-1-scaled.jpg\",\"width\":2560,\"height\":1920},{\"@type\":\"BreadcrumbList\",\"@id\":\"https:\/\/panwinjet.com\/product\/20000psi-hydro-jet-surface-cleaning-machine-parts-4220-manifold\/#breadcrumb\",\"itemListElement\":[{\"@type\":\"ListItem\",\"position\":1,\"name\":\"\u9996\u9875\",\"item\":\"https:\/\/panwinjet.com\/\"},{\"@type\":\"ListItem\",\"position\":2,\"name\":\"PRODUCT\",\"item\":\"https:\/\/panwinjet.com\/product\/\"},{\"@type\":\"ListItem\",\"position\":3,\"name\":\"20000psi Hydro Jet Surface cleaning machine parts 4220 Manifold\"}]},{\"@type\":\"WebSite\",\"@id\":\"https:\/\/panwinjet.com\/#website\",\"url\":\"https:\/\/panwinjet.com\/\",\"name\":\"Panwin Machinery&amp;Equipment\",\"description\":\"Shenzhen Panwin Machinery&amp;Equipment Co.Ltd\",\"potentialAction\":[{\"@type\":\"SearchAction\",\"target\":{\"@type\":\"EntryPoint\",\"urlTemplate\":\"https:\/\/panwinjet.com\/?s={search_term_string}\"},\"query-input\":{\"@type\":\"PropertyValueSpecification\",\"valueRequired\":true,\"valueName\":\"search_term_string\"}}],\"inLanguage\":\"fr-FR\"}]}<\/script>\n<!-- \/ Yoast SEO plugin. -->","yoast_head_json":{"title":"20000psi Hydro Jet Surface cleaning machine parts 4220 Manifold - Panwin Machinery&amp;Equipment","robots":{"index":"index","follow":"follow","max-snippet":"max-snippet:-1","max-image-preview":"max-image-preview:large","max-video-preview":"max-video-preview:-1"},"canonical":"https:\/\/panwinjet.com\/fr\/produit\/20000psi-hydro-jet-surface-cleaning-machine-parts-4220-manifold\/","og_locale":"fr_FR","og_type":"article","og_title":"20000psi Hydro Jet Surface cleaning machine parts 4220 Manifold - Panwin Machinery&amp;Equipment","og_description":"3.Product Feature And Application of 20000psi Hydro Jet Surface cleaning machine parts 4220 Manifold  The 20000psi Hydro Jet Surface cleaning machine parts 4220 Manifold\u00a0is made from the heavy-duty, and it is built-in Pulsation dampener and Swing-down design for easy service. In Generally the advanced features mentioned.  The Manifold advantage features:  A:Pulsation dampener built in to manifold  B:The manifold precision machined from high-grade SST  C:Swing-down manifold for easy connect to parts  Application:  UHP 3000Bar UHP triplex plunger pump cleaning equipment parts Shipyard Surface preparation Robot for \u00a0Hammelmann Spraying Bar  Hydro Jet blaster Iron, Steel And Metal Industry  high pressure waterblaster\u00a0Mechanical\u00a0and Apparatus Engineering  Cements and Concrete Industry  high pressure barracuda\u00a0Surface cleaning  UHP hydro Jet cleaning equipment parts  Industrial Cleaning Spray Bars  hydro blasting machine\u00a0for petroleum refining industry  Hydro Jet Surface Cleaning,Tank&amp;Vessel Cleaning,  Heat Exchange Cleaning,  Automotive Painting cleaning Mining industry cleaning Steel manufacture cleaning etc.  High pressure sewer cleaning equipment\u00a0for municipal pipe networks\u00a0water supply and drainage pipelines;  &nbsp;  \u00a0  Product Details of\u00a020000psi Hydro Jet Surface cleaning machine parts 4220 Manifold  This 20000psi Hydro Jet Surface cleaning machine parts 4220 Manifold\u00a0have the Pulsation dampener built-in function and is made of the high-grade SST.  We would break down the pump parts to see it advanced design.","og_url":"https:\/\/panwinjet.com\/fr\/produit\/20000psi-hydro-jet-surface-cleaning-machine-parts-4220-manifold\/","og_site_name":"Panwin Machinery&amp;Equipment","og_image":[{"width":2560,"height":1920,"url":"https:\/\/panwinjet.com\/wp-content\/uploads\/2025\/09\/4220-Manifold-\u539f\u59cb\u56fe\u7247-1-scaled.jpg","type":"image\/jpeg"}],"twitter_card":"summary_large_image","twitter_misc":{"Dur\u00e9e de lecture estim\u00e9e":"1 minute"},"schema":{"@context":"https:\/\/schema.org","@graph":[{"@type":"WebPage","@id":"https:\/\/panwinjet.com\/product\/20000psi-hydro-jet-surface-cleaning-machine-parts-4220-manifold\/","url":"https:\/\/panwinjet.com\/product\/20000psi-hydro-jet-surface-cleaning-machine-parts-4220-manifold\/","name":"20000psi Hydro Jet Surface cleaning machine parts 4220 Manifold - Panwin Machinery&amp;Equipment","isPartOf":{"@id":"https:\/\/panwinjet.com\/#website"},"primaryImageOfPage":{"@id":"https:\/\/panwinjet.com\/product\/20000psi-hydro-jet-surface-cleaning-machine-parts-4220-manifold\/#primaryimage"},"image":{"@id":"https:\/\/panwinjet.com\/product\/20000psi-hydro-jet-surface-cleaning-machine-parts-4220-manifold\/#primaryimage"},"thumbnailUrl":"https:\/\/panwinjet.com\/wp-content\/uploads\/2025\/09\/4220-Manifold-\u539f\u59cb\u56fe\u7247-1-scaled.jpg","datePublished":"2025-09-20T00:10:12+00:00","breadcrumb":{"@id":"https:\/\/panwinjet.com\/product\/20000psi-hydro-jet-surface-cleaning-machine-parts-4220-manifold\/#breadcrumb"},"inLanguage":"fr-FR","potentialAction":[{"@type":"ReadAction","target":["https:\/\/panwinjet.com\/product\/20000psi-hydro-jet-surface-cleaning-machine-parts-4220-manifold\/"]}]},{"@type":"ImageObject","inLanguage":"fr-FR","@id":"https:\/\/panwinjet.com\/product\/20000psi-hydro-jet-surface-cleaning-machine-parts-4220-manifold\/#primaryimage","url":"https:\/\/panwinjet.com\/wp-content\/uploads\/2025\/09\/4220-Manifold-\u539f\u59cb\u56fe\u7247-1-scaled.jpg","contentUrl":"https:\/\/panwinjet.com\/wp-content\/uploads\/2025\/09\/4220-Manifold-\u539f\u59cb\u56fe\u7247-1-scaled.jpg","width":2560,"height":1920},{"@type":"BreadcrumbList","@id":"https:\/\/panwinjet.com\/product\/20000psi-hydro-jet-surface-cleaning-machine-parts-4220-manifold\/#breadcrumb","itemListElement":[{"@type":"ListItem","position":1,"name":"\u9996\u9875","item":"https:\/\/panwinjet.com\/"},{"@type":"ListItem","position":2,"name":"PRODUCT","item":"https:\/\/panwinjet.com\/product\/"},{"@type":"ListItem","position":3,"name":"20000psi Hydro Jet Surface cleaning machine parts 4220 Manifold"}]},{"@type":"WebSite","@id":"https:\/\/panwinjet.com\/#website","url":"https:\/\/panwinjet.com\/","name":"Panwin Machinery&amp;Equipment","description":"Shenzhen Panwin Machinery&amp;Equipment Co.Ltd","potentialAction":[{"@type":"SearchAction","target":{"@type":"EntryPoint","urlTemplate":"https:\/\/panwinjet.com\/?s={search_term_string}"},"query-input":{"@type":"PropertyValueSpecification","valueRequired":true,"valueName":"search_term_string"}}],"inLanguage":"fr-FR"}]}},"_links":{"self":[{"href":"https:\/\/panwinjet.com\/fr\/wp-json\/wp\/v2\/product\/946","targetHints":{"allow":["GET"]}}],"collection":[{"href":"https:\/\/panwinjet.com\/fr\/wp-json\/wp\/v2\/product"}],"about":[{"href":"https:\/\/panwinjet.com\/fr\/wp-json\/wp\/v2\/types\/product"}],"wp:featuredmedia":[{"embeddable":true,"href":"https:\/\/panwinjet.com\/fr\/wp-json\/wp\/v2\/media\/947"}],"wp:attachment":[{"href":"https:\/\/panwinjet.com\/fr\/wp-json\/wp\/v2\/media?parent=946"}],"wp:term":[{"taxonomy":"product_brand","embeddable":true,"href":"https:\/\/panwinjet.com\/fr\/wp-json\/wp\/v2\/product_brand?post=946"},{"taxonomy":"product_cat","embeddable":true,"href":"https:\/\/panwinjet.com\/fr\/wp-json\/wp\/v2\/product_cat?post=946"},{"taxonomy":"product_tag","embeddable":true,"href":"https:\/\/panwinjet.com\/fr\/wp-json\/wp\/v2\/product_tag?post=946"}],"curies":[{"name":"wp","href":"https:\/\/api.w.org\/{rel}","templated":true}]}}