{"id":925,"date":"2025-09-19T16:01:08","date_gmt":"2025-09-19T16:01:08","guid":{"rendered":"https:\/\/panwinjet.com\/?post_type=product&#038;p=925"},"modified":"2025-09-19T16:01:09","modified_gmt":"2025-09-19T16:01:09","slug":"long-life-good-quality-water-blasting-pressurized-pump-pressuring-machine-part-clean-washer-jet-nozzle-3-8-3546-0-014-0-35mm","status":"publish","type":"product","link":"https:\/\/panwinjet.com\/fr\/produit\/long-life-good-quality-water-blasting-pressurized-pump-pressuring-machine-part-clean-washer-jet-nozzle-3-8-3546-0-014-0-35mm\/","title":{"rendered":"Pompe \u00e0 jet d&#039;eau haute pression de haute qualit\u00e9 et longue dur\u00e9e de vie pour le nettoyage des pi\u00e8ces de machines de lavage. Buse de jet 3\/8-3546-0,014-0,35 mm"},"content":{"rendered":"<p><strong><b>Pr\u00e9sentation du produit <\/b><\/strong>Pompe \u00e0 jet d&#039;eau haute pression de haute qualit\u00e9 et longue dur\u00e9e de vie pour le nettoyage des pi\u00e8ces de machines de lavage. Buse de jet 3\/8-3546-0,014-0,35 mm<\/p>\n<p>Pour une longue dur\u00e9e de vie et une bonne qualit\u00e9, une pompe de pressurisation pour machine de nettoyage de pi\u00e8ces de laveuse \u00e0 jet d&#039;eau de haute pression, une buse de jet 3\/8-3546-0.014-0.35mm, dans une op\u00e9ration de nettoyage \u00e0 jet d&#039;eau, les buses sont les composants cl\u00e9s pour une op\u00e9ration de nettoyage performante, stable et \u00e0 haute efficacit\u00e9.<\/p>\n<p>Chez Panwin, nous fournissons \u00e0 nos clients des buses de haute qualit\u00e9 pour diff\u00e9rents niveaux de pression. Nos buses sont homologu\u00e9es UHP jusqu&#039;\u00e0 55 000 psi, avec un raccord filet\u00e9 3\/8-24 UNF, elles peuvent \u00eatre ins\u00e9r\u00e9es dans les buses rotatives et les rampes de pulv\u00e9risation. Le corps des buses est trait\u00e9 thermiquement et fabriqu\u00e9 en saphir de qualit\u00e9 sup\u00e9rieure, ce qui leur conf\u00e8re une longue dur\u00e9e de vie et une haute qualit\u00e9.<\/p>\n<div style=\"width: 1088px;\" class=\"wp-video\"><video class=\"wp-video-shortcode\" id=\"video-925-1\" width=\"1088\" height=\"1920\" preload=\"metadata\" controls=\"controls\"><source type=\"video\/mp4\" src=\"https:\/\/panwinjet.com\/wp-content\/uploads\/2025\/09\/3-8-24-Blasting-nozzles-0.014inch-0.35mm-Size.mp4?_=1\" \/><a href=\"https:\/\/panwinjet.com\/wp-content\/uploads\/2025\/09\/3-8-24-Blasting-nozzles-0.014inch-0.35mm-Size.mp4\">https:\/\/panwinjet.com\/wp-content\/uploads\/2025\/09\/3-8-24-Blasting-nozzles-0.014inch-0.35mm-Size.mp4<\/a><\/video><\/div>\n<p>Pour cette machine de nettoyage \u00e0 jet d&#039;eau haute pression de longue dur\u00e9e et de haute qualit\u00e9, \u00e9quip\u00e9e d&#039;une buse 3\/8-3546-0.014-0.35mm, il existe deux types avec un angle de conicit\u00e9 de 60\u00b0 et 120\u00b0, la pression est de 55 000 psi. Sp\u00e9cifications d\u00e9taill\u00e9es ci-dessous.<\/p>","protected":false},"excerpt":{"rendered":"<p><strong><b>Caract\u00e9ristiques et applications du produit<\/b><\/strong><strong><b>f <\/b><\/strong>Pompe \u00e0 jet d&#039;eau haute pression de haute qualit\u00e9 et longue dur\u00e9e de vie pour le nettoyage des pi\u00e8ces de machines de lavage. Buse de jet 3\/8-3546-0,014-0,35 mm<\/p>\n<p>La machine de nettoyage de pi\u00e8ces de nettoyeur haute pression \u00e0 jet d&#039;eau de haute qualit\u00e9 et \u00e0 pompe pressuris\u00e9e longue dur\u00e9e de vie avec buse 3\/8-3546-0.014-0.35mm est fabriqu\u00e9e en rubis et saphir de haute qualit\u00e9, elle offre des performances de pulv\u00e9risation avanc\u00e9es comme mentionn\u00e9 ci-dessous.<\/p>\n<p><strong><b>Caract\u00e9ristiques des buses :<\/b><\/strong><\/p>\n<p>Dur\u00e9e d&#039;utilisation prolong\u00e9e<\/p>\n<p>Coh\u00e9rence d&#039;\u00e9coulement des jets haute pression<\/p>\n<p>Jet de pulv\u00e9risation puissant<\/p>\n<p>Excellentes performances de nettoyage au jet d&#039;eau<\/p>\n<p>&nbsp;<\/p>\n<p>A: Longue dur\u00e9e de vie et qualit\u00e9 de jet constante<\/p>\n<p>B : Courant-jet haute puissance et focalis\u00e9<\/p>\n<p>C : Jet rectiligne \u00e0 haute densit\u00e9 \u00e9nerg\u00e9tique<\/p>\n<p>D:Facile \u00e0 installer et \u00e0 d\u00e9monter<\/p>\n<p>Application:<\/p>\n<p>Industrie de la construction par hydrod\u00e9capage \u00e0 haute pression<\/p>\n<p>Industrie du fer, de l&#039;acier et des m\u00e9taux : sablage hydrodynamique<\/p>\n<p>Ing\u00e9nierie m\u00e9canique et des appareils pour nettoyeurs haute pression<\/p>\n<p>Industrie du ciment et du b\u00e9ton<\/p>\n<p>Nettoyage de surface haute pression Barracuda<\/p>\n<p>pi\u00e8ces d&#039;\u00e9quipement de nettoyage \u00e0 jet d&#039;eau ultra-haute pression<\/p>\n<p>Barres de pulv\u00e9risation pour le nettoyage industriel<\/p>\n<p>Machine de nettoyage \u00e0 haute pression pour l&#039;industrie du raffinage du p\u00e9trole<\/p>\n<p>Nettoyage de surfaces par hydrojet, nettoyage de r\u00e9servoirs et de cuves,<\/p>\n<p>Nettoyage de l&#039;\u00e9changeur de chaleur,<\/p>\n<p>Nettoyage de v\u00e9hicules (peinture), nettoyage pour l&#039;industrie mini\u00e8re, nettoyage pour la fabrication d&#039;acier, etc.<\/p>\n<p>\u00c9quipement de nettoyage des \u00e9gouts \u00e0 haute pression pour les r\u00e9seaux de canalisations municipales d&#039;adduction d&#039;eau et de drainage\u00a0;<\/p>","protected":false},"featured_media":927,"template":"","meta":[],"product_brand":[],"product_cat":[3],"product_tag":[],"class_list":{"0":"post-925","1":"product","2":"type-product","3":"status-publish","4":"has-post-thumbnail","6":"product_cat-sapphire-nozzles","8":"first","9":"instock","10":"shipping-taxable","11":"product-type-simple"},"yoast_head":"<!-- This site is optimized with the Yoast SEO plugin v24.9 - https:\/\/yoast.com\/wordpress\/plugins\/seo\/ -->\n<title>Long life good quality water Blasting pressurized pump pressuring machine part clean washer Jet nozzle 3\/8-3546-0.014-0.35mm - Panwin Machinery&amp;Equipment<\/title>\n<meta name=\"robots\" content=\"index, follow, max-snippet:-1, max-image-preview:large, max-video-preview:-1\" \/>\n<link rel=\"canonical\" href=\"https:\/\/panwinjet.com\/fr\/produit\/long-life-good-quality-water-blasting-pressurized-pump-pressuring-machine-part-clean-washer-jet-nozzle-3-8-3546-0-014-0-35mm\/\" \/>\n<meta property=\"og:locale\" content=\"fr_FR\" \/>\n<meta property=\"og:type\" content=\"article\" \/>\n<meta property=\"og:title\" content=\"Long life good quality water Blasting pressurized pump pressuring machine part clean washer Jet nozzle 3\/8-3546-0.014-0.35mm - Panwin Machinery&amp;Equipment\" \/>\n<meta property=\"og:description\" content=\"Product Feature And Application of Long life good quality water Blasting\u00a0pressurized pump\u00a0pressuring machine part clean\u00a0washer Jet\u00a0nozzle\u00a03\/8-3546-0.014-0.35mm  The Long life good quality water Blasting\u00a0pressurized pump\u00a0pressuring machine part clean\u00a0washer Jet\u00a0nozzle\u00a03\/8-3546-0.014-0.35mm are made of high-quality ruby and sapphire, it has advanced performance in spraying as mentioned below.  Nozzles Features:  Long-use time  High-Pressure Jets flow coherency  Powerful Spray stream  Excellent water Blasting performance  &nbsp;  A:Long lifetime Constant Jet Quality  B:High-Power and Focus Jet Stream  C:High Energy density and straight Jet  D:User-friendly to install and disassembly  Application:  UHP Water Blasting Construction Industry  Hydro Jet blaster Iron, Steel And Metal Industry  high pressure waterblaster\u00a0Mechanical\u00a0and Apparatus Engineering  Cements and Concrete Industry  high pressure barracuda\u00a0Surface cleaning  UHP hydro Jet cleaning equipment parts  Industrial Cleaning Spray Bars  hydro blasting machine\u00a0for petroleum refining industry  Hydro Jet Surface Cleaning,Tank&amp;Vessel Cleaning,  Heat Exchange Cleaning,  Automotive Painting cleaning Mining industry cleaning Steel manufacture cleaning etc.  High pressure sewer cleaning equipment\u00a0for municipal pipe networks\u00a0water supply and drainage pipelines;\" \/>\n<meta property=\"og:url\" content=\"https:\/\/panwinjet.com\/fr\/produit\/long-life-good-quality-water-blasting-pressurized-pump-pressuring-machine-part-clean-washer-jet-nozzle-3-8-3546-0-014-0-35mm\/\" \/>\n<meta property=\"og:site_name\" content=\"Panwin Machinery&amp;Equipment\" \/>\n<meta property=\"article:modified_time\" content=\"2025-09-19T16:01:09+00:00\" \/>\n<meta property=\"og:image\" content=\"https:\/\/panwinjet.com\/wp-content\/uploads\/2025\/09\/3-8-3546-0.014-0.35mm-3.jpg\" \/>\n\t<meta property=\"og:image:width\" content=\"1279\" \/>\n\t<meta property=\"og:image:height\" content=\"1706\" \/>\n\t<meta property=\"og:image:type\" content=\"image\/jpeg\" \/>\n<meta name=\"twitter:card\" content=\"summary_large_image\" \/>\n<meta name=\"twitter:label1\" content=\"Dur\u00e9e de lecture estim\u00e9e\" \/>\n\t<meta name=\"twitter:data1\" content=\"1 minute\" \/>\n<script type=\"application\/ld+json\" class=\"yoast-schema-graph\">{\"@context\":\"https:\/\/schema.org\",\"@graph\":[{\"@type\":\"WebPage\",\"@id\":\"https:\/\/panwinjet.com\/product\/long-life-good-quality-water-blasting-pressurized-pump-pressuring-machine-part-clean-washer-jet-nozzle-3-8-3546-0-014-0-35mm\/\",\"url\":\"https:\/\/panwinjet.com\/product\/long-life-good-quality-water-blasting-pressurized-pump-pressuring-machine-part-clean-washer-jet-nozzle-3-8-3546-0-014-0-35mm\/\",\"name\":\"Long life good quality water Blasting pressurized pump pressuring machine part clean washer Jet nozzle 3\/8-3546-0.014-0.35mm - Panwin Machinery&amp;Equipment\",\"isPartOf\":{\"@id\":\"https:\/\/panwinjet.com\/#website\"},\"primaryImageOfPage\":{\"@id\":\"https:\/\/panwinjet.com\/product\/long-life-good-quality-water-blasting-pressurized-pump-pressuring-machine-part-clean-washer-jet-nozzle-3-8-3546-0-014-0-35mm\/#primaryimage\"},\"image\":{\"@id\":\"https:\/\/panwinjet.com\/product\/long-life-good-quality-water-blasting-pressurized-pump-pressuring-machine-part-clean-washer-jet-nozzle-3-8-3546-0-014-0-35mm\/#primaryimage\"},\"thumbnailUrl\":\"https:\/\/panwinjet.com\/wp-content\/uploads\/2025\/09\/3-8-3546-0.014-0.35mm-3.jpg\",\"datePublished\":\"2025-09-19T16:01:08+00:00\",\"dateModified\":\"2025-09-19T16:01:09+00:00\",\"breadcrumb\":{\"@id\":\"https:\/\/panwinjet.com\/product\/long-life-good-quality-water-blasting-pressurized-pump-pressuring-machine-part-clean-washer-jet-nozzle-3-8-3546-0-014-0-35mm\/#breadcrumb\"},\"inLanguage\":\"fr-FR\",\"potentialAction\":[{\"@type\":\"ReadAction\",\"target\":[\"https:\/\/panwinjet.com\/product\/long-life-good-quality-water-blasting-pressurized-pump-pressuring-machine-part-clean-washer-jet-nozzle-3-8-3546-0-014-0-35mm\/\"]}]},{\"@type\":\"ImageObject\",\"inLanguage\":\"fr-FR\",\"@id\":\"https:\/\/panwinjet.com\/product\/long-life-good-quality-water-blasting-pressurized-pump-pressuring-machine-part-clean-washer-jet-nozzle-3-8-3546-0-014-0-35mm\/#primaryimage\",\"url\":\"https:\/\/panwinjet.com\/wp-content\/uploads\/2025\/09\/3-8-3546-0.014-0.35mm-3.jpg\",\"contentUrl\":\"https:\/\/panwinjet.com\/wp-content\/uploads\/2025\/09\/3-8-3546-0.014-0.35mm-3.jpg\",\"width\":1279,\"height\":1706},{\"@type\":\"BreadcrumbList\",\"@id\":\"https:\/\/panwinjet.com\/product\/long-life-good-quality-water-blasting-pressurized-pump-pressuring-machine-part-clean-washer-jet-nozzle-3-8-3546-0-014-0-35mm\/#breadcrumb\",\"itemListElement\":[{\"@type\":\"ListItem\",\"position\":1,\"name\":\"\u9996\u9875\",\"item\":\"https:\/\/panwinjet.com\/\"},{\"@type\":\"ListItem\",\"position\":2,\"name\":\"PRODUCT\",\"item\":\"https:\/\/panwinjet.com\/product\/\"},{\"@type\":\"ListItem\",\"position\":3,\"name\":\"Long life good quality water Blasting pressurized pump pressuring machine part clean washer Jet nozzle 3\/8-3546-0.014-0.35mm\"}]},{\"@type\":\"WebSite\",\"@id\":\"https:\/\/panwinjet.com\/#website\",\"url\":\"https:\/\/panwinjet.com\/\",\"name\":\"Panwin Machinery&amp;Equipment\",\"description\":\"Shenzhen Panwin Machinery&amp;Equipment Co.Ltd\",\"potentialAction\":[{\"@type\":\"SearchAction\",\"target\":{\"@type\":\"EntryPoint\",\"urlTemplate\":\"https:\/\/panwinjet.com\/?s={search_term_string}\"},\"query-input\":{\"@type\":\"PropertyValueSpecification\",\"valueRequired\":true,\"valueName\":\"search_term_string\"}}],\"inLanguage\":\"fr-FR\"}]}<\/script>\n<!-- \/ Yoast SEO plugin. -->","yoast_head_json":{"title":"Long life good quality water Blasting pressurized pump pressuring machine part clean washer Jet nozzle 3\/8-3546-0.014-0.35mm - Panwin Machinery&amp;Equipment","robots":{"index":"index","follow":"follow","max-snippet":"max-snippet:-1","max-image-preview":"max-image-preview:large","max-video-preview":"max-video-preview:-1"},"canonical":"https:\/\/panwinjet.com\/fr\/produit\/long-life-good-quality-water-blasting-pressurized-pump-pressuring-machine-part-clean-washer-jet-nozzle-3-8-3546-0-014-0-35mm\/","og_locale":"fr_FR","og_type":"article","og_title":"Long life good quality water Blasting pressurized pump pressuring machine part clean washer Jet nozzle 3\/8-3546-0.014-0.35mm - Panwin Machinery&amp;Equipment","og_description":"Product Feature And Application of Long life good quality water Blasting\u00a0pressurized pump\u00a0pressuring machine part clean\u00a0washer Jet\u00a0nozzle\u00a03\/8-3546-0.014-0.35mm  The Long life good quality water Blasting\u00a0pressurized pump\u00a0pressuring machine part clean\u00a0washer Jet\u00a0nozzle\u00a03\/8-3546-0.014-0.35mm are made of high-quality ruby and sapphire, it has advanced performance in spraying as mentioned below.  Nozzles Features:  Long-use time  High-Pressure Jets flow coherency  Powerful Spray stream  Excellent water Blasting performance  &nbsp;  A:Long lifetime Constant Jet Quality  B:High-Power and Focus Jet Stream  C:High Energy density and straight Jet  D:User-friendly to install and disassembly  Application:  UHP Water Blasting Construction Industry  Hydro Jet blaster Iron, Steel And Metal Industry  high pressure waterblaster\u00a0Mechanical\u00a0and Apparatus Engineering  Cements and Concrete Industry  high pressure barracuda\u00a0Surface cleaning  UHP hydro Jet cleaning equipment parts  Industrial Cleaning Spray Bars  hydro blasting machine\u00a0for petroleum refining industry  Hydro Jet Surface Cleaning,Tank&amp;Vessel Cleaning,  Heat Exchange Cleaning,  Automotive Painting cleaning Mining industry cleaning Steel manufacture cleaning etc.  High pressure sewer cleaning equipment\u00a0for municipal pipe networks\u00a0water supply and drainage pipelines;","og_url":"https:\/\/panwinjet.com\/fr\/produit\/long-life-good-quality-water-blasting-pressurized-pump-pressuring-machine-part-clean-washer-jet-nozzle-3-8-3546-0-014-0-35mm\/","og_site_name":"Panwin Machinery&amp;Equipment","article_modified_time":"2025-09-19T16:01:09+00:00","og_image":[{"width":1279,"height":1706,"url":"https:\/\/panwinjet.com\/wp-content\/uploads\/2025\/09\/3-8-3546-0.014-0.35mm-3.jpg","type":"image\/jpeg"}],"twitter_card":"summary_large_image","twitter_misc":{"Dur\u00e9e de lecture estim\u00e9e":"1 minute"},"schema":{"@context":"https:\/\/schema.org","@graph":[{"@type":"WebPage","@id":"https:\/\/panwinjet.com\/product\/long-life-good-quality-water-blasting-pressurized-pump-pressuring-machine-part-clean-washer-jet-nozzle-3-8-3546-0-014-0-35mm\/","url":"https:\/\/panwinjet.com\/product\/long-life-good-quality-water-blasting-pressurized-pump-pressuring-machine-part-clean-washer-jet-nozzle-3-8-3546-0-014-0-35mm\/","name":"Long life good quality water Blasting pressurized pump pressuring machine part clean washer Jet nozzle 3\/8-3546-0.014-0.35mm - Panwin Machinery&amp;Equipment","isPartOf":{"@id":"https:\/\/panwinjet.com\/#website"},"primaryImageOfPage":{"@id":"https:\/\/panwinjet.com\/product\/long-life-good-quality-water-blasting-pressurized-pump-pressuring-machine-part-clean-washer-jet-nozzle-3-8-3546-0-014-0-35mm\/#primaryimage"},"image":{"@id":"https:\/\/panwinjet.com\/product\/long-life-good-quality-water-blasting-pressurized-pump-pressuring-machine-part-clean-washer-jet-nozzle-3-8-3546-0-014-0-35mm\/#primaryimage"},"thumbnailUrl":"https:\/\/panwinjet.com\/wp-content\/uploads\/2025\/09\/3-8-3546-0.014-0.35mm-3.jpg","datePublished":"2025-09-19T16:01:08+00:00","dateModified":"2025-09-19T16:01:09+00:00","breadcrumb":{"@id":"https:\/\/panwinjet.com\/product\/long-life-good-quality-water-blasting-pressurized-pump-pressuring-machine-part-clean-washer-jet-nozzle-3-8-3546-0-014-0-35mm\/#breadcrumb"},"inLanguage":"fr-FR","potentialAction":[{"@type":"ReadAction","target":["https:\/\/panwinjet.com\/product\/long-life-good-quality-water-blasting-pressurized-pump-pressuring-machine-part-clean-washer-jet-nozzle-3-8-3546-0-014-0-35mm\/"]}]},{"@type":"ImageObject","inLanguage":"fr-FR","@id":"https:\/\/panwinjet.com\/product\/long-life-good-quality-water-blasting-pressurized-pump-pressuring-machine-part-clean-washer-jet-nozzle-3-8-3546-0-014-0-35mm\/#primaryimage","url":"https:\/\/panwinjet.com\/wp-content\/uploads\/2025\/09\/3-8-3546-0.014-0.35mm-3.jpg","contentUrl":"https:\/\/panwinjet.com\/wp-content\/uploads\/2025\/09\/3-8-3546-0.014-0.35mm-3.jpg","width":1279,"height":1706},{"@type":"BreadcrumbList","@id":"https:\/\/panwinjet.com\/product\/long-life-good-quality-water-blasting-pressurized-pump-pressuring-machine-part-clean-washer-jet-nozzle-3-8-3546-0-014-0-35mm\/#breadcrumb","itemListElement":[{"@type":"ListItem","position":1,"name":"\u9996\u9875","item":"https:\/\/panwinjet.com\/"},{"@type":"ListItem","position":2,"name":"PRODUCT","item":"https:\/\/panwinjet.com\/product\/"},{"@type":"ListItem","position":3,"name":"Long life good quality water Blasting pressurized pump pressuring machine part clean washer Jet nozzle 3\/8-3546-0.014-0.35mm"}]},{"@type":"WebSite","@id":"https:\/\/panwinjet.com\/#website","url":"https:\/\/panwinjet.com\/","name":"Panwin Machinery&amp;Equipment","description":"Shenzhen Panwin Machinery&amp;Equipment Co.Ltd","potentialAction":[{"@type":"SearchAction","target":{"@type":"EntryPoint","urlTemplate":"https:\/\/panwinjet.com\/?s={search_term_string}"},"query-input":{"@type":"PropertyValueSpecification","valueRequired":true,"valueName":"search_term_string"}}],"inLanguage":"fr-FR"}]}},"_links":{"self":[{"href":"https:\/\/panwinjet.com\/fr\/wp-json\/wp\/v2\/product\/925","targetHints":{"allow":["GET"]}}],"collection":[{"href":"https:\/\/panwinjet.com\/fr\/wp-json\/wp\/v2\/product"}],"about":[{"href":"https:\/\/panwinjet.com\/fr\/wp-json\/wp\/v2\/types\/product"}],"wp:featuredmedia":[{"embeddable":true,"href":"https:\/\/panwinjet.com\/fr\/wp-json\/wp\/v2\/media\/927"}],"wp:attachment":[{"href":"https:\/\/panwinjet.com\/fr\/wp-json\/wp\/v2\/media?parent=925"}],"wp:term":[{"taxonomy":"product_brand","embeddable":true,"href":"https:\/\/panwinjet.com\/fr\/wp-json\/wp\/v2\/product_brand?post=925"},{"taxonomy":"product_cat","embeddable":true,"href":"https:\/\/panwinjet.com\/fr\/wp-json\/wp\/v2\/product_cat?post=925"},{"taxonomy":"product_tag","embeddable":true,"href":"https:\/\/panwinjet.com\/fr\/wp-json\/wp\/v2\/product_tag?post=925"}],"curies":[{"name":"wp","href":"https:\/\/api.w.org\/{rel}","templated":true}]}}