{"id":888,"date":"2025-09-19T15:16:54","date_gmt":"2025-09-19T15:16:54","guid":{"rendered":"https:\/\/panwinjet.com\/?post_type=product&#038;p=888"},"modified":"2025-09-19T15:16:54","modified_gmt":"2025-09-19T15:16:54","slug":"55kpsi-pressure-water-blasting-chemical-industry-cleaning-machine-components-3-8-24-nozzles-0-30mm","status":"publish","type":"product","link":"https:\/\/panwinjet.com\/fr\/produit\/55kpsi-pressure-water-blasting-chemical-industry-cleaning-machine-components-3-8-24-nozzles-0-30mm\/","title":{"rendered":"Machine de nettoyage de composants pour l&#039;industrie chimique par jet d&#039;eau \u00e0 haute pression (55 kpsi), buses 3\/8-24 - 0,30 mm"},"content":{"rendered":"<p><strong><b>55K<\/b><\/strong><strong><b>psi<\/b><\/strong><strong><b>\u00a0<\/b><\/strong><strong><b>Composants de machines de nettoyage pour l&#039;industrie chimique par jet d&#039;eau sous pression 3<\/b><\/strong><strong><b>\/<\/b><\/strong><strong><b>8 \u00e0 24 buses<\/b><\/strong><\/p>\n<p><strong><b>Pr\u00e9sentation du produit <\/b><\/strong><strong><b>55K<\/b><\/strong><strong><b>psi<\/b><\/strong><strong><b>\u00a0Composants de machines de nettoyage pour l&#039;industrie chimique par jet d&#039;eau sous pression 3<\/b><\/strong><strong><b>\/<\/b><\/strong><strong><b>8 \u00e0 24 buses<\/b><\/strong><strong><b>-0,30 mm<\/b><\/strong><\/p>\n<p>Pour les composants de la machine de nettoyage chimique par jet d&#039;eau sous pression de 55 kpsi, les buses 3\/8-24 sont des composants cl\u00e9s pour une op\u00e9ration de nettoyage par jet d&#039;eau \u00e0 haute efficacit\u00e9 et \u00e0 performance stable.<\/p>\n<p>Chez Panwin, nous fournissons \u00e0 nos clients des buses de haute qualit\u00e9 pour diff\u00e9rents niveaux de pression. Nos buses sont homologu\u00e9es UHP jusqu&#039;\u00e0 55 000 psi, avec un raccord filet\u00e9 3\/8-24 UNF, elles peuvent \u00eatre ins\u00e9r\u00e9es dans les buses rotatives et les rampes de pulv\u00e9risation. Le corps des buses est trait\u00e9 thermiquement et fabriqu\u00e9 en saphir de qualit\u00e9 sup\u00e9rieure, ce qui leur conf\u00e8re une longue dur\u00e9e de vie et une haute qualit\u00e9.<\/p>","protected":false},"excerpt":{"rendered":"<p>Pour les composants de cette machine de nettoyage chimique \u00e0 jet d&#039;eau sous pression de 55\u00a0000\u00a0psi, \u00e9quip\u00e9e de buses 3\/8-24, il existe deux types avec un angle de conicit\u00e9 de 60\u00b0 et 120\u00b0, la pression \u00e9tant de 55\u00a0000\u00a0psi. Sp\u00e9cifications d\u00e9taill\u00e9es ci-dessous.<\/p>\n<p>Buse de type A PW-3\/8-24-B<\/p>\n<p>Buse de type B PW-3\/8-24-B<\/p>\n<p>3. Caract\u00e9ristiques et applications des buses 3\/8-24 pour le nettoyage des composants de machines de nettoyage \u00e0 jet d&#039;eau sous pression de 20 psi dans l&#039;industrie chimique<br \/>\nLes composants de la machine de nettoyage chimique \u00e0 jet d&#039;eau sous pression de 20 psi, les buses 3\/8-24, sont fabriqu\u00e9s en rubis et saphir de haute qualit\u00e9, et offrent des performances de pulv\u00e9risation avanc\u00e9es comme indiqu\u00e9 ci-dessous.<br \/>\nCaract\u00e9ristiques des buses :<br \/>\nDur\u00e9e d&#039;utilisation prolong\u00e9e<br \/>\nCoh\u00e9rence d&#039;\u00e9coulement des jets haute pression<br \/>\nJet de pulv\u00e9risation puissant<br \/>\nExcellentes performances de nettoyage au jet d&#039;eau<\/p>\n<p>Application:<br \/>\nIndustrie de la construction par hydrod\u00e9capage \u00e0 haute pression<br \/>\nIndustrie du fer, de l&#039;acier et des m\u00e9taux : sablage hydrodynamique<br \/>\nIng\u00e9nierie m\u00e9canique et des appareils pour nettoyeurs haute pression<br \/>\nIndustrie du ciment et du b\u00e9ton<br \/>\nNettoyage de surface haute pression Barracuda<br \/>\npi\u00e8ces d&#039;\u00e9quipement de nettoyage \u00e0 jet d&#039;eau ultra-haute pression<br \/>\nBarres de pulv\u00e9risation pour le nettoyage industriel<br \/>\nMachine de nettoyage \u00e0 haute pression pour l&#039;industrie du raffinage du p\u00e9trole<br \/>\nNettoyage de surfaces par hydrojet, nettoyage de r\u00e9servoirs et de cuves,<br \/>\nNettoyage de l&#039;\u00e9changeur de chaleur,<br \/>\nNettoyage de v\u00e9hicules (peinture), nettoyage pour l&#039;industrie mini\u00e8re, nettoyage pour la fabrication d&#039;acier, etc.<br \/>\n\u00c9quipement de nettoyage des \u00e9gouts \u00e0 haute pression pour les r\u00e9seaux de canalisations municipales d&#039;adduction d&#039;eau et de drainage\u00a0;<\/p>","protected":false},"featured_media":893,"template":"","meta":[],"product_brand":[],"product_cat":[3],"product_tag":[],"class_list":{"0":"post-888","1":"product","2":"type-product","3":"status-publish","4":"has-post-thumbnail","6":"product_cat-sapphire-nozzles","8":"first","9":"instock","10":"shipping-taxable","11":"product-type-simple"},"yoast_head":"<!-- This site is optimized with the Yoast SEO plugin v24.9 - https:\/\/yoast.com\/wordpress\/plugins\/seo\/ -->\n<title>55Kpsi\u00a0Pressure Water blasting chemical industry cleaning \u00a0machine components 3\/8-24 Nozzles-0.30mm - Panwin Machinery&amp;Equipment<\/title>\n<meta name=\"robots\" content=\"index, follow, max-snippet:-1, max-image-preview:large, max-video-preview:-1\" \/>\n<link rel=\"canonical\" href=\"https:\/\/panwinjet.com\/fr\/produit\/55kpsi-pressure-water-blasting-chemical-industry-cleaning-machine-components-3-8-24-nozzles-0-30mm\/\" \/>\n<meta property=\"og:locale\" content=\"fr_FR\" \/>\n<meta property=\"og:type\" content=\"article\" \/>\n<meta property=\"og:title\" content=\"55Kpsi\u00a0Pressure Water blasting chemical industry cleaning \u00a0machine components 3\/8-24 Nozzles-0.30mm - Panwin Machinery&amp;Equipment\" \/>\n<meta property=\"og:description\" content=\"For this 55Kpsi Pressure Water blasting chemical industry cleaning machine components 3\/8-24 Nozzles, there are two types with Taper angle 60\u00b0and 120\u00b0, the pressure is 55,000psi.details specification as mentioned below.  PW-3\/8-24-B Nozzle Type A  PW-3\/8-24-B Nozzle Type B  3.Product Feature And Application of 20psi Pressure Water blasting chemical industry cleaning machine components 3\/8-24 Nozzles The 20psi Pressure Water blasting chemical industry cleaning machine components 3\/8-24 Nozzles are made of high-quality ruby and sapphire, it has advanced performance in spraying as mentioned below. Nozzles Features: Long-use time High-Pressure Jets flow coherency Powerful Spray stream Excellent water Blasting performance  Application: UHP Water Blasting Construction Industry Hydro Jet blaster Iron, Steel And Metal Industry high pressure waterblaster Mechanical and Apparatus Engineering Cements and Concrete Industry high pressure barracuda Surface cleaning UHP hydro Jet cleaning equipment parts Industrial Cleaning Spray Bars hydro blasting machine for petroleum refining industry Hydro Jet Surface Cleaning,Tank&amp;Vessel Cleaning, Heat Exchange Cleaning, Automotive Painting cleaning Mining industry cleaning Steel manufacture cleaning etc. High pressure sewer cleaning equipment for municipal pipe networks water supply and drainage pipelines;\" \/>\n<meta property=\"og:url\" content=\"https:\/\/panwinjet.com\/fr\/produit\/55kpsi-pressure-water-blasting-chemical-industry-cleaning-machine-components-3-8-24-nozzles-0-30mm\/\" \/>\n<meta property=\"og:site_name\" content=\"Panwin Machinery&amp;Equipment\" \/>\n<meta property=\"og:image\" content=\"https:\/\/panwinjet.com\/wp-content\/uploads\/2025\/09\/3-8-30mm-2.jpg\" \/>\n\t<meta property=\"og:image:width\" content=\"1706\" \/>\n\t<meta property=\"og:image:height\" content=\"1279\" \/>\n\t<meta property=\"og:image:type\" content=\"image\/jpeg\" \/>\n<meta name=\"twitter:card\" content=\"summary_large_image\" \/>\n<meta name=\"twitter:label1\" content=\"Dur\u00e9e de lecture estim\u00e9e\" \/>\n\t<meta name=\"twitter:data1\" content=\"1 minute\" \/>\n<script type=\"application\/ld+json\" class=\"yoast-schema-graph\">{\"@context\":\"https:\/\/schema.org\",\"@graph\":[{\"@type\":\"WebPage\",\"@id\":\"https:\/\/panwinjet.com\/product\/55kpsi-pressure-water-blasting-chemical-industry-cleaning-machine-components-3-8-24-nozzles-0-30mm\/\",\"url\":\"https:\/\/panwinjet.com\/product\/55kpsi-pressure-water-blasting-chemical-industry-cleaning-machine-components-3-8-24-nozzles-0-30mm\/\",\"name\":\"55Kpsi\u00a0Pressure Water blasting chemical industry cleaning \u00a0machine components 3\/8-24 Nozzles-0.30mm - Panwin Machinery&amp;Equipment\",\"isPartOf\":{\"@id\":\"https:\/\/panwinjet.com\/#website\"},\"primaryImageOfPage\":{\"@id\":\"https:\/\/panwinjet.com\/product\/55kpsi-pressure-water-blasting-chemical-industry-cleaning-machine-components-3-8-24-nozzles-0-30mm\/#primaryimage\"},\"image\":{\"@id\":\"https:\/\/panwinjet.com\/product\/55kpsi-pressure-water-blasting-chemical-industry-cleaning-machine-components-3-8-24-nozzles-0-30mm\/#primaryimage\"},\"thumbnailUrl\":\"https:\/\/panwinjet.com\/wp-content\/uploads\/2025\/09\/3-8-30mm-2.jpg\",\"datePublished\":\"2025-09-19T15:16:54+00:00\",\"breadcrumb\":{\"@id\":\"https:\/\/panwinjet.com\/product\/55kpsi-pressure-water-blasting-chemical-industry-cleaning-machine-components-3-8-24-nozzles-0-30mm\/#breadcrumb\"},\"inLanguage\":\"fr-FR\",\"potentialAction\":[{\"@type\":\"ReadAction\",\"target\":[\"https:\/\/panwinjet.com\/product\/55kpsi-pressure-water-blasting-chemical-industry-cleaning-machine-components-3-8-24-nozzles-0-30mm\/\"]}]},{\"@type\":\"ImageObject\",\"inLanguage\":\"fr-FR\",\"@id\":\"https:\/\/panwinjet.com\/product\/55kpsi-pressure-water-blasting-chemical-industry-cleaning-machine-components-3-8-24-nozzles-0-30mm\/#primaryimage\",\"url\":\"https:\/\/panwinjet.com\/wp-content\/uploads\/2025\/09\/3-8-30mm-2.jpg\",\"contentUrl\":\"https:\/\/panwinjet.com\/wp-content\/uploads\/2025\/09\/3-8-30mm-2.jpg\",\"width\":1706,\"height\":1279},{\"@type\":\"BreadcrumbList\",\"@id\":\"https:\/\/panwinjet.com\/product\/55kpsi-pressure-water-blasting-chemical-industry-cleaning-machine-components-3-8-24-nozzles-0-30mm\/#breadcrumb\",\"itemListElement\":[{\"@type\":\"ListItem\",\"position\":1,\"name\":\"\u9996\u9875\",\"item\":\"https:\/\/panwinjet.com\/\"},{\"@type\":\"ListItem\",\"position\":2,\"name\":\"PRODUCT\",\"item\":\"https:\/\/panwinjet.com\/product\/\"},{\"@type\":\"ListItem\",\"position\":3,\"name\":\"55Kpsi\u00a0Pressure Water blasting chemical industry cleaning \u00a0machine components 3\/8-24 Nozzles-0.30mm\"}]},{\"@type\":\"WebSite\",\"@id\":\"https:\/\/panwinjet.com\/#website\",\"url\":\"https:\/\/panwinjet.com\/\",\"name\":\"Panwin Machinery&amp;Equipment\",\"description\":\"Shenzhen Panwin Machinery&amp;Equipment Co.Ltd\",\"potentialAction\":[{\"@type\":\"SearchAction\",\"target\":{\"@type\":\"EntryPoint\",\"urlTemplate\":\"https:\/\/panwinjet.com\/?s={search_term_string}\"},\"query-input\":{\"@type\":\"PropertyValueSpecification\",\"valueRequired\":true,\"valueName\":\"search_term_string\"}}],\"inLanguage\":\"fr-FR\"}]}<\/script>\n<!-- \/ Yoast SEO plugin. -->","yoast_head_json":{"title":"55Kpsi\u00a0Pressure Water blasting chemical industry cleaning \u00a0machine components 3\/8-24 Nozzles-0.30mm - Panwin Machinery&amp;Equipment","robots":{"index":"index","follow":"follow","max-snippet":"max-snippet:-1","max-image-preview":"max-image-preview:large","max-video-preview":"max-video-preview:-1"},"canonical":"https:\/\/panwinjet.com\/fr\/produit\/55kpsi-pressure-water-blasting-chemical-industry-cleaning-machine-components-3-8-24-nozzles-0-30mm\/","og_locale":"fr_FR","og_type":"article","og_title":"55Kpsi\u00a0Pressure Water blasting chemical industry cleaning \u00a0machine components 3\/8-24 Nozzles-0.30mm - Panwin Machinery&amp;Equipment","og_description":"For this 55Kpsi Pressure Water blasting chemical industry cleaning machine components 3\/8-24 Nozzles, there are two types with Taper angle 60\u00b0and 120\u00b0, the pressure is 55,000psi.details specification as mentioned below.  PW-3\/8-24-B Nozzle Type A  PW-3\/8-24-B Nozzle Type B  3.Product Feature And Application of 20psi Pressure Water blasting chemical industry cleaning machine components 3\/8-24 Nozzles The 20psi Pressure Water blasting chemical industry cleaning machine components 3\/8-24 Nozzles are made of high-quality ruby and sapphire, it has advanced performance in spraying as mentioned below. Nozzles Features: Long-use time High-Pressure Jets flow coherency Powerful Spray stream Excellent water Blasting performance  Application: UHP Water Blasting Construction Industry Hydro Jet blaster Iron, Steel And Metal Industry high pressure waterblaster Mechanical and Apparatus Engineering Cements and Concrete Industry high pressure barracuda Surface cleaning UHP hydro Jet cleaning equipment parts Industrial Cleaning Spray Bars hydro blasting machine for petroleum refining industry Hydro Jet Surface Cleaning,Tank&amp;Vessel Cleaning, Heat Exchange Cleaning, Automotive Painting cleaning Mining industry cleaning Steel manufacture cleaning etc. High pressure sewer cleaning equipment for municipal pipe networks water supply and drainage pipelines;","og_url":"https:\/\/panwinjet.com\/fr\/produit\/55kpsi-pressure-water-blasting-chemical-industry-cleaning-machine-components-3-8-24-nozzles-0-30mm\/","og_site_name":"Panwin Machinery&amp;Equipment","og_image":[{"width":1706,"height":1279,"url":"https:\/\/panwinjet.com\/wp-content\/uploads\/2025\/09\/3-8-30mm-2.jpg","type":"image\/jpeg"}],"twitter_card":"summary_large_image","twitter_misc":{"Dur\u00e9e de lecture estim\u00e9e":"1 minute"},"schema":{"@context":"https:\/\/schema.org","@graph":[{"@type":"WebPage","@id":"https:\/\/panwinjet.com\/product\/55kpsi-pressure-water-blasting-chemical-industry-cleaning-machine-components-3-8-24-nozzles-0-30mm\/","url":"https:\/\/panwinjet.com\/product\/55kpsi-pressure-water-blasting-chemical-industry-cleaning-machine-components-3-8-24-nozzles-0-30mm\/","name":"55Kpsi\u00a0Pressure Water blasting chemical industry cleaning \u00a0machine components 3\/8-24 Nozzles-0.30mm - Panwin Machinery&amp;Equipment","isPartOf":{"@id":"https:\/\/panwinjet.com\/#website"},"primaryImageOfPage":{"@id":"https:\/\/panwinjet.com\/product\/55kpsi-pressure-water-blasting-chemical-industry-cleaning-machine-components-3-8-24-nozzles-0-30mm\/#primaryimage"},"image":{"@id":"https:\/\/panwinjet.com\/product\/55kpsi-pressure-water-blasting-chemical-industry-cleaning-machine-components-3-8-24-nozzles-0-30mm\/#primaryimage"},"thumbnailUrl":"https:\/\/panwinjet.com\/wp-content\/uploads\/2025\/09\/3-8-30mm-2.jpg","datePublished":"2025-09-19T15:16:54+00:00","breadcrumb":{"@id":"https:\/\/panwinjet.com\/product\/55kpsi-pressure-water-blasting-chemical-industry-cleaning-machine-components-3-8-24-nozzles-0-30mm\/#breadcrumb"},"inLanguage":"fr-FR","potentialAction":[{"@type":"ReadAction","target":["https:\/\/panwinjet.com\/product\/55kpsi-pressure-water-blasting-chemical-industry-cleaning-machine-components-3-8-24-nozzles-0-30mm\/"]}]},{"@type":"ImageObject","inLanguage":"fr-FR","@id":"https:\/\/panwinjet.com\/product\/55kpsi-pressure-water-blasting-chemical-industry-cleaning-machine-components-3-8-24-nozzles-0-30mm\/#primaryimage","url":"https:\/\/panwinjet.com\/wp-content\/uploads\/2025\/09\/3-8-30mm-2.jpg","contentUrl":"https:\/\/panwinjet.com\/wp-content\/uploads\/2025\/09\/3-8-30mm-2.jpg","width":1706,"height":1279},{"@type":"BreadcrumbList","@id":"https:\/\/panwinjet.com\/product\/55kpsi-pressure-water-blasting-chemical-industry-cleaning-machine-components-3-8-24-nozzles-0-30mm\/#breadcrumb","itemListElement":[{"@type":"ListItem","position":1,"name":"\u9996\u9875","item":"https:\/\/panwinjet.com\/"},{"@type":"ListItem","position":2,"name":"PRODUCT","item":"https:\/\/panwinjet.com\/product\/"},{"@type":"ListItem","position":3,"name":"55Kpsi\u00a0Pressure Water blasting chemical industry cleaning \u00a0machine components 3\/8-24 Nozzles-0.30mm"}]},{"@type":"WebSite","@id":"https:\/\/panwinjet.com\/#website","url":"https:\/\/panwinjet.com\/","name":"Panwin Machinery&amp;Equipment","description":"Shenzhen Panwin Machinery&amp;Equipment Co.Ltd","potentialAction":[{"@type":"SearchAction","target":{"@type":"EntryPoint","urlTemplate":"https:\/\/panwinjet.com\/?s={search_term_string}"},"query-input":{"@type":"PropertyValueSpecification","valueRequired":true,"valueName":"search_term_string"}}],"inLanguage":"fr-FR"}]}},"_links":{"self":[{"href":"https:\/\/panwinjet.com\/fr\/wp-json\/wp\/v2\/product\/888","targetHints":{"allow":["GET"]}}],"collection":[{"href":"https:\/\/panwinjet.com\/fr\/wp-json\/wp\/v2\/product"}],"about":[{"href":"https:\/\/panwinjet.com\/fr\/wp-json\/wp\/v2\/types\/product"}],"wp:featuredmedia":[{"embeddable":true,"href":"https:\/\/panwinjet.com\/fr\/wp-json\/wp\/v2\/media\/893"}],"wp:attachment":[{"href":"https:\/\/panwinjet.com\/fr\/wp-json\/wp\/v2\/media?parent=888"}],"wp:term":[{"taxonomy":"product_brand","embeddable":true,"href":"https:\/\/panwinjet.com\/fr\/wp-json\/wp\/v2\/product_brand?post=888"},{"taxonomy":"product_cat","embeddable":true,"href":"https:\/\/panwinjet.com\/fr\/wp-json\/wp\/v2\/product_cat?post=888"},{"taxonomy":"product_tag","embeddable":true,"href":"https:\/\/panwinjet.com\/fr\/wp-json\/wp\/v2\/product_tag?post=888"}],"curies":[{"name":"wp","href":"https:\/\/api.w.org\/{rel}","templated":true}]}}