{"id":867,"date":"2025-09-19T15:00:06","date_gmt":"2025-09-19T15:00:06","guid":{"rendered":"https:\/\/panwinjet.com\/?post_type=product&#038;p=867"},"modified":"2025-09-19T15:00:06","modified_gmt":"2025-09-19T15:00:06","slug":"60000psi-uhp-waterjet-wate-blasting-hydro-jetting-triplex-plunger-blast-nozzle-2720-type-nozzles","status":"publish","type":"product","link":"https:\/\/panwinjet.com\/fr\/produit\/60000psi-uhp-waterjet-wate-blasting-hydro-jetting-triplex-plunger-blast-nozzle-2720-type-nozzles\/","title":{"rendered":"D\u00e9capage au jet d&#039;eau UHP 60\u00a0000 psi, buse de sablage \u00e0 piston triplex type 2720"},"content":{"rendered":"<p>D\u00e9capage au jet d&#039;eau UHP 60\u00a0000 psi, buse de sablage \u00e0 piston triplex type 2720<\/p>\n<ol>\n<li><b><\/b><strong><b>Pr\u00e9sentation du produit <\/b><\/strong>D\u00e9capage au jet d&#039;eau UHP 60\u00a0000 psi, buse de sablage \u00e0 piston triplex type 2720<\/li>\n<li>Pour le sablage au jet d&#039;eau UHP de 60 000 psi, les buses de type 2720 \u00e0 piston triplex sont des composants cl\u00e9s pour une op\u00e9ration de nettoyage \u00e0 haute efficacit\u00e9 et \u00e0 performance stable.<\/li>\n<\/ol>\n<p>Chez Panwin, nous fournissons \u00e0 nos clients des buses de haute qualit\u00e9 pour diff\u00e9rents niveaux de pression. Nos buses sont homologu\u00e9es UHP jusqu&#039;\u00e0 60\u00a0000\u00a0psi, avec un diam\u00e8tre de t\u00eate de 0,270\u00a0pouce et un angle d&#039;\u00e9tanch\u00e9it\u00e9 de 60\u00b0. Elles peuvent \u00eatre ins\u00e9r\u00e9es dans les buses rotatives et les rampes de pulv\u00e9risation. Le corps des buses est trait\u00e9 thermiquement et fabriqu\u00e9 en saphir de qualit\u00e9 sup\u00e9rieure, ce qui leur conf\u00e8re une longue dur\u00e9e de vie et une haute qualit\u00e9.<\/p>","protected":false},"excerpt":{"rendered":"<ol>\n<li><b><\/b><strong><b>Param\u00e8tre (sp\u00e9cification) du produit<\/b><\/strong><b><\/b>Jet d&#039;eau UHP 60\u00a0000 psi, hydrojet, pompe \u00e0 piston triplex, buse de sablage type 2720<\/li>\n<\/ol>\n<p>Pour ce syst\u00e8me de sablage au jet d&#039;eau UHP de 60\u00a0000\u00a0psi avec pompe \u00e0 piston triplex et buse de type 2720<\/p>\n<p>Il existe diff\u00e9rentes longueurs, la plus courante \u00e9tant de 10,50 mm. La pression est de 60\u00a0000 psi. Sp\u00e9cifications d\u00e9taill\u00e9es ci-dessous.<\/p>\n<ol start=\"2\">\n<li><b><\/b><strong><b>Caract\u00e9ristiques et applications du produit<\/b><\/strong><strong><b>f <\/b><\/strong>Jet d&#039;eau UHP 60\u00a0000 psi, hydrojet, pompe \u00e0 piston triplex, buse de sablage type 2720<\/li>\n<\/ol>\n<p>Les buses de type 2720 de la pompe \u00e0 piston triplex de 60 000 psi pour le sablage au jet d&#039;eau UHP sont fabriqu\u00e9es en rubis et saphir de haute qualit\u00e9 et offrent des performances de pulv\u00e9risation avanc\u00e9es, comme indiqu\u00e9 ci-dessous.<\/p>\n<p><strong><b>Caract\u00e9ristiques des buses :<\/b><\/strong><\/p>\n<p>Dur\u00e9e d&#039;utilisation prolong\u00e9e<\/p>\n<p>Coh\u00e9rence d&#039;\u00e9coulement des jets haute pression<\/p>\n<p>Jet de pulv\u00e9risation puissant<\/p>\n<p>Excellentes performances de nettoyage au jet d&#039;eau<\/p>\n<p>A: Longue dur\u00e9e de vie et qualit\u00e9 de jet constante<\/p>\n<p>B : Courant-jet haute puissance et focalis\u00e9<\/p>\n<p>C : Jet rectiligne \u00e0 haute densit\u00e9 \u00e9nerg\u00e9tique<\/p>\n<p>D:Facile \u00e0 installer et \u00e0 d\u00e9monter<\/p>","protected":false},"featured_media":868,"template":"","meta":[],"product_brand":[],"product_cat":[3],"product_tag":[],"class_list":{"0":"post-867","1":"product","2":"type-product","3":"status-publish","4":"has-post-thumbnail","6":"product_cat-sapphire-nozzles","8":"first","9":"instock","10":"shipping-taxable","11":"product-type-simple"},"yoast_head":"<!-- This site is optimized with the Yoast SEO plugin v24.9 - https:\/\/yoast.com\/wordpress\/plugins\/seo\/ -->\n<title>60000psi UHP Waterjet wate Blasting Hydro-jetting triplex Plunger blast nozzle 2720 Type nozzles - Panwin Machinery&amp;Equipment<\/title>\n<meta name=\"robots\" content=\"index, follow, max-snippet:-1, max-image-preview:large, max-video-preview:-1\" \/>\n<link rel=\"canonical\" href=\"https:\/\/panwinjet.com\/fr\/produit\/60000psi-uhp-waterjet-wate-blasting-hydro-jetting-triplex-plunger-blast-nozzle-2720-type-nozzles\/\" \/>\n<meta property=\"og:locale\" content=\"fr_FR\" \/>\n<meta property=\"og:type\" content=\"article\" \/>\n<meta property=\"og:title\" content=\"60000psi UHP Waterjet wate Blasting Hydro-jetting triplex Plunger blast nozzle 2720 Type nozzles - Panwin Machinery&amp;Equipment\" \/>\n<meta property=\"og:description\" content=\"Product Parameter (Specification) of60000psi UHP Waterjet wate Blasting Hydro-jetting triplex Plunger Pump blast nozzle 2720 Type nozzles  For this 60000psi UHP Waterjet wate Blasting Hydro-jetting triplex Plunger Pump blast nozzle 2720 Type nozzles  there are different Length size, and most popular length size is 10.50mm, the pressure is 60,000psi.details specification as mentioned below.   Product Feature And Application of 60000psi UHP Waterjet wate Blasting Hydro-jetting triplex Plunger Pump blast nozzle 2720 Type nozzles  The 60000psi UHP Waterjet wate Blasting Hydro-jetting triplex Plunger Pump blast nozzle 2720 Type nozzles are made of high-quality ruby and sapphire, it has advanced performance in spraying as mentioned below.  Nozzles Features:  Long-use time  High-Pressure Jets flow coherency  Powerful Spray stream  Excellent water Blasting performance  A:Long lifetime Constant Jet Quality  B:High-Power and Focus Jet Stream  C:High Energy density and straight Jet  D:User-friendly to install and disassembly\" \/>\n<meta property=\"og:url\" content=\"https:\/\/panwinjet.com\/fr\/produit\/60000psi-uhp-waterjet-wate-blasting-hydro-jetting-triplex-plunger-blast-nozzle-2720-type-nozzles\/\" \/>\n<meta property=\"og:site_name\" content=\"Panwin Machinery&amp;Equipment\" \/>\n<meta property=\"og:image\" content=\"https:\/\/panwinjet.com\/wp-content\/uploads\/2025\/09\/2720-\u55b7\u56342.jpg\" \/>\n\t<meta property=\"og:image:width\" content=\"1279\" \/>\n\t<meta property=\"og:image:height\" content=\"1706\" \/>\n\t<meta property=\"og:image:type\" content=\"image\/jpeg\" \/>\n<meta name=\"twitter:card\" content=\"summary_large_image\" \/>\n<meta name=\"twitter:label1\" content=\"Dur\u00e9e de lecture estim\u00e9e\" \/>\n\t<meta name=\"twitter:data1\" content=\"1 minute\" \/>\n<script type=\"application\/ld+json\" class=\"yoast-schema-graph\">{\"@context\":\"https:\/\/schema.org\",\"@graph\":[{\"@type\":\"WebPage\",\"@id\":\"https:\/\/panwinjet.com\/product\/60000psi-uhp-waterjet-wate-blasting-hydro-jetting-triplex-plunger-blast-nozzle-2720-type-nozzles\/\",\"url\":\"https:\/\/panwinjet.com\/product\/60000psi-uhp-waterjet-wate-blasting-hydro-jetting-triplex-plunger-blast-nozzle-2720-type-nozzles\/\",\"name\":\"60000psi UHP Waterjet wate Blasting Hydro-jetting triplex Plunger blast nozzle 2720 Type nozzles - Panwin Machinery&amp;Equipment\",\"isPartOf\":{\"@id\":\"https:\/\/panwinjet.com\/#website\"},\"primaryImageOfPage\":{\"@id\":\"https:\/\/panwinjet.com\/product\/60000psi-uhp-waterjet-wate-blasting-hydro-jetting-triplex-plunger-blast-nozzle-2720-type-nozzles\/#primaryimage\"},\"image\":{\"@id\":\"https:\/\/panwinjet.com\/product\/60000psi-uhp-waterjet-wate-blasting-hydro-jetting-triplex-plunger-blast-nozzle-2720-type-nozzles\/#primaryimage\"},\"thumbnailUrl\":\"https:\/\/panwinjet.com\/wp-content\/uploads\/2025\/09\/2720-\u55b7\u56342.jpg\",\"datePublished\":\"2025-09-19T15:00:06+00:00\",\"breadcrumb\":{\"@id\":\"https:\/\/panwinjet.com\/product\/60000psi-uhp-waterjet-wate-blasting-hydro-jetting-triplex-plunger-blast-nozzle-2720-type-nozzles\/#breadcrumb\"},\"inLanguage\":\"fr-FR\",\"potentialAction\":[{\"@type\":\"ReadAction\",\"target\":[\"https:\/\/panwinjet.com\/product\/60000psi-uhp-waterjet-wate-blasting-hydro-jetting-triplex-plunger-blast-nozzle-2720-type-nozzles\/\"]}]},{\"@type\":\"ImageObject\",\"inLanguage\":\"fr-FR\",\"@id\":\"https:\/\/panwinjet.com\/product\/60000psi-uhp-waterjet-wate-blasting-hydro-jetting-triplex-plunger-blast-nozzle-2720-type-nozzles\/#primaryimage\",\"url\":\"https:\/\/panwinjet.com\/wp-content\/uploads\/2025\/09\/2720-\u55b7\u56342.jpg\",\"contentUrl\":\"https:\/\/panwinjet.com\/wp-content\/uploads\/2025\/09\/2720-\u55b7\u56342.jpg\",\"width\":1279,\"height\":1706},{\"@type\":\"BreadcrumbList\",\"@id\":\"https:\/\/panwinjet.com\/product\/60000psi-uhp-waterjet-wate-blasting-hydro-jetting-triplex-plunger-blast-nozzle-2720-type-nozzles\/#breadcrumb\",\"itemListElement\":[{\"@type\":\"ListItem\",\"position\":1,\"name\":\"\u9996\u9875\",\"item\":\"https:\/\/panwinjet.com\/\"},{\"@type\":\"ListItem\",\"position\":2,\"name\":\"PRODUCT\",\"item\":\"https:\/\/panwinjet.com\/product\/\"},{\"@type\":\"ListItem\",\"position\":3,\"name\":\"60000psi UHP Waterjet wate Blasting Hydro-jetting triplex Plunger blast nozzle 2720 Type nozzles\"}]},{\"@type\":\"WebSite\",\"@id\":\"https:\/\/panwinjet.com\/#website\",\"url\":\"https:\/\/panwinjet.com\/\",\"name\":\"Panwin Machinery&amp;Equipment\",\"description\":\"Shenzhen Panwin Machinery&amp;Equipment Co.Ltd\",\"potentialAction\":[{\"@type\":\"SearchAction\",\"target\":{\"@type\":\"EntryPoint\",\"urlTemplate\":\"https:\/\/panwinjet.com\/?s={search_term_string}\"},\"query-input\":{\"@type\":\"PropertyValueSpecification\",\"valueRequired\":true,\"valueName\":\"search_term_string\"}}],\"inLanguage\":\"fr-FR\"}]}<\/script>\n<!-- \/ Yoast SEO plugin. -->","yoast_head_json":{"title":"60000psi UHP Waterjet wate Blasting Hydro-jetting triplex Plunger blast nozzle 2720 Type nozzles - Panwin Machinery&amp;Equipment","robots":{"index":"index","follow":"follow","max-snippet":"max-snippet:-1","max-image-preview":"max-image-preview:large","max-video-preview":"max-video-preview:-1"},"canonical":"https:\/\/panwinjet.com\/fr\/produit\/60000psi-uhp-waterjet-wate-blasting-hydro-jetting-triplex-plunger-blast-nozzle-2720-type-nozzles\/","og_locale":"fr_FR","og_type":"article","og_title":"60000psi UHP Waterjet wate Blasting Hydro-jetting triplex Plunger blast nozzle 2720 Type nozzles - Panwin Machinery&amp;Equipment","og_description":"Product Parameter (Specification) of60000psi UHP Waterjet wate Blasting Hydro-jetting triplex Plunger Pump blast nozzle 2720 Type nozzles  For this 60000psi UHP Waterjet wate Blasting Hydro-jetting triplex Plunger Pump blast nozzle 2720 Type nozzles  there are different Length size, and most popular length size is 10.50mm, the pressure is 60,000psi.details specification as mentioned below.   Product Feature And Application of 60000psi UHP Waterjet wate Blasting Hydro-jetting triplex Plunger Pump blast nozzle 2720 Type nozzles  The 60000psi UHP Waterjet wate Blasting Hydro-jetting triplex Plunger Pump blast nozzle 2720 Type nozzles are made of high-quality ruby and sapphire, it has advanced performance in spraying as mentioned below.  Nozzles Features:  Long-use time  High-Pressure Jets flow coherency  Powerful Spray stream  Excellent water Blasting performance  A:Long lifetime Constant Jet Quality  B:High-Power and Focus Jet Stream  C:High Energy density and straight Jet  D:User-friendly to install and disassembly","og_url":"https:\/\/panwinjet.com\/fr\/produit\/60000psi-uhp-waterjet-wate-blasting-hydro-jetting-triplex-plunger-blast-nozzle-2720-type-nozzles\/","og_site_name":"Panwin Machinery&amp;Equipment","og_image":[{"width":1279,"height":1706,"url":"https:\/\/panwinjet.com\/wp-content\/uploads\/2025\/09\/2720-\u55b7\u56342.jpg","type":"image\/jpeg"}],"twitter_card":"summary_large_image","twitter_misc":{"Dur\u00e9e de lecture estim\u00e9e":"1 minute"},"schema":{"@context":"https:\/\/schema.org","@graph":[{"@type":"WebPage","@id":"https:\/\/panwinjet.com\/product\/60000psi-uhp-waterjet-wate-blasting-hydro-jetting-triplex-plunger-blast-nozzle-2720-type-nozzles\/","url":"https:\/\/panwinjet.com\/product\/60000psi-uhp-waterjet-wate-blasting-hydro-jetting-triplex-plunger-blast-nozzle-2720-type-nozzles\/","name":"60000psi UHP Waterjet wate Blasting Hydro-jetting triplex Plunger blast nozzle 2720 Type nozzles - Panwin Machinery&amp;Equipment","isPartOf":{"@id":"https:\/\/panwinjet.com\/#website"},"primaryImageOfPage":{"@id":"https:\/\/panwinjet.com\/product\/60000psi-uhp-waterjet-wate-blasting-hydro-jetting-triplex-plunger-blast-nozzle-2720-type-nozzles\/#primaryimage"},"image":{"@id":"https:\/\/panwinjet.com\/product\/60000psi-uhp-waterjet-wate-blasting-hydro-jetting-triplex-plunger-blast-nozzle-2720-type-nozzles\/#primaryimage"},"thumbnailUrl":"https:\/\/panwinjet.com\/wp-content\/uploads\/2025\/09\/2720-\u55b7\u56342.jpg","datePublished":"2025-09-19T15:00:06+00:00","breadcrumb":{"@id":"https:\/\/panwinjet.com\/product\/60000psi-uhp-waterjet-wate-blasting-hydro-jetting-triplex-plunger-blast-nozzle-2720-type-nozzles\/#breadcrumb"},"inLanguage":"fr-FR","potentialAction":[{"@type":"ReadAction","target":["https:\/\/panwinjet.com\/product\/60000psi-uhp-waterjet-wate-blasting-hydro-jetting-triplex-plunger-blast-nozzle-2720-type-nozzles\/"]}]},{"@type":"ImageObject","inLanguage":"fr-FR","@id":"https:\/\/panwinjet.com\/product\/60000psi-uhp-waterjet-wate-blasting-hydro-jetting-triplex-plunger-blast-nozzle-2720-type-nozzles\/#primaryimage","url":"https:\/\/panwinjet.com\/wp-content\/uploads\/2025\/09\/2720-\u55b7\u56342.jpg","contentUrl":"https:\/\/panwinjet.com\/wp-content\/uploads\/2025\/09\/2720-\u55b7\u56342.jpg","width":1279,"height":1706},{"@type":"BreadcrumbList","@id":"https:\/\/panwinjet.com\/product\/60000psi-uhp-waterjet-wate-blasting-hydro-jetting-triplex-plunger-blast-nozzle-2720-type-nozzles\/#breadcrumb","itemListElement":[{"@type":"ListItem","position":1,"name":"\u9996\u9875","item":"https:\/\/panwinjet.com\/"},{"@type":"ListItem","position":2,"name":"PRODUCT","item":"https:\/\/panwinjet.com\/product\/"},{"@type":"ListItem","position":3,"name":"60000psi UHP Waterjet wate Blasting Hydro-jetting triplex Plunger blast nozzle 2720 Type nozzles"}]},{"@type":"WebSite","@id":"https:\/\/panwinjet.com\/#website","url":"https:\/\/panwinjet.com\/","name":"Panwin Machinery&amp;Equipment","description":"Shenzhen Panwin Machinery&amp;Equipment Co.Ltd","potentialAction":[{"@type":"SearchAction","target":{"@type":"EntryPoint","urlTemplate":"https:\/\/panwinjet.com\/?s={search_term_string}"},"query-input":{"@type":"PropertyValueSpecification","valueRequired":true,"valueName":"search_term_string"}}],"inLanguage":"fr-FR"}]}},"_links":{"self":[{"href":"https:\/\/panwinjet.com\/fr\/wp-json\/wp\/v2\/product\/867","targetHints":{"allow":["GET"]}}],"collection":[{"href":"https:\/\/panwinjet.com\/fr\/wp-json\/wp\/v2\/product"}],"about":[{"href":"https:\/\/panwinjet.com\/fr\/wp-json\/wp\/v2\/types\/product"}],"wp:featuredmedia":[{"embeddable":true,"href":"https:\/\/panwinjet.com\/fr\/wp-json\/wp\/v2\/media\/868"}],"wp:attachment":[{"href":"https:\/\/panwinjet.com\/fr\/wp-json\/wp\/v2\/media?parent=867"}],"wp:term":[{"taxonomy":"product_brand","embeddable":true,"href":"https:\/\/panwinjet.com\/fr\/wp-json\/wp\/v2\/product_brand?post=867"},{"taxonomy":"product_cat","embeddable":true,"href":"https:\/\/panwinjet.com\/fr\/wp-json\/wp\/v2\/product_cat?post=867"},{"taxonomy":"product_tag","embeddable":true,"href":"https:\/\/panwinjet.com\/fr\/wp-json\/wp\/v2\/product_tag?post=867"}],"curies":[{"name":"wp","href":"https:\/\/api.w.org\/{rel}","templated":true}]}}