{"id":860,"date":"2025-09-19T14:55:50","date_gmt":"2025-09-19T14:55:50","guid":{"rendered":"https:\/\/panwinjet.com\/?post_type=product&#038;p=860"},"modified":"2025-09-19T14:55:50","modified_gmt":"2025-09-19T14:55:50","slug":"water-blasting-cleaning-machine-nozzles-m10-0-50mm","status":"publish","type":"product","link":"https:\/\/panwinjet.com\/fr\/produit\/water-blasting-cleaning-machine-nozzles-m10-0-50mm\/","title":{"rendered":"Buses de machine de nettoyage \u00e0 jet d&#039;eau M10-0,50 mm"},"content":{"rendered":"<p><strong><b>Buses de machine de nettoyage \u00e0 jet d&#039;eau M10-0,50 mm<\/b><\/strong><\/p>\n<p><strong><b>1. Pr\u00e9sentation du produit <\/b><\/strong><strong><b>55<\/b><\/strong><strong><b>Pi\u00e8ces de machines de nettoyage de canalisations p\u00e9trochimiques \u00e0 haute pression (kpsi) - Buses M10<\/b><\/strong><\/p>\n<p><strong><b>Pour ce 55<\/b><\/strong><strong><b>Pi\u00e8ces de machines de nettoyage de canalisations p\u00e9trochimiques \u00e0 haute pression (kpsi) - Buses M10<\/b><\/strong><strong><b>, dans <\/b><\/strong><strong><b>Lors d&#039;une op\u00e9ration de nettoyage par jet d&#039;eau \u00e0 haute pression, les buses constituent l&#039;\u00e9l\u00e9ment cl\u00e9 pour une performance stable et \u00e0 haute efficacit\u00e9.<\/b><\/strong><\/p>\n<p><strong><b>Chez Panwin, nous fournissons \u00e0 nos clients des buses de haute qualit\u00e9 pour diff\u00e9rents niveaux de pression. Nos buses sont homologu\u00e9es UHP jusqu&#039;\u00e0 55\u00a0000\u00a0psi. <\/b><\/strong><strong><b>Filetage M10\u00d71,5, fente pour cl\u00e9 hexagonale de 5 mm<\/b><\/strong><strong><b>, il peut s&#039;ins\u00e9rer dans le <\/b><\/strong><strong><b>buses rotatives<\/b><\/strong><strong><b>\u00a0et<\/b><\/strong><strong><b>\u00a0rampes de pulv\u00e9risation<\/b><\/strong><strong><b>, le corps des buses<\/b><\/strong><strong><b>\u00a0trait\u00e9 thermiquement durci et de qualit\u00e9 sup\u00e9rieure<\/b><\/strong><strong><b>\u00a0mat\u00e9riau saphir<\/b><\/strong><strong><b>, il a une longue dur\u00e9e de vie et est de haute qualit\u00e9.<\/b><\/strong><\/p>","protected":false},"excerpt":{"rendered":"<p><strong><b>2.<\/b><\/strong><strong><b>Param\u00e8tre (sp\u00e9cification) du produit <\/b><\/strong><strong><b>55<\/b><\/strong><strong><b>Pi\u00e8ces de machines de nettoyage de canalisations p\u00e9trochimiques \u00e0 haute pression (kpsi) - Buses M10<\/b><\/strong><\/p>\n<p><strong><b>Pour ce 55<\/b><\/strong><strong><b>Pi\u00e8ces de machines de nettoyage de canalisations p\u00e9trochimiques \u00e0 haute pression (kpsi) - Buses M10<\/b><\/strong><strong><b>La pression est de 55 kpsi et nous proposons diff\u00e9rentes tailles, comme indiqu\u00e9 ci-joint.<\/b><\/strong><\/p>\n<p><strong><b>3. Caract\u00e9ristiques et applications du produit <\/b><\/strong><strong><b>Pi\u00e8ces de machines de nettoyage de canalisations p\u00e9trochimiques \u00e0 jet d&#039;eau sous pression de 30 kpsi - Buses M10<\/b><\/strong><\/p>\n<p>Les buses M10 des pi\u00e8ces de la machine de nettoyage de tuyaux p\u00e9trochimiques \u00e0 jet d&#039;eau sous pression de 55 kpsi sont fabriqu\u00e9es en rubis et saphir de haute qualit\u00e9, elles offrent de bonnes performances de pulv\u00e9risation comme mentionn\u00e9 ci-dessous.<\/p>\n<p>Caract\u00e9ristiques des buses :<\/p>\n<p>A: Longue dur\u00e9e de vie et qualit\u00e9 de jet constante<\/p>\n<p>B : Courant-jet haute puissance et focalis\u00e9<\/p>\n<p>C : Jet rectiligne \u00e0 haute densit\u00e9 \u00e9nerg\u00e9tique<\/p>\n<p>D:Facile \u00e0 installer et \u00e0 d\u00e9monter<\/p>\n<p><strong><b>Application:<\/b><\/strong><\/p>\n<p>Industrie de la construction par hydrod\u00e9capage \u00e0 haute pression<\/p>\n<p>Industrie du fer, de l&#039;acier et des m\u00e9taux : sablage hydrodynamique<\/p>\n<p>Ing\u00e9nierie m\u00e9canique et des appareils pour nettoyeurs haute pression<\/p>\n<p>Industrie du ciment et du b\u00e9ton<\/p>\n<p>Nettoyage de surface haute pression Barracuda<\/p>\n<p>pi\u00e8ces d&#039;\u00e9quipement de nettoyage \u00e0 jet d&#039;eau ultra-haute pression<\/p>\n<p>Barres de pulv\u00e9risation pour le nettoyage industriel<\/p>\n<p>Machine de nettoyage \u00e0 haute pression pour l&#039;industrie du raffinage du p\u00e9trole<\/p>\n<p>\u00c9quipement de nettoyage des \u00e9gouts \u00e0 haute pression pour les r\u00e9seaux de canalisations municipales d&#039;adduction d&#039;eau et de drainage\u00a0;<\/p>","protected":false},"featured_media":862,"template":"","meta":[],"product_brand":[],"product_cat":[3],"product_tag":[],"class_list":{"0":"post-860","1":"product","2":"type-product","3":"status-publish","4":"has-post-thumbnail","6":"product_cat-sapphire-nozzles","8":"first","9":"instock","10":"shipping-taxable","11":"product-type-simple"},"yoast_head":"<!-- This site is optimized with the Yoast SEO plugin v24.9 - https:\/\/yoast.com\/wordpress\/plugins\/seo\/ -->\n<title>Water blasting cleaning machine nozzles M10-0.50mm - Panwin Machinery&amp;Equipment<\/title>\n<meta name=\"robots\" content=\"index, follow, max-snippet:-1, max-image-preview:large, max-video-preview:-1\" \/>\n<link rel=\"canonical\" href=\"https:\/\/panwinjet.com\/fr\/produit\/water-blasting-cleaning-machine-nozzles-m10-0-50mm\/\" \/>\n<meta property=\"og:locale\" content=\"fr_FR\" \/>\n<meta property=\"og:type\" content=\"article\" \/>\n<meta property=\"og:title\" content=\"Water blasting cleaning machine nozzles M10-0.50mm - Panwin Machinery&amp;Equipment\" \/>\n<meta property=\"og:description\" content=\"2.Product Parameter(Specification) of 55kpsi Pressure Water blasting Petrochemical pipe cleaning machine parts M10 Nozzles  For this 55kpsi Pressure Water blasting Petrochemical pipe cleaning machine parts M10 Nozzles, the Pressure is 55kpsi and we have various size as attached  3.Product Feature And Application of 30kpsi Pressure Water blasting Petrochemical pipe cleaning machine parts M10 Nozzles  The 55kpsi Pressure Water blasting Petrochemical pipe cleaning machine parts M10 Nozzles\u00a0are made of high-quality ruby and sapphire, it has good performance in spraying as mentioned below.  Nozzles Features:  A:Long lifetime Constant Jet Quality  B:High-Power and Focus Jet Stream  C:High Energy density and straight Jet  D:User-friendly to install and disassembly  Application:  UHP Water Blasting Construction Industry  Hydro Jet blaster Iron, Steel And Metal Industry  high pressure waterblaster\u00a0Mechanical\u00a0and Apparatus Engineering  Cements and Concrete Industry  high pressure barracuda\u00a0Surface cleaning  UHP hydro Jet cleaning equipment parts  Industrial Cleaning Spray Bars  hydro blasting machine\u00a0for petroleum refining industry  High pressure sewer cleaning equipment\u00a0for municipal pipe networks\u00a0water supply and drainage pipelines;\" \/>\n<meta property=\"og:url\" content=\"https:\/\/panwinjet.com\/fr\/produit\/water-blasting-cleaning-machine-nozzles-m10-0-50mm\/\" \/>\n<meta property=\"og:site_name\" content=\"Panwin Machinery&amp;Equipment\" \/>\n<meta property=\"og:image\" content=\"https:\/\/panwinjet.com\/wp-content\/uploads\/2025\/09\/M10-0.50mm-3.jpg\" \/>\n\t<meta property=\"og:image:width\" content=\"1279\" \/>\n\t<meta property=\"og:image:height\" content=\"1706\" \/>\n\t<meta property=\"og:image:type\" content=\"image\/jpeg\" \/>\n<meta name=\"twitter:card\" content=\"summary_large_image\" \/>\n<meta name=\"twitter:label1\" content=\"Dur\u00e9e de lecture estim\u00e9e\" \/>\n\t<meta name=\"twitter:data1\" content=\"1 minute\" \/>\n<script type=\"application\/ld+json\" class=\"yoast-schema-graph\">{\"@context\":\"https:\/\/schema.org\",\"@graph\":[{\"@type\":\"WebPage\",\"@id\":\"https:\/\/panwinjet.com\/product\/water-blasting-cleaning-machine-nozzles-m10-0-50mm\/\",\"url\":\"https:\/\/panwinjet.com\/product\/water-blasting-cleaning-machine-nozzles-m10-0-50mm\/\",\"name\":\"Water blasting cleaning machine nozzles M10-0.50mm - Panwin Machinery&amp;Equipment\",\"isPartOf\":{\"@id\":\"https:\/\/panwinjet.com\/#website\"},\"primaryImageOfPage\":{\"@id\":\"https:\/\/panwinjet.com\/product\/water-blasting-cleaning-machine-nozzles-m10-0-50mm\/#primaryimage\"},\"image\":{\"@id\":\"https:\/\/panwinjet.com\/product\/water-blasting-cleaning-machine-nozzles-m10-0-50mm\/#primaryimage\"},\"thumbnailUrl\":\"https:\/\/panwinjet.com\/wp-content\/uploads\/2025\/09\/M10-0.50mm-3.jpg\",\"datePublished\":\"2025-09-19T14:55:50+00:00\",\"breadcrumb\":{\"@id\":\"https:\/\/panwinjet.com\/product\/water-blasting-cleaning-machine-nozzles-m10-0-50mm\/#breadcrumb\"},\"inLanguage\":\"fr-FR\",\"potentialAction\":[{\"@type\":\"ReadAction\",\"target\":[\"https:\/\/panwinjet.com\/product\/water-blasting-cleaning-machine-nozzles-m10-0-50mm\/\"]}]},{\"@type\":\"ImageObject\",\"inLanguage\":\"fr-FR\",\"@id\":\"https:\/\/panwinjet.com\/product\/water-blasting-cleaning-machine-nozzles-m10-0-50mm\/#primaryimage\",\"url\":\"https:\/\/panwinjet.com\/wp-content\/uploads\/2025\/09\/M10-0.50mm-3.jpg\",\"contentUrl\":\"https:\/\/panwinjet.com\/wp-content\/uploads\/2025\/09\/M10-0.50mm-3.jpg\",\"width\":1279,\"height\":1706},{\"@type\":\"BreadcrumbList\",\"@id\":\"https:\/\/panwinjet.com\/product\/water-blasting-cleaning-machine-nozzles-m10-0-50mm\/#breadcrumb\",\"itemListElement\":[{\"@type\":\"ListItem\",\"position\":1,\"name\":\"\u9996\u9875\",\"item\":\"https:\/\/panwinjet.com\/\"},{\"@type\":\"ListItem\",\"position\":2,\"name\":\"PRODUCT\",\"item\":\"https:\/\/panwinjet.com\/product\/\"},{\"@type\":\"ListItem\",\"position\":3,\"name\":\"Water blasting cleaning machine nozzles M10-0.50mm\"}]},{\"@type\":\"WebSite\",\"@id\":\"https:\/\/panwinjet.com\/#website\",\"url\":\"https:\/\/panwinjet.com\/\",\"name\":\"Panwin Machinery&amp;Equipment\",\"description\":\"Shenzhen Panwin Machinery&amp;Equipment Co.Ltd\",\"potentialAction\":[{\"@type\":\"SearchAction\",\"target\":{\"@type\":\"EntryPoint\",\"urlTemplate\":\"https:\/\/panwinjet.com\/?s={search_term_string}\"},\"query-input\":{\"@type\":\"PropertyValueSpecification\",\"valueRequired\":true,\"valueName\":\"search_term_string\"}}],\"inLanguage\":\"fr-FR\"}]}<\/script>\n<!-- \/ Yoast SEO plugin. -->","yoast_head_json":{"title":"Water blasting cleaning machine nozzles M10-0.50mm - Panwin Machinery&amp;Equipment","robots":{"index":"index","follow":"follow","max-snippet":"max-snippet:-1","max-image-preview":"max-image-preview:large","max-video-preview":"max-video-preview:-1"},"canonical":"https:\/\/panwinjet.com\/fr\/produit\/water-blasting-cleaning-machine-nozzles-m10-0-50mm\/","og_locale":"fr_FR","og_type":"article","og_title":"Water blasting cleaning machine nozzles M10-0.50mm - Panwin Machinery&amp;Equipment","og_description":"2.Product Parameter(Specification) of 55kpsi Pressure Water blasting Petrochemical pipe cleaning machine parts M10 Nozzles  For this 55kpsi Pressure Water blasting Petrochemical pipe cleaning machine parts M10 Nozzles, the Pressure is 55kpsi and we have various size as attached  3.Product Feature And Application of 30kpsi Pressure Water blasting Petrochemical pipe cleaning machine parts M10 Nozzles  The 55kpsi Pressure Water blasting Petrochemical pipe cleaning machine parts M10 Nozzles\u00a0are made of high-quality ruby and sapphire, it has good performance in spraying as mentioned below.  Nozzles Features:  A:Long lifetime Constant Jet Quality  B:High-Power and Focus Jet Stream  C:High Energy density and straight Jet  D:User-friendly to install and disassembly  Application:  UHP Water Blasting Construction Industry  Hydro Jet blaster Iron, Steel And Metal Industry  high pressure waterblaster\u00a0Mechanical\u00a0and Apparatus Engineering  Cements and Concrete Industry  high pressure barracuda\u00a0Surface cleaning  UHP hydro Jet cleaning equipment parts  Industrial Cleaning Spray Bars  hydro blasting machine\u00a0for petroleum refining industry  High pressure sewer cleaning equipment\u00a0for municipal pipe networks\u00a0water supply and drainage pipelines;","og_url":"https:\/\/panwinjet.com\/fr\/produit\/water-blasting-cleaning-machine-nozzles-m10-0-50mm\/","og_site_name":"Panwin Machinery&amp;Equipment","og_image":[{"width":1279,"height":1706,"url":"https:\/\/panwinjet.com\/wp-content\/uploads\/2025\/09\/M10-0.50mm-3.jpg","type":"image\/jpeg"}],"twitter_card":"summary_large_image","twitter_misc":{"Dur\u00e9e de lecture estim\u00e9e":"1 minute"},"schema":{"@context":"https:\/\/schema.org","@graph":[{"@type":"WebPage","@id":"https:\/\/panwinjet.com\/product\/water-blasting-cleaning-machine-nozzles-m10-0-50mm\/","url":"https:\/\/panwinjet.com\/product\/water-blasting-cleaning-machine-nozzles-m10-0-50mm\/","name":"Water blasting cleaning machine nozzles M10-0.50mm - Panwin Machinery&amp;Equipment","isPartOf":{"@id":"https:\/\/panwinjet.com\/#website"},"primaryImageOfPage":{"@id":"https:\/\/panwinjet.com\/product\/water-blasting-cleaning-machine-nozzles-m10-0-50mm\/#primaryimage"},"image":{"@id":"https:\/\/panwinjet.com\/product\/water-blasting-cleaning-machine-nozzles-m10-0-50mm\/#primaryimage"},"thumbnailUrl":"https:\/\/panwinjet.com\/wp-content\/uploads\/2025\/09\/M10-0.50mm-3.jpg","datePublished":"2025-09-19T14:55:50+00:00","breadcrumb":{"@id":"https:\/\/panwinjet.com\/product\/water-blasting-cleaning-machine-nozzles-m10-0-50mm\/#breadcrumb"},"inLanguage":"fr-FR","potentialAction":[{"@type":"ReadAction","target":["https:\/\/panwinjet.com\/product\/water-blasting-cleaning-machine-nozzles-m10-0-50mm\/"]}]},{"@type":"ImageObject","inLanguage":"fr-FR","@id":"https:\/\/panwinjet.com\/product\/water-blasting-cleaning-machine-nozzles-m10-0-50mm\/#primaryimage","url":"https:\/\/panwinjet.com\/wp-content\/uploads\/2025\/09\/M10-0.50mm-3.jpg","contentUrl":"https:\/\/panwinjet.com\/wp-content\/uploads\/2025\/09\/M10-0.50mm-3.jpg","width":1279,"height":1706},{"@type":"BreadcrumbList","@id":"https:\/\/panwinjet.com\/product\/water-blasting-cleaning-machine-nozzles-m10-0-50mm\/#breadcrumb","itemListElement":[{"@type":"ListItem","position":1,"name":"\u9996\u9875","item":"https:\/\/panwinjet.com\/"},{"@type":"ListItem","position":2,"name":"PRODUCT","item":"https:\/\/panwinjet.com\/product\/"},{"@type":"ListItem","position":3,"name":"Water blasting cleaning machine nozzles M10-0.50mm"}]},{"@type":"WebSite","@id":"https:\/\/panwinjet.com\/#website","url":"https:\/\/panwinjet.com\/","name":"Panwin Machinery&amp;Equipment","description":"Shenzhen Panwin Machinery&amp;Equipment Co.Ltd","potentialAction":[{"@type":"SearchAction","target":{"@type":"EntryPoint","urlTemplate":"https:\/\/panwinjet.com\/?s={search_term_string}"},"query-input":{"@type":"PropertyValueSpecification","valueRequired":true,"valueName":"search_term_string"}}],"inLanguage":"fr-FR"}]}},"_links":{"self":[{"href":"https:\/\/panwinjet.com\/fr\/wp-json\/wp\/v2\/product\/860","targetHints":{"allow":["GET"]}}],"collection":[{"href":"https:\/\/panwinjet.com\/fr\/wp-json\/wp\/v2\/product"}],"about":[{"href":"https:\/\/panwinjet.com\/fr\/wp-json\/wp\/v2\/types\/product"}],"wp:featuredmedia":[{"embeddable":true,"href":"https:\/\/panwinjet.com\/fr\/wp-json\/wp\/v2\/media\/862"}],"wp:attachment":[{"href":"https:\/\/panwinjet.com\/fr\/wp-json\/wp\/v2\/media?parent=860"}],"wp:term":[{"taxonomy":"product_brand","embeddable":true,"href":"https:\/\/panwinjet.com\/fr\/wp-json\/wp\/v2\/product_brand?post=860"},{"taxonomy":"product_cat","embeddable":true,"href":"https:\/\/panwinjet.com\/fr\/wp-json\/wp\/v2\/product_cat?post=860"},{"taxonomy":"product_tag","embeddable":true,"href":"https:\/\/panwinjet.com\/fr\/wp-json\/wp\/v2\/product_tag?post=860"}],"curies":[{"name":"wp","href":"https:\/\/api.w.org\/{rel}","templated":true}]}}