{"id":836,"date":"2025-09-19T14:37:39","date_gmt":"2025-09-19T14:37:39","guid":{"rendered":"https:\/\/panwinjet.com\/?post_type=product&#038;p=836"},"modified":"2025-09-19T14:37:39","modified_gmt":"2025-09-19T14:37:39","slug":"uhp-water-blasting-cleaning-machine-nozzles-m10-0-25mm","status":"publish","type":"product","link":"https:\/\/panwinjet.com\/fr\/produit\/uhp-water-blasting-cleaning-machine-nozzles-m10-0-25mm\/","title":{"rendered":"Buses de machine de nettoyage \u00e0 jet d&#039;eau UHP M10-0,25 mm"},"content":{"rendered":"<p>1. Pr\u00e9sentation du produit\u00a0: Buses M10 pour machines de nettoyage de canalisations p\u00e9trochimiques par jet d&#039;eau sous pression de 55\u00a0kpsi<br \/>\nPour cette machine de nettoyage de tuyaux p\u00e9trochimiques par jet d&#039;eau sous pression de 55 kpsi, les buses M10 sont les pi\u00e8ces cl\u00e9s pour une performance stable et \u00e0 haute efficacit\u00e9 lors de l&#039;op\u00e9ration de nettoyage par jet d&#039;eau.<br \/>\nChez Panwin, nous fournissons \u00e0 nos clients des buses de haute qualit\u00e9 pour diff\u00e9rents niveaux de pression. Nos buses sont homologu\u00e9es UHP jusqu&#039;\u00e0 55 000 psi, avec un raccord filet\u00e9 3\/8-24 UNF, elles peuvent \u00eatre ins\u00e9r\u00e9es dans les buses rotatives et les rampes de pulv\u00e9risation. Le corps des buses est trait\u00e9 thermiquement et fabriqu\u00e9 en saphir de qualit\u00e9 sup\u00e9rieure, ce qui leur conf\u00e8re une longue dur\u00e9e de vie et une haute qualit\u00e9.<\/p>","protected":false},"excerpt":{"rendered":"<p>2. Param\u00e8tres du produit (sp\u00e9cifications) des pi\u00e8ces de la machine de nettoyage de canalisations p\u00e9trochimiques par jet d&#039;eau sous pression de 55 kpsi, buses M10<br \/>\nPour cette machine de nettoyage de canalisations p\u00e9trochimiques par jet d&#039;eau sous pression de 55 kpsi (buses M10), la pression est de 55 kpsi et nous proposons diff\u00e9rentes tailles, comme suit\u00a0:<\/p>\n<p>&nbsp;<\/p>\n<p>3. Caract\u00e9ristiques et applications des buses M10 pour le nettoyage de canalisations p\u00e9trochimiques par jet d&#039;eau \u00e0 haute pression (30 kpsi)<br \/>\nLes buses M10 des pi\u00e8ces de la machine de nettoyage de tuyaux p\u00e9trochimiques \u00e0 jet d&#039;eau sous pression de 55 kpsi sont fabriqu\u00e9es en rubis et saphir de haute qualit\u00e9, elles offrent de bonnes performances de pulv\u00e9risation comme mentionn\u00e9 ci-dessous.<br \/>\nCaract\u00e9ristiques des buses :<br \/>\nUtilisation \u00e0 longue dur\u00e9e de vie<br \/>\nCoh\u00e9rence d&#039;\u00e9coulement des jets haute pression<br \/>\nJet de pulv\u00e9risation puissant<br \/>\nExcellentes performances de nettoyage au jet d&#039;eau<\/p>\n<p>&nbsp;<\/p>\n<p>4. D\u00e9tails du produit\u00a0: Buses M10 pour machine de nettoyage de canalisations p\u00e9trochimiques par jet d&#039;eau sous pression de 55\u00a0kpsi<br \/>\nPour les pi\u00e8ces de la machine de nettoyage de tuyaux p\u00e9trochimiques par jet d&#039;eau sous pression de 55 kpsi, les buses M10, nous avons diff\u00e9rentes tailles, diff\u00e9rentes tailles et diff\u00e9rents d\u00e9bits, et les d\u00e9tails seront mentionn\u00e9s dans les indicateurs de pression de d\u00e9bit.<\/p>","protected":false},"featured_media":840,"template":"","meta":[],"product_brand":[],"product_cat":[3],"product_tag":[],"class_list":{"0":"post-836","1":"product","2":"type-product","3":"status-publish","4":"has-post-thumbnail","6":"product_cat-sapphire-nozzles","8":"first","9":"instock","10":"shipping-taxable","11":"product-type-simple"},"yoast_head":"<!-- This site is optimized with the Yoast SEO plugin v24.9 - https:\/\/yoast.com\/wordpress\/plugins\/seo\/ -->\n<title>UHP Water blasting cleaning machine nozzles M10-0.25mm - Panwin Machinery&amp;Equipment<\/title>\n<meta name=\"robots\" content=\"index, follow, max-snippet:-1, max-image-preview:large, max-video-preview:-1\" \/>\n<link rel=\"canonical\" href=\"https:\/\/panwinjet.com\/fr\/produit\/uhp-water-blasting-cleaning-machine-nozzles-m10-0-25mm\/\" \/>\n<meta property=\"og:locale\" content=\"fr_FR\" \/>\n<meta property=\"og:type\" content=\"article\" \/>\n<meta property=\"og:title\" content=\"UHP Water blasting cleaning machine nozzles M10-0.25mm - Panwin Machinery&amp;Equipment\" \/>\n<meta property=\"og:description\" content=\"2.Product Parameter(Specification) of 55kpsi Pressure Water blasting Petrochemical pipe cleaning machine parts M10 Nozzles For this 55kpsi Pressure Water blasting Petrochemical pipe cleaning machine parts M10 Nozzles, the Pressure is 55kpsi and we have various size as follows:  &nbsp;  3.Product Feature And Application of 30kpsi Pressure Water blasting Petrochemical pipe cleaning machine parts M10 Nozzles The 55kpsi Pressure Water blasting Petrochemical pipe cleaning machine parts M10 Nozzles are made of high-quality ruby and sapphire, it has good performance in spraying as mentioned below. Nozzles Features: Long life use High-Pressure Jets flow coherency Powerful Spraying flow Excellent water Blasting performance  &nbsp;  4.Product Details of 55kpsi Pressure Water blasting Petrochemical pipe cleaning machine parts M10 Nozzles For the 55kpsi Pressure Water blasting Petrochemical pipe cleaning machine parts M10 Nozzles, we have various size, different size and has different flow rate, and details as will mentioned in the Flow pressure indicators.\" \/>\n<meta property=\"og:url\" content=\"https:\/\/panwinjet.com\/fr\/produit\/uhp-water-blasting-cleaning-machine-nozzles-m10-0-25mm\/\" \/>\n<meta property=\"og:site_name\" content=\"Panwin Machinery&amp;Equipment\" \/>\n<meta property=\"og:image\" content=\"https:\/\/panwinjet.com\/wp-content\/uploads\/2025\/09\/\u5b9d\u77f3\u55b7\u5634-3-scaled.jpg\" \/>\n\t<meta property=\"og:image:width\" content=\"2560\" \/>\n\t<meta property=\"og:image:height\" content=\"1920\" \/>\n\t<meta property=\"og:image:type\" content=\"image\/jpeg\" \/>\n<meta name=\"twitter:card\" content=\"summary_large_image\" \/>\n<meta name=\"twitter:label1\" content=\"Dur\u00e9e de lecture estim\u00e9e\" \/>\n\t<meta name=\"twitter:data1\" content=\"1 minute\" \/>\n<script type=\"application\/ld+json\" class=\"yoast-schema-graph\">{\"@context\":\"https:\/\/schema.org\",\"@graph\":[{\"@type\":\"WebPage\",\"@id\":\"https:\/\/panwinjet.com\/product\/uhp-water-blasting-cleaning-machine-nozzles-m10-0-25mm\/\",\"url\":\"https:\/\/panwinjet.com\/product\/uhp-water-blasting-cleaning-machine-nozzles-m10-0-25mm\/\",\"name\":\"UHP Water blasting cleaning machine nozzles M10-0.25mm - Panwin Machinery&amp;Equipment\",\"isPartOf\":{\"@id\":\"https:\/\/panwinjet.com\/#website\"},\"primaryImageOfPage\":{\"@id\":\"https:\/\/panwinjet.com\/product\/uhp-water-blasting-cleaning-machine-nozzles-m10-0-25mm\/#primaryimage\"},\"image\":{\"@id\":\"https:\/\/panwinjet.com\/product\/uhp-water-blasting-cleaning-machine-nozzles-m10-0-25mm\/#primaryimage\"},\"thumbnailUrl\":\"https:\/\/panwinjet.com\/wp-content\/uploads\/2025\/09\/\u5b9d\u77f3\u55b7\u5634-3-scaled.jpg\",\"datePublished\":\"2025-09-19T14:37:39+00:00\",\"breadcrumb\":{\"@id\":\"https:\/\/panwinjet.com\/product\/uhp-water-blasting-cleaning-machine-nozzles-m10-0-25mm\/#breadcrumb\"},\"inLanguage\":\"fr-FR\",\"potentialAction\":[{\"@type\":\"ReadAction\",\"target\":[\"https:\/\/panwinjet.com\/product\/uhp-water-blasting-cleaning-machine-nozzles-m10-0-25mm\/\"]}]},{\"@type\":\"ImageObject\",\"inLanguage\":\"fr-FR\",\"@id\":\"https:\/\/panwinjet.com\/product\/uhp-water-blasting-cleaning-machine-nozzles-m10-0-25mm\/#primaryimage\",\"url\":\"https:\/\/panwinjet.com\/wp-content\/uploads\/2025\/09\/\u5b9d\u77f3\u55b7\u5634-3-scaled.jpg\",\"contentUrl\":\"https:\/\/panwinjet.com\/wp-content\/uploads\/2025\/09\/\u5b9d\u77f3\u55b7\u5634-3-scaled.jpg\",\"width\":2560,\"height\":1920},{\"@type\":\"BreadcrumbList\",\"@id\":\"https:\/\/panwinjet.com\/product\/uhp-water-blasting-cleaning-machine-nozzles-m10-0-25mm\/#breadcrumb\",\"itemListElement\":[{\"@type\":\"ListItem\",\"position\":1,\"name\":\"\u9996\u9875\",\"item\":\"https:\/\/panwinjet.com\/\"},{\"@type\":\"ListItem\",\"position\":2,\"name\":\"PRODUCT\",\"item\":\"https:\/\/panwinjet.com\/product\/\"},{\"@type\":\"ListItem\",\"position\":3,\"name\":\"UHP Water blasting cleaning machine nozzles M10-0.25mm\"}]},{\"@type\":\"WebSite\",\"@id\":\"https:\/\/panwinjet.com\/#website\",\"url\":\"https:\/\/panwinjet.com\/\",\"name\":\"Panwin Machinery&amp;Equipment\",\"description\":\"Shenzhen Panwin Machinery&amp;Equipment Co.Ltd\",\"potentialAction\":[{\"@type\":\"SearchAction\",\"target\":{\"@type\":\"EntryPoint\",\"urlTemplate\":\"https:\/\/panwinjet.com\/?s={search_term_string}\"},\"query-input\":{\"@type\":\"PropertyValueSpecification\",\"valueRequired\":true,\"valueName\":\"search_term_string\"}}],\"inLanguage\":\"fr-FR\"}]}<\/script>\n<!-- \/ Yoast SEO plugin. -->","yoast_head_json":{"title":"UHP Water blasting cleaning machine nozzles M10-0.25mm - Panwin Machinery&amp;Equipment","robots":{"index":"index","follow":"follow","max-snippet":"max-snippet:-1","max-image-preview":"max-image-preview:large","max-video-preview":"max-video-preview:-1"},"canonical":"https:\/\/panwinjet.com\/fr\/produit\/uhp-water-blasting-cleaning-machine-nozzles-m10-0-25mm\/","og_locale":"fr_FR","og_type":"article","og_title":"UHP Water blasting cleaning machine nozzles M10-0.25mm - Panwin Machinery&amp;Equipment","og_description":"2.Product Parameter(Specification) of 55kpsi Pressure Water blasting Petrochemical pipe cleaning machine parts M10 Nozzles For this 55kpsi Pressure Water blasting Petrochemical pipe cleaning machine parts M10 Nozzles, the Pressure is 55kpsi and we have various size as follows:  &nbsp;  3.Product Feature And Application of 30kpsi Pressure Water blasting Petrochemical pipe cleaning machine parts M10 Nozzles The 55kpsi Pressure Water blasting Petrochemical pipe cleaning machine parts M10 Nozzles are made of high-quality ruby and sapphire, it has good performance in spraying as mentioned below. Nozzles Features: Long life use High-Pressure Jets flow coherency Powerful Spraying flow Excellent water Blasting performance  &nbsp;  4.Product Details of 55kpsi Pressure Water blasting Petrochemical pipe cleaning machine parts M10 Nozzles For the 55kpsi Pressure Water blasting Petrochemical pipe cleaning machine parts M10 Nozzles, we have various size, different size and has different flow rate, and details as will mentioned in the Flow pressure indicators.","og_url":"https:\/\/panwinjet.com\/fr\/produit\/uhp-water-blasting-cleaning-machine-nozzles-m10-0-25mm\/","og_site_name":"Panwin Machinery&amp;Equipment","og_image":[{"width":2560,"height":1920,"url":"https:\/\/panwinjet.com\/wp-content\/uploads\/2025\/09\/\u5b9d\u77f3\u55b7\u5634-3-scaled.jpg","type":"image\/jpeg"}],"twitter_card":"summary_large_image","twitter_misc":{"Dur\u00e9e de lecture estim\u00e9e":"1 minute"},"schema":{"@context":"https:\/\/schema.org","@graph":[{"@type":"WebPage","@id":"https:\/\/panwinjet.com\/product\/uhp-water-blasting-cleaning-machine-nozzles-m10-0-25mm\/","url":"https:\/\/panwinjet.com\/product\/uhp-water-blasting-cleaning-machine-nozzles-m10-0-25mm\/","name":"UHP Water blasting cleaning machine nozzles M10-0.25mm - Panwin Machinery&amp;Equipment","isPartOf":{"@id":"https:\/\/panwinjet.com\/#website"},"primaryImageOfPage":{"@id":"https:\/\/panwinjet.com\/product\/uhp-water-blasting-cleaning-machine-nozzles-m10-0-25mm\/#primaryimage"},"image":{"@id":"https:\/\/panwinjet.com\/product\/uhp-water-blasting-cleaning-machine-nozzles-m10-0-25mm\/#primaryimage"},"thumbnailUrl":"https:\/\/panwinjet.com\/wp-content\/uploads\/2025\/09\/\u5b9d\u77f3\u55b7\u5634-3-scaled.jpg","datePublished":"2025-09-19T14:37:39+00:00","breadcrumb":{"@id":"https:\/\/panwinjet.com\/product\/uhp-water-blasting-cleaning-machine-nozzles-m10-0-25mm\/#breadcrumb"},"inLanguage":"fr-FR","potentialAction":[{"@type":"ReadAction","target":["https:\/\/panwinjet.com\/product\/uhp-water-blasting-cleaning-machine-nozzles-m10-0-25mm\/"]}]},{"@type":"ImageObject","inLanguage":"fr-FR","@id":"https:\/\/panwinjet.com\/product\/uhp-water-blasting-cleaning-machine-nozzles-m10-0-25mm\/#primaryimage","url":"https:\/\/panwinjet.com\/wp-content\/uploads\/2025\/09\/\u5b9d\u77f3\u55b7\u5634-3-scaled.jpg","contentUrl":"https:\/\/panwinjet.com\/wp-content\/uploads\/2025\/09\/\u5b9d\u77f3\u55b7\u5634-3-scaled.jpg","width":2560,"height":1920},{"@type":"BreadcrumbList","@id":"https:\/\/panwinjet.com\/product\/uhp-water-blasting-cleaning-machine-nozzles-m10-0-25mm\/#breadcrumb","itemListElement":[{"@type":"ListItem","position":1,"name":"\u9996\u9875","item":"https:\/\/panwinjet.com\/"},{"@type":"ListItem","position":2,"name":"PRODUCT","item":"https:\/\/panwinjet.com\/product\/"},{"@type":"ListItem","position":3,"name":"UHP Water blasting cleaning machine nozzles M10-0.25mm"}]},{"@type":"WebSite","@id":"https:\/\/panwinjet.com\/#website","url":"https:\/\/panwinjet.com\/","name":"Panwin Machinery&amp;Equipment","description":"Shenzhen Panwin Machinery&amp;Equipment Co.Ltd","potentialAction":[{"@type":"SearchAction","target":{"@type":"EntryPoint","urlTemplate":"https:\/\/panwinjet.com\/?s={search_term_string}"},"query-input":{"@type":"PropertyValueSpecification","valueRequired":true,"valueName":"search_term_string"}}],"inLanguage":"fr-FR"}]}},"_links":{"self":[{"href":"https:\/\/panwinjet.com\/fr\/wp-json\/wp\/v2\/product\/836","targetHints":{"allow":["GET"]}}],"collection":[{"href":"https:\/\/panwinjet.com\/fr\/wp-json\/wp\/v2\/product"}],"about":[{"href":"https:\/\/panwinjet.com\/fr\/wp-json\/wp\/v2\/types\/product"}],"wp:featuredmedia":[{"embeddable":true,"href":"https:\/\/panwinjet.com\/fr\/wp-json\/wp\/v2\/media\/840"}],"wp:attachment":[{"href":"https:\/\/panwinjet.com\/fr\/wp-json\/wp\/v2\/media?parent=836"}],"wp:term":[{"taxonomy":"product_brand","embeddable":true,"href":"https:\/\/panwinjet.com\/fr\/wp-json\/wp\/v2\/product_brand?post=836"},{"taxonomy":"product_cat","embeddable":true,"href":"https:\/\/panwinjet.com\/fr\/wp-json\/wp\/v2\/product_cat?post=836"},{"taxonomy":"product_tag","embeddable":true,"href":"https:\/\/panwinjet.com\/fr\/wp-json\/wp\/v2\/product_tag?post=836"}],"curies":[{"name":"wp","href":"https:\/\/api.w.org\/{rel}","templated":true}]}}