{"id":802,"date":"2025-09-19T10:01:20","date_gmt":"2025-09-19T10:01:20","guid":{"rendered":"https:\/\/panwinjet.com\/?post_type=product&#038;p=802"},"modified":"2025-09-19T10:01:21","modified_gmt":"2025-09-19T10:01:21","slug":"2800bar-ultra-high-pressure-jet-air-actuated-jet-tornado-hand-gun-assembly-2","status":"publish","type":"product","link":"https:\/\/panwinjet.com\/fr\/produit\/2800bar-ultra-high-pressure-jet-air-actuated-jet-tornado-hand-gun-assembly-2\/","title":{"rendered":"Ensemble de pistolet \u00e0 jet d&#039;air comprim\u00e9 \u00e0 ultra-haute pression de 2800 bars"},"content":{"rendered":"<p>Ensemble de pistolet \u00e0 jet d&#039;air comprim\u00e9 \u00e0 ultra-haute pression de 2800 bars<\/p>\n<p>1. Pr\u00e9sentation du produit : Pistolet \u00e0 air comprim\u00e9 \u00e0 jet ultra-haute pression de 2800 bars (type Tornado)<br \/>\nCe pistolet \u00e0 jet d&#039;eau \u00e0 air comprim\u00e9 de 2\u00a0800\u00a0bars, fonctionnant \u00e0 tr\u00e8s haute pression, est utilis\u00e9 avec le syst\u00e8me multimode. Il s&#039;agit d&#039;un pistolet \u00e0 double d\u00e9tente, \u00e0 canon rotatif et \u00e0 air comprim\u00e9, con\u00e7u pour optimiser la s\u00e9curit\u00e9, la facilit\u00e9 d&#039;entretien et la durabilit\u00e9.<br \/>\nLes canons FXG2 Tornado sont con\u00e7us pour offrir le plus haut niveau de productivit\u00e9.<\/p>\n<p>&nbsp;<\/p>\n<p>2. Param\u00e8tres du produit (sp\u00e9cifications) de l&#039;ensemble de pistolet \u00e0 jet Tornado \u00e0 air comprim\u00e9 ultra-haute pression de 2800 bars<br \/>\nNotre pistolet \u00e0 jet d&#039;eau \u00e0 air comprim\u00e9 ultra-haute pression de 2800 bars est un pistolet \u00e0 jet d&#039;eau rotatif \u00e0 deux g\u00e2chettes, con\u00e7u pour une productivit\u00e9 et une s\u00e9curit\u00e9 optimales. Ses caract\u00e9ristiques techniques sont les suivantes\u00a0:<\/p>\n<div style=\"width: 720px;\" class=\"wp-video\"><video class=\"wp-video-shortcode\" id=\"video-802-1\" width=\"720\" height=\"1280\" preload=\"metadata\" controls=\"controls\"><source type=\"video\/mp4\" src=\"https:\/\/panwinjet.com\/wp-content\/uploads\/2025\/09\/Tornado-Air-Gun-Test.mp4?_=1\" \/><a href=\"https:\/\/panwinjet.com\/wp-content\/uploads\/2025\/09\/Tornado-Air-Gun-Test.mp4\">https:\/\/panwinjet.com\/wp-content\/uploads\/2025\/09\/Tornado-Air-Gun-Test.mp4<\/a><\/video><\/div>","protected":false},"excerpt":{"rendered":"<p>3. Caract\u00e9ristiques et applications du pistolet \u00e0 jet d&#039;air comprim\u00e9 Tornado \u00e0 ultra-haute pression de 2800 bars<br \/>\nCe pistolet \u00e0 jet d&#039;air comprim\u00e9 ultra-haute pression de 2\u00a0800\u00a0bars, de type Tornado, est con\u00e7u pour une s\u00e9curit\u00e9 maximale, une maintenance ais\u00e9e et une grande durabilit\u00e9. Ses caract\u00e9ristiques sont les suivantes\u00a0:<br \/>\n1 : Perceuse pneumatique \u00e0 couple \u00e9lev\u00e9<br \/>\n2 : Roulements de grande taille avec une dur\u00e9e de vie des joints haute pression prolong\u00e9e<br \/>\n3: Douilles de canon sans graisse<br \/>\n4 : Bague haute pression facile \u00e0 changer<\/p>\n<p>Application:<br \/>\nCe pistolet \u00e0 jet d&#039;air comprim\u00e9 ultra-haute pression de 2800 bars peut \u00eatre utilis\u00e9 pour le nettoyage g\u00e9n\u00e9ral des surfaces, le nettoyage des tubes de canalisation, le nettoyage des \u00e9changeurs de chaleur, la peinture hydrodynamique et le nettoyage de la rouille, etc.<\/p>\n<p>&nbsp;<\/p>\n<p>4. D\u00e9tails du produit : Ensemble pistolet \u00e0 jet d&#039;air comprim\u00e9 Tornado ultra-haute pression 2800 bars<br \/>\nNotre pistolet \u00e0 jet d&#039;eau \u00e0 commande pneumatique ultra-haute pression de 2800 bars est un pistolet de pulv\u00e9risation \u00e0 commande pneumatique de pointe, largement utilis\u00e9 et dont la structure d\u00e9taill\u00e9e est la suivante\u00a0:<\/p>","protected":false},"featured_media":808,"template":"","meta":[],"product_brand":[],"product_cat":[4],"product_tag":[],"class_list":{"0":"post-802","1":"product","2":"type-product","3":"status-publish","4":"has-post-thumbnail","6":"product_cat-uhp-blasting-hand-air-gun","8":"first","9":"instock","10":"shipping-taxable","11":"product-type-simple"},"yoast_head":"<!-- This site is optimized with the Yoast SEO plugin v24.9 - https:\/\/yoast.com\/wordpress\/plugins\/seo\/ -->\n<title>2800Bar Ultra-high pressure Jet Air-actuated Jet Tornado hand Gun Assembly - Panwin Machinery&amp;Equipment<\/title>\n<meta name=\"robots\" content=\"index, follow, max-snippet:-1, max-image-preview:large, max-video-preview:-1\" \/>\n<link rel=\"canonical\" href=\"https:\/\/panwinjet.com\/fr\/produit\/2800bar-ultra-high-pressure-jet-air-actuated-jet-tornado-hand-gun-assembly-2\/\" \/>\n<meta property=\"og:locale\" content=\"fr_FR\" \/>\n<meta property=\"og:type\" content=\"article\" \/>\n<meta property=\"og:title\" content=\"2800Bar Ultra-high pressure Jet Air-actuated Jet Tornado hand Gun Assembly - Panwin Machinery&amp;Equipment\" \/>\n<meta property=\"og:description\" content=\"3.Product Feature And Application of 2800Bar Ultra-high pressure Jet Air-actuated Jet Tornado hand Gun Assembly This 2800Bar Ultra-high pressure Jet Air-actuated Jet Tornado hand Gun Assembly is designed for Max security, easy serviceability and long durability, It is featured as follows: 1:High-torque air drill 2:Big bearings with longer high pressure seal life 3:No-grease barrel bushings 4:Easy to change high pressure Bushing  Application: This 2800Bar Ultra-high pressure Jet Air-actuated Jet Tornado hand Gun Assembly can be used in the general surface cleaning, pipeline tubing cleaning, the heat-exchange cleaning, Hydro Painting &amp;Rust cleaning etc.  &nbsp;  4.Product Details of 2800Bar Ultra-high pressure Jet Air-actuated Jet Tornado hand Gun Assembly For our 2800Bar Ultra-high pressure Jet Air-actuated Jet Tornado hand Gun Assembly is advanced Water-blasting air-power control gun, it is widely high-rank spraying gun tool assembly, and details structure as follows:\" \/>\n<meta property=\"og:url\" content=\"https:\/\/panwinjet.com\/fr\/produit\/2800bar-ultra-high-pressure-jet-air-actuated-jet-tornado-hand-gun-assembly-2\/\" \/>\n<meta property=\"og:site_name\" content=\"Panwin Machinery&amp;Equipment\" \/>\n<meta property=\"article:modified_time\" content=\"2025-09-19T10:01:21+00:00\" \/>\n<meta property=\"og:image\" content=\"https:\/\/panwinjet.com\/wp-content\/uploads\/2025\/09\/2800Bar-Ultra-high-pressure-Jet-Air-actuated-Jet-Tornado-hand-Gun-Assembly-AAAA.jpg\" \/>\n\t<meta property=\"og:image:width\" content=\"1280\" \/>\n\t<meta property=\"og:image:height\" content=\"1706\" \/>\n\t<meta property=\"og:image:type\" content=\"image\/jpeg\" \/>\n<meta name=\"twitter:card\" content=\"summary_large_image\" \/>\n<meta name=\"twitter:label1\" content=\"Dur\u00e9e de lecture estim\u00e9e\" \/>\n\t<meta name=\"twitter:data1\" content=\"1 minute\" \/>\n<script type=\"application\/ld+json\" class=\"yoast-schema-graph\">{\"@context\":\"https:\/\/schema.org\",\"@graph\":[{\"@type\":\"WebPage\",\"@id\":\"https:\/\/panwinjet.com\/product\/2800bar-ultra-high-pressure-jet-air-actuated-jet-tornado-hand-gun-assembly-2\/\",\"url\":\"https:\/\/panwinjet.com\/product\/2800bar-ultra-high-pressure-jet-air-actuated-jet-tornado-hand-gun-assembly-2\/\",\"name\":\"2800Bar Ultra-high pressure Jet Air-actuated Jet Tornado hand Gun Assembly - Panwin Machinery&amp;Equipment\",\"isPartOf\":{\"@id\":\"https:\/\/panwinjet.com\/#website\"},\"primaryImageOfPage\":{\"@id\":\"https:\/\/panwinjet.com\/product\/2800bar-ultra-high-pressure-jet-air-actuated-jet-tornado-hand-gun-assembly-2\/#primaryimage\"},\"image\":{\"@id\":\"https:\/\/panwinjet.com\/product\/2800bar-ultra-high-pressure-jet-air-actuated-jet-tornado-hand-gun-assembly-2\/#primaryimage\"},\"thumbnailUrl\":\"https:\/\/panwinjet.com\/wp-content\/uploads\/2025\/09\/2800Bar-Ultra-high-pressure-Jet-Air-actuated-Jet-Tornado-hand-Gun-Assembly-AAAA.jpg\",\"datePublished\":\"2025-09-19T10:01:20+00:00\",\"dateModified\":\"2025-09-19T10:01:21+00:00\",\"breadcrumb\":{\"@id\":\"https:\/\/panwinjet.com\/product\/2800bar-ultra-high-pressure-jet-air-actuated-jet-tornado-hand-gun-assembly-2\/#breadcrumb\"},\"inLanguage\":\"fr-FR\",\"potentialAction\":[{\"@type\":\"ReadAction\",\"target\":[\"https:\/\/panwinjet.com\/product\/2800bar-ultra-high-pressure-jet-air-actuated-jet-tornado-hand-gun-assembly-2\/\"]}]},{\"@type\":\"ImageObject\",\"inLanguage\":\"fr-FR\",\"@id\":\"https:\/\/panwinjet.com\/product\/2800bar-ultra-high-pressure-jet-air-actuated-jet-tornado-hand-gun-assembly-2\/#primaryimage\",\"url\":\"https:\/\/panwinjet.com\/wp-content\/uploads\/2025\/09\/2800Bar-Ultra-high-pressure-Jet-Air-actuated-Jet-Tornado-hand-Gun-Assembly-AAAA.jpg\",\"contentUrl\":\"https:\/\/panwinjet.com\/wp-content\/uploads\/2025\/09\/2800Bar-Ultra-high-pressure-Jet-Air-actuated-Jet-Tornado-hand-Gun-Assembly-AAAA.jpg\",\"width\":1280,\"height\":1706},{\"@type\":\"BreadcrumbList\",\"@id\":\"https:\/\/panwinjet.com\/product\/2800bar-ultra-high-pressure-jet-air-actuated-jet-tornado-hand-gun-assembly-2\/#breadcrumb\",\"itemListElement\":[{\"@type\":\"ListItem\",\"position\":1,\"name\":\"\u9996\u9875\",\"item\":\"https:\/\/panwinjet.com\/\"},{\"@type\":\"ListItem\",\"position\":2,\"name\":\"PRODUCT\",\"item\":\"https:\/\/panwinjet.com\/product\/\"},{\"@type\":\"ListItem\",\"position\":3,\"name\":\"2800Bar Ultra-high pressure Jet Air-actuated Jet Tornado hand Gun Assembly\"}]},{\"@type\":\"WebSite\",\"@id\":\"https:\/\/panwinjet.com\/#website\",\"url\":\"https:\/\/panwinjet.com\/\",\"name\":\"Panwin Machinery&amp;Equipment\",\"description\":\"Shenzhen Panwin Machinery&amp;Equipment Co.Ltd\",\"potentialAction\":[{\"@type\":\"SearchAction\",\"target\":{\"@type\":\"EntryPoint\",\"urlTemplate\":\"https:\/\/panwinjet.com\/?s={search_term_string}\"},\"query-input\":{\"@type\":\"PropertyValueSpecification\",\"valueRequired\":true,\"valueName\":\"search_term_string\"}}],\"inLanguage\":\"fr-FR\"}]}<\/script>\n<!-- \/ Yoast SEO plugin. -->","yoast_head_json":{"title":"2800Bar Ultra-high pressure Jet Air-actuated Jet Tornado hand Gun Assembly - Panwin Machinery&amp;Equipment","robots":{"index":"index","follow":"follow","max-snippet":"max-snippet:-1","max-image-preview":"max-image-preview:large","max-video-preview":"max-video-preview:-1"},"canonical":"https:\/\/panwinjet.com\/fr\/produit\/2800bar-ultra-high-pressure-jet-air-actuated-jet-tornado-hand-gun-assembly-2\/","og_locale":"fr_FR","og_type":"article","og_title":"2800Bar Ultra-high pressure Jet Air-actuated Jet Tornado hand Gun Assembly - Panwin Machinery&amp;Equipment","og_description":"3.Product Feature And Application of 2800Bar Ultra-high pressure Jet Air-actuated Jet Tornado hand Gun Assembly This 2800Bar Ultra-high pressure Jet Air-actuated Jet Tornado hand Gun Assembly is designed for Max security, easy serviceability and long durability, It is featured as follows: 1:High-torque air drill 2:Big bearings with longer high pressure seal life 3:No-grease barrel bushings 4:Easy to change high pressure Bushing  Application: This 2800Bar Ultra-high pressure Jet Air-actuated Jet Tornado hand Gun Assembly can be used in the general surface cleaning, pipeline tubing cleaning, the heat-exchange cleaning, Hydro Painting &amp;Rust cleaning etc.  &nbsp;  4.Product Details of 2800Bar Ultra-high pressure Jet Air-actuated Jet Tornado hand Gun Assembly For our 2800Bar Ultra-high pressure Jet Air-actuated Jet Tornado hand Gun Assembly is advanced Water-blasting air-power control gun, it is widely high-rank spraying gun tool assembly, and details structure as follows:","og_url":"https:\/\/panwinjet.com\/fr\/produit\/2800bar-ultra-high-pressure-jet-air-actuated-jet-tornado-hand-gun-assembly-2\/","og_site_name":"Panwin Machinery&amp;Equipment","article_modified_time":"2025-09-19T10:01:21+00:00","og_image":[{"width":1280,"height":1706,"url":"https:\/\/panwinjet.com\/wp-content\/uploads\/2025\/09\/2800Bar-Ultra-high-pressure-Jet-Air-actuated-Jet-Tornado-hand-Gun-Assembly-AAAA.jpg","type":"image\/jpeg"}],"twitter_card":"summary_large_image","twitter_misc":{"Dur\u00e9e de lecture estim\u00e9e":"1 minute"},"schema":{"@context":"https:\/\/schema.org","@graph":[{"@type":"WebPage","@id":"https:\/\/panwinjet.com\/product\/2800bar-ultra-high-pressure-jet-air-actuated-jet-tornado-hand-gun-assembly-2\/","url":"https:\/\/panwinjet.com\/product\/2800bar-ultra-high-pressure-jet-air-actuated-jet-tornado-hand-gun-assembly-2\/","name":"2800Bar Ultra-high pressure Jet Air-actuated Jet Tornado hand Gun Assembly - Panwin Machinery&amp;Equipment","isPartOf":{"@id":"https:\/\/panwinjet.com\/#website"},"primaryImageOfPage":{"@id":"https:\/\/panwinjet.com\/product\/2800bar-ultra-high-pressure-jet-air-actuated-jet-tornado-hand-gun-assembly-2\/#primaryimage"},"image":{"@id":"https:\/\/panwinjet.com\/product\/2800bar-ultra-high-pressure-jet-air-actuated-jet-tornado-hand-gun-assembly-2\/#primaryimage"},"thumbnailUrl":"https:\/\/panwinjet.com\/wp-content\/uploads\/2025\/09\/2800Bar-Ultra-high-pressure-Jet-Air-actuated-Jet-Tornado-hand-Gun-Assembly-AAAA.jpg","datePublished":"2025-09-19T10:01:20+00:00","dateModified":"2025-09-19T10:01:21+00:00","breadcrumb":{"@id":"https:\/\/panwinjet.com\/product\/2800bar-ultra-high-pressure-jet-air-actuated-jet-tornado-hand-gun-assembly-2\/#breadcrumb"},"inLanguage":"fr-FR","potentialAction":[{"@type":"ReadAction","target":["https:\/\/panwinjet.com\/product\/2800bar-ultra-high-pressure-jet-air-actuated-jet-tornado-hand-gun-assembly-2\/"]}]},{"@type":"ImageObject","inLanguage":"fr-FR","@id":"https:\/\/panwinjet.com\/product\/2800bar-ultra-high-pressure-jet-air-actuated-jet-tornado-hand-gun-assembly-2\/#primaryimage","url":"https:\/\/panwinjet.com\/wp-content\/uploads\/2025\/09\/2800Bar-Ultra-high-pressure-Jet-Air-actuated-Jet-Tornado-hand-Gun-Assembly-AAAA.jpg","contentUrl":"https:\/\/panwinjet.com\/wp-content\/uploads\/2025\/09\/2800Bar-Ultra-high-pressure-Jet-Air-actuated-Jet-Tornado-hand-Gun-Assembly-AAAA.jpg","width":1280,"height":1706},{"@type":"BreadcrumbList","@id":"https:\/\/panwinjet.com\/product\/2800bar-ultra-high-pressure-jet-air-actuated-jet-tornado-hand-gun-assembly-2\/#breadcrumb","itemListElement":[{"@type":"ListItem","position":1,"name":"\u9996\u9875","item":"https:\/\/panwinjet.com\/"},{"@type":"ListItem","position":2,"name":"PRODUCT","item":"https:\/\/panwinjet.com\/product\/"},{"@type":"ListItem","position":3,"name":"2800Bar Ultra-high pressure Jet Air-actuated Jet Tornado hand Gun Assembly"}]},{"@type":"WebSite","@id":"https:\/\/panwinjet.com\/#website","url":"https:\/\/panwinjet.com\/","name":"Panwin Machinery&amp;Equipment","description":"Shenzhen Panwin Machinery&amp;Equipment Co.Ltd","potentialAction":[{"@type":"SearchAction","target":{"@type":"EntryPoint","urlTemplate":"https:\/\/panwinjet.com\/?s={search_term_string}"},"query-input":{"@type":"PropertyValueSpecification","valueRequired":true,"valueName":"search_term_string"}}],"inLanguage":"fr-FR"}]}},"_links":{"self":[{"href":"https:\/\/panwinjet.com\/fr\/wp-json\/wp\/v2\/product\/802","targetHints":{"allow":["GET"]}}],"collection":[{"href":"https:\/\/panwinjet.com\/fr\/wp-json\/wp\/v2\/product"}],"about":[{"href":"https:\/\/panwinjet.com\/fr\/wp-json\/wp\/v2\/types\/product"}],"wp:featuredmedia":[{"embeddable":true,"href":"https:\/\/panwinjet.com\/fr\/wp-json\/wp\/v2\/media\/808"}],"wp:attachment":[{"href":"https:\/\/panwinjet.com\/fr\/wp-json\/wp\/v2\/media?parent=802"}],"wp:term":[{"taxonomy":"product_brand","embeddable":true,"href":"https:\/\/panwinjet.com\/fr\/wp-json\/wp\/v2\/product_brand?post=802"},{"taxonomy":"product_cat","embeddable":true,"href":"https:\/\/panwinjet.com\/fr\/wp-json\/wp\/v2\/product_cat?post=802"},{"taxonomy":"product_tag","embeddable":true,"href":"https:\/\/panwinjet.com\/fr\/wp-json\/wp\/v2\/product_tag?post=802"}],"curies":[{"name":"wp","href":"https:\/\/api.w.org\/{rel}","templated":true}]}}