{"id":785,"date":"2025-09-19T09:26:14","date_gmt":"2025-09-19T09:26:14","guid":{"rendered":"https:\/\/panwinjet.com\/?post_type=product&#038;p=785"},"modified":"2025-09-19T09:26:14","modified_gmt":"2025-09-19T09:26:14","slug":"water-blasting-automotive-industry-cleaning-machine-parts-20k-replacement-cartridge","status":"publish","type":"product","link":"https:\/\/panwinjet.com\/fr\/produit\/water-blasting-automotive-industry-cleaning-machine-parts-20k-replacement-cartridge\/","title":{"rendered":"Cartouche de remplacement 20K pour machines de nettoyage \u00e0 jet d&#039;eau dans l&#039;industrie automobile"},"content":{"rendered":"<p>Cartouche de remplacement 20K pour machines de nettoyage \u00e0 jet d&#039;eau dans l&#039;industrie automobile<br \/>\n1. Pr\u00e9sentation du produit : Cartouche de remplacement 20K pour pi\u00e8ces de machines de nettoyage \u00e0 jet d&#039;eau dans l&#039;industrie automobile<br \/>\nCette cartouche de rechange pour machine de nettoyage automobile \u00e0 jet d&#039;eau (pression de 20 kpsi) est une pi\u00e8ce essentielle pour le pistolet de commande. Gr\u00e2ce \u00e0 sa conception avanc\u00e9e, l&#039;op\u00e9rateur ou le technicien de maintenance peut effectuer l&#039;entretien en un minimum de temps.<\/p>\n<p>2. Param\u00e8tres du produit (sp\u00e9cifications)\u00a0: cartouche de remplacement 20K pour pi\u00e8ces de machines de nettoyage \u00e0 jet d&#039;eau dans l&#039;industrie automobile<br \/>\nLes cartouches de remplacement 20K pour machines de nettoyage de l&#039;industrie automobile \u00e0 jet d&#039;eau sont compatibles avec les pistolets de contr\u00f4le de style DuraSafe et avec la pi\u00e8ce Jetstream n\u00b0 51869 (59372).<\/p>","protected":false},"excerpt":{"rendered":"<p>3. Caract\u00e9ristiques et applications du produit\u00a0: cartouche de remplacement 20K pour le nettoyage des pi\u00e8ces de machines de nettoyage \u00e0 haute pression dans l&#039;industrie automobile<br \/>\nCartouche de rechange 20K pour machine de nettoyage \u00e0 jet d&#039;eau dans l&#039;industrie automobile, fabriqu\u00e9e en acier inoxydable haute densit\u00e9 et de qualit\u00e9 sup\u00e9rieure.<br \/>\nUn pistolet de contr\u00f4le de pression nominale de 20\u00a0000\u00a0psi peut utiliser cette cartouche pour reconstruire enti\u00e8rement le pistolet en une minute, et pr\u00e9sente les caract\u00e9ristiques suivantes\u00a0:<br \/>\nA: Mat\u00e9riau en acier inoxydable de haute qualit\u00e9 et haute densit\u00e9<br \/>\nB : Conception avanc\u00e9e pour un entretien facile<br \/>\nC : Temps d&#039;arr\u00eat minimal pour un gain de temps<\/p>\n<p>Application:<br \/>\nCette cartouche de rechange 20K pour machine de nettoyage \u00e0 jet d&#039;eau dans l&#039;industrie automobile est compatible avec les pistolets de contr\u00f4le DuraSafe Dump Style. Le pistolet de contr\u00f4le est indispensable pour toute application de nettoyage manuel, comme le nettoyage de tuyaux et tubes, le nettoyage de surfaces, le nettoyage de r\u00e9servoirs et cuves, le nettoyage d&#039;\u00e9changeurs de chaleur, le nettoyage de peinture automobile, le nettoyage dans l&#039;industrie mini\u00e8re, le nettoyage dans la fabrication de l&#039;acier, etc.<\/p>","protected":false},"featured_media":790,"template":"","meta":[],"product_brand":[],"product_cat":[4],"product_tag":[],"class_list":{"0":"post-785","1":"product","2":"type-product","3":"status-publish","4":"has-post-thumbnail","6":"product_cat-uhp-blasting-hand-air-gun","8":"first","9":"instock","10":"shipping-taxable","11":"product-type-simple"},"yoast_head":"<!-- This site is optimized with the Yoast SEO plugin v24.9 - https:\/\/yoast.com\/wordpress\/plugins\/seo\/ -->\n<title>Water blasting automotive industry cleaning machine parts 20K Replacement Cartridge - Panwin Machinery&amp;Equipment<\/title>\n<meta name=\"robots\" content=\"index, follow, max-snippet:-1, max-image-preview:large, max-video-preview:-1\" \/>\n<link rel=\"canonical\" href=\"https:\/\/panwinjet.com\/fr\/produit\/water-blasting-automotive-industry-cleaning-machine-parts-20k-replacement-cartridge\/\" \/>\n<meta property=\"og:locale\" content=\"fr_FR\" \/>\n<meta property=\"og:type\" content=\"article\" \/>\n<meta property=\"og:title\" content=\"Water blasting automotive industry cleaning machine parts 20K Replacement Cartridge - Panwin Machinery&amp;Equipment\" \/>\n<meta property=\"og:description\" content=\"3.Product Feature And Application of Water blasting automotive industry cleaning machine parts 20K Replacement Cartridge The Water blasting automotive industry cleaning machine parts 20K Replacement Cartridge made of the high-grade and high-density stainless Steel, and all the 20Kpsi pressure rated control gun can utilize this cartridge to completely rebuild the gun within one minute, and features mentioned as follows: A:High-grade&amp;Hi-density Stainless Steel material B:Advanced design for easy service C:Minimal downtime for time-saving purpose  Application: This Water blasting automotive industry cleaning machine parts 20K Replacement Cartridge go with the DuraSafe Dump Style Control Guns,control gun is a necessity in any hand lancing application, such as Pipe&amp;Tube cleaning,Surface Cleaning,Tank&amp;Vessel Cleaning,Heat Exchange Cleaning,Automotive Painting cleaning,Mining industry cleaning,Steel manufacture cleaning etc.\" \/>\n<meta property=\"og:url\" content=\"https:\/\/panwinjet.com\/fr\/produit\/water-blasting-automotive-industry-cleaning-machine-parts-20k-replacement-cartridge\/\" \/>\n<meta property=\"og:site_name\" content=\"Panwin Machinery&amp;Equipment\" \/>\n<meta property=\"og:image\" content=\"https:\/\/panwinjet.com\/wp-content\/uploads\/2025\/09\/IMG_20230424_164506-scaled.jpg\" \/>\n\t<meta property=\"og:image:width\" content=\"1920\" \/>\n\t<meta property=\"og:image:height\" content=\"2560\" \/>\n\t<meta property=\"og:image:type\" content=\"image\/jpeg\" \/>\n<meta name=\"twitter:card\" content=\"summary_large_image\" \/>\n<meta name=\"twitter:label1\" content=\"Dur\u00e9e de lecture estim\u00e9e\" \/>\n\t<meta name=\"twitter:data1\" content=\"1 minute\" \/>\n<script type=\"application\/ld+json\" class=\"yoast-schema-graph\">{\"@context\":\"https:\/\/schema.org\",\"@graph\":[{\"@type\":\"WebPage\",\"@id\":\"https:\/\/panwinjet.com\/product\/water-blasting-automotive-industry-cleaning-machine-parts-20k-replacement-cartridge\/\",\"url\":\"https:\/\/panwinjet.com\/product\/water-blasting-automotive-industry-cleaning-machine-parts-20k-replacement-cartridge\/\",\"name\":\"Water blasting automotive industry cleaning machine parts 20K Replacement Cartridge - Panwin Machinery&amp;Equipment\",\"isPartOf\":{\"@id\":\"https:\/\/panwinjet.com\/#website\"},\"primaryImageOfPage\":{\"@id\":\"https:\/\/panwinjet.com\/product\/water-blasting-automotive-industry-cleaning-machine-parts-20k-replacement-cartridge\/#primaryimage\"},\"image\":{\"@id\":\"https:\/\/panwinjet.com\/product\/water-blasting-automotive-industry-cleaning-machine-parts-20k-replacement-cartridge\/#primaryimage\"},\"thumbnailUrl\":\"https:\/\/panwinjet.com\/wp-content\/uploads\/2025\/09\/IMG_20230424_164506-scaled.jpg\",\"datePublished\":\"2025-09-19T09:26:14+00:00\",\"breadcrumb\":{\"@id\":\"https:\/\/panwinjet.com\/product\/water-blasting-automotive-industry-cleaning-machine-parts-20k-replacement-cartridge\/#breadcrumb\"},\"inLanguage\":\"fr-FR\",\"potentialAction\":[{\"@type\":\"ReadAction\",\"target\":[\"https:\/\/panwinjet.com\/product\/water-blasting-automotive-industry-cleaning-machine-parts-20k-replacement-cartridge\/\"]}]},{\"@type\":\"ImageObject\",\"inLanguage\":\"fr-FR\",\"@id\":\"https:\/\/panwinjet.com\/product\/water-blasting-automotive-industry-cleaning-machine-parts-20k-replacement-cartridge\/#primaryimage\",\"url\":\"https:\/\/panwinjet.com\/wp-content\/uploads\/2025\/09\/IMG_20230424_164506-scaled.jpg\",\"contentUrl\":\"https:\/\/panwinjet.com\/wp-content\/uploads\/2025\/09\/IMG_20230424_164506-scaled.jpg\",\"width\":1920,\"height\":2560},{\"@type\":\"BreadcrumbList\",\"@id\":\"https:\/\/panwinjet.com\/product\/water-blasting-automotive-industry-cleaning-machine-parts-20k-replacement-cartridge\/#breadcrumb\",\"itemListElement\":[{\"@type\":\"ListItem\",\"position\":1,\"name\":\"\u9996\u9875\",\"item\":\"https:\/\/panwinjet.com\/\"},{\"@type\":\"ListItem\",\"position\":2,\"name\":\"PRODUCT\",\"item\":\"https:\/\/panwinjet.com\/product\/\"},{\"@type\":\"ListItem\",\"position\":3,\"name\":\"Water blasting automotive industry cleaning machine parts 20K Replacement Cartridge\"}]},{\"@type\":\"WebSite\",\"@id\":\"https:\/\/panwinjet.com\/#website\",\"url\":\"https:\/\/panwinjet.com\/\",\"name\":\"Panwin Machinery&amp;Equipment\",\"description\":\"Shenzhen Panwin Machinery&amp;Equipment Co.Ltd\",\"potentialAction\":[{\"@type\":\"SearchAction\",\"target\":{\"@type\":\"EntryPoint\",\"urlTemplate\":\"https:\/\/panwinjet.com\/?s={search_term_string}\"},\"query-input\":{\"@type\":\"PropertyValueSpecification\",\"valueRequired\":true,\"valueName\":\"search_term_string\"}}],\"inLanguage\":\"fr-FR\"}]}<\/script>\n<!-- \/ Yoast SEO plugin. -->","yoast_head_json":{"title":"Water blasting automotive industry cleaning machine parts 20K Replacement Cartridge - Panwin Machinery&amp;Equipment","robots":{"index":"index","follow":"follow","max-snippet":"max-snippet:-1","max-image-preview":"max-image-preview:large","max-video-preview":"max-video-preview:-1"},"canonical":"https:\/\/panwinjet.com\/fr\/produit\/water-blasting-automotive-industry-cleaning-machine-parts-20k-replacement-cartridge\/","og_locale":"fr_FR","og_type":"article","og_title":"Water blasting automotive industry cleaning machine parts 20K Replacement Cartridge - Panwin Machinery&amp;Equipment","og_description":"3.Product Feature And Application of Water blasting automotive industry cleaning machine parts 20K Replacement Cartridge The Water blasting automotive industry cleaning machine parts 20K Replacement Cartridge made of the high-grade and high-density stainless Steel, and all the 20Kpsi pressure rated control gun can utilize this cartridge to completely rebuild the gun within one minute, and features mentioned as follows: A:High-grade&amp;Hi-density Stainless Steel material B:Advanced design for easy service C:Minimal downtime for time-saving purpose  Application: This Water blasting automotive industry cleaning machine parts 20K Replacement Cartridge go with the DuraSafe Dump Style Control Guns,control gun is a necessity in any hand lancing application, such as Pipe&amp;Tube cleaning,Surface Cleaning,Tank&amp;Vessel Cleaning,Heat Exchange Cleaning,Automotive Painting cleaning,Mining industry cleaning,Steel manufacture cleaning etc.","og_url":"https:\/\/panwinjet.com\/fr\/produit\/water-blasting-automotive-industry-cleaning-machine-parts-20k-replacement-cartridge\/","og_site_name":"Panwin Machinery&amp;Equipment","og_image":[{"width":1920,"height":2560,"url":"https:\/\/panwinjet.com\/wp-content\/uploads\/2025\/09\/IMG_20230424_164506-scaled.jpg","type":"image\/jpeg"}],"twitter_card":"summary_large_image","twitter_misc":{"Dur\u00e9e de lecture estim\u00e9e":"1 minute"},"schema":{"@context":"https:\/\/schema.org","@graph":[{"@type":"WebPage","@id":"https:\/\/panwinjet.com\/product\/water-blasting-automotive-industry-cleaning-machine-parts-20k-replacement-cartridge\/","url":"https:\/\/panwinjet.com\/product\/water-blasting-automotive-industry-cleaning-machine-parts-20k-replacement-cartridge\/","name":"Water blasting automotive industry cleaning machine parts 20K Replacement Cartridge - Panwin Machinery&amp;Equipment","isPartOf":{"@id":"https:\/\/panwinjet.com\/#website"},"primaryImageOfPage":{"@id":"https:\/\/panwinjet.com\/product\/water-blasting-automotive-industry-cleaning-machine-parts-20k-replacement-cartridge\/#primaryimage"},"image":{"@id":"https:\/\/panwinjet.com\/product\/water-blasting-automotive-industry-cleaning-machine-parts-20k-replacement-cartridge\/#primaryimage"},"thumbnailUrl":"https:\/\/panwinjet.com\/wp-content\/uploads\/2025\/09\/IMG_20230424_164506-scaled.jpg","datePublished":"2025-09-19T09:26:14+00:00","breadcrumb":{"@id":"https:\/\/panwinjet.com\/product\/water-blasting-automotive-industry-cleaning-machine-parts-20k-replacement-cartridge\/#breadcrumb"},"inLanguage":"fr-FR","potentialAction":[{"@type":"ReadAction","target":["https:\/\/panwinjet.com\/product\/water-blasting-automotive-industry-cleaning-machine-parts-20k-replacement-cartridge\/"]}]},{"@type":"ImageObject","inLanguage":"fr-FR","@id":"https:\/\/panwinjet.com\/product\/water-blasting-automotive-industry-cleaning-machine-parts-20k-replacement-cartridge\/#primaryimage","url":"https:\/\/panwinjet.com\/wp-content\/uploads\/2025\/09\/IMG_20230424_164506-scaled.jpg","contentUrl":"https:\/\/panwinjet.com\/wp-content\/uploads\/2025\/09\/IMG_20230424_164506-scaled.jpg","width":1920,"height":2560},{"@type":"BreadcrumbList","@id":"https:\/\/panwinjet.com\/product\/water-blasting-automotive-industry-cleaning-machine-parts-20k-replacement-cartridge\/#breadcrumb","itemListElement":[{"@type":"ListItem","position":1,"name":"\u9996\u9875","item":"https:\/\/panwinjet.com\/"},{"@type":"ListItem","position":2,"name":"PRODUCT","item":"https:\/\/panwinjet.com\/product\/"},{"@type":"ListItem","position":3,"name":"Water blasting automotive industry cleaning machine parts 20K Replacement Cartridge"}]},{"@type":"WebSite","@id":"https:\/\/panwinjet.com\/#website","url":"https:\/\/panwinjet.com\/","name":"Panwin Machinery&amp;Equipment","description":"Shenzhen Panwin Machinery&amp;Equipment Co.Ltd","potentialAction":[{"@type":"SearchAction","target":{"@type":"EntryPoint","urlTemplate":"https:\/\/panwinjet.com\/?s={search_term_string}"},"query-input":{"@type":"PropertyValueSpecification","valueRequired":true,"valueName":"search_term_string"}}],"inLanguage":"fr-FR"}]}},"_links":{"self":[{"href":"https:\/\/panwinjet.com\/fr\/wp-json\/wp\/v2\/product\/785","targetHints":{"allow":["GET"]}}],"collection":[{"href":"https:\/\/panwinjet.com\/fr\/wp-json\/wp\/v2\/product"}],"about":[{"href":"https:\/\/panwinjet.com\/fr\/wp-json\/wp\/v2\/types\/product"}],"wp:featuredmedia":[{"embeddable":true,"href":"https:\/\/panwinjet.com\/fr\/wp-json\/wp\/v2\/media\/790"}],"wp:attachment":[{"href":"https:\/\/panwinjet.com\/fr\/wp-json\/wp\/v2\/media?parent=785"}],"wp:term":[{"taxonomy":"product_brand","embeddable":true,"href":"https:\/\/panwinjet.com\/fr\/wp-json\/wp\/v2\/product_brand?post=785"},{"taxonomy":"product_cat","embeddable":true,"href":"https:\/\/panwinjet.com\/fr\/wp-json\/wp\/v2\/product_cat?post=785"},{"taxonomy":"product_tag","embeddable":true,"href":"https:\/\/panwinjet.com\/fr\/wp-json\/wp\/v2\/product_tag?post=785"}],"curies":[{"name":"wp","href":"https:\/\/api.w.org\/{rel}","templated":true}]}}