{"id":772,"date":"2025-09-19T09:19:33","date_gmt":"2025-09-19T09:19:33","guid":{"rendered":"https:\/\/panwinjet.com\/?post_type=product&#038;p=772"},"modified":"2025-09-19T09:19:34","modified_gmt":"2025-09-19T09:19:34","slug":"excellent-quality-uhp-heat-exchanger-tube-waterblasting-industry-cleaning-banshee-nozzle-dn18","status":"publish","type":"product","link":"https:\/\/panwinjet.com\/fr\/produit\/excellent-quality-uhp-heat-exchanger-tube-waterblasting-industry-cleaning-banshee-nozzle-dn18\/","title":{"rendered":"Buse Banshee DN18 pour le nettoyage industriel des tubes d&#039;\u00e9changeur de chaleur UHP par jet d&#039;eau haute pression."},"content":{"rendered":"<p>1. Offre sp\u00e9ciale en gros : buse Banshee DN18 pour le nettoyage par jet d&#039;eau ultra-haute performance des canalisations de petite taille.<\/p>\n<div style=\"width: 1220px;\" class=\"wp-video\"><video class=\"wp-video-shortcode\" id=\"video-772-1\" width=\"1220\" height=\"686\" preload=\"metadata\" controls=\"controls\"><source type=\"video\/mp4\" src=\"https:\/\/panwinjet.com\/wp-content\/uploads\/2025\/09\/DN18-Video.mp4?_=1\" \/><a href=\"https:\/\/panwinjet.com\/wp-content\/uploads\/2025\/09\/DN18-Video.mp4\">https:\/\/panwinjet.com\/wp-content\/uploads\/2025\/09\/DN18-Video.mp4<\/a><\/video><\/div>\n<p>2. Pr\u00e9sentation du produit\u00a0: Buse Banshee de nettoyage par jet d&#039;eau ultra-haute performance pour pipelines de petite taille<br \/>\nLes buses Banshee sont largement utilis\u00e9es pour le nettoyage des \u00e9changeurs de chaleur, des canalisations de petit diam\u00e8tre et des barri\u00e8res d&#039;\u00e9tanch\u00e9it\u00e9. Elles offrent une grande efficacit\u00e9 et une utilisation simple pour le nettoyage des tubes de petit diam\u00e8tre. Panwin vous propose des buses Banshee de diff\u00e9rentes tailles.<\/p>\n<p>&nbsp;<\/p>\n<p>3.2. Param\u00e8tres du produit (sp\u00e9cifications) de la buse Banshee de nettoyage par jet d&#039;eau ultra-haute pression pour pipelines de petite taille<br \/>\nLes jets d&#039;eau propulsant les buses Banshee sont sp\u00e9cialement con\u00e7us pour l&#039;\u00e9change thermique, petit<br \/>\nNous proposons des barri\u00e8res pour canalisations de diff\u00e9rents diam\u00e8tres, avec une plage de pression de 550 \u00e0 2\u00a0800\u00a0bar et un d\u00e9bit maximal de 190\u00a0l\/min. Gr\u00e2ce \u00e0 ses diverses connexions d&#039;entr\u00e9e, ce produit s&#039;adapte \u00e0 diff\u00e9rents outils et applications de nettoyage de canalisations. Sp\u00e9cifications d\u00e9taill\u00e9es ci-dessous\u00a0:<\/p>","protected":false},"excerpt":{"rendered":"<p>4.3. Caract\u00e9ristiques et applications de la buse Banshee pour le nettoyage par hydrojet ultra-haute performance des canalisations de petite taille.<br \/>\nNotre buse de nettoyage par jet d&#039;eau haute pression Banshee 22K-40KPSI pour petits pipelines est utilis\u00e9e pour les petits tuyaux et tubes. Gr\u00e2ce \u00e0 ses caract\u00e9ristiques avantageuses, c&#039;est la buse de nettoyage de tuyaux la plus efficace\u00a0:<br \/>\nAvantages et caract\u00e9ristiques\u00a0:<br \/>\nA: Gamme compl\u00e8te de pressions et de d\u00e9bits disponible<br \/>\nB : La vitesse de rotation peut atteindre jusqu&#039;\u00e0 7 000 tr\/min<br \/>\nC : Facile d&#039;entretien, il peut \u00eatre r\u00e9par\u00e9 sur le lieu de travail.<br \/>\nD : Fabriqu\u00e9 en acier inoxydable de haute qualit\u00e9 pour prolonger sa dur\u00e9e de vie<\/p>\n<p>E : L&#039;ext\u00e9rieur de la buse est recouvert d&#039;une couche de mat\u00e9riau sp\u00e9cial pour prolonger sa dur\u00e9e de vie et pr\u00e9sente de multiples motifs poreux pour r\u00e9pondre \u00e0 diff\u00e9rentes exigences de fonctionnement.<\/p>\n<p>Application:<br \/>\nIndustrie de la construction par hydrod\u00e9capage \u00e0 haute pression<br \/>\nIndustrie du fer, de l&#039;acier et des m\u00e9taux : sablage hydrodynamique<br \/>\nIng\u00e9nierie m\u00e9canique et des appareils pour nettoyeurs haute pression<br \/>\nIndustrie du ciment et du b\u00e9ton<br \/>\nNettoyage de surface haute pression Barracuda<br \/>\npi\u00e8ces d&#039;\u00e9quipement de nettoyage \u00e0 jet d&#039;eau ultra-haute pression<br \/>\nBarres de pulv\u00e9risation pour le nettoyage industriel<br \/>\nMachine de nettoyage \u00e0 haute pression pour l&#039;industrie du raffinage du p\u00e9trole<br \/>\nNettoyage de surfaces par hydrojet, nettoyage de r\u00e9servoirs et de cuves,<br \/>\nNettoyage de l&#039;\u00e9changeur de chaleur,<br \/>\nNettoyage de v\u00e9hicules (peinture), nettoyage pour l&#039;industrie mini\u00e8re, nettoyage pour la fabrication d&#039;acier, etc.<br \/>\n\u00c9quipement de nettoyage des \u00e9gouts \u00e0 haute pression pour les r\u00e9seaux de canalisations municipales d&#039;adduction d&#039;eau et de drainage\u00a0;<\/p>","protected":false},"featured_media":775,"template":"","meta":[],"product_brand":[],"product_cat":[9,10],"product_tag":[],"class_list":{"0":"post-772","1":"product","2":"type-product","3":"status-publish","4":"has-post-thumbnail","6":"product_cat-heat-exchanger-cleaning-device","7":"product_cat-pipeline-tube-uhp-water-blasting-cleaning-device","9":"first","10":"instock","11":"shipping-taxable","12":"product-type-simple"},"yoast_head":"<!-- This site is optimized with the Yoast SEO plugin v24.9 - https:\/\/yoast.com\/wordpress\/plugins\/seo\/ -->\n<title>Excellent Quality UHP Heat Exchanger Tube Waterblasting Industry cleaning Banshee Nozzle-DN18 - Panwin Machinery&amp;Equipment<\/title>\n<meta name=\"robots\" content=\"index, follow, max-snippet:-1, max-image-preview:large, max-video-preview:-1\" \/>\n<link rel=\"canonical\" href=\"https:\/\/panwinjet.com\/fr\/produit\/excellent-quality-uhp-heat-exchanger-tube-waterblasting-industry-cleaning-banshee-nozzle-dn18\/\" \/>\n<meta property=\"og:locale\" content=\"fr_FR\" \/>\n<meta property=\"og:type\" content=\"article\" \/>\n<meta property=\"og:title\" content=\"Excellent Quality UHP Heat Exchanger Tube Waterblasting Industry cleaning Banshee Nozzle-DN18 - Panwin Machinery&amp;Equipment\" \/>\n<meta property=\"og:description\" content=\"4.3.Product Feature And Application of Ultra-high small Pipeline hydro Jet blasting cleaning Banshee Nozzle Our 22K-40KPSI small Pipeline hydro Jet blasting cleaning Banshee Nozzle is used for small pipe and tube, it is highest-efficiency pipe clean nozzles due to advantage features: Advantages and features: A:Full range of pressure and flow ranges available B:The Rotating speed can reach up to 7,000rpm C: Easy-service, it Can be repaired on the job site D:Made of high-grade stainless steel to extend service life  E:The outside of the nozzle is coated with a special material layer to extend its service life, and has multiple porous patterns to meet different operating requirements.  Application: UHP Water Blasting Construction Industry Hydro Jet blaster Iron, Steel And Metal Industry high pressure waterblaster Mechanical and Apparatus Engineering Cements and Concrete Industry high pressure barracuda Surface cleaning UHP hydro Jet cleaning equipment parts Industrial Cleaning Spray Bars hydro blasting machine for petroleum refining industry Hydro Jet Surface Cleaning,Tank&amp;Vessel Cleaning, Heat Exchange Cleaning, Automotive Painting cleaning Mining industry cleaning Steel manufacture cleaning etc. High pressure sewer cleaning equipment for municipal pipe networks water supply and drainage pipelines;\" \/>\n<meta property=\"og:url\" content=\"https:\/\/panwinjet.com\/fr\/produit\/excellent-quality-uhp-heat-exchanger-tube-waterblasting-industry-cleaning-banshee-nozzle-dn18\/\" \/>\n<meta property=\"og:site_name\" content=\"Panwin Machinery&amp;Equipment\" \/>\n<meta property=\"article:modified_time\" content=\"2025-09-19T09:19:34+00:00\" \/>\n<meta property=\"og:image\" content=\"https:\/\/panwinjet.com\/wp-content\/uploads\/2025\/09\/DN18.jpg\" \/>\n\t<meta property=\"og:image:width\" content=\"1492\" \/>\n\t<meta property=\"og:image:height\" content=\"1120\" \/>\n\t<meta property=\"og:image:type\" content=\"image\/jpeg\" \/>\n<meta name=\"twitter:card\" content=\"summary_large_image\" \/>\n<meta name=\"twitter:label1\" content=\"Dur\u00e9e de lecture estim\u00e9e\" \/>\n\t<meta name=\"twitter:data1\" content=\"1 minute\" \/>\n<script type=\"application\/ld+json\" class=\"yoast-schema-graph\">{\"@context\":\"https:\/\/schema.org\",\"@graph\":[{\"@type\":\"WebPage\",\"@id\":\"https:\/\/panwinjet.com\/product\/excellent-quality-uhp-heat-exchanger-tube-waterblasting-industry-cleaning-banshee-nozzle-dn18\/\",\"url\":\"https:\/\/panwinjet.com\/product\/excellent-quality-uhp-heat-exchanger-tube-waterblasting-industry-cleaning-banshee-nozzle-dn18\/\",\"name\":\"Excellent Quality UHP Heat Exchanger Tube Waterblasting Industry cleaning Banshee Nozzle-DN18 - Panwin Machinery&amp;Equipment\",\"isPartOf\":{\"@id\":\"https:\/\/panwinjet.com\/#website\"},\"primaryImageOfPage\":{\"@id\":\"https:\/\/panwinjet.com\/product\/excellent-quality-uhp-heat-exchanger-tube-waterblasting-industry-cleaning-banshee-nozzle-dn18\/#primaryimage\"},\"image\":{\"@id\":\"https:\/\/panwinjet.com\/product\/excellent-quality-uhp-heat-exchanger-tube-waterblasting-industry-cleaning-banshee-nozzle-dn18\/#primaryimage\"},\"thumbnailUrl\":\"https:\/\/panwinjet.com\/wp-content\/uploads\/2025\/09\/DN18.jpg\",\"datePublished\":\"2025-09-19T09:19:33+00:00\",\"dateModified\":\"2025-09-19T09:19:34+00:00\",\"breadcrumb\":{\"@id\":\"https:\/\/panwinjet.com\/product\/excellent-quality-uhp-heat-exchanger-tube-waterblasting-industry-cleaning-banshee-nozzle-dn18\/#breadcrumb\"},\"inLanguage\":\"fr-FR\",\"potentialAction\":[{\"@type\":\"ReadAction\",\"target\":[\"https:\/\/panwinjet.com\/product\/excellent-quality-uhp-heat-exchanger-tube-waterblasting-industry-cleaning-banshee-nozzle-dn18\/\"]}]},{\"@type\":\"ImageObject\",\"inLanguage\":\"fr-FR\",\"@id\":\"https:\/\/panwinjet.com\/product\/excellent-quality-uhp-heat-exchanger-tube-waterblasting-industry-cleaning-banshee-nozzle-dn18\/#primaryimage\",\"url\":\"https:\/\/panwinjet.com\/wp-content\/uploads\/2025\/09\/DN18.jpg\",\"contentUrl\":\"https:\/\/panwinjet.com\/wp-content\/uploads\/2025\/09\/DN18.jpg\",\"width\":1492,\"height\":1120},{\"@type\":\"BreadcrumbList\",\"@id\":\"https:\/\/panwinjet.com\/product\/excellent-quality-uhp-heat-exchanger-tube-waterblasting-industry-cleaning-banshee-nozzle-dn18\/#breadcrumb\",\"itemListElement\":[{\"@type\":\"ListItem\",\"position\":1,\"name\":\"\u9996\u9875\",\"item\":\"https:\/\/panwinjet.com\/\"},{\"@type\":\"ListItem\",\"position\":2,\"name\":\"PRODUCT\",\"item\":\"https:\/\/panwinjet.com\/product\/\"},{\"@type\":\"ListItem\",\"position\":3,\"name\":\"Excellent Quality UHP Heat Exchanger Tube Waterblasting Industry cleaning Banshee Nozzle-DN18\"}]},{\"@type\":\"WebSite\",\"@id\":\"https:\/\/panwinjet.com\/#website\",\"url\":\"https:\/\/panwinjet.com\/\",\"name\":\"Panwin Machinery&amp;Equipment\",\"description\":\"Shenzhen Panwin Machinery&amp;Equipment Co.Ltd\",\"potentialAction\":[{\"@type\":\"SearchAction\",\"target\":{\"@type\":\"EntryPoint\",\"urlTemplate\":\"https:\/\/panwinjet.com\/?s={search_term_string}\"},\"query-input\":{\"@type\":\"PropertyValueSpecification\",\"valueRequired\":true,\"valueName\":\"search_term_string\"}}],\"inLanguage\":\"fr-FR\"}]}<\/script>\n<!-- \/ Yoast SEO plugin. -->","yoast_head_json":{"title":"Excellent Quality UHP Heat Exchanger Tube Waterblasting Industry cleaning Banshee Nozzle-DN18 - Panwin Machinery&amp;Equipment","robots":{"index":"index","follow":"follow","max-snippet":"max-snippet:-1","max-image-preview":"max-image-preview:large","max-video-preview":"max-video-preview:-1"},"canonical":"https:\/\/panwinjet.com\/fr\/produit\/excellent-quality-uhp-heat-exchanger-tube-waterblasting-industry-cleaning-banshee-nozzle-dn18\/","og_locale":"fr_FR","og_type":"article","og_title":"Excellent Quality UHP Heat Exchanger Tube Waterblasting Industry cleaning Banshee Nozzle-DN18 - Panwin Machinery&amp;Equipment","og_description":"4.3.Product Feature And Application of Ultra-high small Pipeline hydro Jet blasting cleaning Banshee Nozzle Our 22K-40KPSI small Pipeline hydro Jet blasting cleaning Banshee Nozzle is used for small pipe and tube, it is highest-efficiency pipe clean nozzles due to advantage features: Advantages and features: A:Full range of pressure and flow ranges available B:The Rotating speed can reach up to 7,000rpm C: Easy-service, it Can be repaired on the job site D:Made of high-grade stainless steel to extend service life  E:The outside of the nozzle is coated with a special material layer to extend its service life, and has multiple porous patterns to meet different operating requirements.  Application: UHP Water Blasting Construction Industry Hydro Jet blaster Iron, Steel And Metal Industry high pressure waterblaster Mechanical and Apparatus Engineering Cements and Concrete Industry high pressure barracuda Surface cleaning UHP hydro Jet cleaning equipment parts Industrial Cleaning Spray Bars hydro blasting machine for petroleum refining industry Hydro Jet Surface Cleaning,Tank&amp;Vessel Cleaning, Heat Exchange Cleaning, Automotive Painting cleaning Mining industry cleaning Steel manufacture cleaning etc. High pressure sewer cleaning equipment for municipal pipe networks water supply and drainage pipelines;","og_url":"https:\/\/panwinjet.com\/fr\/produit\/excellent-quality-uhp-heat-exchanger-tube-waterblasting-industry-cleaning-banshee-nozzle-dn18\/","og_site_name":"Panwin Machinery&amp;Equipment","article_modified_time":"2025-09-19T09:19:34+00:00","og_image":[{"width":1492,"height":1120,"url":"https:\/\/panwinjet.com\/wp-content\/uploads\/2025\/09\/DN18.jpg","type":"image\/jpeg"}],"twitter_card":"summary_large_image","twitter_misc":{"Dur\u00e9e de lecture estim\u00e9e":"1 minute"},"schema":{"@context":"https:\/\/schema.org","@graph":[{"@type":"WebPage","@id":"https:\/\/panwinjet.com\/product\/excellent-quality-uhp-heat-exchanger-tube-waterblasting-industry-cleaning-banshee-nozzle-dn18\/","url":"https:\/\/panwinjet.com\/product\/excellent-quality-uhp-heat-exchanger-tube-waterblasting-industry-cleaning-banshee-nozzle-dn18\/","name":"Excellent Quality UHP Heat Exchanger Tube Waterblasting Industry cleaning Banshee Nozzle-DN18 - Panwin Machinery&amp;Equipment","isPartOf":{"@id":"https:\/\/panwinjet.com\/#website"},"primaryImageOfPage":{"@id":"https:\/\/panwinjet.com\/product\/excellent-quality-uhp-heat-exchanger-tube-waterblasting-industry-cleaning-banshee-nozzle-dn18\/#primaryimage"},"image":{"@id":"https:\/\/panwinjet.com\/product\/excellent-quality-uhp-heat-exchanger-tube-waterblasting-industry-cleaning-banshee-nozzle-dn18\/#primaryimage"},"thumbnailUrl":"https:\/\/panwinjet.com\/wp-content\/uploads\/2025\/09\/DN18.jpg","datePublished":"2025-09-19T09:19:33+00:00","dateModified":"2025-09-19T09:19:34+00:00","breadcrumb":{"@id":"https:\/\/panwinjet.com\/product\/excellent-quality-uhp-heat-exchanger-tube-waterblasting-industry-cleaning-banshee-nozzle-dn18\/#breadcrumb"},"inLanguage":"fr-FR","potentialAction":[{"@type":"ReadAction","target":["https:\/\/panwinjet.com\/product\/excellent-quality-uhp-heat-exchanger-tube-waterblasting-industry-cleaning-banshee-nozzle-dn18\/"]}]},{"@type":"ImageObject","inLanguage":"fr-FR","@id":"https:\/\/panwinjet.com\/product\/excellent-quality-uhp-heat-exchanger-tube-waterblasting-industry-cleaning-banshee-nozzle-dn18\/#primaryimage","url":"https:\/\/panwinjet.com\/wp-content\/uploads\/2025\/09\/DN18.jpg","contentUrl":"https:\/\/panwinjet.com\/wp-content\/uploads\/2025\/09\/DN18.jpg","width":1492,"height":1120},{"@type":"BreadcrumbList","@id":"https:\/\/panwinjet.com\/product\/excellent-quality-uhp-heat-exchanger-tube-waterblasting-industry-cleaning-banshee-nozzle-dn18\/#breadcrumb","itemListElement":[{"@type":"ListItem","position":1,"name":"\u9996\u9875","item":"https:\/\/panwinjet.com\/"},{"@type":"ListItem","position":2,"name":"PRODUCT","item":"https:\/\/panwinjet.com\/product\/"},{"@type":"ListItem","position":3,"name":"Excellent Quality UHP Heat Exchanger Tube Waterblasting Industry cleaning Banshee Nozzle-DN18"}]},{"@type":"WebSite","@id":"https:\/\/panwinjet.com\/#website","url":"https:\/\/panwinjet.com\/","name":"Panwin Machinery&amp;Equipment","description":"Shenzhen Panwin Machinery&amp;Equipment Co.Ltd","potentialAction":[{"@type":"SearchAction","target":{"@type":"EntryPoint","urlTemplate":"https:\/\/panwinjet.com\/?s={search_term_string}"},"query-input":{"@type":"PropertyValueSpecification","valueRequired":true,"valueName":"search_term_string"}}],"inLanguage":"fr-FR"}]}},"_links":{"self":[{"href":"https:\/\/panwinjet.com\/fr\/wp-json\/wp\/v2\/product\/772","targetHints":{"allow":["GET"]}}],"collection":[{"href":"https:\/\/panwinjet.com\/fr\/wp-json\/wp\/v2\/product"}],"about":[{"href":"https:\/\/panwinjet.com\/fr\/wp-json\/wp\/v2\/types\/product"}],"wp:featuredmedia":[{"embeddable":true,"href":"https:\/\/panwinjet.com\/fr\/wp-json\/wp\/v2\/media\/775"}],"wp:attachment":[{"href":"https:\/\/panwinjet.com\/fr\/wp-json\/wp\/v2\/media?parent=772"}],"wp:term":[{"taxonomy":"product_brand","embeddable":true,"href":"https:\/\/panwinjet.com\/fr\/wp-json\/wp\/v2\/product_brand?post=772"},{"taxonomy":"product_cat","embeddable":true,"href":"https:\/\/panwinjet.com\/fr\/wp-json\/wp\/v2\/product_cat?post=772"},{"taxonomy":"product_tag","embeddable":true,"href":"https:\/\/panwinjet.com\/fr\/wp-json\/wp\/v2\/product_tag?post=772"}],"curies":[{"name":"wp","href":"https:\/\/api.w.org\/{rel}","templated":true}]}}