{"id":714,"date":"2025-09-19T08:29:14","date_gmt":"2025-09-19T08:29:14","guid":{"rendered":"https:\/\/panwinjet.com\/?post_type=product&#038;p=714"},"modified":"2025-09-19T08:29:14","modified_gmt":"2025-09-19T08:29:14","slug":"22000psi-hydro-water-blasting-big-tube-cleaning-machine-bjv-nozzles","status":"publish","type":"product","link":"https:\/\/panwinjet.com\/fr\/produit\/22000psi-hydro-water-blasting-big-tube-cleaning-machine-bjv-nozzles\/","title":{"rendered":"Machine de nettoyage de gros tubes par jet d&#039;eau haute pression de 22\u00a0000\u00a0psi avec buses BJV"},"content":{"rendered":"<p>Machine de nettoyage de gros tubes par jet d&#039;eau haute pression de 22\u00a0000\u00a0psi avec buses BJV<br \/>\n1. Pr\u00e9sentation du produit : Machine de nettoyage de gros tubes par hydrod\u00e9capage de 22\u00a0000 psi avec buses BJV<br \/>\nLa machine de nettoyage de gros tubes par jet d&#039;eau hydrostatique de 22 000 psi avec buses BJV est un outil pivotant auto-aliment\u00e9 \u00e0 rotation \u00e0 360\u00b0 con\u00e7u pour le nettoyage de tuyaux de diam\u00e8tre moyen \u00e0 grand.<br \/>\nDans le nettoyage des tuyaux de grand diam\u00e8tre, avec le centralisateur \u00e0 cage appropri\u00e9, le style \u00e0 bille, le style \u00e0 roue, etc., les avantages de nettoyage des buses BJV sont distinctifs et in\u00e9gal\u00e9s\u00a0: une capacit\u00e9 de nettoyage puissante, une efficacit\u00e9 maximale et une s\u00e9curit\u00e9 optimale.<br \/>\nChez Panwin, nous fournissons \u00e0 nos clients diff\u00e9rentes buses BJV pour divers sc\u00e9narios d&#039;application.<\/p>\n<p>&nbsp;<\/p>\n<p>2. Param\u00e8tres du produit (sp\u00e9cifications) de la machine de nettoyage de gros tubes par hydrod\u00e9capage de 22\u00a0000\u00a0psi avec buses BJV<\/p>\n<div style=\"width: 612px;\" class=\"wp-video\"><video class=\"wp-video-shortcode\" id=\"video-714-1\" width=\"612\" height=\"1088\" preload=\"metadata\" controls=\"controls\"><source type=\"video\/mp4\" src=\"https:\/\/panwinjet.com\/wp-content\/uploads\/2025\/09\/Rotor-Drain-Tube-Cleaing.mp4?_=1\" \/><a href=\"https:\/\/panwinjet.com\/wp-content\/uploads\/2025\/09\/Rotor-Drain-Tube-Cleaing.mp4\">https:\/\/panwinjet.com\/wp-content\/uploads\/2025\/09\/Rotor-Drain-Tube-Cleaing.mp4<\/a><\/video><\/div>\n<p>La machine de nettoyage de gros tubes par jet d&#039;eau hydrostatique 40 000 psi avec buses BJV est fabriqu\u00e9e en acier inoxydable haute densit\u00e9, et ce mat\u00e9riau de haute qualit\u00e9 permet d&#039;obtenir de meilleures performances dans les sc\u00e9narios de nettoyage les plus difficiles, avec une pression allant jusqu&#039;\u00e0 22 kpsi et un d\u00e9bit de 189 lpm, avec une plage de vitesse contr\u00f4lable de 50 \u00e0 1 000 tr\/min. C&#039;est l&#039;outil id\u00e9al pour le nettoyage de tubes de grand diam\u00e8tre.<br \/>\nParam\u00e8tre comme suit\u00a0:<\/p>","protected":false},"excerpt":{"rendered":"<p>3. Caract\u00e9ristiques et applications de la machine de nettoyage de gros tubes par hydrod\u00e9capage de 22\u00a0000\u00a0psi avec buses BJV<br \/>\nLa machine de nettoyage de tubes de grand diam\u00e8tre par jet d&#039;eau haute pression de 22\u00a0000\u00a0psi, \u00e9quip\u00e9e de buses BJV, est devenue un outil de nettoyage de pointe pour de nombreuses raisons. Elle pr\u00e9sente en effet de nombreux avantages et fonctionnalit\u00e9s qui facilitent grandement le nettoyage des tubes de grand diam\u00e8tre.<br \/>\n1 : Vitesse de rotation contr\u00f4lable.<br \/>\nLa vitesse de rotation de la t\u00eate de buse est contr\u00f4l\u00e9e par le syst\u00e8me de freinage magn\u00e9tique du pivot.<br \/>\n2 : D\u00e9bit \u00e9lev\u00e9, puissant effet nettoyant.<br \/>\nT\u00eate et pivot en acier inoxydable avec des d\u00e9bits jusqu&#039;\u00e0 50 gpm (189 l\/min). Le d\u00e9bit est calcul\u00e9 en multipliant le nombre de buses utilis\u00e9es par le d\u00e9bit.<br \/>\n3 : Embouts multiples disponibles pour diff\u00e9rents sc\u00e9narios de nettoyage<br \/>\nUtilisez deux, quatre, six ou sept buses en carbure de tungst\u00e8ne de la s\u00e9rie RM, en saphir de la s\u00e9rie RMS ou en diamant synth\u00e9tique de la s\u00e9rie RMD.<br \/>\n4 : Dur\u00e9e de vie typique du joint et de l&#039;huile sup\u00e9rieure \u00e0 100 heures.<br \/>\n5 : Pas besoin de silicone.<br \/>\n6 : Faibles co\u00fbts de service.<br \/>\nFaibles co\u00fbts de remplacement du joint et changement rapide, gr\u00e2ce \u00e0 l&#039;arbre et \u00e0 la cartouche du joint d&#039;une seule pi\u00e8ce.<br \/>\n7: R\u00e9glage de la vitesse sans changement d&#039;huile ni d\u00e9versement.<\/p>\n<p>Application:<br \/>\nCette machine de nettoyage de tubes \u00e0 jet d&#039;eau haute pression de 22 000 psi, \u00e9quip\u00e9e de buses BJV, peut \u00eatre utilis\u00e9e dans divers proc\u00e9d\u00e9s de nettoyage, mais elle est principalement con\u00e7ue pour le nettoyage de tubes de grand diam\u00e8tre et, gr\u00e2ce \u00e0 son syst\u00e8me de centralisation adapt\u00e9 (cage, type bille, type roue, etc.), elle constitue l&#039;un des meilleurs outils de nettoyage \u00e0 jet d&#039;eau haute pression pour les pipelines et tubes de grande taille.<\/p>","protected":false},"featured_media":718,"template":"","meta":[],"product_brand":[],"product_cat":[5],"product_tag":[],"class_list":{"0":"post-714","1":"product","2":"type-product","3":"status-publish","4":"has-post-thumbnail","6":"product_cat-uhp-rotating-nozzles","8":"first","9":"instock","10":"shipping-taxable","11":"product-type-simple"},"yoast_head":"<!-- This site is optimized with the Yoast SEO plugin v24.9 - https:\/\/yoast.com\/wordpress\/plugins\/seo\/ -->\n<title>22000psi Hydro Water blasting big tube cleaning machine BJV Nozzles - Panwin Machinery&amp;Equipment<\/title>\n<meta name=\"robots\" content=\"index, follow, max-snippet:-1, max-image-preview:large, max-video-preview:-1\" \/>\n<link rel=\"canonical\" href=\"https:\/\/panwinjet.com\/fr\/produit\/22000psi-hydro-water-blasting-big-tube-cleaning-machine-bjv-nozzles\/\" \/>\n<meta property=\"og:locale\" content=\"fr_FR\" \/>\n<meta property=\"og:type\" content=\"article\" \/>\n<meta property=\"og:title\" content=\"22000psi Hydro Water blasting big tube cleaning machine BJV Nozzles - Panwin Machinery&amp;Equipment\" \/>\n<meta property=\"og:description\" content=\"3.Product Feature And Application of 22Kpsi Hydro Water blasting big tube cleaning machine BJV Nozzles The 22Kpsi Hydro Water blasting big tube cleaning machine BJV Nozzles become the advanced big diameter pipe clean tool has a reasons. Because it has many advantages and features great help for big diameter tube cleaning. 1:Rotation Speed controllable. Rotational speed of the nozzle head is controlled by the magnetic braking system the swivel. 2:Big flow rate, powerful cleaning spray effect. Stainless steel swivel and head with flows up to 50gpm(189.lpm). Flow rate calculated by multiplying number of nozzles used by the flow rate. 3:Multi-insert Various nozzles available for different cleaning Scenario Use two, four, six or seven tungsten carbide RM series, sapphire RMS series, or synthetic diamond RMD series nozzles. 4: Typical Seal and Oil life-time over 100hrs. 5:No Silicone Needed. 6:Low Service cost. Low seal replacement cost and quick change, with the seal shaft and cartridge all in one piece. 7:Speed adjustment without oil change or spillage.  Application: This 22Kpsi Hydro Water blasting big tube cleaning machine BJV Nozzles can be applied to the various kinds cleaning process, but it is mostly designed for the big diameter tube cleaning, and equipped with the Proper Cage centralizer,Ball Style, Wheel Style etc, it is almost the best hydro jet cleaning tool for big size pipeline and tube.\" \/>\n<meta property=\"og:url\" content=\"https:\/\/panwinjet.com\/fr\/produit\/22000psi-hydro-water-blasting-big-tube-cleaning-machine-bjv-nozzles\/\" \/>\n<meta property=\"og:site_name\" content=\"Panwin Machinery&amp;Equipment\" \/>\n<meta property=\"og:image\" content=\"https:\/\/panwinjet.com\/wp-content\/uploads\/2025\/09\/BJV-Nozzles2.png\" \/>\n\t<meta property=\"og:image:width\" content=\"206\" \/>\n\t<meta property=\"og:image:height\" content=\"247\" \/>\n\t<meta property=\"og:image:type\" content=\"image\/png\" \/>\n<meta name=\"twitter:card\" content=\"summary_large_image\" \/>\n<meta name=\"twitter:label1\" content=\"Dur\u00e9e de lecture estim\u00e9e\" \/>\n\t<meta name=\"twitter:data1\" content=\"1 minute\" \/>\n<script type=\"application\/ld+json\" class=\"yoast-schema-graph\">{\"@context\":\"https:\/\/schema.org\",\"@graph\":[{\"@type\":\"WebPage\",\"@id\":\"https:\/\/panwinjet.com\/product\/22000psi-hydro-water-blasting-big-tube-cleaning-machine-bjv-nozzles\/\",\"url\":\"https:\/\/panwinjet.com\/product\/22000psi-hydro-water-blasting-big-tube-cleaning-machine-bjv-nozzles\/\",\"name\":\"22000psi Hydro Water blasting big tube cleaning machine BJV Nozzles - Panwin Machinery&amp;Equipment\",\"isPartOf\":{\"@id\":\"https:\/\/panwinjet.com\/#website\"},\"primaryImageOfPage\":{\"@id\":\"https:\/\/panwinjet.com\/product\/22000psi-hydro-water-blasting-big-tube-cleaning-machine-bjv-nozzles\/#primaryimage\"},\"image\":{\"@id\":\"https:\/\/panwinjet.com\/product\/22000psi-hydro-water-blasting-big-tube-cleaning-machine-bjv-nozzles\/#primaryimage\"},\"thumbnailUrl\":\"https:\/\/panwinjet.com\/wp-content\/uploads\/2025\/09\/BJV-Nozzles2.png\",\"datePublished\":\"2025-09-19T08:29:14+00:00\",\"breadcrumb\":{\"@id\":\"https:\/\/panwinjet.com\/product\/22000psi-hydro-water-blasting-big-tube-cleaning-machine-bjv-nozzles\/#breadcrumb\"},\"inLanguage\":\"fr-FR\",\"potentialAction\":[{\"@type\":\"ReadAction\",\"target\":[\"https:\/\/panwinjet.com\/product\/22000psi-hydro-water-blasting-big-tube-cleaning-machine-bjv-nozzles\/\"]}]},{\"@type\":\"ImageObject\",\"inLanguage\":\"fr-FR\",\"@id\":\"https:\/\/panwinjet.com\/product\/22000psi-hydro-water-blasting-big-tube-cleaning-machine-bjv-nozzles\/#primaryimage\",\"url\":\"https:\/\/panwinjet.com\/wp-content\/uploads\/2025\/09\/BJV-Nozzles2.png\",\"contentUrl\":\"https:\/\/panwinjet.com\/wp-content\/uploads\/2025\/09\/BJV-Nozzles2.png\",\"width\":206,\"height\":247},{\"@type\":\"BreadcrumbList\",\"@id\":\"https:\/\/panwinjet.com\/product\/22000psi-hydro-water-blasting-big-tube-cleaning-machine-bjv-nozzles\/#breadcrumb\",\"itemListElement\":[{\"@type\":\"ListItem\",\"position\":1,\"name\":\"\u9996\u9875\",\"item\":\"https:\/\/panwinjet.com\/\"},{\"@type\":\"ListItem\",\"position\":2,\"name\":\"PRODUCT\",\"item\":\"https:\/\/panwinjet.com\/product\/\"},{\"@type\":\"ListItem\",\"position\":3,\"name\":\"22000psi Hydro Water blasting big tube cleaning machine BJV Nozzles\"}]},{\"@type\":\"WebSite\",\"@id\":\"https:\/\/panwinjet.com\/#website\",\"url\":\"https:\/\/panwinjet.com\/\",\"name\":\"Panwin Machinery&amp;Equipment\",\"description\":\"Shenzhen Panwin Machinery&amp;Equipment Co.Ltd\",\"potentialAction\":[{\"@type\":\"SearchAction\",\"target\":{\"@type\":\"EntryPoint\",\"urlTemplate\":\"https:\/\/panwinjet.com\/?s={search_term_string}\"},\"query-input\":{\"@type\":\"PropertyValueSpecification\",\"valueRequired\":true,\"valueName\":\"search_term_string\"}}],\"inLanguage\":\"fr-FR\"}]}<\/script>\n<!-- \/ Yoast SEO plugin. -->","yoast_head_json":{"title":"22000psi Hydro Water blasting big tube cleaning machine BJV Nozzles - Panwin Machinery&amp;Equipment","robots":{"index":"index","follow":"follow","max-snippet":"max-snippet:-1","max-image-preview":"max-image-preview:large","max-video-preview":"max-video-preview:-1"},"canonical":"https:\/\/panwinjet.com\/fr\/produit\/22000psi-hydro-water-blasting-big-tube-cleaning-machine-bjv-nozzles\/","og_locale":"fr_FR","og_type":"article","og_title":"22000psi Hydro Water blasting big tube cleaning machine BJV Nozzles - Panwin Machinery&amp;Equipment","og_description":"3.Product Feature And Application of 22Kpsi Hydro Water blasting big tube cleaning machine BJV Nozzles The 22Kpsi Hydro Water blasting big tube cleaning machine BJV Nozzles become the advanced big diameter pipe clean tool has a reasons. Because it has many advantages and features great help for big diameter tube cleaning. 1:Rotation Speed controllable. Rotational speed of the nozzle head is controlled by the magnetic braking system the swivel. 2:Big flow rate, powerful cleaning spray effect. Stainless steel swivel and head with flows up to 50gpm(189.lpm). Flow rate calculated by multiplying number of nozzles used by the flow rate. 3:Multi-insert Various nozzles available for different cleaning Scenario Use two, four, six or seven tungsten carbide RM series, sapphire RMS series, or synthetic diamond RMD series nozzles. 4: Typical Seal and Oil life-time over 100hrs. 5:No Silicone Needed. 6:Low Service cost. Low seal replacement cost and quick change, with the seal shaft and cartridge all in one piece. 7:Speed adjustment without oil change or spillage.  Application: This 22Kpsi Hydro Water blasting big tube cleaning machine BJV Nozzles can be applied to the various kinds cleaning process, but it is mostly designed for the big diameter tube cleaning, and equipped with the Proper Cage centralizer,Ball Style, Wheel Style etc, it is almost the best hydro jet cleaning tool for big size pipeline and tube.","og_url":"https:\/\/panwinjet.com\/fr\/produit\/22000psi-hydro-water-blasting-big-tube-cleaning-machine-bjv-nozzles\/","og_site_name":"Panwin Machinery&amp;Equipment","og_image":[{"width":206,"height":247,"url":"https:\/\/panwinjet.com\/wp-content\/uploads\/2025\/09\/BJV-Nozzles2.png","type":"image\/png"}],"twitter_card":"summary_large_image","twitter_misc":{"Dur\u00e9e de lecture estim\u00e9e":"1 minute"},"schema":{"@context":"https:\/\/schema.org","@graph":[{"@type":"WebPage","@id":"https:\/\/panwinjet.com\/product\/22000psi-hydro-water-blasting-big-tube-cleaning-machine-bjv-nozzles\/","url":"https:\/\/panwinjet.com\/product\/22000psi-hydro-water-blasting-big-tube-cleaning-machine-bjv-nozzles\/","name":"22000psi Hydro Water blasting big tube cleaning machine BJV Nozzles - Panwin Machinery&amp;Equipment","isPartOf":{"@id":"https:\/\/panwinjet.com\/#website"},"primaryImageOfPage":{"@id":"https:\/\/panwinjet.com\/product\/22000psi-hydro-water-blasting-big-tube-cleaning-machine-bjv-nozzles\/#primaryimage"},"image":{"@id":"https:\/\/panwinjet.com\/product\/22000psi-hydro-water-blasting-big-tube-cleaning-machine-bjv-nozzles\/#primaryimage"},"thumbnailUrl":"https:\/\/panwinjet.com\/wp-content\/uploads\/2025\/09\/BJV-Nozzles2.png","datePublished":"2025-09-19T08:29:14+00:00","breadcrumb":{"@id":"https:\/\/panwinjet.com\/product\/22000psi-hydro-water-blasting-big-tube-cleaning-machine-bjv-nozzles\/#breadcrumb"},"inLanguage":"fr-FR","potentialAction":[{"@type":"ReadAction","target":["https:\/\/panwinjet.com\/product\/22000psi-hydro-water-blasting-big-tube-cleaning-machine-bjv-nozzles\/"]}]},{"@type":"ImageObject","inLanguage":"fr-FR","@id":"https:\/\/panwinjet.com\/product\/22000psi-hydro-water-blasting-big-tube-cleaning-machine-bjv-nozzles\/#primaryimage","url":"https:\/\/panwinjet.com\/wp-content\/uploads\/2025\/09\/BJV-Nozzles2.png","contentUrl":"https:\/\/panwinjet.com\/wp-content\/uploads\/2025\/09\/BJV-Nozzles2.png","width":206,"height":247},{"@type":"BreadcrumbList","@id":"https:\/\/panwinjet.com\/product\/22000psi-hydro-water-blasting-big-tube-cleaning-machine-bjv-nozzles\/#breadcrumb","itemListElement":[{"@type":"ListItem","position":1,"name":"\u9996\u9875","item":"https:\/\/panwinjet.com\/"},{"@type":"ListItem","position":2,"name":"PRODUCT","item":"https:\/\/panwinjet.com\/product\/"},{"@type":"ListItem","position":3,"name":"22000psi Hydro Water blasting big tube cleaning machine BJV Nozzles"}]},{"@type":"WebSite","@id":"https:\/\/panwinjet.com\/#website","url":"https:\/\/panwinjet.com\/","name":"Panwin Machinery&amp;Equipment","description":"Shenzhen Panwin Machinery&amp;Equipment Co.Ltd","potentialAction":[{"@type":"SearchAction","target":{"@type":"EntryPoint","urlTemplate":"https:\/\/panwinjet.com\/?s={search_term_string}"},"query-input":{"@type":"PropertyValueSpecification","valueRequired":true,"valueName":"search_term_string"}}],"inLanguage":"fr-FR"}]}},"_links":{"self":[{"href":"https:\/\/panwinjet.com\/fr\/wp-json\/wp\/v2\/product\/714","targetHints":{"allow":["GET"]}}],"collection":[{"href":"https:\/\/panwinjet.com\/fr\/wp-json\/wp\/v2\/product"}],"about":[{"href":"https:\/\/panwinjet.com\/fr\/wp-json\/wp\/v2\/types\/product"}],"wp:featuredmedia":[{"embeddable":true,"href":"https:\/\/panwinjet.com\/fr\/wp-json\/wp\/v2\/media\/718"}],"wp:attachment":[{"href":"https:\/\/panwinjet.com\/fr\/wp-json\/wp\/v2\/media?parent=714"}],"wp:term":[{"taxonomy":"product_brand","embeddable":true,"href":"https:\/\/panwinjet.com\/fr\/wp-json\/wp\/v2\/product_brand?post=714"},{"taxonomy":"product_cat","embeddable":true,"href":"https:\/\/panwinjet.com\/fr\/wp-json\/wp\/v2\/product_cat?post=714"},{"taxonomy":"product_tag","embeddable":true,"href":"https:\/\/panwinjet.com\/fr\/wp-json\/wp\/v2\/product_tag?post=714"}],"curies":[{"name":"wp","href":"https:\/\/api.w.org\/{rel}","templated":true}]}}