{"id":678,"date":"2025-09-19T07:44:53","date_gmt":"2025-09-19T07:44:53","guid":{"rendered":"https:\/\/panwinjet.com\/?post_type=product&#038;p=678"},"modified":"2025-09-19T07:44:53","modified_gmt":"2025-09-19T07:44:53","slug":"40kpsi-pressure-water-blasting-vessel-cleaning-machine-parts-mvt-style-uh-swivel","status":"publish","type":"product","link":"https:\/\/panwinjet.com\/fr\/produit\/40kpsi-pressure-water-blasting-vessel-cleaning-machine-parts-mvt-style-uh-swivel\/","title":{"rendered":"Pi\u00e8ces de machine de nettoyage de cuves par jet d&#039;eau \u00e0 haute pression (40 kpsi), style MVT, pivot UH"},"content":{"rendered":"<p>1. Pr\u00e9sentation du produit : Pi\u00e8ces d\u00e9tach\u00e9es pour machine de nettoyage de cuves par jet d&#039;eau sous pression de 40 kpsi, pivot UH<br \/>\nLe pivot UH de la machine de nettoyage de cuves par jet d&#039;eau sous pression de 40 kpsi est utilis\u00e9 pour fournir de l&#039;eau \u00e0 ultra-haute pression jusqu&#039;\u00e0 44 kpsi \u00e0 partir d&#039;une ligne stationnaire vers un ensemble rotatif ou de torsion motoris\u00e9.<br \/>\nCe sont d&#039;excellents raccords rotatifs haute pression gr\u00e2ce \u00e0 leur durabilit\u00e9 et leur polyvalence pour diverses t\u00e2ches de nettoyage.<br \/>\nIl est g\u00e9n\u00e9ralement utilis\u00e9 sur les machines de saign\u00e9e, les machines de nettoyage de surface et les enrouleurs de tuyaux.<br \/>\nEt ce pivot n\u00e9cessite un couple de 25 \u00e0 90 pouces-livres pour tourner.<\/p>\n<p>&nbsp;<\/p>\n<p>2. Param\u00e8tres du produit (sp\u00e9cifications) des pi\u00e8ces de la machine de nettoyage de cuves par jet d&#039;eau sous pression de 40 kpsi, pivot UH<br \/>\nCe raccord pivotant UH pour nettoyeur haute pression \u00e0 jet d&#039;eau de 40\u00a0000\u00a0psi est un composant polyvalent. Avec une pression de service maximale de 44\u00a0000\u00a0psi et des axes pivotants UH de tailles 1,0, 1,2, 1,1 et 1,35, il est id\u00e9al pour diverses applications de nettoyage. (Voir les param\u00e8tres d\u00e9taill\u00e9s ci-dessous.)<\/p>\n<div style=\"width: 1088px;\" class=\"wp-video\"><video class=\"wp-video-shortcode\" id=\"video-678-1\" width=\"1088\" height=\"1920\" preload=\"metadata\" controls=\"controls\"><source type=\"video\/mp4\" src=\"https:\/\/panwinjet.com\/wp-content\/uploads\/2025\/09\/40kpsi-Pressure-Water-blasting-Vessel-cleaning-machine-parts-UH-Swivel.mp4?_=1\" \/><a href=\"https:\/\/panwinjet.com\/wp-content\/uploads\/2025\/09\/40kpsi-Pressure-Water-blasting-Vessel-cleaning-machine-parts-UH-Swivel.mp4\">https:\/\/panwinjet.com\/wp-content\/uploads\/2025\/09\/40kpsi-Pressure-Water-blasting-Vessel-cleaning-machine-parts-UH-Swivel.mp4<\/a><\/video><\/div>","protected":false},"excerpt":{"rendered":"<p>3. Caract\u00e9ristiques et applications des pi\u00e8ces de machines de nettoyage de cuves par jet d&#039;eau sous pression de 40 kpsi (pivot UH)<br \/>\nChez Panwin, nous vous proposons des raccords pivotants UH de haute qualit\u00e9, fabriqu\u00e9s en acier inoxydable robuste. Con\u00e7us pour une \u00e9tanch\u00e9it\u00e9 parfaite et un entretien facile, ils pr\u00e9sentent les caract\u00e9ristiques suivantes\u00a0:<br \/>\nCaract\u00e9ristiques:<br \/>\n1: Construction robuste en acier inoxydable<br \/>\n2 : Sa conception unique et \u00e9tanche n\u00e9cessite un tr\u00e8s faible couple pour la rotation.<br \/>\n3 : Graisseurs externes pour un entretien facile<br \/>\nLe raccord d&#039;entr\u00e9e \u00e0 4\u00b0 ou 90\u00b0 simplifie le cheminement des tuyaux.<\/p>\n<p>Application:<br \/>\nApplication:<br \/>\nPi\u00e8ces d\u00e9tach\u00e9es pour \u00e9quipement de nettoyage de pompe \u00e0 piston triplex UHP 3000 bar, robot de pr\u00e9paration de surface pour barre de pulv\u00e9risation Hammelmann, destin\u00e9 aux chantiers navals.<br \/>\nIndustrie du fer, de l&#039;acier et des m\u00e9taux : sablage hydrodynamique<br \/>\nIng\u00e9nierie m\u00e9canique et des appareils pour nettoyeurs haute pression<br \/>\nIndustrie du ciment et du b\u00e9ton<br \/>\nNettoyage de surface haute pression Barracuda<br \/>\npi\u00e8ces d&#039;\u00e9quipement de nettoyage \u00e0 jet d&#039;eau ultra-haute pression<br \/>\nBarres de pulv\u00e9risation pour le nettoyage industriel<br \/>\nMachine de nettoyage \u00e0 haute pression pour l&#039;industrie du raffinage du p\u00e9trole<br \/>\nNettoyage de surfaces par hydrojet, nettoyage de r\u00e9servoirs et de cuves,<br \/>\nNettoyage de l&#039;\u00e9changeur de chaleur,<br \/>\nNettoyage de v\u00e9hicules (peinture), nettoyage pour l&#039;industrie mini\u00e8re, nettoyage pour la fabrication d&#039;acier, etc.<br \/>\n\u00c9quipement de nettoyage des \u00e9gouts \u00e0 haute pression pour les r\u00e9seaux de canalisations municipales d&#039;adduction d&#039;eau et de drainage\u00a0;<\/p>","protected":false},"featured_media":-1,"template":"","meta":[],"product_brand":[],"product_cat":[5],"product_tag":[],"class_list":{"0":"post-678","1":"product","2":"type-product","3":"status-publish","4":"has-post-thumbnail","6":"product_cat-uhp-rotating-nozzles","8":"first","9":"instock","10":"shipping-taxable","11":"product-type-simple"},"yoast_head":"<!-- This site is optimized with the Yoast SEO plugin v24.9 - https:\/\/yoast.com\/wordpress\/plugins\/seo\/ -->\n<title>40kpsi Pressure Water blasting Vessel cleaning machine parts MVT Style UH Swivel - Panwin Machinery&amp;Equipment<\/title>\n<meta name=\"robots\" content=\"index, follow, max-snippet:-1, max-image-preview:large, max-video-preview:-1\" \/>\n<link rel=\"canonical\" href=\"https:\/\/panwinjet.com\/fr\/produit\/40kpsi-pressure-water-blasting-vessel-cleaning-machine-parts-mvt-style-uh-swivel\/\" \/>\n<meta property=\"og:locale\" content=\"fr_FR\" \/>\n<meta property=\"og:type\" content=\"article\" \/>\n<meta property=\"og:title\" content=\"40kpsi Pressure Water blasting Vessel cleaning machine parts MVT Style UH Swivel - Panwin Machinery&amp;Equipment\" \/>\n<meta property=\"og:description\" content=\"3.Product Feature And Application of 40kpsi Pressure Water blasting Vessel cleaning machine parts UH Swivel We Panwin sell you high-quality UH Swivel, and our material is heavy-duty stainless steel, and it is design for leak-free and easy service function, features as follows: Features: 1:Heavy-duty stainless steel construction 2:Unique, leak-free seal design requires very little torque for rotation 3:External grease fittings for easy maintenance 4:0\u00c2\u00b0 or 90\u00c2\u00b0 inlet connection simplifies hose routing  Application: Application: UHP 3000Bar UHP triplex plunger pump cleaning equipment parts Shipyard Surface preparation Robot for Hammelmann Spraying Bar Hydro Jet blaster Iron, Steel And Metal Industry high pressure waterblaster Mechanical and Apparatus Engineering Cements and Concrete Industry high pressure barracuda Surface cleaning UHP hydro Jet cleaning equipment parts Industrial Cleaning Spray Bars hydro blasting machine for petroleum refining industry Hydro Jet Surface Cleaning,Tank&amp;Vessel Cleaning, Heat Exchange Cleaning, Automotive Painting cleaning Mining industry cleaning Steel manufacture cleaning etc. High pressure sewer cleaning equipment for municipal pipe networks water supply and drainage pipelines;\" \/>\n<meta property=\"og:url\" content=\"https:\/\/panwinjet.com\/fr\/produit\/40kpsi-pressure-water-blasting-vessel-cleaning-machine-parts-mvt-style-uh-swivel\/\" \/>\n<meta property=\"og:site_name\" content=\"Panwin Machinery&amp;Equipment\" \/>\n<meta name=\"twitter:card\" content=\"summary_large_image\" \/>\n<meta name=\"twitter:label1\" content=\"Dur\u00e9e de lecture estim\u00e9e\" \/>\n\t<meta name=\"twitter:data1\" content=\"1 minute\" \/>\n<script type=\"application\/ld+json\" class=\"yoast-schema-graph\">{\"@context\":\"https:\/\/schema.org\",\"@graph\":[{\"@type\":\"WebPage\",\"@id\":\"https:\/\/panwinjet.com\/product\/40kpsi-pressure-water-blasting-vessel-cleaning-machine-parts-mvt-style-uh-swivel\/\",\"url\":\"https:\/\/panwinjet.com\/product\/40kpsi-pressure-water-blasting-vessel-cleaning-machine-parts-mvt-style-uh-swivel\/\",\"name\":\"40kpsi Pressure Water blasting Vessel cleaning machine parts MVT Style UH Swivel - Panwin Machinery&amp;Equipment\",\"isPartOf\":{\"@id\":\"https:\/\/panwinjet.com\/#website\"},\"datePublished\":\"2025-09-19T07:44:53+00:00\",\"breadcrumb\":{\"@id\":\"https:\/\/panwinjet.com\/product\/40kpsi-pressure-water-blasting-vessel-cleaning-machine-parts-mvt-style-uh-swivel\/#breadcrumb\"},\"inLanguage\":\"fr-FR\",\"potentialAction\":[{\"@type\":\"ReadAction\",\"target\":[\"https:\/\/panwinjet.com\/product\/40kpsi-pressure-water-blasting-vessel-cleaning-machine-parts-mvt-style-uh-swivel\/\"]}]},{\"@type\":\"BreadcrumbList\",\"@id\":\"https:\/\/panwinjet.com\/product\/40kpsi-pressure-water-blasting-vessel-cleaning-machine-parts-mvt-style-uh-swivel\/#breadcrumb\",\"itemListElement\":[{\"@type\":\"ListItem\",\"position\":1,\"name\":\"\u9996\u9875\",\"item\":\"https:\/\/panwinjet.com\/\"},{\"@type\":\"ListItem\",\"position\":2,\"name\":\"PRODUCT\",\"item\":\"https:\/\/panwinjet.com\/product\/\"},{\"@type\":\"ListItem\",\"position\":3,\"name\":\"40kpsi Pressure Water blasting Vessel cleaning machine parts MVT Style UH Swivel\"}]},{\"@type\":\"WebSite\",\"@id\":\"https:\/\/panwinjet.com\/#website\",\"url\":\"https:\/\/panwinjet.com\/\",\"name\":\"Panwin Machinery&amp;Equipment\",\"description\":\"Shenzhen Panwin Machinery&amp;Equipment Co.Ltd\",\"potentialAction\":[{\"@type\":\"SearchAction\",\"target\":{\"@type\":\"EntryPoint\",\"urlTemplate\":\"https:\/\/panwinjet.com\/?s={search_term_string}\"},\"query-input\":{\"@type\":\"PropertyValueSpecification\",\"valueRequired\":true,\"valueName\":\"search_term_string\"}}],\"inLanguage\":\"fr-FR\"}]}<\/script>\n<!-- \/ Yoast SEO plugin. -->","yoast_head_json":{"title":"40kpsi Pressure Water blasting Vessel cleaning machine parts MVT Style UH Swivel - Panwin Machinery&amp;Equipment","robots":{"index":"index","follow":"follow","max-snippet":"max-snippet:-1","max-image-preview":"max-image-preview:large","max-video-preview":"max-video-preview:-1"},"canonical":"https:\/\/panwinjet.com\/fr\/produit\/40kpsi-pressure-water-blasting-vessel-cleaning-machine-parts-mvt-style-uh-swivel\/","og_locale":"fr_FR","og_type":"article","og_title":"40kpsi Pressure Water blasting Vessel cleaning machine parts MVT Style UH Swivel - Panwin Machinery&amp;Equipment","og_description":"3.Product Feature And Application of 40kpsi Pressure Water blasting Vessel cleaning machine parts UH Swivel We Panwin sell you high-quality UH Swivel, and our material is heavy-duty stainless steel, and it is design for leak-free and easy service function, features as follows: Features: 1:Heavy-duty stainless steel construction 2:Unique, leak-free seal design requires very little torque for rotation 3:External grease fittings for easy maintenance 4:0\u00c2\u00b0 or 90\u00c2\u00b0 inlet connection simplifies hose routing  Application: Application: UHP 3000Bar UHP triplex plunger pump cleaning equipment parts Shipyard Surface preparation Robot for Hammelmann Spraying Bar Hydro Jet blaster Iron, Steel And Metal Industry high pressure waterblaster Mechanical and Apparatus Engineering Cements and Concrete Industry high pressure barracuda Surface cleaning UHP hydro Jet cleaning equipment parts Industrial Cleaning Spray Bars hydro blasting machine for petroleum refining industry Hydro Jet Surface Cleaning,Tank&amp;Vessel Cleaning, Heat Exchange Cleaning, Automotive Painting cleaning Mining industry cleaning Steel manufacture cleaning etc. High pressure sewer cleaning equipment for municipal pipe networks water supply and drainage pipelines;","og_url":"https:\/\/panwinjet.com\/fr\/produit\/40kpsi-pressure-water-blasting-vessel-cleaning-machine-parts-mvt-style-uh-swivel\/","og_site_name":"Panwin Machinery&amp;Equipment","twitter_card":"summary_large_image","twitter_misc":{"Dur\u00e9e de lecture estim\u00e9e":"1 minute"},"schema":{"@context":"https:\/\/schema.org","@graph":[{"@type":"WebPage","@id":"https:\/\/panwinjet.com\/product\/40kpsi-pressure-water-blasting-vessel-cleaning-machine-parts-mvt-style-uh-swivel\/","url":"https:\/\/panwinjet.com\/product\/40kpsi-pressure-water-blasting-vessel-cleaning-machine-parts-mvt-style-uh-swivel\/","name":"40kpsi Pressure Water blasting Vessel cleaning machine parts MVT Style UH Swivel - Panwin Machinery&amp;Equipment","isPartOf":{"@id":"https:\/\/panwinjet.com\/#website"},"datePublished":"2025-09-19T07:44:53+00:00","breadcrumb":{"@id":"https:\/\/panwinjet.com\/product\/40kpsi-pressure-water-blasting-vessel-cleaning-machine-parts-mvt-style-uh-swivel\/#breadcrumb"},"inLanguage":"fr-FR","potentialAction":[{"@type":"ReadAction","target":["https:\/\/panwinjet.com\/product\/40kpsi-pressure-water-blasting-vessel-cleaning-machine-parts-mvt-style-uh-swivel\/"]}]},{"@type":"BreadcrumbList","@id":"https:\/\/panwinjet.com\/product\/40kpsi-pressure-water-blasting-vessel-cleaning-machine-parts-mvt-style-uh-swivel\/#breadcrumb","itemListElement":[{"@type":"ListItem","position":1,"name":"\u9996\u9875","item":"https:\/\/panwinjet.com\/"},{"@type":"ListItem","position":2,"name":"PRODUCT","item":"https:\/\/panwinjet.com\/product\/"},{"@type":"ListItem","position":3,"name":"40kpsi Pressure Water blasting Vessel cleaning machine parts MVT Style UH Swivel"}]},{"@type":"WebSite","@id":"https:\/\/panwinjet.com\/#website","url":"https:\/\/panwinjet.com\/","name":"Panwin Machinery&amp;Equipment","description":"Shenzhen Panwin Machinery&amp;Equipment Co.Ltd","potentialAction":[{"@type":"SearchAction","target":{"@type":"EntryPoint","urlTemplate":"https:\/\/panwinjet.com\/?s={search_term_string}"},"query-input":{"@type":"PropertyValueSpecification","valueRequired":true,"valueName":"search_term_string"}}],"inLanguage":"fr-FR"}]}},"_links":{"self":[{"href":"https:\/\/panwinjet.com\/fr\/wp-json\/wp\/v2\/product\/678","targetHints":{"allow":["GET"]}}],"collection":[{"href":"https:\/\/panwinjet.com\/fr\/wp-json\/wp\/v2\/product"}],"about":[{"href":"https:\/\/panwinjet.com\/fr\/wp-json\/wp\/v2\/types\/product"}],"wp:featuredmedia":[{"embeddable":true,"href":"https:\/\/panwinjet.com\/fr\/wp-json\/"}],"wp:attachment":[{"href":"https:\/\/panwinjet.com\/fr\/wp-json\/wp\/v2\/media?parent=678"}],"wp:term":[{"taxonomy":"product_brand","embeddable":true,"href":"https:\/\/panwinjet.com\/fr\/wp-json\/wp\/v2\/product_brand?post=678"},{"taxonomy":"product_cat","embeddable":true,"href":"https:\/\/panwinjet.com\/fr\/wp-json\/wp\/v2\/product_cat?post=678"},{"taxonomy":"product_tag","embeddable":true,"href":"https:\/\/panwinjet.com\/fr\/wp-json\/wp\/v2\/product_tag?post=678"}],"curies":[{"name":"wp","href":"https:\/\/api.w.org\/{rel}","templated":true}]}}