{"id":673,"date":"2025-09-19T07:27:49","date_gmt":"2025-09-19T07:27:49","guid":{"rendered":"https:\/\/panwinjet.com\/?post_type=product&#038;p=673"},"modified":"2025-09-19T07:27:49","modified_gmt":"2025-09-19T07:27:49","slug":"40kpsi-pressure-water-jet-industry-cleaning-machine-parts-hand-gun-valve-cartridge","status":"publish","type":"product","link":"https:\/\/panwinjet.com\/fr\/produit\/40kpsi-pressure-water-jet-industry-cleaning-machine-parts-hand-gun-valve-cartridge\/","title":{"rendered":"Pi\u00e8ces de machines de nettoyage industriel au jet d&#039;eau sous pression de 40 kpsi, cartouche de vanne pour pistolet manuel"},"content":{"rendered":"<p>Pi\u00e8ces de machines de nettoyage industriel au jet d&#039;eau sous pression de 40 kpsi, cartouche de vanne pour pistolet manuel<\/p>\n<p>1. Pr\u00e9sentation du produit\u00a0: Cartouche pour pistolet de nettoyage \u00e0 eau UHP - 15K JS 52750<br \/>\nCette cartouche pour pistolet de nettoyage \u00e0 eau UHP - 15K JS 52750 est compatible avec la pi\u00e8ce JST n\u00b0 53725. La cartouche de valve facilement rempla\u00e7able permet \u00e0 l&#039;utilisateur de reconstruire compl\u00e8tement la valve en quelques minutes seulement.<\/p>\n<p>2. Param\u00e8tres du produit (sp\u00e9cifications) de la cartouche pour pistolet de nettoyage \u00e0 jet d&#039;eau UHP - 15K JS 52750<br \/>\nCette cartouche pour pistolet de nettoyage \u00e0 eau UHP - 15K JS 52750 est fabriqu\u00e9e en acier inoxydable de haute qualit\u00e9. La valve et le si\u00e8ge sont tous deux fabriqu\u00e9s en acier inoxydable tremp\u00e9 et rev\u00eatus pour une r\u00e9sistance \u00e0 l&#039;usure et une dur\u00e9e de vie maximales.<\/p>","protected":false},"excerpt":{"rendered":"<p>3. Caract\u00e9ristiques et applications de la cartouche pour pistolet de nettoyage \u00e0 eau UHP - 15K JS 52750<br \/>\nCette cartouche pour pistolet \u00e0 eau UHP - 15K JS 52750 est une pi\u00e8ce importante du pistolet Jetstream20K.<br \/>\nLa pompe JS 20\u00a0000\u00a0psi est une pompe de pointe \u00e0 haut rendement. Son design novateur offre de nombreux avantages\u00a0: facilit\u00e9 d\u2019entretien, simplicit\u00e9 de conception et de structure, grande polyvalence et multifonctionnalit\u00e9. Cette cartouche de remplacement, compatible avec la pi\u00e8ce JST n\u00b0\u00a052750, pr\u00e9sente les caract\u00e9ristiques suivantes\u00a0:<br \/>\nCaract\u00e9ristiques:<br \/>\n1 : Maintenance simplifi\u00e9e, temps d&#039;arr\u00eat minimal<br \/>\n2 : Durabilit\u00e9 \u00e0 long terme<br \/>\n3 : Pistons et bagues de piston en carbure monobloc<\/p>\n<p>&nbsp;<\/p>\n<p>Application:<br \/>\nPi\u00e8ces d\u00e9tach\u00e9es pour \u00e9quipement de nettoyage de pompe \u00e0 piston triplex UHP 3000 bar, robot de pr\u00e9paration de surface pour barre de pulv\u00e9risation Hammelmann, destin\u00e9 aux chantiers navals.<br \/>\nIndustrie du fer, de l&#039;acier et des m\u00e9taux : sablage hydrodynamique<br \/>\nIng\u00e9nierie m\u00e9canique et des appareils pour nettoyeurs haute pression<br \/>\nIndustrie du ciment et du b\u00e9ton<br \/>\nNettoyage de surface haute pression Barracuda<br \/>\npi\u00e8ces d&#039;\u00e9quipement de nettoyage \u00e0 jet d&#039;eau ultra-haute pression<br \/>\nBarres de pulv\u00e9risation pour le nettoyage industriel<br \/>\nMachine de nettoyage \u00e0 haute pression pour l&#039;industrie du raffinage du p\u00e9trole<br \/>\nNettoyage de surfaces par hydrojet, nettoyage de r\u00e9servoirs et de cuves,<br \/>\nNettoyage de l&#039;\u00e9changeur de chaleur,<br \/>\nNettoyage de v\u00e9hicules (peinture), nettoyage pour l&#039;industrie mini\u00e8re, nettoyage pour la fabrication d&#039;acier, etc.<br \/>\n\u00c9quipement de nettoyage des \u00e9gouts \u00e0 haute pression pour les r\u00e9seaux de canalisations municipales d&#039;adduction d&#039;eau et de drainage\u00a0;<\/p>","protected":false},"featured_media":675,"template":"","meta":[],"product_brand":[],"product_cat":[7],"product_tag":[],"class_list":{"0":"post-673","1":"product","2":"type-product","3":"status-publish","4":"has-post-thumbnail","6":"product_cat-jetstream-pump-fluid-end-compatibe-parts","8":"first","9":"instock","10":"shipping-taxable","11":"product-type-simple"},"yoast_head":"<!-- This site is optimized with the Yoast SEO plugin v24.9 - https:\/\/yoast.com\/wordpress\/plugins\/seo\/ -->\n<title>40kpsi Pressure Water Jet Industry cleaning machine parts Hand Gun valve cartridge - Panwin Machinery&amp;Equipment<\/title>\n<meta name=\"robots\" content=\"index, follow, max-snippet:-1, max-image-preview:large, max-video-preview:-1\" \/>\n<link rel=\"canonical\" href=\"https:\/\/panwinjet.com\/fr\/produit\/40kpsi-pressure-water-jet-industry-cleaning-machine-parts-hand-gun-valve-cartridge\/\" \/>\n<meta property=\"og:locale\" content=\"fr_FR\" \/>\n<meta property=\"og:type\" content=\"article\" \/>\n<meta property=\"og:title\" content=\"40kpsi Pressure Water Jet Industry cleaning machine parts Hand Gun valve cartridge - Panwin Machinery&amp;Equipment\" \/>\n<meta property=\"og:description\" content=\"3.Product Feature And Application of UHP Water Blasting Hand Gun Cartridge-15K JS 52750 This UHP Water Blasting Hand Gun Cartridge-15K JS 52750 is important parts of the Jetstream20K Hand Gun. The JS 20Kpsi Rated pump is advanced and highest-efficient, it is trailblazing design and it has the vast advantages in term of the easy-service, simplicity in structure and design,as well as Versatility in conversion and muti-function. And this Replacement Cartridge, Compatible with JST Part No. 52750 features as follows: Features: 1:Easy service, minimum downtime 2: Long-life durability 3:Solid carbide plungers and plunger bushings  &nbsp;  Application: UHP 3000Bar UHP triplex plunger pump cleaning equipment parts Shipyard Surface preparation Robot for Hammelmann Spraying Bar Hydro Jet blaster Iron, Steel And Metal Industry high pressure waterblaster Mechanical and Apparatus Engineering Cements and Concrete Industry high pressure barracuda Surface cleaning UHP hydro Jet cleaning equipment parts Industrial Cleaning Spray Bars hydro blasting machine for petroleum refining industry Hydro Jet Surface Cleaning,Tank&amp;Vessel Cleaning, Heat Exchange Cleaning, Automotive Painting cleaning Mining industry cleaning Steel manufacture cleaning etc. High pressure sewer cleaning equipment for municipal pipe networks water supply and drainage pipelines;\" \/>\n<meta property=\"og:url\" content=\"https:\/\/panwinjet.com\/fr\/produit\/40kpsi-pressure-water-jet-industry-cleaning-machine-parts-hand-gun-valve-cartridge\/\" \/>\n<meta property=\"og:site_name\" content=\"Panwin Machinery&amp;Equipment\" \/>\n<meta property=\"og:image\" content=\"https:\/\/panwinjet.com\/wp-content\/uploads\/2025\/09\/57-2.png\" \/>\n\t<meta property=\"og:image:width\" content=\"886\" \/>\n\t<meta property=\"og:image:height\" content=\"596\" \/>\n\t<meta property=\"og:image:type\" content=\"image\/png\" \/>\n<meta name=\"twitter:card\" content=\"summary_large_image\" \/>\n<meta name=\"twitter:label1\" content=\"Dur\u00e9e de lecture estim\u00e9e\" \/>\n\t<meta name=\"twitter:data1\" content=\"1 minute\" \/>\n<script type=\"application\/ld+json\" class=\"yoast-schema-graph\">{\"@context\":\"https:\/\/schema.org\",\"@graph\":[{\"@type\":\"WebPage\",\"@id\":\"https:\/\/panwinjet.com\/product\/40kpsi-pressure-water-jet-industry-cleaning-machine-parts-hand-gun-valve-cartridge\/\",\"url\":\"https:\/\/panwinjet.com\/product\/40kpsi-pressure-water-jet-industry-cleaning-machine-parts-hand-gun-valve-cartridge\/\",\"name\":\"40kpsi Pressure Water Jet Industry cleaning machine parts Hand Gun valve cartridge - Panwin Machinery&amp;Equipment\",\"isPartOf\":{\"@id\":\"https:\/\/panwinjet.com\/#website\"},\"primaryImageOfPage\":{\"@id\":\"https:\/\/panwinjet.com\/product\/40kpsi-pressure-water-jet-industry-cleaning-machine-parts-hand-gun-valve-cartridge\/#primaryimage\"},\"image\":{\"@id\":\"https:\/\/panwinjet.com\/product\/40kpsi-pressure-water-jet-industry-cleaning-machine-parts-hand-gun-valve-cartridge\/#primaryimage\"},\"thumbnailUrl\":\"https:\/\/panwinjet.com\/wp-content\/uploads\/2025\/09\/57-2.png\",\"datePublished\":\"2025-09-19T07:27:49+00:00\",\"breadcrumb\":{\"@id\":\"https:\/\/panwinjet.com\/product\/40kpsi-pressure-water-jet-industry-cleaning-machine-parts-hand-gun-valve-cartridge\/#breadcrumb\"},\"inLanguage\":\"fr-FR\",\"potentialAction\":[{\"@type\":\"ReadAction\",\"target\":[\"https:\/\/panwinjet.com\/product\/40kpsi-pressure-water-jet-industry-cleaning-machine-parts-hand-gun-valve-cartridge\/\"]}]},{\"@type\":\"ImageObject\",\"inLanguage\":\"fr-FR\",\"@id\":\"https:\/\/panwinjet.com\/product\/40kpsi-pressure-water-jet-industry-cleaning-machine-parts-hand-gun-valve-cartridge\/#primaryimage\",\"url\":\"https:\/\/panwinjet.com\/wp-content\/uploads\/2025\/09\/57-2.png\",\"contentUrl\":\"https:\/\/panwinjet.com\/wp-content\/uploads\/2025\/09\/57-2.png\",\"width\":886,\"height\":596},{\"@type\":\"BreadcrumbList\",\"@id\":\"https:\/\/panwinjet.com\/product\/40kpsi-pressure-water-jet-industry-cleaning-machine-parts-hand-gun-valve-cartridge\/#breadcrumb\",\"itemListElement\":[{\"@type\":\"ListItem\",\"position\":1,\"name\":\"\u9996\u9875\",\"item\":\"https:\/\/panwinjet.com\/\"},{\"@type\":\"ListItem\",\"position\":2,\"name\":\"PRODUCT\",\"item\":\"https:\/\/panwinjet.com\/product\/\"},{\"@type\":\"ListItem\",\"position\":3,\"name\":\"40kpsi Pressure Water Jet Industry cleaning machine parts Hand Gun valve cartridge\"}]},{\"@type\":\"WebSite\",\"@id\":\"https:\/\/panwinjet.com\/#website\",\"url\":\"https:\/\/panwinjet.com\/\",\"name\":\"Panwin Machinery&amp;Equipment\",\"description\":\"Shenzhen Panwin Machinery&amp;Equipment Co.Ltd\",\"potentialAction\":[{\"@type\":\"SearchAction\",\"target\":{\"@type\":\"EntryPoint\",\"urlTemplate\":\"https:\/\/panwinjet.com\/?s={search_term_string}\"},\"query-input\":{\"@type\":\"PropertyValueSpecification\",\"valueRequired\":true,\"valueName\":\"search_term_string\"}}],\"inLanguage\":\"fr-FR\"}]}<\/script>\n<!-- \/ Yoast SEO plugin. -->","yoast_head_json":{"title":"40kpsi Pressure Water Jet Industry cleaning machine parts Hand Gun valve cartridge - Panwin Machinery&amp;Equipment","robots":{"index":"index","follow":"follow","max-snippet":"max-snippet:-1","max-image-preview":"max-image-preview:large","max-video-preview":"max-video-preview:-1"},"canonical":"https:\/\/panwinjet.com\/fr\/produit\/40kpsi-pressure-water-jet-industry-cleaning-machine-parts-hand-gun-valve-cartridge\/","og_locale":"fr_FR","og_type":"article","og_title":"40kpsi Pressure Water Jet Industry cleaning machine parts Hand Gun valve cartridge - Panwin Machinery&amp;Equipment","og_description":"3.Product Feature And Application of UHP Water Blasting Hand Gun Cartridge-15K JS 52750 This UHP Water Blasting Hand Gun Cartridge-15K JS 52750 is important parts of the Jetstream20K Hand Gun. The JS 20Kpsi Rated pump is advanced and highest-efficient, it is trailblazing design and it has the vast advantages in term of the easy-service, simplicity in structure and design,as well as Versatility in conversion and muti-function. And this Replacement Cartridge, Compatible with JST Part No. 52750 features as follows: Features: 1:Easy service, minimum downtime 2: Long-life durability 3:Solid carbide plungers and plunger bushings  &nbsp;  Application: UHP 3000Bar UHP triplex plunger pump cleaning equipment parts Shipyard Surface preparation Robot for Hammelmann Spraying Bar Hydro Jet blaster Iron, Steel And Metal Industry high pressure waterblaster Mechanical and Apparatus Engineering Cements and Concrete Industry high pressure barracuda Surface cleaning UHP hydro Jet cleaning equipment parts Industrial Cleaning Spray Bars hydro blasting machine for petroleum refining industry Hydro Jet Surface Cleaning,Tank&amp;Vessel Cleaning, Heat Exchange Cleaning, Automotive Painting cleaning Mining industry cleaning Steel manufacture cleaning etc. High pressure sewer cleaning equipment for municipal pipe networks water supply and drainage pipelines;","og_url":"https:\/\/panwinjet.com\/fr\/produit\/40kpsi-pressure-water-jet-industry-cleaning-machine-parts-hand-gun-valve-cartridge\/","og_site_name":"Panwin Machinery&amp;Equipment","og_image":[{"width":886,"height":596,"url":"https:\/\/panwinjet.com\/wp-content\/uploads\/2025\/09\/57-2.png","type":"image\/png"}],"twitter_card":"summary_large_image","twitter_misc":{"Dur\u00e9e de lecture estim\u00e9e":"1 minute"},"schema":{"@context":"https:\/\/schema.org","@graph":[{"@type":"WebPage","@id":"https:\/\/panwinjet.com\/product\/40kpsi-pressure-water-jet-industry-cleaning-machine-parts-hand-gun-valve-cartridge\/","url":"https:\/\/panwinjet.com\/product\/40kpsi-pressure-water-jet-industry-cleaning-machine-parts-hand-gun-valve-cartridge\/","name":"40kpsi Pressure Water Jet Industry cleaning machine parts Hand Gun valve cartridge - Panwin Machinery&amp;Equipment","isPartOf":{"@id":"https:\/\/panwinjet.com\/#website"},"primaryImageOfPage":{"@id":"https:\/\/panwinjet.com\/product\/40kpsi-pressure-water-jet-industry-cleaning-machine-parts-hand-gun-valve-cartridge\/#primaryimage"},"image":{"@id":"https:\/\/panwinjet.com\/product\/40kpsi-pressure-water-jet-industry-cleaning-machine-parts-hand-gun-valve-cartridge\/#primaryimage"},"thumbnailUrl":"https:\/\/panwinjet.com\/wp-content\/uploads\/2025\/09\/57-2.png","datePublished":"2025-09-19T07:27:49+00:00","breadcrumb":{"@id":"https:\/\/panwinjet.com\/product\/40kpsi-pressure-water-jet-industry-cleaning-machine-parts-hand-gun-valve-cartridge\/#breadcrumb"},"inLanguage":"fr-FR","potentialAction":[{"@type":"ReadAction","target":["https:\/\/panwinjet.com\/product\/40kpsi-pressure-water-jet-industry-cleaning-machine-parts-hand-gun-valve-cartridge\/"]}]},{"@type":"ImageObject","inLanguage":"fr-FR","@id":"https:\/\/panwinjet.com\/product\/40kpsi-pressure-water-jet-industry-cleaning-machine-parts-hand-gun-valve-cartridge\/#primaryimage","url":"https:\/\/panwinjet.com\/wp-content\/uploads\/2025\/09\/57-2.png","contentUrl":"https:\/\/panwinjet.com\/wp-content\/uploads\/2025\/09\/57-2.png","width":886,"height":596},{"@type":"BreadcrumbList","@id":"https:\/\/panwinjet.com\/product\/40kpsi-pressure-water-jet-industry-cleaning-machine-parts-hand-gun-valve-cartridge\/#breadcrumb","itemListElement":[{"@type":"ListItem","position":1,"name":"\u9996\u9875","item":"https:\/\/panwinjet.com\/"},{"@type":"ListItem","position":2,"name":"PRODUCT","item":"https:\/\/panwinjet.com\/product\/"},{"@type":"ListItem","position":3,"name":"40kpsi Pressure Water Jet Industry cleaning machine parts Hand Gun valve cartridge"}]},{"@type":"WebSite","@id":"https:\/\/panwinjet.com\/#website","url":"https:\/\/panwinjet.com\/","name":"Panwin Machinery&amp;Equipment","description":"Shenzhen Panwin Machinery&amp;Equipment Co.Ltd","potentialAction":[{"@type":"SearchAction","target":{"@type":"EntryPoint","urlTemplate":"https:\/\/panwinjet.com\/?s={search_term_string}"},"query-input":{"@type":"PropertyValueSpecification","valueRequired":true,"valueName":"search_term_string"}}],"inLanguage":"fr-FR"}]}},"_links":{"self":[{"href":"https:\/\/panwinjet.com\/fr\/wp-json\/wp\/v2\/product\/673","targetHints":{"allow":["GET"]}}],"collection":[{"href":"https:\/\/panwinjet.com\/fr\/wp-json\/wp\/v2\/product"}],"about":[{"href":"https:\/\/panwinjet.com\/fr\/wp-json\/wp\/v2\/types\/product"}],"wp:featuredmedia":[{"embeddable":true,"href":"https:\/\/panwinjet.com\/fr\/wp-json\/wp\/v2\/media\/675"}],"wp:attachment":[{"href":"https:\/\/panwinjet.com\/fr\/wp-json\/wp\/v2\/media?parent=673"}],"wp:term":[{"taxonomy":"product_brand","embeddable":true,"href":"https:\/\/panwinjet.com\/fr\/wp-json\/wp\/v2\/product_brand?post=673"},{"taxonomy":"product_cat","embeddable":true,"href":"https:\/\/panwinjet.com\/fr\/wp-json\/wp\/v2\/product_cat?post=673"},{"taxonomy":"product_tag","embeddable":true,"href":"https:\/\/panwinjet.com\/fr\/wp-json\/wp\/v2\/product_tag?post=673"}],"curies":[{"name":"wp","href":"https:\/\/api.w.org\/{rel}","templated":true}]}}