{"id":624,"date":"2025-09-19T06:44:23","date_gmt":"2025-09-19T06:44:23","guid":{"rendered":"https:\/\/panwinjet.com\/?post_type=product&#038;p=624"},"modified":"2025-09-19T06:44:23","modified_gmt":"2025-09-19T06:44:23","slug":"uhp-2800bar-40k-water-jet-steel-industry-cleaning-machine-components-4240-plunger","status":"publish","type":"product","link":"https:\/\/panwinjet.com\/fr\/produit\/uhp-2800bar-40k-water-jet-steel-industry-cleaning-machine-components-4240-plunger\/","title":{"rendered":"Composants de machines de nettoyage de l&#039;acier par jet d&#039;eau UHP 2800 Bar 40K, piston 4240"},"content":{"rendered":"<p>1. Pr\u00e9sentation du produit\u00a0: Composants de la machine de nettoyage au jet d&#039;eau pour l&#039;industrie de l&#039;acier\u00a0: piston 4240<br \/>\nCes composants de machine de nettoyage de l&#039;acier au jet d&#039;eau 4240 Piston sont appliqu\u00e9s \u00e0 l&#039;unit\u00e9 Jetstream standard \u00e0 extr\u00e9mit\u00e9 fluide Jetstream 40kpsi ou \u00e0 la pompe \u00e0 arbre nu.<br \/>\nCes 4240 Plongeur, nous avons 5 mod\u00e8les, respectivement JS Plongeur #6, #7, #8, #8HF, #9, compatibles avec les pi\u00e8ces Jetstream n\u00b0 Jetstream 53561, Jetstream 53562, Jetstream 53563, Jetstream 64839, Jetstream 64836.<\/p>\n<p>&nbsp;<\/p>\n<p>2. Param\u00e8tres du produit (sp\u00e9cifications) des composants de la machine de nettoyage au jet d&#039;eau pour l&#039;industrie de l&#039;acier\u00a0: piston 4240<br \/>\nLes pistons 4240, composants des machines de nettoyage pour l&#039;industrie du d\u00e9coupage au jet d&#039;eau, sont fix\u00e9s par bride et non par filetage, ce qui facilite la maintenance, r\u00e9duit les temps d&#039;arr\u00eat et garantit des performances optimales. Ces pistons 4240 (r\u00e9f\u00e9rences #6, #7, #8, #8HF et #9) sont fabriqu\u00e9s en acier inoxydable haute densit\u00e9 de premi\u00e8re qualit\u00e9. Ces pi\u00e8ces b\u00e9n\u00e9ficient d&#039;une garantie d&#039;un an, gage de leur haute qualit\u00e9 pour nos clients.<\/p>\n<div style=\"width: 544px;\" class=\"wp-video\"><video class=\"wp-video-shortcode\" id=\"video-624-1\" width=\"544\" height=\"960\" preload=\"metadata\" controls=\"controls\"><source type=\"video\/mp4\" src=\"https:\/\/panwinjet.com\/wp-content\/uploads\/2025\/09\/JS-4240-Pump.mp4?_=1\" \/><a href=\"https:\/\/panwinjet.com\/wp-content\/uploads\/2025\/09\/JS-4240-Pump.mp4\">https:\/\/panwinjet.com\/wp-content\/uploads\/2025\/09\/JS-4240-Pump.mp4<\/a><\/video><\/div>","protected":false},"excerpt":{"rendered":"<p>3. Caract\u00e9ristiques et applications du piston 4240 pour le nettoyage des composants de machines de nettoyage \u00e0 jet d&#039;eau dans l&#039;industrie sid\u00e9rurgique<br \/>\nNous, Panwin, vous fournissons des composants pour machines de nettoyage de l&#039;acier au jet d&#039;eau. Le piston 4240 est de conception avanc\u00e9e\u00a0; il est fix\u00e9 par bride et non filet\u00e9. En fait, l&#039;unit\u00e9 Jetstream standard de 40\u00a0kpsi Fluid End poss\u00e8de de nombreuses caract\u00e9ristiques avanc\u00e9es. Nous n&#039;en \u00e9num\u00e9rons que quelques-unes.<\/p>\n<p>La caract\u00e9ristique avantageuse\u00a0:<br \/>\nA: Entretien facile : remplacement pratique de la cartouche par valve amovible<br \/>\nB : Conception simplifi\u00e9e : Moins de pi\u00e8ces que les autres Fluid Ends de l&#039;univers Warhammer 40,000.<br \/>\nC : Pistons et bagues de piston en carbure monobloc<\/p>\n<p>Application:<br \/>\nLes composants de la machine de nettoyage de l&#039;industrie de l&#039;acier au jet d&#039;eau de la s\u00e9rie de pistons 4240 sont les pi\u00e8ces de la pompe \u00e0 piston triplex 4240, cette pompe puissante peut \u00eatre utilis\u00e9e dans le nettoyage g\u00e9n\u00e9ral des surfaces, le nettoyage des tubes de canalisation, le nettoyage des \u00e9changeurs de chaleur, la peinture hydrodynamique et le nettoyage de la rouille, etc.<\/p>","protected":false},"featured_media":-1,"template":"","meta":[],"product_brand":[],"product_cat":[7],"product_tag":[],"class_list":{"0":"post-624","1":"product","2":"type-product","3":"status-publish","4":"has-post-thumbnail","6":"product_cat-jetstream-pump-fluid-end-compatibe-parts","8":"first","9":"instock","10":"shipping-taxable","11":"product-type-simple"},"yoast_head":"<!-- This site is optimized with the Yoast SEO plugin v24.9 - https:\/\/yoast.com\/wordpress\/plugins\/seo\/ -->\n<title>UHP 2800Bar 40K Water Jet Steel industry cleaning machine components 4240 Plunger - Panwin Machinery&amp;Equipment<\/title>\n<meta name=\"robots\" content=\"index, follow, max-snippet:-1, max-image-preview:large, max-video-preview:-1\" \/>\n<link rel=\"canonical\" href=\"https:\/\/panwinjet.com\/fr\/produit\/uhp-2800bar-40k-water-jet-steel-industry-cleaning-machine-components-4240-plunger\/\" \/>\n<meta property=\"og:locale\" content=\"fr_FR\" \/>\n<meta property=\"og:type\" content=\"article\" \/>\n<meta property=\"og:title\" content=\"UHP 2800Bar 40K Water Jet Steel industry cleaning machine components 4240 Plunger - Panwin Machinery&amp;Equipment\" \/>\n<meta property=\"og:description\" content=\"3.Product Feature And Application of Water Jet Steel industry cleaning machine components 4240 Plunger We Panwin Supply you Water Jet Steel industry cleaning machine components 4240 Plunger is advanced design, and it is Plungers clamped, NOT threaded, and in fact, this The Jetstream 40kpsi Fluid End standard Jetstream unit have many advanced features.We just list few of them.  The advantage characteristic: A:Easy service: convenient pop-out valve cartridge change B:simplicity design: Fewer parts than other 40k Fluid Ends. C:Solid carbide plungers and plunger bushings  Application: The Water Jet Steel industry cleaning machine components 4240 Plunger series are the parts of 4240 triplex plunger pump, this powerful pump can be used in the general surface cleaning, pipeline tubing cleaning, the heat-exchange cleaning, Hydro Painting &amp;Rust cleaning etc.\" \/>\n<meta property=\"og:url\" content=\"https:\/\/panwinjet.com\/fr\/produit\/uhp-2800bar-40k-water-jet-steel-industry-cleaning-machine-components-4240-plunger\/\" \/>\n<meta property=\"og:site_name\" content=\"Panwin Machinery&amp;Equipment\" \/>\n<meta name=\"twitter:card\" content=\"summary_large_image\" \/>\n<meta name=\"twitter:label1\" content=\"Dur\u00e9e de lecture estim\u00e9e\" \/>\n\t<meta name=\"twitter:data1\" content=\"1 minute\" \/>\n<script type=\"application\/ld+json\" class=\"yoast-schema-graph\">{\"@context\":\"https:\/\/schema.org\",\"@graph\":[{\"@type\":\"WebPage\",\"@id\":\"https:\/\/panwinjet.com\/product\/uhp-2800bar-40k-water-jet-steel-industry-cleaning-machine-components-4240-plunger\/\",\"url\":\"https:\/\/panwinjet.com\/product\/uhp-2800bar-40k-water-jet-steel-industry-cleaning-machine-components-4240-plunger\/\",\"name\":\"UHP 2800Bar 40K Water Jet Steel industry cleaning machine components 4240 Plunger - Panwin Machinery&amp;Equipment\",\"isPartOf\":{\"@id\":\"https:\/\/panwinjet.com\/#website\"},\"datePublished\":\"2025-09-19T06:44:23+00:00\",\"breadcrumb\":{\"@id\":\"https:\/\/panwinjet.com\/product\/uhp-2800bar-40k-water-jet-steel-industry-cleaning-machine-components-4240-plunger\/#breadcrumb\"},\"inLanguage\":\"fr-FR\",\"potentialAction\":[{\"@type\":\"ReadAction\",\"target\":[\"https:\/\/panwinjet.com\/product\/uhp-2800bar-40k-water-jet-steel-industry-cleaning-machine-components-4240-plunger\/\"]}]},{\"@type\":\"BreadcrumbList\",\"@id\":\"https:\/\/panwinjet.com\/product\/uhp-2800bar-40k-water-jet-steel-industry-cleaning-machine-components-4240-plunger\/#breadcrumb\",\"itemListElement\":[{\"@type\":\"ListItem\",\"position\":1,\"name\":\"\u9996\u9875\",\"item\":\"https:\/\/panwinjet.com\/\"},{\"@type\":\"ListItem\",\"position\":2,\"name\":\"PRODUCT\",\"item\":\"https:\/\/panwinjet.com\/product\/\"},{\"@type\":\"ListItem\",\"position\":3,\"name\":\"UHP 2800Bar 40K Water Jet Steel industry cleaning machine components 4240 Plunger\"}]},{\"@type\":\"WebSite\",\"@id\":\"https:\/\/panwinjet.com\/#website\",\"url\":\"https:\/\/panwinjet.com\/\",\"name\":\"Panwin Machinery&amp;Equipment\",\"description\":\"Shenzhen Panwin Machinery&amp;Equipment Co.Ltd\",\"potentialAction\":[{\"@type\":\"SearchAction\",\"target\":{\"@type\":\"EntryPoint\",\"urlTemplate\":\"https:\/\/panwinjet.com\/?s={search_term_string}\"},\"query-input\":{\"@type\":\"PropertyValueSpecification\",\"valueRequired\":true,\"valueName\":\"search_term_string\"}}],\"inLanguage\":\"fr-FR\"}]}<\/script>\n<!-- \/ Yoast SEO plugin. -->","yoast_head_json":{"title":"UHP 2800Bar 40K Water Jet Steel industry cleaning machine components 4240 Plunger - Panwin Machinery&amp;Equipment","robots":{"index":"index","follow":"follow","max-snippet":"max-snippet:-1","max-image-preview":"max-image-preview:large","max-video-preview":"max-video-preview:-1"},"canonical":"https:\/\/panwinjet.com\/fr\/produit\/uhp-2800bar-40k-water-jet-steel-industry-cleaning-machine-components-4240-plunger\/","og_locale":"fr_FR","og_type":"article","og_title":"UHP 2800Bar 40K Water Jet Steel industry cleaning machine components 4240 Plunger - Panwin Machinery&amp;Equipment","og_description":"3.Product Feature And Application of Water Jet Steel industry cleaning machine components 4240 Plunger We Panwin Supply you Water Jet Steel industry cleaning machine components 4240 Plunger is advanced design, and it is Plungers clamped, NOT threaded, and in fact, this The Jetstream 40kpsi Fluid End standard Jetstream unit have many advanced features.We just list few of them.  The advantage characteristic: A:Easy service: convenient pop-out valve cartridge change B:simplicity design: Fewer parts than other 40k Fluid Ends. C:Solid carbide plungers and plunger bushings  Application: The Water Jet Steel industry cleaning machine components 4240 Plunger series are the parts of 4240 triplex plunger pump, this powerful pump can be used in the general surface cleaning, pipeline tubing cleaning, the heat-exchange cleaning, Hydro Painting &amp;Rust cleaning etc.","og_url":"https:\/\/panwinjet.com\/fr\/produit\/uhp-2800bar-40k-water-jet-steel-industry-cleaning-machine-components-4240-plunger\/","og_site_name":"Panwin Machinery&amp;Equipment","twitter_card":"summary_large_image","twitter_misc":{"Dur\u00e9e de lecture estim\u00e9e":"1 minute"},"schema":{"@context":"https:\/\/schema.org","@graph":[{"@type":"WebPage","@id":"https:\/\/panwinjet.com\/product\/uhp-2800bar-40k-water-jet-steel-industry-cleaning-machine-components-4240-plunger\/","url":"https:\/\/panwinjet.com\/product\/uhp-2800bar-40k-water-jet-steel-industry-cleaning-machine-components-4240-plunger\/","name":"UHP 2800Bar 40K Water Jet Steel industry cleaning machine components 4240 Plunger - Panwin Machinery&amp;Equipment","isPartOf":{"@id":"https:\/\/panwinjet.com\/#website"},"datePublished":"2025-09-19T06:44:23+00:00","breadcrumb":{"@id":"https:\/\/panwinjet.com\/product\/uhp-2800bar-40k-water-jet-steel-industry-cleaning-machine-components-4240-plunger\/#breadcrumb"},"inLanguage":"fr-FR","potentialAction":[{"@type":"ReadAction","target":["https:\/\/panwinjet.com\/product\/uhp-2800bar-40k-water-jet-steel-industry-cleaning-machine-components-4240-plunger\/"]}]},{"@type":"BreadcrumbList","@id":"https:\/\/panwinjet.com\/product\/uhp-2800bar-40k-water-jet-steel-industry-cleaning-machine-components-4240-plunger\/#breadcrumb","itemListElement":[{"@type":"ListItem","position":1,"name":"\u9996\u9875","item":"https:\/\/panwinjet.com\/"},{"@type":"ListItem","position":2,"name":"PRODUCT","item":"https:\/\/panwinjet.com\/product\/"},{"@type":"ListItem","position":3,"name":"UHP 2800Bar 40K Water Jet Steel industry cleaning machine components 4240 Plunger"}]},{"@type":"WebSite","@id":"https:\/\/panwinjet.com\/#website","url":"https:\/\/panwinjet.com\/","name":"Panwin Machinery&amp;Equipment","description":"Shenzhen Panwin Machinery&amp;Equipment Co.Ltd","potentialAction":[{"@type":"SearchAction","target":{"@type":"EntryPoint","urlTemplate":"https:\/\/panwinjet.com\/?s={search_term_string}"},"query-input":{"@type":"PropertyValueSpecification","valueRequired":true,"valueName":"search_term_string"}}],"inLanguage":"fr-FR"}]}},"_links":{"self":[{"href":"https:\/\/panwinjet.com\/fr\/wp-json\/wp\/v2\/product\/624","targetHints":{"allow":["GET"]}}],"collection":[{"href":"https:\/\/panwinjet.com\/fr\/wp-json\/wp\/v2\/product"}],"about":[{"href":"https:\/\/panwinjet.com\/fr\/wp-json\/wp\/v2\/types\/product"}],"wp:featuredmedia":[{"embeddable":true,"href":"https:\/\/panwinjet.com\/fr\/wp-json\/"}],"wp:attachment":[{"href":"https:\/\/panwinjet.com\/fr\/wp-json\/wp\/v2\/media?parent=624"}],"wp:term":[{"taxonomy":"product_brand","embeddable":true,"href":"https:\/\/panwinjet.com\/fr\/wp-json\/wp\/v2\/product_brand?post=624"},{"taxonomy":"product_cat","embeddable":true,"href":"https:\/\/panwinjet.com\/fr\/wp-json\/wp\/v2\/product_cat?post=624"},{"taxonomy":"product_tag","embeddable":true,"href":"https:\/\/panwinjet.com\/fr\/wp-json\/wp\/v2\/product_tag?post=624"}],"curies":[{"name":"wp","href":"https:\/\/api.w.org\/{rel}","templated":true}]}}