{"id":615,"date":"2025-09-19T06:36:49","date_gmt":"2025-09-19T06:36:49","guid":{"rendered":"https:\/\/panwinjet.com\/?post_type=product&#038;p=615"},"modified":"2025-09-19T06:36:49","modified_gmt":"2025-09-19T06:36:49","slug":"2800bar-pressure-water-jet-blasting-sc-self-rotating-surface-cleaning-high-uhp-barracuda-nozzles","status":"publish","type":"product","link":"https:\/\/panwinjet.com\/fr\/produit\/2800bar-pressure-water-jet-blasting-sc-self-rotating-surface-cleaning-high-uhp-barracuda-nozzles\/","title":{"rendered":"Nettoyage de surfaces par jet d&#039;eau haute pression 2800 bars, buses auto-rotatives SC \u00e0 jet haute pression Barracuda"},"content":{"rendered":"<p>1. Pr\u00e9sentation du produit : Ensemble d&#039;outil de nettoyage de surface auto-rotatif SC pour le sablage au jet d&#039;eau \u00e0 2800 bars<br \/>\nEnsemble d&#039;outil de nettoyage de surface auto-rotatif SC pour le sablage au jet d&#039;eau \u00e0 pression de 2800 bars<br \/>\nCon\u00e7u pour supporter une pression jusqu&#039;\u00e0 2\u00a0800\u00a0bars, il est utilis\u00e9 pour la pr\u00e9paration de surfaces d&#039;\u00e9quipements industriels, le d\u00e9capage de la rouille et l&#039;\u00e9limination des peintures sur les coques de navires. Ses avantages r\u00e9sident dans sa structure interne simple, sa facilit\u00e9 d&#039;entretien et ses faibles co\u00fbts d&#039;utilisation.<\/p>\n<p>2. Param\u00e8tres du produit (sp\u00e9cifications) de l&#039;outil de nettoyage de surface auto-rotatif SC pour le sablage au jet d&#039;eau \u00e0 2800 bars<br \/>\nLe nettoyeur haute pression \u00e0 jet d&#039;eau SC auto-rotatif de 2\u00a0800\u00a0bars est un outil de nettoyage hydrodynamique puissant et polyvalent. Avec une vitesse maximale de 2\u00a0600\u00a0tr\/min et une pression maximale de 2\u00a0800\u00a0bars, il offre des performances de nettoyage de surface exceptionnelles. Caract\u00e9ristiques techniques\u00a0: voir images.<\/p>\n<div style=\"width: 1220px;\" class=\"wp-video\"><video class=\"wp-video-shortcode\" id=\"video-615-1\" width=\"1220\" height=\"686\" preload=\"metadata\" controls=\"controls\"><source type=\"video\/mp4\" src=\"https:\/\/panwinjet.com\/wp-content\/uploads\/2025\/09\/40K-Rotary-Nozzles.mp4?_=1\" \/><a href=\"https:\/\/panwinjet.com\/wp-content\/uploads\/2025\/09\/40K-Rotary-Nozzles.mp4\">https:\/\/panwinjet.com\/wp-content\/uploads\/2025\/09\/40K-Rotary-Nozzles.mp4<\/a><\/video><\/div>","protected":false},"excerpt":{"rendered":"<p>3. Caract\u00e9ristiques et applications du syst\u00e8me de nettoyage de surface auto-rotatif SC \u00e0 jet d&#039;eau haute pression de 2\u00a0800\u00a0bars<br \/>\nEnsemble d&#039;outil de nettoyage de surface auto-rotatif SC pour le sablage au jet d&#039;eau \u00e0 pression de 2800 bars<br \/>\nAppr\u00e9ci\u00e9 des utilisateurs pour la pr\u00e9paration de surfaces, le d\u00e9capage de peinture, le traitement des coques de navires, etc., ce produit pr\u00e9sente une structure avantageuse et des fonctionnalit\u00e9s avanc\u00e9es. Ses caract\u00e9ristiques principales sont les suivantes\u00a0:<br \/>\nA: Structures internes simples<br \/>\nB : Entretien facile<br \/>\nC : Faible co\u00fbt d&#039;utilisation et haute efficacit\u00e9<\/p>\n<p>Application:<br \/>\nEnsemble d&#039;outil de nettoyage de surface auto-rotatif SC pour le sablage au jet d&#039;eau \u00e0 pression de 2800 bars<br \/>\nIl s&#039;agit d&#039;un outil de nettoyage par pulv\u00e9risation de surface puissant, largement utilis\u00e9 dans l&#039;industrie du nettoyage, notamment pour le nettoyage de r\u00e9servoirs et de cuves, le nettoyage de la peinture automobile, le nettoyage de la rouille des coques de navires, le nettoyage dans l&#039;industrie mini\u00e8re, le nettoyage dans la fabrication de l&#039;acier, l&#039;industrie de la construction, etc.<\/p>\n<p>&nbsp;<\/p>\n<p>4. D\u00e9tails du produit : Ensemble d&#039;outil de nettoyage de surface auto-rotatif SC pour le sablage au jet d&#039;eau \u00e0 pression de 2\u00a0800\u00a0bars<br \/>\nL&#039;ensemble d&#039;outil de nettoyage de surface auto-rotatif SC \u00e0 jet d&#039;eau sous pression de 2800 bars est fabriqu\u00e9 en acier inoxydable robuste et poss\u00e8de une structure simple. Il est facile \u00e0 entretenir et offre des performances de haute efficacit\u00e9, comme suit\u00a0:<\/p>","protected":false},"featured_media":-1,"template":"","meta":[],"product_brand":[],"product_cat":[5],"product_tag":[],"class_list":{"0":"post-615","1":"product","2":"type-product","3":"status-publish","4":"has-post-thumbnail","6":"product_cat-uhp-rotating-nozzles","8":"first","9":"instock","10":"shipping-taxable","11":"product-type-simple"},"yoast_head":"<!-- This site is optimized with the Yoast SEO plugin v24.9 - https:\/\/yoast.com\/wordpress\/plugins\/seo\/ -->\n<title>2800bar Pressure Water Jet blasting SC Self-Rotating Surface Cleaning high UHP barracuda Nozzles - Panwin Machinery&amp;Equipment<\/title>\n<meta name=\"robots\" content=\"index, follow, max-snippet:-1, max-image-preview:large, max-video-preview:-1\" \/>\n<link rel=\"canonical\" href=\"https:\/\/panwinjet.com\/fr\/produit\/2800bar-pressure-water-jet-blasting-sc-self-rotating-surface-cleaning-high-uhp-barracuda-nozzles\/\" \/>\n<meta property=\"og:locale\" content=\"fr_FR\" \/>\n<meta property=\"og:type\" content=\"article\" \/>\n<meta property=\"og:title\" content=\"2800bar Pressure Water Jet blasting SC Self-Rotating Surface Cleaning high UHP barracuda Nozzles - Panwin Machinery&amp;Equipment\" \/>\n<meta property=\"og:description\" content=\"3.Product Feature And Application of 2800bar Pressure Water Jet blasting SC Self-Rotating Surface Cleaning Tool Assembly The 2800bar Pressure Water Jet blasting SC Self-Rotating Surface Cleaning Tool Assembly is welcomed by user in surface preparation and Paint removal and Ship hull etc, it is structure advantage and functionally advanced, and it is features follows points: A:Simple Inner Structures B:Easy maintenance C:Low usage cost&amp;High efficiency  Application: This 2800bar Pressure Water Jet blasting SC Self-Rotating Surface Cleaning Tool Assembly is powerful surface spraying cleaning tools, it can be used widely in cleaning industry, mainly in Tank&amp;Vessel Cleaning,Automotive Painting cleaning,Ship Hull Rust cleaning,Mining industry cleaning,Steel manufacture cleaning, Construction industry etc.  &nbsp;  4.Product Details of 2800bar Pressure Water Jet blasting SC Self-Rotating Surface Cleaning Tool Assembly The 2800bar Pressure Water Jet blasting SC Self-Rotating Surface Cleaning Tool Assembly has heavy-duty stainless steel and simple structure, and it is easy maintenance and high efficiency performance as follows:\" \/>\n<meta property=\"og:url\" content=\"https:\/\/panwinjet.com\/fr\/produit\/2800bar-pressure-water-jet-blasting-sc-self-rotating-surface-cleaning-high-uhp-barracuda-nozzles\/\" \/>\n<meta property=\"og:site_name\" content=\"Panwin Machinery&amp;Equipment\" \/>\n<meta name=\"twitter:card\" content=\"summary_large_image\" \/>\n<meta name=\"twitter:label1\" content=\"Dur\u00e9e de lecture estim\u00e9e\" \/>\n\t<meta name=\"twitter:data1\" content=\"1 minute\" \/>\n<script type=\"application\/ld+json\" class=\"yoast-schema-graph\">{\"@context\":\"https:\/\/schema.org\",\"@graph\":[{\"@type\":\"WebPage\",\"@id\":\"https:\/\/panwinjet.com\/product\/2800bar-pressure-water-jet-blasting-sc-self-rotating-surface-cleaning-high-uhp-barracuda-nozzles\/\",\"url\":\"https:\/\/panwinjet.com\/product\/2800bar-pressure-water-jet-blasting-sc-self-rotating-surface-cleaning-high-uhp-barracuda-nozzles\/\",\"name\":\"2800bar Pressure Water Jet blasting SC Self-Rotating Surface Cleaning high UHP barracuda Nozzles - Panwin Machinery&amp;Equipment\",\"isPartOf\":{\"@id\":\"https:\/\/panwinjet.com\/#website\"},\"datePublished\":\"2025-09-19T06:36:49+00:00\",\"breadcrumb\":{\"@id\":\"https:\/\/panwinjet.com\/product\/2800bar-pressure-water-jet-blasting-sc-self-rotating-surface-cleaning-high-uhp-barracuda-nozzles\/#breadcrumb\"},\"inLanguage\":\"fr-FR\",\"potentialAction\":[{\"@type\":\"ReadAction\",\"target\":[\"https:\/\/panwinjet.com\/product\/2800bar-pressure-water-jet-blasting-sc-self-rotating-surface-cleaning-high-uhp-barracuda-nozzles\/\"]}]},{\"@type\":\"BreadcrumbList\",\"@id\":\"https:\/\/panwinjet.com\/product\/2800bar-pressure-water-jet-blasting-sc-self-rotating-surface-cleaning-high-uhp-barracuda-nozzles\/#breadcrumb\",\"itemListElement\":[{\"@type\":\"ListItem\",\"position\":1,\"name\":\"\u9996\u9875\",\"item\":\"https:\/\/panwinjet.com\/\"},{\"@type\":\"ListItem\",\"position\":2,\"name\":\"PRODUCT\",\"item\":\"https:\/\/panwinjet.com\/product\/\"},{\"@type\":\"ListItem\",\"position\":3,\"name\":\"2800bar Pressure Water Jet blasting SC Self-Rotating Surface Cleaning high UHP barracuda Nozzles\"}]},{\"@type\":\"WebSite\",\"@id\":\"https:\/\/panwinjet.com\/#website\",\"url\":\"https:\/\/panwinjet.com\/\",\"name\":\"Panwin Machinery&amp;Equipment\",\"description\":\"Shenzhen Panwin Machinery&amp;Equipment Co.Ltd\",\"potentialAction\":[{\"@type\":\"SearchAction\",\"target\":{\"@type\":\"EntryPoint\",\"urlTemplate\":\"https:\/\/panwinjet.com\/?s={search_term_string}\"},\"query-input\":{\"@type\":\"PropertyValueSpecification\",\"valueRequired\":true,\"valueName\":\"search_term_string\"}}],\"inLanguage\":\"fr-FR\"}]}<\/script>\n<!-- \/ Yoast SEO plugin. -->","yoast_head_json":{"title":"2800bar Pressure Water Jet blasting SC Self-Rotating Surface Cleaning high UHP barracuda Nozzles - Panwin Machinery&amp;Equipment","robots":{"index":"index","follow":"follow","max-snippet":"max-snippet:-1","max-image-preview":"max-image-preview:large","max-video-preview":"max-video-preview:-1"},"canonical":"https:\/\/panwinjet.com\/fr\/produit\/2800bar-pressure-water-jet-blasting-sc-self-rotating-surface-cleaning-high-uhp-barracuda-nozzles\/","og_locale":"fr_FR","og_type":"article","og_title":"2800bar Pressure Water Jet blasting SC Self-Rotating Surface Cleaning high UHP barracuda Nozzles - Panwin Machinery&amp;Equipment","og_description":"3.Product Feature And Application of 2800bar Pressure Water Jet blasting SC Self-Rotating Surface Cleaning Tool Assembly The 2800bar Pressure Water Jet blasting SC Self-Rotating Surface Cleaning Tool Assembly is welcomed by user in surface preparation and Paint removal and Ship hull etc, it is structure advantage and functionally advanced, and it is features follows points: A:Simple Inner Structures B:Easy maintenance C:Low usage cost&amp;High efficiency  Application: This 2800bar Pressure Water Jet blasting SC Self-Rotating Surface Cleaning Tool Assembly is powerful surface spraying cleaning tools, it can be used widely in cleaning industry, mainly in Tank&amp;Vessel Cleaning,Automotive Painting cleaning,Ship Hull Rust cleaning,Mining industry cleaning,Steel manufacture cleaning, Construction industry etc.  &nbsp;  4.Product Details of 2800bar Pressure Water Jet blasting SC Self-Rotating Surface Cleaning Tool Assembly The 2800bar Pressure Water Jet blasting SC Self-Rotating Surface Cleaning Tool Assembly has heavy-duty stainless steel and simple structure, and it is easy maintenance and high efficiency performance as follows:","og_url":"https:\/\/panwinjet.com\/fr\/produit\/2800bar-pressure-water-jet-blasting-sc-self-rotating-surface-cleaning-high-uhp-barracuda-nozzles\/","og_site_name":"Panwin Machinery&amp;Equipment","twitter_card":"summary_large_image","twitter_misc":{"Dur\u00e9e de lecture estim\u00e9e":"1 minute"},"schema":{"@context":"https:\/\/schema.org","@graph":[{"@type":"WebPage","@id":"https:\/\/panwinjet.com\/product\/2800bar-pressure-water-jet-blasting-sc-self-rotating-surface-cleaning-high-uhp-barracuda-nozzles\/","url":"https:\/\/panwinjet.com\/product\/2800bar-pressure-water-jet-blasting-sc-self-rotating-surface-cleaning-high-uhp-barracuda-nozzles\/","name":"2800bar Pressure Water Jet blasting SC Self-Rotating Surface Cleaning high UHP barracuda Nozzles - Panwin Machinery&amp;Equipment","isPartOf":{"@id":"https:\/\/panwinjet.com\/#website"},"datePublished":"2025-09-19T06:36:49+00:00","breadcrumb":{"@id":"https:\/\/panwinjet.com\/product\/2800bar-pressure-water-jet-blasting-sc-self-rotating-surface-cleaning-high-uhp-barracuda-nozzles\/#breadcrumb"},"inLanguage":"fr-FR","potentialAction":[{"@type":"ReadAction","target":["https:\/\/panwinjet.com\/product\/2800bar-pressure-water-jet-blasting-sc-self-rotating-surface-cleaning-high-uhp-barracuda-nozzles\/"]}]},{"@type":"BreadcrumbList","@id":"https:\/\/panwinjet.com\/product\/2800bar-pressure-water-jet-blasting-sc-self-rotating-surface-cleaning-high-uhp-barracuda-nozzles\/#breadcrumb","itemListElement":[{"@type":"ListItem","position":1,"name":"\u9996\u9875","item":"https:\/\/panwinjet.com\/"},{"@type":"ListItem","position":2,"name":"PRODUCT","item":"https:\/\/panwinjet.com\/product\/"},{"@type":"ListItem","position":3,"name":"2800bar Pressure Water Jet blasting SC Self-Rotating Surface Cleaning high UHP barracuda Nozzles"}]},{"@type":"WebSite","@id":"https:\/\/panwinjet.com\/#website","url":"https:\/\/panwinjet.com\/","name":"Panwin Machinery&amp;Equipment","description":"Shenzhen Panwin Machinery&amp;Equipment Co.Ltd","potentialAction":[{"@type":"SearchAction","target":{"@type":"EntryPoint","urlTemplate":"https:\/\/panwinjet.com\/?s={search_term_string}"},"query-input":{"@type":"PropertyValueSpecification","valueRequired":true,"valueName":"search_term_string"}}],"inLanguage":"fr-FR"}]}},"_links":{"self":[{"href":"https:\/\/panwinjet.com\/fr\/wp-json\/wp\/v2\/product\/615","targetHints":{"allow":["GET"]}}],"collection":[{"href":"https:\/\/panwinjet.com\/fr\/wp-json\/wp\/v2\/product"}],"about":[{"href":"https:\/\/panwinjet.com\/fr\/wp-json\/wp\/v2\/types\/product"}],"wp:featuredmedia":[{"embeddable":true,"href":"https:\/\/panwinjet.com\/fr\/wp-json\/"}],"wp:attachment":[{"href":"https:\/\/panwinjet.com\/fr\/wp-json\/wp\/v2\/media?parent=615"}],"wp:term":[{"taxonomy":"product_brand","embeddable":true,"href":"https:\/\/panwinjet.com\/fr\/wp-json\/wp\/v2\/product_brand?post=615"},{"taxonomy":"product_cat","embeddable":true,"href":"https:\/\/panwinjet.com\/fr\/wp-json\/wp\/v2\/product_cat?post=615"},{"taxonomy":"product_tag","embeddable":true,"href":"https:\/\/panwinjet.com\/fr\/wp-json\/wp\/v2\/product_tag?post=615"}],"curies":[{"name":"wp","href":"https:\/\/api.w.org\/{rel}","templated":true}]}}