{"id":588,"date":"2025-09-19T06:07:35","date_gmt":"2025-09-19T06:07:35","guid":{"rendered":"https:\/\/panwinjet.com\/?post_type=product&#038;p=588"},"modified":"2025-09-19T06:07:35","modified_gmt":"2025-09-19T06:07:35","slug":"uhp-1500bar-22k-vessel-tank-water-jet-cleaning-machine-components-4240-uni-valve","status":"publish","type":"product","link":"https:\/\/panwinjet.com\/fr\/produit\/uhp-1500bar-22k-vessel-tank-water-jet-cleaning-machine-components-4240-uni-valve\/","title":{"rendered":"Composants de la machine de nettoyage de r\u00e9servoirs par jet d&#039;eau UHP 1500 bars 22K\u00a0: vanne universelle 4240"},"content":{"rendered":"<p>Composants de la machine de nettoyage au jet d&#039;eau pour r\u00e9servoir de cuve 4240 Uni-Valve<br \/>\nPr\u00e9sentation du produit\u00a0: Composants de la machine de nettoyage au jet d&#039;eau pour r\u00e9servoirs de cuves\u00a0- Assemblages de vannes unilingues 4240<br \/>\nCe composant de machine de nettoyage au jet d&#039;eau pour r\u00e9servoir de cuve (ensembles de vannes uniloculaires 4240) est destin\u00e9 \u00e0 \u00eatre utilis\u00e9 dans l&#039;extr\u00e9mit\u00e9 hydraulique Jetstream d&#039;une pression nominale de 40\u00a0000\u00a0psi et est compatible avec les mod\u00e8les Jetstream 53495 et K53496.<\/p>\n<p>2. Param\u00e8tres du produit (sp\u00e9cifications) des composants de la machine de nettoyage au jet d&#039;eau pour r\u00e9servoirs de cuves\u00a0: vanne universelle 4240<br \/>\nLes composants de la machine de nettoyage au jet d&#039;eau pour r\u00e9servoirs Panwin, notamment les ensembles de vannes unilame 4240, sont fabriqu\u00e9s en acier inoxydable de haute qualit\u00e9, avec un savoir-faire exceptionnel et une qualit\u00e9 sup\u00e9rieure. Cette vanne unilame Jetstream, d&#039;une pression nominale de 40 KPSI, est largement utilis\u00e9e dans l&#039;extr\u00e9mit\u00e9 fluide Jetstream. Elle est durable et fiable, comme vous pouvez le constater dans la conception fonctionnelle de l&#039;unit\u00e9 d&#039;extr\u00e9mit\u00e9 fluide.<\/p>\n<p>&nbsp;<\/p>","protected":false},"excerpt":{"rendered":"<p>3. Caract\u00e9ristiques et applications des composants de la machine de nettoyage de r\u00e9servoirs \u00e0 jet d&#039;eau\u00a0: ensembles de vannes unilingues 4240<br \/>\nLes composants de cette machine de nettoyage de r\u00e9servoirs par jet d&#039;eau, notamment les cartouches \u00e0 vanne unique 4240, b\u00e9n\u00e9ficient d&#039;une conception de pointe pour des performances exceptionnelles et une maintenance ais\u00e9e. Leurs fonctionnalit\u00e9s avanc\u00e9es sont d\u00e9taill\u00e9es ci-dessous\u00a0:<br \/>\nA : Vannes d&#039;aspiration et de refoulement combin\u00e9es dans une seule partie autonome<br \/>\nB : Livr\u00e9 rod\u00e9 pour une installation imm\u00e9diate<br \/>\nC : La conception en ligne minimise les turbulences<\/p>\n<p>Application:<br \/>\nCe composant de machine de nettoyage au jet d&#039;eau pour r\u00e9servoir de cuve, les ensembles de vannes uniloculaires 4240, est appliqu\u00e9 \u00e0 la pompe d&#039;extr\u00e9mit\u00e9 fluide Jetstream de pression nominale de 40 kpsi ; il s&#039;agit d&#039;une pi\u00e8ce importante et de conception avanc\u00e9e.<br \/>\nCette pompe peut \u00eatre largement utilis\u00e9e pour le nettoyage de surfaces, le nettoyage de r\u00e9servoirs et de cuves, le nettoyage de la peinture automobile, le nettoyage dans l&#039;industrie mini\u00e8re, le nettoyage dans la fabrication de l&#039;acier, le secteur de la construction, etc.<\/p>\n<p>D\u00e9tails du produit\u00a0: Composants de la machine de nettoyage au jet d&#039;eau pour r\u00e9servoirs de cuves\u00a0- Assemblages de vannes uniloculaires 4240<br \/>\nLes composants de la machine de nettoyage au jet d&#039;eau pour r\u00e9servoirs de cuves, les ensembles de cartouches Uni-Valve 4240, chaque petite pi\u00e8ce joue un r\u00f4le dans le bon fonctionnement de la pompe et dans l&#039;obtention de performances de nettoyage robustes, comme nous le montrons ci-dessous en d\u00e9tail.<\/p>\n<p>Mod\u00e8les de pompes compatibles\u00a0:<br \/>\nCet ensemble de vanne Uni-Valve de 40 kpsi est compatible avec les mod\u00e8les de pompes ultra-pression JT suivants.<br \/>\nJetstream 3640<br \/>\nJetstream 4240<br \/>\nJetstream 5040<\/p>","protected":false},"featured_media":593,"template":"","meta":[],"product_brand":[],"product_cat":[7],"product_tag":[],"class_list":{"0":"post-588","1":"product","2":"type-product","3":"status-publish","4":"has-post-thumbnail","6":"product_cat-jetstream-pump-fluid-end-compatibe-parts","8":"first","9":"instock","10":"shipping-taxable","11":"product-type-simple"},"yoast_head":"<!-- This site is optimized with the Yoast SEO plugin v24.9 - https:\/\/yoast.com\/wordpress\/plugins\/seo\/ -->\n<title>UHP 1500Bar 22K Vessel tank Water Jet cleaning machine components 4240 Uni-Valve - Panwin Machinery&amp;Equipment<\/title>\n<meta name=\"robots\" content=\"index, follow, max-snippet:-1, max-image-preview:large, max-video-preview:-1\" \/>\n<link rel=\"canonical\" href=\"https:\/\/panwinjet.com\/fr\/produit\/uhp-1500bar-22k-vessel-tank-water-jet-cleaning-machine-components-4240-uni-valve\/\" \/>\n<meta property=\"og:locale\" content=\"fr_FR\" \/>\n<meta property=\"og:type\" content=\"article\" \/>\n<meta property=\"og:title\" content=\"UHP 1500Bar 22K Vessel tank Water Jet cleaning machine components 4240 Uni-Valve - Panwin Machinery&amp;Equipment\" \/>\n<meta property=\"og:description\" content=\"3.Product Feature And Application of Vessel tank Water Jet cleaning machine components 4240 Uni-Valve Assemblies This Vessel tank Water Jet cleaning machine components 4240 Uni-Valve Cartridge Assemblies is state-of-art design for excellent performance and easy-service, it is functionally advanced in details as follows: A: Combined suction and discharge valves in one self-contained part B: Comes lapped for immediate installation C:In-line design minimizes turbulence  Application: This Vessel tank Water Jet cleaning machine components 4240 Uni-Valve Assemblies is applied to Jetstream 40kpsi pressure rated Fluid End pump, it is the important part and advanced design. The pump can be widely used in surface cleaning,Tank&amp;Vessel Cleaning,Automotive Painting cleaning,Mining industry cleaning,Steel manufacture cleaning, Construction industry etc.  Product Details of Vessel tank Water Jet cleaning machine components 4240 Uni-Valve Assemblies The Vessel tank Water Jet cleaning machine components 4240 Uni-Valve cartridge Assemblies, every small parts take the role to make the pump work good condition and have robust cleaning performance, as follows we show the every details parts.  Compatible pump Models: This 40kpsi Uni-Valve assembly is compatible with following JT Ultra-pressure pump models. Jetstream 3640 Jetstream 4240 Jetstream 5040\" \/>\n<meta property=\"og:url\" content=\"https:\/\/panwinjet.com\/fr\/produit\/uhp-1500bar-22k-vessel-tank-water-jet-cleaning-machine-components-4240-uni-valve\/\" \/>\n<meta property=\"og:site_name\" content=\"Panwin Machinery&amp;Equipment\" \/>\n<meta property=\"og:image\" content=\"https:\/\/panwinjet.com\/wp-content\/uploads\/2025\/09\/Uni-Valve-2.jpg\" \/>\n\t<meta property=\"og:image:width\" content=\"1279\" \/>\n\t<meta property=\"og:image:height\" content=\"1706\" \/>\n\t<meta property=\"og:image:type\" content=\"image\/jpeg\" \/>\n<meta name=\"twitter:card\" content=\"summary_large_image\" \/>\n<meta name=\"twitter:label1\" content=\"Dur\u00e9e de lecture estim\u00e9e\" \/>\n\t<meta name=\"twitter:data1\" content=\"1 minute\" \/>\n<script type=\"application\/ld+json\" class=\"yoast-schema-graph\">{\"@context\":\"https:\/\/schema.org\",\"@graph\":[{\"@type\":\"WebPage\",\"@id\":\"https:\/\/panwinjet.com\/product\/uhp-1500bar-22k-vessel-tank-water-jet-cleaning-machine-components-4240-uni-valve\/\",\"url\":\"https:\/\/panwinjet.com\/product\/uhp-1500bar-22k-vessel-tank-water-jet-cleaning-machine-components-4240-uni-valve\/\",\"name\":\"UHP 1500Bar 22K Vessel tank Water Jet cleaning machine components 4240 Uni-Valve - Panwin Machinery&amp;Equipment\",\"isPartOf\":{\"@id\":\"https:\/\/panwinjet.com\/#website\"},\"primaryImageOfPage\":{\"@id\":\"https:\/\/panwinjet.com\/product\/uhp-1500bar-22k-vessel-tank-water-jet-cleaning-machine-components-4240-uni-valve\/#primaryimage\"},\"image\":{\"@id\":\"https:\/\/panwinjet.com\/product\/uhp-1500bar-22k-vessel-tank-water-jet-cleaning-machine-components-4240-uni-valve\/#primaryimage\"},\"thumbnailUrl\":\"https:\/\/panwinjet.com\/wp-content\/uploads\/2025\/09\/Uni-Valve-2.jpg\",\"datePublished\":\"2025-09-19T06:07:35+00:00\",\"breadcrumb\":{\"@id\":\"https:\/\/panwinjet.com\/product\/uhp-1500bar-22k-vessel-tank-water-jet-cleaning-machine-components-4240-uni-valve\/#breadcrumb\"},\"inLanguage\":\"fr-FR\",\"potentialAction\":[{\"@type\":\"ReadAction\",\"target\":[\"https:\/\/panwinjet.com\/product\/uhp-1500bar-22k-vessel-tank-water-jet-cleaning-machine-components-4240-uni-valve\/\"]}]},{\"@type\":\"ImageObject\",\"inLanguage\":\"fr-FR\",\"@id\":\"https:\/\/panwinjet.com\/product\/uhp-1500bar-22k-vessel-tank-water-jet-cleaning-machine-components-4240-uni-valve\/#primaryimage\",\"url\":\"https:\/\/panwinjet.com\/wp-content\/uploads\/2025\/09\/Uni-Valve-2.jpg\",\"contentUrl\":\"https:\/\/panwinjet.com\/wp-content\/uploads\/2025\/09\/Uni-Valve-2.jpg\",\"width\":1279,\"height\":1706},{\"@type\":\"BreadcrumbList\",\"@id\":\"https:\/\/panwinjet.com\/product\/uhp-1500bar-22k-vessel-tank-water-jet-cleaning-machine-components-4240-uni-valve\/#breadcrumb\",\"itemListElement\":[{\"@type\":\"ListItem\",\"position\":1,\"name\":\"\u9996\u9875\",\"item\":\"https:\/\/panwinjet.com\/\"},{\"@type\":\"ListItem\",\"position\":2,\"name\":\"PRODUCT\",\"item\":\"https:\/\/panwinjet.com\/product\/\"},{\"@type\":\"ListItem\",\"position\":3,\"name\":\"UHP 1500Bar 22K Vessel tank Water Jet cleaning machine components 4240 Uni-Valve\"}]},{\"@type\":\"WebSite\",\"@id\":\"https:\/\/panwinjet.com\/#website\",\"url\":\"https:\/\/panwinjet.com\/\",\"name\":\"Panwin Machinery&amp;Equipment\",\"description\":\"Shenzhen Panwin Machinery&amp;Equipment Co.Ltd\",\"potentialAction\":[{\"@type\":\"SearchAction\",\"target\":{\"@type\":\"EntryPoint\",\"urlTemplate\":\"https:\/\/panwinjet.com\/?s={search_term_string}\"},\"query-input\":{\"@type\":\"PropertyValueSpecification\",\"valueRequired\":true,\"valueName\":\"search_term_string\"}}],\"inLanguage\":\"fr-FR\"}]}<\/script>\n<!-- \/ Yoast SEO plugin. -->","yoast_head_json":{"title":"UHP 1500Bar 22K Vessel tank Water Jet cleaning machine components 4240 Uni-Valve - Panwin Machinery&amp;Equipment","robots":{"index":"index","follow":"follow","max-snippet":"max-snippet:-1","max-image-preview":"max-image-preview:large","max-video-preview":"max-video-preview:-1"},"canonical":"https:\/\/panwinjet.com\/fr\/produit\/uhp-1500bar-22k-vessel-tank-water-jet-cleaning-machine-components-4240-uni-valve\/","og_locale":"fr_FR","og_type":"article","og_title":"UHP 1500Bar 22K Vessel tank Water Jet cleaning machine components 4240 Uni-Valve - Panwin Machinery&amp;Equipment","og_description":"3.Product Feature And Application of Vessel tank Water Jet cleaning machine components 4240 Uni-Valve Assemblies This Vessel tank Water Jet cleaning machine components 4240 Uni-Valve Cartridge Assemblies is state-of-art design for excellent performance and easy-service, it is functionally advanced in details as follows: A: Combined suction and discharge valves in one self-contained part B: Comes lapped for immediate installation C:In-line design minimizes turbulence  Application: This Vessel tank Water Jet cleaning machine components 4240 Uni-Valve Assemblies is applied to Jetstream 40kpsi pressure rated Fluid End pump, it is the important part and advanced design. The pump can be widely used in surface cleaning,Tank&amp;Vessel Cleaning,Automotive Painting cleaning,Mining industry cleaning,Steel manufacture cleaning, Construction industry etc.  Product Details of Vessel tank Water Jet cleaning machine components 4240 Uni-Valve Assemblies The Vessel tank Water Jet cleaning machine components 4240 Uni-Valve cartridge Assemblies, every small parts take the role to make the pump work good condition and have robust cleaning performance, as follows we show the every details parts.  Compatible pump Models: This 40kpsi Uni-Valve assembly is compatible with following JT Ultra-pressure pump models. Jetstream 3640 Jetstream 4240 Jetstream 5040","og_url":"https:\/\/panwinjet.com\/fr\/produit\/uhp-1500bar-22k-vessel-tank-water-jet-cleaning-machine-components-4240-uni-valve\/","og_site_name":"Panwin Machinery&amp;Equipment","og_image":[{"width":1279,"height":1706,"url":"https:\/\/panwinjet.com\/wp-content\/uploads\/2025\/09\/Uni-Valve-2.jpg","type":"image\/jpeg"}],"twitter_card":"summary_large_image","twitter_misc":{"Dur\u00e9e de lecture estim\u00e9e":"1 minute"},"schema":{"@context":"https:\/\/schema.org","@graph":[{"@type":"WebPage","@id":"https:\/\/panwinjet.com\/product\/uhp-1500bar-22k-vessel-tank-water-jet-cleaning-machine-components-4240-uni-valve\/","url":"https:\/\/panwinjet.com\/product\/uhp-1500bar-22k-vessel-tank-water-jet-cleaning-machine-components-4240-uni-valve\/","name":"UHP 1500Bar 22K Vessel tank Water Jet cleaning machine components 4240 Uni-Valve - Panwin Machinery&amp;Equipment","isPartOf":{"@id":"https:\/\/panwinjet.com\/#website"},"primaryImageOfPage":{"@id":"https:\/\/panwinjet.com\/product\/uhp-1500bar-22k-vessel-tank-water-jet-cleaning-machine-components-4240-uni-valve\/#primaryimage"},"image":{"@id":"https:\/\/panwinjet.com\/product\/uhp-1500bar-22k-vessel-tank-water-jet-cleaning-machine-components-4240-uni-valve\/#primaryimage"},"thumbnailUrl":"https:\/\/panwinjet.com\/wp-content\/uploads\/2025\/09\/Uni-Valve-2.jpg","datePublished":"2025-09-19T06:07:35+00:00","breadcrumb":{"@id":"https:\/\/panwinjet.com\/product\/uhp-1500bar-22k-vessel-tank-water-jet-cleaning-machine-components-4240-uni-valve\/#breadcrumb"},"inLanguage":"fr-FR","potentialAction":[{"@type":"ReadAction","target":["https:\/\/panwinjet.com\/product\/uhp-1500bar-22k-vessel-tank-water-jet-cleaning-machine-components-4240-uni-valve\/"]}]},{"@type":"ImageObject","inLanguage":"fr-FR","@id":"https:\/\/panwinjet.com\/product\/uhp-1500bar-22k-vessel-tank-water-jet-cleaning-machine-components-4240-uni-valve\/#primaryimage","url":"https:\/\/panwinjet.com\/wp-content\/uploads\/2025\/09\/Uni-Valve-2.jpg","contentUrl":"https:\/\/panwinjet.com\/wp-content\/uploads\/2025\/09\/Uni-Valve-2.jpg","width":1279,"height":1706},{"@type":"BreadcrumbList","@id":"https:\/\/panwinjet.com\/product\/uhp-1500bar-22k-vessel-tank-water-jet-cleaning-machine-components-4240-uni-valve\/#breadcrumb","itemListElement":[{"@type":"ListItem","position":1,"name":"\u9996\u9875","item":"https:\/\/panwinjet.com\/"},{"@type":"ListItem","position":2,"name":"PRODUCT","item":"https:\/\/panwinjet.com\/product\/"},{"@type":"ListItem","position":3,"name":"UHP 1500Bar 22K Vessel tank Water Jet cleaning machine components 4240 Uni-Valve"}]},{"@type":"WebSite","@id":"https:\/\/panwinjet.com\/#website","url":"https:\/\/panwinjet.com\/","name":"Panwin Machinery&amp;Equipment","description":"Shenzhen Panwin Machinery&amp;Equipment Co.Ltd","potentialAction":[{"@type":"SearchAction","target":{"@type":"EntryPoint","urlTemplate":"https:\/\/panwinjet.com\/?s={search_term_string}"},"query-input":{"@type":"PropertyValueSpecification","valueRequired":true,"valueName":"search_term_string"}}],"inLanguage":"fr-FR"}]}},"_links":{"self":[{"href":"https:\/\/panwinjet.com\/fr\/wp-json\/wp\/v2\/product\/588","targetHints":{"allow":["GET"]}}],"collection":[{"href":"https:\/\/panwinjet.com\/fr\/wp-json\/wp\/v2\/product"}],"about":[{"href":"https:\/\/panwinjet.com\/fr\/wp-json\/wp\/v2\/types\/product"}],"wp:featuredmedia":[{"embeddable":true,"href":"https:\/\/panwinjet.com\/fr\/wp-json\/wp\/v2\/media\/593"}],"wp:attachment":[{"href":"https:\/\/panwinjet.com\/fr\/wp-json\/wp\/v2\/media?parent=588"}],"wp:term":[{"taxonomy":"product_brand","embeddable":true,"href":"https:\/\/panwinjet.com\/fr\/wp-json\/wp\/v2\/product_brand?post=588"},{"taxonomy":"product_cat","embeddable":true,"href":"https:\/\/panwinjet.com\/fr\/wp-json\/wp\/v2\/product_cat?post=588"},{"taxonomy":"product_tag","embeddable":true,"href":"https:\/\/panwinjet.com\/fr\/wp-json\/wp\/v2\/product_tag?post=588"}],"curies":[{"name":"wp","href":"https:\/\/api.w.org\/{rel}","templated":true}]}}