{"id":579,"date":"2025-09-19T05:57:26","date_gmt":"2025-09-19T05:57:26","guid":{"rendered":"https:\/\/panwinjet.com\/?post_type=product&#038;p=579"},"modified":"2025-09-19T05:57:26","modified_gmt":"2025-09-19T05:57:26","slug":"2800bar-40kpsi-uhp-water-jet-surface-industry-cleaning-machine-4240-stuffing-box","status":"publish","type":"product","link":"https:\/\/panwinjet.com\/fr\/produit\/2800bar-40kpsi-uhp-water-jet-surface-industry-cleaning-machine-4240-stuffing-box\/","title":{"rendered":"Machine de nettoyage industriel de surfaces par jet d&#039;eau UHP 2800 bars 40 KPSI, bo\u00eete \u00e0 garniture 4240"},"content":{"rendered":"<p>Cette machine de nettoyage de surface au jet d&#039;eau, le presse-\u00e9toupe 4240, est un composant important de la pompe \u00e0 pression nominale JS 40Kpsi.<\/p>\n<p>La pompe JS 40Kpsi est une pompe de nettoyage \u00e0 jet d&#039;eau haute puissance de pointe et \u00e0 haut rendement du secteur, l&#039;extr\u00e9mit\u00e9 fluide est standard, elle est compatible avec l&#039;unit\u00e9 JS 40Kpsi ou la pompe \u00e0 arbre nu.<br \/>\nAvec une puissance d&#039;entr\u00e9e de 325 chevaux produisant 12 GPM \u00e0 une pression nominale de 40 000 psi, il est tr\u00e8s avanc\u00e9 en termes de facilit\u00e9 d&#039;entretien, de simplicit\u00e9 de structure et de conception, ainsi que de polyvalence en mati\u00e8re de conversion et de multifonctionnalit\u00e9.<\/p>\n<p>&nbsp;<\/p>","protected":false},"excerpt":{"rendered":"<p>2. Param\u00e8tres du produit (sp\u00e9cifications) de la machine de nettoyage de surface par jet d&#039;eau 4240 - Bo\u00eete \u00e0 garniture<br \/>\nCette bo\u00eete \u00e0 presse-\u00e9toupe 4240 pour machine de nettoyage de surfaces au jet d&#039;eau est fabriqu\u00e9e en acier inoxydable haute densit\u00e9 de qualit\u00e9 sup\u00e9rieure. Elle b\u00e9n\u00e9ficie d&#039;une garantie d&#039;un an, gage de sa haute qualit\u00e9. Compatible avec le mod\u00e8le Jetstream 54099, cette bo\u00eete \u00e0 presse-\u00e9toupe 4240 est un gage de qualit\u00e9 pour nos clients.<\/p>\n<p>Composant cl\u00e9 de la machine de nettoyage \u00e0 jet d&#039;eau de 40 000 psi, elle produit une pression ultra-\u00e9lev\u00e9e pour les t\u00e2ches de nettoyage de surfaces, de canalisations, etc.<\/p>\n<p>3. Caract\u00e9ristiques et applications de la machine de nettoyage de surfaces par jet d&#039;eau 4240 Stocket Box<br \/>\nLe presse-\u00e9toupe 4240 de la machine de nettoyage de surfaces par jet d&#039;eau est un composant essentiel de la pompe Jetstream Standard 4240. Cette pompe se distingue par sa facilit\u00e9 d&#039;entretien, sa simplicit\u00e9 de conception et de structure, ainsi que par sa polyvalence et ses nombreuses fonctions, comme indiqu\u00e9 ci-dessous\u00a0:<\/p>\n<p>La caract\u00e9ristique avantageuse\u00a0:<br \/>\nA: Entretien facile : remplacement pratique de la cartouche par valve amovible<br \/>\nB : Conception simplifi\u00e9e : Moins de pi\u00e8ces que les autres Fluid Ends de l&#039;univers Warhammer 40,000.<br \/>\nC : Pistons et bagues de piston en carbure monobloc<\/p>\n<p>Application:<br \/>\nLa bo\u00eete \u00e0 garniture de la machine de nettoyage de surface au jet d&#039;eau 4240 est l&#039;une des pi\u00e8ces de la pompe \u00e0 piston triplex 4240. Cette pompe puissante peut \u00eatre utilis\u00e9e pour le nettoyage g\u00e9n\u00e9ral des surfaces, le nettoyage des tubes de canalisation, le nettoyage des \u00e9changeurs de chaleur, la peinture hydrodynamique et le nettoyage de la rouille, etc.<\/p>\n<div style=\"width: 544px;\" class=\"wp-video\"><video class=\"wp-video-shortcode\" id=\"video-579-1\" width=\"544\" height=\"960\" preload=\"metadata\" controls=\"controls\"><source type=\"video\/mp4\" src=\"https:\/\/panwinjet.com\/wp-content\/uploads\/2025\/09\/JS-4240-Pump.mp4?_=1\" \/><a href=\"https:\/\/panwinjet.com\/wp-content\/uploads\/2025\/09\/JS-4240-Pump.mp4\">https:\/\/panwinjet.com\/wp-content\/uploads\/2025\/09\/JS-4240-Pump.mp4<\/a><\/video><\/div>","protected":false},"featured_media":-1,"template":"","meta":[],"product_brand":[],"product_cat":[7],"product_tag":[],"class_list":{"0":"post-579","1":"product","2":"type-product","3":"status-publish","4":"has-post-thumbnail","6":"product_cat-jetstream-pump-fluid-end-compatibe-parts","8":"first","9":"instock","10":"shipping-taxable","11":"product-type-simple"},"yoast_head":"<!-- This site is optimized with the Yoast SEO plugin v24.9 - https:\/\/yoast.com\/wordpress\/plugins\/seo\/ -->\n<title>2800Bar 40KPSI UHP Water Jet Surface industry cleaning machine 4240 Stuffing Box - Panwin Machinery&amp;Equipment<\/title>\n<meta name=\"robots\" content=\"index, follow, max-snippet:-1, max-image-preview:large, max-video-preview:-1\" \/>\n<link rel=\"canonical\" href=\"https:\/\/panwinjet.com\/fr\/produit\/2800bar-40kpsi-uhp-water-jet-surface-industry-cleaning-machine-4240-stuffing-box\/\" \/>\n<meta property=\"og:locale\" content=\"fr_FR\" \/>\n<meta property=\"og:type\" content=\"article\" \/>\n<meta property=\"og:title\" content=\"2800Bar 40KPSI UHP Water Jet Surface industry cleaning machine 4240 Stuffing Box - Panwin Machinery&amp;Equipment\" \/>\n<meta property=\"og:description\" content=\"2.Product Parameter (Specification) of Water Jet Surface industry cleaning machine 4240 Stuffing Box This Water Jet Surface industry cleaning machine 4240 Stuffing Box is is made of high-classed and high-density Stainless Steel. This parts we have One-year warranty, ensure the high-quality to our customers and this 4240 Stuffing Box is compatible with Jetstream 54099.  As one key components of the 40Kpsi water blasting machine, it produces the Ultra-high power pressure for surface pipeline etc cleaning tasks.  3.Product Feature And Application of Water Jet Surface industry cleaning machine 4240 Stuffing Box For this Water Jet Surface industry cleaning machine 4240 Stuffing Box, it is important components for the Jetstream Standard 4240 pump. This pump is High-advanced in term of easy-service, simplicity in structure and design,as well as Versatility in conversion and muti-function, and as we mentioned in the following points:  The advantage characteristic: A:Easy service: convenient pop-out valve cartridge change B:simplicity design: Fewer parts than other 40k Fluid Ends. C:Solid carbide plungers and plunger bushings  Application: The Water Jet Surface industry cleaning machine 4240 Stuffing Box is the parts of 4240 triplex plunger pump, this powerful pump can be used in the general surface cleaning, pipeline tubing cleaning, the heat-exchange cleaning, Hydro Painting &amp;Rust cleaning etc.\" \/>\n<meta property=\"og:url\" content=\"https:\/\/panwinjet.com\/fr\/produit\/2800bar-40kpsi-uhp-water-jet-surface-industry-cleaning-machine-4240-stuffing-box\/\" \/>\n<meta property=\"og:site_name\" content=\"Panwin Machinery&amp;Equipment\" \/>\n<meta name=\"twitter:card\" content=\"summary_large_image\" \/>\n<meta name=\"twitter:label1\" content=\"Dur\u00e9e de lecture estim\u00e9e\" \/>\n\t<meta name=\"twitter:data1\" content=\"1 minute\" \/>\n<script type=\"application\/ld+json\" class=\"yoast-schema-graph\">{\"@context\":\"https:\/\/schema.org\",\"@graph\":[{\"@type\":\"WebPage\",\"@id\":\"https:\/\/panwinjet.com\/product\/2800bar-40kpsi-uhp-water-jet-surface-industry-cleaning-machine-4240-stuffing-box\/\",\"url\":\"https:\/\/panwinjet.com\/product\/2800bar-40kpsi-uhp-water-jet-surface-industry-cleaning-machine-4240-stuffing-box\/\",\"name\":\"2800Bar 40KPSI UHP Water Jet Surface industry cleaning machine 4240 Stuffing Box - Panwin Machinery&amp;Equipment\",\"isPartOf\":{\"@id\":\"https:\/\/panwinjet.com\/#website\"},\"datePublished\":\"2025-09-19T05:57:26+00:00\",\"breadcrumb\":{\"@id\":\"https:\/\/panwinjet.com\/product\/2800bar-40kpsi-uhp-water-jet-surface-industry-cleaning-machine-4240-stuffing-box\/#breadcrumb\"},\"inLanguage\":\"fr-FR\",\"potentialAction\":[{\"@type\":\"ReadAction\",\"target\":[\"https:\/\/panwinjet.com\/product\/2800bar-40kpsi-uhp-water-jet-surface-industry-cleaning-machine-4240-stuffing-box\/\"]}]},{\"@type\":\"BreadcrumbList\",\"@id\":\"https:\/\/panwinjet.com\/product\/2800bar-40kpsi-uhp-water-jet-surface-industry-cleaning-machine-4240-stuffing-box\/#breadcrumb\",\"itemListElement\":[{\"@type\":\"ListItem\",\"position\":1,\"name\":\"\u9996\u9875\",\"item\":\"https:\/\/panwinjet.com\/\"},{\"@type\":\"ListItem\",\"position\":2,\"name\":\"PRODUCT\",\"item\":\"https:\/\/panwinjet.com\/product\/\"},{\"@type\":\"ListItem\",\"position\":3,\"name\":\"2800Bar 40KPSI UHP Water Jet Surface industry cleaning machine 4240 Stuffing Box\"}]},{\"@type\":\"WebSite\",\"@id\":\"https:\/\/panwinjet.com\/#website\",\"url\":\"https:\/\/panwinjet.com\/\",\"name\":\"Panwin Machinery&amp;Equipment\",\"description\":\"Shenzhen Panwin Machinery&amp;Equipment Co.Ltd\",\"potentialAction\":[{\"@type\":\"SearchAction\",\"target\":{\"@type\":\"EntryPoint\",\"urlTemplate\":\"https:\/\/panwinjet.com\/?s={search_term_string}\"},\"query-input\":{\"@type\":\"PropertyValueSpecification\",\"valueRequired\":true,\"valueName\":\"search_term_string\"}}],\"inLanguage\":\"fr-FR\"}]}<\/script>\n<!-- \/ Yoast SEO plugin. -->","yoast_head_json":{"title":"2800Bar 40KPSI UHP Water Jet Surface industry cleaning machine 4240 Stuffing Box - Panwin Machinery&amp;Equipment","robots":{"index":"index","follow":"follow","max-snippet":"max-snippet:-1","max-image-preview":"max-image-preview:large","max-video-preview":"max-video-preview:-1"},"canonical":"https:\/\/panwinjet.com\/fr\/produit\/2800bar-40kpsi-uhp-water-jet-surface-industry-cleaning-machine-4240-stuffing-box\/","og_locale":"fr_FR","og_type":"article","og_title":"2800Bar 40KPSI UHP Water Jet Surface industry cleaning machine 4240 Stuffing Box - Panwin Machinery&amp;Equipment","og_description":"2.Product Parameter (Specification) of Water Jet Surface industry cleaning machine 4240 Stuffing Box This Water Jet Surface industry cleaning machine 4240 Stuffing Box is is made of high-classed and high-density Stainless Steel. This parts we have One-year warranty, ensure the high-quality to our customers and this 4240 Stuffing Box is compatible with Jetstream 54099.  As one key components of the 40Kpsi water blasting machine, it produces the Ultra-high power pressure for surface pipeline etc cleaning tasks.  3.Product Feature And Application of Water Jet Surface industry cleaning machine 4240 Stuffing Box For this Water Jet Surface industry cleaning machine 4240 Stuffing Box, it is important components for the Jetstream Standard 4240 pump. This pump is High-advanced in term of easy-service, simplicity in structure and design,as well as Versatility in conversion and muti-function, and as we mentioned in the following points:  The advantage characteristic: A:Easy service: convenient pop-out valve cartridge change B:simplicity design: Fewer parts than other 40k Fluid Ends. C:Solid carbide plungers and plunger bushings  Application: The Water Jet Surface industry cleaning machine 4240 Stuffing Box is the parts of 4240 triplex plunger pump, this powerful pump can be used in the general surface cleaning, pipeline tubing cleaning, the heat-exchange cleaning, Hydro Painting &amp;Rust cleaning etc.","og_url":"https:\/\/panwinjet.com\/fr\/produit\/2800bar-40kpsi-uhp-water-jet-surface-industry-cleaning-machine-4240-stuffing-box\/","og_site_name":"Panwin Machinery&amp;Equipment","twitter_card":"summary_large_image","twitter_misc":{"Dur\u00e9e de lecture estim\u00e9e":"1 minute"},"schema":{"@context":"https:\/\/schema.org","@graph":[{"@type":"WebPage","@id":"https:\/\/panwinjet.com\/product\/2800bar-40kpsi-uhp-water-jet-surface-industry-cleaning-machine-4240-stuffing-box\/","url":"https:\/\/panwinjet.com\/product\/2800bar-40kpsi-uhp-water-jet-surface-industry-cleaning-machine-4240-stuffing-box\/","name":"2800Bar 40KPSI UHP Water Jet Surface industry cleaning machine 4240 Stuffing Box - Panwin Machinery&amp;Equipment","isPartOf":{"@id":"https:\/\/panwinjet.com\/#website"},"datePublished":"2025-09-19T05:57:26+00:00","breadcrumb":{"@id":"https:\/\/panwinjet.com\/product\/2800bar-40kpsi-uhp-water-jet-surface-industry-cleaning-machine-4240-stuffing-box\/#breadcrumb"},"inLanguage":"fr-FR","potentialAction":[{"@type":"ReadAction","target":["https:\/\/panwinjet.com\/product\/2800bar-40kpsi-uhp-water-jet-surface-industry-cleaning-machine-4240-stuffing-box\/"]}]},{"@type":"BreadcrumbList","@id":"https:\/\/panwinjet.com\/product\/2800bar-40kpsi-uhp-water-jet-surface-industry-cleaning-machine-4240-stuffing-box\/#breadcrumb","itemListElement":[{"@type":"ListItem","position":1,"name":"\u9996\u9875","item":"https:\/\/panwinjet.com\/"},{"@type":"ListItem","position":2,"name":"PRODUCT","item":"https:\/\/panwinjet.com\/product\/"},{"@type":"ListItem","position":3,"name":"2800Bar 40KPSI UHP Water Jet Surface industry cleaning machine 4240 Stuffing Box"}]},{"@type":"WebSite","@id":"https:\/\/panwinjet.com\/#website","url":"https:\/\/panwinjet.com\/","name":"Panwin Machinery&amp;Equipment","description":"Shenzhen Panwin Machinery&amp;Equipment Co.Ltd","potentialAction":[{"@type":"SearchAction","target":{"@type":"EntryPoint","urlTemplate":"https:\/\/panwinjet.com\/?s={search_term_string}"},"query-input":{"@type":"PropertyValueSpecification","valueRequired":true,"valueName":"search_term_string"}}],"inLanguage":"fr-FR"}]}},"_links":{"self":[{"href":"https:\/\/panwinjet.com\/fr\/wp-json\/wp\/v2\/product\/579","targetHints":{"allow":["GET"]}}],"collection":[{"href":"https:\/\/panwinjet.com\/fr\/wp-json\/wp\/v2\/product"}],"about":[{"href":"https:\/\/panwinjet.com\/fr\/wp-json\/wp\/v2\/types\/product"}],"wp:featuredmedia":[{"embeddable":true,"href":"https:\/\/panwinjet.com\/fr\/wp-json\/"}],"wp:attachment":[{"href":"https:\/\/panwinjet.com\/fr\/wp-json\/wp\/v2\/media?parent=579"}],"wp:term":[{"taxonomy":"product_brand","embeddable":true,"href":"https:\/\/panwinjet.com\/fr\/wp-json\/wp\/v2\/product_brand?post=579"},{"taxonomy":"product_cat","embeddable":true,"href":"https:\/\/panwinjet.com\/fr\/wp-json\/wp\/v2\/product_cat?post=579"},{"taxonomy":"product_tag","embeddable":true,"href":"https:\/\/panwinjet.com\/fr\/wp-json\/wp\/v2\/product_tag?post=579"}],"curies":[{"name":"wp","href":"https:\/\/api.w.org\/{rel}","templated":true}]}}