{"id":552,"date":"2025-09-21T13:51:29","date_gmt":"2025-09-21T13:51:29","guid":{"rendered":"https:\/\/panwinjet.com\/?post_type=product&#038;p=552"},"modified":"2025-09-21T13:51:29","modified_gmt":"2025-09-21T13:51:29","slug":"2800bar-high-pressure-hydro-jet-blasting-cleaning-machine-parts-for-shipyard-cleaning-4-blades-rotary-nozzles","status":"publish","type":"product","link":"https:\/\/panwinjet.com\/fr\/produit\/2800bar-high-pressure-hydro-jet-blasting-cleaning-machine-parts-for-shipyard-cleaning-4-blades-rotary-nozzles\/","title":{"rendered":"Pi\u00e8ces d\u00e9tach\u00e9es pour machine de nettoyage par hydrojet haute pression 2800 bars, destin\u00e9e au nettoyage de chantiers navals\u00a0; buses rotatives \u00e0 4 lames"},"content":{"rendered":"<p><strong><b>Pr\u00e9sentation de la machine de nettoyage par hydrojet haute pression 2800 bars\u00a0: pi\u00e8ces d\u00e9tach\u00e9es pour le nettoyage de chantiers navals, buses rotatives \u00e0 4 lames <\/b><\/strong><\/p>\n<p>Cette machine de nettoyage par jet d&#039;eau haute pression de 2\u00a0800 bars, \u00e9quip\u00e9e de buses rotatives \u00e0 4 lames, est con\u00e7ue pour le nettoyage de grandes surfaces dans les chantiers navals. Les buses rotatives, dot\u00e9es de quatre lames, pivotent \u00e0 360\u00b0 pour une couverture optimale et des r\u00e9sultats de nettoyage sup\u00e9rieurs. Elles sont largement utilis\u00e9es dans les \u00e9quipements de nettoyage \u00e0 40\u00a0000 psi pour le nettoyage de coques de navires, permettant d&#039;\u00e9liminer les d\u00e9bris marins et autres organismes.<\/p>\n<p><strong><b>Caract\u00e9ristiques et applications de <\/b><\/strong><strong><b>Pi\u00e8ces d\u00e9tach\u00e9es pour machine de nettoyage par hydrojet haute pression 2800 bars, destin\u00e9e au nettoyage de chantiers navals\u00a0; buses rotatives \u00e0 4 lames <\/b><\/strong><\/p>\n<p>La machine de nettoyage par jet d&#039;eau hydrostatique haute pression de 2800 bars, destin\u00e9e au nettoyage des chantiers navals, est \u00e9quip\u00e9e de buses rotatives \u00e0 4 lames. Son principal avantage r\u00e9side dans sa grande couverture et ses meilleurs r\u00e9sultats de nettoyage\u00a0; elle peut pivoter \u00e0 360 degr\u00e9s et, avec une pression allant jusqu&#039;\u00e0 2800 bars, elle peut augmenter de pr\u00e8s de 4 fois la charge de travail d&#039;une buse classique.<\/p>\n<p><strong><b>Application:<\/b><\/strong><\/p>\n<p>Il peut \u00eatre appliqu\u00e9 au nettoyage de grandes surfaces, comme les coques de navires, pour le nettoyage marin.<\/p>\n<p><strong><b>\u00a0<\/b><\/strong><\/p>\n<p><strong><b>\u00a0<\/b><\/strong><strong><b>D\u00e9tails<\/b><\/strong><strong><b>\u00a0<\/b><\/strong><strong><b>Pi\u00e8ces d\u00e9tach\u00e9es pour machine de nettoyage par hydrojet haute pression 2800 bars, destin\u00e9e au nettoyage de chantiers navals\u00a0; buses rotatives \u00e0 4 lames <\/b><\/strong><\/p>\n<p>La brosse rotative \u00e0 4 lames poss\u00e8de au total 16 buses, une pression maximale de 2800 bars, elle peut couvrir une grande surface de nettoyage et augmenter consid\u00e9rablement l&#039;efficacit\u00e9 du nettoyage des surfaces.<\/p>\n<p>Voici le d\u00e9tail de la liste des pi\u00e8ces et de la structure\u00a0:<\/p>\n<p><img decoding=\"async\" class=\"aligncenter size-full wp-image-1200 lazyload\" data-src=\"https:\/\/panwinjet.com\/wp-content\/uploads\/2025\/09\/4-Blades-Nozzles-Breaddown.png\" alt=\"\" width=\"1229\" height=\"813\" data-srcset=\"https:\/\/panwinjet.com\/wp-content\/uploads\/2025\/09\/4-Blades-Nozzles-Breaddown.png 1229w, https:\/\/panwinjet.com\/wp-content\/uploads\/2025\/09\/4-Blades-Nozzles-Breaddown-500x331.png 500w, https:\/\/panwinjet.com\/wp-content\/uploads\/2025\/09\/4-Blades-Nozzles-Breaddown-1200x794.png 1200w, https:\/\/panwinjet.com\/wp-content\/uploads\/2025\/09\/4-Blades-Nozzles-Breaddown-300x198.png 300w, https:\/\/panwinjet.com\/wp-content\/uploads\/2025\/09\/4-Blades-Nozzles-Breaddown-768x508.png 768w, https:\/\/panwinjet.com\/wp-content\/uploads\/2025\/09\/4-Blades-Nozzles-Breaddown-113x75.png 113w, https:\/\/panwinjet.com\/wp-content\/uploads\/2025\/09\/4-Blades-Nozzles-Breaddown-480x318.png 480w, https:\/\/panwinjet.com\/wp-content\/uploads\/2025\/09\/4-Blades-Nozzles-Breaddown-800x529.png 800w\" data-sizes=\"(max-width:767px) 480px, (max-width:1229px) 100vw, 1229px\" src=\"data:image\/svg+xml;base64,PHN2ZyB3aWR0aD0iMSIgaGVpZ2h0PSIxIiB4bWxucz0iaHR0cDovL3d3dy53My5vcmcvMjAwMC9zdmciPjwvc3ZnPg==\" style=\"--smush-placeholder-width: 1229px; --smush-placeholder-aspect-ratio: 1229\/813;\" \/> <img decoding=\"async\" class=\"aligncenter size-full wp-image-1201 lazyload\" data-src=\"https:\/\/panwinjet.com\/wp-content\/uploads\/2025\/09\/4-Blades-Nozzles-Partlist.png\" alt=\"\" width=\"1206\" height=\"548\" data-srcset=\"https:\/\/panwinjet.com\/wp-content\/uploads\/2025\/09\/4-Blades-Nozzles-Partlist.png 1206w, https:\/\/panwinjet.com\/wp-content\/uploads\/2025\/09\/4-Blades-Nozzles-Partlist-500x227.png 500w, https:\/\/panwinjet.com\/wp-content\/uploads\/2025\/09\/4-Blades-Nozzles-Partlist-1200x545.png 1200w, https:\/\/panwinjet.com\/wp-content\/uploads\/2025\/09\/4-Blades-Nozzles-Partlist-300x136.png 300w, https:\/\/panwinjet.com\/wp-content\/uploads\/2025\/09\/4-Blades-Nozzles-Partlist-768x349.png 768w, https:\/\/panwinjet.com\/wp-content\/uploads\/2025\/09\/4-Blades-Nozzles-Partlist-150x68.png 150w, https:\/\/panwinjet.com\/wp-content\/uploads\/2025\/09\/4-Blades-Nozzles-Partlist-480x218.png 480w, https:\/\/panwinjet.com\/wp-content\/uploads\/2025\/09\/4-Blades-Nozzles-Partlist-800x364.png 800w\" data-sizes=\"(max-width:767px) 480px, (max-width:1206px) 100vw, 1206px\" src=\"data:image\/svg+xml;base64,PHN2ZyB3aWR0aD0iMSIgaGVpZ2h0PSIxIiB4bWxucz0iaHR0cDovL3d3dy53My5vcmcvMjAwMC9zdmciPjwvc3ZnPg==\" style=\"--smush-placeholder-width: 1206px; --smush-placeholder-aspect-ratio: 1206\/548;\" \/><\/p>\n<p>&nbsp;<\/p>\n<p><strong><b>Le <\/b><\/strong><strong><b>Pi\u00e8ces d\u00e9tach\u00e9es pour machine de nettoyage par hydrojet haute pression 2800 bars, destin\u00e9e au nettoyage de chantiers navals\u00a0; buses rotatives \u00e0 4 lames <\/b><\/strong><strong><b>d\u00e9mo fonctionnelle <\/b><\/strong><\/p>","protected":false},"excerpt":{"rendered":"<p><strong><b>Param\u00e8tre (sp\u00e9cification) de <\/b><\/strong> <strong><b>Pi\u00e8ces d\u00e9tach\u00e9es pour machine de nettoyage par hydrojet haute pression 2800 bars, destin\u00e9e au nettoyage de chantiers navals\u00a0; buses rotatives \u00e0 4 lames <\/b><\/strong><\/p>\n<p>Machine de nettoyage par jet d&#039;eau haute pression (2800 bars) pour le nettoyage de chantiers navals. \u00c9quip\u00e9e de 16 buses rotatives \u00e0 4 lames et d&#039;un syst\u00e8me de nettoyage \u00e0 haut d\u00e9bit, elle offre une excellente couverture des surfaces.<\/p>\n<p><img decoding=\"async\" class=\"aligncenter size-full wp-image-1202 lazyload\" data-src=\"https:\/\/panwinjet.com\/wp-content\/uploads\/2025\/09\/4-Blades-Nozzles.png\" alt=\"\" width=\"443\" height=\"191\" data-srcset=\"https:\/\/panwinjet.com\/wp-content\/uploads\/2025\/09\/4-Blades-Nozzles.png 443w, https:\/\/panwinjet.com\/wp-content\/uploads\/2025\/09\/4-Blades-Nozzles-300x129.png 300w, https:\/\/panwinjet.com\/wp-content\/uploads\/2025\/09\/4-Blades-Nozzles-150x65.png 150w\" data-sizes=\"(max-width:767px) 443px, 443px\" src=\"data:image\/svg+xml;base64,PHN2ZyB3aWR0aD0iMSIgaGVpZ2h0PSIxIiB4bWxucz0iaHR0cDovL3d3dy53My5vcmcvMjAwMC9zdmciPjwvc3ZnPg==\" style=\"--smush-placeholder-width: 443px; --smush-placeholder-aspect-ratio: 443\/191;\" \/><\/p>","protected":false},"featured_media":1198,"template":"","meta":[],"product_brand":[],"product_cat":[5],"product_tag":[],"class_list":{"0":"post-552","1":"product","2":"type-product","3":"status-publish","4":"has-post-thumbnail","6":"product_cat-uhp-rotating-nozzles","8":"first","9":"instock","10":"shipping-taxable","11":"product-type-simple"},"yoast_head":"<!-- This site is optimized with the Yoast SEO plugin v24.9 - https:\/\/yoast.com\/wordpress\/plugins\/seo\/ -->\n<title>2800Bar high Pressure Hydro Jet Blasting cleaning machine Parts for shipyard cleaning 4 Blades rotary nozzles - Panwin Machinery&amp;Equipment<\/title>\n<meta name=\"robots\" content=\"index, follow, max-snippet:-1, max-image-preview:large, max-video-preview:-1\" \/>\n<link rel=\"canonical\" href=\"https:\/\/panwinjet.com\/fr\/produit\/2800bar-high-pressure-hydro-jet-blasting-cleaning-machine-parts-for-shipyard-cleaning-4-blades-rotary-nozzles\/\" \/>\n<meta property=\"og:locale\" content=\"fr_FR\" \/>\n<meta property=\"og:type\" content=\"article\" \/>\n<meta property=\"og:title\" content=\"2800Bar high Pressure Hydro Jet Blasting cleaning machine Parts for shipyard cleaning 4 Blades rotary nozzles - Panwin Machinery&amp;Equipment\" \/>\n<meta property=\"og:description\" content=\"Parameter (Specification) of 2800Bar high Pressure Hydro Jet Blasting cleaning machine Parts for shipyard cleaning 4 Blades rotary nozzles   The 2800Bar high Pressure Hydro Jet Blasting cleaning machine Parts for shipyard cleaning 4 Blades rotary nozzles\u00a0and it has 16pcs nozzles big flow rate. it is great big coverage surface cleaning nozzles.\" \/>\n<meta property=\"og:url\" content=\"https:\/\/panwinjet.com\/fr\/produit\/2800bar-high-pressure-hydro-jet-blasting-cleaning-machine-parts-for-shipyard-cleaning-4-blades-rotary-nozzles\/\" \/>\n<meta property=\"og:site_name\" content=\"Panwin Machinery&amp;Equipment\" \/>\n<meta property=\"og:image\" content=\"https:\/\/panwinjet.com\/wp-content\/uploads\/2025\/09\/\u5fae\u4fe1\u56fe\u7247_20250401063453-1.jpg\" \/>\n\t<meta property=\"og:image:width\" content=\"1279\" \/>\n\t<meta property=\"og:image:height\" content=\"1706\" \/>\n\t<meta property=\"og:image:type\" content=\"image\/jpeg\" \/>\n<meta name=\"twitter:card\" content=\"summary_large_image\" \/>\n<meta name=\"twitter:label1\" content=\"Dur\u00e9e de lecture estim\u00e9e\" \/>\n\t<meta name=\"twitter:data1\" content=\"2 minutes\" \/>\n<script type=\"application\/ld+json\" class=\"yoast-schema-graph\">{\"@context\":\"https:\/\/schema.org\",\"@graph\":[{\"@type\":\"WebPage\",\"@id\":\"https:\/\/panwinjet.com\/product\/2800bar-high-pressure-hydro-jet-blasting-cleaning-machine-parts-for-shipyard-cleaning-4-blades-rotary-nozzles\/\",\"url\":\"https:\/\/panwinjet.com\/product\/2800bar-high-pressure-hydro-jet-blasting-cleaning-machine-parts-for-shipyard-cleaning-4-blades-rotary-nozzles\/\",\"name\":\"2800Bar high Pressure Hydro Jet Blasting cleaning machine Parts for shipyard cleaning 4 Blades rotary nozzles - Panwin Machinery&amp;Equipment\",\"isPartOf\":{\"@id\":\"https:\/\/panwinjet.com\/#website\"},\"primaryImageOfPage\":{\"@id\":\"https:\/\/panwinjet.com\/product\/2800bar-high-pressure-hydro-jet-blasting-cleaning-machine-parts-for-shipyard-cleaning-4-blades-rotary-nozzles\/#primaryimage\"},\"image\":{\"@id\":\"https:\/\/panwinjet.com\/product\/2800bar-high-pressure-hydro-jet-blasting-cleaning-machine-parts-for-shipyard-cleaning-4-blades-rotary-nozzles\/#primaryimage\"},\"thumbnailUrl\":\"https:\/\/panwinjet.com\/wp-content\/uploads\/2025\/09\/\u5fae\u4fe1\u56fe\u7247_20250401063453-1.jpg\",\"datePublished\":\"2025-09-21T13:51:29+00:00\",\"breadcrumb\":{\"@id\":\"https:\/\/panwinjet.com\/product\/2800bar-high-pressure-hydro-jet-blasting-cleaning-machine-parts-for-shipyard-cleaning-4-blades-rotary-nozzles\/#breadcrumb\"},\"inLanguage\":\"fr-FR\",\"potentialAction\":[{\"@type\":\"ReadAction\",\"target\":[\"https:\/\/panwinjet.com\/product\/2800bar-high-pressure-hydro-jet-blasting-cleaning-machine-parts-for-shipyard-cleaning-4-blades-rotary-nozzles\/\"]}]},{\"@type\":\"ImageObject\",\"inLanguage\":\"fr-FR\",\"@id\":\"https:\/\/panwinjet.com\/product\/2800bar-high-pressure-hydro-jet-blasting-cleaning-machine-parts-for-shipyard-cleaning-4-blades-rotary-nozzles\/#primaryimage\",\"url\":\"https:\/\/panwinjet.com\/wp-content\/uploads\/2025\/09\/\u5fae\u4fe1\u56fe\u7247_20250401063453-1.jpg\",\"contentUrl\":\"https:\/\/panwinjet.com\/wp-content\/uploads\/2025\/09\/\u5fae\u4fe1\u56fe\u7247_20250401063453-1.jpg\",\"width\":1279,\"height\":1706},{\"@type\":\"BreadcrumbList\",\"@id\":\"https:\/\/panwinjet.com\/product\/2800bar-high-pressure-hydro-jet-blasting-cleaning-machine-parts-for-shipyard-cleaning-4-blades-rotary-nozzles\/#breadcrumb\",\"itemListElement\":[{\"@type\":\"ListItem\",\"position\":1,\"name\":\"\u9996\u9875\",\"item\":\"https:\/\/panwinjet.com\/\"},{\"@type\":\"ListItem\",\"position\":2,\"name\":\"PRODUCT\",\"item\":\"https:\/\/panwinjet.com\/product\/\"},{\"@type\":\"ListItem\",\"position\":3,\"name\":\"2800Bar high Pressure Hydro Jet Blasting cleaning machine Parts for shipyard cleaning 4 Blades rotary nozzles\"}]},{\"@type\":\"WebSite\",\"@id\":\"https:\/\/panwinjet.com\/#website\",\"url\":\"https:\/\/panwinjet.com\/\",\"name\":\"Panwin Machinery&amp;Equipment\",\"description\":\"Shenzhen Panwin Machinery&amp;Equipment Co.Ltd\",\"potentialAction\":[{\"@type\":\"SearchAction\",\"target\":{\"@type\":\"EntryPoint\",\"urlTemplate\":\"https:\/\/panwinjet.com\/?s={search_term_string}\"},\"query-input\":{\"@type\":\"PropertyValueSpecification\",\"valueRequired\":true,\"valueName\":\"search_term_string\"}}],\"inLanguage\":\"fr-FR\"}]}<\/script>\n<!-- \/ Yoast SEO plugin. -->","yoast_head_json":{"title":"2800Bar high Pressure Hydro Jet Blasting cleaning machine Parts for shipyard cleaning 4 Blades rotary nozzles - Panwin Machinery&amp;Equipment","robots":{"index":"index","follow":"follow","max-snippet":"max-snippet:-1","max-image-preview":"max-image-preview:large","max-video-preview":"max-video-preview:-1"},"canonical":"https:\/\/panwinjet.com\/fr\/produit\/2800bar-high-pressure-hydro-jet-blasting-cleaning-machine-parts-for-shipyard-cleaning-4-blades-rotary-nozzles\/","og_locale":"fr_FR","og_type":"article","og_title":"2800Bar high Pressure Hydro Jet Blasting cleaning machine Parts for shipyard cleaning 4 Blades rotary nozzles - Panwin Machinery&amp;Equipment","og_description":"Parameter (Specification) of 2800Bar high Pressure Hydro Jet Blasting cleaning machine Parts for shipyard cleaning 4 Blades rotary nozzles   The 2800Bar high Pressure Hydro Jet Blasting cleaning machine Parts for shipyard cleaning 4 Blades rotary nozzles\u00a0and it has 16pcs nozzles big flow rate. it is great big coverage surface cleaning nozzles.","og_url":"https:\/\/panwinjet.com\/fr\/produit\/2800bar-high-pressure-hydro-jet-blasting-cleaning-machine-parts-for-shipyard-cleaning-4-blades-rotary-nozzles\/","og_site_name":"Panwin Machinery&amp;Equipment","og_image":[{"width":1279,"height":1706,"url":"https:\/\/panwinjet.com\/wp-content\/uploads\/2025\/09\/\u5fae\u4fe1\u56fe\u7247_20250401063453-1.jpg","type":"image\/jpeg"}],"twitter_card":"summary_large_image","twitter_misc":{"Dur\u00e9e de lecture estim\u00e9e":"2 minutes"},"schema":{"@context":"https:\/\/schema.org","@graph":[{"@type":"WebPage","@id":"https:\/\/panwinjet.com\/product\/2800bar-high-pressure-hydro-jet-blasting-cleaning-machine-parts-for-shipyard-cleaning-4-blades-rotary-nozzles\/","url":"https:\/\/panwinjet.com\/product\/2800bar-high-pressure-hydro-jet-blasting-cleaning-machine-parts-for-shipyard-cleaning-4-blades-rotary-nozzles\/","name":"2800Bar high Pressure Hydro Jet Blasting cleaning machine Parts for shipyard cleaning 4 Blades rotary nozzles - Panwin Machinery&amp;Equipment","isPartOf":{"@id":"https:\/\/panwinjet.com\/#website"},"primaryImageOfPage":{"@id":"https:\/\/panwinjet.com\/product\/2800bar-high-pressure-hydro-jet-blasting-cleaning-machine-parts-for-shipyard-cleaning-4-blades-rotary-nozzles\/#primaryimage"},"image":{"@id":"https:\/\/panwinjet.com\/product\/2800bar-high-pressure-hydro-jet-blasting-cleaning-machine-parts-for-shipyard-cleaning-4-blades-rotary-nozzles\/#primaryimage"},"thumbnailUrl":"https:\/\/panwinjet.com\/wp-content\/uploads\/2025\/09\/\u5fae\u4fe1\u56fe\u7247_20250401063453-1.jpg","datePublished":"2025-09-21T13:51:29+00:00","breadcrumb":{"@id":"https:\/\/panwinjet.com\/product\/2800bar-high-pressure-hydro-jet-blasting-cleaning-machine-parts-for-shipyard-cleaning-4-blades-rotary-nozzles\/#breadcrumb"},"inLanguage":"fr-FR","potentialAction":[{"@type":"ReadAction","target":["https:\/\/panwinjet.com\/product\/2800bar-high-pressure-hydro-jet-blasting-cleaning-machine-parts-for-shipyard-cleaning-4-blades-rotary-nozzles\/"]}]},{"@type":"ImageObject","inLanguage":"fr-FR","@id":"https:\/\/panwinjet.com\/product\/2800bar-high-pressure-hydro-jet-blasting-cleaning-machine-parts-for-shipyard-cleaning-4-blades-rotary-nozzles\/#primaryimage","url":"https:\/\/panwinjet.com\/wp-content\/uploads\/2025\/09\/\u5fae\u4fe1\u56fe\u7247_20250401063453-1.jpg","contentUrl":"https:\/\/panwinjet.com\/wp-content\/uploads\/2025\/09\/\u5fae\u4fe1\u56fe\u7247_20250401063453-1.jpg","width":1279,"height":1706},{"@type":"BreadcrumbList","@id":"https:\/\/panwinjet.com\/product\/2800bar-high-pressure-hydro-jet-blasting-cleaning-machine-parts-for-shipyard-cleaning-4-blades-rotary-nozzles\/#breadcrumb","itemListElement":[{"@type":"ListItem","position":1,"name":"\u9996\u9875","item":"https:\/\/panwinjet.com\/"},{"@type":"ListItem","position":2,"name":"PRODUCT","item":"https:\/\/panwinjet.com\/product\/"},{"@type":"ListItem","position":3,"name":"2800Bar high Pressure Hydro Jet Blasting cleaning machine Parts for shipyard cleaning 4 Blades rotary nozzles"}]},{"@type":"WebSite","@id":"https:\/\/panwinjet.com\/#website","url":"https:\/\/panwinjet.com\/","name":"Panwin Machinery&amp;Equipment","description":"Shenzhen Panwin Machinery&amp;Equipment Co.Ltd","potentialAction":[{"@type":"SearchAction","target":{"@type":"EntryPoint","urlTemplate":"https:\/\/panwinjet.com\/?s={search_term_string}"},"query-input":{"@type":"PropertyValueSpecification","valueRequired":true,"valueName":"search_term_string"}}],"inLanguage":"fr-FR"}]}},"_links":{"self":[{"href":"https:\/\/panwinjet.com\/fr\/wp-json\/wp\/v2\/product\/552","targetHints":{"allow":["GET"]}}],"collection":[{"href":"https:\/\/panwinjet.com\/fr\/wp-json\/wp\/v2\/product"}],"about":[{"href":"https:\/\/panwinjet.com\/fr\/wp-json\/wp\/v2\/types\/product"}],"wp:featuredmedia":[{"embeddable":true,"href":"https:\/\/panwinjet.com\/fr\/wp-json\/wp\/v2\/media\/1198"}],"wp:attachment":[{"href":"https:\/\/panwinjet.com\/fr\/wp-json\/wp\/v2\/media?parent=552"}],"wp:term":[{"taxonomy":"product_brand","embeddable":true,"href":"https:\/\/panwinjet.com\/fr\/wp-json\/wp\/v2\/product_brand?post=552"},{"taxonomy":"product_cat","embeddable":true,"href":"https:\/\/panwinjet.com\/fr\/wp-json\/wp\/v2\/product_cat?post=552"},{"taxonomy":"product_tag","embeddable":true,"href":"https:\/\/panwinjet.com\/fr\/wp-json\/wp\/v2\/product_tag?post=552"}],"curies":[{"name":"wp","href":"https:\/\/api.w.org\/{rel}","templated":true}]}}