{"id":529,"date":"2025-09-18T04:03:53","date_gmt":"2025-09-18T04:03:53","guid":{"rendered":"https:\/\/panwinjet.com\/?post_type=product&#038;p=529"},"modified":"2025-09-18T04:03:53","modified_gmt":"2025-09-18T04:03:53","slug":"waterjet-high-pressure-industry-reactor-tank-cleaning-3d-nozzles","status":"publish","type":"product","link":"https:\/\/panwinjet.com\/fr\/produit\/waterjet-high-pressure-industry-reactor-tank-cleaning-3d-nozzles\/","title":{"rendered":"Buses 3D pour le nettoyage de r\u00e9servoirs de r\u00e9acteurs industriels \u00e0 jet d&#039;eau haute pression"},"content":{"rendered":"<p><strong><b>Buses 3D pour le nettoyage de r\u00e9servoirs de r\u00e9acteurs industriels \u00e0 jet d&#039;eau haute pression <\/b><\/strong><\/p>\n<p><strong><b>1. Pr\u00e9sentation du produit : Buses 3D pour le nettoyage de r\u00e9servoirs de r\u00e9acteurs industriels par jet d&#039;eau haute pression <\/b><\/strong><\/p>\n<p>Nos buses 3D de nettoyage de r\u00e9servoirs par jet d&#039;eau ultra-haute pression sont con\u00e7ues et utilis\u00e9es pour le nettoyage de cuves et de r\u00e9servoirs de petite et moyenne taille.<\/p>\n<p>&nbsp;<\/p>\n<p>Il est auto-rotatif, entra\u00een\u00e9 par un jet d&#039;eau, et couvre la surface interne de la cuve ou du r\u00e9servoir sur 360\u00b0. Ce syst\u00e8me de nettoyage \u00e0 l&#039;eau haute pression, jusqu&#039;\u00e0 1500 bars, permet une \u00e9conomie d&#039;eau accrue et des performances de nettoyage sup\u00e9rieures.<\/p>\n<p>une efficacit\u00e9 de nettoyage accrue.<\/p>\n<p>Il ne n\u00e9cessite aucun ingr\u00e9dient chimique, aucune force m\u00e9canique, un temps de nettoyage r\u00e9duit et un co\u00fbt moindre.<\/p>\n<p>vos t\u00e2ches de nettoyage.<\/p>\n<p>&nbsp;<\/p>\n<p><strong><b>2. Param\u00e8tres du produit (sp\u00e9cifications) <\/b><\/strong>Buses 3D pour le nettoyage de r\u00e9servoirs de r\u00e9acteurs industriels \u00e0 jet d&#039;eau haute pression<\/p>\n<p>Ce syst\u00e8me de nettoyage de r\u00e9servoirs de r\u00e9acteurs industriels par jet d&#039;eau ultra-haute pression, \u00e9quip\u00e9 de buses 3D, offre des performances exceptionnelles pour les r\u00e9servoirs tels que les r\u00e9acteurs ou les cuves chimiques. Son d\u00e9bit \u00e9lev\u00e9 (jusqu&#039;\u00e0 20-150 L\/min) et sa port\u00e9e de nettoyage (jusqu&#039;\u00e0 3 m) en font un outil de nettoyage tr\u00e8s performant. Caract\u00e9ristiques\u00a0:<\/p>\n<p>&nbsp;<\/p>\n<p>&nbsp;<\/p>\n<p>&nbsp;<\/p>\n<p><strong><b>3. Caract\u00e9ristiques et applications du produit\u00a0: buses 3D pour le nettoyage des r\u00e9servoirs de r\u00e9acteurs industriels \u00e0 haute pression par jet d&#039;eau <\/b><\/strong><\/p>\n<p>Ces buses 3D de nettoyage de r\u00e9servoirs de r\u00e9acteurs industriels par jet d&#039;eau ultra-haute pression pr\u00e9sentent diverses caract\u00e9ristiques avanc\u00e9es, notamment\u00a0:<\/p>\n<p>A: Plus \u00e9conome en eau - 10% \u00e9conomise l&#039;eau par rapport aux concurrents.<\/p>\n<p>B : Utilisation facile - Sans ingr\u00e9dients chimiques, sans force m\u00e9canique.<\/p>\n<p>C : Haute efficacit\u00e9 : Radium de nettoyage 3M, zone de nettoyage \u00e0 360\u00b0.<\/p>\n<p><strong><b>Application : Nettoyage de r\u00e9servoirs et de cuves par jet d&#039;eau, nettoyage de tuyaux et de tubes, nettoyage de surfaces, etc.<\/b><\/strong><\/p>\n<p>&nbsp;<\/p>\n<p>&nbsp;<\/p>\n<p><strong><b>4. D\u00e9tails du produit<\/b><\/strong><strong><b>\u00a0Buses 3D pour le nettoyage de r\u00e9servoirs de r\u00e9acteurs industriels \u00e0 jet d&#039;eau haute pression <\/b><\/strong><\/p>\n<p>&nbsp;<\/p>\n<p><strong><b>5. Qualification du produit<\/b><\/strong>\u00a0Buses 3D pour le nettoyage de r\u00e9servoirs de r\u00e9acteurs industriels \u00e0 jet d&#039;eau haute pression<\/p>\n<p>&nbsp;<\/p>\n<p><strong><b>6. Livraison, exp\u00e9dition et service<\/b><\/strong>\u00a0Buses 3D pour le nettoyage de r\u00e9servoirs de r\u00e9acteurs industriels \u00e0 jet d&#039;eau haute pression<\/p>\n<p>Pour ce syst\u00e8me de nettoyage de r\u00e9servoirs de r\u00e9acteurs industriels \u00e0 haute pression par jet d&#039;eau avec emballage de buses 3D, les frais de transport ne sont pas inclus dans le prix et d\u00e9pendent du mode de livraison (a\u00e9rien, maritime ou ferroviaire). Les frais de transport varient selon les r\u00e9gions. Les marchandises ne comprennent pas les co\u00fbts de transport ni d&#039;emballage en cadre en bois.<\/p>\n<p>Nous emballerons le tout dans une bo\u00eete en plastique solide recouverte de mousse \u00e9paisse afin d&#039;\u00e9viter tout dommage, puis dans un carton ou un panneau de contreplaqu\u00e9 selon la demande du client.<\/p>","protected":false},"excerpt":{"rendered":"<p>Buses 3D pour le nettoyage de r\u00e9servoirs de r\u00e9acteurs industriels \u00e0 jet d&#039;eau haute pression<br \/>\n1. Pr\u00e9sentation du produit : Buses 3D pour le nettoyage de r\u00e9servoirs de r\u00e9acteurs industriels par jet d&#039;eau haute pression<br \/>\nNos buses 3D de nettoyage de r\u00e9servoirs par jet d&#039;eau ultra-haute pression sont con\u00e7ues et utilis\u00e9es pour le nettoyage de cuves et de r\u00e9servoirs de petite et moyenne taille.<\/p>\n<p>Il est auto-rotatif, entra\u00een\u00e9 par un jet d&#039;eau, et couvre la surface interne de la cuve ou du r\u00e9servoir sur 360\u00b0. Ce syst\u00e8me de nettoyage \u00e0 l&#039;eau haute pression, jusqu&#039;\u00e0 1500 bars, permet une \u00e9conomie d&#039;eau accrue et des performances de nettoyage sup\u00e9rieures.<br \/>\nune efficacit\u00e9 de nettoyage accrue.<br \/>\nIl ne n\u00e9cessite aucun ingr\u00e9dient chimique, aucune force m\u00e9canique, un temps de nettoyage r\u00e9duit et un co\u00fbt moindre.<br \/>\nvos t\u00e2ches de nettoyage.<\/p>","protected":false},"featured_media":534,"template":"","meta":[],"product_brand":[],"product_cat":[8],"product_tag":[],"class_list":{"0":"post-529","1":"product","2":"type-product","3":"status-publish","4":"has-post-thumbnail","6":"product_cat-giant-tank-cleaningcutting-device","8":"first","9":"instock","10":"shipping-taxable","11":"product-type-simple"},"yoast_head":"<!-- This site is optimized with the Yoast SEO plugin v24.9 - https:\/\/yoast.com\/wordpress\/plugins\/seo\/ -->\n<title>Waterjet high pressure industry reactor Tank cleaning 3D nozzles - Panwin Machinery&amp;Equipment<\/title>\n<meta name=\"robots\" content=\"index, follow, max-snippet:-1, max-image-preview:large, max-video-preview:-1\" \/>\n<link rel=\"canonical\" href=\"https:\/\/panwinjet.com\/fr\/produit\/waterjet-high-pressure-industry-reactor-tank-cleaning-3d-nozzles\/\" \/>\n<meta property=\"og:locale\" content=\"fr_FR\" \/>\n<meta property=\"og:type\" content=\"article\" \/>\n<meta property=\"og:title\" content=\"Waterjet high pressure industry reactor Tank cleaning 3D nozzles - Panwin Machinery&amp;Equipment\" \/>\n<meta property=\"og:description\" content=\"Waterjet high pressure industry reactor Tank cleaning 3D nozzles 1.Product Introduction of Waterjet high pressure industry reactor Tank cleaning 3D nozzles Our Ultra-high pressure waterjet industry reactor Tank cleaning 3D nozzles is\u00a0designed&amp; used for\u00a0small\u00a0and\u00a0mid-size\u00a0vessel\u00a0and\u00a0tank\u00a0cleaning.  It\u00a0is\u00a0self-rotated,\u00a0driven\u00a0by\u00a0water\u00a0jetting,\u00a0covering\u00a0internal\u00a0surface\u00a0of\u00a0vessel\u00a0or\u00a0tank\u00a0in\u00a0360&quot;.\u00a0It\u00a0is high\u00a0pressure\u00a0water\u00a0cleaning,\u00a0up\u00a0to\u00a01500bar,\u00a0more\u00a0water\u00a0saving,\u00a0better\u00a0cleaning\u00a0performance\u00a0and higher\u00a0cleaning\u00a0efficiency. It\u00a0does\u00a0not\u00a0need\u00a0any\u00a0chemical\u00a0ingredient,\u00a0no-mechanical\u00a0force,\u00a0less\u00a0cleaning\u00a0time,\u00a0less\u00a0cost\u00a0for your\u00a0cleaning\u00a0jobs.\" \/>\n<meta property=\"og:url\" content=\"https:\/\/panwinjet.com\/fr\/produit\/waterjet-high-pressure-industry-reactor-tank-cleaning-3d-nozzles\/\" \/>\n<meta property=\"og:site_name\" content=\"Panwin Machinery&amp;Equipment\" \/>\n<meta property=\"og:image\" content=\"https:\/\/panwinjet.com\/wp-content\/uploads\/2025\/09\/Waterjet-high-pressure-industry-reactor-Tank-cleaning-3D-nozzles-2.jpg\" \/>\n\t<meta property=\"og:image:width\" content=\"1080\" \/>\n\t<meta property=\"og:image:height\" content=\"1440\" \/>\n\t<meta property=\"og:image:type\" content=\"image\/jpeg\" \/>\n<meta name=\"twitter:card\" content=\"summary_large_image\" \/>\n<meta name=\"twitter:label1\" content=\"Dur\u00e9e de lecture estim\u00e9e\" \/>\n\t<meta name=\"twitter:data1\" content=\"2 minutes\" \/>\n<script type=\"application\/ld+json\" class=\"yoast-schema-graph\">{\"@context\":\"https:\/\/schema.org\",\"@graph\":[{\"@type\":\"WebPage\",\"@id\":\"https:\/\/panwinjet.com\/product\/waterjet-high-pressure-industry-reactor-tank-cleaning-3d-nozzles\/\",\"url\":\"https:\/\/panwinjet.com\/product\/waterjet-high-pressure-industry-reactor-tank-cleaning-3d-nozzles\/\",\"name\":\"Waterjet high pressure industry reactor Tank cleaning 3D nozzles - Panwin Machinery&amp;Equipment\",\"isPartOf\":{\"@id\":\"https:\/\/panwinjet.com\/#website\"},\"primaryImageOfPage\":{\"@id\":\"https:\/\/panwinjet.com\/product\/waterjet-high-pressure-industry-reactor-tank-cleaning-3d-nozzles\/#primaryimage\"},\"image\":{\"@id\":\"https:\/\/panwinjet.com\/product\/waterjet-high-pressure-industry-reactor-tank-cleaning-3d-nozzles\/#primaryimage\"},\"thumbnailUrl\":\"https:\/\/panwinjet.com\/wp-content\/uploads\/2025\/09\/Waterjet-high-pressure-industry-reactor-Tank-cleaning-3D-nozzles-2.jpg\",\"datePublished\":\"2025-09-18T04:03:53+00:00\",\"breadcrumb\":{\"@id\":\"https:\/\/panwinjet.com\/product\/waterjet-high-pressure-industry-reactor-tank-cleaning-3d-nozzles\/#breadcrumb\"},\"inLanguage\":\"fr-FR\",\"potentialAction\":[{\"@type\":\"ReadAction\",\"target\":[\"https:\/\/panwinjet.com\/product\/waterjet-high-pressure-industry-reactor-tank-cleaning-3d-nozzles\/\"]}]},{\"@type\":\"ImageObject\",\"inLanguage\":\"fr-FR\",\"@id\":\"https:\/\/panwinjet.com\/product\/waterjet-high-pressure-industry-reactor-tank-cleaning-3d-nozzles\/#primaryimage\",\"url\":\"https:\/\/panwinjet.com\/wp-content\/uploads\/2025\/09\/Waterjet-high-pressure-industry-reactor-Tank-cleaning-3D-nozzles-2.jpg\",\"contentUrl\":\"https:\/\/panwinjet.com\/wp-content\/uploads\/2025\/09\/Waterjet-high-pressure-industry-reactor-Tank-cleaning-3D-nozzles-2.jpg\",\"width\":1080,\"height\":1440},{\"@type\":\"BreadcrumbList\",\"@id\":\"https:\/\/panwinjet.com\/product\/waterjet-high-pressure-industry-reactor-tank-cleaning-3d-nozzles\/#breadcrumb\",\"itemListElement\":[{\"@type\":\"ListItem\",\"position\":1,\"name\":\"\u9996\u9875\",\"item\":\"https:\/\/panwinjet.com\/\"},{\"@type\":\"ListItem\",\"position\":2,\"name\":\"PRODUCT\",\"item\":\"https:\/\/panwinjet.com\/product\/\"},{\"@type\":\"ListItem\",\"position\":3,\"name\":\"Waterjet high pressure industry reactor Tank cleaning 3D nozzles\"}]},{\"@type\":\"WebSite\",\"@id\":\"https:\/\/panwinjet.com\/#website\",\"url\":\"https:\/\/panwinjet.com\/\",\"name\":\"Panwin Machinery&amp;Equipment\",\"description\":\"Shenzhen Panwin Machinery&amp;Equipment Co.Ltd\",\"potentialAction\":[{\"@type\":\"SearchAction\",\"target\":{\"@type\":\"EntryPoint\",\"urlTemplate\":\"https:\/\/panwinjet.com\/?s={search_term_string}\"},\"query-input\":{\"@type\":\"PropertyValueSpecification\",\"valueRequired\":true,\"valueName\":\"search_term_string\"}}],\"inLanguage\":\"fr-FR\"}]}<\/script>\n<!-- \/ Yoast SEO plugin. -->","yoast_head_json":{"title":"Waterjet high pressure industry reactor Tank cleaning 3D nozzles - Panwin Machinery&amp;Equipment","robots":{"index":"index","follow":"follow","max-snippet":"max-snippet:-1","max-image-preview":"max-image-preview:large","max-video-preview":"max-video-preview:-1"},"canonical":"https:\/\/panwinjet.com\/fr\/produit\/waterjet-high-pressure-industry-reactor-tank-cleaning-3d-nozzles\/","og_locale":"fr_FR","og_type":"article","og_title":"Waterjet high pressure industry reactor Tank cleaning 3D nozzles - Panwin Machinery&amp;Equipment","og_description":"Waterjet high pressure industry reactor Tank cleaning 3D nozzles 1.Product Introduction of Waterjet high pressure industry reactor Tank cleaning 3D nozzles Our Ultra-high pressure waterjet industry reactor Tank cleaning 3D nozzles is\u00a0designed&amp; used for\u00a0small\u00a0and\u00a0mid-size\u00a0vessel\u00a0and\u00a0tank\u00a0cleaning.  It\u00a0is\u00a0self-rotated,\u00a0driven\u00a0by\u00a0water\u00a0jetting,\u00a0covering\u00a0internal\u00a0surface\u00a0of\u00a0vessel\u00a0or\u00a0tank\u00a0in\u00a0360\".\u00a0It\u00a0is high\u00a0pressure\u00a0water\u00a0cleaning,\u00a0up\u00a0to\u00a01500bar,\u00a0more\u00a0water\u00a0saving,\u00a0better\u00a0cleaning\u00a0performance\u00a0and higher\u00a0cleaning\u00a0efficiency. It\u00a0does\u00a0not\u00a0need\u00a0any\u00a0chemical\u00a0ingredient,\u00a0no-mechanical\u00a0force,\u00a0less\u00a0cleaning\u00a0time,\u00a0less\u00a0cost\u00a0for your\u00a0cleaning\u00a0jobs.","og_url":"https:\/\/panwinjet.com\/fr\/produit\/waterjet-high-pressure-industry-reactor-tank-cleaning-3d-nozzles\/","og_site_name":"Panwin Machinery&amp;Equipment","og_image":[{"width":1080,"height":1440,"url":"https:\/\/panwinjet.com\/wp-content\/uploads\/2025\/09\/Waterjet-high-pressure-industry-reactor-Tank-cleaning-3D-nozzles-2.jpg","type":"image\/jpeg"}],"twitter_card":"summary_large_image","twitter_misc":{"Dur\u00e9e de lecture estim\u00e9e":"2 minutes"},"schema":{"@context":"https:\/\/schema.org","@graph":[{"@type":"WebPage","@id":"https:\/\/panwinjet.com\/product\/waterjet-high-pressure-industry-reactor-tank-cleaning-3d-nozzles\/","url":"https:\/\/panwinjet.com\/product\/waterjet-high-pressure-industry-reactor-tank-cleaning-3d-nozzles\/","name":"Waterjet high pressure industry reactor Tank cleaning 3D nozzles - Panwin Machinery&amp;Equipment","isPartOf":{"@id":"https:\/\/panwinjet.com\/#website"},"primaryImageOfPage":{"@id":"https:\/\/panwinjet.com\/product\/waterjet-high-pressure-industry-reactor-tank-cleaning-3d-nozzles\/#primaryimage"},"image":{"@id":"https:\/\/panwinjet.com\/product\/waterjet-high-pressure-industry-reactor-tank-cleaning-3d-nozzles\/#primaryimage"},"thumbnailUrl":"https:\/\/panwinjet.com\/wp-content\/uploads\/2025\/09\/Waterjet-high-pressure-industry-reactor-Tank-cleaning-3D-nozzles-2.jpg","datePublished":"2025-09-18T04:03:53+00:00","breadcrumb":{"@id":"https:\/\/panwinjet.com\/product\/waterjet-high-pressure-industry-reactor-tank-cleaning-3d-nozzles\/#breadcrumb"},"inLanguage":"fr-FR","potentialAction":[{"@type":"ReadAction","target":["https:\/\/panwinjet.com\/product\/waterjet-high-pressure-industry-reactor-tank-cleaning-3d-nozzles\/"]}]},{"@type":"ImageObject","inLanguage":"fr-FR","@id":"https:\/\/panwinjet.com\/product\/waterjet-high-pressure-industry-reactor-tank-cleaning-3d-nozzles\/#primaryimage","url":"https:\/\/panwinjet.com\/wp-content\/uploads\/2025\/09\/Waterjet-high-pressure-industry-reactor-Tank-cleaning-3D-nozzles-2.jpg","contentUrl":"https:\/\/panwinjet.com\/wp-content\/uploads\/2025\/09\/Waterjet-high-pressure-industry-reactor-Tank-cleaning-3D-nozzles-2.jpg","width":1080,"height":1440},{"@type":"BreadcrumbList","@id":"https:\/\/panwinjet.com\/product\/waterjet-high-pressure-industry-reactor-tank-cleaning-3d-nozzles\/#breadcrumb","itemListElement":[{"@type":"ListItem","position":1,"name":"\u9996\u9875","item":"https:\/\/panwinjet.com\/"},{"@type":"ListItem","position":2,"name":"PRODUCT","item":"https:\/\/panwinjet.com\/product\/"},{"@type":"ListItem","position":3,"name":"Waterjet high pressure industry reactor Tank cleaning 3D nozzles"}]},{"@type":"WebSite","@id":"https:\/\/panwinjet.com\/#website","url":"https:\/\/panwinjet.com\/","name":"Panwin Machinery&amp;Equipment","description":"Shenzhen Panwin Machinery&amp;Equipment Co.Ltd","potentialAction":[{"@type":"SearchAction","target":{"@type":"EntryPoint","urlTemplate":"https:\/\/panwinjet.com\/?s={search_term_string}"},"query-input":{"@type":"PropertyValueSpecification","valueRequired":true,"valueName":"search_term_string"}}],"inLanguage":"fr-FR"}]}},"_links":{"self":[{"href":"https:\/\/panwinjet.com\/fr\/wp-json\/wp\/v2\/product\/529","targetHints":{"allow":["GET"]}}],"collection":[{"href":"https:\/\/panwinjet.com\/fr\/wp-json\/wp\/v2\/product"}],"about":[{"href":"https:\/\/panwinjet.com\/fr\/wp-json\/wp\/v2\/types\/product"}],"wp:featuredmedia":[{"embeddable":true,"href":"https:\/\/panwinjet.com\/fr\/wp-json\/wp\/v2\/media\/534"}],"wp:attachment":[{"href":"https:\/\/panwinjet.com\/fr\/wp-json\/wp\/v2\/media?parent=529"}],"wp:term":[{"taxonomy":"product_brand","embeddable":true,"href":"https:\/\/panwinjet.com\/fr\/wp-json\/wp\/v2\/product_brand?post=529"},{"taxonomy":"product_cat","embeddable":true,"href":"https:\/\/panwinjet.com\/fr\/wp-json\/wp\/v2\/product_cat?post=529"},{"taxonomy":"product_tag","embeddable":true,"href":"https:\/\/panwinjet.com\/fr\/wp-json\/wp\/v2\/product_tag?post=529"}],"curies":[{"name":"wp","href":"https:\/\/api.w.org\/{rel}","templated":true}]}}