{"id":515,"date":"2025-09-18T03:52:51","date_gmt":"2025-09-18T03:52:51","guid":{"rendered":"https:\/\/panwinjet.com\/?post_type=product&#038;p=515"},"modified":"2025-09-18T03:52:51","modified_gmt":"2025-09-18T03:52:51","slug":"1-hot-sale-whole-sale-uhp-2800bar-water-pump-cleaning-road-marking-line-cleaning-truck-machine-pavement-wash-line-cleaning-equipment","status":"publish","type":"product","link":"https:\/\/panwinjet.com\/fr\/produit\/1-hot-sale-whole-sale-uhp-2800bar-water-pump-cleaning-road-marking-line-cleaning-truck-machine-pavement-wash-line-cleaning-equipment\/","title":{"rendered":"1. Pompe \u00e0 eau UHP 2800 bars en gros, en promotion, pour le nettoyage des marquages routiers, camion de nettoyage, \u00e9quipement de lavage de chauss\u00e9es"},"content":{"rendered":"<p>2. Pr\u00e9sentation du produit : Pompe \u00e0 eau UHP 2800 bars, machine de nettoyage de marquage routier, \u00e9quipement de lavage de chauss\u00e9es, vente en gros.<br \/>\n3. Le nettoyeur haute pression UHP 2800 bars, id\u00e9al pour le nettoyage des marquages routiers, utilise de l&#039;eau \u00e0 ultra-haute pression (UHP) pour \u00e9liminer les marquages sur le b\u00e9ton et l&#039;asphalte. Ses jets d&#039;eau ultra-fins peuvent m\u00eame pulv\u00e9riser les rubans de marquage temporaires. Le nettoyage haute pression minimise les marques, mais n&#039;est pas suffisamment puissant pour lisser les surfaces irr\u00e9guli\u00e8res, ni pour r\u00e9aliser des incrustations ou des rainures.<\/p>\n<p>&nbsp;<\/p>\n<p>&nbsp;<\/p>\n<p>4. Param\u00e8tres du produit (sp\u00e9cifications) de la pompe \u00e0 eau UHP 2800 bars, machine de nettoyage de marquage routier, \u00e9quipement de lavage de chauss\u00e9es, en vente en gros.<br \/>\nLe camion de nettoyage de marquages routiers, \u00e9quip\u00e9 d&#039;une pompe \u00e0 eau de 2800 bars, utilise l&#039;hydrod\u00e9capage pour un nettoyage rapide, facile et efficace, quelle que soit la couleur du marquage (rouge, blanc, jaune, etc.). Ce syst\u00e8me de jet d&#039;eau \u00e0 commande \u00e9lectronique de pointe \u00e9limine les marquages gr\u00e2ce \u00e0 un mouvement de va-et-vient propulsant l&#039;eau \u00e0 ultra-haute pression. Caract\u00e9ristiques techniques ci-dessous\u00a0:<br \/>\nDispositif de nettoyage manuel UHP pour le d\u00e9capage de la peinture des jantes de v\u00e9hicules routiers et de navires. Pression maximale\u00a0: 2\u00a0800\u00a0bars. Largeur de d\u00e9capage\u00a0: 250\u00a0mm et 320\u00a0mm. D\u00e9bit maximal\u00a0: 45\u00a0l\/min. 4\u00a0t\u00eates rotatives. 12\u00a0buses \u00e0 insertion M10. Raccordement au r\u00e9servoir de recyclage.<\/p>","protected":false},"excerpt":{"rendered":"<ol>\n<li><b><\/b><strong><b>Caract\u00e9ristiques et applications du produit <\/b><\/strong><strong><b>2800 bars <\/b><\/strong><strong><b>Nettoyage des lignes de marquage routier par pompe \u00e0 eau, camion-machine de nettoyage de chauss\u00e9es, \u00e9quipement de nettoyage de lignes de marquage au sol<\/b><\/strong><strong><b>t<\/b><\/strong><\/li>\n<\/ol>\n<p>Notre <strong><b>2800 bars <\/b><\/strong><strong><b>Nettoyage des lignes de marquage routier par pompe \u00e0 eau, camion-machine de nettoyage de chauss\u00e9es, \u00e9quipement de nettoyage de lignes de marquage au sol<\/b><\/strong><strong><b>t<\/b><\/strong><\/p>\n<p>Le nettoyage \u00e0 l&#039;eau sous pression permet d&#039;\u00e9liminer rapidement et efficacement les marques, plus rapidement et plus compl\u00e8tement que les m\u00e9thodes abrasives.<\/p>\n<p>Avantages et caract\u00e9ristiques\u00a0:<\/p>\n<p>Avantages de l&#039;utilisation du nettoyage \u00e0 haute pression\/hydrojet pour le nettoyage des marquages routiers<\/p>\n<p>&nbsp;<\/p>\n<ul>\n<li>Aucun additif chimique ni mat\u00e9riau abrasif n&#039;est utilis\u00e9 lors du nettoyage hydrodynamique.<\/li>\n<\/ul>\n<p>&nbsp;<\/p>\n<ul>\n<li>Aucune fum\u00e9e, ni poussi\u00e8re n&#039;est g\u00e9n\u00e9r\u00e9e et l&#039;environnement est pr\u00e9serv\u00e9.<\/li>\n<\/ul>\n<p>&nbsp;<\/p>\n<p>Les niveaux de bruit sont nettement inf\u00e9rieurs aux techniques traditionnelles d&#039;enl\u00e8vement du marquage routier.<\/p>\n<p>E : L&#039;ext\u00e9rieur de la buse est recouvert d&#039;une couche de mat\u00e9riau sp\u00e9cial pour prolonger sa dur\u00e9e de vie et pr\u00e9sente de multiples motifs poreux pour r\u00e9pondre \u00e0 diff\u00e9rentes exigences de fonctionnement.<\/p>\n<p>&nbsp;<\/p>\n<p>&nbsp;<\/p>\n<p>Application:<\/p>\n<p>Industrie de la construction par hydrod\u00e9capage \u00e0 haute pression<\/p>\n<p>Industrie du fer, de l&#039;acier et des m\u00e9taux : sablage hydrodynamique<\/p>\n<p>Ing\u00e9nierie m\u00e9canique et des appareils pour nettoyeurs haute pression<\/p>\n<p>Industrie du ciment et du b\u00e9ton<\/p>\n<p>Nettoyage de surface haute pression Barracuda<\/p>\n<p>pi\u00e8ces d&#039;\u00e9quipement de nettoyage \u00e0 jet d&#039;eau ultra-haute pression<\/p>\n<p>Barres de pulv\u00e9risation pour le nettoyage industriel<\/p>\n<p>Machine de nettoyage \u00e0 haute pression pour l&#039;industrie du raffinage du p\u00e9trole<\/p>\n<p>Nettoyage de surfaces par hydrojet, nettoyage de r\u00e9servoirs et de cuves,<\/p>\n<p>Nettoyage de l&#039;\u00e9changeur de chaleur,<\/p>\n<p>Nettoyage de v\u00e9hicules (peinture), nettoyage pour l&#039;industrie mini\u00e8re, nettoyage pour la fabrication d&#039;acier, etc.<\/p>\n<p>\u00c9quipement de nettoyage des \u00e9gouts \u00e0 haute pression pour les r\u00e9seaux de canalisations municipales d&#039;adduction d&#039;eau et de drainage\u00a0;<\/p>","protected":false},"featured_media":522,"template":"","meta":[],"product_brand":[],"product_cat":[11],"product_tag":[],"class_list":{"0":"post-515","1":"product","2":"type-product","3":"status-publish","4":"has-post-thumbnail","6":"product_cat-ship-cleaning-device","8":"first","9":"instock","10":"shipping-taxable","11":"product-type-simple"},"yoast_head":"<!-- This site is optimized with the Yoast SEO plugin v24.9 - https:\/\/yoast.com\/wordpress\/plugins\/seo\/ -->\n<title>1.Hot Sale Whole Sale UHP 2800Bar Water Pump Cleaning Road Marking Line Cleaning Truck Machine Pavement Wash Line Cleaning Equipment - Panwin Machinery&amp;Equipment<\/title>\n<meta name=\"robots\" content=\"index, follow, max-snippet:-1, max-image-preview:large, max-video-preview:-1\" \/>\n<link rel=\"canonical\" href=\"https:\/\/panwinjet.com\/fr\/produit\/1-hot-sale-whole-sale-uhp-2800bar-water-pump-cleaning-road-marking-line-cleaning-truck-machine-pavement-wash-line-cleaning-equipment\/\" \/>\n<meta property=\"og:locale\" content=\"fr_FR\" \/>\n<meta property=\"og:type\" content=\"article\" \/>\n<meta property=\"og:title\" content=\"1.Hot Sale Whole Sale UHP 2800Bar Water Pump Cleaning Road Marking Line Cleaning Truck Machine Pavement Wash Line Cleaning Equipment - Panwin Machinery&amp;Equipment\" \/>\n<meta property=\"og:description\" content=\"Product Feature And Application of 2800Bar Water Pump Cleaning Road Marking Line Cleaning Truck Machine Pavement Wash Line Cleaning Equipment  Our 2800Bar Water Pump Cleaning Road Marking Line Cleaning Truck Machine Pavement Wash Line Cleaning Equipment  is used for Water blasting quickly removes markings faster and more thoroughly than abrasive methods  Advantages and features:  Advantages of using water blasting\/hydro jetting for road marking cleaningmachine  &nbsp;   No chemicals additives or abrasive materials are used during hydro blasting  &nbsp;   No fumes, smoke or dust is generated and environmental  &nbsp;  . Noise levels are quite lower than traditional road marking removal techniques  E:The outside of the nozzle is coated with a special material layer to extend its service life, and has multiple porous patterns to meet different operating requirements.  &nbsp;  &nbsp;  Application:  UHP Water Blasting Construction Industry  Hydro Jet blaster Iron, Steel And Metal Industry  high pressure waterblaster\u00a0Mechanical\u00a0and Apparatus Engineering  Cements and Concrete Industry  high pressure barracuda\u00a0Surface cleaning  UHP hydro Jet cleaning equipment parts  Industrial Cleaning Spray Bars  hydro blasting machine for petroleum refining industry  Hydro Jet Surface Cleaning,Tank&amp;Vessel Cleaning,  Heat Exchange Cleaning,  Automotive Painting cleaning Mining industry cleaning Steel manufacture cleaning etc.  High pressure sewer cleaning equipment for municipal pipe networks water supply and drainage pipelines;\" \/>\n<meta property=\"og:url\" content=\"https:\/\/panwinjet.com\/fr\/produit\/1-hot-sale-whole-sale-uhp-2800bar-water-pump-cleaning-road-marking-line-cleaning-truck-machine-pavement-wash-line-cleaning-equipment\/\" \/>\n<meta property=\"og:site_name\" content=\"Panwin Machinery&amp;Equipment\" \/>\n<meta property=\"og:image\" content=\"https:\/\/panwinjet.com\/wp-content\/uploads\/2025\/09\/\u5c0f\u63a8\u8f667.jpg\" \/>\n\t<meta property=\"og:image:width\" content=\"1706\" \/>\n\t<meta property=\"og:image:height\" content=\"1279\" \/>\n\t<meta property=\"og:image:type\" content=\"image\/jpeg\" \/>\n<meta name=\"twitter:card\" content=\"summary_large_image\" \/>\n<meta name=\"twitter:label1\" content=\"Dur\u00e9e de lecture estim\u00e9e\" \/>\n\t<meta name=\"twitter:data1\" content=\"2 minutes\" \/>\n<script type=\"application\/ld+json\" class=\"yoast-schema-graph\">{\"@context\":\"https:\/\/schema.org\",\"@graph\":[{\"@type\":\"WebPage\",\"@id\":\"https:\/\/panwinjet.com\/product\/1-hot-sale-whole-sale-uhp-2800bar-water-pump-cleaning-road-marking-line-cleaning-truck-machine-pavement-wash-line-cleaning-equipment\/\",\"url\":\"https:\/\/panwinjet.com\/product\/1-hot-sale-whole-sale-uhp-2800bar-water-pump-cleaning-road-marking-line-cleaning-truck-machine-pavement-wash-line-cleaning-equipment\/\",\"name\":\"1.Hot Sale Whole Sale UHP 2800Bar Water Pump Cleaning Road Marking Line Cleaning Truck Machine Pavement Wash Line Cleaning Equipment - Panwin Machinery&amp;Equipment\",\"isPartOf\":{\"@id\":\"https:\/\/panwinjet.com\/#website\"},\"primaryImageOfPage\":{\"@id\":\"https:\/\/panwinjet.com\/product\/1-hot-sale-whole-sale-uhp-2800bar-water-pump-cleaning-road-marking-line-cleaning-truck-machine-pavement-wash-line-cleaning-equipment\/#primaryimage\"},\"image\":{\"@id\":\"https:\/\/panwinjet.com\/product\/1-hot-sale-whole-sale-uhp-2800bar-water-pump-cleaning-road-marking-line-cleaning-truck-machine-pavement-wash-line-cleaning-equipment\/#primaryimage\"},\"thumbnailUrl\":\"https:\/\/panwinjet.com\/wp-content\/uploads\/2025\/09\/\u5c0f\u63a8\u8f667.jpg\",\"datePublished\":\"2025-09-18T03:52:51+00:00\",\"breadcrumb\":{\"@id\":\"https:\/\/panwinjet.com\/product\/1-hot-sale-whole-sale-uhp-2800bar-water-pump-cleaning-road-marking-line-cleaning-truck-machine-pavement-wash-line-cleaning-equipment\/#breadcrumb\"},\"inLanguage\":\"fr-FR\",\"potentialAction\":[{\"@type\":\"ReadAction\",\"target\":[\"https:\/\/panwinjet.com\/product\/1-hot-sale-whole-sale-uhp-2800bar-water-pump-cleaning-road-marking-line-cleaning-truck-machine-pavement-wash-line-cleaning-equipment\/\"]}]},{\"@type\":\"ImageObject\",\"inLanguage\":\"fr-FR\",\"@id\":\"https:\/\/panwinjet.com\/product\/1-hot-sale-whole-sale-uhp-2800bar-water-pump-cleaning-road-marking-line-cleaning-truck-machine-pavement-wash-line-cleaning-equipment\/#primaryimage\",\"url\":\"https:\/\/panwinjet.com\/wp-content\/uploads\/2025\/09\/\u5c0f\u63a8\u8f667.jpg\",\"contentUrl\":\"https:\/\/panwinjet.com\/wp-content\/uploads\/2025\/09\/\u5c0f\u63a8\u8f667.jpg\",\"width\":1706,\"height\":1279},{\"@type\":\"BreadcrumbList\",\"@id\":\"https:\/\/panwinjet.com\/product\/1-hot-sale-whole-sale-uhp-2800bar-water-pump-cleaning-road-marking-line-cleaning-truck-machine-pavement-wash-line-cleaning-equipment\/#breadcrumb\",\"itemListElement\":[{\"@type\":\"ListItem\",\"position\":1,\"name\":\"\u9996\u9875\",\"item\":\"https:\/\/panwinjet.com\/\"},{\"@type\":\"ListItem\",\"position\":2,\"name\":\"PRODUCT\",\"item\":\"https:\/\/panwinjet.com\/product\/\"},{\"@type\":\"ListItem\",\"position\":3,\"name\":\"1.Hot Sale Whole Sale UHP 2800Bar Water Pump Cleaning Road Marking Line Cleaning Truck Machine Pavement Wash Line Cleaning Equipment\"}]},{\"@type\":\"WebSite\",\"@id\":\"https:\/\/panwinjet.com\/#website\",\"url\":\"https:\/\/panwinjet.com\/\",\"name\":\"Panwin Machinery&amp;Equipment\",\"description\":\"Shenzhen Panwin Machinery&amp;Equipment Co.Ltd\",\"potentialAction\":[{\"@type\":\"SearchAction\",\"target\":{\"@type\":\"EntryPoint\",\"urlTemplate\":\"https:\/\/panwinjet.com\/?s={search_term_string}\"},\"query-input\":{\"@type\":\"PropertyValueSpecification\",\"valueRequired\":true,\"valueName\":\"search_term_string\"}}],\"inLanguage\":\"fr-FR\"}]}<\/script>\n<!-- \/ Yoast SEO plugin. -->","yoast_head_json":{"title":"1.Hot Sale Whole Sale UHP 2800Bar Water Pump Cleaning Road Marking Line Cleaning Truck Machine Pavement Wash Line Cleaning Equipment - Panwin Machinery&amp;Equipment","robots":{"index":"index","follow":"follow","max-snippet":"max-snippet:-1","max-image-preview":"max-image-preview:large","max-video-preview":"max-video-preview:-1"},"canonical":"https:\/\/panwinjet.com\/fr\/produit\/1-hot-sale-whole-sale-uhp-2800bar-water-pump-cleaning-road-marking-line-cleaning-truck-machine-pavement-wash-line-cleaning-equipment\/","og_locale":"fr_FR","og_type":"article","og_title":"1.Hot Sale Whole Sale UHP 2800Bar Water Pump Cleaning Road Marking Line Cleaning Truck Machine Pavement Wash Line Cleaning Equipment - Panwin Machinery&amp;Equipment","og_description":"Product Feature And Application of 2800Bar Water Pump Cleaning Road Marking Line Cleaning Truck Machine Pavement Wash Line Cleaning Equipment  Our 2800Bar Water Pump Cleaning Road Marking Line Cleaning Truck Machine Pavement Wash Line Cleaning Equipment  is used for Water blasting quickly removes markings faster and more thoroughly than abrasive methods  Advantages and features:  Advantages of using water blasting\/hydro jetting for road marking cleaningmachine  &nbsp;   No chemicals additives or abrasive materials are used during hydro blasting  &nbsp;   No fumes, smoke or dust is generated and environmental  &nbsp;  . Noise levels are quite lower than traditional road marking removal techniques  E:The outside of the nozzle is coated with a special material layer to extend its service life, and has multiple porous patterns to meet different operating requirements.  &nbsp;  &nbsp;  Application:  UHP Water Blasting Construction Industry  Hydro Jet blaster Iron, Steel And Metal Industry  high pressure waterblaster\u00a0Mechanical\u00a0and Apparatus Engineering  Cements and Concrete Industry  high pressure barracuda\u00a0Surface cleaning  UHP hydro Jet cleaning equipment parts  Industrial Cleaning Spray Bars  hydro blasting machine for petroleum refining industry  Hydro Jet Surface Cleaning,Tank&amp;Vessel Cleaning,  Heat Exchange Cleaning,  Automotive Painting cleaning Mining industry cleaning Steel manufacture cleaning etc.  High pressure sewer cleaning equipment for municipal pipe networks water supply and drainage pipelines;","og_url":"https:\/\/panwinjet.com\/fr\/produit\/1-hot-sale-whole-sale-uhp-2800bar-water-pump-cleaning-road-marking-line-cleaning-truck-machine-pavement-wash-line-cleaning-equipment\/","og_site_name":"Panwin Machinery&amp;Equipment","og_image":[{"width":1706,"height":1279,"url":"https:\/\/panwinjet.com\/wp-content\/uploads\/2025\/09\/\u5c0f\u63a8\u8f667.jpg","type":"image\/jpeg"}],"twitter_card":"summary_large_image","twitter_misc":{"Dur\u00e9e de lecture estim\u00e9e":"2 minutes"},"schema":{"@context":"https:\/\/schema.org","@graph":[{"@type":"WebPage","@id":"https:\/\/panwinjet.com\/product\/1-hot-sale-whole-sale-uhp-2800bar-water-pump-cleaning-road-marking-line-cleaning-truck-machine-pavement-wash-line-cleaning-equipment\/","url":"https:\/\/panwinjet.com\/product\/1-hot-sale-whole-sale-uhp-2800bar-water-pump-cleaning-road-marking-line-cleaning-truck-machine-pavement-wash-line-cleaning-equipment\/","name":"1.Hot Sale Whole Sale UHP 2800Bar Water Pump Cleaning Road Marking Line Cleaning Truck Machine Pavement Wash Line Cleaning Equipment - Panwin Machinery&amp;Equipment","isPartOf":{"@id":"https:\/\/panwinjet.com\/#website"},"primaryImageOfPage":{"@id":"https:\/\/panwinjet.com\/product\/1-hot-sale-whole-sale-uhp-2800bar-water-pump-cleaning-road-marking-line-cleaning-truck-machine-pavement-wash-line-cleaning-equipment\/#primaryimage"},"image":{"@id":"https:\/\/panwinjet.com\/product\/1-hot-sale-whole-sale-uhp-2800bar-water-pump-cleaning-road-marking-line-cleaning-truck-machine-pavement-wash-line-cleaning-equipment\/#primaryimage"},"thumbnailUrl":"https:\/\/panwinjet.com\/wp-content\/uploads\/2025\/09\/\u5c0f\u63a8\u8f667.jpg","datePublished":"2025-09-18T03:52:51+00:00","breadcrumb":{"@id":"https:\/\/panwinjet.com\/product\/1-hot-sale-whole-sale-uhp-2800bar-water-pump-cleaning-road-marking-line-cleaning-truck-machine-pavement-wash-line-cleaning-equipment\/#breadcrumb"},"inLanguage":"fr-FR","potentialAction":[{"@type":"ReadAction","target":["https:\/\/panwinjet.com\/product\/1-hot-sale-whole-sale-uhp-2800bar-water-pump-cleaning-road-marking-line-cleaning-truck-machine-pavement-wash-line-cleaning-equipment\/"]}]},{"@type":"ImageObject","inLanguage":"fr-FR","@id":"https:\/\/panwinjet.com\/product\/1-hot-sale-whole-sale-uhp-2800bar-water-pump-cleaning-road-marking-line-cleaning-truck-machine-pavement-wash-line-cleaning-equipment\/#primaryimage","url":"https:\/\/panwinjet.com\/wp-content\/uploads\/2025\/09\/\u5c0f\u63a8\u8f667.jpg","contentUrl":"https:\/\/panwinjet.com\/wp-content\/uploads\/2025\/09\/\u5c0f\u63a8\u8f667.jpg","width":1706,"height":1279},{"@type":"BreadcrumbList","@id":"https:\/\/panwinjet.com\/product\/1-hot-sale-whole-sale-uhp-2800bar-water-pump-cleaning-road-marking-line-cleaning-truck-machine-pavement-wash-line-cleaning-equipment\/#breadcrumb","itemListElement":[{"@type":"ListItem","position":1,"name":"\u9996\u9875","item":"https:\/\/panwinjet.com\/"},{"@type":"ListItem","position":2,"name":"PRODUCT","item":"https:\/\/panwinjet.com\/product\/"},{"@type":"ListItem","position":3,"name":"1.Hot Sale Whole Sale UHP 2800Bar Water Pump Cleaning Road Marking Line Cleaning Truck Machine Pavement Wash Line Cleaning Equipment"}]},{"@type":"WebSite","@id":"https:\/\/panwinjet.com\/#website","url":"https:\/\/panwinjet.com\/","name":"Panwin Machinery&amp;Equipment","description":"Shenzhen Panwin Machinery&amp;Equipment Co.Ltd","potentialAction":[{"@type":"SearchAction","target":{"@type":"EntryPoint","urlTemplate":"https:\/\/panwinjet.com\/?s={search_term_string}"},"query-input":{"@type":"PropertyValueSpecification","valueRequired":true,"valueName":"search_term_string"}}],"inLanguage":"fr-FR"}]}},"_links":{"self":[{"href":"https:\/\/panwinjet.com\/fr\/wp-json\/wp\/v2\/product\/515","targetHints":{"allow":["GET"]}}],"collection":[{"href":"https:\/\/panwinjet.com\/fr\/wp-json\/wp\/v2\/product"}],"about":[{"href":"https:\/\/panwinjet.com\/fr\/wp-json\/wp\/v2\/types\/product"}],"wp:featuredmedia":[{"embeddable":true,"href":"https:\/\/panwinjet.com\/fr\/wp-json\/wp\/v2\/media\/522"}],"wp:attachment":[{"href":"https:\/\/panwinjet.com\/fr\/wp-json\/wp\/v2\/media?parent=515"}],"wp:term":[{"taxonomy":"product_brand","embeddable":true,"href":"https:\/\/panwinjet.com\/fr\/wp-json\/wp\/v2\/product_brand?post=515"},{"taxonomy":"product_cat","embeddable":true,"href":"https:\/\/panwinjet.com\/fr\/wp-json\/wp\/v2\/product_cat?post=515"},{"taxonomy":"product_tag","embeddable":true,"href":"https:\/\/panwinjet.com\/fr\/wp-json\/wp\/v2\/product_tag?post=515"}],"curies":[{"name":"wp","href":"https:\/\/api.w.org\/{rel}","templated":true}]}}